{"id":5690,"date":"2026-02-11T05:51:55","date_gmt":"2026-02-11T07:51:55","guid":{"rendered":"https:\/\/www.ludoturris.lt\/?post_type=product&#038;p=5690"},"modified":"2026-02-11T06:09:34","modified_gmt":"2026-02-11T08:09:34","slug":"muilo-burbulu-heroju-12vnt-rinkinys","status":"publish","type":"product","link":"https:\/\/www.ludoturris.lt\/en\/product\/muilo-burbulu-heroju-12vnt-rinkinys\/","title":{"rendered":"Muilo burbul\u0173 heroj\u0173 12vnt rinkinys"},"content":{"rendered":"<p>Rekomenduojamas am\u017eius: nuo 3 met\u0173. Nei\u0161siliejantys muilo burbulai d\u0117l \u012fmontuotos apsaugos nuo i\u0161siliejimo sistemos kei\u010dia \u017eaidimus su burbulais. Net jei buteliukas apverstas auk\u0161tyn kojomis, 30 ml burbul\u0173 skys\u010dio saugiai lieka viduje \u2013 nevarva, netepa, rankos nelips. \u0160aun\u016bs \u201eAnimal-Hero\u201c dizainai patraukia vaik\u0173 ak\u012f. Puikiai tinka \u017eaisti tiek viduje, tiek lauke, namuose ar keliaujant. Burbul\u0173 buteliukai puikiai tinka kaip vakar\u0117lio dovan\u0117l\u0117s, apgalvotas produktas, kuris d\u017eiugina t\u0117vus, o vaikus linksmina. Kilm\u0117s \u0161alis: Vokietija<\/p>","protected":false},"excerpt":{"rendered":"<p>Rekomenduojamas am\u017eius: nuo 3 met\u0173. Nei\u0161siliejantys muilo burbulai d\u0117l \u012fmontuotos apsaugos nuo i\u0161siliejimo sistemos kei\u010dia \u017eaidimus su burbulais. Net jei buteliukas apverstas auk\u0161tyn kojomis, 30 ml burbul\u0173 skys\u010dio saugiai lieka viduje \u2013 nevarva, netepa, rankos nelips. \u0160aun\u016bs \u201eAnimal-Hero\u201c dizainai patraukia vaik\u0173 ak\u012f. Puikiai tinka \u017eaisti tiek viduje, tiek lauke, namuose ar keliaujant. Burbul\u0173 buteliukai puikiai &hellip;<\/p>\n<p class=\"read-more\"> <a class=\"\" href=\"https:\/\/www.ludoturris.lt\/en\/product\/muilo-burbulu-heroju-12vnt-rinkinys\/\"> <span class=\"screen-reader-text\">Muilo burbul\u0173 heroj\u0173 12vnt rinkinys<\/span> Read More &raquo;<\/a><\/p>","protected":false},"featured_media":5691,"template":"","meta":{"_uag_custom_page_level_css":"","_themeisle_gutenberg_block_has_review":false},"product_cat":[95,69,93],"product_tag":[],"yoast_head":"<!-- This site is optimized with the Yoast SEO plugin v21.1 - https:\/\/yoast.com\/wordpress\/plugins\/seo\/ -->\n<title>Muilo burbul\u0173 heroj\u0173 12vnt rinkinys - Ludo Turris<\/title>\n<meta name=\"description\" content=\"Muilo burbul\u0173 heroj\u0173 rinkinys 12\u202fvnt \u2013 smagus ir spalvingas \u017eaislas vaikams, skatinantis jud\u0117jim\u0105, k\u016brybi\u0161kum\u0105 ir lauko \u017eaidimus.\" \/>\n<meta name=\"robots\" content=\"index, follow, max-snippet:-1, max-image-preview:large, max-video-preview:-1\" \/>\n<link rel=\"canonical\" href=\"https:\/\/www.ludoturris.lt\/en\/product\/muilo-burbulu-heroju-12vnt-rinkinys\/\" \/>\n<meta property=\"og:locale\" content=\"en_GB\" \/>\n<meta property=\"og:type\" content=\"article\" \/>\n<meta property=\"og:title\" content=\"Muilo burbul\u0173 heroj\u0173 12vnt rinkinys - Ludo Turris\" \/>\n<meta property=\"og:description\" content=\"Muilo burbul\u0173 heroj\u0173 rinkinys 12\u202fvnt \u2013 smagus ir spalvingas \u017eaislas vaikams, skatinantis jud\u0117jim\u0105, k\u016brybi\u0161kum\u0105 ir lauko \u017eaidimus.\" \/>\n<meta property=\"og:url\" content=\"https:\/\/www.ludoturris.lt\/en\/product\/muilo-burbulu-heroju-12vnt-rinkinys\/\" \/>\n<meta property=\"og:site_name\" content=\"Ludo Turris\" \/>\n<meta property=\"article:publisher\" content=\"https:\/\/www.facebook.com\/Ludo-Turris-621921974895920\/\" \/>\n<meta property=\"article:modified_time\" content=\"2026-02-11T08:09:34+00:00\" \/>\n<meta property=\"og:image\" content=\"https:\/\/www.ludoturris.lt\/wp-content\/uploads\/2026\/02\/A60622.png\" \/>\n\t<meta property=\"og:image:width\" content=\"1000\" \/>\n\t<meta property=\"og:image:height\" content=\"1000\" \/>\n\t<meta property=\"og:image:type\" content=\"image\/png\" \/>\n<meta name=\"twitter:card\" content=\"summary_large_image\" \/>\n<meta name=\"twitter:label1\" content=\"Estimated reading time\" \/>\n\t<meta name=\"twitter:data1\" content=\"1 minute\" \/>\n<script type=\"application\/ld+json\" class=\"yoast-schema-graph\">{\"@context\":\"https:\/\/schema.org\",\"@graph\":[{\"@type\":\"WebPage\",\"@id\":\"https:\/\/www.ludoturris.lt\/produktas\/muilo-burbulu-heroju-12vnt-rinkinys\/\",\"url\":\"https:\/\/www.ludoturris.lt\/produktas\/muilo-burbulu-heroju-12vnt-rinkinys\/\",\"name\":\"Muilo burbul\u0173 heroj\u0173 12vnt rinkinys - Ludo Turris\",\"isPartOf\":{\"@id\":\"https:\/\/www.ludoturris.lt\/#website\"},\"datePublished\":\"2026-02-11T07:51:55+00:00\",\"dateModified\":\"2026-02-11T08:09:34+00:00\",\"description\":\"Muilo burbul\u0173 heroj\u0173 rinkinys 12\u202fvnt \u2013 smagus ir spalvingas \u017eaislas vaikams, skatinantis jud\u0117jim\u0105, k\u016brybi\u0161kum\u0105 ir lauko \u017eaidimus.\",\"breadcrumb\":{\"@id\":\"https:\/\/www.ludoturris.lt\/produktas\/muilo-burbulu-heroju-12vnt-rinkinys\/#breadcrumb\"},\"inLanguage\":\"en-GB\",\"potentialAction\":[{\"@type\":\"ReadAction\",\"target\":[\"https:\/\/www.ludoturris.lt\/produktas\/muilo-burbulu-heroju-12vnt-rinkinys\/\"]}]},{\"@type\":\"BreadcrumbList\",\"@id\":\"https:\/\/www.ludoturris.lt\/produktas\/muilo-burbulu-heroju-12vnt-rinkinys\/#breadcrumb\",\"itemListElement\":[{\"@type\":\"ListItem\",\"position\":1,\"name\":\"Home\",\"item\":\"https:\/\/www.ludoturris.lt\/\"},{\"@type\":\"ListItem\",\"position\":2,\"name\":\"Parduotuv\u0117\",\"item\":\"https:\/\/www.ludoturris.lt\/parduotuve\/\"},{\"@type\":\"ListItem\",\"position\":3,\"name\":\"Muilo burbul\u0173 heroj\u0173 12vnt rinkinys\"}]},{\"@type\":\"WebSite\",\"@id\":\"https:\/\/www.ludoturris.lt\/#website\",\"url\":\"https:\/\/www.ludoturris.lt\/\",\"name\":\"Ludo Turris\",\"description\":\"K\u016brybi\u0161kum\u0105 ir fantazij\u0105 lavinan\u010dios kalad\u0117l\u0117s\",\"publisher\":{\"@id\":\"https:\/\/www.ludoturris.lt\/#organization\"},\"potentialAction\":[{\"@type\":\"SearchAction\",\"target\":{\"@type\":\"EntryPoint\",\"urlTemplate\":\"https:\/\/www.ludoturris.lt\/?s={search_term_string}\"},\"query-input\":\"required name=search_term_string\"}],\"inLanguage\":\"en-GB\"},{\"@type\":\"Organization\",\"@id\":\"https:\/\/www.ludoturris.lt\/#organization\",\"name\":\"Ludo Turris \u2013 Vakar\u0173 gama, UAB\",\"url\":\"https:\/\/www.ludoturris.lt\/\",\"logo\":{\"@type\":\"ImageObject\",\"inLanguage\":\"en-GB\",\"@id\":\"https:\/\/www.ludoturris.lt\/#\/schema\/logo\/image\/\",\"url\":\"https:\/\/www.ludoturris.lt\/wp-content\/uploads\/2020\/10\/logo@2x.png\",\"contentUrl\":\"https:\/\/www.ludoturris.lt\/wp-content\/uploads\/2020\/10\/logo@2x.png\",\"width\":300,\"height\":147,\"caption\":\"Ludo Turris \u2013 Vakar\u0173 gama, UAB\"},\"image\":{\"@id\":\"https:\/\/www.ludoturris.lt\/#\/schema\/logo\/image\/\"},\"sameAs\":[\"https:\/\/www.facebook.com\/Ludo-Turris-621921974895920\/\",\"https:\/\/www.youtube.com\/channel\/UCuBACq67N1NGC9LVudo4ngw\"]}]}<\/script>\n<!-- \/ Yoast SEO plugin. -->","yoast_head_json":{"title":"Muilo burbul\u0173 heroj\u0173 12vnt rinkinys - Ludo Turris","description":"Muilo burbul\u0173 heroj\u0173 rinkinys 12\u202fvnt \u2013 smagus ir spalvingas \u017eaislas vaikams, skatinantis jud\u0117jim\u0105, k\u016brybi\u0161kum\u0105 ir lauko \u017eaidimus.","robots":{"index":"index","follow":"follow","max-snippet":"max-snippet:-1","max-image-preview":"max-image-preview:large","max-video-preview":"max-video-preview:-1"},"canonical":"https:\/\/www.ludoturris.lt\/en\/product\/muilo-burbulu-heroju-12vnt-rinkinys\/","og_locale":"en_GB","og_type":"article","og_title":"Muilo burbul\u0173 heroj\u0173 12vnt rinkinys - Ludo Turris","og_description":"Muilo burbul\u0173 heroj\u0173 rinkinys 12\u202fvnt \u2013 smagus ir spalvingas \u017eaislas vaikams, skatinantis jud\u0117jim\u0105, k\u016brybi\u0161kum\u0105 ir lauko \u017eaidimus.","og_url":"https:\/\/www.ludoturris.lt\/en\/product\/muilo-burbulu-heroju-12vnt-rinkinys\/","og_site_name":"Ludo Turris","article_publisher":"https:\/\/www.facebook.com\/Ludo-Turris-621921974895920\/","article_modified_time":"2026-02-11T08:09:34+00:00","og_image":[{"width":1000,"height":1000,"url":"https:\/\/www.ludoturris.lt\/wp-content\/uploads\/2026\/02\/A60622.png","type":"image\/png"}],"twitter_card":"summary_large_image","twitter_misc":{"Estimated reading time":"1 minute"},"schema":{"@context":"https:\/\/schema.org","@graph":[{"@type":"WebPage","@id":"https:\/\/www.ludoturris.lt\/produktas\/muilo-burbulu-heroju-12vnt-rinkinys\/","url":"https:\/\/www.ludoturris.lt\/produktas\/muilo-burbulu-heroju-12vnt-rinkinys\/","name":"Muilo burbul\u0173 heroj\u0173 12vnt rinkinys - Ludo Turris","isPartOf":{"@id":"https:\/\/www.ludoturris.lt\/#website"},"datePublished":"2026-02-11T07:51:55+00:00","dateModified":"2026-02-11T08:09:34+00:00","description":"Muilo burbul\u0173 heroj\u0173 rinkinys 12\u202fvnt \u2013 smagus ir spalvingas \u017eaislas vaikams, skatinantis jud\u0117jim\u0105, k\u016brybi\u0161kum\u0105 ir lauko \u017eaidimus.","breadcrumb":{"@id":"https:\/\/www.ludoturris.lt\/produktas\/muilo-burbulu-heroju-12vnt-rinkinys\/#breadcrumb"},"inLanguage":"en-GB","potentialAction":[{"@type":"ReadAction","target":["https:\/\/www.ludoturris.lt\/produktas\/muilo-burbulu-heroju-12vnt-rinkinys\/"]}]},{"@type":"BreadcrumbList","@id":"https:\/\/www.ludoturris.lt\/produktas\/muilo-burbulu-heroju-12vnt-rinkinys\/#breadcrumb","itemListElement":[{"@type":"ListItem","position":1,"name":"Home","item":"https:\/\/www.ludoturris.lt\/"},{"@type":"ListItem","position":2,"name":"Parduotuv\u0117","item":"https:\/\/www.ludoturris.lt\/parduotuve\/"},{"@type":"ListItem","position":3,"name":"Muilo burbul\u0173 heroj\u0173 12vnt rinkinys"}]},{"@type":"WebSite","@id":"https:\/\/www.ludoturris.lt\/#website","url":"https:\/\/www.ludoturris.lt\/","name":"Ludo Turris","description":"K\u016brybi\u0161kum\u0105 ir fantazij\u0105 lavinan\u010dios kalad\u0117l\u0117s","publisher":{"@id":"https:\/\/www.ludoturris.lt\/#organization"},"potentialAction":[{"@type":"SearchAction","target":{"@type":"EntryPoint","urlTemplate":"https:\/\/www.ludoturris.lt\/?s={search_term_string}"},"query-input":"required name=search_term_string"}],"inLanguage":"en-GB"},{"@type":"Organization","@id":"https:\/\/www.ludoturris.lt\/#organization","name":"Ludo Turris \u2013 Vakar\u0173 gama, UAB","url":"https:\/\/www.ludoturris.lt\/","logo":{"@type":"ImageObject","inLanguage":"en-GB","@id":"https:\/\/www.ludoturris.lt\/#\/schema\/logo\/image\/","url":"https:\/\/www.ludoturris.lt\/wp-content\/uploads\/2020\/10\/logo@2x.png","contentUrl":"https:\/\/www.ludoturris.lt\/wp-content\/uploads\/2020\/10\/logo@2x.png","width":300,"height":147,"caption":"Ludo Turris \u2013 Vakar\u0173 gama, UAB"},"image":{"@id":"https:\/\/www.ludoturris.lt\/#\/schema\/logo\/image\/"},"sameAs":["https:\/\/www.facebook.com\/Ludo-Turris-621921974895920\/","https:\/\/www.youtube.com\/channel\/UCuBACq67N1NGC9LVudo4ngw"]}]}},"uagb_featured_image_src":{"full":["https:\/\/www.ludoturris.lt\/wp-content\/uploads\/2026\/02\/A60622.png",1000,1000,false],"thumbnail":["https:\/\/www.ludoturris.lt\/wp-content\/uploads\/2026\/02\/A60622-150x150.png",150,150,true],"medium":["https:\/\/www.ludoturris.lt\/wp-content\/uploads\/2026\/02\/A60622-300x300.png",300,300,true],"medium_large":["https:\/\/www.ludoturris.lt\/wp-content\/uploads\/2026\/02\/A60622-768x768.png",768,768,true],"large":["https:\/\/www.ludoturris.lt\/wp-content\/uploads\/2026\/02\/A60622.png",1000,1000,false],"1536x1536":["https:\/\/www.ludoturris.lt\/wp-content\/uploads\/2026\/02\/A60622.png",1000,1000,false],"2048x2048":["https:\/\/www.ludoturris.lt\/wp-content\/uploads\/2026\/02\/A60622.png",1000,1000,false],"trp-custom-language-flag":["https:\/\/www.ludoturris.lt\/wp-content\/uploads\/2026\/02\/A60622-12x12.png",12,12,true],"woocommerce_thumbnail":["https:\/\/www.ludoturris.lt\/wp-content\/uploads\/2026\/02\/A60622-300x300.png",300,300,true],"woocommerce_single":["https:\/\/www.ludoturris.lt\/wp-content\/uploads\/2026\/02\/A60622-600x600.png",600,600,true],"woocommerce_gallery_thumbnail":["https:\/\/www.ludoturris.lt\/wp-content\/uploads\/2026\/02\/A60622-100x100.png",100,100,true],"variation_swatches_image_size":["https:\/\/www.ludoturris.lt\/wp-content\/uploads\/2026\/02\/A60622-50x50.png",50,50,true],"variation_swatches_tooltip_size":["https:\/\/www.ludoturris.lt\/wp-content\/uploads\/2026\/02\/A60622-100x100.png",100,100,true],"dgwt-wcas-product-suggestion":["https:\/\/www.ludoturris.lt\/wp-content\/uploads\/2026\/02\/A60622-64x64.png",64,64,true]},"uagb_author_info":{"display_name":"LudoTurris","author_link":"https:\/\/www.ludoturris.lt\/en\/author\/"},"uagb_comment_info":0,"uagb_excerpt":"Rekomenduojamas am\u017eius: nuo 3 met\u0173. Nei\u0161siliejantys muilo burbulai d\u0117l \u012fmontuotos apsaugos nuo i\u0161siliejimo sistemos kei\u010dia \u017eaidimus su burbulais. Net jei buteliukas apverstas auk\u0161tyn kojomis, 30 ml burbul\u0173 skys\u010dio saugiai lieka viduje \u2013 nevarva, netepa, rankos nelips. \u0160aun\u016bs \u201eAnimal-Hero\u201c dizainai patraukia vaik\u0173 ak\u012f. Puikiai tinka \u017eaisti tiek viduje, tiek lauke, namuose ar keliaujant. Burbul\u0173 buteliukai puikiai&hellip;","_links":{"self":[{"href":"https:\/\/www.ludoturris.lt\/en\/wp-json\/wp\/v2\/product\/5690"}],"collection":[{"href":"https:\/\/www.ludoturris.lt\/en\/wp-json\/wp\/v2\/product"}],"about":[{"href":"https:\/\/www.ludoturris.lt\/en\/wp-json\/wp\/v2\/types\/product"}],"wp:featuredmedia":[{"embeddable":true,"href":"https:\/\/www.ludoturris.lt\/en\/wp-json\/wp\/v2\/media\/5691"}],"wp:attachment":[{"href":"https:\/\/www.ludoturris.lt\/en\/wp-json\/wp\/v2\/media?parent=5690"}],"wp:term":[{"taxonomy":"product_cat","embeddable":true,"href":"https:\/\/www.ludoturris.lt\/en\/wp-json\/wp\/v2\/product_cat?post=5690"},{"taxonomy":"product_tag","embeddable":true,"href":"https:\/\/www.ludoturris.lt\/en\/wp-json\/wp\/v2\/product_tag?post=5690"}],"curies":[{"name":"wp","href":"https:\/\/api.w.org\/{rel}","templated":true}]}}