{"id":5669,"date":"2026-02-11T04:12:12","date_gmt":"2026-02-11T06:12:12","guid":{"rendered":"https:\/\/www.ludoturris.lt\/?post_type=product&#038;p=5669"},"modified":"2026-02-11T04:16:09","modified_gmt":"2026-02-11T06:16:09","slug":"spalvoti-flomasteriai-maziesiems","status":"publish","type":"product","link":"https:\/\/www.ludoturris.lt\/en\/product\/spalvoti-flomasteriai-maziesiems\/","title":{"rendered":"Spalvoti flomasteriai ma\u017eiesiems"},"content":{"rendered":"<p>Rekomenduojamas am\u017eius: nuo 18 m\u0117nesi\u0173.  Spalvotas 8 flomasteri\u0173 rinkinys tinka net ma\u017eiems. Ra\u0161alas lengvai plaunamas vandeniu, muilu ir plovikliu. Patog\u016bs ma\u017eoms rankyt\u0117ms, skatina smulki\u0105j\u0105 motorik\u0105, k\u016brybi\u0161kum\u0105 ir savirai\u0161k\u0105. Puikiai tinka nam\u0173 k\u016brybai, dar\u017eeliui ar kelion\u0117je, suteikiant vaikams linksmo ir k\u016brybi\u0161ko laiko. Pagaminta pagal Pranc\u016bzijos u\u017esakym\u0105.<\/p>","protected":false},"excerpt":{"rendered":"<p>Rekomenduojamas am\u017eius: nuo 18 m\u0117nesi\u0173. Spalvotas 8 flomasteri\u0173 rinkinys tinka net ma\u017eiems. Ra\u0161alas lengvai plaunamas vandeniu, muilu ir plovikliu. Patog\u016bs ma\u017eoms rankyt\u0117ms, skatina smulki\u0105j\u0105 motorik\u0105, k\u016brybi\u0161kum\u0105 ir savirai\u0161k\u0105. Puikiai tinka nam\u0173 k\u016brybai, dar\u017eeliui ar kelion\u0117je, suteikiant vaikams linksmo ir k\u016brybi\u0161ko laiko. Pagaminta pagal Pranc\u016bzijos u\u017esakym\u0105.<\/p>","protected":false},"featured_media":5670,"template":"","meta":{"_uag_custom_page_level_css":"","_themeisle_gutenberg_block_has_review":false},"product_cat":[95,69,94],"product_tag":[],"yoast_head":"<!-- This site is optimized with the Yoast SEO plugin v21.1 - https:\/\/yoast.com\/wordpress\/plugins\/seo\/ -->\n<title>Spalvoti flomasteriai ma\u017eiesiems - Ludo Turris<\/title>\n<meta name=\"description\" content=\"Spalvoti flomasteriai ma\u017eiesiems \u2013 saugus ir k\u016brybi\u0161kas rinkinys vaikams, skirtas pie\u0161imui, spalv\u0173 pa\u017einimui ir vaizduot\u0117s lavinimui.\" \/>\n<meta name=\"robots\" content=\"index, follow, max-snippet:-1, max-image-preview:large, max-video-preview:-1\" \/>\n<link rel=\"canonical\" href=\"https:\/\/www.ludoturris.lt\/en\/product\/spalvoti-flomasteriai-maziesiems\/\" \/>\n<meta property=\"og:locale\" content=\"en_GB\" \/>\n<meta property=\"og:type\" content=\"article\" \/>\n<meta property=\"og:title\" content=\"Spalvoti flomasteriai ma\u017eiesiems - Ludo Turris\" \/>\n<meta property=\"og:description\" content=\"Spalvoti flomasteriai ma\u017eiesiems \u2013 saugus ir k\u016brybi\u0161kas rinkinys vaikams, skirtas pie\u0161imui, spalv\u0173 pa\u017einimui ir vaizduot\u0117s lavinimui.\" \/>\n<meta property=\"og:url\" content=\"https:\/\/www.ludoturris.lt\/en\/product\/spalvoti-flomasteriai-maziesiems\/\" \/>\n<meta property=\"og:site_name\" content=\"Ludo Turris\" \/>\n<meta property=\"article:publisher\" content=\"https:\/\/www.facebook.com\/Ludo-Turris-621921974895920\/\" \/>\n<meta property=\"article:modified_time\" content=\"2026-02-11T06:16:09+00:00\" \/>\n<meta property=\"og:image\" content=\"https:\/\/www.ludoturris.lt\/wp-content\/uploads\/2026\/02\/TH965585-1.png\" \/>\n\t<meta property=\"og:image:width\" content=\"1000\" \/>\n\t<meta property=\"og:image:height\" content=\"1000\" \/>\n\t<meta property=\"og:image:type\" content=\"image\/png\" \/>\n<meta name=\"twitter:card\" content=\"summary_large_image\" \/>\n<meta name=\"twitter:label1\" content=\"Estimated reading time\" \/>\n\t<meta name=\"twitter:data1\" content=\"1 minute\" \/>\n<script type=\"application\/ld+json\" class=\"yoast-schema-graph\">{\"@context\":\"https:\/\/schema.org\",\"@graph\":[{\"@type\":\"WebPage\",\"@id\":\"https:\/\/www.ludoturris.lt\/produktas\/spalvoti-flomasteriai-maziesiems\/\",\"url\":\"https:\/\/www.ludoturris.lt\/produktas\/spalvoti-flomasteriai-maziesiems\/\",\"name\":\"Spalvoti flomasteriai ma\u017eiesiems - Ludo Turris\",\"isPartOf\":{\"@id\":\"https:\/\/www.ludoturris.lt\/#website\"},\"datePublished\":\"2026-02-11T06:12:12+00:00\",\"dateModified\":\"2026-02-11T06:16:09+00:00\",\"description\":\"Spalvoti flomasteriai ma\u017eiesiems \u2013 saugus ir k\u016brybi\u0161kas rinkinys vaikams, skirtas pie\u0161imui, spalv\u0173 pa\u017einimui ir vaizduot\u0117s lavinimui.\",\"breadcrumb\":{\"@id\":\"https:\/\/www.ludoturris.lt\/produktas\/spalvoti-flomasteriai-maziesiems\/#breadcrumb\"},\"inLanguage\":\"en-GB\",\"potentialAction\":[{\"@type\":\"ReadAction\",\"target\":[\"https:\/\/www.ludoturris.lt\/produktas\/spalvoti-flomasteriai-maziesiems\/\"]}]},{\"@type\":\"BreadcrumbList\",\"@id\":\"https:\/\/www.ludoturris.lt\/produktas\/spalvoti-flomasteriai-maziesiems\/#breadcrumb\",\"itemListElement\":[{\"@type\":\"ListItem\",\"position\":1,\"name\":\"Home\",\"item\":\"https:\/\/www.ludoturris.lt\/\"},{\"@type\":\"ListItem\",\"position\":2,\"name\":\"Parduotuv\u0117\",\"item\":\"https:\/\/www.ludoturris.lt\/parduotuve\/\"},{\"@type\":\"ListItem\",\"position\":3,\"name\":\"Spalvoti flomasteriai ma\u017eiesiems\"}]},{\"@type\":\"WebSite\",\"@id\":\"https:\/\/www.ludoturris.lt\/#website\",\"url\":\"https:\/\/www.ludoturris.lt\/\",\"name\":\"Ludo Turris\",\"description\":\"K\u016brybi\u0161kum\u0105 ir fantazij\u0105 lavinan\u010dios kalad\u0117l\u0117s\",\"publisher\":{\"@id\":\"https:\/\/www.ludoturris.lt\/#organization\"},\"potentialAction\":[{\"@type\":\"SearchAction\",\"target\":{\"@type\":\"EntryPoint\",\"urlTemplate\":\"https:\/\/www.ludoturris.lt\/?s={search_term_string}\"},\"query-input\":\"required name=search_term_string\"}],\"inLanguage\":\"en-GB\"},{\"@type\":\"Organization\",\"@id\":\"https:\/\/www.ludoturris.lt\/#organization\",\"name\":\"Ludo Turris \u2013 Vakar\u0173 gama, UAB\",\"url\":\"https:\/\/www.ludoturris.lt\/\",\"logo\":{\"@type\":\"ImageObject\",\"inLanguage\":\"en-GB\",\"@id\":\"https:\/\/www.ludoturris.lt\/#\/schema\/logo\/image\/\",\"url\":\"https:\/\/www.ludoturris.lt\/wp-content\/uploads\/2020\/10\/logo@2x.png\",\"contentUrl\":\"https:\/\/www.ludoturris.lt\/wp-content\/uploads\/2020\/10\/logo@2x.png\",\"width\":300,\"height\":147,\"caption\":\"Ludo Turris \u2013 Vakar\u0173 gama, UAB\"},\"image\":{\"@id\":\"https:\/\/www.ludoturris.lt\/#\/schema\/logo\/image\/\"},\"sameAs\":[\"https:\/\/www.facebook.com\/Ludo-Turris-621921974895920\/\",\"https:\/\/www.youtube.com\/channel\/UCuBACq67N1NGC9LVudo4ngw\"]}]}<\/script>\n<!-- \/ Yoast SEO plugin. -->","yoast_head_json":{"title":"Spalvoti flomasteriai ma\u017eiesiems - Ludo Turris","description":"Spalvoti flomasteriai ma\u017eiesiems \u2013 saugus ir k\u016brybi\u0161kas rinkinys vaikams, skirtas pie\u0161imui, spalv\u0173 pa\u017einimui ir vaizduot\u0117s lavinimui.","robots":{"index":"index","follow":"follow","max-snippet":"max-snippet:-1","max-image-preview":"max-image-preview:large","max-video-preview":"max-video-preview:-1"},"canonical":"https:\/\/www.ludoturris.lt\/en\/product\/spalvoti-flomasteriai-maziesiems\/","og_locale":"en_GB","og_type":"article","og_title":"Spalvoti flomasteriai ma\u017eiesiems - Ludo Turris","og_description":"Spalvoti flomasteriai ma\u017eiesiems \u2013 saugus ir k\u016brybi\u0161kas rinkinys vaikams, skirtas pie\u0161imui, spalv\u0173 pa\u017einimui ir vaizduot\u0117s lavinimui.","og_url":"https:\/\/www.ludoturris.lt\/en\/product\/spalvoti-flomasteriai-maziesiems\/","og_site_name":"Ludo Turris","article_publisher":"https:\/\/www.facebook.com\/Ludo-Turris-621921974895920\/","article_modified_time":"2026-02-11T06:16:09+00:00","og_image":[{"width":1000,"height":1000,"url":"https:\/\/www.ludoturris.lt\/wp-content\/uploads\/2026\/02\/TH965585-1.png","type":"image\/png"}],"twitter_card":"summary_large_image","twitter_misc":{"Estimated reading time":"1 minute"},"schema":{"@context":"https:\/\/schema.org","@graph":[{"@type":"WebPage","@id":"https:\/\/www.ludoturris.lt\/produktas\/spalvoti-flomasteriai-maziesiems\/","url":"https:\/\/www.ludoturris.lt\/produktas\/spalvoti-flomasteriai-maziesiems\/","name":"Spalvoti flomasteriai ma\u017eiesiems - Ludo Turris","isPartOf":{"@id":"https:\/\/www.ludoturris.lt\/#website"},"datePublished":"2026-02-11T06:12:12+00:00","dateModified":"2026-02-11T06:16:09+00:00","description":"Spalvoti flomasteriai ma\u017eiesiems \u2013 saugus ir k\u016brybi\u0161kas rinkinys vaikams, skirtas pie\u0161imui, spalv\u0173 pa\u017einimui ir vaizduot\u0117s lavinimui.","breadcrumb":{"@id":"https:\/\/www.ludoturris.lt\/produktas\/spalvoti-flomasteriai-maziesiems\/#breadcrumb"},"inLanguage":"en-GB","potentialAction":[{"@type":"ReadAction","target":["https:\/\/www.ludoturris.lt\/produktas\/spalvoti-flomasteriai-maziesiems\/"]}]},{"@type":"BreadcrumbList","@id":"https:\/\/www.ludoturris.lt\/produktas\/spalvoti-flomasteriai-maziesiems\/#breadcrumb","itemListElement":[{"@type":"ListItem","position":1,"name":"Home","item":"https:\/\/www.ludoturris.lt\/"},{"@type":"ListItem","position":2,"name":"Parduotuv\u0117","item":"https:\/\/www.ludoturris.lt\/parduotuve\/"},{"@type":"ListItem","position":3,"name":"Spalvoti flomasteriai ma\u017eiesiems"}]},{"@type":"WebSite","@id":"https:\/\/www.ludoturris.lt\/#website","url":"https:\/\/www.ludoturris.lt\/","name":"Ludo Turris","description":"K\u016brybi\u0161kum\u0105 ir fantazij\u0105 lavinan\u010dios kalad\u0117l\u0117s","publisher":{"@id":"https:\/\/www.ludoturris.lt\/#organization"},"potentialAction":[{"@type":"SearchAction","target":{"@type":"EntryPoint","urlTemplate":"https:\/\/www.ludoturris.lt\/?s={search_term_string}"},"query-input":"required name=search_term_string"}],"inLanguage":"en-GB"},{"@type":"Organization","@id":"https:\/\/www.ludoturris.lt\/#organization","name":"Ludo Turris \u2013 Vakar\u0173 gama, UAB","url":"https:\/\/www.ludoturris.lt\/","logo":{"@type":"ImageObject","inLanguage":"en-GB","@id":"https:\/\/www.ludoturris.lt\/#\/schema\/logo\/image\/","url":"https:\/\/www.ludoturris.lt\/wp-content\/uploads\/2020\/10\/logo@2x.png","contentUrl":"https:\/\/www.ludoturris.lt\/wp-content\/uploads\/2020\/10\/logo@2x.png","width":300,"height":147,"caption":"Ludo Turris \u2013 Vakar\u0173 gama, UAB"},"image":{"@id":"https:\/\/www.ludoturris.lt\/#\/schema\/logo\/image\/"},"sameAs":["https:\/\/www.facebook.com\/Ludo-Turris-621921974895920\/","https:\/\/www.youtube.com\/channel\/UCuBACq67N1NGC9LVudo4ngw"]}]}},"uagb_featured_image_src":{"full":["https:\/\/www.ludoturris.lt\/wp-content\/uploads\/2026\/02\/TH965585-1.png",1000,1000,false],"thumbnail":["https:\/\/www.ludoturris.lt\/wp-content\/uploads\/2026\/02\/TH965585-1-150x150.png",150,150,true],"medium":["https:\/\/www.ludoturris.lt\/wp-content\/uploads\/2026\/02\/TH965585-1-300x300.png",300,300,true],"medium_large":["https:\/\/www.ludoturris.lt\/wp-content\/uploads\/2026\/02\/TH965585-1-768x768.png",768,768,true],"large":["https:\/\/www.ludoturris.lt\/wp-content\/uploads\/2026\/02\/TH965585-1.png",1000,1000,false],"1536x1536":["https:\/\/www.ludoturris.lt\/wp-content\/uploads\/2026\/02\/TH965585-1.png",1000,1000,false],"2048x2048":["https:\/\/www.ludoturris.lt\/wp-content\/uploads\/2026\/02\/TH965585-1.png",1000,1000,false],"trp-custom-language-flag":["https:\/\/www.ludoturris.lt\/wp-content\/uploads\/2026\/02\/TH965585-1-12x12.png",12,12,true],"woocommerce_thumbnail":["https:\/\/www.ludoturris.lt\/wp-content\/uploads\/2026\/02\/TH965585-1-300x300.png",300,300,true],"woocommerce_single":["https:\/\/www.ludoturris.lt\/wp-content\/uploads\/2026\/02\/TH965585-1-600x600.png",600,600,true],"woocommerce_gallery_thumbnail":["https:\/\/www.ludoturris.lt\/wp-content\/uploads\/2026\/02\/TH965585-1-100x100.png",100,100,true],"variation_swatches_image_size":["https:\/\/www.ludoturris.lt\/wp-content\/uploads\/2026\/02\/TH965585-1-50x50.png",50,50,true],"variation_swatches_tooltip_size":["https:\/\/www.ludoturris.lt\/wp-content\/uploads\/2026\/02\/TH965585-1-100x100.png",100,100,true],"dgwt-wcas-product-suggestion":["https:\/\/www.ludoturris.lt\/wp-content\/uploads\/2026\/02\/TH965585-1-64x64.png",64,64,true]},"uagb_author_info":{"display_name":"LudoTurris","author_link":"https:\/\/www.ludoturris.lt\/en\/author\/"},"uagb_comment_info":0,"uagb_excerpt":"Rekomenduojamas am\u017eius: nuo 18 m\u0117nesi\u0173. Spalvotas 8 flomasteri\u0173 rinkinys tinka net ma\u017eiems. Ra\u0161alas lengvai plaunamas vandeniu, muilu ir plovikliu. Patog\u016bs ma\u017eoms rankyt\u0117ms, skatina smulki\u0105j\u0105 motorik\u0105, k\u016brybi\u0161kum\u0105 ir savirai\u0161k\u0105. Puikiai tinka nam\u0173 k\u016brybai, dar\u017eeliui ar kelion\u0117je, suteikiant vaikams linksmo ir k\u016brybi\u0161ko laiko. Pagaminta pagal Pranc\u016bzijos u\u017esakym\u0105.","_links":{"self":[{"href":"https:\/\/www.ludoturris.lt\/en\/wp-json\/wp\/v2\/product\/5669"}],"collection":[{"href":"https:\/\/www.ludoturris.lt\/en\/wp-json\/wp\/v2\/product"}],"about":[{"href":"https:\/\/www.ludoturris.lt\/en\/wp-json\/wp\/v2\/types\/product"}],"wp:featuredmedia":[{"embeddable":true,"href":"https:\/\/www.ludoturris.lt\/en\/wp-json\/wp\/v2\/media\/5670"}],"wp:attachment":[{"href":"https:\/\/www.ludoturris.lt\/en\/wp-json\/wp\/v2\/media?parent=5669"}],"wp:term":[{"taxonomy":"product_cat","embeddable":true,"href":"https:\/\/www.ludoturris.lt\/en\/wp-json\/wp\/v2\/product_cat?post=5669"},{"taxonomy":"product_tag","embeddable":true,"href":"https:\/\/www.ludoturris.lt\/en\/wp-json\/wp\/v2\/product_tag?post=5669"}],"curies":[{"name":"wp","href":"https:\/\/api.w.org\/{rel}","templated":true}]}}