{"id":5665,"date":"2026-02-11T03:56:45","date_gmt":"2026-02-11T05:56:45","guid":{"rendered":"https:\/\/www.ludoturris.lt\/?post_type=product&#038;p=5665"},"modified":"2026-02-11T04:02:54","modified_gmt":"2026-02-11T06:02:54","slug":"spalvotos-kreideles-su-laikikliu","status":"publish","type":"product","link":"https:\/\/www.ludoturris.lt\/en\/product\/spalvotos-kreideles-su-laikikliu\/","title":{"rendered":"Spalvotos kreidel\u0117s su laikikliu"},"content":{"rendered":"<p>Rekomenduojamas am\u017eius: nuo 3 met\u0173.  Didelis \u0161aligatvio kreideli\u0173 rinkinys suteikia k\u016brybi\u0161kos \u012fvairov\u0117s pie\u0161iant ant \u0161aligatvi\u0173 ar gatvi\u0173. Su 48 skirting\u0173 spalv\u0173 kreideli\u0173 gabal\u0117liais 24 vienspalv\u0117mis, 12 ry\u0161kiai neonini\u0173 ir 12 spalving\u0173 batikos kreideli\u0173 \u2013 galite kurti spalvingus meno k\u016brinius. 3 prakti\u0161ki kreideli\u0173 laikikliai u\u017etikrina, kad j\u016bs\u0173 pir\u0161tai b\u016bt\u0173 \u0161var\u016bs, o pie\u0161imas b\u016bt\u0173 malonus.<br \/>\nIdealiai tinka vaik\u0173 nesibaigian\u010dioms k\u016brybin\u0117ms pramogoms lauke be ne\u0161vari\u0173 rank\u0173.<\/p>","protected":false},"excerpt":{"rendered":"<p>Rekomenduojamas am\u017eius: nuo 3 met\u0173. Didelis \u0161aligatvio kreideli\u0173 rinkinys suteikia k\u016brybi\u0161kos \u012fvairov\u0117s pie\u0161iant ant \u0161aligatvi\u0173 ar gatvi\u0173. Su 48 skirting\u0173 spalv\u0173 kreideli\u0173 gabal\u0117liais 24 vienspalv\u0117mis, 12 ry\u0161kiai neonini\u0173 ir 12 spalving\u0173 batikos kreideli\u0173 \u2013 galite kurti spalvingus meno k\u016brinius. 3 prakti\u0161ki kreideli\u0173 laikikliai u\u017etikrina, kad j\u016bs\u0173 pir\u0161tai b\u016bt\u0173 \u0161var\u016bs, o pie\u0161imas b\u016bt\u0173 malonus. Idealiai tinka &hellip;<\/p>\n<p class=\"read-more\"> <a class=\"\" href=\"https:\/\/www.ludoturris.lt\/en\/product\/spalvotos-kreideles-su-laikikliu\/\"> <span class=\"screen-reader-text\">Spalvotos kreidel\u0117s su laikikliu<\/span> Read More &raquo;<\/a><\/p>","protected":false},"featured_media":5666,"template":"","meta":{"_uag_custom_page_level_css":"","_themeisle_gutenberg_block_has_review":false},"product_cat":[95,69,93],"product_tag":[],"yoast_head":"<!-- This site is optimized with the Yoast SEO plugin v21.1 - https:\/\/yoast.com\/wordpress\/plugins\/seo\/ -->\n<title>Spalvotos kreidel\u0117s su laikikliu - Ludo Turris<\/title>\n<meta name=\"description\" content=\"Spalvotos kreidel\u0117s su laikikliu \u2013 patogus ir k\u016brybi\u0161kas rinkinys vaikams, skirtas pie\u0161imui, spalv\u0173 pa\u017einimui ir tvarkingam naudojimui.\" \/>\n<meta name=\"robots\" content=\"index, follow, max-snippet:-1, max-image-preview:large, max-video-preview:-1\" \/>\n<link rel=\"canonical\" href=\"https:\/\/www.ludoturris.lt\/en\/product\/spalvotos-kreideles-su-laikikliu\/\" \/>\n<meta property=\"og:locale\" content=\"en_GB\" \/>\n<meta property=\"og:type\" content=\"article\" \/>\n<meta property=\"og:title\" content=\"Spalvotos kreidel\u0117s su laikikliu - Ludo Turris\" \/>\n<meta property=\"og:description\" content=\"Spalvotos kreidel\u0117s su laikikliu \u2013 patogus ir k\u016brybi\u0161kas rinkinys vaikams, skirtas pie\u0161imui, spalv\u0173 pa\u017einimui ir tvarkingam naudojimui.\" \/>\n<meta property=\"og:url\" content=\"https:\/\/www.ludoturris.lt\/en\/product\/spalvotos-kreideles-su-laikikliu\/\" \/>\n<meta property=\"og:site_name\" content=\"Ludo Turris\" \/>\n<meta property=\"article:publisher\" content=\"https:\/\/www.facebook.com\/Ludo-Turris-621921974895920\/\" \/>\n<meta property=\"article:modified_time\" content=\"2026-02-11T06:02:54+00:00\" \/>\n<meta property=\"og:image\" content=\"https:\/\/www.ludoturris.lt\/wp-content\/uploads\/2026\/02\/A60193.png\" \/>\n\t<meta property=\"og:image:width\" content=\"1000\" \/>\n\t<meta property=\"og:image:height\" content=\"1000\" \/>\n\t<meta property=\"og:image:type\" content=\"image\/png\" \/>\n<meta name=\"twitter:card\" content=\"summary_large_image\" \/>\n<meta name=\"twitter:label1\" content=\"Estimated reading time\" \/>\n\t<meta name=\"twitter:data1\" content=\"1 minute\" \/>\n<script type=\"application\/ld+json\" class=\"yoast-schema-graph\">{\"@context\":\"https:\/\/schema.org\",\"@graph\":[{\"@type\":\"WebPage\",\"@id\":\"https:\/\/www.ludoturris.lt\/produktas\/spalvotos-kreideles-su-laikikliu\/\",\"url\":\"https:\/\/www.ludoturris.lt\/produktas\/spalvotos-kreideles-su-laikikliu\/\",\"name\":\"Spalvotos kreidel\u0117s su laikikliu - Ludo Turris\",\"isPartOf\":{\"@id\":\"https:\/\/www.ludoturris.lt\/#website\"},\"datePublished\":\"2026-02-11T05:56:45+00:00\",\"dateModified\":\"2026-02-11T06:02:54+00:00\",\"description\":\"Spalvotos kreidel\u0117s su laikikliu \u2013 patogus ir k\u016brybi\u0161kas rinkinys vaikams, skirtas pie\u0161imui, spalv\u0173 pa\u017einimui ir tvarkingam naudojimui.\",\"breadcrumb\":{\"@id\":\"https:\/\/www.ludoturris.lt\/produktas\/spalvotos-kreideles-su-laikikliu\/#breadcrumb\"},\"inLanguage\":\"en-GB\",\"potentialAction\":[{\"@type\":\"ReadAction\",\"target\":[\"https:\/\/www.ludoturris.lt\/produktas\/spalvotos-kreideles-su-laikikliu\/\"]}]},{\"@type\":\"BreadcrumbList\",\"@id\":\"https:\/\/www.ludoturris.lt\/produktas\/spalvotos-kreideles-su-laikikliu\/#breadcrumb\",\"itemListElement\":[{\"@type\":\"ListItem\",\"position\":1,\"name\":\"Home\",\"item\":\"https:\/\/www.ludoturris.lt\/\"},{\"@type\":\"ListItem\",\"position\":2,\"name\":\"Parduotuv\u0117\",\"item\":\"https:\/\/www.ludoturris.lt\/parduotuve\/\"},{\"@type\":\"ListItem\",\"position\":3,\"name\":\"Spalvotos kreidel\u0117s su laikikliu\"}]},{\"@type\":\"WebSite\",\"@id\":\"https:\/\/www.ludoturris.lt\/#website\",\"url\":\"https:\/\/www.ludoturris.lt\/\",\"name\":\"Ludo Turris\",\"description\":\"K\u016brybi\u0161kum\u0105 ir fantazij\u0105 lavinan\u010dios kalad\u0117l\u0117s\",\"publisher\":{\"@id\":\"https:\/\/www.ludoturris.lt\/#organization\"},\"potentialAction\":[{\"@type\":\"SearchAction\",\"target\":{\"@type\":\"EntryPoint\",\"urlTemplate\":\"https:\/\/www.ludoturris.lt\/?s={search_term_string}\"},\"query-input\":\"required name=search_term_string\"}],\"inLanguage\":\"en-GB\"},{\"@type\":\"Organization\",\"@id\":\"https:\/\/www.ludoturris.lt\/#organization\",\"name\":\"Ludo Turris \u2013 Vakar\u0173 gama, UAB\",\"url\":\"https:\/\/www.ludoturris.lt\/\",\"logo\":{\"@type\":\"ImageObject\",\"inLanguage\":\"en-GB\",\"@id\":\"https:\/\/www.ludoturris.lt\/#\/schema\/logo\/image\/\",\"url\":\"https:\/\/www.ludoturris.lt\/wp-content\/uploads\/2020\/10\/logo@2x.png\",\"contentUrl\":\"https:\/\/www.ludoturris.lt\/wp-content\/uploads\/2020\/10\/logo@2x.png\",\"width\":300,\"height\":147,\"caption\":\"Ludo Turris \u2013 Vakar\u0173 gama, UAB\"},\"image\":{\"@id\":\"https:\/\/www.ludoturris.lt\/#\/schema\/logo\/image\/\"},\"sameAs\":[\"https:\/\/www.facebook.com\/Ludo-Turris-621921974895920\/\",\"https:\/\/www.youtube.com\/channel\/UCuBACq67N1NGC9LVudo4ngw\"]}]}<\/script>\n<!-- \/ Yoast SEO plugin. -->","yoast_head_json":{"title":"Spalvotos kreidel\u0117s su laikikliu - Ludo Turris","description":"Spalvotos kreidel\u0117s su laikikliu \u2013 patogus ir k\u016brybi\u0161kas rinkinys vaikams, skirtas pie\u0161imui, spalv\u0173 pa\u017einimui ir tvarkingam naudojimui.","robots":{"index":"index","follow":"follow","max-snippet":"max-snippet:-1","max-image-preview":"max-image-preview:large","max-video-preview":"max-video-preview:-1"},"canonical":"https:\/\/www.ludoturris.lt\/en\/product\/spalvotos-kreideles-su-laikikliu\/","og_locale":"en_GB","og_type":"article","og_title":"Spalvotos kreidel\u0117s su laikikliu - Ludo Turris","og_description":"Spalvotos kreidel\u0117s su laikikliu \u2013 patogus ir k\u016brybi\u0161kas rinkinys vaikams, skirtas pie\u0161imui, spalv\u0173 pa\u017einimui ir tvarkingam naudojimui.","og_url":"https:\/\/www.ludoturris.lt\/en\/product\/spalvotos-kreideles-su-laikikliu\/","og_site_name":"Ludo Turris","article_publisher":"https:\/\/www.facebook.com\/Ludo-Turris-621921974895920\/","article_modified_time":"2026-02-11T06:02:54+00:00","og_image":[{"width":1000,"height":1000,"url":"https:\/\/www.ludoturris.lt\/wp-content\/uploads\/2026\/02\/A60193.png","type":"image\/png"}],"twitter_card":"summary_large_image","twitter_misc":{"Estimated reading time":"1 minute"},"schema":{"@context":"https:\/\/schema.org","@graph":[{"@type":"WebPage","@id":"https:\/\/www.ludoturris.lt\/produktas\/spalvotos-kreideles-su-laikikliu\/","url":"https:\/\/www.ludoturris.lt\/produktas\/spalvotos-kreideles-su-laikikliu\/","name":"Spalvotos kreidel\u0117s su laikikliu - Ludo Turris","isPartOf":{"@id":"https:\/\/www.ludoturris.lt\/#website"},"datePublished":"2026-02-11T05:56:45+00:00","dateModified":"2026-02-11T06:02:54+00:00","description":"Spalvotos kreidel\u0117s su laikikliu \u2013 patogus ir k\u016brybi\u0161kas rinkinys vaikams, skirtas pie\u0161imui, spalv\u0173 pa\u017einimui ir tvarkingam naudojimui.","breadcrumb":{"@id":"https:\/\/www.ludoturris.lt\/produktas\/spalvotos-kreideles-su-laikikliu\/#breadcrumb"},"inLanguage":"en-GB","potentialAction":[{"@type":"ReadAction","target":["https:\/\/www.ludoturris.lt\/produktas\/spalvotos-kreideles-su-laikikliu\/"]}]},{"@type":"BreadcrumbList","@id":"https:\/\/www.ludoturris.lt\/produktas\/spalvotos-kreideles-su-laikikliu\/#breadcrumb","itemListElement":[{"@type":"ListItem","position":1,"name":"Home","item":"https:\/\/www.ludoturris.lt\/"},{"@type":"ListItem","position":2,"name":"Parduotuv\u0117","item":"https:\/\/www.ludoturris.lt\/parduotuve\/"},{"@type":"ListItem","position":3,"name":"Spalvotos kreidel\u0117s su laikikliu"}]},{"@type":"WebSite","@id":"https:\/\/www.ludoturris.lt\/#website","url":"https:\/\/www.ludoturris.lt\/","name":"Ludo Turris","description":"K\u016brybi\u0161kum\u0105 ir fantazij\u0105 lavinan\u010dios kalad\u0117l\u0117s","publisher":{"@id":"https:\/\/www.ludoturris.lt\/#organization"},"potentialAction":[{"@type":"SearchAction","target":{"@type":"EntryPoint","urlTemplate":"https:\/\/www.ludoturris.lt\/?s={search_term_string}"},"query-input":"required name=search_term_string"}],"inLanguage":"en-GB"},{"@type":"Organization","@id":"https:\/\/www.ludoturris.lt\/#organization","name":"Ludo Turris \u2013 Vakar\u0173 gama, UAB","url":"https:\/\/www.ludoturris.lt\/","logo":{"@type":"ImageObject","inLanguage":"en-GB","@id":"https:\/\/www.ludoturris.lt\/#\/schema\/logo\/image\/","url":"https:\/\/www.ludoturris.lt\/wp-content\/uploads\/2020\/10\/logo@2x.png","contentUrl":"https:\/\/www.ludoturris.lt\/wp-content\/uploads\/2020\/10\/logo@2x.png","width":300,"height":147,"caption":"Ludo Turris \u2013 Vakar\u0173 gama, UAB"},"image":{"@id":"https:\/\/www.ludoturris.lt\/#\/schema\/logo\/image\/"},"sameAs":["https:\/\/www.facebook.com\/Ludo-Turris-621921974895920\/","https:\/\/www.youtube.com\/channel\/UCuBACq67N1NGC9LVudo4ngw"]}]}},"uagb_featured_image_src":{"full":["https:\/\/www.ludoturris.lt\/wp-content\/uploads\/2026\/02\/A60193.png",1000,1000,false],"thumbnail":["https:\/\/www.ludoturris.lt\/wp-content\/uploads\/2026\/02\/A60193-150x150.png",150,150,true],"medium":["https:\/\/www.ludoturris.lt\/wp-content\/uploads\/2026\/02\/A60193-300x300.png",300,300,true],"medium_large":["https:\/\/www.ludoturris.lt\/wp-content\/uploads\/2026\/02\/A60193-768x768.png",768,768,true],"large":["https:\/\/www.ludoturris.lt\/wp-content\/uploads\/2026\/02\/A60193.png",1000,1000,false],"1536x1536":["https:\/\/www.ludoturris.lt\/wp-content\/uploads\/2026\/02\/A60193.png",1000,1000,false],"2048x2048":["https:\/\/www.ludoturris.lt\/wp-content\/uploads\/2026\/02\/A60193.png",1000,1000,false],"trp-custom-language-flag":["https:\/\/www.ludoturris.lt\/wp-content\/uploads\/2026\/02\/A60193-12x12.png",12,12,true],"woocommerce_thumbnail":["https:\/\/www.ludoturris.lt\/wp-content\/uploads\/2026\/02\/A60193-300x300.png",300,300,true],"woocommerce_single":["https:\/\/www.ludoturris.lt\/wp-content\/uploads\/2026\/02\/A60193-600x600.png",600,600,true],"woocommerce_gallery_thumbnail":["https:\/\/www.ludoturris.lt\/wp-content\/uploads\/2026\/02\/A60193-100x100.png",100,100,true],"variation_swatches_image_size":["https:\/\/www.ludoturris.lt\/wp-content\/uploads\/2026\/02\/A60193-50x50.png",50,50,true],"variation_swatches_tooltip_size":["https:\/\/www.ludoturris.lt\/wp-content\/uploads\/2026\/02\/A60193-100x100.png",100,100,true],"dgwt-wcas-product-suggestion":["https:\/\/www.ludoturris.lt\/wp-content\/uploads\/2026\/02\/A60193-64x64.png",64,64,true]},"uagb_author_info":{"display_name":"LudoTurris","author_link":"https:\/\/www.ludoturris.lt\/en\/author\/"},"uagb_comment_info":0,"uagb_excerpt":"Rekomenduojamas am\u017eius: nuo 3 met\u0173. Didelis \u0161aligatvio kreideli\u0173 rinkinys suteikia k\u016brybi\u0161kos \u012fvairov\u0117s pie\u0161iant ant \u0161aligatvi\u0173 ar gatvi\u0173. Su 48 skirting\u0173 spalv\u0173 kreideli\u0173 gabal\u0117liais 24 vienspalv\u0117mis, 12 ry\u0161kiai neonini\u0173 ir 12 spalving\u0173 batikos kreideli\u0173 \u2013 galite kurti spalvingus meno k\u016brinius. 3 prakti\u0161ki kreideli\u0173 laikikliai u\u017etikrina, kad j\u016bs\u0173 pir\u0161tai b\u016bt\u0173 \u0161var\u016bs, o pie\u0161imas b\u016bt\u0173 malonus. Idealiai tinka&hellip;","_links":{"self":[{"href":"https:\/\/www.ludoturris.lt\/en\/wp-json\/wp\/v2\/product\/5665"}],"collection":[{"href":"https:\/\/www.ludoturris.lt\/en\/wp-json\/wp\/v2\/product"}],"about":[{"href":"https:\/\/www.ludoturris.lt\/en\/wp-json\/wp\/v2\/types\/product"}],"wp:featuredmedia":[{"embeddable":true,"href":"https:\/\/www.ludoturris.lt\/en\/wp-json\/wp\/v2\/media\/5666"}],"wp:attachment":[{"href":"https:\/\/www.ludoturris.lt\/en\/wp-json\/wp\/v2\/media?parent=5665"}],"wp:term":[{"taxonomy":"product_cat","embeddable":true,"href":"https:\/\/www.ludoturris.lt\/en\/wp-json\/wp\/v2\/product_cat?post=5665"},{"taxonomy":"product_tag","embeddable":true,"href":"https:\/\/www.ludoturris.lt\/en\/wp-json\/wp\/v2\/product_tag?post=5665"}],"curies":[{"name":"wp","href":"https:\/\/api.w.org\/{rel}","templated":true}]}}