{"id":5648,"date":"2026-02-10T16:15:06","date_gmt":"2026-02-10T18:15:06","guid":{"rendered":"https:\/\/www.ludoturris.lt\/?post_type=product&#038;p=5648"},"modified":"2026-02-10T16:25:10","modified_gmt":"2026-02-10T18:25:10","slug":"mediniu-magnetuku-rinkynys-gyvunai","status":"publish","type":"product","link":"https:\/\/www.ludoturris.lt\/en\/product\/mediniu-magnetuku-rinkynys-gyvunai\/","title":{"rendered":"Medini\u0173 magnetuk\u0173 rinkynys \u201eGyv\u016bnai\u201c"},"content":{"rendered":"<p>Rekomenduojamas am\u017eius: nuo 2 met\u0173.  Spalvingas 36 medini\u0173 magnetuk\u0173 rinkinys su mielais gyv\u016bn\u0117liais, skirtas vaik\u0173 \u017eaidimams ir k\u016brybai. Idealiai tinka lipdyti prie \u0161aldytuvo ar magnetin\u0117s lentos. \u017daisdami vaikai mokosi atpa\u017einti gyv\u016bnus, lavina vaizduot\u0119 ir smulki\u0105j\u0105 motorik\u0105 kalbinius \u012fg\u016bd\u017eius ir pa\u017einim\u0105. Puikiai tinka \u017eaisti<br \/>\nnamuose ar ugdymo \u012fstaigose. Kilm\u0117s \u0161alis: K.L.R.<\/p>","protected":false},"excerpt":{"rendered":"<p>Rekomenduojamas am\u017eius: nuo 2 met\u0173. Spalvingas 36 medini\u0173 magnetuk\u0173 rinkinys su mielais gyv\u016bn\u0117liais, skirtas vaik\u0173 \u017eaidimams ir k\u016brybai. Idealiai tinka lipdyti prie \u0161aldytuvo ar magnetin\u0117s lentos. \u017daisdami vaikai mokosi atpa\u017einti gyv\u016bnus, lavina vaizduot\u0119 ir smulki\u0105j\u0105 motorik\u0105 kalbinius \u012fg\u016bd\u017eius ir pa\u017einim\u0105. Puikiai tinka \u017eaisti namuose ar ugdymo \u012fstaigose. Kilm\u0117s \u0161alis: K.L.R.<\/p>","protected":false},"featured_media":5649,"template":"","meta":{"_uag_custom_page_level_css":"","_themeisle_gutenberg_block_has_review":false},"product_cat":[69,94,96],"product_tag":[],"yoast_head":"<!-- This site is optimized with the Yoast SEO plugin v21.1 - https:\/\/yoast.com\/wordpress\/plugins\/seo\/ -->\n<title>Medini\u0173 magnetuk\u0173 rinkynys \u201eGyv\u016bnai\u201c - Ludo Turris<\/title>\n<meta name=\"description\" content=\"Medini\u0173 magnetuk\u0173 rinkinys \u201eGyv\u016bnai\u201c \u2013 lavinantis \u017eaislas vaikams, skirtas gyv\u016bn\u0173 pa\u017einimui, k\u016brybi\u0161kiems \u017eaidimams ir smulkiajai motorikai.\" \/>\n<meta name=\"robots\" content=\"index, follow, max-snippet:-1, max-image-preview:large, max-video-preview:-1\" \/>\n<link rel=\"canonical\" href=\"https:\/\/www.ludoturris.lt\/en\/product\/mediniu-magnetuku-rinkynys-gyvunai\/\" \/>\n<meta property=\"og:locale\" content=\"en_GB\" \/>\n<meta property=\"og:type\" content=\"article\" \/>\n<meta property=\"og:title\" content=\"Medini\u0173 magnetuk\u0173 rinkynys \u201eGyv\u016bnai\u201c - Ludo Turris\" \/>\n<meta property=\"og:description\" content=\"Medini\u0173 magnetuk\u0173 rinkinys \u201eGyv\u016bnai\u201c \u2013 lavinantis \u017eaislas vaikams, skirtas gyv\u016bn\u0173 pa\u017einimui, k\u016brybi\u0161kiems \u017eaidimams ir smulkiajai motorikai.\" \/>\n<meta property=\"og:url\" content=\"https:\/\/www.ludoturris.lt\/en\/product\/mediniu-magnetuku-rinkynys-gyvunai\/\" \/>\n<meta property=\"og:site_name\" content=\"Ludo Turris\" \/>\n<meta property=\"article:publisher\" content=\"https:\/\/www.facebook.com\/Ludo-Turris-621921974895920\/\" \/>\n<meta property=\"article:modified_time\" content=\"2026-02-10T18:25:10+00:00\" \/>\n<meta property=\"og:image\" content=\"https:\/\/www.ludoturris.lt\/wp-content\/uploads\/2026\/02\/DJ03127.png\" \/>\n\t<meta property=\"og:image:width\" content=\"1000\" \/>\n\t<meta property=\"og:image:height\" content=\"1000\" \/>\n\t<meta property=\"og:image:type\" content=\"image\/png\" \/>\n<meta name=\"twitter:card\" content=\"summary_large_image\" \/>\n<meta name=\"twitter:label1\" content=\"Estimated reading time\" \/>\n\t<meta name=\"twitter:data1\" content=\"1 minute\" \/>\n<script type=\"application\/ld+json\" class=\"yoast-schema-graph\">{\"@context\":\"https:\/\/schema.org\",\"@graph\":[{\"@type\":\"WebPage\",\"@id\":\"https:\/\/www.ludoturris.lt\/produktas\/mediniu-magnetuku-rinkynys-gyvunai\/\",\"url\":\"https:\/\/www.ludoturris.lt\/produktas\/mediniu-magnetuku-rinkynys-gyvunai\/\",\"name\":\"Medini\u0173 magnetuk\u0173 rinkynys \u201eGyv\u016bnai\u201c - Ludo Turris\",\"isPartOf\":{\"@id\":\"https:\/\/www.ludoturris.lt\/#website\"},\"datePublished\":\"2026-02-10T18:15:06+00:00\",\"dateModified\":\"2026-02-10T18:25:10+00:00\",\"description\":\"Medini\u0173 magnetuk\u0173 rinkinys \u201eGyv\u016bnai\u201c \u2013 lavinantis \u017eaislas vaikams, skirtas gyv\u016bn\u0173 pa\u017einimui, k\u016brybi\u0161kiems \u017eaidimams ir smulkiajai motorikai.\",\"breadcrumb\":{\"@id\":\"https:\/\/www.ludoturris.lt\/produktas\/mediniu-magnetuku-rinkynys-gyvunai\/#breadcrumb\"},\"inLanguage\":\"en-GB\",\"potentialAction\":[{\"@type\":\"ReadAction\",\"target\":[\"https:\/\/www.ludoturris.lt\/produktas\/mediniu-magnetuku-rinkynys-gyvunai\/\"]}]},{\"@type\":\"BreadcrumbList\",\"@id\":\"https:\/\/www.ludoturris.lt\/produktas\/mediniu-magnetuku-rinkynys-gyvunai\/#breadcrumb\",\"itemListElement\":[{\"@type\":\"ListItem\",\"position\":1,\"name\":\"Home\",\"item\":\"https:\/\/www.ludoturris.lt\/\"},{\"@type\":\"ListItem\",\"position\":2,\"name\":\"Parduotuv\u0117\",\"item\":\"https:\/\/www.ludoturris.lt\/parduotuve\/\"},{\"@type\":\"ListItem\",\"position\":3,\"name\":\"Medini\u0173 magnetuk\u0173 rinkynys \u201eGyv\u016bnai\u201c\"}]},{\"@type\":\"WebSite\",\"@id\":\"https:\/\/www.ludoturris.lt\/#website\",\"url\":\"https:\/\/www.ludoturris.lt\/\",\"name\":\"Ludo Turris\",\"description\":\"K\u016brybi\u0161kum\u0105 ir fantazij\u0105 lavinan\u010dios kalad\u0117l\u0117s\",\"publisher\":{\"@id\":\"https:\/\/www.ludoturris.lt\/#organization\"},\"potentialAction\":[{\"@type\":\"SearchAction\",\"target\":{\"@type\":\"EntryPoint\",\"urlTemplate\":\"https:\/\/www.ludoturris.lt\/?s={search_term_string}\"},\"query-input\":\"required name=search_term_string\"}],\"inLanguage\":\"en-GB\"},{\"@type\":\"Organization\",\"@id\":\"https:\/\/www.ludoturris.lt\/#organization\",\"name\":\"Ludo Turris \u2013 Vakar\u0173 gama, UAB\",\"url\":\"https:\/\/www.ludoturris.lt\/\",\"logo\":{\"@type\":\"ImageObject\",\"inLanguage\":\"en-GB\",\"@id\":\"https:\/\/www.ludoturris.lt\/#\/schema\/logo\/image\/\",\"url\":\"https:\/\/www.ludoturris.lt\/wp-content\/uploads\/2020\/10\/logo@2x.png\",\"contentUrl\":\"https:\/\/www.ludoturris.lt\/wp-content\/uploads\/2020\/10\/logo@2x.png\",\"width\":300,\"height\":147,\"caption\":\"Ludo Turris \u2013 Vakar\u0173 gama, UAB\"},\"image\":{\"@id\":\"https:\/\/www.ludoturris.lt\/#\/schema\/logo\/image\/\"},\"sameAs\":[\"https:\/\/www.facebook.com\/Ludo-Turris-621921974895920\/\",\"https:\/\/www.youtube.com\/channel\/UCuBACq67N1NGC9LVudo4ngw\"]}]}<\/script>\n<!-- \/ Yoast SEO plugin. -->","yoast_head_json":{"title":"Medini\u0173 magnetuk\u0173 rinkynys \u201eGyv\u016bnai\u201c - Ludo Turris","description":"Medini\u0173 magnetuk\u0173 rinkinys \u201eGyv\u016bnai\u201c \u2013 lavinantis \u017eaislas vaikams, skirtas gyv\u016bn\u0173 pa\u017einimui, k\u016brybi\u0161kiems \u017eaidimams ir smulkiajai motorikai.","robots":{"index":"index","follow":"follow","max-snippet":"max-snippet:-1","max-image-preview":"max-image-preview:large","max-video-preview":"max-video-preview:-1"},"canonical":"https:\/\/www.ludoturris.lt\/en\/product\/mediniu-magnetuku-rinkynys-gyvunai\/","og_locale":"en_GB","og_type":"article","og_title":"Medini\u0173 magnetuk\u0173 rinkynys \u201eGyv\u016bnai\u201c - Ludo Turris","og_description":"Medini\u0173 magnetuk\u0173 rinkinys \u201eGyv\u016bnai\u201c \u2013 lavinantis \u017eaislas vaikams, skirtas gyv\u016bn\u0173 pa\u017einimui, k\u016brybi\u0161kiems \u017eaidimams ir smulkiajai motorikai.","og_url":"https:\/\/www.ludoturris.lt\/en\/product\/mediniu-magnetuku-rinkynys-gyvunai\/","og_site_name":"Ludo Turris","article_publisher":"https:\/\/www.facebook.com\/Ludo-Turris-621921974895920\/","article_modified_time":"2026-02-10T18:25:10+00:00","og_image":[{"width":1000,"height":1000,"url":"https:\/\/www.ludoturris.lt\/wp-content\/uploads\/2026\/02\/DJ03127.png","type":"image\/png"}],"twitter_card":"summary_large_image","twitter_misc":{"Estimated reading time":"1 minute"},"schema":{"@context":"https:\/\/schema.org","@graph":[{"@type":"WebPage","@id":"https:\/\/www.ludoturris.lt\/produktas\/mediniu-magnetuku-rinkynys-gyvunai\/","url":"https:\/\/www.ludoturris.lt\/produktas\/mediniu-magnetuku-rinkynys-gyvunai\/","name":"Medini\u0173 magnetuk\u0173 rinkynys \u201eGyv\u016bnai\u201c - Ludo Turris","isPartOf":{"@id":"https:\/\/www.ludoturris.lt\/#website"},"datePublished":"2026-02-10T18:15:06+00:00","dateModified":"2026-02-10T18:25:10+00:00","description":"Medini\u0173 magnetuk\u0173 rinkinys \u201eGyv\u016bnai\u201c \u2013 lavinantis \u017eaislas vaikams, skirtas gyv\u016bn\u0173 pa\u017einimui, k\u016brybi\u0161kiems \u017eaidimams ir smulkiajai motorikai.","breadcrumb":{"@id":"https:\/\/www.ludoturris.lt\/produktas\/mediniu-magnetuku-rinkynys-gyvunai\/#breadcrumb"},"inLanguage":"en-GB","potentialAction":[{"@type":"ReadAction","target":["https:\/\/www.ludoturris.lt\/produktas\/mediniu-magnetuku-rinkynys-gyvunai\/"]}]},{"@type":"BreadcrumbList","@id":"https:\/\/www.ludoturris.lt\/produktas\/mediniu-magnetuku-rinkynys-gyvunai\/#breadcrumb","itemListElement":[{"@type":"ListItem","position":1,"name":"Home","item":"https:\/\/www.ludoturris.lt\/"},{"@type":"ListItem","position":2,"name":"Parduotuv\u0117","item":"https:\/\/www.ludoturris.lt\/parduotuve\/"},{"@type":"ListItem","position":3,"name":"Medini\u0173 magnetuk\u0173 rinkynys \u201eGyv\u016bnai\u201c"}]},{"@type":"WebSite","@id":"https:\/\/www.ludoturris.lt\/#website","url":"https:\/\/www.ludoturris.lt\/","name":"Ludo Turris","description":"K\u016brybi\u0161kum\u0105 ir fantazij\u0105 lavinan\u010dios kalad\u0117l\u0117s","publisher":{"@id":"https:\/\/www.ludoturris.lt\/#organization"},"potentialAction":[{"@type":"SearchAction","target":{"@type":"EntryPoint","urlTemplate":"https:\/\/www.ludoturris.lt\/?s={search_term_string}"},"query-input":"required name=search_term_string"}],"inLanguage":"en-GB"},{"@type":"Organization","@id":"https:\/\/www.ludoturris.lt\/#organization","name":"Ludo Turris \u2013 Vakar\u0173 gama, UAB","url":"https:\/\/www.ludoturris.lt\/","logo":{"@type":"ImageObject","inLanguage":"en-GB","@id":"https:\/\/www.ludoturris.lt\/#\/schema\/logo\/image\/","url":"https:\/\/www.ludoturris.lt\/wp-content\/uploads\/2020\/10\/logo@2x.png","contentUrl":"https:\/\/www.ludoturris.lt\/wp-content\/uploads\/2020\/10\/logo@2x.png","width":300,"height":147,"caption":"Ludo Turris \u2013 Vakar\u0173 gama, UAB"},"image":{"@id":"https:\/\/www.ludoturris.lt\/#\/schema\/logo\/image\/"},"sameAs":["https:\/\/www.facebook.com\/Ludo-Turris-621921974895920\/","https:\/\/www.youtube.com\/channel\/UCuBACq67N1NGC9LVudo4ngw"]}]}},"uagb_featured_image_src":{"full":["https:\/\/www.ludoturris.lt\/wp-content\/uploads\/2026\/02\/DJ03127.png",1000,1000,false],"thumbnail":["https:\/\/www.ludoturris.lt\/wp-content\/uploads\/2026\/02\/DJ03127-150x150.png",150,150,true],"medium":["https:\/\/www.ludoturris.lt\/wp-content\/uploads\/2026\/02\/DJ03127-300x300.png",300,300,true],"medium_large":["https:\/\/www.ludoturris.lt\/wp-content\/uploads\/2026\/02\/DJ03127-768x768.png",768,768,true],"large":["https:\/\/www.ludoturris.lt\/wp-content\/uploads\/2026\/02\/DJ03127.png",1000,1000,false],"1536x1536":["https:\/\/www.ludoturris.lt\/wp-content\/uploads\/2026\/02\/DJ03127.png",1000,1000,false],"2048x2048":["https:\/\/www.ludoturris.lt\/wp-content\/uploads\/2026\/02\/DJ03127.png",1000,1000,false],"trp-custom-language-flag":["https:\/\/www.ludoturris.lt\/wp-content\/uploads\/2026\/02\/DJ03127-12x12.png",12,12,true],"woocommerce_thumbnail":["https:\/\/www.ludoturris.lt\/wp-content\/uploads\/2026\/02\/DJ03127-300x300.png",300,300,true],"woocommerce_single":["https:\/\/www.ludoturris.lt\/wp-content\/uploads\/2026\/02\/DJ03127-600x600.png",600,600,true],"woocommerce_gallery_thumbnail":["https:\/\/www.ludoturris.lt\/wp-content\/uploads\/2026\/02\/DJ03127-100x100.png",100,100,true],"variation_swatches_image_size":["https:\/\/www.ludoturris.lt\/wp-content\/uploads\/2026\/02\/DJ03127-50x50.png",50,50,true],"variation_swatches_tooltip_size":["https:\/\/www.ludoturris.lt\/wp-content\/uploads\/2026\/02\/DJ03127-100x100.png",100,100,true],"dgwt-wcas-product-suggestion":["https:\/\/www.ludoturris.lt\/wp-content\/uploads\/2026\/02\/DJ03127-64x64.png",64,64,true]},"uagb_author_info":{"display_name":"LudoTurris","author_link":"https:\/\/www.ludoturris.lt\/en\/author\/"},"uagb_comment_info":0,"uagb_excerpt":"Rekomenduojamas am\u017eius: nuo 2 met\u0173. Spalvingas 36 medini\u0173 magnetuk\u0173 rinkinys su mielais gyv\u016bn\u0117liais, skirtas vaik\u0173 \u017eaidimams ir k\u016brybai. Idealiai tinka lipdyti prie \u0161aldytuvo ar magnetin\u0117s lentos. \u017daisdami vaikai mokosi atpa\u017einti gyv\u016bnus, lavina vaizduot\u0119 ir smulki\u0105j\u0105 motorik\u0105 kalbinius \u012fg\u016bd\u017eius ir pa\u017einim\u0105. Puikiai tinka \u017eaisti namuose ar ugdymo \u012fstaigose. Kilm\u0117s \u0161alis: K.L.R.","_links":{"self":[{"href":"https:\/\/www.ludoturris.lt\/en\/wp-json\/wp\/v2\/product\/5648"}],"collection":[{"href":"https:\/\/www.ludoturris.lt\/en\/wp-json\/wp\/v2\/product"}],"about":[{"href":"https:\/\/www.ludoturris.lt\/en\/wp-json\/wp\/v2\/types\/product"}],"wp:featuredmedia":[{"embeddable":true,"href":"https:\/\/www.ludoturris.lt\/en\/wp-json\/wp\/v2\/media\/5649"}],"wp:attachment":[{"href":"https:\/\/www.ludoturris.lt\/en\/wp-json\/wp\/v2\/media?parent=5648"}],"wp:term":[{"taxonomy":"product_cat","embeddable":true,"href":"https:\/\/www.ludoturris.lt\/en\/wp-json\/wp\/v2\/product_cat?post=5648"},{"taxonomy":"product_tag","embeddable":true,"href":"https:\/\/www.ludoturris.lt\/en\/wp-json\/wp\/v2\/product_tag?post=5648"}],"curies":[{"name":"wp","href":"https:\/\/api.w.org\/{rel}","templated":true}]}}