{"id":5613,"date":"2026-02-10T10:17:38","date_gmt":"2026-02-10T12:17:38","guid":{"rendered":"https:\/\/www.ludoturris.lt\/?post_type=product&#038;p=5613"},"modified":"2026-02-10T10:23:20","modified_gmt":"2026-02-10T12:23:20","slug":"xxl-lcd-dvipuse-rasymo-lenta","status":"publish","type":"product","link":"https:\/\/www.ludoturris.lt\/en\/product\/xxl-lcd-dvipuse-rasymo-lenta\/","title":{"rendered":"XXL LCD Dvipus\u0117 ra\u0161ymo lenta"},"content":{"rendered":"<p>Rekomenduojamas am\u017eius: nuo 3 met\u0173. XXL dyd\u017eio 2 in 1 LCD ra\u0161ymo lenta sujungia skaitmenin\u012f pie\u0161im\u0105 su klasikine balta lenta viename universaliame lavinamojo pob\u016bd\u017eio \u017eaisle. \u012esp\u016bdingo 71cm dyd\u017eio priekin\u0117je pus\u0117je yra LCD ekranas su 4 spalv\u0173 pie\u0161imo galimybe, o magnetin\u0117 lentos nugar\u0117l\u0117 leid\u017eia ra\u0161yti ir mokytis tradiciniu b\u016bdu. \u012ekraunama baterija aktyviai naudojant veikia iki 12 valand\u0173, o bud\u0117jimo re\u017eimu iki 20 dien\u0173. Vos 30 minu\u010di\u0173 \u012fkrovimo per USB suteikia valand\u0173 valandas pie\u0161imo ir mokymosi d\u017eiaugsmo. \u012e plat\u0173 pried\u0173 rinkin\u012f \u012feina magnetinis ra\u0161iklis, 4 baltos lentos ra\u0161ikliai, trintukas, skai\u010di\u0173 ir raid\u017ei\u0173 magnetai, sulankstomas stovas ir ne\u0161iojimo dir\u017eelis. Idealiai tinka pirmiesiems ra\u0161ymo bandymams, nam\u0173 darbams ar k\u016brybiniams \u017eaidimams. \u0160i lenta \u017eaismingai lavina smulki\u0105j\u0105 motorik\u0105, k\u016brybi\u0161kum\u0105 ir entuziazm\u0105 mokytis, puikiai tinka namams, dar\u017eeliui ar pradinei mokyklai.<\/p>","protected":false},"excerpt":{"rendered":"<p>Rekomenduojamas am\u017eius: nuo 3 met\u0173. XXL dyd\u017eio 2 in 1 LCD ra\u0161ymo lenta sujungia skaitmenin\u012f pie\u0161im\u0105 su klasikine balta lenta viename universaliame lavinamojo pob\u016bd\u017eio \u017eaisle. \u012esp\u016bdingo 71cm dyd\u017eio priekin\u0117je pus\u0117je yra LCD ekranas su 4 spalv\u0173 pie\u0161imo galimybe, o magnetin\u0117 lentos nugar\u0117l\u0117 leid\u017eia ra\u0161yti ir mokytis tradiciniu b\u016bdu. \u012ekraunama baterija aktyviai naudojant veikia iki 12 &hellip;<\/p>\n<p class=\"read-more\"> <a class=\"\" href=\"https:\/\/www.ludoturris.lt\/en\/product\/xxl-lcd-dvipuse-rasymo-lenta\/\"> <span class=\"screen-reader-text\">XXL LCD Dvipus\u0117 ra\u0161ymo lenta<\/span> Read More &raquo;<\/a><\/p>","protected":false},"featured_media":5614,"template":"","meta":{"_uag_custom_page_level_css":"","_themeisle_gutenberg_block_has_review":false},"product_cat":[95,69],"product_tag":[],"yoast_head":"<!-- This site is optimized with the Yoast SEO plugin v21.1 - https:\/\/yoast.com\/wordpress\/plugins\/seo\/ -->\n<title>XXL LCD Dvipus\u0117 ra\u0161ymo lenta - Ludo Turris<\/title>\n<meta name=\"description\" content=\"Pakabinama magnetin\u0117 mokomoji lenta puiki lavinimui ir k\u016brybi\u0161kumui! Tinka pie\u0161imui, ra\u0161ymui, magnetini\u0173 fig\u016br\u0117li\u0173 naudojimui. Idealiai tinka mokytis \u017eaisti\" \/>\n<meta name=\"robots\" content=\"index, follow, max-snippet:-1, max-image-preview:large, max-video-preview:-1\" \/>\n<link rel=\"canonical\" href=\"https:\/\/www.ludoturris.lt\/en\/product\/xxl-lcd-dvipuse-rasymo-lenta\/\" \/>\n<meta property=\"og:locale\" content=\"en_GB\" \/>\n<meta property=\"og:type\" content=\"article\" \/>\n<meta property=\"og:title\" content=\"XXL LCD Dvipus\u0117 ra\u0161ymo lenta - Ludo Turris\" \/>\n<meta property=\"og:description\" content=\"Pakabinama magnetin\u0117 mokomoji lenta puiki lavinimui ir k\u016brybi\u0161kumui! Tinka pie\u0161imui, ra\u0161ymui, magnetini\u0173 fig\u016br\u0117li\u0173 naudojimui. Idealiai tinka mokytis \u017eaisti\" \/>\n<meta property=\"og:url\" content=\"https:\/\/www.ludoturris.lt\/en\/product\/xxl-lcd-dvipuse-rasymo-lenta\/\" \/>\n<meta property=\"og:site_name\" content=\"Ludo Turris\" \/>\n<meta property=\"article:publisher\" content=\"https:\/\/www.facebook.com\/Ludo-Turris-621921974895920\/\" \/>\n<meta property=\"article:modified_time\" content=\"2026-02-10T12:23:20+00:00\" \/>\n<meta property=\"og:image\" content=\"https:\/\/www.ludoturris.lt\/wp-content\/uploads\/2026\/02\/A68500.png\" \/>\n\t<meta property=\"og:image:width\" content=\"1000\" \/>\n\t<meta property=\"og:image:height\" content=\"1000\" \/>\n\t<meta property=\"og:image:type\" content=\"image\/png\" \/>\n<meta name=\"twitter:card\" content=\"summary_large_image\" \/>\n<meta name=\"twitter:label1\" content=\"Estimated reading time\" \/>\n\t<meta name=\"twitter:data1\" content=\"1 minute\" \/>\n<script type=\"application\/ld+json\" class=\"yoast-schema-graph\">{\"@context\":\"https:\/\/schema.org\",\"@graph\":[{\"@type\":\"WebPage\",\"@id\":\"https:\/\/www.ludoturris.lt\/produktas\/xxl-lcd-dvipuse-rasymo-lenta\/\",\"url\":\"https:\/\/www.ludoturris.lt\/produktas\/xxl-lcd-dvipuse-rasymo-lenta\/\",\"name\":\"XXL LCD Dvipus\u0117 ra\u0161ymo lenta - Ludo Turris\",\"isPartOf\":{\"@id\":\"https:\/\/www.ludoturris.lt\/#website\"},\"datePublished\":\"2026-02-10T12:17:38+00:00\",\"dateModified\":\"2026-02-10T12:23:20+00:00\",\"description\":\"Pakabinama magnetin\u0117 mokomoji lenta puiki lavinimui ir k\u016brybi\u0161kumui! Tinka pie\u0161imui, ra\u0161ymui, magnetini\u0173 fig\u016br\u0117li\u0173 naudojimui. Idealiai tinka mokytis \u017eaisti\",\"breadcrumb\":{\"@id\":\"https:\/\/www.ludoturris.lt\/produktas\/xxl-lcd-dvipuse-rasymo-lenta\/#breadcrumb\"},\"inLanguage\":\"en-GB\",\"potentialAction\":[{\"@type\":\"ReadAction\",\"target\":[\"https:\/\/www.ludoturris.lt\/produktas\/xxl-lcd-dvipuse-rasymo-lenta\/\"]}]},{\"@type\":\"BreadcrumbList\",\"@id\":\"https:\/\/www.ludoturris.lt\/produktas\/xxl-lcd-dvipuse-rasymo-lenta\/#breadcrumb\",\"itemListElement\":[{\"@type\":\"ListItem\",\"position\":1,\"name\":\"Home\",\"item\":\"https:\/\/www.ludoturris.lt\/\"},{\"@type\":\"ListItem\",\"position\":2,\"name\":\"Parduotuv\u0117\",\"item\":\"https:\/\/www.ludoturris.lt\/parduotuve\/\"},{\"@type\":\"ListItem\",\"position\":3,\"name\":\"XXL LCD Dvipus\u0117 ra\u0161ymo lenta\"}]},{\"@type\":\"WebSite\",\"@id\":\"https:\/\/www.ludoturris.lt\/#website\",\"url\":\"https:\/\/www.ludoturris.lt\/\",\"name\":\"Ludo Turris\",\"description\":\"K\u016brybi\u0161kum\u0105 ir fantazij\u0105 lavinan\u010dios kalad\u0117l\u0117s\",\"publisher\":{\"@id\":\"https:\/\/www.ludoturris.lt\/#organization\"},\"potentialAction\":[{\"@type\":\"SearchAction\",\"target\":{\"@type\":\"EntryPoint\",\"urlTemplate\":\"https:\/\/www.ludoturris.lt\/?s={search_term_string}\"},\"query-input\":\"required name=search_term_string\"}],\"inLanguage\":\"en-GB\"},{\"@type\":\"Organization\",\"@id\":\"https:\/\/www.ludoturris.lt\/#organization\",\"name\":\"Ludo Turris \u2013 Vakar\u0173 gama, UAB\",\"url\":\"https:\/\/www.ludoturris.lt\/\",\"logo\":{\"@type\":\"ImageObject\",\"inLanguage\":\"en-GB\",\"@id\":\"https:\/\/www.ludoturris.lt\/#\/schema\/logo\/image\/\",\"url\":\"https:\/\/www.ludoturris.lt\/wp-content\/uploads\/2020\/10\/logo@2x.png\",\"contentUrl\":\"https:\/\/www.ludoturris.lt\/wp-content\/uploads\/2020\/10\/logo@2x.png\",\"width\":300,\"height\":147,\"caption\":\"Ludo Turris \u2013 Vakar\u0173 gama, UAB\"},\"image\":{\"@id\":\"https:\/\/www.ludoturris.lt\/#\/schema\/logo\/image\/\"},\"sameAs\":[\"https:\/\/www.facebook.com\/Ludo-Turris-621921974895920\/\",\"https:\/\/www.youtube.com\/channel\/UCuBACq67N1NGC9LVudo4ngw\"]}]}<\/script>\n<!-- \/ Yoast SEO plugin. -->","yoast_head_json":{"title":"XXL LCD Dvipus\u0117 ra\u0161ymo lenta - Ludo Turris","description":"Pakabinama magnetin\u0117 mokomoji lenta puiki lavinimui ir k\u016brybi\u0161kumui! Tinka pie\u0161imui, ra\u0161ymui, magnetini\u0173 fig\u016br\u0117li\u0173 naudojimui. Idealiai tinka mokytis \u017eaisti","robots":{"index":"index","follow":"follow","max-snippet":"max-snippet:-1","max-image-preview":"max-image-preview:large","max-video-preview":"max-video-preview:-1"},"canonical":"https:\/\/www.ludoturris.lt\/en\/product\/xxl-lcd-dvipuse-rasymo-lenta\/","og_locale":"en_GB","og_type":"article","og_title":"XXL LCD Dvipus\u0117 ra\u0161ymo lenta - Ludo Turris","og_description":"Pakabinama magnetin\u0117 mokomoji lenta puiki lavinimui ir k\u016brybi\u0161kumui! Tinka pie\u0161imui, ra\u0161ymui, magnetini\u0173 fig\u016br\u0117li\u0173 naudojimui. Idealiai tinka mokytis \u017eaisti","og_url":"https:\/\/www.ludoturris.lt\/en\/product\/xxl-lcd-dvipuse-rasymo-lenta\/","og_site_name":"Ludo Turris","article_publisher":"https:\/\/www.facebook.com\/Ludo-Turris-621921974895920\/","article_modified_time":"2026-02-10T12:23:20+00:00","og_image":[{"width":1000,"height":1000,"url":"https:\/\/www.ludoturris.lt\/wp-content\/uploads\/2026\/02\/A68500.png","type":"image\/png"}],"twitter_card":"summary_large_image","twitter_misc":{"Estimated reading time":"1 minute"},"schema":{"@context":"https:\/\/schema.org","@graph":[{"@type":"WebPage","@id":"https:\/\/www.ludoturris.lt\/produktas\/xxl-lcd-dvipuse-rasymo-lenta\/","url":"https:\/\/www.ludoturris.lt\/produktas\/xxl-lcd-dvipuse-rasymo-lenta\/","name":"XXL LCD Dvipus\u0117 ra\u0161ymo lenta - Ludo Turris","isPartOf":{"@id":"https:\/\/www.ludoturris.lt\/#website"},"datePublished":"2026-02-10T12:17:38+00:00","dateModified":"2026-02-10T12:23:20+00:00","description":"Pakabinama magnetin\u0117 mokomoji lenta puiki lavinimui ir k\u016brybi\u0161kumui! Tinka pie\u0161imui, ra\u0161ymui, magnetini\u0173 fig\u016br\u0117li\u0173 naudojimui. Idealiai tinka mokytis \u017eaisti","breadcrumb":{"@id":"https:\/\/www.ludoturris.lt\/produktas\/xxl-lcd-dvipuse-rasymo-lenta\/#breadcrumb"},"inLanguage":"en-GB","potentialAction":[{"@type":"ReadAction","target":["https:\/\/www.ludoturris.lt\/produktas\/xxl-lcd-dvipuse-rasymo-lenta\/"]}]},{"@type":"BreadcrumbList","@id":"https:\/\/www.ludoturris.lt\/produktas\/xxl-lcd-dvipuse-rasymo-lenta\/#breadcrumb","itemListElement":[{"@type":"ListItem","position":1,"name":"Home","item":"https:\/\/www.ludoturris.lt\/"},{"@type":"ListItem","position":2,"name":"Parduotuv\u0117","item":"https:\/\/www.ludoturris.lt\/parduotuve\/"},{"@type":"ListItem","position":3,"name":"XXL LCD Dvipus\u0117 ra\u0161ymo lenta"}]},{"@type":"WebSite","@id":"https:\/\/www.ludoturris.lt\/#website","url":"https:\/\/www.ludoturris.lt\/","name":"Ludo Turris","description":"K\u016brybi\u0161kum\u0105 ir fantazij\u0105 lavinan\u010dios kalad\u0117l\u0117s","publisher":{"@id":"https:\/\/www.ludoturris.lt\/#organization"},"potentialAction":[{"@type":"SearchAction","target":{"@type":"EntryPoint","urlTemplate":"https:\/\/www.ludoturris.lt\/?s={search_term_string}"},"query-input":"required name=search_term_string"}],"inLanguage":"en-GB"},{"@type":"Organization","@id":"https:\/\/www.ludoturris.lt\/#organization","name":"Ludo Turris \u2013 Vakar\u0173 gama, UAB","url":"https:\/\/www.ludoturris.lt\/","logo":{"@type":"ImageObject","inLanguage":"en-GB","@id":"https:\/\/www.ludoturris.lt\/#\/schema\/logo\/image\/","url":"https:\/\/www.ludoturris.lt\/wp-content\/uploads\/2020\/10\/logo@2x.png","contentUrl":"https:\/\/www.ludoturris.lt\/wp-content\/uploads\/2020\/10\/logo@2x.png","width":300,"height":147,"caption":"Ludo Turris \u2013 Vakar\u0173 gama, UAB"},"image":{"@id":"https:\/\/www.ludoturris.lt\/#\/schema\/logo\/image\/"},"sameAs":["https:\/\/www.facebook.com\/Ludo-Turris-621921974895920\/","https:\/\/www.youtube.com\/channel\/UCuBACq67N1NGC9LVudo4ngw"]}]}},"uagb_featured_image_src":{"full":["https:\/\/www.ludoturris.lt\/wp-content\/uploads\/2026\/02\/A68500.png",1000,1000,false],"thumbnail":["https:\/\/www.ludoturris.lt\/wp-content\/uploads\/2026\/02\/A68500-150x150.png",150,150,true],"medium":["https:\/\/www.ludoturris.lt\/wp-content\/uploads\/2026\/02\/A68500-300x300.png",300,300,true],"medium_large":["https:\/\/www.ludoturris.lt\/wp-content\/uploads\/2026\/02\/A68500-768x768.png",768,768,true],"large":["https:\/\/www.ludoturris.lt\/wp-content\/uploads\/2026\/02\/A68500.png",1000,1000,false],"1536x1536":["https:\/\/www.ludoturris.lt\/wp-content\/uploads\/2026\/02\/A68500.png",1000,1000,false],"2048x2048":["https:\/\/www.ludoturris.lt\/wp-content\/uploads\/2026\/02\/A68500.png",1000,1000,false],"trp-custom-language-flag":["https:\/\/www.ludoturris.lt\/wp-content\/uploads\/2026\/02\/A68500-12x12.png",12,12,true],"woocommerce_thumbnail":["https:\/\/www.ludoturris.lt\/wp-content\/uploads\/2026\/02\/A68500-300x300.png",300,300,true],"woocommerce_single":["https:\/\/www.ludoturris.lt\/wp-content\/uploads\/2026\/02\/A68500-600x600.png",600,600,true],"woocommerce_gallery_thumbnail":["https:\/\/www.ludoturris.lt\/wp-content\/uploads\/2026\/02\/A68500-100x100.png",100,100,true],"variation_swatches_image_size":["https:\/\/www.ludoturris.lt\/wp-content\/uploads\/2026\/02\/A68500-50x50.png",50,50,true],"variation_swatches_tooltip_size":["https:\/\/www.ludoturris.lt\/wp-content\/uploads\/2026\/02\/A68500-100x100.png",100,100,true],"dgwt-wcas-product-suggestion":["https:\/\/www.ludoturris.lt\/wp-content\/uploads\/2026\/02\/A68500-64x64.png",64,64,true]},"uagb_author_info":{"display_name":"LudoTurris","author_link":"https:\/\/www.ludoturris.lt\/en\/author\/"},"uagb_comment_info":0,"uagb_excerpt":"Rekomenduojamas am\u017eius: nuo 3 met\u0173. XXL dyd\u017eio 2 in 1 LCD ra\u0161ymo lenta sujungia skaitmenin\u012f pie\u0161im\u0105 su klasikine balta lenta viename universaliame lavinamojo pob\u016bd\u017eio \u017eaisle. \u012esp\u016bdingo 71cm dyd\u017eio priekin\u0117je pus\u0117je yra LCD ekranas su 4 spalv\u0173 pie\u0161imo galimybe, o magnetin\u0117 lentos nugar\u0117l\u0117 leid\u017eia ra\u0161yti ir mokytis tradiciniu b\u016bdu. \u012ekraunama baterija aktyviai naudojant veikia iki 12&hellip;","_links":{"self":[{"href":"https:\/\/www.ludoturris.lt\/en\/wp-json\/wp\/v2\/product\/5613"}],"collection":[{"href":"https:\/\/www.ludoturris.lt\/en\/wp-json\/wp\/v2\/product"}],"about":[{"href":"https:\/\/www.ludoturris.lt\/en\/wp-json\/wp\/v2\/types\/product"}],"wp:featuredmedia":[{"embeddable":true,"href":"https:\/\/www.ludoturris.lt\/en\/wp-json\/wp\/v2\/media\/5614"}],"wp:attachment":[{"href":"https:\/\/www.ludoturris.lt\/en\/wp-json\/wp\/v2\/media?parent=5613"}],"wp:term":[{"taxonomy":"product_cat","embeddable":true,"href":"https:\/\/www.ludoturris.lt\/en\/wp-json\/wp\/v2\/product_cat?post=5613"},{"taxonomy":"product_tag","embeddable":true,"href":"https:\/\/www.ludoturris.lt\/en\/wp-json\/wp\/v2\/product_tag?post=5613"}],"curies":[{"name":"wp","href":"https:\/\/api.w.org\/{rel}","templated":true}]}}