{"id":5602,"date":"2026-02-10T09:29:07","date_gmt":"2026-02-10T11:29:07","guid":{"rendered":"https:\/\/www.ludoturris.lt\/?post_type=product&#038;p=5602"},"modified":"2026-02-10T09:32:39","modified_gmt":"2026-02-10T11:32:39","slug":"vaidmenu-zaidimas-ugnegesys","status":"publish","type":"product","link":"https:\/\/www.ludoturris.lt\/en\/product\/vaidmenu-zaidimas-ugnegesys\/","title":{"rendered":"Vaidmen\u0173 \u017eaidimas \u201eUgnegesys\u201c"},"content":{"rendered":"<p>Rekomenduojamas am\u017eius: nuo 3 met\u0173. Mediniame ugniagesio rinkinyje j\u016bs rasite 10 skirting\u0173 pried\u0173. Rinkinyje yra viskas, ko reikia tikram ma\u017eajam herojui: gesintuvas, racija, \u017eibintuv\u0117lis, ugniagesio liemen\u0117, lau\u017etuvas ir kirvis \u2013 visa tai pagaminta i\u0161 tvirt\u0173 medini\u0173 med\u017eiag\u0173 su puikiomis detal\u0117mis. Puikiai tinka vaizduot\u0117s, vaidmen\u0173 \u017eaidimui kur vaikai gali lavinti empatij\u0105, bendradarbiavim\u0105 ir veiksm\u0105. Kilm\u0117s \u0161alis: Danija<\/p>","protected":false},"excerpt":{"rendered":"<p>Rekomenduojamas am\u017eius: nuo 3 met\u0173. Mediniame ugniagesio rinkinyje j\u016bs rasite 10 skirting\u0173 pried\u0173. Rinkinyje yra viskas, ko reikia tikram ma\u017eajam herojui: gesintuvas, racija, \u017eibintuv\u0117lis, ugniagesio liemen\u0117, lau\u017etuvas ir kirvis \u2013 visa tai pagaminta i\u0161 tvirt\u0173 medini\u0173 med\u017eiag\u0173 su puikiomis detal\u0117mis. Puikiai tinka vaizduot\u0117s, vaidmen\u0173 \u017eaidimui kur vaikai gali lavinti empatij\u0105, bendradarbiavim\u0105 ir veiksm\u0105. Kilm\u0117s \u0161alis: &hellip;<\/p>\n<p class=\"read-more\"> <a class=\"\" href=\"https:\/\/www.ludoturris.lt\/en\/product\/vaidmenu-zaidimas-ugnegesys\/\"> <span class=\"screen-reader-text\">Vaidmen\u0173 \u017eaidimas \u201eUgnegesys\u201c<\/span> Read More &raquo;<\/a><\/p>","protected":false},"featured_media":5603,"template":"","meta":{"_uag_custom_page_level_css":"","_themeisle_gutenberg_block_has_review":false},"product_cat":[95,69,96],"product_tag":[],"yoast_head":"<!-- This site is optimized with the Yoast SEO plugin v21.1 - https:\/\/yoast.com\/wordpress\/plugins\/seo\/ -->\n<title>Vaidmen\u0173 \u017eaidimas \u201eUgnegesys\u201c - Ludo Turris<\/title>\n<meta name=\"description\" content=\"Vaidmen\u0173 \u017eaidimas \u201eUgniagesys\u201c \u2013 lavinantis \u017eaislas vaikams, skatinantis vaizduot\u0119, dr\u0105s\u0105 ir vaidmeninius \u017eaidimus namuose ar lauke.\" \/>\n<meta name=\"robots\" content=\"index, follow, max-snippet:-1, max-image-preview:large, max-video-preview:-1\" \/>\n<link rel=\"canonical\" href=\"https:\/\/www.ludoturris.lt\/en\/product\/vaidmenu-zaidimas-ugnegesys\/\" \/>\n<meta property=\"og:locale\" content=\"en_GB\" \/>\n<meta property=\"og:type\" content=\"article\" \/>\n<meta property=\"og:title\" content=\"Vaidmen\u0173 \u017eaidimas \u201eUgnegesys\u201c - Ludo Turris\" \/>\n<meta property=\"og:description\" content=\"Vaidmen\u0173 \u017eaidimas \u201eUgniagesys\u201c \u2013 lavinantis \u017eaislas vaikams, skatinantis vaizduot\u0119, dr\u0105s\u0105 ir vaidmeninius \u017eaidimus namuose ar lauke.\" \/>\n<meta property=\"og:url\" content=\"https:\/\/www.ludoturris.lt\/en\/product\/vaidmenu-zaidimas-ugnegesys\/\" \/>\n<meta property=\"og:site_name\" content=\"Ludo Turris\" \/>\n<meta property=\"article:publisher\" content=\"https:\/\/www.facebook.com\/Ludo-Turris-621921974895920\/\" \/>\n<meta property=\"article:modified_time\" content=\"2026-02-10T11:32:39+00:00\" \/>\n<meta property=\"og:image\" content=\"https:\/\/www.ludoturris.lt\/wp-content\/uploads\/2026\/02\/D5715.png\" \/>\n\t<meta property=\"og:image:width\" content=\"1000\" \/>\n\t<meta property=\"og:image:height\" content=\"1000\" \/>\n\t<meta property=\"og:image:type\" content=\"image\/png\" \/>\n<meta name=\"twitter:card\" content=\"summary_large_image\" \/>\n<meta name=\"twitter:label1\" content=\"Estimated reading time\" \/>\n\t<meta name=\"twitter:data1\" content=\"1 minute\" \/>\n<script type=\"application\/ld+json\" class=\"yoast-schema-graph\">{\"@context\":\"https:\/\/schema.org\",\"@graph\":[{\"@type\":\"WebPage\",\"@id\":\"https:\/\/www.ludoturris.lt\/produktas\/vaidmenu-zaidimas-ugnegesys\/\",\"url\":\"https:\/\/www.ludoturris.lt\/produktas\/vaidmenu-zaidimas-ugnegesys\/\",\"name\":\"Vaidmen\u0173 \u017eaidimas \u201eUgnegesys\u201c - Ludo Turris\",\"isPartOf\":{\"@id\":\"https:\/\/www.ludoturris.lt\/#website\"},\"datePublished\":\"2026-02-10T11:29:07+00:00\",\"dateModified\":\"2026-02-10T11:32:39+00:00\",\"description\":\"Vaidmen\u0173 \u017eaidimas \u201eUgniagesys\u201c \u2013 lavinantis \u017eaislas vaikams, skatinantis vaizduot\u0119, dr\u0105s\u0105 ir vaidmeninius \u017eaidimus namuose ar lauke.\",\"breadcrumb\":{\"@id\":\"https:\/\/www.ludoturris.lt\/produktas\/vaidmenu-zaidimas-ugnegesys\/#breadcrumb\"},\"inLanguage\":\"en-GB\",\"potentialAction\":[{\"@type\":\"ReadAction\",\"target\":[\"https:\/\/www.ludoturris.lt\/produktas\/vaidmenu-zaidimas-ugnegesys\/\"]}]},{\"@type\":\"BreadcrumbList\",\"@id\":\"https:\/\/www.ludoturris.lt\/produktas\/vaidmenu-zaidimas-ugnegesys\/#breadcrumb\",\"itemListElement\":[{\"@type\":\"ListItem\",\"position\":1,\"name\":\"Home\",\"item\":\"https:\/\/www.ludoturris.lt\/\"},{\"@type\":\"ListItem\",\"position\":2,\"name\":\"Parduotuv\u0117\",\"item\":\"https:\/\/www.ludoturris.lt\/parduotuve\/\"},{\"@type\":\"ListItem\",\"position\":3,\"name\":\"Vaidmen\u0173 \u017eaidimas \u201eUgnegesys\u201c\"}]},{\"@type\":\"WebSite\",\"@id\":\"https:\/\/www.ludoturris.lt\/#website\",\"url\":\"https:\/\/www.ludoturris.lt\/\",\"name\":\"Ludo Turris\",\"description\":\"K\u016brybi\u0161kum\u0105 ir fantazij\u0105 lavinan\u010dios kalad\u0117l\u0117s\",\"publisher\":{\"@id\":\"https:\/\/www.ludoturris.lt\/#organization\"},\"potentialAction\":[{\"@type\":\"SearchAction\",\"target\":{\"@type\":\"EntryPoint\",\"urlTemplate\":\"https:\/\/www.ludoturris.lt\/?s={search_term_string}\"},\"query-input\":\"required name=search_term_string\"}],\"inLanguage\":\"en-GB\"},{\"@type\":\"Organization\",\"@id\":\"https:\/\/www.ludoturris.lt\/#organization\",\"name\":\"Ludo Turris \u2013 Vakar\u0173 gama, UAB\",\"url\":\"https:\/\/www.ludoturris.lt\/\",\"logo\":{\"@type\":\"ImageObject\",\"inLanguage\":\"en-GB\",\"@id\":\"https:\/\/www.ludoturris.lt\/#\/schema\/logo\/image\/\",\"url\":\"https:\/\/www.ludoturris.lt\/wp-content\/uploads\/2020\/10\/logo@2x.png\",\"contentUrl\":\"https:\/\/www.ludoturris.lt\/wp-content\/uploads\/2020\/10\/logo@2x.png\",\"width\":300,\"height\":147,\"caption\":\"Ludo Turris \u2013 Vakar\u0173 gama, UAB\"},\"image\":{\"@id\":\"https:\/\/www.ludoturris.lt\/#\/schema\/logo\/image\/\"},\"sameAs\":[\"https:\/\/www.facebook.com\/Ludo-Turris-621921974895920\/\",\"https:\/\/www.youtube.com\/channel\/UCuBACq67N1NGC9LVudo4ngw\"]}]}<\/script>\n<!-- \/ Yoast SEO plugin. -->","yoast_head_json":{"title":"Vaidmen\u0173 \u017eaidimas \u201eUgnegesys\u201c - Ludo Turris","description":"Vaidmen\u0173 \u017eaidimas \u201eUgniagesys\u201c \u2013 lavinantis \u017eaislas vaikams, skatinantis vaizduot\u0119, dr\u0105s\u0105 ir vaidmeninius \u017eaidimus namuose ar lauke.","robots":{"index":"index","follow":"follow","max-snippet":"max-snippet:-1","max-image-preview":"max-image-preview:large","max-video-preview":"max-video-preview:-1"},"canonical":"https:\/\/www.ludoturris.lt\/en\/product\/vaidmenu-zaidimas-ugnegesys\/","og_locale":"en_GB","og_type":"article","og_title":"Vaidmen\u0173 \u017eaidimas \u201eUgnegesys\u201c - Ludo Turris","og_description":"Vaidmen\u0173 \u017eaidimas \u201eUgniagesys\u201c \u2013 lavinantis \u017eaislas vaikams, skatinantis vaizduot\u0119, dr\u0105s\u0105 ir vaidmeninius \u017eaidimus namuose ar lauke.","og_url":"https:\/\/www.ludoturris.lt\/en\/product\/vaidmenu-zaidimas-ugnegesys\/","og_site_name":"Ludo Turris","article_publisher":"https:\/\/www.facebook.com\/Ludo-Turris-621921974895920\/","article_modified_time":"2026-02-10T11:32:39+00:00","og_image":[{"width":1000,"height":1000,"url":"https:\/\/www.ludoturris.lt\/wp-content\/uploads\/2026\/02\/D5715.png","type":"image\/png"}],"twitter_card":"summary_large_image","twitter_misc":{"Estimated reading time":"1 minute"},"schema":{"@context":"https:\/\/schema.org","@graph":[{"@type":"WebPage","@id":"https:\/\/www.ludoturris.lt\/produktas\/vaidmenu-zaidimas-ugnegesys\/","url":"https:\/\/www.ludoturris.lt\/produktas\/vaidmenu-zaidimas-ugnegesys\/","name":"Vaidmen\u0173 \u017eaidimas \u201eUgnegesys\u201c - Ludo Turris","isPartOf":{"@id":"https:\/\/www.ludoturris.lt\/#website"},"datePublished":"2026-02-10T11:29:07+00:00","dateModified":"2026-02-10T11:32:39+00:00","description":"Vaidmen\u0173 \u017eaidimas \u201eUgniagesys\u201c \u2013 lavinantis \u017eaislas vaikams, skatinantis vaizduot\u0119, dr\u0105s\u0105 ir vaidmeninius \u017eaidimus namuose ar lauke.","breadcrumb":{"@id":"https:\/\/www.ludoturris.lt\/produktas\/vaidmenu-zaidimas-ugnegesys\/#breadcrumb"},"inLanguage":"en-GB","potentialAction":[{"@type":"ReadAction","target":["https:\/\/www.ludoturris.lt\/produktas\/vaidmenu-zaidimas-ugnegesys\/"]}]},{"@type":"BreadcrumbList","@id":"https:\/\/www.ludoturris.lt\/produktas\/vaidmenu-zaidimas-ugnegesys\/#breadcrumb","itemListElement":[{"@type":"ListItem","position":1,"name":"Home","item":"https:\/\/www.ludoturris.lt\/"},{"@type":"ListItem","position":2,"name":"Parduotuv\u0117","item":"https:\/\/www.ludoturris.lt\/parduotuve\/"},{"@type":"ListItem","position":3,"name":"Vaidmen\u0173 \u017eaidimas \u201eUgnegesys\u201c"}]},{"@type":"WebSite","@id":"https:\/\/www.ludoturris.lt\/#website","url":"https:\/\/www.ludoturris.lt\/","name":"Ludo Turris","description":"K\u016brybi\u0161kum\u0105 ir fantazij\u0105 lavinan\u010dios kalad\u0117l\u0117s","publisher":{"@id":"https:\/\/www.ludoturris.lt\/#organization"},"potentialAction":[{"@type":"SearchAction","target":{"@type":"EntryPoint","urlTemplate":"https:\/\/www.ludoturris.lt\/?s={search_term_string}"},"query-input":"required name=search_term_string"}],"inLanguage":"en-GB"},{"@type":"Organization","@id":"https:\/\/www.ludoturris.lt\/#organization","name":"Ludo Turris \u2013 Vakar\u0173 gama, UAB","url":"https:\/\/www.ludoturris.lt\/","logo":{"@type":"ImageObject","inLanguage":"en-GB","@id":"https:\/\/www.ludoturris.lt\/#\/schema\/logo\/image\/","url":"https:\/\/www.ludoturris.lt\/wp-content\/uploads\/2020\/10\/logo@2x.png","contentUrl":"https:\/\/www.ludoturris.lt\/wp-content\/uploads\/2020\/10\/logo@2x.png","width":300,"height":147,"caption":"Ludo Turris \u2013 Vakar\u0173 gama, UAB"},"image":{"@id":"https:\/\/www.ludoturris.lt\/#\/schema\/logo\/image\/"},"sameAs":["https:\/\/www.facebook.com\/Ludo-Turris-621921974895920\/","https:\/\/www.youtube.com\/channel\/UCuBACq67N1NGC9LVudo4ngw"]}]}},"uagb_featured_image_src":{"full":["https:\/\/www.ludoturris.lt\/wp-content\/uploads\/2026\/02\/D5715.png",1000,1000,false],"thumbnail":["https:\/\/www.ludoturris.lt\/wp-content\/uploads\/2026\/02\/D5715-150x150.png",150,150,true],"medium":["https:\/\/www.ludoturris.lt\/wp-content\/uploads\/2026\/02\/D5715-300x300.png",300,300,true],"medium_large":["https:\/\/www.ludoturris.lt\/wp-content\/uploads\/2026\/02\/D5715-768x768.png",768,768,true],"large":["https:\/\/www.ludoturris.lt\/wp-content\/uploads\/2026\/02\/D5715.png",1000,1000,false],"1536x1536":["https:\/\/www.ludoturris.lt\/wp-content\/uploads\/2026\/02\/D5715.png",1000,1000,false],"2048x2048":["https:\/\/www.ludoturris.lt\/wp-content\/uploads\/2026\/02\/D5715.png",1000,1000,false],"trp-custom-language-flag":["https:\/\/www.ludoturris.lt\/wp-content\/uploads\/2026\/02\/D5715-12x12.png",12,12,true],"woocommerce_thumbnail":["https:\/\/www.ludoturris.lt\/wp-content\/uploads\/2026\/02\/D5715-300x300.png",300,300,true],"woocommerce_single":["https:\/\/www.ludoturris.lt\/wp-content\/uploads\/2026\/02\/D5715-600x600.png",600,600,true],"woocommerce_gallery_thumbnail":["https:\/\/www.ludoturris.lt\/wp-content\/uploads\/2026\/02\/D5715-100x100.png",100,100,true],"variation_swatches_image_size":["https:\/\/www.ludoturris.lt\/wp-content\/uploads\/2026\/02\/D5715-50x50.png",50,50,true],"variation_swatches_tooltip_size":["https:\/\/www.ludoturris.lt\/wp-content\/uploads\/2026\/02\/D5715-100x100.png",100,100,true],"dgwt-wcas-product-suggestion":["https:\/\/www.ludoturris.lt\/wp-content\/uploads\/2026\/02\/D5715-64x64.png",64,64,true]},"uagb_author_info":{"display_name":"LudoTurris","author_link":"https:\/\/www.ludoturris.lt\/en\/author\/"},"uagb_comment_info":0,"uagb_excerpt":"Rekomenduojamas am\u017eius: nuo 3 met\u0173. Mediniame ugniagesio rinkinyje j\u016bs rasite 10 skirting\u0173 pried\u0173. Rinkinyje yra viskas, ko reikia tikram ma\u017eajam herojui: gesintuvas, racija, \u017eibintuv\u0117lis, ugniagesio liemen\u0117, lau\u017etuvas ir kirvis \u2013 visa tai pagaminta i\u0161 tvirt\u0173 medini\u0173 med\u017eiag\u0173 su puikiomis detal\u0117mis. Puikiai tinka vaizduot\u0117s, vaidmen\u0173 \u017eaidimui kur vaikai gali lavinti empatij\u0105, bendradarbiavim\u0105 ir veiksm\u0105. Kilm\u0117s \u0161alis:&hellip;","_links":{"self":[{"href":"https:\/\/www.ludoturris.lt\/en\/wp-json\/wp\/v2\/product\/5602"}],"collection":[{"href":"https:\/\/www.ludoturris.lt\/en\/wp-json\/wp\/v2\/product"}],"about":[{"href":"https:\/\/www.ludoturris.lt\/en\/wp-json\/wp\/v2\/types\/product"}],"wp:featuredmedia":[{"embeddable":true,"href":"https:\/\/www.ludoturris.lt\/en\/wp-json\/wp\/v2\/media\/5603"}],"wp:attachment":[{"href":"https:\/\/www.ludoturris.lt\/en\/wp-json\/wp\/v2\/media?parent=5602"}],"wp:term":[{"taxonomy":"product_cat","embeddable":true,"href":"https:\/\/www.ludoturris.lt\/en\/wp-json\/wp\/v2\/product_cat?post=5602"},{"taxonomy":"product_tag","embeddable":true,"href":"https:\/\/www.ludoturris.lt\/en\/wp-json\/wp\/v2\/product_tag?post=5602"}],"curies":[{"name":"wp","href":"https:\/\/api.w.org\/{rel}","templated":true}]}}