{"id":5586,"date":"2026-02-10T08:29:56","date_gmt":"2026-02-10T10:29:56","guid":{"rendered":"https:\/\/www.ludoturris.lt\/?post_type=product&#038;p=5586"},"modified":"2026-02-10T08:45:06","modified_gmt":"2026-02-10T10:45:06","slug":"stalo-irankiu-vakarienes-komplektas","status":"publish","type":"product","link":"https:\/\/www.ludoturris.lt\/en\/product\/stalo-irankiu-vakarienes-komplektas\/","title":{"rendered":"Stalo \u012franki\u0173 \u201evakarien\u0117s\u201c komplektas"},"content":{"rendered":"<p>Rekomenduojamas am\u017eius: nuo 2 met\u0173. Galima rinktis i\u0161 dviej\u0173 miel\u0173 skirting\u0173 spalv\u0173 \u2013 m\u0117lyni\/sm\u0117lio atspalvi\u0173 ir  ro\u017einiai\/slyv\u0173 atspalvi\u0173 stalo \u012franki\u0173 komplekto. \u0160ie puik\u016bs stalo \u012frankiai yra prakti\u0161ki ir \u017eav\u016bs \u2013 puikiai tinka ma\u017eiems patiekalams. Rinkin\u012f sudaro dubuo, peilis, \u0161akut\u0117, \u0161auk\u0161tas, puodelis su pridedamu snapeliu ir didel\u0117 l\u0117k\u0161t\u0117, kurioje ir dubuo, ir puodelis gali stabiliai stov\u0117ti. Visi jie yra gra\u017ei\u0173 spalv\u0173, kurios paver\u010dia valgym\u0105 \u0161iek tiek smagesniu. Indai pagaminti i\u0161 maistui tinkam\u0173 med\u017eiag\u0173, juos galima plauti indaplov\u0117je ir naudoti mikrobang\u0173 krosnel\u0117je \u2013 paprasta ir prakti\u0161ka naudoti \u012ftemptoje kasdienyb\u0117je. Kilm\u0117s \u0161alis:Danija<\/p>","protected":false},"excerpt":{"rendered":"<p>Rekomenduojamas am\u017eius: nuo 2 met\u0173. Galima rinktis i\u0161 dviej\u0173 miel\u0173 skirting\u0173 spalv\u0173 \u2013 m\u0117lyni\/sm\u0117lio atspalvi\u0173 ir ro\u017einiai\/slyv\u0173 atspalvi\u0173 stalo \u012franki\u0173 komplekto. \u0160ie puik\u016bs stalo \u012frankiai yra prakti\u0161ki ir \u017eav\u016bs \u2013 puikiai tinka ma\u017eiems patiekalams. Rinkin\u012f sudaro dubuo, peilis, \u0161akut\u0117, \u0161auk\u0161tas, puodelis su pridedamu snapeliu ir didel\u0117 l\u0117k\u0161t\u0117, kurioje ir dubuo, ir puodelis gali stabiliai stov\u0117ti. &hellip;<\/p>\n<p class=\"read-more\"> <a class=\"\" href=\"https:\/\/www.ludoturris.lt\/en\/product\/stalo-irankiu-vakarienes-komplektas\/\"> <span class=\"screen-reader-text\">Stalo \u012franki\u0173 \u201evakarien\u0117s\u201c komplektas<\/span> Read More &raquo;<\/a><\/p>","protected":false},"featured_media":5592,"template":"","meta":{"_uag_custom_page_level_css":"","_themeisle_gutenberg_block_has_review":false},"product_cat":[95,69,94],"product_tag":[],"yoast_head":"<!-- This site is optimized with the Yoast SEO plugin v21.1 - https:\/\/yoast.com\/wordpress\/plugins\/seo\/ -->\n<title>Stalo \u012franki\u0173 \u201evakarien\u0117s\u201c komplektas - Ludo Turris<\/title>\n<meta name=\"description\" content=\"Stalo \u012franki\u0173 \u201eVakarien\u0117s\u201c komplektas \u2013 \u017eaismingas rinkinys vaikams, skirtas vaidmeniniams \u017eaidimams, lavinantis vaizduot\u0119 ir socialinius \u012fg\u016bd\u017eius.\" \/>\n<meta name=\"robots\" content=\"index, follow, max-snippet:-1, max-image-preview:large, max-video-preview:-1\" \/>\n<link rel=\"canonical\" href=\"https:\/\/www.ludoturris.lt\/en\/product\/stalo-irankiu-vakarienes-komplektas\/\" \/>\n<meta property=\"og:locale\" content=\"en_GB\" \/>\n<meta property=\"og:type\" content=\"article\" \/>\n<meta property=\"og:title\" content=\"Stalo \u012franki\u0173 \u201evakarien\u0117s\u201c komplektas - Ludo Turris\" \/>\n<meta property=\"og:description\" content=\"Stalo \u012franki\u0173 \u201eVakarien\u0117s\u201c komplektas \u2013 \u017eaismingas rinkinys vaikams, skirtas vaidmeniniams \u017eaidimams, lavinantis vaizduot\u0119 ir socialinius \u012fg\u016bd\u017eius.\" \/>\n<meta property=\"og:url\" content=\"https:\/\/www.ludoturris.lt\/en\/product\/stalo-irankiu-vakarienes-komplektas\/\" \/>\n<meta property=\"og:site_name\" content=\"Ludo Turris\" \/>\n<meta property=\"article:publisher\" content=\"https:\/\/www.facebook.com\/Ludo-Turris-621921974895920\/\" \/>\n<meta property=\"article:modified_time\" content=\"2026-02-10T10:45:06+00:00\" \/>\n<meta property=\"og:image\" content=\"https:\/\/www.ludoturris.lt\/wp-content\/uploads\/2026\/02\/D6081-1-1.png\" \/>\n\t<meta property=\"og:image:width\" content=\"1000\" \/>\n\t<meta property=\"og:image:height\" content=\"1000\" \/>\n\t<meta property=\"og:image:type\" content=\"image\/png\" \/>\n<meta name=\"twitter:card\" content=\"summary_large_image\" \/>\n<meta name=\"twitter:label1\" content=\"Estimated reading time\" \/>\n\t<meta name=\"twitter:data1\" content=\"1 minute\" \/>\n<script type=\"application\/ld+json\" class=\"yoast-schema-graph\">{\"@context\":\"https:\/\/schema.org\",\"@graph\":[{\"@type\":\"WebPage\",\"@id\":\"https:\/\/www.ludoturris.lt\/produktas\/stalo-irankiu-vakarienes-komplektas\/\",\"url\":\"https:\/\/www.ludoturris.lt\/produktas\/stalo-irankiu-vakarienes-komplektas\/\",\"name\":\"Stalo \u012franki\u0173 \u201evakarien\u0117s\u201c komplektas - Ludo Turris\",\"isPartOf\":{\"@id\":\"https:\/\/www.ludoturris.lt\/#website\"},\"datePublished\":\"2026-02-10T10:29:56+00:00\",\"dateModified\":\"2026-02-10T10:45:06+00:00\",\"description\":\"Stalo \u012franki\u0173 \u201eVakarien\u0117s\u201c komplektas \u2013 \u017eaismingas rinkinys vaikams, skirtas vaidmeniniams \u017eaidimams, lavinantis vaizduot\u0119 ir socialinius \u012fg\u016bd\u017eius.\",\"breadcrumb\":{\"@id\":\"https:\/\/www.ludoturris.lt\/produktas\/stalo-irankiu-vakarienes-komplektas\/#breadcrumb\"},\"inLanguage\":\"en-GB\",\"potentialAction\":[{\"@type\":\"ReadAction\",\"target\":[\"https:\/\/www.ludoturris.lt\/produktas\/stalo-irankiu-vakarienes-komplektas\/\"]}]},{\"@type\":\"BreadcrumbList\",\"@id\":\"https:\/\/www.ludoturris.lt\/produktas\/stalo-irankiu-vakarienes-komplektas\/#breadcrumb\",\"itemListElement\":[{\"@type\":\"ListItem\",\"position\":1,\"name\":\"Home\",\"item\":\"https:\/\/www.ludoturris.lt\/\"},{\"@type\":\"ListItem\",\"position\":2,\"name\":\"Parduotuv\u0117\",\"item\":\"https:\/\/www.ludoturris.lt\/parduotuve\/\"},{\"@type\":\"ListItem\",\"position\":3,\"name\":\"Stalo \u012franki\u0173 \u201evakarien\u0117s\u201c komplektas\"}]},{\"@type\":\"WebSite\",\"@id\":\"https:\/\/www.ludoturris.lt\/#website\",\"url\":\"https:\/\/www.ludoturris.lt\/\",\"name\":\"Ludo Turris\",\"description\":\"K\u016brybi\u0161kum\u0105 ir fantazij\u0105 lavinan\u010dios kalad\u0117l\u0117s\",\"publisher\":{\"@id\":\"https:\/\/www.ludoturris.lt\/#organization\"},\"potentialAction\":[{\"@type\":\"SearchAction\",\"target\":{\"@type\":\"EntryPoint\",\"urlTemplate\":\"https:\/\/www.ludoturris.lt\/?s={search_term_string}\"},\"query-input\":\"required name=search_term_string\"}],\"inLanguage\":\"en-GB\"},{\"@type\":\"Organization\",\"@id\":\"https:\/\/www.ludoturris.lt\/#organization\",\"name\":\"Ludo Turris \u2013 Vakar\u0173 gama, UAB\",\"url\":\"https:\/\/www.ludoturris.lt\/\",\"logo\":{\"@type\":\"ImageObject\",\"inLanguage\":\"en-GB\",\"@id\":\"https:\/\/www.ludoturris.lt\/#\/schema\/logo\/image\/\",\"url\":\"https:\/\/www.ludoturris.lt\/wp-content\/uploads\/2020\/10\/logo@2x.png\",\"contentUrl\":\"https:\/\/www.ludoturris.lt\/wp-content\/uploads\/2020\/10\/logo@2x.png\",\"width\":300,\"height\":147,\"caption\":\"Ludo Turris \u2013 Vakar\u0173 gama, UAB\"},\"image\":{\"@id\":\"https:\/\/www.ludoturris.lt\/#\/schema\/logo\/image\/\"},\"sameAs\":[\"https:\/\/www.facebook.com\/Ludo-Turris-621921974895920\/\",\"https:\/\/www.youtube.com\/channel\/UCuBACq67N1NGC9LVudo4ngw\"]}]}<\/script>\n<!-- \/ Yoast SEO plugin. -->","yoast_head_json":{"title":"Stalo \u012franki\u0173 \u201evakarien\u0117s\u201c komplektas - Ludo Turris","description":"Stalo \u012franki\u0173 \u201eVakarien\u0117s\u201c komplektas \u2013 \u017eaismingas rinkinys vaikams, skirtas vaidmeniniams \u017eaidimams, lavinantis vaizduot\u0119 ir socialinius \u012fg\u016bd\u017eius.","robots":{"index":"index","follow":"follow","max-snippet":"max-snippet:-1","max-image-preview":"max-image-preview:large","max-video-preview":"max-video-preview:-1"},"canonical":"https:\/\/www.ludoturris.lt\/en\/product\/stalo-irankiu-vakarienes-komplektas\/","og_locale":"en_GB","og_type":"article","og_title":"Stalo \u012franki\u0173 \u201evakarien\u0117s\u201c komplektas - Ludo Turris","og_description":"Stalo \u012franki\u0173 \u201eVakarien\u0117s\u201c komplektas \u2013 \u017eaismingas rinkinys vaikams, skirtas vaidmeniniams \u017eaidimams, lavinantis vaizduot\u0119 ir socialinius \u012fg\u016bd\u017eius.","og_url":"https:\/\/www.ludoturris.lt\/en\/product\/stalo-irankiu-vakarienes-komplektas\/","og_site_name":"Ludo Turris","article_publisher":"https:\/\/www.facebook.com\/Ludo-Turris-621921974895920\/","article_modified_time":"2026-02-10T10:45:06+00:00","og_image":[{"width":1000,"height":1000,"url":"https:\/\/www.ludoturris.lt\/wp-content\/uploads\/2026\/02\/D6081-1-1.png","type":"image\/png"}],"twitter_card":"summary_large_image","twitter_misc":{"Estimated reading time":"1 minute"},"schema":{"@context":"https:\/\/schema.org","@graph":[{"@type":"WebPage","@id":"https:\/\/www.ludoturris.lt\/produktas\/stalo-irankiu-vakarienes-komplektas\/","url":"https:\/\/www.ludoturris.lt\/produktas\/stalo-irankiu-vakarienes-komplektas\/","name":"Stalo \u012franki\u0173 \u201evakarien\u0117s\u201c komplektas - Ludo Turris","isPartOf":{"@id":"https:\/\/www.ludoturris.lt\/#website"},"datePublished":"2026-02-10T10:29:56+00:00","dateModified":"2026-02-10T10:45:06+00:00","description":"Stalo \u012franki\u0173 \u201eVakarien\u0117s\u201c komplektas \u2013 \u017eaismingas rinkinys vaikams, skirtas vaidmeniniams \u017eaidimams, lavinantis vaizduot\u0119 ir socialinius \u012fg\u016bd\u017eius.","breadcrumb":{"@id":"https:\/\/www.ludoturris.lt\/produktas\/stalo-irankiu-vakarienes-komplektas\/#breadcrumb"},"inLanguage":"en-GB","potentialAction":[{"@type":"ReadAction","target":["https:\/\/www.ludoturris.lt\/produktas\/stalo-irankiu-vakarienes-komplektas\/"]}]},{"@type":"BreadcrumbList","@id":"https:\/\/www.ludoturris.lt\/produktas\/stalo-irankiu-vakarienes-komplektas\/#breadcrumb","itemListElement":[{"@type":"ListItem","position":1,"name":"Home","item":"https:\/\/www.ludoturris.lt\/"},{"@type":"ListItem","position":2,"name":"Parduotuv\u0117","item":"https:\/\/www.ludoturris.lt\/parduotuve\/"},{"@type":"ListItem","position":3,"name":"Stalo \u012franki\u0173 \u201evakarien\u0117s\u201c komplektas"}]},{"@type":"WebSite","@id":"https:\/\/www.ludoturris.lt\/#website","url":"https:\/\/www.ludoturris.lt\/","name":"Ludo Turris","description":"K\u016brybi\u0161kum\u0105 ir fantazij\u0105 lavinan\u010dios kalad\u0117l\u0117s","publisher":{"@id":"https:\/\/www.ludoturris.lt\/#organization"},"potentialAction":[{"@type":"SearchAction","target":{"@type":"EntryPoint","urlTemplate":"https:\/\/www.ludoturris.lt\/?s={search_term_string}"},"query-input":"required name=search_term_string"}],"inLanguage":"en-GB"},{"@type":"Organization","@id":"https:\/\/www.ludoturris.lt\/#organization","name":"Ludo Turris \u2013 Vakar\u0173 gama, UAB","url":"https:\/\/www.ludoturris.lt\/","logo":{"@type":"ImageObject","inLanguage":"en-GB","@id":"https:\/\/www.ludoturris.lt\/#\/schema\/logo\/image\/","url":"https:\/\/www.ludoturris.lt\/wp-content\/uploads\/2020\/10\/logo@2x.png","contentUrl":"https:\/\/www.ludoturris.lt\/wp-content\/uploads\/2020\/10\/logo@2x.png","width":300,"height":147,"caption":"Ludo Turris \u2013 Vakar\u0173 gama, UAB"},"image":{"@id":"https:\/\/www.ludoturris.lt\/#\/schema\/logo\/image\/"},"sameAs":["https:\/\/www.facebook.com\/Ludo-Turris-621921974895920\/","https:\/\/www.youtube.com\/channel\/UCuBACq67N1NGC9LVudo4ngw"]}]}},"uagb_featured_image_src":{"full":["https:\/\/www.ludoturris.lt\/wp-content\/uploads\/2026\/02\/D6081-1-1.png",1000,1000,false],"thumbnail":["https:\/\/www.ludoturris.lt\/wp-content\/uploads\/2026\/02\/D6081-1-1-150x150.png",150,150,true],"medium":["https:\/\/www.ludoturris.lt\/wp-content\/uploads\/2026\/02\/D6081-1-1-300x300.png",300,300,true],"medium_large":["https:\/\/www.ludoturris.lt\/wp-content\/uploads\/2026\/02\/D6081-1-1-768x768.png",768,768,true],"large":["https:\/\/www.ludoturris.lt\/wp-content\/uploads\/2026\/02\/D6081-1-1.png",1000,1000,false],"1536x1536":["https:\/\/www.ludoturris.lt\/wp-content\/uploads\/2026\/02\/D6081-1-1.png",1000,1000,false],"2048x2048":["https:\/\/www.ludoturris.lt\/wp-content\/uploads\/2026\/02\/D6081-1-1.png",1000,1000,false],"trp-custom-language-flag":["https:\/\/www.ludoturris.lt\/wp-content\/uploads\/2026\/02\/D6081-1-1-12x12.png",12,12,true],"woocommerce_thumbnail":["https:\/\/www.ludoturris.lt\/wp-content\/uploads\/2026\/02\/D6081-1-1-300x300.png",300,300,true],"woocommerce_single":["https:\/\/www.ludoturris.lt\/wp-content\/uploads\/2026\/02\/D6081-1-1-600x600.png",600,600,true],"woocommerce_gallery_thumbnail":["https:\/\/www.ludoturris.lt\/wp-content\/uploads\/2026\/02\/D6081-1-1-100x100.png",100,100,true],"variation_swatches_image_size":["https:\/\/www.ludoturris.lt\/wp-content\/uploads\/2026\/02\/D6081-1-1-50x50.png",50,50,true],"variation_swatches_tooltip_size":["https:\/\/www.ludoturris.lt\/wp-content\/uploads\/2026\/02\/D6081-1-1-100x100.png",100,100,true],"dgwt-wcas-product-suggestion":["https:\/\/www.ludoturris.lt\/wp-content\/uploads\/2026\/02\/D6081-1-1-64x64.png",64,64,true]},"uagb_author_info":{"display_name":"LudoTurris","author_link":"https:\/\/www.ludoturris.lt\/en\/author\/"},"uagb_comment_info":0,"uagb_excerpt":"Rekomenduojamas am\u017eius: nuo 2 met\u0173. Galima rinktis i\u0161 dviej\u0173 miel\u0173 skirting\u0173 spalv\u0173 \u2013 m\u0117lyni\/sm\u0117lio atspalvi\u0173 ir ro\u017einiai\/slyv\u0173 atspalvi\u0173 stalo \u012franki\u0173 komplekto. \u0160ie puik\u016bs stalo \u012frankiai yra prakti\u0161ki ir \u017eav\u016bs \u2013 puikiai tinka ma\u017eiems patiekalams. Rinkin\u012f sudaro dubuo, peilis, \u0161akut\u0117, \u0161auk\u0161tas, puodelis su pridedamu snapeliu ir didel\u0117 l\u0117k\u0161t\u0117, kurioje ir dubuo, ir puodelis gali stabiliai stov\u0117ti.&hellip;","_links":{"self":[{"href":"https:\/\/www.ludoturris.lt\/en\/wp-json\/wp\/v2\/product\/5586"}],"collection":[{"href":"https:\/\/www.ludoturris.lt\/en\/wp-json\/wp\/v2\/product"}],"about":[{"href":"https:\/\/www.ludoturris.lt\/en\/wp-json\/wp\/v2\/types\/product"}],"wp:featuredmedia":[{"embeddable":true,"href":"https:\/\/www.ludoturris.lt\/en\/wp-json\/wp\/v2\/media\/5592"}],"wp:attachment":[{"href":"https:\/\/www.ludoturris.lt\/en\/wp-json\/wp\/v2\/media?parent=5586"}],"wp:term":[{"taxonomy":"product_cat","embeddable":true,"href":"https:\/\/www.ludoturris.lt\/en\/wp-json\/wp\/v2\/product_cat?post=5586"},{"taxonomy":"product_tag","embeddable":true,"href":"https:\/\/www.ludoturris.lt\/en\/wp-json\/wp\/v2\/product_tag?post=5586"}],"curies":[{"name":"wp","href":"https:\/\/api.w.org\/{rel}","templated":true}]}}