{"id":5583,"date":"2026-02-10T08:21:03","date_gmt":"2026-02-10T10:21:03","guid":{"rendered":"https:\/\/www.ludoturris.lt\/?post_type=product&#038;p=5583"},"modified":"2026-02-10T08:26:26","modified_gmt":"2026-02-10T10:26:26","slug":"zaislines-virtuves-rinkinys","status":"publish","type":"product","link":"https:\/\/www.ludoturris.lt\/en\/product\/zaislines-virtuves-rinkinys\/","title":{"rendered":"\u017daislin\u0117s virtuv\u0117s rinkinys"},"content":{"rendered":"<p>Rekomenduojamas am\u017eius: nuo 3 met\u0173. Pilnas \u017eaidim\u0173 virtuv\u0117s reikmen\u0173 rinkinys 8vnt \u012fskaitant virykl\u0119, puod\u0105, keptuv\u0119 ir kt. Tvarus plastiko ir kvie\u010di\u0173 \u0161iaud\u0173 mi\u0161inys ekologi\u0161kam vaik\u0173 \u017eaidimui. Daugiafunkcis kibiras, naudojamas kaip ne\u0161iojama vaik\u0173 virykl\u0117. Skatina k\u016brybi\u0161kum\u0105 ir socialinius \u012fg\u016bd\u017eius \u017eaid\u017eiant vaidmenimis. Universalus naudojimas patalpose ir lauke kaip maisto gaminimo ar sm\u0117lio \u017eaislas. Kilm\u0117s \u0161alis: Vokietija<\/p>","protected":false},"excerpt":{"rendered":"<p>Rekomenduojamas am\u017eius: nuo 3 met\u0173. Pilnas \u017eaidim\u0173 virtuv\u0117s reikmen\u0173 rinkinys 8vnt \u012fskaitant virykl\u0119, puod\u0105, keptuv\u0119 ir kt. Tvarus plastiko ir kvie\u010di\u0173 \u0161iaud\u0173 mi\u0161inys ekologi\u0161kam vaik\u0173 \u017eaidimui. Daugiafunkcis kibiras, naudojamas kaip ne\u0161iojama vaik\u0173 virykl\u0117. Skatina k\u016brybi\u0161kum\u0105 ir socialinius \u012fg\u016bd\u017eius \u017eaid\u017eiant vaidmenimis. Universalus naudojimas patalpose ir lauke kaip maisto gaminimo ar sm\u0117lio \u017eaislas. Kilm\u0117s \u0161alis: Vokietija<\/p>","protected":false},"featured_media":5584,"template":"","meta":{"_uag_custom_page_level_css":"","_themeisle_gutenberg_block_has_review":false},"product_cat":[95,69,93],"product_tag":[],"yoast_head":"<!-- This site is optimized with the Yoast SEO plugin v21.1 - https:\/\/yoast.com\/wordpress\/plugins\/seo\/ -->\n<title>\u017daislin\u0117s virtuv\u0117s rinkinys - Ludo Turris<\/title>\n<meta name=\"description\" content=\"\u017daislin\u0117s virtuv\u0117s rinkinys \u2013 lavinantis ir smagus \u017eaislas vaikams, skatinantis vaizduot\u0119, k\u016brybi\u0161kum\u0105 ir vaidmeninius \u017eaidimus.\" \/>\n<meta name=\"robots\" content=\"index, follow, max-snippet:-1, max-image-preview:large, max-video-preview:-1\" \/>\n<link rel=\"canonical\" href=\"https:\/\/www.ludoturris.lt\/en\/product\/zaislines-virtuves-rinkinys\/\" \/>\n<meta property=\"og:locale\" content=\"en_GB\" \/>\n<meta property=\"og:type\" content=\"article\" \/>\n<meta property=\"og:title\" content=\"\u017daislin\u0117s virtuv\u0117s rinkinys - Ludo Turris\" \/>\n<meta property=\"og:description\" content=\"\u017daislin\u0117s virtuv\u0117s rinkinys \u2013 lavinantis ir smagus \u017eaislas vaikams, skatinantis vaizduot\u0119, k\u016brybi\u0161kum\u0105 ir vaidmeninius \u017eaidimus.\" \/>\n<meta property=\"og:url\" content=\"https:\/\/www.ludoturris.lt\/en\/product\/zaislines-virtuves-rinkinys\/\" \/>\n<meta property=\"og:site_name\" content=\"Ludo Turris\" \/>\n<meta property=\"article:publisher\" content=\"https:\/\/www.facebook.com\/Ludo-Turris-621921974895920\/\" \/>\n<meta property=\"article:modified_time\" content=\"2026-02-10T10:26:26+00:00\" \/>\n<meta property=\"og:image\" content=\"https:\/\/www.ludoturris.lt\/wp-content\/uploads\/2026\/02\/A60421.png\" \/>\n\t<meta property=\"og:image:width\" content=\"1000\" \/>\n\t<meta property=\"og:image:height\" content=\"1000\" \/>\n\t<meta property=\"og:image:type\" content=\"image\/png\" \/>\n<meta name=\"twitter:card\" content=\"summary_large_image\" \/>\n<meta name=\"twitter:label1\" content=\"Estimated reading time\" \/>\n\t<meta name=\"twitter:data1\" content=\"1 minute\" \/>\n<script type=\"application\/ld+json\" class=\"yoast-schema-graph\">{\"@context\":\"https:\/\/schema.org\",\"@graph\":[{\"@type\":\"WebPage\",\"@id\":\"https:\/\/www.ludoturris.lt\/produktas\/zaislines-virtuves-rinkinys\/\",\"url\":\"https:\/\/www.ludoturris.lt\/produktas\/zaislines-virtuves-rinkinys\/\",\"name\":\"\u017daislin\u0117s virtuv\u0117s rinkinys - Ludo Turris\",\"isPartOf\":{\"@id\":\"https:\/\/www.ludoturris.lt\/#website\"},\"datePublished\":\"2026-02-10T10:21:03+00:00\",\"dateModified\":\"2026-02-10T10:26:26+00:00\",\"description\":\"\u017daislin\u0117s virtuv\u0117s rinkinys \u2013 lavinantis ir smagus \u017eaislas vaikams, skatinantis vaizduot\u0119, k\u016brybi\u0161kum\u0105 ir vaidmeninius \u017eaidimus.\",\"breadcrumb\":{\"@id\":\"https:\/\/www.ludoturris.lt\/produktas\/zaislines-virtuves-rinkinys\/#breadcrumb\"},\"inLanguage\":\"en-GB\",\"potentialAction\":[{\"@type\":\"ReadAction\",\"target\":[\"https:\/\/www.ludoturris.lt\/produktas\/zaislines-virtuves-rinkinys\/\"]}]},{\"@type\":\"BreadcrumbList\",\"@id\":\"https:\/\/www.ludoturris.lt\/produktas\/zaislines-virtuves-rinkinys\/#breadcrumb\",\"itemListElement\":[{\"@type\":\"ListItem\",\"position\":1,\"name\":\"Home\",\"item\":\"https:\/\/www.ludoturris.lt\/\"},{\"@type\":\"ListItem\",\"position\":2,\"name\":\"Parduotuv\u0117\",\"item\":\"https:\/\/www.ludoturris.lt\/parduotuve\/\"},{\"@type\":\"ListItem\",\"position\":3,\"name\":\"\u017daislin\u0117s virtuv\u0117s rinkinys\"}]},{\"@type\":\"WebSite\",\"@id\":\"https:\/\/www.ludoturris.lt\/#website\",\"url\":\"https:\/\/www.ludoturris.lt\/\",\"name\":\"Ludo Turris\",\"description\":\"K\u016brybi\u0161kum\u0105 ir fantazij\u0105 lavinan\u010dios kalad\u0117l\u0117s\",\"publisher\":{\"@id\":\"https:\/\/www.ludoturris.lt\/#organization\"},\"potentialAction\":[{\"@type\":\"SearchAction\",\"target\":{\"@type\":\"EntryPoint\",\"urlTemplate\":\"https:\/\/www.ludoturris.lt\/?s={search_term_string}\"},\"query-input\":\"required name=search_term_string\"}],\"inLanguage\":\"en-GB\"},{\"@type\":\"Organization\",\"@id\":\"https:\/\/www.ludoturris.lt\/#organization\",\"name\":\"Ludo Turris \u2013 Vakar\u0173 gama, UAB\",\"url\":\"https:\/\/www.ludoturris.lt\/\",\"logo\":{\"@type\":\"ImageObject\",\"inLanguage\":\"en-GB\",\"@id\":\"https:\/\/www.ludoturris.lt\/#\/schema\/logo\/image\/\",\"url\":\"https:\/\/www.ludoturris.lt\/wp-content\/uploads\/2020\/10\/logo@2x.png\",\"contentUrl\":\"https:\/\/www.ludoturris.lt\/wp-content\/uploads\/2020\/10\/logo@2x.png\",\"width\":300,\"height\":147,\"caption\":\"Ludo Turris \u2013 Vakar\u0173 gama, UAB\"},\"image\":{\"@id\":\"https:\/\/www.ludoturris.lt\/#\/schema\/logo\/image\/\"},\"sameAs\":[\"https:\/\/www.facebook.com\/Ludo-Turris-621921974895920\/\",\"https:\/\/www.youtube.com\/channel\/UCuBACq67N1NGC9LVudo4ngw\"]}]}<\/script>\n<!-- \/ Yoast SEO plugin. -->","yoast_head_json":{"title":"\u017daislin\u0117s virtuv\u0117s rinkinys - Ludo Turris","description":"\u017daislin\u0117s virtuv\u0117s rinkinys \u2013 lavinantis ir smagus \u017eaislas vaikams, skatinantis vaizduot\u0119, k\u016brybi\u0161kum\u0105 ir vaidmeninius \u017eaidimus.","robots":{"index":"index","follow":"follow","max-snippet":"max-snippet:-1","max-image-preview":"max-image-preview:large","max-video-preview":"max-video-preview:-1"},"canonical":"https:\/\/www.ludoturris.lt\/en\/product\/zaislines-virtuves-rinkinys\/","og_locale":"en_GB","og_type":"article","og_title":"\u017daislin\u0117s virtuv\u0117s rinkinys - Ludo Turris","og_description":"\u017daislin\u0117s virtuv\u0117s rinkinys \u2013 lavinantis ir smagus \u017eaislas vaikams, skatinantis vaizduot\u0119, k\u016brybi\u0161kum\u0105 ir vaidmeninius \u017eaidimus.","og_url":"https:\/\/www.ludoturris.lt\/en\/product\/zaislines-virtuves-rinkinys\/","og_site_name":"Ludo Turris","article_publisher":"https:\/\/www.facebook.com\/Ludo-Turris-621921974895920\/","article_modified_time":"2026-02-10T10:26:26+00:00","og_image":[{"width":1000,"height":1000,"url":"https:\/\/www.ludoturris.lt\/wp-content\/uploads\/2026\/02\/A60421.png","type":"image\/png"}],"twitter_card":"summary_large_image","twitter_misc":{"Estimated reading time":"1 minute"},"schema":{"@context":"https:\/\/schema.org","@graph":[{"@type":"WebPage","@id":"https:\/\/www.ludoturris.lt\/produktas\/zaislines-virtuves-rinkinys\/","url":"https:\/\/www.ludoturris.lt\/produktas\/zaislines-virtuves-rinkinys\/","name":"\u017daislin\u0117s virtuv\u0117s rinkinys - Ludo Turris","isPartOf":{"@id":"https:\/\/www.ludoturris.lt\/#website"},"datePublished":"2026-02-10T10:21:03+00:00","dateModified":"2026-02-10T10:26:26+00:00","description":"\u017daislin\u0117s virtuv\u0117s rinkinys \u2013 lavinantis ir smagus \u017eaislas vaikams, skatinantis vaizduot\u0119, k\u016brybi\u0161kum\u0105 ir vaidmeninius \u017eaidimus.","breadcrumb":{"@id":"https:\/\/www.ludoturris.lt\/produktas\/zaislines-virtuves-rinkinys\/#breadcrumb"},"inLanguage":"en-GB","potentialAction":[{"@type":"ReadAction","target":["https:\/\/www.ludoturris.lt\/produktas\/zaislines-virtuves-rinkinys\/"]}]},{"@type":"BreadcrumbList","@id":"https:\/\/www.ludoturris.lt\/produktas\/zaislines-virtuves-rinkinys\/#breadcrumb","itemListElement":[{"@type":"ListItem","position":1,"name":"Home","item":"https:\/\/www.ludoturris.lt\/"},{"@type":"ListItem","position":2,"name":"Parduotuv\u0117","item":"https:\/\/www.ludoturris.lt\/parduotuve\/"},{"@type":"ListItem","position":3,"name":"\u017daislin\u0117s virtuv\u0117s rinkinys"}]},{"@type":"WebSite","@id":"https:\/\/www.ludoturris.lt\/#website","url":"https:\/\/www.ludoturris.lt\/","name":"Ludo Turris","description":"K\u016brybi\u0161kum\u0105 ir fantazij\u0105 lavinan\u010dios kalad\u0117l\u0117s","publisher":{"@id":"https:\/\/www.ludoturris.lt\/#organization"},"potentialAction":[{"@type":"SearchAction","target":{"@type":"EntryPoint","urlTemplate":"https:\/\/www.ludoturris.lt\/?s={search_term_string}"},"query-input":"required name=search_term_string"}],"inLanguage":"en-GB"},{"@type":"Organization","@id":"https:\/\/www.ludoturris.lt\/#organization","name":"Ludo Turris \u2013 Vakar\u0173 gama, UAB","url":"https:\/\/www.ludoturris.lt\/","logo":{"@type":"ImageObject","inLanguage":"en-GB","@id":"https:\/\/www.ludoturris.lt\/#\/schema\/logo\/image\/","url":"https:\/\/www.ludoturris.lt\/wp-content\/uploads\/2020\/10\/logo@2x.png","contentUrl":"https:\/\/www.ludoturris.lt\/wp-content\/uploads\/2020\/10\/logo@2x.png","width":300,"height":147,"caption":"Ludo Turris \u2013 Vakar\u0173 gama, UAB"},"image":{"@id":"https:\/\/www.ludoturris.lt\/#\/schema\/logo\/image\/"},"sameAs":["https:\/\/www.facebook.com\/Ludo-Turris-621921974895920\/","https:\/\/www.youtube.com\/channel\/UCuBACq67N1NGC9LVudo4ngw"]}]}},"uagb_featured_image_src":{"full":["https:\/\/www.ludoturris.lt\/wp-content\/uploads\/2026\/02\/A60421.png",1000,1000,false],"thumbnail":["https:\/\/www.ludoturris.lt\/wp-content\/uploads\/2026\/02\/A60421-150x150.png",150,150,true],"medium":["https:\/\/www.ludoturris.lt\/wp-content\/uploads\/2026\/02\/A60421-300x300.png",300,300,true],"medium_large":["https:\/\/www.ludoturris.lt\/wp-content\/uploads\/2026\/02\/A60421-768x768.png",768,768,true],"large":["https:\/\/www.ludoturris.lt\/wp-content\/uploads\/2026\/02\/A60421.png",1000,1000,false],"1536x1536":["https:\/\/www.ludoturris.lt\/wp-content\/uploads\/2026\/02\/A60421.png",1000,1000,false],"2048x2048":["https:\/\/www.ludoturris.lt\/wp-content\/uploads\/2026\/02\/A60421.png",1000,1000,false],"trp-custom-language-flag":["https:\/\/www.ludoturris.lt\/wp-content\/uploads\/2026\/02\/A60421-12x12.png",12,12,true],"woocommerce_thumbnail":["https:\/\/www.ludoturris.lt\/wp-content\/uploads\/2026\/02\/A60421-300x300.png",300,300,true],"woocommerce_single":["https:\/\/www.ludoturris.lt\/wp-content\/uploads\/2026\/02\/A60421-600x600.png",600,600,true],"woocommerce_gallery_thumbnail":["https:\/\/www.ludoturris.lt\/wp-content\/uploads\/2026\/02\/A60421-100x100.png",100,100,true],"variation_swatches_image_size":["https:\/\/www.ludoturris.lt\/wp-content\/uploads\/2026\/02\/A60421-50x50.png",50,50,true],"variation_swatches_tooltip_size":["https:\/\/www.ludoturris.lt\/wp-content\/uploads\/2026\/02\/A60421-100x100.png",100,100,true],"dgwt-wcas-product-suggestion":["https:\/\/www.ludoturris.lt\/wp-content\/uploads\/2026\/02\/A60421-64x64.png",64,64,true]},"uagb_author_info":{"display_name":"LudoTurris","author_link":"https:\/\/www.ludoturris.lt\/en\/author\/"},"uagb_comment_info":0,"uagb_excerpt":"Rekomenduojamas am\u017eius: nuo 3 met\u0173. Pilnas \u017eaidim\u0173 virtuv\u0117s reikmen\u0173 rinkinys 8vnt \u012fskaitant virykl\u0119, puod\u0105, keptuv\u0119 ir kt. Tvarus plastiko ir kvie\u010di\u0173 \u0161iaud\u0173 mi\u0161inys ekologi\u0161kam vaik\u0173 \u017eaidimui. Daugiafunkcis kibiras, naudojamas kaip ne\u0161iojama vaik\u0173 virykl\u0117. Skatina k\u016brybi\u0161kum\u0105 ir socialinius \u012fg\u016bd\u017eius \u017eaid\u017eiant vaidmenimis. Universalus naudojimas patalpose ir lauke kaip maisto gaminimo ar sm\u0117lio \u017eaislas. Kilm\u0117s \u0161alis: Vokietija","_links":{"self":[{"href":"https:\/\/www.ludoturris.lt\/en\/wp-json\/wp\/v2\/product\/5583"}],"collection":[{"href":"https:\/\/www.ludoturris.lt\/en\/wp-json\/wp\/v2\/product"}],"about":[{"href":"https:\/\/www.ludoturris.lt\/en\/wp-json\/wp\/v2\/types\/product"}],"wp:featuredmedia":[{"embeddable":true,"href":"https:\/\/www.ludoturris.lt\/en\/wp-json\/wp\/v2\/media\/5584"}],"wp:attachment":[{"href":"https:\/\/www.ludoturris.lt\/en\/wp-json\/wp\/v2\/media?parent=5583"}],"wp:term":[{"taxonomy":"product_cat","embeddable":true,"href":"https:\/\/www.ludoturris.lt\/en\/wp-json\/wp\/v2\/product_cat?post=5583"},{"taxonomy":"product_tag","embeddable":true,"href":"https:\/\/www.ludoturris.lt\/en\/wp-json\/wp\/v2\/product_tag?post=5583"}],"curies":[{"name":"wp","href":"https:\/\/api.w.org\/{rel}","templated":true}]}}