{"id":5579,"date":"2026-02-10T08:07:37","date_gmt":"2026-02-10T10:07:37","guid":{"rendered":"https:\/\/www.ludoturris.lt\/?post_type=product&#038;p=5579"},"modified":"2026-02-10T08:13:38","modified_gmt":"2026-02-10T10:13:38","slug":"arbatos-servizo-rinkinys","status":"publish","type":"product","link":"https:\/\/www.ludoturris.lt\/en\/product\/arbatos-servizo-rinkinys\/","title":{"rendered":"Arbatos servizo rinkinys"},"content":{"rendered":"<p>Rekomenduojamas am\u017eius: nuo 3 met\u0173. Nuostabus arbatos rinkinys, kuris kvie\u010dia \u017eaisti, lavinti vaizduot\u0119 ir k\u016brybi\u0161kum\u0105. Su \u0161iuo gra\u017eiu rinkiniu j\u016bs\u0173 vaikas gali pakviesti savo me\u0161kiuk\u0105, geriausi\u0105 draug\u0105 ar vis\u0105 \u0161eim\u0105 jaukiai i\u0161gerti arbatos. Arbatos rinkin\u012f sudaro 17 dali\u0173 gra\u017ei\u0173 nauj\u0173 spalv\u0173, tod\u0117l \u017eaidimas tampa dar smagesnis ir \u012fkvepiantis. Jis yra tinkamas plauti indaplov\u0117je ir pagamintas i\u0161 med\u017eiag\u0173, patvirtint\u0173 s\u0105ly\u010diui su maistu, ta\u010diau skirtas \u017eaidimams, tod\u0117l netinka naudoti realiai. Puikiai tinka ma\u017eiems arbatos vakar\u0117liams, kur vaizduot\u0117 gali laisvai liestis. Kilm\u0117s \u0161alis: Danija<\/p>","protected":false},"excerpt":{"rendered":"<p>Rekomenduojamas am\u017eius: nuo 3 met\u0173. Nuostabus arbatos rinkinys, kuris kvie\u010dia \u017eaisti, lavinti vaizduot\u0119 ir k\u016brybi\u0161kum\u0105. Su \u0161iuo gra\u017eiu rinkiniu j\u016bs\u0173 vaikas gali pakviesti savo me\u0161kiuk\u0105, geriausi\u0105 draug\u0105 ar vis\u0105 \u0161eim\u0105 jaukiai i\u0161gerti arbatos. Arbatos rinkin\u012f sudaro 17 dali\u0173 gra\u017ei\u0173 nauj\u0173 spalv\u0173, tod\u0117l \u017eaidimas tampa dar smagesnis ir \u012fkvepiantis. Jis yra tinkamas plauti indaplov\u0117je ir pagamintas &hellip;<\/p>\n<p class=\"read-more\"> <a class=\"\" href=\"https:\/\/www.ludoturris.lt\/en\/product\/arbatos-servizo-rinkinys\/\"> <span class=\"screen-reader-text\">Arbatos servizo rinkinys<\/span> Read More &raquo;<\/a><\/p>","protected":false},"featured_media":5580,"template":"","meta":{"_uag_custom_page_level_css":"","_themeisle_gutenberg_block_has_review":false},"product_cat":[95,69,93],"product_tag":[],"yoast_head":"<!-- This site is optimized with the Yoast SEO plugin v21.1 - https:\/\/yoast.com\/wordpress\/plugins\/seo\/ -->\n<title>Arbatos servizo rinkinys - Ludo Turris<\/title>\n<meta name=\"description\" content=\"Arbatos servizo rinkinys \u2013 eleganti\u0161kas ir \u017eaismingas rinkinys vaikams, skirtas vaidmeniniams \u017eaidimams, lavinantis vaizduot\u0119 ir bendravimo \u012fg\u016bd\u017eius.\" \/>\n<meta name=\"robots\" content=\"index, follow, max-snippet:-1, max-image-preview:large, max-video-preview:-1\" \/>\n<link rel=\"canonical\" href=\"https:\/\/www.ludoturris.lt\/en\/product\/arbatos-servizo-rinkinys\/\" \/>\n<meta property=\"og:locale\" content=\"en_GB\" \/>\n<meta property=\"og:type\" content=\"article\" \/>\n<meta property=\"og:title\" content=\"Arbatos servizo rinkinys - Ludo Turris\" \/>\n<meta property=\"og:description\" content=\"Arbatos servizo rinkinys \u2013 eleganti\u0161kas ir \u017eaismingas rinkinys vaikams, skirtas vaidmeniniams \u017eaidimams, lavinantis vaizduot\u0119 ir bendravimo \u012fg\u016bd\u017eius.\" \/>\n<meta property=\"og:url\" content=\"https:\/\/www.ludoturris.lt\/en\/product\/arbatos-servizo-rinkinys\/\" \/>\n<meta property=\"og:site_name\" content=\"Ludo Turris\" \/>\n<meta property=\"article:publisher\" content=\"https:\/\/www.facebook.com\/Ludo-Turris-621921974895920\/\" \/>\n<meta property=\"article:modified_time\" content=\"2026-02-10T10:13:38+00:00\" \/>\n<meta property=\"og:image\" content=\"https:\/\/www.ludoturris.lt\/wp-content\/uploads\/2026\/02\/D4482.png\" \/>\n\t<meta property=\"og:image:width\" content=\"1000\" \/>\n\t<meta property=\"og:image:height\" content=\"1000\" \/>\n\t<meta property=\"og:image:type\" content=\"image\/png\" \/>\n<meta name=\"twitter:card\" content=\"summary_large_image\" \/>\n<meta name=\"twitter:label1\" content=\"Estimated reading time\" \/>\n\t<meta name=\"twitter:data1\" content=\"1 minute\" \/>\n<script type=\"application\/ld+json\" class=\"yoast-schema-graph\">{\"@context\":\"https:\/\/schema.org\",\"@graph\":[{\"@type\":\"WebPage\",\"@id\":\"https:\/\/www.ludoturris.lt\/produktas\/arbatos-servizo-rinkinys\/\",\"url\":\"https:\/\/www.ludoturris.lt\/produktas\/arbatos-servizo-rinkinys\/\",\"name\":\"Arbatos servizo rinkinys - Ludo Turris\",\"isPartOf\":{\"@id\":\"https:\/\/www.ludoturris.lt\/#website\"},\"datePublished\":\"2026-02-10T10:07:37+00:00\",\"dateModified\":\"2026-02-10T10:13:38+00:00\",\"description\":\"Arbatos servizo rinkinys \u2013 eleganti\u0161kas ir \u017eaismingas rinkinys vaikams, skirtas vaidmeniniams \u017eaidimams, lavinantis vaizduot\u0119 ir bendravimo \u012fg\u016bd\u017eius.\",\"breadcrumb\":{\"@id\":\"https:\/\/www.ludoturris.lt\/produktas\/arbatos-servizo-rinkinys\/#breadcrumb\"},\"inLanguage\":\"en-GB\",\"potentialAction\":[{\"@type\":\"ReadAction\",\"target\":[\"https:\/\/www.ludoturris.lt\/produktas\/arbatos-servizo-rinkinys\/\"]}]},{\"@type\":\"BreadcrumbList\",\"@id\":\"https:\/\/www.ludoturris.lt\/produktas\/arbatos-servizo-rinkinys\/#breadcrumb\",\"itemListElement\":[{\"@type\":\"ListItem\",\"position\":1,\"name\":\"Home\",\"item\":\"https:\/\/www.ludoturris.lt\/\"},{\"@type\":\"ListItem\",\"position\":2,\"name\":\"Parduotuv\u0117\",\"item\":\"https:\/\/www.ludoturris.lt\/parduotuve\/\"},{\"@type\":\"ListItem\",\"position\":3,\"name\":\"Arbatos servizo rinkinys\"}]},{\"@type\":\"WebSite\",\"@id\":\"https:\/\/www.ludoturris.lt\/#website\",\"url\":\"https:\/\/www.ludoturris.lt\/\",\"name\":\"Ludo Turris\",\"description\":\"K\u016brybi\u0161kum\u0105 ir fantazij\u0105 lavinan\u010dios kalad\u0117l\u0117s\",\"publisher\":{\"@id\":\"https:\/\/www.ludoturris.lt\/#organization\"},\"potentialAction\":[{\"@type\":\"SearchAction\",\"target\":{\"@type\":\"EntryPoint\",\"urlTemplate\":\"https:\/\/www.ludoturris.lt\/?s={search_term_string}\"},\"query-input\":\"required name=search_term_string\"}],\"inLanguage\":\"en-GB\"},{\"@type\":\"Organization\",\"@id\":\"https:\/\/www.ludoturris.lt\/#organization\",\"name\":\"Ludo Turris \u2013 Vakar\u0173 gama, UAB\",\"url\":\"https:\/\/www.ludoturris.lt\/\",\"logo\":{\"@type\":\"ImageObject\",\"inLanguage\":\"en-GB\",\"@id\":\"https:\/\/www.ludoturris.lt\/#\/schema\/logo\/image\/\",\"url\":\"https:\/\/www.ludoturris.lt\/wp-content\/uploads\/2020\/10\/logo@2x.png\",\"contentUrl\":\"https:\/\/www.ludoturris.lt\/wp-content\/uploads\/2020\/10\/logo@2x.png\",\"width\":300,\"height\":147,\"caption\":\"Ludo Turris \u2013 Vakar\u0173 gama, UAB\"},\"image\":{\"@id\":\"https:\/\/www.ludoturris.lt\/#\/schema\/logo\/image\/\"},\"sameAs\":[\"https:\/\/www.facebook.com\/Ludo-Turris-621921974895920\/\",\"https:\/\/www.youtube.com\/channel\/UCuBACq67N1NGC9LVudo4ngw\"]}]}<\/script>\n<!-- \/ Yoast SEO plugin. -->","yoast_head_json":{"title":"Arbatos servizo rinkinys - Ludo Turris","description":"Arbatos servizo rinkinys \u2013 eleganti\u0161kas ir \u017eaismingas rinkinys vaikams, skirtas vaidmeniniams \u017eaidimams, lavinantis vaizduot\u0119 ir bendravimo \u012fg\u016bd\u017eius.","robots":{"index":"index","follow":"follow","max-snippet":"max-snippet:-1","max-image-preview":"max-image-preview:large","max-video-preview":"max-video-preview:-1"},"canonical":"https:\/\/www.ludoturris.lt\/en\/product\/arbatos-servizo-rinkinys\/","og_locale":"en_GB","og_type":"article","og_title":"Arbatos servizo rinkinys - Ludo Turris","og_description":"Arbatos servizo rinkinys \u2013 eleganti\u0161kas ir \u017eaismingas rinkinys vaikams, skirtas vaidmeniniams \u017eaidimams, lavinantis vaizduot\u0119 ir bendravimo \u012fg\u016bd\u017eius.","og_url":"https:\/\/www.ludoturris.lt\/en\/product\/arbatos-servizo-rinkinys\/","og_site_name":"Ludo Turris","article_publisher":"https:\/\/www.facebook.com\/Ludo-Turris-621921974895920\/","article_modified_time":"2026-02-10T10:13:38+00:00","og_image":[{"width":1000,"height":1000,"url":"https:\/\/www.ludoturris.lt\/wp-content\/uploads\/2026\/02\/D4482.png","type":"image\/png"}],"twitter_card":"summary_large_image","twitter_misc":{"Estimated reading time":"1 minute"},"schema":{"@context":"https:\/\/schema.org","@graph":[{"@type":"WebPage","@id":"https:\/\/www.ludoturris.lt\/produktas\/arbatos-servizo-rinkinys\/","url":"https:\/\/www.ludoturris.lt\/produktas\/arbatos-servizo-rinkinys\/","name":"Arbatos servizo rinkinys - Ludo Turris","isPartOf":{"@id":"https:\/\/www.ludoturris.lt\/#website"},"datePublished":"2026-02-10T10:07:37+00:00","dateModified":"2026-02-10T10:13:38+00:00","description":"Arbatos servizo rinkinys \u2013 eleganti\u0161kas ir \u017eaismingas rinkinys vaikams, skirtas vaidmeniniams \u017eaidimams, lavinantis vaizduot\u0119 ir bendravimo \u012fg\u016bd\u017eius.","breadcrumb":{"@id":"https:\/\/www.ludoturris.lt\/produktas\/arbatos-servizo-rinkinys\/#breadcrumb"},"inLanguage":"en-GB","potentialAction":[{"@type":"ReadAction","target":["https:\/\/www.ludoturris.lt\/produktas\/arbatos-servizo-rinkinys\/"]}]},{"@type":"BreadcrumbList","@id":"https:\/\/www.ludoturris.lt\/produktas\/arbatos-servizo-rinkinys\/#breadcrumb","itemListElement":[{"@type":"ListItem","position":1,"name":"Home","item":"https:\/\/www.ludoturris.lt\/"},{"@type":"ListItem","position":2,"name":"Parduotuv\u0117","item":"https:\/\/www.ludoturris.lt\/parduotuve\/"},{"@type":"ListItem","position":3,"name":"Arbatos servizo rinkinys"}]},{"@type":"WebSite","@id":"https:\/\/www.ludoturris.lt\/#website","url":"https:\/\/www.ludoturris.lt\/","name":"Ludo Turris","description":"K\u016brybi\u0161kum\u0105 ir fantazij\u0105 lavinan\u010dios kalad\u0117l\u0117s","publisher":{"@id":"https:\/\/www.ludoturris.lt\/#organization"},"potentialAction":[{"@type":"SearchAction","target":{"@type":"EntryPoint","urlTemplate":"https:\/\/www.ludoturris.lt\/?s={search_term_string}"},"query-input":"required name=search_term_string"}],"inLanguage":"en-GB"},{"@type":"Organization","@id":"https:\/\/www.ludoturris.lt\/#organization","name":"Ludo Turris \u2013 Vakar\u0173 gama, UAB","url":"https:\/\/www.ludoturris.lt\/","logo":{"@type":"ImageObject","inLanguage":"en-GB","@id":"https:\/\/www.ludoturris.lt\/#\/schema\/logo\/image\/","url":"https:\/\/www.ludoturris.lt\/wp-content\/uploads\/2020\/10\/logo@2x.png","contentUrl":"https:\/\/www.ludoturris.lt\/wp-content\/uploads\/2020\/10\/logo@2x.png","width":300,"height":147,"caption":"Ludo Turris \u2013 Vakar\u0173 gama, UAB"},"image":{"@id":"https:\/\/www.ludoturris.lt\/#\/schema\/logo\/image\/"},"sameAs":["https:\/\/www.facebook.com\/Ludo-Turris-621921974895920\/","https:\/\/www.youtube.com\/channel\/UCuBACq67N1NGC9LVudo4ngw"]}]}},"uagb_featured_image_src":{"full":["https:\/\/www.ludoturris.lt\/wp-content\/uploads\/2026\/02\/D4482.png",1000,1000,false],"thumbnail":["https:\/\/www.ludoturris.lt\/wp-content\/uploads\/2026\/02\/D4482-150x150.png",150,150,true],"medium":["https:\/\/www.ludoturris.lt\/wp-content\/uploads\/2026\/02\/D4482-300x300.png",300,300,true],"medium_large":["https:\/\/www.ludoturris.lt\/wp-content\/uploads\/2026\/02\/D4482-768x768.png",768,768,true],"large":["https:\/\/www.ludoturris.lt\/wp-content\/uploads\/2026\/02\/D4482.png",1000,1000,false],"1536x1536":["https:\/\/www.ludoturris.lt\/wp-content\/uploads\/2026\/02\/D4482.png",1000,1000,false],"2048x2048":["https:\/\/www.ludoturris.lt\/wp-content\/uploads\/2026\/02\/D4482.png",1000,1000,false],"trp-custom-language-flag":["https:\/\/www.ludoturris.lt\/wp-content\/uploads\/2026\/02\/D4482-12x12.png",12,12,true],"woocommerce_thumbnail":["https:\/\/www.ludoturris.lt\/wp-content\/uploads\/2026\/02\/D4482-300x300.png",300,300,true],"woocommerce_single":["https:\/\/www.ludoturris.lt\/wp-content\/uploads\/2026\/02\/D4482-600x600.png",600,600,true],"woocommerce_gallery_thumbnail":["https:\/\/www.ludoturris.lt\/wp-content\/uploads\/2026\/02\/D4482-100x100.png",100,100,true],"variation_swatches_image_size":["https:\/\/www.ludoturris.lt\/wp-content\/uploads\/2026\/02\/D4482-50x50.png",50,50,true],"variation_swatches_tooltip_size":["https:\/\/www.ludoturris.lt\/wp-content\/uploads\/2026\/02\/D4482-100x100.png",100,100,true],"dgwt-wcas-product-suggestion":["https:\/\/www.ludoturris.lt\/wp-content\/uploads\/2026\/02\/D4482-64x64.png",64,64,true]},"uagb_author_info":{"display_name":"LudoTurris","author_link":"https:\/\/www.ludoturris.lt\/en\/author\/"},"uagb_comment_info":0,"uagb_excerpt":"Rekomenduojamas am\u017eius: nuo 3 met\u0173. Nuostabus arbatos rinkinys, kuris kvie\u010dia \u017eaisti, lavinti vaizduot\u0119 ir k\u016brybi\u0161kum\u0105. Su \u0161iuo gra\u017eiu rinkiniu j\u016bs\u0173 vaikas gali pakviesti savo me\u0161kiuk\u0105, geriausi\u0105 draug\u0105 ar vis\u0105 \u0161eim\u0105 jaukiai i\u0161gerti arbatos. Arbatos rinkin\u012f sudaro 17 dali\u0173 gra\u017ei\u0173 nauj\u0173 spalv\u0173, tod\u0117l \u017eaidimas tampa dar smagesnis ir \u012fkvepiantis. Jis yra tinkamas plauti indaplov\u0117je ir pagamintas&hellip;","_links":{"self":[{"href":"https:\/\/www.ludoturris.lt\/en\/wp-json\/wp\/v2\/product\/5579"}],"collection":[{"href":"https:\/\/www.ludoturris.lt\/en\/wp-json\/wp\/v2\/product"}],"about":[{"href":"https:\/\/www.ludoturris.lt\/en\/wp-json\/wp\/v2\/types\/product"}],"wp:featuredmedia":[{"embeddable":true,"href":"https:\/\/www.ludoturris.lt\/en\/wp-json\/wp\/v2\/media\/5580"}],"wp:attachment":[{"href":"https:\/\/www.ludoturris.lt\/en\/wp-json\/wp\/v2\/media?parent=5579"}],"wp:term":[{"taxonomy":"product_cat","embeddable":true,"href":"https:\/\/www.ludoturris.lt\/en\/wp-json\/wp\/v2\/product_cat?post=5579"},{"taxonomy":"product_tag","embeddable":true,"href":"https:\/\/www.ludoturris.lt\/en\/wp-json\/wp\/v2\/product_tag?post=5579"}],"curies":[{"name":"wp","href":"https:\/\/api.w.org\/{rel}","templated":true}]}}