{"id":5555,"date":"2026-02-10T06:33:38","date_gmt":"2026-02-10T08:33:38","guid":{"rendered":"https:\/\/www.ludoturris.lt\/?post_type=product&#038;p=5555"},"modified":"2026-02-10T06:39:10","modified_gmt":"2026-02-10T08:39:10","slug":"pasukama-kede-juodai-balta","status":"publish","type":"product","link":"https:\/\/www.ludoturris.lt\/en\/product\/pasukama-kede-juodai-balta\/","title":{"rendered":"Pasukama k\u0117d\u0117 juodai-balta"},"content":{"rendered":"<p>Juodai balta ALBA besisukanti k\u0117d\u0117 apjungia nesenstant\u012f dizain\u0105 ir puiki\u0105 ergonomik\u0105 . Ji idealiai tinka biurams, studijoms, aptarnavimo \u012fstaigoms, gro\u017eio salonams, informacijos stalams ir vaik\u0173 kambariams. Pagrindiniai jos privalumai \u2013 funkcionalumas, paprasta forma ir patvarumas. K\u0117d\u0117 turi reguliuojam\u0105 s\u0117dyn\u0117s auk\u0161t\u012f 47\u201358cm, plot\u012f \u2013 48,5cm, ilgis \u2013 56,5cm, o bendras auk\u0161tis \u2013 91,5cm. S\u0117dyn\u0117 pagaminta i\u0161 polipropileno su eko odos pagalv\u0117le, o pagrindas chromuotas. Kilm\u0117s \u0161alis: Lenkija<\/p>","protected":false},"excerpt":{"rendered":"<p>Juodai balta ALBA besisukanti k\u0117d\u0117 apjungia nesenstant\u012f dizain\u0105 ir puiki\u0105 ergonomik\u0105 . Ji idealiai tinka biurams, studijoms, aptarnavimo \u012fstaigoms, gro\u017eio salonams, informacijos stalams ir vaik\u0173 kambariams. Pagrindiniai jos privalumai \u2013 funkcionalumas, paprasta forma ir patvarumas. K\u0117d\u0117 turi reguliuojam\u0105 s\u0117dyn\u0117s auk\u0161t\u012f 47\u201358cm, plot\u012f \u2013 48,5cm, ilgis \u2013 56,5cm, o bendras auk\u0161tis \u2013 91,5cm. S\u0117dyn\u0117 pagaminta i\u0161 &hellip;<\/p>\n<p class=\"read-more\"> <a class=\"\" href=\"https:\/\/www.ludoturris.lt\/en\/product\/pasukama-kede-juodai-balta\/\"> <span class=\"screen-reader-text\">Pasukama k\u0117d\u0117 juodai-balta<\/span> Read More &raquo;<\/a><\/p>","protected":false},"featured_media":5556,"template":"","meta":{"_uag_custom_page_level_css":"","_themeisle_gutenberg_block_has_review":false},"product_cat":[95,92,69],"product_tag":[],"yoast_head":"<!-- This site is optimized with the Yoast SEO plugin v21.1 - https:\/\/yoast.com\/wordpress\/plugins\/seo\/ -->\n<title>Pasukama k\u0117d\u0117 juodai-balta - Ludo Turris<\/title>\n<meta name=\"description\" content=\"Pasukama k\u0117d\u0117 juodai-balta \u2013 modernus ir patogus baldas namams ar biurui, u\u017etikrinantis komfort\u0105, stabilum\u0105 ir stiling\u0105 dizain\u0105.\" \/>\n<meta name=\"robots\" content=\"index, follow, max-snippet:-1, max-image-preview:large, max-video-preview:-1\" \/>\n<link rel=\"canonical\" href=\"https:\/\/www.ludoturris.lt\/en\/product\/pasukama-kede-juodai-balta\/\" \/>\n<meta property=\"og:locale\" content=\"en_GB\" \/>\n<meta property=\"og:type\" content=\"article\" \/>\n<meta property=\"og:title\" content=\"Pasukama k\u0117d\u0117 juodai-balta - Ludo Turris\" \/>\n<meta property=\"og:description\" content=\"Pasukama k\u0117d\u0117 juodai-balta \u2013 modernus ir patogus baldas namams ar biurui, u\u017etikrinantis komfort\u0105, stabilum\u0105 ir stiling\u0105 dizain\u0105.\" \/>\n<meta property=\"og:url\" content=\"https:\/\/www.ludoturris.lt\/en\/product\/pasukama-kede-juodai-balta\/\" \/>\n<meta property=\"og:site_name\" content=\"Ludo Turris\" \/>\n<meta property=\"article:publisher\" content=\"https:\/\/www.facebook.com\/Ludo-Turris-621921974895920\/\" \/>\n<meta property=\"article:modified_time\" content=\"2026-02-10T08:39:10+00:00\" \/>\n<meta property=\"og:image\" content=\"https:\/\/www.ludoturris.lt\/wp-content\/uploads\/2026\/02\/alba.png\" \/>\n\t<meta property=\"og:image:width\" content=\"1000\" \/>\n\t<meta property=\"og:image:height\" content=\"1000\" \/>\n\t<meta property=\"og:image:type\" content=\"image\/png\" \/>\n<meta name=\"twitter:card\" content=\"summary_large_image\" \/>\n<meta name=\"twitter:label1\" content=\"Estimated reading time\" \/>\n\t<meta name=\"twitter:data1\" content=\"1 minute\" \/>\n<script type=\"application\/ld+json\" class=\"yoast-schema-graph\">{\"@context\":\"https:\/\/schema.org\",\"@graph\":[{\"@type\":\"WebPage\",\"@id\":\"https:\/\/www.ludoturris.lt\/produktas\/pasukama-kede-juodai-balta\/\",\"url\":\"https:\/\/www.ludoturris.lt\/produktas\/pasukama-kede-juodai-balta\/\",\"name\":\"Pasukama k\u0117d\u0117 juodai-balta - Ludo Turris\",\"isPartOf\":{\"@id\":\"https:\/\/www.ludoturris.lt\/#website\"},\"datePublished\":\"2026-02-10T08:33:38+00:00\",\"dateModified\":\"2026-02-10T08:39:10+00:00\",\"description\":\"Pasukama k\u0117d\u0117 juodai-balta \u2013 modernus ir patogus baldas namams ar biurui, u\u017etikrinantis komfort\u0105, stabilum\u0105 ir stiling\u0105 dizain\u0105.\",\"breadcrumb\":{\"@id\":\"https:\/\/www.ludoturris.lt\/produktas\/pasukama-kede-juodai-balta\/#breadcrumb\"},\"inLanguage\":\"en-GB\",\"potentialAction\":[{\"@type\":\"ReadAction\",\"target\":[\"https:\/\/www.ludoturris.lt\/produktas\/pasukama-kede-juodai-balta\/\"]}]},{\"@type\":\"BreadcrumbList\",\"@id\":\"https:\/\/www.ludoturris.lt\/produktas\/pasukama-kede-juodai-balta\/#breadcrumb\",\"itemListElement\":[{\"@type\":\"ListItem\",\"position\":1,\"name\":\"Home\",\"item\":\"https:\/\/www.ludoturris.lt\/\"},{\"@type\":\"ListItem\",\"position\":2,\"name\":\"Parduotuv\u0117\",\"item\":\"https:\/\/www.ludoturris.lt\/parduotuve\/\"},{\"@type\":\"ListItem\",\"position\":3,\"name\":\"Pasukama k\u0117d\u0117 juodai-balta\"}]},{\"@type\":\"WebSite\",\"@id\":\"https:\/\/www.ludoturris.lt\/#website\",\"url\":\"https:\/\/www.ludoturris.lt\/\",\"name\":\"Ludo Turris\",\"description\":\"K\u016brybi\u0161kum\u0105 ir fantazij\u0105 lavinan\u010dios kalad\u0117l\u0117s\",\"publisher\":{\"@id\":\"https:\/\/www.ludoturris.lt\/#organization\"},\"potentialAction\":[{\"@type\":\"SearchAction\",\"target\":{\"@type\":\"EntryPoint\",\"urlTemplate\":\"https:\/\/www.ludoturris.lt\/?s={search_term_string}\"},\"query-input\":\"required name=search_term_string\"}],\"inLanguage\":\"en-GB\"},{\"@type\":\"Organization\",\"@id\":\"https:\/\/www.ludoturris.lt\/#organization\",\"name\":\"Ludo Turris \u2013 Vakar\u0173 gama, UAB\",\"url\":\"https:\/\/www.ludoturris.lt\/\",\"logo\":{\"@type\":\"ImageObject\",\"inLanguage\":\"en-GB\",\"@id\":\"https:\/\/www.ludoturris.lt\/#\/schema\/logo\/image\/\",\"url\":\"https:\/\/www.ludoturris.lt\/wp-content\/uploads\/2020\/10\/logo@2x.png\",\"contentUrl\":\"https:\/\/www.ludoturris.lt\/wp-content\/uploads\/2020\/10\/logo@2x.png\",\"width\":300,\"height\":147,\"caption\":\"Ludo Turris \u2013 Vakar\u0173 gama, UAB\"},\"image\":{\"@id\":\"https:\/\/www.ludoturris.lt\/#\/schema\/logo\/image\/\"},\"sameAs\":[\"https:\/\/www.facebook.com\/Ludo-Turris-621921974895920\/\",\"https:\/\/www.youtube.com\/channel\/UCuBACq67N1NGC9LVudo4ngw\"]}]}<\/script>\n<!-- \/ Yoast SEO plugin. -->","yoast_head_json":{"title":"Pasukama k\u0117d\u0117 juodai-balta - Ludo Turris","description":"Pasukama k\u0117d\u0117 juodai-balta \u2013 modernus ir patogus baldas namams ar biurui, u\u017etikrinantis komfort\u0105, stabilum\u0105 ir stiling\u0105 dizain\u0105.","robots":{"index":"index","follow":"follow","max-snippet":"max-snippet:-1","max-image-preview":"max-image-preview:large","max-video-preview":"max-video-preview:-1"},"canonical":"https:\/\/www.ludoturris.lt\/en\/product\/pasukama-kede-juodai-balta\/","og_locale":"en_GB","og_type":"article","og_title":"Pasukama k\u0117d\u0117 juodai-balta - Ludo Turris","og_description":"Pasukama k\u0117d\u0117 juodai-balta \u2013 modernus ir patogus baldas namams ar biurui, u\u017etikrinantis komfort\u0105, stabilum\u0105 ir stiling\u0105 dizain\u0105.","og_url":"https:\/\/www.ludoturris.lt\/en\/product\/pasukama-kede-juodai-balta\/","og_site_name":"Ludo Turris","article_publisher":"https:\/\/www.facebook.com\/Ludo-Turris-621921974895920\/","article_modified_time":"2026-02-10T08:39:10+00:00","og_image":[{"width":1000,"height":1000,"url":"https:\/\/www.ludoturris.lt\/wp-content\/uploads\/2026\/02\/alba.png","type":"image\/png"}],"twitter_card":"summary_large_image","twitter_misc":{"Estimated reading time":"1 minute"},"schema":{"@context":"https:\/\/schema.org","@graph":[{"@type":"WebPage","@id":"https:\/\/www.ludoturris.lt\/produktas\/pasukama-kede-juodai-balta\/","url":"https:\/\/www.ludoturris.lt\/produktas\/pasukama-kede-juodai-balta\/","name":"Pasukama k\u0117d\u0117 juodai-balta - Ludo Turris","isPartOf":{"@id":"https:\/\/www.ludoturris.lt\/#website"},"datePublished":"2026-02-10T08:33:38+00:00","dateModified":"2026-02-10T08:39:10+00:00","description":"Pasukama k\u0117d\u0117 juodai-balta \u2013 modernus ir patogus baldas namams ar biurui, u\u017etikrinantis komfort\u0105, stabilum\u0105 ir stiling\u0105 dizain\u0105.","breadcrumb":{"@id":"https:\/\/www.ludoturris.lt\/produktas\/pasukama-kede-juodai-balta\/#breadcrumb"},"inLanguage":"en-GB","potentialAction":[{"@type":"ReadAction","target":["https:\/\/www.ludoturris.lt\/produktas\/pasukama-kede-juodai-balta\/"]}]},{"@type":"BreadcrumbList","@id":"https:\/\/www.ludoturris.lt\/produktas\/pasukama-kede-juodai-balta\/#breadcrumb","itemListElement":[{"@type":"ListItem","position":1,"name":"Home","item":"https:\/\/www.ludoturris.lt\/"},{"@type":"ListItem","position":2,"name":"Parduotuv\u0117","item":"https:\/\/www.ludoturris.lt\/parduotuve\/"},{"@type":"ListItem","position":3,"name":"Pasukama k\u0117d\u0117 juodai-balta"}]},{"@type":"WebSite","@id":"https:\/\/www.ludoturris.lt\/#website","url":"https:\/\/www.ludoturris.lt\/","name":"Ludo Turris","description":"K\u016brybi\u0161kum\u0105 ir fantazij\u0105 lavinan\u010dios kalad\u0117l\u0117s","publisher":{"@id":"https:\/\/www.ludoturris.lt\/#organization"},"potentialAction":[{"@type":"SearchAction","target":{"@type":"EntryPoint","urlTemplate":"https:\/\/www.ludoturris.lt\/?s={search_term_string}"},"query-input":"required name=search_term_string"}],"inLanguage":"en-GB"},{"@type":"Organization","@id":"https:\/\/www.ludoturris.lt\/#organization","name":"Ludo Turris \u2013 Vakar\u0173 gama, UAB","url":"https:\/\/www.ludoturris.lt\/","logo":{"@type":"ImageObject","inLanguage":"en-GB","@id":"https:\/\/www.ludoturris.lt\/#\/schema\/logo\/image\/","url":"https:\/\/www.ludoturris.lt\/wp-content\/uploads\/2020\/10\/logo@2x.png","contentUrl":"https:\/\/www.ludoturris.lt\/wp-content\/uploads\/2020\/10\/logo@2x.png","width":300,"height":147,"caption":"Ludo Turris \u2013 Vakar\u0173 gama, UAB"},"image":{"@id":"https:\/\/www.ludoturris.lt\/#\/schema\/logo\/image\/"},"sameAs":["https:\/\/www.facebook.com\/Ludo-Turris-621921974895920\/","https:\/\/www.youtube.com\/channel\/UCuBACq67N1NGC9LVudo4ngw"]}]}},"uagb_featured_image_src":{"full":["https:\/\/www.ludoturris.lt\/wp-content\/uploads\/2026\/02\/alba.png",1000,1000,false],"thumbnail":["https:\/\/www.ludoturris.lt\/wp-content\/uploads\/2026\/02\/alba-150x150.png",150,150,true],"medium":["https:\/\/www.ludoturris.lt\/wp-content\/uploads\/2026\/02\/alba-300x300.png",300,300,true],"medium_large":["https:\/\/www.ludoturris.lt\/wp-content\/uploads\/2026\/02\/alba-768x768.png",768,768,true],"large":["https:\/\/www.ludoturris.lt\/wp-content\/uploads\/2026\/02\/alba.png",1000,1000,false],"1536x1536":["https:\/\/www.ludoturris.lt\/wp-content\/uploads\/2026\/02\/alba.png",1000,1000,false],"2048x2048":["https:\/\/www.ludoturris.lt\/wp-content\/uploads\/2026\/02\/alba.png",1000,1000,false],"trp-custom-language-flag":["https:\/\/www.ludoturris.lt\/wp-content\/uploads\/2026\/02\/alba-12x12.png",12,12,true],"woocommerce_thumbnail":["https:\/\/www.ludoturris.lt\/wp-content\/uploads\/2026\/02\/alba-300x300.png",300,300,true],"woocommerce_single":["https:\/\/www.ludoturris.lt\/wp-content\/uploads\/2026\/02\/alba-600x600.png",600,600,true],"woocommerce_gallery_thumbnail":["https:\/\/www.ludoturris.lt\/wp-content\/uploads\/2026\/02\/alba-100x100.png",100,100,true],"variation_swatches_image_size":["https:\/\/www.ludoturris.lt\/wp-content\/uploads\/2026\/02\/alba-50x50.png",50,50,true],"variation_swatches_tooltip_size":["https:\/\/www.ludoturris.lt\/wp-content\/uploads\/2026\/02\/alba-100x100.png",100,100,true],"dgwt-wcas-product-suggestion":["https:\/\/www.ludoturris.lt\/wp-content\/uploads\/2026\/02\/alba-64x64.png",64,64,true]},"uagb_author_info":{"display_name":"LudoTurris","author_link":"https:\/\/www.ludoturris.lt\/en\/author\/"},"uagb_comment_info":0,"uagb_excerpt":"Juodai balta ALBA besisukanti k\u0117d\u0117 apjungia nesenstant\u012f dizain\u0105 ir puiki\u0105 ergonomik\u0105 . Ji idealiai tinka biurams, studijoms, aptarnavimo \u012fstaigoms, gro\u017eio salonams, informacijos stalams ir vaik\u0173 kambariams. Pagrindiniai jos privalumai \u2013 funkcionalumas, paprasta forma ir patvarumas. K\u0117d\u0117 turi reguliuojam\u0105 s\u0117dyn\u0117s auk\u0161t\u012f 47\u201358cm, plot\u012f \u2013 48,5cm, ilgis \u2013 56,5cm, o bendras auk\u0161tis \u2013 91,5cm. S\u0117dyn\u0117 pagaminta i\u0161&hellip;","_links":{"self":[{"href":"https:\/\/www.ludoturris.lt\/en\/wp-json\/wp\/v2\/product\/5555"}],"collection":[{"href":"https:\/\/www.ludoturris.lt\/en\/wp-json\/wp\/v2\/product"}],"about":[{"href":"https:\/\/www.ludoturris.lt\/en\/wp-json\/wp\/v2\/types\/product"}],"wp:featuredmedia":[{"embeddable":true,"href":"https:\/\/www.ludoturris.lt\/en\/wp-json\/wp\/v2\/media\/5556"}],"wp:attachment":[{"href":"https:\/\/www.ludoturris.lt\/en\/wp-json\/wp\/v2\/media?parent=5555"}],"wp:term":[{"taxonomy":"product_cat","embeddable":true,"href":"https:\/\/www.ludoturris.lt\/en\/wp-json\/wp\/v2\/product_cat?post=5555"},{"taxonomy":"product_tag","embeddable":true,"href":"https:\/\/www.ludoturris.lt\/en\/wp-json\/wp\/v2\/product_tag?post=5555"}],"curies":[{"name":"wp","href":"https:\/\/api.w.org\/{rel}","templated":true}]}}