{"id":5536,"date":"2026-02-08T07:11:32","date_gmt":"2026-02-08T09:11:32","guid":{"rendered":"https:\/\/www.ludoturris.lt\/?post_type=product&#038;p=5536"},"modified":"2026-02-08T07:23:05","modified_gmt":"2026-02-08T09:23:05","slug":"staliaus-irankiu-dirzas","status":"publish","type":"product","link":"https:\/\/www.ludoturris.lt\/en\/product\/staliaus-irankiu-dirzas\/","title":{"rendered":"Staliaus \u012franki\u0173 dir\u017eas"},"content":{"rendered":"<p>Rekomenduojamas am\u017eius: nuo 3 met\u0173. \u0160is \u017eavus medinis \u012franki\u0173 dir\u017eas turi 11 skirting\u0173 \u012franki\u0173. Pagamintas i\u0161 FSC sertifikuotos medienos, \u017eaislas derina tvarum\u0105 su lavinan\u010diu \u017eaidimu. \u012eranki\u0173 dir\u017eas yra gra\u017eioje dovan\u0173 d\u0117\u017eut\u0117je ir jame yra visi \u012frankiai, kuri\u0173 reikia ma\u017eajam meistrui. \u017daidimas su \u012franki\u0173 rinkiniu stiprina vaiko smulki\u0105j\u0105 motorik\u0105 ir aki\u0173 bei rank\u0173 koordinacij\u0105 tvarkant ir naudojant skirtingus \u012frankius. Tai puikus b\u016bdas lavinti tikslum\u0105 ir miklum\u0105, o vaiko pasitik\u0117jimas savimi auga, jam \u012fvaldant naujus \u012fg\u016bd\u017eius. Kilm\u0117s \u0161alis: Danija<\/p>","protected":false},"excerpt":{"rendered":"<p>Rekomenduojamas am\u017eius: nuo 3 met\u0173. \u0160is \u017eavus medinis \u012franki\u0173 dir\u017eas turi 11 skirting\u0173 \u012franki\u0173. Pagamintas i\u0161 FSC sertifikuotos medienos, \u017eaislas derina tvarum\u0105 su lavinan\u010diu \u017eaidimu. \u012eranki\u0173 dir\u017eas yra gra\u017eioje dovan\u0173 d\u0117\u017eut\u0117je ir jame yra visi \u012frankiai, kuri\u0173 reikia ma\u017eajam meistrui. \u017daidimas su \u012franki\u0173 rinkiniu stiprina vaiko smulki\u0105j\u0105 motorik\u0105 ir aki\u0173 bei rank\u0173 koordinacij\u0105 tvarkant ir &hellip;<\/p>\n<p class=\"read-more\"> <a class=\"\" href=\"https:\/\/www.ludoturris.lt\/en\/product\/staliaus-irankiu-dirzas\/\"> <span class=\"screen-reader-text\">Staliaus \u012franki\u0173 dir\u017eas<\/span> Read More &raquo;<\/a><\/p>","protected":false},"featured_media":5537,"template":"","meta":{"_uag_custom_page_level_css":"","_themeisle_gutenberg_block_has_review":false},"product_cat":[95,69,96],"product_tag":[],"yoast_head":"<!-- This site is optimized with the Yoast SEO plugin v21.1 - https:\/\/yoast.com\/wordpress\/plugins\/seo\/ -->\n<title>Staliaus \u012franki\u0173 dir\u017eas - Ludo Turris<\/title>\n<meta name=\"description\" content=\"Staliaus \u012franki\u0173 dir\u017eas \u2013 patogus ir tvirtas sprendimas \u012frankiams laikyti, u\u017etikrinantis greit\u0105 prieig\u0105 ir komfort\u0105 darbo metu.\" \/>\n<meta name=\"robots\" content=\"index, follow, max-snippet:-1, max-image-preview:large, max-video-preview:-1\" \/>\n<link rel=\"canonical\" href=\"https:\/\/www.ludoturris.lt\/en\/product\/staliaus-irankiu-dirzas\/\" \/>\n<meta property=\"og:locale\" content=\"en_GB\" \/>\n<meta property=\"og:type\" content=\"article\" \/>\n<meta property=\"og:title\" content=\"Staliaus \u012franki\u0173 dir\u017eas - Ludo Turris\" \/>\n<meta property=\"og:description\" content=\"Staliaus \u012franki\u0173 dir\u017eas \u2013 patogus ir tvirtas sprendimas \u012frankiams laikyti, u\u017etikrinantis greit\u0105 prieig\u0105 ir komfort\u0105 darbo metu.\" \/>\n<meta property=\"og:url\" content=\"https:\/\/www.ludoturris.lt\/en\/product\/staliaus-irankiu-dirzas\/\" \/>\n<meta property=\"og:site_name\" content=\"Ludo Turris\" \/>\n<meta property=\"article:publisher\" content=\"https:\/\/www.facebook.com\/Ludo-Turris-621921974895920\/\" \/>\n<meta property=\"article:modified_time\" content=\"2026-02-08T09:23:05+00:00\" \/>\n<meta property=\"og:image\" content=\"https:\/\/www.ludoturris.lt\/wp-content\/uploads\/2026\/02\/D4775.png\" \/>\n\t<meta property=\"og:image:width\" content=\"1000\" \/>\n\t<meta property=\"og:image:height\" content=\"1000\" \/>\n\t<meta property=\"og:image:type\" content=\"image\/png\" \/>\n<meta name=\"twitter:card\" content=\"summary_large_image\" \/>\n<meta name=\"twitter:label1\" content=\"Estimated reading time\" \/>\n\t<meta name=\"twitter:data1\" content=\"1 minute\" \/>\n<script type=\"application\/ld+json\" class=\"yoast-schema-graph\">{\"@context\":\"https:\/\/schema.org\",\"@graph\":[{\"@type\":\"WebPage\",\"@id\":\"https:\/\/www.ludoturris.lt\/produktas\/staliaus-irankiu-dirzas\/\",\"url\":\"https:\/\/www.ludoturris.lt\/produktas\/staliaus-irankiu-dirzas\/\",\"name\":\"Staliaus \u012franki\u0173 dir\u017eas - Ludo Turris\",\"isPartOf\":{\"@id\":\"https:\/\/www.ludoturris.lt\/#website\"},\"datePublished\":\"2026-02-08T09:11:32+00:00\",\"dateModified\":\"2026-02-08T09:23:05+00:00\",\"description\":\"Staliaus \u012franki\u0173 dir\u017eas \u2013 patogus ir tvirtas sprendimas \u012frankiams laikyti, u\u017etikrinantis greit\u0105 prieig\u0105 ir komfort\u0105 darbo metu.\",\"breadcrumb\":{\"@id\":\"https:\/\/www.ludoturris.lt\/produktas\/staliaus-irankiu-dirzas\/#breadcrumb\"},\"inLanguage\":\"en-GB\",\"potentialAction\":[{\"@type\":\"ReadAction\",\"target\":[\"https:\/\/www.ludoturris.lt\/produktas\/staliaus-irankiu-dirzas\/\"]}]},{\"@type\":\"BreadcrumbList\",\"@id\":\"https:\/\/www.ludoturris.lt\/produktas\/staliaus-irankiu-dirzas\/#breadcrumb\",\"itemListElement\":[{\"@type\":\"ListItem\",\"position\":1,\"name\":\"Home\",\"item\":\"https:\/\/www.ludoturris.lt\/\"},{\"@type\":\"ListItem\",\"position\":2,\"name\":\"Parduotuv\u0117\",\"item\":\"https:\/\/www.ludoturris.lt\/parduotuve\/\"},{\"@type\":\"ListItem\",\"position\":3,\"name\":\"Staliaus \u012franki\u0173 dir\u017eas\"}]},{\"@type\":\"WebSite\",\"@id\":\"https:\/\/www.ludoturris.lt\/#website\",\"url\":\"https:\/\/www.ludoturris.lt\/\",\"name\":\"Ludo Turris\",\"description\":\"K\u016brybi\u0161kum\u0105 ir fantazij\u0105 lavinan\u010dios kalad\u0117l\u0117s\",\"publisher\":{\"@id\":\"https:\/\/www.ludoturris.lt\/#organization\"},\"potentialAction\":[{\"@type\":\"SearchAction\",\"target\":{\"@type\":\"EntryPoint\",\"urlTemplate\":\"https:\/\/www.ludoturris.lt\/?s={search_term_string}\"},\"query-input\":\"required name=search_term_string\"}],\"inLanguage\":\"en-GB\"},{\"@type\":\"Organization\",\"@id\":\"https:\/\/www.ludoturris.lt\/#organization\",\"name\":\"Ludo Turris \u2013 Vakar\u0173 gama, UAB\",\"url\":\"https:\/\/www.ludoturris.lt\/\",\"logo\":{\"@type\":\"ImageObject\",\"inLanguage\":\"en-GB\",\"@id\":\"https:\/\/www.ludoturris.lt\/#\/schema\/logo\/image\/\",\"url\":\"https:\/\/www.ludoturris.lt\/wp-content\/uploads\/2020\/10\/logo@2x.png\",\"contentUrl\":\"https:\/\/www.ludoturris.lt\/wp-content\/uploads\/2020\/10\/logo@2x.png\",\"width\":300,\"height\":147,\"caption\":\"Ludo Turris \u2013 Vakar\u0173 gama, UAB\"},\"image\":{\"@id\":\"https:\/\/www.ludoturris.lt\/#\/schema\/logo\/image\/\"},\"sameAs\":[\"https:\/\/www.facebook.com\/Ludo-Turris-621921974895920\/\",\"https:\/\/www.youtube.com\/channel\/UCuBACq67N1NGC9LVudo4ngw\"]}]}<\/script>\n<!-- \/ Yoast SEO plugin. -->","yoast_head_json":{"title":"Staliaus \u012franki\u0173 dir\u017eas - Ludo Turris","description":"Staliaus \u012franki\u0173 dir\u017eas \u2013 patogus ir tvirtas sprendimas \u012frankiams laikyti, u\u017etikrinantis greit\u0105 prieig\u0105 ir komfort\u0105 darbo metu.","robots":{"index":"index","follow":"follow","max-snippet":"max-snippet:-1","max-image-preview":"max-image-preview:large","max-video-preview":"max-video-preview:-1"},"canonical":"https:\/\/www.ludoturris.lt\/en\/product\/staliaus-irankiu-dirzas\/","og_locale":"en_GB","og_type":"article","og_title":"Staliaus \u012franki\u0173 dir\u017eas - Ludo Turris","og_description":"Staliaus \u012franki\u0173 dir\u017eas \u2013 patogus ir tvirtas sprendimas \u012frankiams laikyti, u\u017etikrinantis greit\u0105 prieig\u0105 ir komfort\u0105 darbo metu.","og_url":"https:\/\/www.ludoturris.lt\/en\/product\/staliaus-irankiu-dirzas\/","og_site_name":"Ludo Turris","article_publisher":"https:\/\/www.facebook.com\/Ludo-Turris-621921974895920\/","article_modified_time":"2026-02-08T09:23:05+00:00","og_image":[{"width":1000,"height":1000,"url":"https:\/\/www.ludoturris.lt\/wp-content\/uploads\/2026\/02\/D4775.png","type":"image\/png"}],"twitter_card":"summary_large_image","twitter_misc":{"Estimated reading time":"1 minute"},"schema":{"@context":"https:\/\/schema.org","@graph":[{"@type":"WebPage","@id":"https:\/\/www.ludoturris.lt\/produktas\/staliaus-irankiu-dirzas\/","url":"https:\/\/www.ludoturris.lt\/produktas\/staliaus-irankiu-dirzas\/","name":"Staliaus \u012franki\u0173 dir\u017eas - Ludo Turris","isPartOf":{"@id":"https:\/\/www.ludoturris.lt\/#website"},"datePublished":"2026-02-08T09:11:32+00:00","dateModified":"2026-02-08T09:23:05+00:00","description":"Staliaus \u012franki\u0173 dir\u017eas \u2013 patogus ir tvirtas sprendimas \u012frankiams laikyti, u\u017etikrinantis greit\u0105 prieig\u0105 ir komfort\u0105 darbo metu.","breadcrumb":{"@id":"https:\/\/www.ludoturris.lt\/produktas\/staliaus-irankiu-dirzas\/#breadcrumb"},"inLanguage":"en-GB","potentialAction":[{"@type":"ReadAction","target":["https:\/\/www.ludoturris.lt\/produktas\/staliaus-irankiu-dirzas\/"]}]},{"@type":"BreadcrumbList","@id":"https:\/\/www.ludoturris.lt\/produktas\/staliaus-irankiu-dirzas\/#breadcrumb","itemListElement":[{"@type":"ListItem","position":1,"name":"Home","item":"https:\/\/www.ludoturris.lt\/"},{"@type":"ListItem","position":2,"name":"Parduotuv\u0117","item":"https:\/\/www.ludoturris.lt\/parduotuve\/"},{"@type":"ListItem","position":3,"name":"Staliaus \u012franki\u0173 dir\u017eas"}]},{"@type":"WebSite","@id":"https:\/\/www.ludoturris.lt\/#website","url":"https:\/\/www.ludoturris.lt\/","name":"Ludo Turris","description":"K\u016brybi\u0161kum\u0105 ir fantazij\u0105 lavinan\u010dios kalad\u0117l\u0117s","publisher":{"@id":"https:\/\/www.ludoturris.lt\/#organization"},"potentialAction":[{"@type":"SearchAction","target":{"@type":"EntryPoint","urlTemplate":"https:\/\/www.ludoturris.lt\/?s={search_term_string}"},"query-input":"required name=search_term_string"}],"inLanguage":"en-GB"},{"@type":"Organization","@id":"https:\/\/www.ludoturris.lt\/#organization","name":"Ludo Turris \u2013 Vakar\u0173 gama, UAB","url":"https:\/\/www.ludoturris.lt\/","logo":{"@type":"ImageObject","inLanguage":"en-GB","@id":"https:\/\/www.ludoturris.lt\/#\/schema\/logo\/image\/","url":"https:\/\/www.ludoturris.lt\/wp-content\/uploads\/2020\/10\/logo@2x.png","contentUrl":"https:\/\/www.ludoturris.lt\/wp-content\/uploads\/2020\/10\/logo@2x.png","width":300,"height":147,"caption":"Ludo Turris \u2013 Vakar\u0173 gama, UAB"},"image":{"@id":"https:\/\/www.ludoturris.lt\/#\/schema\/logo\/image\/"},"sameAs":["https:\/\/www.facebook.com\/Ludo-Turris-621921974895920\/","https:\/\/www.youtube.com\/channel\/UCuBACq67N1NGC9LVudo4ngw"]}]}},"uagb_featured_image_src":{"full":["https:\/\/www.ludoturris.lt\/wp-content\/uploads\/2026\/02\/D4775.png",1000,1000,false],"thumbnail":["https:\/\/www.ludoturris.lt\/wp-content\/uploads\/2026\/02\/D4775-150x150.png",150,150,true],"medium":["https:\/\/www.ludoturris.lt\/wp-content\/uploads\/2026\/02\/D4775-300x300.png",300,300,true],"medium_large":["https:\/\/www.ludoturris.lt\/wp-content\/uploads\/2026\/02\/D4775-768x768.png",768,768,true],"large":["https:\/\/www.ludoturris.lt\/wp-content\/uploads\/2026\/02\/D4775.png",1000,1000,false],"1536x1536":["https:\/\/www.ludoturris.lt\/wp-content\/uploads\/2026\/02\/D4775.png",1000,1000,false],"2048x2048":["https:\/\/www.ludoturris.lt\/wp-content\/uploads\/2026\/02\/D4775.png",1000,1000,false],"trp-custom-language-flag":["https:\/\/www.ludoturris.lt\/wp-content\/uploads\/2026\/02\/D4775-12x12.png",12,12,true],"woocommerce_thumbnail":["https:\/\/www.ludoturris.lt\/wp-content\/uploads\/2026\/02\/D4775-300x300.png",300,300,true],"woocommerce_single":["https:\/\/www.ludoturris.lt\/wp-content\/uploads\/2026\/02\/D4775-600x600.png",600,600,true],"woocommerce_gallery_thumbnail":["https:\/\/www.ludoturris.lt\/wp-content\/uploads\/2026\/02\/D4775-100x100.png",100,100,true],"variation_swatches_image_size":["https:\/\/www.ludoturris.lt\/wp-content\/uploads\/2026\/02\/D4775-50x50.png",50,50,true],"variation_swatches_tooltip_size":["https:\/\/www.ludoturris.lt\/wp-content\/uploads\/2026\/02\/D4775-100x100.png",100,100,true],"dgwt-wcas-product-suggestion":["https:\/\/www.ludoturris.lt\/wp-content\/uploads\/2026\/02\/D4775-64x64.png",64,64,true]},"uagb_author_info":{"display_name":"LudoTurris","author_link":"https:\/\/www.ludoturris.lt\/en\/author\/"},"uagb_comment_info":0,"uagb_excerpt":"Rekomenduojamas am\u017eius: nuo 3 met\u0173. \u0160is \u017eavus medinis \u012franki\u0173 dir\u017eas turi 11 skirting\u0173 \u012franki\u0173. Pagamintas i\u0161 FSC sertifikuotos medienos, \u017eaislas derina tvarum\u0105 su lavinan\u010diu \u017eaidimu. \u012eranki\u0173 dir\u017eas yra gra\u017eioje dovan\u0173 d\u0117\u017eut\u0117je ir jame yra visi \u012frankiai, kuri\u0173 reikia ma\u017eajam meistrui. \u017daidimas su \u012franki\u0173 rinkiniu stiprina vaiko smulki\u0105j\u0105 motorik\u0105 ir aki\u0173 bei rank\u0173 koordinacij\u0105 tvarkant ir&hellip;","_links":{"self":[{"href":"https:\/\/www.ludoturris.lt\/en\/wp-json\/wp\/v2\/product\/5536"}],"collection":[{"href":"https:\/\/www.ludoturris.lt\/en\/wp-json\/wp\/v2\/product"}],"about":[{"href":"https:\/\/www.ludoturris.lt\/en\/wp-json\/wp\/v2\/types\/product"}],"wp:featuredmedia":[{"embeddable":true,"href":"https:\/\/www.ludoturris.lt\/en\/wp-json\/wp\/v2\/media\/5537"}],"wp:attachment":[{"href":"https:\/\/www.ludoturris.lt\/en\/wp-json\/wp\/v2\/media?parent=5536"}],"wp:term":[{"taxonomy":"product_cat","embeddable":true,"href":"https:\/\/www.ludoturris.lt\/en\/wp-json\/wp\/v2\/product_cat?post=5536"},{"taxonomy":"product_tag","embeddable":true,"href":"https:\/\/www.ludoturris.lt\/en\/wp-json\/wp\/v2\/product_tag?post=5536"}],"curies":[{"name":"wp","href":"https:\/\/api.w.org\/{rel}","templated":true}]}}