{"id":5513,"date":"2026-02-07T07:03:52","date_gmt":"2026-02-07T09:03:52","guid":{"rendered":"https:\/\/www.ludoturris.lt\/?post_type=product&#038;p=5513"},"modified":"2026-02-07T07:13:21","modified_gmt":"2026-02-07T09:13:21","slug":"palapine-valtis-kilimelis","status":"publish","type":"product","link":"https:\/\/www.ludoturris.lt\/en\/product\/palapine-valtis-kilimelis\/","title":{"rendered":"Palapin\u0117-valtis-kilim\u0117lis"},"content":{"rendered":"<p>Rekomenduojamas am\u017eius: nuo 18 m\u0117nesi\u0173. Daugiafunkcinis \u017eaislas 3in1 tai &#8211; \u017eaidim\u0173   kilim\u0117lis 182x105cm, kuris akimirksniu sulankstomas \u012f tipi palapin\u0119 87cm auk\u0161\u010dio ir gali b\u016bti paverstas \u012f vaik\u0173 \u017eaidimo valt\u012f. Pagamintas i\u0161 lengvai valomos, spalvingos  dirbtin\u0117s odos su ypa\u010d storu, sm\u016bgius sugerian\u010diu pamu\u0161alu. Visos med\u017eiagos, \u017einoma, yra netoksi\u0161kos, be kenksming\u0173 med\u017eiag\u0173 ir atitinka auk\u0161\u010diausius saugos standartus. Sulankstoma iki kompakti\u0161k\u0173 46x105x16 cm matmen\u0173, kad b\u016bt\u0173 sutaupyta vietos. Puikus vaidmen\u0173 \u017eaidimams ir patogus kilim\u0117lis poilsiui, kuris tinka \u017eaisti tiek namuose, tiek lauke. Skatina vaizduot\u0119, k\u016brybi\u0161kum\u0105 ir aktyv\u0173 laisvalaik\u012f. Kilm\u0117s \u0161alis: Vokietija<\/p>","protected":false},"excerpt":{"rendered":"<p>Rekomenduojamas am\u017eius: nuo 18 m\u0117nesi\u0173. Daugiafunkcinis \u017eaislas 3in1 tai &#8211; \u017eaidim\u0173 kilim\u0117lis 182x105cm, kuris akimirksniu sulankstomas \u012f tipi palapin\u0119 87cm auk\u0161\u010dio ir gali b\u016bti paverstas \u012f vaik\u0173 \u017eaidimo valt\u012f. Pagamintas i\u0161 lengvai valomos, spalvingos dirbtin\u0117s odos su ypa\u010d storu, sm\u016bgius sugerian\u010diu pamu\u0161alu. Visos med\u017eiagos, \u017einoma, yra netoksi\u0161kos, be kenksming\u0173 med\u017eiag\u0173 ir atitinka auk\u0161\u010diausius saugos standartus. &hellip;<\/p>\n<p class=\"read-more\"> <a class=\"\" href=\"https:\/\/www.ludoturris.lt\/en\/product\/palapine-valtis-kilimelis\/\"> <span class=\"screen-reader-text\">Palapin\u0117-valtis-kilim\u0117lis<\/span> Read More &raquo;<\/a><\/p>","protected":false},"featured_media":5514,"template":"","meta":{"_uag_custom_page_level_css":"","_themeisle_gutenberg_block_has_review":false},"product_cat":[95,69,94,93],"product_tag":[],"yoast_head":"<!-- This site is optimized with the Yoast SEO plugin v21.1 - https:\/\/yoast.com\/wordpress\/plugins\/seo\/ -->\n<title>Palapin\u0117-valtis-kilim\u0117lis - Ludo Turris<\/title>\n<meta name=\"description\" content=\"Palapin\u0117-valtis-kilim\u0117lis \u2013 daugiafunkcis lauko \u017eaislas vaikams, skirtas \u017eaidimams, poilsiui ir k\u016brybi\u0161kai veiklai namuose ar lauke.\" \/>\n<meta name=\"robots\" content=\"index, follow, max-snippet:-1, max-image-preview:large, max-video-preview:-1\" \/>\n<link rel=\"canonical\" href=\"https:\/\/www.ludoturris.lt\/en\/product\/palapine-valtis-kilimelis\/\" \/>\n<meta property=\"og:locale\" content=\"en_GB\" \/>\n<meta property=\"og:type\" content=\"article\" \/>\n<meta property=\"og:title\" content=\"Palapin\u0117-valtis-kilim\u0117lis - Ludo Turris\" \/>\n<meta property=\"og:description\" content=\"Palapin\u0117-valtis-kilim\u0117lis \u2013 daugiafunkcis lauko \u017eaislas vaikams, skirtas \u017eaidimams, poilsiui ir k\u016brybi\u0161kai veiklai namuose ar lauke.\" \/>\n<meta property=\"og:url\" content=\"https:\/\/www.ludoturris.lt\/en\/product\/palapine-valtis-kilimelis\/\" \/>\n<meta property=\"og:site_name\" content=\"Ludo Turris\" \/>\n<meta property=\"article:publisher\" content=\"https:\/\/www.facebook.com\/Ludo-Turris-621921974895920\/\" \/>\n<meta property=\"article:modified_time\" content=\"2026-02-07T09:13:21+00:00\" \/>\n<meta property=\"og:image\" content=\"https:\/\/www.ludoturris.lt\/wp-content\/uploads\/2026\/02\/A60801.png\" \/>\n\t<meta property=\"og:image:width\" content=\"1000\" \/>\n\t<meta property=\"og:image:height\" content=\"1000\" \/>\n\t<meta property=\"og:image:type\" content=\"image\/png\" \/>\n<meta name=\"twitter:card\" content=\"summary_large_image\" \/>\n<meta name=\"twitter:label1\" content=\"Estimated reading time\" \/>\n\t<meta name=\"twitter:data1\" content=\"1 minute\" \/>\n<script type=\"application\/ld+json\" class=\"yoast-schema-graph\">{\"@context\":\"https:\/\/schema.org\",\"@graph\":[{\"@type\":\"WebPage\",\"@id\":\"https:\/\/www.ludoturris.lt\/produktas\/palapine-valtis-kilimelis\/\",\"url\":\"https:\/\/www.ludoturris.lt\/produktas\/palapine-valtis-kilimelis\/\",\"name\":\"Palapin\u0117-valtis-kilim\u0117lis - Ludo Turris\",\"isPartOf\":{\"@id\":\"https:\/\/www.ludoturris.lt\/#website\"},\"datePublished\":\"2026-02-07T09:03:52+00:00\",\"dateModified\":\"2026-02-07T09:13:21+00:00\",\"description\":\"Palapin\u0117-valtis-kilim\u0117lis \u2013 daugiafunkcis lauko \u017eaislas vaikams, skirtas \u017eaidimams, poilsiui ir k\u016brybi\u0161kai veiklai namuose ar lauke.\",\"breadcrumb\":{\"@id\":\"https:\/\/www.ludoturris.lt\/produktas\/palapine-valtis-kilimelis\/#breadcrumb\"},\"inLanguage\":\"en-GB\",\"potentialAction\":[{\"@type\":\"ReadAction\",\"target\":[\"https:\/\/www.ludoturris.lt\/produktas\/palapine-valtis-kilimelis\/\"]}]},{\"@type\":\"BreadcrumbList\",\"@id\":\"https:\/\/www.ludoturris.lt\/produktas\/palapine-valtis-kilimelis\/#breadcrumb\",\"itemListElement\":[{\"@type\":\"ListItem\",\"position\":1,\"name\":\"Home\",\"item\":\"https:\/\/www.ludoturris.lt\/\"},{\"@type\":\"ListItem\",\"position\":2,\"name\":\"Parduotuv\u0117\",\"item\":\"https:\/\/www.ludoturris.lt\/parduotuve\/\"},{\"@type\":\"ListItem\",\"position\":3,\"name\":\"Palapin\u0117-valtis-kilim\u0117lis\"}]},{\"@type\":\"WebSite\",\"@id\":\"https:\/\/www.ludoturris.lt\/#website\",\"url\":\"https:\/\/www.ludoturris.lt\/\",\"name\":\"Ludo Turris\",\"description\":\"K\u016brybi\u0161kum\u0105 ir fantazij\u0105 lavinan\u010dios kalad\u0117l\u0117s\",\"publisher\":{\"@id\":\"https:\/\/www.ludoturris.lt\/#organization\"},\"potentialAction\":[{\"@type\":\"SearchAction\",\"target\":{\"@type\":\"EntryPoint\",\"urlTemplate\":\"https:\/\/www.ludoturris.lt\/?s={search_term_string}\"},\"query-input\":\"required name=search_term_string\"}],\"inLanguage\":\"en-GB\"},{\"@type\":\"Organization\",\"@id\":\"https:\/\/www.ludoturris.lt\/#organization\",\"name\":\"Ludo Turris \u2013 Vakar\u0173 gama, UAB\",\"url\":\"https:\/\/www.ludoturris.lt\/\",\"logo\":{\"@type\":\"ImageObject\",\"inLanguage\":\"en-GB\",\"@id\":\"https:\/\/www.ludoturris.lt\/#\/schema\/logo\/image\/\",\"url\":\"https:\/\/www.ludoturris.lt\/wp-content\/uploads\/2020\/10\/logo@2x.png\",\"contentUrl\":\"https:\/\/www.ludoturris.lt\/wp-content\/uploads\/2020\/10\/logo@2x.png\",\"width\":300,\"height\":147,\"caption\":\"Ludo Turris \u2013 Vakar\u0173 gama, UAB\"},\"image\":{\"@id\":\"https:\/\/www.ludoturris.lt\/#\/schema\/logo\/image\/\"},\"sameAs\":[\"https:\/\/www.facebook.com\/Ludo-Turris-621921974895920\/\",\"https:\/\/www.youtube.com\/channel\/UCuBACq67N1NGC9LVudo4ngw\"]}]}<\/script>\n<!-- \/ Yoast SEO plugin. -->","yoast_head_json":{"title":"Palapin\u0117-valtis-kilim\u0117lis - Ludo Turris","description":"Palapin\u0117-valtis-kilim\u0117lis \u2013 daugiafunkcis lauko \u017eaislas vaikams, skirtas \u017eaidimams, poilsiui ir k\u016brybi\u0161kai veiklai namuose ar lauke.","robots":{"index":"index","follow":"follow","max-snippet":"max-snippet:-1","max-image-preview":"max-image-preview:large","max-video-preview":"max-video-preview:-1"},"canonical":"https:\/\/www.ludoturris.lt\/en\/product\/palapine-valtis-kilimelis\/","og_locale":"en_GB","og_type":"article","og_title":"Palapin\u0117-valtis-kilim\u0117lis - Ludo Turris","og_description":"Palapin\u0117-valtis-kilim\u0117lis \u2013 daugiafunkcis lauko \u017eaislas vaikams, skirtas \u017eaidimams, poilsiui ir k\u016brybi\u0161kai veiklai namuose ar lauke.","og_url":"https:\/\/www.ludoturris.lt\/en\/product\/palapine-valtis-kilimelis\/","og_site_name":"Ludo Turris","article_publisher":"https:\/\/www.facebook.com\/Ludo-Turris-621921974895920\/","article_modified_time":"2026-02-07T09:13:21+00:00","og_image":[{"width":1000,"height":1000,"url":"https:\/\/www.ludoturris.lt\/wp-content\/uploads\/2026\/02\/A60801.png","type":"image\/png"}],"twitter_card":"summary_large_image","twitter_misc":{"Estimated reading time":"1 minute"},"schema":{"@context":"https:\/\/schema.org","@graph":[{"@type":"WebPage","@id":"https:\/\/www.ludoturris.lt\/produktas\/palapine-valtis-kilimelis\/","url":"https:\/\/www.ludoturris.lt\/produktas\/palapine-valtis-kilimelis\/","name":"Palapin\u0117-valtis-kilim\u0117lis - Ludo Turris","isPartOf":{"@id":"https:\/\/www.ludoturris.lt\/#website"},"datePublished":"2026-02-07T09:03:52+00:00","dateModified":"2026-02-07T09:13:21+00:00","description":"Palapin\u0117-valtis-kilim\u0117lis \u2013 daugiafunkcis lauko \u017eaislas vaikams, skirtas \u017eaidimams, poilsiui ir k\u016brybi\u0161kai veiklai namuose ar lauke.","breadcrumb":{"@id":"https:\/\/www.ludoturris.lt\/produktas\/palapine-valtis-kilimelis\/#breadcrumb"},"inLanguage":"en-GB","potentialAction":[{"@type":"ReadAction","target":["https:\/\/www.ludoturris.lt\/produktas\/palapine-valtis-kilimelis\/"]}]},{"@type":"BreadcrumbList","@id":"https:\/\/www.ludoturris.lt\/produktas\/palapine-valtis-kilimelis\/#breadcrumb","itemListElement":[{"@type":"ListItem","position":1,"name":"Home","item":"https:\/\/www.ludoturris.lt\/"},{"@type":"ListItem","position":2,"name":"Parduotuv\u0117","item":"https:\/\/www.ludoturris.lt\/parduotuve\/"},{"@type":"ListItem","position":3,"name":"Palapin\u0117-valtis-kilim\u0117lis"}]},{"@type":"WebSite","@id":"https:\/\/www.ludoturris.lt\/#website","url":"https:\/\/www.ludoturris.lt\/","name":"Ludo Turris","description":"K\u016brybi\u0161kum\u0105 ir fantazij\u0105 lavinan\u010dios kalad\u0117l\u0117s","publisher":{"@id":"https:\/\/www.ludoturris.lt\/#organization"},"potentialAction":[{"@type":"SearchAction","target":{"@type":"EntryPoint","urlTemplate":"https:\/\/www.ludoturris.lt\/?s={search_term_string}"},"query-input":"required name=search_term_string"}],"inLanguage":"en-GB"},{"@type":"Organization","@id":"https:\/\/www.ludoturris.lt\/#organization","name":"Ludo Turris \u2013 Vakar\u0173 gama, UAB","url":"https:\/\/www.ludoturris.lt\/","logo":{"@type":"ImageObject","inLanguage":"en-GB","@id":"https:\/\/www.ludoturris.lt\/#\/schema\/logo\/image\/","url":"https:\/\/www.ludoturris.lt\/wp-content\/uploads\/2020\/10\/logo@2x.png","contentUrl":"https:\/\/www.ludoturris.lt\/wp-content\/uploads\/2020\/10\/logo@2x.png","width":300,"height":147,"caption":"Ludo Turris \u2013 Vakar\u0173 gama, UAB"},"image":{"@id":"https:\/\/www.ludoturris.lt\/#\/schema\/logo\/image\/"},"sameAs":["https:\/\/www.facebook.com\/Ludo-Turris-621921974895920\/","https:\/\/www.youtube.com\/channel\/UCuBACq67N1NGC9LVudo4ngw"]}]}},"uagb_featured_image_src":{"full":["https:\/\/www.ludoturris.lt\/wp-content\/uploads\/2026\/02\/A60801.png",1000,1000,false],"thumbnail":["https:\/\/www.ludoturris.lt\/wp-content\/uploads\/2026\/02\/A60801-150x150.png",150,150,true],"medium":["https:\/\/www.ludoturris.lt\/wp-content\/uploads\/2026\/02\/A60801-300x300.png",300,300,true],"medium_large":["https:\/\/www.ludoturris.lt\/wp-content\/uploads\/2026\/02\/A60801-768x768.png",768,768,true],"large":["https:\/\/www.ludoturris.lt\/wp-content\/uploads\/2026\/02\/A60801.png",1000,1000,false],"1536x1536":["https:\/\/www.ludoturris.lt\/wp-content\/uploads\/2026\/02\/A60801.png",1000,1000,false],"2048x2048":["https:\/\/www.ludoturris.lt\/wp-content\/uploads\/2026\/02\/A60801.png",1000,1000,false],"trp-custom-language-flag":["https:\/\/www.ludoturris.lt\/wp-content\/uploads\/2026\/02\/A60801-12x12.png",12,12,true],"woocommerce_thumbnail":["https:\/\/www.ludoturris.lt\/wp-content\/uploads\/2026\/02\/A60801-300x300.png",300,300,true],"woocommerce_single":["https:\/\/www.ludoturris.lt\/wp-content\/uploads\/2026\/02\/A60801-600x600.png",600,600,true],"woocommerce_gallery_thumbnail":["https:\/\/www.ludoturris.lt\/wp-content\/uploads\/2026\/02\/A60801-100x100.png",100,100,true],"variation_swatches_image_size":["https:\/\/www.ludoturris.lt\/wp-content\/uploads\/2026\/02\/A60801-50x50.png",50,50,true],"variation_swatches_tooltip_size":["https:\/\/www.ludoturris.lt\/wp-content\/uploads\/2026\/02\/A60801-100x100.png",100,100,true],"dgwt-wcas-product-suggestion":["https:\/\/www.ludoturris.lt\/wp-content\/uploads\/2026\/02\/A60801-64x64.png",64,64,true]},"uagb_author_info":{"display_name":"LudoTurris","author_link":"https:\/\/www.ludoturris.lt\/en\/author\/"},"uagb_comment_info":0,"uagb_excerpt":"Rekomenduojamas am\u017eius: nuo 18 m\u0117nesi\u0173. Daugiafunkcinis \u017eaislas 3in1 tai &#8211; \u017eaidim\u0173 kilim\u0117lis 182x105cm, kuris akimirksniu sulankstomas \u012f tipi palapin\u0119 87cm auk\u0161\u010dio ir gali b\u016bti paverstas \u012f vaik\u0173 \u017eaidimo valt\u012f. Pagamintas i\u0161 lengvai valomos, spalvingos dirbtin\u0117s odos su ypa\u010d storu, sm\u016bgius sugerian\u010diu pamu\u0161alu. Visos med\u017eiagos, \u017einoma, yra netoksi\u0161kos, be kenksming\u0173 med\u017eiag\u0173 ir atitinka auk\u0161\u010diausius saugos standartus.&hellip;","_links":{"self":[{"href":"https:\/\/www.ludoturris.lt\/en\/wp-json\/wp\/v2\/product\/5513"}],"collection":[{"href":"https:\/\/www.ludoturris.lt\/en\/wp-json\/wp\/v2\/product"}],"about":[{"href":"https:\/\/www.ludoturris.lt\/en\/wp-json\/wp\/v2\/types\/product"}],"wp:featuredmedia":[{"embeddable":true,"href":"https:\/\/www.ludoturris.lt\/en\/wp-json\/wp\/v2\/media\/5514"}],"wp:attachment":[{"href":"https:\/\/www.ludoturris.lt\/en\/wp-json\/wp\/v2\/media?parent=5513"}],"wp:term":[{"taxonomy":"product_cat","embeddable":true,"href":"https:\/\/www.ludoturris.lt\/en\/wp-json\/wp\/v2\/product_cat?post=5513"},{"taxonomy":"product_tag","embeddable":true,"href":"https:\/\/www.ludoturris.lt\/en\/wp-json\/wp\/v2\/product_tag?post=5513"}],"curies":[{"name":"wp","href":"https:\/\/api.w.org\/{rel}","templated":true}]}}