{"id":5506,"date":"2026-02-07T06:29:55","date_gmt":"2026-02-07T08:29:55","guid":{"rendered":"https:\/\/www.ludoturris.lt\/?post_type=product&#038;p=5506"},"modified":"2026-02-07T06:37:22","modified_gmt":"2026-02-07T08:37:22","slug":"zaidimas-gyvate-ir-kopecios","status":"publish","type":"product","link":"https:\/\/www.ludoturris.lt\/en\/product\/zaidimas-gyvate-ir-kopecios\/","title":{"rendered":"\u017daidimas \u201eGyvat\u0117 ir kop\u0117\u010dios\u201c"},"content":{"rendered":"<p>Rekomenduojamas am\u017eius: nuo 3 met\u0173.  Alldoro pristato klasikin\u012f \u017eaidim\u0105 ypa\u010d dideliame formate \u201eGyvat\u0117 ir kop\u0117\u010dios. \u012esp\u016bdingas 1,50&#215;1,50m. \u017eaidimo plotas paver\u010dia \u017eaidim\u0105 puikiu nuotykiu tinkan\u010diu vaik\u0173 gimtadieniams ar sodo \u0161vent\u0117ms. Tvirtas, i\u0161 poliesterio audinio pagamintas \u017eaidim\u0173 laukas yra atsparus oro s\u0105lygoms ir tinkamas naudoti tiek viduje, tiek lauke. \u012e pristatym\u0105 \u012feina 4 didel\u0117s \u017eaidimo fig\u016br\u0117l\u0117s 13,5cm, kurias galima pripildyti vandeniu, ir XXL dyd\u017eio kauliukas 8 x 8cm. 4 prakti\u0161ki \u017eem\u0117s inkaravimo kabliukai u\u017etikrina saug\u0173 laikym\u0105 sode. Prakti\u0161kas ne\u0161iojimo krep\u0161ys leid\u017eia laikyti ir transportuoti labai lengvai. Kilm\u0117s \u0161alis: Vokietija<\/p>","protected":false},"excerpt":{"rendered":"<p>Rekomenduojamas am\u017eius: nuo 3 met\u0173. Alldoro pristato klasikin\u012f \u017eaidim\u0105 ypa\u010d dideliame formate \u201eGyvat\u0117 ir kop\u0117\u010dios. \u012esp\u016bdingas 1,50&#215;1,50m. \u017eaidimo plotas paver\u010dia \u017eaidim\u0105 puikiu nuotykiu tinkan\u010diu vaik\u0173 gimtadieniams ar sodo \u0161vent\u0117ms. Tvirtas, i\u0161 poliesterio audinio pagamintas \u017eaidim\u0173 laukas yra atsparus oro s\u0105lygoms ir tinkamas naudoti tiek viduje, tiek lauke. \u012e pristatym\u0105 \u012feina 4 didel\u0117s \u017eaidimo fig\u016br\u0117l\u0117s 13,5cm, &hellip;<\/p>\n<p class=\"read-more\"> <a class=\"\" href=\"https:\/\/www.ludoturris.lt\/en\/product\/zaidimas-gyvate-ir-kopecios\/\"> <span class=\"screen-reader-text\">\u017daidimas \u201eGyvat\u0117 ir kop\u0117\u010dios\u201c<\/span> Read More &raquo;<\/a><\/p>","protected":false},"featured_media":5507,"template":"","meta":{"_uag_custom_page_level_css":"","_themeisle_gutenberg_block_has_review":false},"product_cat":[95,69,93],"product_tag":[],"yoast_head":"<!-- This site is optimized with the Yoast SEO plugin v21.1 - https:\/\/yoast.com\/wordpress\/plugins\/seo\/ -->\n<title>\u017daidimas \u201eGyvat\u0117 ir kop\u0117\u010dios\u201c - Ludo Turris<\/title>\n<meta name=\"description\" content=\"\u017daidimas Gyvat\u0117 ir kop\u0117\u010dios \u2013 klasikinis \u0161eimos \u017eaidimas vaikams, lavinantis skai\u010diavim\u0105, kantryb\u0119 ir suteikiantis smagi\u0105 pramog\u0105.\" \/>\n<meta name=\"robots\" content=\"index, follow, max-snippet:-1, max-image-preview:large, max-video-preview:-1\" \/>\n<link rel=\"canonical\" href=\"https:\/\/www.ludoturris.lt\/en\/product\/zaidimas-gyvate-ir-kopecios\/\" \/>\n<meta property=\"og:locale\" content=\"en_GB\" \/>\n<meta property=\"og:type\" content=\"article\" \/>\n<meta property=\"og:title\" content=\"\u017daidimas \u201eGyvat\u0117 ir kop\u0117\u010dios\u201c - Ludo Turris\" \/>\n<meta property=\"og:description\" content=\"\u017daidimas Gyvat\u0117 ir kop\u0117\u010dios \u2013 klasikinis \u0161eimos \u017eaidimas vaikams, lavinantis skai\u010diavim\u0105, kantryb\u0119 ir suteikiantis smagi\u0105 pramog\u0105.\" \/>\n<meta property=\"og:url\" content=\"https:\/\/www.ludoturris.lt\/en\/product\/zaidimas-gyvate-ir-kopecios\/\" \/>\n<meta property=\"og:site_name\" content=\"Ludo Turris\" \/>\n<meta property=\"article:publisher\" content=\"https:\/\/www.facebook.com\/Ludo-Turris-621921974895920\/\" \/>\n<meta property=\"article:modified_time\" content=\"2026-02-07T08:37:22+00:00\" \/>\n<meta property=\"og:image\" content=\"https:\/\/www.ludoturris.lt\/wp-content\/uploads\/2026\/02\/A60020.png\" \/>\n\t<meta property=\"og:image:width\" content=\"1000\" \/>\n\t<meta property=\"og:image:height\" content=\"1000\" \/>\n\t<meta property=\"og:image:type\" content=\"image\/png\" \/>\n<meta name=\"twitter:card\" content=\"summary_large_image\" \/>\n<meta name=\"twitter:label1\" content=\"Estimated reading time\" \/>\n\t<meta name=\"twitter:data1\" content=\"1 minute\" \/>\n<script type=\"application\/ld+json\" class=\"yoast-schema-graph\">{\"@context\":\"https:\/\/schema.org\",\"@graph\":[{\"@type\":\"WebPage\",\"@id\":\"https:\/\/www.ludoturris.lt\/produktas\/zaidimas-gyvate-ir-kopecios\/\",\"url\":\"https:\/\/www.ludoturris.lt\/produktas\/zaidimas-gyvate-ir-kopecios\/\",\"name\":\"\u017daidimas \u201eGyvat\u0117 ir kop\u0117\u010dios\u201c - Ludo Turris\",\"isPartOf\":{\"@id\":\"https:\/\/www.ludoturris.lt\/#website\"},\"datePublished\":\"2026-02-07T08:29:55+00:00\",\"dateModified\":\"2026-02-07T08:37:22+00:00\",\"description\":\"\u017daidimas Gyvat\u0117 ir kop\u0117\u010dios \u2013 klasikinis \u0161eimos \u017eaidimas vaikams, lavinantis skai\u010diavim\u0105, kantryb\u0119 ir suteikiantis smagi\u0105 pramog\u0105.\",\"breadcrumb\":{\"@id\":\"https:\/\/www.ludoturris.lt\/produktas\/zaidimas-gyvate-ir-kopecios\/#breadcrumb\"},\"inLanguage\":\"en-GB\",\"potentialAction\":[{\"@type\":\"ReadAction\",\"target\":[\"https:\/\/www.ludoturris.lt\/produktas\/zaidimas-gyvate-ir-kopecios\/\"]}]},{\"@type\":\"BreadcrumbList\",\"@id\":\"https:\/\/www.ludoturris.lt\/produktas\/zaidimas-gyvate-ir-kopecios\/#breadcrumb\",\"itemListElement\":[{\"@type\":\"ListItem\",\"position\":1,\"name\":\"Home\",\"item\":\"https:\/\/www.ludoturris.lt\/\"},{\"@type\":\"ListItem\",\"position\":2,\"name\":\"Parduotuv\u0117\",\"item\":\"https:\/\/www.ludoturris.lt\/parduotuve\/\"},{\"@type\":\"ListItem\",\"position\":3,\"name\":\"\u017daidimas \u201eGyvat\u0117 ir kop\u0117\u010dios\u201c\"}]},{\"@type\":\"WebSite\",\"@id\":\"https:\/\/www.ludoturris.lt\/#website\",\"url\":\"https:\/\/www.ludoturris.lt\/\",\"name\":\"Ludo Turris\",\"description\":\"K\u016brybi\u0161kum\u0105 ir fantazij\u0105 lavinan\u010dios kalad\u0117l\u0117s\",\"publisher\":{\"@id\":\"https:\/\/www.ludoturris.lt\/#organization\"},\"potentialAction\":[{\"@type\":\"SearchAction\",\"target\":{\"@type\":\"EntryPoint\",\"urlTemplate\":\"https:\/\/www.ludoturris.lt\/?s={search_term_string}\"},\"query-input\":\"required name=search_term_string\"}],\"inLanguage\":\"en-GB\"},{\"@type\":\"Organization\",\"@id\":\"https:\/\/www.ludoturris.lt\/#organization\",\"name\":\"Ludo Turris \u2013 Vakar\u0173 gama, UAB\",\"url\":\"https:\/\/www.ludoturris.lt\/\",\"logo\":{\"@type\":\"ImageObject\",\"inLanguage\":\"en-GB\",\"@id\":\"https:\/\/www.ludoturris.lt\/#\/schema\/logo\/image\/\",\"url\":\"https:\/\/www.ludoturris.lt\/wp-content\/uploads\/2020\/10\/logo@2x.png\",\"contentUrl\":\"https:\/\/www.ludoturris.lt\/wp-content\/uploads\/2020\/10\/logo@2x.png\",\"width\":300,\"height\":147,\"caption\":\"Ludo Turris \u2013 Vakar\u0173 gama, UAB\"},\"image\":{\"@id\":\"https:\/\/www.ludoturris.lt\/#\/schema\/logo\/image\/\"},\"sameAs\":[\"https:\/\/www.facebook.com\/Ludo-Turris-621921974895920\/\",\"https:\/\/www.youtube.com\/channel\/UCuBACq67N1NGC9LVudo4ngw\"]}]}<\/script>\n<!-- \/ Yoast SEO plugin. -->","yoast_head_json":{"title":"\u017daidimas \u201eGyvat\u0117 ir kop\u0117\u010dios\u201c - Ludo Turris","description":"\u017daidimas Gyvat\u0117 ir kop\u0117\u010dios \u2013 klasikinis \u0161eimos \u017eaidimas vaikams, lavinantis skai\u010diavim\u0105, kantryb\u0119 ir suteikiantis smagi\u0105 pramog\u0105.","robots":{"index":"index","follow":"follow","max-snippet":"max-snippet:-1","max-image-preview":"max-image-preview:large","max-video-preview":"max-video-preview:-1"},"canonical":"https:\/\/www.ludoturris.lt\/en\/product\/zaidimas-gyvate-ir-kopecios\/","og_locale":"en_GB","og_type":"article","og_title":"\u017daidimas \u201eGyvat\u0117 ir kop\u0117\u010dios\u201c - Ludo Turris","og_description":"\u017daidimas Gyvat\u0117 ir kop\u0117\u010dios \u2013 klasikinis \u0161eimos \u017eaidimas vaikams, lavinantis skai\u010diavim\u0105, kantryb\u0119 ir suteikiantis smagi\u0105 pramog\u0105.","og_url":"https:\/\/www.ludoturris.lt\/en\/product\/zaidimas-gyvate-ir-kopecios\/","og_site_name":"Ludo Turris","article_publisher":"https:\/\/www.facebook.com\/Ludo-Turris-621921974895920\/","article_modified_time":"2026-02-07T08:37:22+00:00","og_image":[{"width":1000,"height":1000,"url":"https:\/\/www.ludoturris.lt\/wp-content\/uploads\/2026\/02\/A60020.png","type":"image\/png"}],"twitter_card":"summary_large_image","twitter_misc":{"Estimated reading time":"1 minute"},"schema":{"@context":"https:\/\/schema.org","@graph":[{"@type":"WebPage","@id":"https:\/\/www.ludoturris.lt\/produktas\/zaidimas-gyvate-ir-kopecios\/","url":"https:\/\/www.ludoturris.lt\/produktas\/zaidimas-gyvate-ir-kopecios\/","name":"\u017daidimas \u201eGyvat\u0117 ir kop\u0117\u010dios\u201c - Ludo Turris","isPartOf":{"@id":"https:\/\/www.ludoturris.lt\/#website"},"datePublished":"2026-02-07T08:29:55+00:00","dateModified":"2026-02-07T08:37:22+00:00","description":"\u017daidimas Gyvat\u0117 ir kop\u0117\u010dios \u2013 klasikinis \u0161eimos \u017eaidimas vaikams, lavinantis skai\u010diavim\u0105, kantryb\u0119 ir suteikiantis smagi\u0105 pramog\u0105.","breadcrumb":{"@id":"https:\/\/www.ludoturris.lt\/produktas\/zaidimas-gyvate-ir-kopecios\/#breadcrumb"},"inLanguage":"en-GB","potentialAction":[{"@type":"ReadAction","target":["https:\/\/www.ludoturris.lt\/produktas\/zaidimas-gyvate-ir-kopecios\/"]}]},{"@type":"BreadcrumbList","@id":"https:\/\/www.ludoturris.lt\/produktas\/zaidimas-gyvate-ir-kopecios\/#breadcrumb","itemListElement":[{"@type":"ListItem","position":1,"name":"Home","item":"https:\/\/www.ludoturris.lt\/"},{"@type":"ListItem","position":2,"name":"Parduotuv\u0117","item":"https:\/\/www.ludoturris.lt\/parduotuve\/"},{"@type":"ListItem","position":3,"name":"\u017daidimas \u201eGyvat\u0117 ir kop\u0117\u010dios\u201c"}]},{"@type":"WebSite","@id":"https:\/\/www.ludoturris.lt\/#website","url":"https:\/\/www.ludoturris.lt\/","name":"Ludo Turris","description":"K\u016brybi\u0161kum\u0105 ir fantazij\u0105 lavinan\u010dios kalad\u0117l\u0117s","publisher":{"@id":"https:\/\/www.ludoturris.lt\/#organization"},"potentialAction":[{"@type":"SearchAction","target":{"@type":"EntryPoint","urlTemplate":"https:\/\/www.ludoturris.lt\/?s={search_term_string}"},"query-input":"required name=search_term_string"}],"inLanguage":"en-GB"},{"@type":"Organization","@id":"https:\/\/www.ludoturris.lt\/#organization","name":"Ludo Turris \u2013 Vakar\u0173 gama, UAB","url":"https:\/\/www.ludoturris.lt\/","logo":{"@type":"ImageObject","inLanguage":"en-GB","@id":"https:\/\/www.ludoturris.lt\/#\/schema\/logo\/image\/","url":"https:\/\/www.ludoturris.lt\/wp-content\/uploads\/2020\/10\/logo@2x.png","contentUrl":"https:\/\/www.ludoturris.lt\/wp-content\/uploads\/2020\/10\/logo@2x.png","width":300,"height":147,"caption":"Ludo Turris \u2013 Vakar\u0173 gama, UAB"},"image":{"@id":"https:\/\/www.ludoturris.lt\/#\/schema\/logo\/image\/"},"sameAs":["https:\/\/www.facebook.com\/Ludo-Turris-621921974895920\/","https:\/\/www.youtube.com\/channel\/UCuBACq67N1NGC9LVudo4ngw"]}]}},"uagb_featured_image_src":{"full":["https:\/\/www.ludoturris.lt\/wp-content\/uploads\/2026\/02\/A60020.png",1000,1000,false],"thumbnail":["https:\/\/www.ludoturris.lt\/wp-content\/uploads\/2026\/02\/A60020-150x150.png",150,150,true],"medium":["https:\/\/www.ludoturris.lt\/wp-content\/uploads\/2026\/02\/A60020-300x300.png",300,300,true],"medium_large":["https:\/\/www.ludoturris.lt\/wp-content\/uploads\/2026\/02\/A60020-768x768.png",768,768,true],"large":["https:\/\/www.ludoturris.lt\/wp-content\/uploads\/2026\/02\/A60020.png",1000,1000,false],"1536x1536":["https:\/\/www.ludoturris.lt\/wp-content\/uploads\/2026\/02\/A60020.png",1000,1000,false],"2048x2048":["https:\/\/www.ludoturris.lt\/wp-content\/uploads\/2026\/02\/A60020.png",1000,1000,false],"trp-custom-language-flag":["https:\/\/www.ludoturris.lt\/wp-content\/uploads\/2026\/02\/A60020-12x12.png",12,12,true],"woocommerce_thumbnail":["https:\/\/www.ludoturris.lt\/wp-content\/uploads\/2026\/02\/A60020-300x300.png",300,300,true],"woocommerce_single":["https:\/\/www.ludoturris.lt\/wp-content\/uploads\/2026\/02\/A60020-600x600.png",600,600,true],"woocommerce_gallery_thumbnail":["https:\/\/www.ludoturris.lt\/wp-content\/uploads\/2026\/02\/A60020-100x100.png",100,100,true],"variation_swatches_image_size":["https:\/\/www.ludoturris.lt\/wp-content\/uploads\/2026\/02\/A60020-50x50.png",50,50,true],"variation_swatches_tooltip_size":["https:\/\/www.ludoturris.lt\/wp-content\/uploads\/2026\/02\/A60020-100x100.png",100,100,true],"dgwt-wcas-product-suggestion":["https:\/\/www.ludoturris.lt\/wp-content\/uploads\/2026\/02\/A60020-64x64.png",64,64,true]},"uagb_author_info":{"display_name":"LudoTurris","author_link":"https:\/\/www.ludoturris.lt\/en\/author\/"},"uagb_comment_info":0,"uagb_excerpt":"Rekomenduojamas am\u017eius: nuo 3 met\u0173. Alldoro pristato klasikin\u012f \u017eaidim\u0105 ypa\u010d dideliame formate \u201eGyvat\u0117 ir kop\u0117\u010dios. \u012esp\u016bdingas 1,50&#215;1,50m. \u017eaidimo plotas paver\u010dia \u017eaidim\u0105 puikiu nuotykiu tinkan\u010diu vaik\u0173 gimtadieniams ar sodo \u0161vent\u0117ms. Tvirtas, i\u0161 poliesterio audinio pagamintas \u017eaidim\u0173 laukas yra atsparus oro s\u0105lygoms ir tinkamas naudoti tiek viduje, tiek lauke. \u012e pristatym\u0105 \u012feina 4 didel\u0117s \u017eaidimo fig\u016br\u0117l\u0117s 13,5cm,&hellip;","_links":{"self":[{"href":"https:\/\/www.ludoturris.lt\/en\/wp-json\/wp\/v2\/product\/5506"}],"collection":[{"href":"https:\/\/www.ludoturris.lt\/en\/wp-json\/wp\/v2\/product"}],"about":[{"href":"https:\/\/www.ludoturris.lt\/en\/wp-json\/wp\/v2\/types\/product"}],"wp:featuredmedia":[{"embeddable":true,"href":"https:\/\/www.ludoturris.lt\/en\/wp-json\/wp\/v2\/media\/5507"}],"wp:attachment":[{"href":"https:\/\/www.ludoturris.lt\/en\/wp-json\/wp\/v2\/media?parent=5506"}],"wp:term":[{"taxonomy":"product_cat","embeddable":true,"href":"https:\/\/www.ludoturris.lt\/en\/wp-json\/wp\/v2\/product_cat?post=5506"},{"taxonomy":"product_tag","embeddable":true,"href":"https:\/\/www.ludoturris.lt\/en\/wp-json\/wp\/v2\/product_tag?post=5506"}],"curies":[{"name":"wp","href":"https:\/\/api.w.org\/{rel}","templated":true}]}}