{"id":5464,"date":"2026-02-06T07:07:07","date_gmt":"2026-02-06T09:07:07","guid":{"rendered":"https:\/\/www.ludoturris.lt\/?post_type=product&#038;p=5464"},"modified":"2026-02-06T11:34:26","modified_gmt":"2026-02-06T13:34:26","slug":"stalo-teniso-rinkinys","status":"publish","type":"product","link":"https:\/\/www.ludoturris.lt\/en\/product\/stalo-teniso-rinkinys\/","title":{"rendered":"Stalo teniso rinkinys"},"content":{"rendered":"<p>Rekomenduojamas am\u017eius: nuo 5 met\u0173. \u012e komplekt\u0105 \u012feina dvi raket\u0117s ir trys stalo teniso kamuoliukai, tod\u0117l galite prad\u0117ti \u017eaisti vos i\u0161pakav\u0119. Raket\u0117s pagamintos i\u0161 med\u017eio ir turi neslid\u0173 pavir\u0161i\u0173, kuris padeda valdyti kamuoliuk\u0105 ir patogiai sm\u016bgiuoti. Rinkinys skirtas aktyviam laisvalaikiui su draugais, ar \u0161eima. Tinka naudoti tiek vaikams, suaugusiems pramogai namuose ar ikimokyklin\u0117se \u012fstaigose. Rinkinys leid\u017eia smagiai leisti laik\u0105, lavina reakcij\u0105, koordinacij\u0105 ir skatina draugi\u0161k\u0105 var\u017eym\u0105si.<\/p>","protected":false},"excerpt":{"rendered":"<p>Rekomenduojamas am\u017eius: nuo 5 met\u0173. \u012e komplekt\u0105 \u012feina dvi raket\u0117s ir trys stalo teniso kamuoliukai, tod\u0117l galite prad\u0117ti \u017eaisti vos i\u0161pakav\u0119. Raket\u0117s pagamintos i\u0161 med\u017eio ir turi neslid\u0173 pavir\u0161i\u0173, kuris padeda valdyti kamuoliuk\u0105 ir patogiai sm\u016bgiuoti. Rinkinys skirtas aktyviam laisvalaikiui su draugais, ar \u0161eima. Tinka naudoti tiek vaikams, suaugusiems pramogai namuose ar ikimokyklin\u0117se \u012fstaigose. Rinkinys &hellip;<\/p>\n<p class=\"read-more\"> <a class=\"\" href=\"https:\/\/www.ludoturris.lt\/en\/product\/stalo-teniso-rinkinys\/\"> <span class=\"screen-reader-text\">Stalo teniso rinkinys<\/span> Read More &raquo;<\/a><\/p>","protected":false},"featured_media":5465,"template":"","meta":{"_uag_custom_page_level_css":"","_themeisle_gutenberg_block_has_review":false},"product_cat":[95,69,93],"product_tag":[],"yoast_head":"<!-- This site is optimized with the Yoast SEO plugin v21.1 - https:\/\/yoast.com\/wordpress\/plugins\/seo\/ -->\n<title>Stalo teniso rinkinys - Ludo Turris<\/title>\n<meta name=\"description\" content=\"Stalo tenisas smagus ir aktyvus \u017eaidimas vaikams ir \u0161eimai, lavinantis reakcij\u0105, koordinacij\u0105 ir taiklum\u0105, puikiai tinkantis \u017eaisti namuose ar lauke.\" \/>\n<meta name=\"robots\" content=\"index, follow, max-snippet:-1, max-image-preview:large, max-video-preview:-1\" \/>\n<link rel=\"canonical\" href=\"https:\/\/www.ludoturris.lt\/en\/product\/stalo-teniso-rinkinys\/\" \/>\n<meta property=\"og:locale\" content=\"en_GB\" \/>\n<meta property=\"og:type\" content=\"article\" \/>\n<meta property=\"og:title\" content=\"Stalo teniso rinkinys - Ludo Turris\" \/>\n<meta property=\"og:description\" content=\"Stalo tenisas smagus ir aktyvus \u017eaidimas vaikams ir \u0161eimai, lavinantis reakcij\u0105, koordinacij\u0105 ir taiklum\u0105, puikiai tinkantis \u017eaisti namuose ar lauke.\" \/>\n<meta property=\"og:url\" content=\"https:\/\/www.ludoturris.lt\/en\/product\/stalo-teniso-rinkinys\/\" \/>\n<meta property=\"og:site_name\" content=\"Ludo Turris\" \/>\n<meta property=\"article:publisher\" content=\"https:\/\/www.facebook.com\/Ludo-Turris-621921974895920\/\" \/>\n<meta property=\"article:modified_time\" content=\"2026-02-06T13:34:26+00:00\" \/>\n<meta property=\"og:image\" content=\"https:\/\/www.ludoturris.lt\/wp-content\/uploads\/2026\/02\/EAL-304.png\" \/>\n\t<meta property=\"og:image:width\" content=\"1000\" \/>\n\t<meta property=\"og:image:height\" content=\"1000\" \/>\n\t<meta property=\"og:image:type\" content=\"image\/png\" \/>\n<meta name=\"twitter:card\" content=\"summary_large_image\" \/>\n<meta name=\"twitter:label1\" content=\"Estimated reading time\" \/>\n\t<meta name=\"twitter:data1\" content=\"1 minute\" \/>\n<script type=\"application\/ld+json\" class=\"yoast-schema-graph\">{\"@context\":\"https:\/\/schema.org\",\"@graph\":[{\"@type\":\"WebPage\",\"@id\":\"https:\/\/www.ludoturris.lt\/produktas\/stalo-teniso-rinkinys\/\",\"url\":\"https:\/\/www.ludoturris.lt\/produktas\/stalo-teniso-rinkinys\/\",\"name\":\"Stalo teniso rinkinys - Ludo Turris\",\"isPartOf\":{\"@id\":\"https:\/\/www.ludoturris.lt\/#website\"},\"datePublished\":\"2026-02-06T09:07:07+00:00\",\"dateModified\":\"2026-02-06T13:34:26+00:00\",\"description\":\"Stalo tenisas smagus ir aktyvus \u017eaidimas vaikams ir \u0161eimai, lavinantis reakcij\u0105, koordinacij\u0105 ir taiklum\u0105, puikiai tinkantis \u017eaisti namuose ar lauke.\",\"breadcrumb\":{\"@id\":\"https:\/\/www.ludoturris.lt\/produktas\/stalo-teniso-rinkinys\/#breadcrumb\"},\"inLanguage\":\"en-GB\",\"potentialAction\":[{\"@type\":\"ReadAction\",\"target\":[\"https:\/\/www.ludoturris.lt\/produktas\/stalo-teniso-rinkinys\/\"]}]},{\"@type\":\"BreadcrumbList\",\"@id\":\"https:\/\/www.ludoturris.lt\/produktas\/stalo-teniso-rinkinys\/#breadcrumb\",\"itemListElement\":[{\"@type\":\"ListItem\",\"position\":1,\"name\":\"Home\",\"item\":\"https:\/\/www.ludoturris.lt\/\"},{\"@type\":\"ListItem\",\"position\":2,\"name\":\"Parduotuv\u0117\",\"item\":\"https:\/\/www.ludoturris.lt\/parduotuve\/\"},{\"@type\":\"ListItem\",\"position\":3,\"name\":\"Stalo teniso rinkinys\"}]},{\"@type\":\"WebSite\",\"@id\":\"https:\/\/www.ludoturris.lt\/#website\",\"url\":\"https:\/\/www.ludoturris.lt\/\",\"name\":\"Ludo Turris\",\"description\":\"K\u016brybi\u0161kum\u0105 ir fantazij\u0105 lavinan\u010dios kalad\u0117l\u0117s\",\"publisher\":{\"@id\":\"https:\/\/www.ludoturris.lt\/#organization\"},\"potentialAction\":[{\"@type\":\"SearchAction\",\"target\":{\"@type\":\"EntryPoint\",\"urlTemplate\":\"https:\/\/www.ludoturris.lt\/?s={search_term_string}\"},\"query-input\":\"required name=search_term_string\"}],\"inLanguage\":\"en-GB\"},{\"@type\":\"Organization\",\"@id\":\"https:\/\/www.ludoturris.lt\/#organization\",\"name\":\"Ludo Turris \u2013 Vakar\u0173 gama, UAB\",\"url\":\"https:\/\/www.ludoturris.lt\/\",\"logo\":{\"@type\":\"ImageObject\",\"inLanguage\":\"en-GB\",\"@id\":\"https:\/\/www.ludoturris.lt\/#\/schema\/logo\/image\/\",\"url\":\"https:\/\/www.ludoturris.lt\/wp-content\/uploads\/2020\/10\/logo@2x.png\",\"contentUrl\":\"https:\/\/www.ludoturris.lt\/wp-content\/uploads\/2020\/10\/logo@2x.png\",\"width\":300,\"height\":147,\"caption\":\"Ludo Turris \u2013 Vakar\u0173 gama, UAB\"},\"image\":{\"@id\":\"https:\/\/www.ludoturris.lt\/#\/schema\/logo\/image\/\"},\"sameAs\":[\"https:\/\/www.facebook.com\/Ludo-Turris-621921974895920\/\",\"https:\/\/www.youtube.com\/channel\/UCuBACq67N1NGC9LVudo4ngw\"]}]}<\/script>\n<!-- \/ Yoast SEO plugin. -->","yoast_head_json":{"title":"Stalo teniso rinkinys - Ludo Turris","description":"Stalo tenisas smagus ir aktyvus \u017eaidimas vaikams ir \u0161eimai, lavinantis reakcij\u0105, koordinacij\u0105 ir taiklum\u0105, puikiai tinkantis \u017eaisti namuose ar lauke.","robots":{"index":"index","follow":"follow","max-snippet":"max-snippet:-1","max-image-preview":"max-image-preview:large","max-video-preview":"max-video-preview:-1"},"canonical":"https:\/\/www.ludoturris.lt\/en\/product\/stalo-teniso-rinkinys\/","og_locale":"en_GB","og_type":"article","og_title":"Stalo teniso rinkinys - Ludo Turris","og_description":"Stalo tenisas smagus ir aktyvus \u017eaidimas vaikams ir \u0161eimai, lavinantis reakcij\u0105, koordinacij\u0105 ir taiklum\u0105, puikiai tinkantis \u017eaisti namuose ar lauke.","og_url":"https:\/\/www.ludoturris.lt\/en\/product\/stalo-teniso-rinkinys\/","og_site_name":"Ludo Turris","article_publisher":"https:\/\/www.facebook.com\/Ludo-Turris-621921974895920\/","article_modified_time":"2026-02-06T13:34:26+00:00","og_image":[{"width":1000,"height":1000,"url":"https:\/\/www.ludoturris.lt\/wp-content\/uploads\/2026\/02\/EAL-304.png","type":"image\/png"}],"twitter_card":"summary_large_image","twitter_misc":{"Estimated reading time":"1 minute"},"schema":{"@context":"https:\/\/schema.org","@graph":[{"@type":"WebPage","@id":"https:\/\/www.ludoturris.lt\/produktas\/stalo-teniso-rinkinys\/","url":"https:\/\/www.ludoturris.lt\/produktas\/stalo-teniso-rinkinys\/","name":"Stalo teniso rinkinys - Ludo Turris","isPartOf":{"@id":"https:\/\/www.ludoturris.lt\/#website"},"datePublished":"2026-02-06T09:07:07+00:00","dateModified":"2026-02-06T13:34:26+00:00","description":"Stalo tenisas smagus ir aktyvus \u017eaidimas vaikams ir \u0161eimai, lavinantis reakcij\u0105, koordinacij\u0105 ir taiklum\u0105, puikiai tinkantis \u017eaisti namuose ar lauke.","breadcrumb":{"@id":"https:\/\/www.ludoturris.lt\/produktas\/stalo-teniso-rinkinys\/#breadcrumb"},"inLanguage":"en-GB","potentialAction":[{"@type":"ReadAction","target":["https:\/\/www.ludoturris.lt\/produktas\/stalo-teniso-rinkinys\/"]}]},{"@type":"BreadcrumbList","@id":"https:\/\/www.ludoturris.lt\/produktas\/stalo-teniso-rinkinys\/#breadcrumb","itemListElement":[{"@type":"ListItem","position":1,"name":"Home","item":"https:\/\/www.ludoturris.lt\/"},{"@type":"ListItem","position":2,"name":"Parduotuv\u0117","item":"https:\/\/www.ludoturris.lt\/parduotuve\/"},{"@type":"ListItem","position":3,"name":"Stalo teniso rinkinys"}]},{"@type":"WebSite","@id":"https:\/\/www.ludoturris.lt\/#website","url":"https:\/\/www.ludoturris.lt\/","name":"Ludo Turris","description":"K\u016brybi\u0161kum\u0105 ir fantazij\u0105 lavinan\u010dios kalad\u0117l\u0117s","publisher":{"@id":"https:\/\/www.ludoturris.lt\/#organization"},"potentialAction":[{"@type":"SearchAction","target":{"@type":"EntryPoint","urlTemplate":"https:\/\/www.ludoturris.lt\/?s={search_term_string}"},"query-input":"required name=search_term_string"}],"inLanguage":"en-GB"},{"@type":"Organization","@id":"https:\/\/www.ludoturris.lt\/#organization","name":"Ludo Turris \u2013 Vakar\u0173 gama, UAB","url":"https:\/\/www.ludoturris.lt\/","logo":{"@type":"ImageObject","inLanguage":"en-GB","@id":"https:\/\/www.ludoturris.lt\/#\/schema\/logo\/image\/","url":"https:\/\/www.ludoturris.lt\/wp-content\/uploads\/2020\/10\/logo@2x.png","contentUrl":"https:\/\/www.ludoturris.lt\/wp-content\/uploads\/2020\/10\/logo@2x.png","width":300,"height":147,"caption":"Ludo Turris \u2013 Vakar\u0173 gama, UAB"},"image":{"@id":"https:\/\/www.ludoturris.lt\/#\/schema\/logo\/image\/"},"sameAs":["https:\/\/www.facebook.com\/Ludo-Turris-621921974895920\/","https:\/\/www.youtube.com\/channel\/UCuBACq67N1NGC9LVudo4ngw"]}]}},"uagb_featured_image_src":{"full":["https:\/\/www.ludoturris.lt\/wp-content\/uploads\/2026\/02\/EAL-304.png",1000,1000,false],"thumbnail":["https:\/\/www.ludoturris.lt\/wp-content\/uploads\/2026\/02\/EAL-304-150x150.png",150,150,true],"medium":["https:\/\/www.ludoturris.lt\/wp-content\/uploads\/2026\/02\/EAL-304-300x300.png",300,300,true],"medium_large":["https:\/\/www.ludoturris.lt\/wp-content\/uploads\/2026\/02\/EAL-304-768x768.png",768,768,true],"large":["https:\/\/www.ludoturris.lt\/wp-content\/uploads\/2026\/02\/EAL-304.png",1000,1000,false],"1536x1536":["https:\/\/www.ludoturris.lt\/wp-content\/uploads\/2026\/02\/EAL-304.png",1000,1000,false],"2048x2048":["https:\/\/www.ludoturris.lt\/wp-content\/uploads\/2026\/02\/EAL-304.png",1000,1000,false],"trp-custom-language-flag":["https:\/\/www.ludoturris.lt\/wp-content\/uploads\/2026\/02\/EAL-304-12x12.png",12,12,true],"woocommerce_thumbnail":["https:\/\/www.ludoturris.lt\/wp-content\/uploads\/2026\/02\/EAL-304-300x300.png",300,300,true],"woocommerce_single":["https:\/\/www.ludoturris.lt\/wp-content\/uploads\/2026\/02\/EAL-304-600x600.png",600,600,true],"woocommerce_gallery_thumbnail":["https:\/\/www.ludoturris.lt\/wp-content\/uploads\/2026\/02\/EAL-304-100x100.png",100,100,true],"variation_swatches_image_size":["https:\/\/www.ludoturris.lt\/wp-content\/uploads\/2026\/02\/EAL-304-50x50.png",50,50,true],"variation_swatches_tooltip_size":["https:\/\/www.ludoturris.lt\/wp-content\/uploads\/2026\/02\/EAL-304-100x100.png",100,100,true],"dgwt-wcas-product-suggestion":["https:\/\/www.ludoturris.lt\/wp-content\/uploads\/2026\/02\/EAL-304-64x64.png",64,64,true]},"uagb_author_info":{"display_name":"LudoTurris","author_link":"https:\/\/www.ludoturris.lt\/en\/author\/"},"uagb_comment_info":0,"uagb_excerpt":"Rekomenduojamas am\u017eius: nuo 5 met\u0173. \u012e komplekt\u0105 \u012feina dvi raket\u0117s ir trys stalo teniso kamuoliukai, tod\u0117l galite prad\u0117ti \u017eaisti vos i\u0161pakav\u0119. Raket\u0117s pagamintos i\u0161 med\u017eio ir turi neslid\u0173 pavir\u0161i\u0173, kuris padeda valdyti kamuoliuk\u0105 ir patogiai sm\u016bgiuoti. Rinkinys skirtas aktyviam laisvalaikiui su draugais, ar \u0161eima. Tinka naudoti tiek vaikams, suaugusiems pramogai namuose ar ikimokyklin\u0117se \u012fstaigose. Rinkinys&hellip;","_links":{"self":[{"href":"https:\/\/www.ludoturris.lt\/en\/wp-json\/wp\/v2\/product\/5464"}],"collection":[{"href":"https:\/\/www.ludoturris.lt\/en\/wp-json\/wp\/v2\/product"}],"about":[{"href":"https:\/\/www.ludoturris.lt\/en\/wp-json\/wp\/v2\/types\/product"}],"wp:featuredmedia":[{"embeddable":true,"href":"https:\/\/www.ludoturris.lt\/en\/wp-json\/wp\/v2\/media\/5465"}],"wp:attachment":[{"href":"https:\/\/www.ludoturris.lt\/en\/wp-json\/wp\/v2\/media?parent=5464"}],"wp:term":[{"taxonomy":"product_cat","embeddable":true,"href":"https:\/\/www.ludoturris.lt\/en\/wp-json\/wp\/v2\/product_cat?post=5464"},{"taxonomy":"product_tag","embeddable":true,"href":"https:\/\/www.ludoturris.lt\/en\/wp-json\/wp\/v2\/product_tag?post=5464"}],"curies":[{"name":"wp","href":"https:\/\/api.w.org\/{rel}","templated":true}]}}