{"id":5449,"date":"2026-02-06T05:21:32","date_gmt":"2026-02-06T07:21:32","guid":{"rendered":"https:\/\/www.ludoturris.lt\/?post_type=product&#038;p=5449"},"modified":"2026-02-06T05:26:44","modified_gmt":"2026-02-06T07:26:44","slug":"sokdyne-ir-elastine-juosta","status":"publish","type":"product","link":"https:\/\/www.ludoturris.lt\/en\/product\/sokdyne-ir-elastine-juosta\/","title":{"rendered":"\u0160okdyn\u0117 ir elastin\u0117 juosta"},"content":{"rendered":"<p>\u0160okdyn\u0117 ir elastin\u0117 juosta viename prakti\u0161kame rinkinyje. \u0160okdyn\u0117 230cm ilgio ir 200cm ilgio elastin\u0117 juosta \u017eaidimams dviems ar trims \u017emon\u0117ms. Atsitiktinis spalv\u0173 pasirinkimas geltona, m\u0117lyna, turkio spalvos su blizgu\u010di\u0173 elementais. Idealiai tinka vaikams nuo 3 met\u0173, skatina koordinacij\u0105 ir jud\u0117jim\u0105. \u0160ios \u0161okdyn\u0117s ir elastin\u0117s juostos rinkinys apjungia du klasikinius \u017eaidimus vienoje pakuot\u0117je!  Kilm\u0117s \u0161alis: Vokietija<\/p>","protected":false},"excerpt":{"rendered":"<p>\u0160okdyn\u0117 ir elastin\u0117 juosta viename prakti\u0161kame rinkinyje. \u0160okdyn\u0117 230cm ilgio ir 200cm ilgio elastin\u0117 juosta \u017eaidimams dviems ar trims \u017emon\u0117ms. Atsitiktinis spalv\u0173 pasirinkimas geltona, m\u0117lyna, turkio spalvos su blizgu\u010di\u0173 elementais. Idealiai tinka vaikams nuo 3 met\u0173, skatina koordinacij\u0105 ir jud\u0117jim\u0105. \u0160ios \u0161okdyn\u0117s ir elastin\u0117s juostos rinkinys apjungia du klasikinius \u017eaidimus vienoje pakuot\u0117je! Kilm\u0117s \u0161alis: Vokietija<\/p>","protected":false},"featured_media":5451,"template":"","meta":{"_uag_custom_page_level_css":"","_themeisle_gutenberg_block_has_review":false},"product_cat":[95,69,93],"product_tag":[],"yoast_head":"<!-- This site is optimized with the Yoast SEO plugin v21.1 - https:\/\/yoast.com\/wordpress\/plugins\/seo\/ -->\n<title>\u0160okdyn\u0117 ir elastin\u0117 juosta - Ludo Turris<\/title>\n<meta name=\"description\" content=\"\u0160okdyn\u0117 ir elastin\u0117 juosta \u2013 aktyvaus laisvalaikio rinkinys vaikams, skirtas jud\u0117jimui, i\u0161tvermei ir koordinacijai lavinti, \u017eaidimams namuose ar lauke.\" \/>\n<meta name=\"robots\" content=\"index, follow, max-snippet:-1, max-image-preview:large, max-video-preview:-1\" \/>\n<link rel=\"canonical\" href=\"https:\/\/www.ludoturris.lt\/en\/product\/sokdyne-ir-elastine-juosta\/\" \/>\n<meta property=\"og:locale\" content=\"en_GB\" \/>\n<meta property=\"og:type\" content=\"article\" \/>\n<meta property=\"og:title\" content=\"\u0160okdyn\u0117 ir elastin\u0117 juosta - Ludo Turris\" \/>\n<meta property=\"og:description\" content=\"\u0160okdyn\u0117 ir elastin\u0117 juosta \u2013 aktyvaus laisvalaikio rinkinys vaikams, skirtas jud\u0117jimui, i\u0161tvermei ir koordinacijai lavinti, \u017eaidimams namuose ar lauke.\" \/>\n<meta property=\"og:url\" content=\"https:\/\/www.ludoturris.lt\/en\/product\/sokdyne-ir-elastine-juosta\/\" \/>\n<meta property=\"og:site_name\" content=\"Ludo Turris\" \/>\n<meta property=\"article:publisher\" content=\"https:\/\/www.facebook.com\/Ludo-Turris-621921974895920\/\" \/>\n<meta property=\"article:modified_time\" content=\"2026-02-06T07:26:44+00:00\" \/>\n<meta property=\"og:image\" content=\"https:\/\/www.ludoturris.lt\/wp-content\/uploads\/2026\/02\/V-DJ02108-1-2.png\" \/>\n\t<meta property=\"og:image:width\" content=\"1000\" \/>\n\t<meta property=\"og:image:height\" content=\"1000\" \/>\n\t<meta property=\"og:image:type\" content=\"image\/png\" \/>\n<meta name=\"twitter:card\" content=\"summary_large_image\" \/>\n<meta name=\"twitter:label1\" content=\"Estimated reading time\" \/>\n\t<meta name=\"twitter:data1\" content=\"1 minute\" \/>\n<script type=\"application\/ld+json\" class=\"yoast-schema-graph\">{\"@context\":\"https:\/\/schema.org\",\"@graph\":[{\"@type\":\"WebPage\",\"@id\":\"https:\/\/www.ludoturris.lt\/produktas\/sokdyne-ir-elastine-juosta\/\",\"url\":\"https:\/\/www.ludoturris.lt\/produktas\/sokdyne-ir-elastine-juosta\/\",\"name\":\"\u0160okdyn\u0117 ir elastin\u0117 juosta - Ludo Turris\",\"isPartOf\":{\"@id\":\"https:\/\/www.ludoturris.lt\/#website\"},\"datePublished\":\"2026-02-06T07:21:32+00:00\",\"dateModified\":\"2026-02-06T07:26:44+00:00\",\"description\":\"\u0160okdyn\u0117 ir elastin\u0117 juosta \u2013 aktyvaus laisvalaikio rinkinys vaikams, skirtas jud\u0117jimui, i\u0161tvermei ir koordinacijai lavinti, \u017eaidimams namuose ar lauke.\",\"breadcrumb\":{\"@id\":\"https:\/\/www.ludoturris.lt\/produktas\/sokdyne-ir-elastine-juosta\/#breadcrumb\"},\"inLanguage\":\"en-GB\",\"potentialAction\":[{\"@type\":\"ReadAction\",\"target\":[\"https:\/\/www.ludoturris.lt\/produktas\/sokdyne-ir-elastine-juosta\/\"]}]},{\"@type\":\"BreadcrumbList\",\"@id\":\"https:\/\/www.ludoturris.lt\/produktas\/sokdyne-ir-elastine-juosta\/#breadcrumb\",\"itemListElement\":[{\"@type\":\"ListItem\",\"position\":1,\"name\":\"Home\",\"item\":\"https:\/\/www.ludoturris.lt\/\"},{\"@type\":\"ListItem\",\"position\":2,\"name\":\"Parduotuv\u0117\",\"item\":\"https:\/\/www.ludoturris.lt\/parduotuve\/\"},{\"@type\":\"ListItem\",\"position\":3,\"name\":\"\u0160okdyn\u0117 ir elastin\u0117 juosta\"}]},{\"@type\":\"WebSite\",\"@id\":\"https:\/\/www.ludoturris.lt\/#website\",\"url\":\"https:\/\/www.ludoturris.lt\/\",\"name\":\"Ludo Turris\",\"description\":\"K\u016brybi\u0161kum\u0105 ir fantazij\u0105 lavinan\u010dios kalad\u0117l\u0117s\",\"publisher\":{\"@id\":\"https:\/\/www.ludoturris.lt\/#organization\"},\"potentialAction\":[{\"@type\":\"SearchAction\",\"target\":{\"@type\":\"EntryPoint\",\"urlTemplate\":\"https:\/\/www.ludoturris.lt\/?s={search_term_string}\"},\"query-input\":\"required name=search_term_string\"}],\"inLanguage\":\"en-GB\"},{\"@type\":\"Organization\",\"@id\":\"https:\/\/www.ludoturris.lt\/#organization\",\"name\":\"Ludo Turris \u2013 Vakar\u0173 gama, UAB\",\"url\":\"https:\/\/www.ludoturris.lt\/\",\"logo\":{\"@type\":\"ImageObject\",\"inLanguage\":\"en-GB\",\"@id\":\"https:\/\/www.ludoturris.lt\/#\/schema\/logo\/image\/\",\"url\":\"https:\/\/www.ludoturris.lt\/wp-content\/uploads\/2020\/10\/logo@2x.png\",\"contentUrl\":\"https:\/\/www.ludoturris.lt\/wp-content\/uploads\/2020\/10\/logo@2x.png\",\"width\":300,\"height\":147,\"caption\":\"Ludo Turris \u2013 Vakar\u0173 gama, UAB\"},\"image\":{\"@id\":\"https:\/\/www.ludoturris.lt\/#\/schema\/logo\/image\/\"},\"sameAs\":[\"https:\/\/www.facebook.com\/Ludo-Turris-621921974895920\/\",\"https:\/\/www.youtube.com\/channel\/UCuBACq67N1NGC9LVudo4ngw\"]}]}<\/script>\n<!-- \/ Yoast SEO plugin. -->","yoast_head_json":{"title":"\u0160okdyn\u0117 ir elastin\u0117 juosta - Ludo Turris","description":"\u0160okdyn\u0117 ir elastin\u0117 juosta \u2013 aktyvaus laisvalaikio rinkinys vaikams, skirtas jud\u0117jimui, i\u0161tvermei ir koordinacijai lavinti, \u017eaidimams namuose ar lauke.","robots":{"index":"index","follow":"follow","max-snippet":"max-snippet:-1","max-image-preview":"max-image-preview:large","max-video-preview":"max-video-preview:-1"},"canonical":"https:\/\/www.ludoturris.lt\/en\/product\/sokdyne-ir-elastine-juosta\/","og_locale":"en_GB","og_type":"article","og_title":"\u0160okdyn\u0117 ir elastin\u0117 juosta - Ludo Turris","og_description":"\u0160okdyn\u0117 ir elastin\u0117 juosta \u2013 aktyvaus laisvalaikio rinkinys vaikams, skirtas jud\u0117jimui, i\u0161tvermei ir koordinacijai lavinti, \u017eaidimams namuose ar lauke.","og_url":"https:\/\/www.ludoturris.lt\/en\/product\/sokdyne-ir-elastine-juosta\/","og_site_name":"Ludo Turris","article_publisher":"https:\/\/www.facebook.com\/Ludo-Turris-621921974895920\/","article_modified_time":"2026-02-06T07:26:44+00:00","og_image":[{"width":1000,"height":1000,"url":"https:\/\/www.ludoturris.lt\/wp-content\/uploads\/2026\/02\/V-DJ02108-1-2.png","type":"image\/png"}],"twitter_card":"summary_large_image","twitter_misc":{"Estimated reading time":"1 minute"},"schema":{"@context":"https:\/\/schema.org","@graph":[{"@type":"WebPage","@id":"https:\/\/www.ludoturris.lt\/produktas\/sokdyne-ir-elastine-juosta\/","url":"https:\/\/www.ludoturris.lt\/produktas\/sokdyne-ir-elastine-juosta\/","name":"\u0160okdyn\u0117 ir elastin\u0117 juosta - Ludo Turris","isPartOf":{"@id":"https:\/\/www.ludoturris.lt\/#website"},"datePublished":"2026-02-06T07:21:32+00:00","dateModified":"2026-02-06T07:26:44+00:00","description":"\u0160okdyn\u0117 ir elastin\u0117 juosta \u2013 aktyvaus laisvalaikio rinkinys vaikams, skirtas jud\u0117jimui, i\u0161tvermei ir koordinacijai lavinti, \u017eaidimams namuose ar lauke.","breadcrumb":{"@id":"https:\/\/www.ludoturris.lt\/produktas\/sokdyne-ir-elastine-juosta\/#breadcrumb"},"inLanguage":"en-GB","potentialAction":[{"@type":"ReadAction","target":["https:\/\/www.ludoturris.lt\/produktas\/sokdyne-ir-elastine-juosta\/"]}]},{"@type":"BreadcrumbList","@id":"https:\/\/www.ludoturris.lt\/produktas\/sokdyne-ir-elastine-juosta\/#breadcrumb","itemListElement":[{"@type":"ListItem","position":1,"name":"Home","item":"https:\/\/www.ludoturris.lt\/"},{"@type":"ListItem","position":2,"name":"Parduotuv\u0117","item":"https:\/\/www.ludoturris.lt\/parduotuve\/"},{"@type":"ListItem","position":3,"name":"\u0160okdyn\u0117 ir elastin\u0117 juosta"}]},{"@type":"WebSite","@id":"https:\/\/www.ludoturris.lt\/#website","url":"https:\/\/www.ludoturris.lt\/","name":"Ludo Turris","description":"K\u016brybi\u0161kum\u0105 ir fantazij\u0105 lavinan\u010dios kalad\u0117l\u0117s","publisher":{"@id":"https:\/\/www.ludoturris.lt\/#organization"},"potentialAction":[{"@type":"SearchAction","target":{"@type":"EntryPoint","urlTemplate":"https:\/\/www.ludoturris.lt\/?s={search_term_string}"},"query-input":"required name=search_term_string"}],"inLanguage":"en-GB"},{"@type":"Organization","@id":"https:\/\/www.ludoturris.lt\/#organization","name":"Ludo Turris \u2013 Vakar\u0173 gama, UAB","url":"https:\/\/www.ludoturris.lt\/","logo":{"@type":"ImageObject","inLanguage":"en-GB","@id":"https:\/\/www.ludoturris.lt\/#\/schema\/logo\/image\/","url":"https:\/\/www.ludoturris.lt\/wp-content\/uploads\/2020\/10\/logo@2x.png","contentUrl":"https:\/\/www.ludoturris.lt\/wp-content\/uploads\/2020\/10\/logo@2x.png","width":300,"height":147,"caption":"Ludo Turris \u2013 Vakar\u0173 gama, UAB"},"image":{"@id":"https:\/\/www.ludoturris.lt\/#\/schema\/logo\/image\/"},"sameAs":["https:\/\/www.facebook.com\/Ludo-Turris-621921974895920\/","https:\/\/www.youtube.com\/channel\/UCuBACq67N1NGC9LVudo4ngw"]}]}},"uagb_featured_image_src":{"full":["https:\/\/www.ludoturris.lt\/wp-content\/uploads\/2026\/02\/V-DJ02108-1-2.png",1000,1000,false],"thumbnail":["https:\/\/www.ludoturris.lt\/wp-content\/uploads\/2026\/02\/V-DJ02108-1-2-150x150.png",150,150,true],"medium":["https:\/\/www.ludoturris.lt\/wp-content\/uploads\/2026\/02\/V-DJ02108-1-2-300x300.png",300,300,true],"medium_large":["https:\/\/www.ludoturris.lt\/wp-content\/uploads\/2026\/02\/V-DJ02108-1-2-768x768.png",768,768,true],"large":["https:\/\/www.ludoturris.lt\/wp-content\/uploads\/2026\/02\/V-DJ02108-1-2.png",1000,1000,false],"1536x1536":["https:\/\/www.ludoturris.lt\/wp-content\/uploads\/2026\/02\/V-DJ02108-1-2.png",1000,1000,false],"2048x2048":["https:\/\/www.ludoturris.lt\/wp-content\/uploads\/2026\/02\/V-DJ02108-1-2.png",1000,1000,false],"trp-custom-language-flag":["https:\/\/www.ludoturris.lt\/wp-content\/uploads\/2026\/02\/V-DJ02108-1-2-12x12.png",12,12,true],"woocommerce_thumbnail":["https:\/\/www.ludoturris.lt\/wp-content\/uploads\/2026\/02\/V-DJ02108-1-2-300x300.png",300,300,true],"woocommerce_single":["https:\/\/www.ludoturris.lt\/wp-content\/uploads\/2026\/02\/V-DJ02108-1-2-600x600.png",600,600,true],"woocommerce_gallery_thumbnail":["https:\/\/www.ludoturris.lt\/wp-content\/uploads\/2026\/02\/V-DJ02108-1-2-100x100.png",100,100,true],"variation_swatches_image_size":["https:\/\/www.ludoturris.lt\/wp-content\/uploads\/2026\/02\/V-DJ02108-1-2-50x50.png",50,50,true],"variation_swatches_tooltip_size":["https:\/\/www.ludoturris.lt\/wp-content\/uploads\/2026\/02\/V-DJ02108-1-2-100x100.png",100,100,true],"dgwt-wcas-product-suggestion":["https:\/\/www.ludoturris.lt\/wp-content\/uploads\/2026\/02\/V-DJ02108-1-2-64x64.png",64,64,true]},"uagb_author_info":{"display_name":"LudoTurris","author_link":"https:\/\/www.ludoturris.lt\/en\/author\/"},"uagb_comment_info":0,"uagb_excerpt":"\u0160okdyn\u0117 ir elastin\u0117 juosta viename prakti\u0161kame rinkinyje. \u0160okdyn\u0117 230cm ilgio ir 200cm ilgio elastin\u0117 juosta \u017eaidimams dviems ar trims \u017emon\u0117ms. Atsitiktinis spalv\u0173 pasirinkimas geltona, m\u0117lyna, turkio spalvos su blizgu\u010di\u0173 elementais. Idealiai tinka vaikams nuo 3 met\u0173, skatina koordinacij\u0105 ir jud\u0117jim\u0105. \u0160ios \u0161okdyn\u0117s ir elastin\u0117s juostos rinkinys apjungia du klasikinius \u017eaidimus vienoje pakuot\u0117je! Kilm\u0117s \u0161alis: Vokietija","_links":{"self":[{"href":"https:\/\/www.ludoturris.lt\/en\/wp-json\/wp\/v2\/product\/5449"}],"collection":[{"href":"https:\/\/www.ludoturris.lt\/en\/wp-json\/wp\/v2\/product"}],"about":[{"href":"https:\/\/www.ludoturris.lt\/en\/wp-json\/wp\/v2\/types\/product"}],"wp:featuredmedia":[{"embeddable":true,"href":"https:\/\/www.ludoturris.lt\/en\/wp-json\/wp\/v2\/media\/5451"}],"wp:attachment":[{"href":"https:\/\/www.ludoturris.lt\/en\/wp-json\/wp\/v2\/media?parent=5449"}],"wp:term":[{"taxonomy":"product_cat","embeddable":true,"href":"https:\/\/www.ludoturris.lt\/en\/wp-json\/wp\/v2\/product_cat?post=5449"},{"taxonomy":"product_tag","embeddable":true,"href":"https:\/\/www.ludoturris.lt\/en\/wp-json\/wp\/v2\/product_tag?post=5449"}],"curies":[{"name":"wp","href":"https:\/\/api.w.org\/{rel}","templated":true}]}}