{"id":5442,"date":"2026-02-06T04:36:39","date_gmt":"2026-02-06T06:36:39","guid":{"rendered":"https:\/\/www.ludoturris.lt\/?post_type=product&#038;p=5442"},"modified":"2026-02-06T11:29:07","modified_gmt":"2026-02-06T13:29:07","slug":"smelio-ir-vandens-rinkinys","status":"publish","type":"product","link":"https:\/\/www.ludoturris.lt\/en\/product\/smelio-ir-vandens-rinkinys\/","title":{"rendered":"Sm\u0117lio ir vandens rinkinys"},"content":{"rendered":"<p>Rekomenduojamas am\u017eius: nuo 2 met\u0173. \u0160\u012f \u201edantoy\u201c sm\u0117lio ir vandens  rinkin\u012f sudaro 4 elementai, kibiras, \u0105sotis, kastuv\u0117lis ir gr\u0117bliukas puikiai tinkantys valand\u0173 valandas k\u016brybi\u0161kai \u017eaisti sm\u0117lio d\u0117\u017e\u0117je. Rinkinys pagamintas i\u0161 biologin\u0117s kilm\u0117s med\u017eiag\u0173, kuri\u0173 sud\u0117tyje yra daugiau nei 90% cukranendri\u0173, yra 100% perdirbamas, tai atsakingas pasirinkimas neaukojant kokyb\u0117s. Fizinis aktyvumas stiprina aki\u0173 ir rank\u0173 koordinacij\u0105 ir prisideda prie bendro motorikos vystymosi. Rinkinys idealiai tinka tiek individualiam \u017eaidimui, tiek socialinei veiklai, kai vaikai gali bendradarbiauti statant sm\u0117lio pilis ar kasdami tunelius, o tai lavina j\u0173 socialinius ir bendravimo \u012fg\u016bd\u017eius. Kilm\u0117s \u0161alis: Danija<\/p>","protected":false},"excerpt":{"rendered":"<p>Rekomenduojamas am\u017eius: nuo 2 met\u0173. \u0160\u012f \u201edantoy\u201c sm\u0117lio ir vandens rinkin\u012f sudaro 4 elementai, kibiras, \u0105sotis, kastuv\u0117lis ir gr\u0117bliukas puikiai tinkantys valand\u0173 valandas k\u016brybi\u0161kai \u017eaisti sm\u0117lio d\u0117\u017e\u0117je. Rinkinys pagamintas i\u0161 biologin\u0117s kilm\u0117s med\u017eiag\u0173, kuri\u0173 sud\u0117tyje yra daugiau nei 90% cukranendri\u0173, yra 100% perdirbamas, tai atsakingas pasirinkimas neaukojant kokyb\u0117s. Fizinis aktyvumas stiprina aki\u0173 ir rank\u0173 koordinacij\u0105 &hellip;<\/p>\n<p class=\"read-more\"> <a class=\"\" href=\"https:\/\/www.ludoturris.lt\/en\/product\/smelio-ir-vandens-rinkinys\/\"> <span class=\"screen-reader-text\">Sm\u0117lio ir vandens rinkinys<\/span> Read More &raquo;<\/a><\/p>","protected":false},"featured_media":5443,"template":"","meta":{"_uag_custom_page_level_css":"","_themeisle_gutenberg_block_has_review":false},"product_cat":[95,69,94,93],"product_tag":[],"yoast_head":"<!-- This site is optimized with the Yoast SEO plugin v21.1 - https:\/\/yoast.com\/wordpress\/plugins\/seo\/ -->\n<title>Sm\u0117lio ir vandens rinkinys - Ludo Turris<\/title>\n<meta name=\"description\" content=\"Sm\u0117lio ir vandens rinkinys vaikams \u2013 k\u016brybi\u0161kas lauko \u017eaislas, skirtas \u017eaidimams sm\u0117lyje ir su vandeniu, lavinantis vaizduot\u0119, poj\u016b\u010dius ir aktyv\u0173 jud\u0117jim\u0105.\" \/>\n<meta name=\"robots\" content=\"index, follow, max-snippet:-1, max-image-preview:large, max-video-preview:-1\" \/>\n<link rel=\"canonical\" href=\"https:\/\/www.ludoturris.lt\/en\/product\/smelio-ir-vandens-rinkinys\/\" \/>\n<meta property=\"og:locale\" content=\"en_GB\" \/>\n<meta property=\"og:type\" content=\"article\" \/>\n<meta property=\"og:title\" content=\"Sm\u0117lio ir vandens rinkinys - Ludo Turris\" \/>\n<meta property=\"og:description\" content=\"Sm\u0117lio ir vandens rinkinys vaikams \u2013 k\u016brybi\u0161kas lauko \u017eaislas, skirtas \u017eaidimams sm\u0117lyje ir su vandeniu, lavinantis vaizduot\u0119, poj\u016b\u010dius ir aktyv\u0173 jud\u0117jim\u0105.\" \/>\n<meta property=\"og:url\" content=\"https:\/\/www.ludoturris.lt\/en\/product\/smelio-ir-vandens-rinkinys\/\" \/>\n<meta property=\"og:site_name\" content=\"Ludo Turris\" \/>\n<meta property=\"article:publisher\" content=\"https:\/\/www.facebook.com\/Ludo-Turris-621921974895920\/\" \/>\n<meta property=\"article:modified_time\" content=\"2026-02-06T13:29:07+00:00\" \/>\n<meta property=\"og:image\" content=\"https:\/\/www.ludoturris.lt\/wp-content\/uploads\/2026\/02\/D5610.png\" \/>\n\t<meta property=\"og:image:width\" content=\"1000\" \/>\n\t<meta property=\"og:image:height\" content=\"1000\" \/>\n\t<meta property=\"og:image:type\" content=\"image\/png\" \/>\n<meta name=\"twitter:card\" content=\"summary_large_image\" \/>\n<meta name=\"twitter:label1\" content=\"Estimated reading time\" \/>\n\t<meta name=\"twitter:data1\" content=\"1 minute\" \/>\n<script type=\"application\/ld+json\" class=\"yoast-schema-graph\">{\"@context\":\"https:\/\/schema.org\",\"@graph\":[{\"@type\":\"WebPage\",\"@id\":\"https:\/\/www.ludoturris.lt\/produktas\/smelio-ir-vandens-rinkinys\/\",\"url\":\"https:\/\/www.ludoturris.lt\/produktas\/smelio-ir-vandens-rinkinys\/\",\"name\":\"Sm\u0117lio ir vandens rinkinys - Ludo Turris\",\"isPartOf\":{\"@id\":\"https:\/\/www.ludoturris.lt\/#website\"},\"datePublished\":\"2026-02-06T06:36:39+00:00\",\"dateModified\":\"2026-02-06T13:29:07+00:00\",\"description\":\"Sm\u0117lio ir vandens rinkinys vaikams \u2013 k\u016brybi\u0161kas lauko \u017eaislas, skirtas \u017eaidimams sm\u0117lyje ir su vandeniu, lavinantis vaizduot\u0119, poj\u016b\u010dius ir aktyv\u0173 jud\u0117jim\u0105.\",\"breadcrumb\":{\"@id\":\"https:\/\/www.ludoturris.lt\/produktas\/smelio-ir-vandens-rinkinys\/#breadcrumb\"},\"inLanguage\":\"en-GB\",\"potentialAction\":[{\"@type\":\"ReadAction\",\"target\":[\"https:\/\/www.ludoturris.lt\/produktas\/smelio-ir-vandens-rinkinys\/\"]}]},{\"@type\":\"BreadcrumbList\",\"@id\":\"https:\/\/www.ludoturris.lt\/produktas\/smelio-ir-vandens-rinkinys\/#breadcrumb\",\"itemListElement\":[{\"@type\":\"ListItem\",\"position\":1,\"name\":\"Home\",\"item\":\"https:\/\/www.ludoturris.lt\/\"},{\"@type\":\"ListItem\",\"position\":2,\"name\":\"Parduotuv\u0117\",\"item\":\"https:\/\/www.ludoturris.lt\/parduotuve\/\"},{\"@type\":\"ListItem\",\"position\":3,\"name\":\"Sm\u0117lio ir vandens rinkinys\"}]},{\"@type\":\"WebSite\",\"@id\":\"https:\/\/www.ludoturris.lt\/#website\",\"url\":\"https:\/\/www.ludoturris.lt\/\",\"name\":\"Ludo Turris\",\"description\":\"K\u016brybi\u0161kum\u0105 ir fantazij\u0105 lavinan\u010dios kalad\u0117l\u0117s\",\"publisher\":{\"@id\":\"https:\/\/www.ludoturris.lt\/#organization\"},\"potentialAction\":[{\"@type\":\"SearchAction\",\"target\":{\"@type\":\"EntryPoint\",\"urlTemplate\":\"https:\/\/www.ludoturris.lt\/?s={search_term_string}\"},\"query-input\":\"required name=search_term_string\"}],\"inLanguage\":\"en-GB\"},{\"@type\":\"Organization\",\"@id\":\"https:\/\/www.ludoturris.lt\/#organization\",\"name\":\"Ludo Turris \u2013 Vakar\u0173 gama, UAB\",\"url\":\"https:\/\/www.ludoturris.lt\/\",\"logo\":{\"@type\":\"ImageObject\",\"inLanguage\":\"en-GB\",\"@id\":\"https:\/\/www.ludoturris.lt\/#\/schema\/logo\/image\/\",\"url\":\"https:\/\/www.ludoturris.lt\/wp-content\/uploads\/2020\/10\/logo@2x.png\",\"contentUrl\":\"https:\/\/www.ludoturris.lt\/wp-content\/uploads\/2020\/10\/logo@2x.png\",\"width\":300,\"height\":147,\"caption\":\"Ludo Turris \u2013 Vakar\u0173 gama, UAB\"},\"image\":{\"@id\":\"https:\/\/www.ludoturris.lt\/#\/schema\/logo\/image\/\"},\"sameAs\":[\"https:\/\/www.facebook.com\/Ludo-Turris-621921974895920\/\",\"https:\/\/www.youtube.com\/channel\/UCuBACq67N1NGC9LVudo4ngw\"]}]}<\/script>\n<!-- \/ Yoast SEO plugin. -->","yoast_head_json":{"title":"Sm\u0117lio ir vandens rinkinys - Ludo Turris","description":"Sm\u0117lio ir vandens rinkinys vaikams \u2013 k\u016brybi\u0161kas lauko \u017eaislas, skirtas \u017eaidimams sm\u0117lyje ir su vandeniu, lavinantis vaizduot\u0119, poj\u016b\u010dius ir aktyv\u0173 jud\u0117jim\u0105.","robots":{"index":"index","follow":"follow","max-snippet":"max-snippet:-1","max-image-preview":"max-image-preview:large","max-video-preview":"max-video-preview:-1"},"canonical":"https:\/\/www.ludoturris.lt\/en\/product\/smelio-ir-vandens-rinkinys\/","og_locale":"en_GB","og_type":"article","og_title":"Sm\u0117lio ir vandens rinkinys - Ludo Turris","og_description":"Sm\u0117lio ir vandens rinkinys vaikams \u2013 k\u016brybi\u0161kas lauko \u017eaislas, skirtas \u017eaidimams sm\u0117lyje ir su vandeniu, lavinantis vaizduot\u0119, poj\u016b\u010dius ir aktyv\u0173 jud\u0117jim\u0105.","og_url":"https:\/\/www.ludoturris.lt\/en\/product\/smelio-ir-vandens-rinkinys\/","og_site_name":"Ludo Turris","article_publisher":"https:\/\/www.facebook.com\/Ludo-Turris-621921974895920\/","article_modified_time":"2026-02-06T13:29:07+00:00","og_image":[{"width":1000,"height":1000,"url":"https:\/\/www.ludoturris.lt\/wp-content\/uploads\/2026\/02\/D5610.png","type":"image\/png"}],"twitter_card":"summary_large_image","twitter_misc":{"Estimated reading time":"1 minute"},"schema":{"@context":"https:\/\/schema.org","@graph":[{"@type":"WebPage","@id":"https:\/\/www.ludoturris.lt\/produktas\/smelio-ir-vandens-rinkinys\/","url":"https:\/\/www.ludoturris.lt\/produktas\/smelio-ir-vandens-rinkinys\/","name":"Sm\u0117lio ir vandens rinkinys - Ludo Turris","isPartOf":{"@id":"https:\/\/www.ludoturris.lt\/#website"},"datePublished":"2026-02-06T06:36:39+00:00","dateModified":"2026-02-06T13:29:07+00:00","description":"Sm\u0117lio ir vandens rinkinys vaikams \u2013 k\u016brybi\u0161kas lauko \u017eaislas, skirtas \u017eaidimams sm\u0117lyje ir su vandeniu, lavinantis vaizduot\u0119, poj\u016b\u010dius ir aktyv\u0173 jud\u0117jim\u0105.","breadcrumb":{"@id":"https:\/\/www.ludoturris.lt\/produktas\/smelio-ir-vandens-rinkinys\/#breadcrumb"},"inLanguage":"en-GB","potentialAction":[{"@type":"ReadAction","target":["https:\/\/www.ludoturris.lt\/produktas\/smelio-ir-vandens-rinkinys\/"]}]},{"@type":"BreadcrumbList","@id":"https:\/\/www.ludoturris.lt\/produktas\/smelio-ir-vandens-rinkinys\/#breadcrumb","itemListElement":[{"@type":"ListItem","position":1,"name":"Home","item":"https:\/\/www.ludoturris.lt\/"},{"@type":"ListItem","position":2,"name":"Parduotuv\u0117","item":"https:\/\/www.ludoturris.lt\/parduotuve\/"},{"@type":"ListItem","position":3,"name":"Sm\u0117lio ir vandens rinkinys"}]},{"@type":"WebSite","@id":"https:\/\/www.ludoturris.lt\/#website","url":"https:\/\/www.ludoturris.lt\/","name":"Ludo Turris","description":"K\u016brybi\u0161kum\u0105 ir fantazij\u0105 lavinan\u010dios kalad\u0117l\u0117s","publisher":{"@id":"https:\/\/www.ludoturris.lt\/#organization"},"potentialAction":[{"@type":"SearchAction","target":{"@type":"EntryPoint","urlTemplate":"https:\/\/www.ludoturris.lt\/?s={search_term_string}"},"query-input":"required name=search_term_string"}],"inLanguage":"en-GB"},{"@type":"Organization","@id":"https:\/\/www.ludoturris.lt\/#organization","name":"Ludo Turris \u2013 Vakar\u0173 gama, UAB","url":"https:\/\/www.ludoturris.lt\/","logo":{"@type":"ImageObject","inLanguage":"en-GB","@id":"https:\/\/www.ludoturris.lt\/#\/schema\/logo\/image\/","url":"https:\/\/www.ludoturris.lt\/wp-content\/uploads\/2020\/10\/logo@2x.png","contentUrl":"https:\/\/www.ludoturris.lt\/wp-content\/uploads\/2020\/10\/logo@2x.png","width":300,"height":147,"caption":"Ludo Turris \u2013 Vakar\u0173 gama, UAB"},"image":{"@id":"https:\/\/www.ludoturris.lt\/#\/schema\/logo\/image\/"},"sameAs":["https:\/\/www.facebook.com\/Ludo-Turris-621921974895920\/","https:\/\/www.youtube.com\/channel\/UCuBACq67N1NGC9LVudo4ngw"]}]}},"uagb_featured_image_src":{"full":["https:\/\/www.ludoturris.lt\/wp-content\/uploads\/2026\/02\/D5610.png",1000,1000,false],"thumbnail":["https:\/\/www.ludoturris.lt\/wp-content\/uploads\/2026\/02\/D5610-150x150.png",150,150,true],"medium":["https:\/\/www.ludoturris.lt\/wp-content\/uploads\/2026\/02\/D5610-300x300.png",300,300,true],"medium_large":["https:\/\/www.ludoturris.lt\/wp-content\/uploads\/2026\/02\/D5610-768x768.png",768,768,true],"large":["https:\/\/www.ludoturris.lt\/wp-content\/uploads\/2026\/02\/D5610.png",1000,1000,false],"1536x1536":["https:\/\/www.ludoturris.lt\/wp-content\/uploads\/2026\/02\/D5610.png",1000,1000,false],"2048x2048":["https:\/\/www.ludoturris.lt\/wp-content\/uploads\/2026\/02\/D5610.png",1000,1000,false],"trp-custom-language-flag":["https:\/\/www.ludoturris.lt\/wp-content\/uploads\/2026\/02\/D5610-12x12.png",12,12,true],"woocommerce_thumbnail":["https:\/\/www.ludoturris.lt\/wp-content\/uploads\/2026\/02\/D5610-300x300.png",300,300,true],"woocommerce_single":["https:\/\/www.ludoturris.lt\/wp-content\/uploads\/2026\/02\/D5610-600x600.png",600,600,true],"woocommerce_gallery_thumbnail":["https:\/\/www.ludoturris.lt\/wp-content\/uploads\/2026\/02\/D5610-100x100.png",100,100,true],"variation_swatches_image_size":["https:\/\/www.ludoturris.lt\/wp-content\/uploads\/2026\/02\/D5610-50x50.png",50,50,true],"variation_swatches_tooltip_size":["https:\/\/www.ludoturris.lt\/wp-content\/uploads\/2026\/02\/D5610-100x100.png",100,100,true],"dgwt-wcas-product-suggestion":["https:\/\/www.ludoturris.lt\/wp-content\/uploads\/2026\/02\/D5610-64x64.png",64,64,true]},"uagb_author_info":{"display_name":"LudoTurris","author_link":"https:\/\/www.ludoturris.lt\/en\/author\/"},"uagb_comment_info":0,"uagb_excerpt":"Rekomenduojamas am\u017eius: nuo 2 met\u0173. \u0160\u012f \u201edantoy\u201c sm\u0117lio ir vandens rinkin\u012f sudaro 4 elementai, kibiras, \u0105sotis, kastuv\u0117lis ir gr\u0117bliukas puikiai tinkantys valand\u0173 valandas k\u016brybi\u0161kai \u017eaisti sm\u0117lio d\u0117\u017e\u0117je. Rinkinys pagamintas i\u0161 biologin\u0117s kilm\u0117s med\u017eiag\u0173, kuri\u0173 sud\u0117tyje yra daugiau nei 90% cukranendri\u0173, yra 100% perdirbamas, tai atsakingas pasirinkimas neaukojant kokyb\u0117s. Fizinis aktyvumas stiprina aki\u0173 ir rank\u0173 koordinacij\u0105&hellip;","_links":{"self":[{"href":"https:\/\/www.ludoturris.lt\/en\/wp-json\/wp\/v2\/product\/5442"}],"collection":[{"href":"https:\/\/www.ludoturris.lt\/en\/wp-json\/wp\/v2\/product"}],"about":[{"href":"https:\/\/www.ludoturris.lt\/en\/wp-json\/wp\/v2\/types\/product"}],"wp:featuredmedia":[{"embeddable":true,"href":"https:\/\/www.ludoturris.lt\/en\/wp-json\/wp\/v2\/media\/5443"}],"wp:attachment":[{"href":"https:\/\/www.ludoturris.lt\/en\/wp-json\/wp\/v2\/media?parent=5442"}],"wp:term":[{"taxonomy":"product_cat","embeddable":true,"href":"https:\/\/www.ludoturris.lt\/en\/wp-json\/wp\/v2\/product_cat?post=5442"},{"taxonomy":"product_tag","embeddable":true,"href":"https:\/\/www.ludoturris.lt\/en\/wp-json\/wp\/v2\/product_tag?post=5442"}],"curies":[{"name":"wp","href":"https:\/\/api.w.org\/{rel}","templated":true}]}}