{"id":5440,"date":"2026-02-06T04:30:54","date_gmt":"2026-02-06T06:30:54","guid":{"rendered":"https:\/\/www.ludoturris.lt\/?post_type=product&#038;p=5440"},"modified":"2026-02-06T11:28:21","modified_gmt":"2026-02-06T13:28:21","slug":"sodininko-rinkinys-vaikams","status":"publish","type":"product","link":"https:\/\/www.ludoturris.lt\/en\/product\/sodininko-rinkinys-vaikams\/","title":{"rendered":"Sodininko rinkinys vaikams"},"content":{"rendered":"<p>Rekomenduojamas am\u017eius: nuo 2 met\u0173. Smagus ir edukacinis \u017eaislas ma\u017eiesiems gamtos myl\u0117tojams. Rinkin\u012f sudaro 10 element\u0173: kastuv\u0117lis \u017eemei kasti, gr\u0117bliukas lysv\u0117m formuoti, laistytuvas k\u0105 tik pas\u0117toms s\u0117kloms laistyti, augal\u0173 pagaliukai, padedantys prisiminti, kur k\u0105 pas\u0117jote ir krep\u0161elis. Rinkinys yra labai vertingas \u017eaid\u017eiant, nes j\u012f galima naudoti net tikriems augalams sodintii. Vaikai gali sodinti, laistyti, kasti, pri\u017ei\u016br\u0117ti augalus ir mokytis r\u016bpintis aplinka. \u017daidimas skatina smalsum\u0105, atsakomyb\u0117s jausm\u0105, vaizduot\u0119 ir pa\u017einim\u0105 per patirt\u012f. Puikiai tinka \u017eaidimams kieme, sode ar edukacin\u0117se veiklose lauke.  \u0160is rinkinys yra pa\u017eym\u0117tas ekologiniu \u017eenklu. Kilm\u0117s \u0161alis: Danija <\/p>","protected":false},"excerpt":{"rendered":"<p>Rekomenduojamas am\u017eius: nuo 2 met\u0173. Smagus ir edukacinis \u017eaislas ma\u017eiesiems gamtos myl\u0117tojams. Rinkin\u012f sudaro 10 element\u0173: kastuv\u0117lis \u017eemei kasti, gr\u0117bliukas lysv\u0117m formuoti, laistytuvas k\u0105 tik pas\u0117toms s\u0117kloms laistyti, augal\u0173 pagaliukai, padedantys prisiminti, kur k\u0105 pas\u0117jote ir krep\u0161elis. Rinkinys yra labai vertingas \u017eaid\u017eiant, nes j\u012f galima naudoti net tikriems augalams sodintii. Vaikai gali sodinti, laistyti, kasti, &hellip;<\/p>\n<p class=\"read-more\"> <a class=\"\" href=\"https:\/\/www.ludoturris.lt\/en\/product\/sodininko-rinkinys-vaikams\/\"> <span class=\"screen-reader-text\">Sodininko rinkinys vaikams<\/span> Read More &raquo;<\/a><\/p>","protected":false},"featured_media":5441,"template":"","meta":{"_uag_custom_page_level_css":"","_themeisle_gutenberg_block_has_review":false},"product_cat":[95,69,94,93],"product_tag":[],"yoast_head":"<!-- This site is optimized with the Yoast SEO plugin v21.1 - https:\/\/yoast.com\/wordpress\/plugins\/seo\/ -->\n<title>Sodininko rinkinys vaikams - Ludo Turris<\/title>\n<meta name=\"description\" content=\"Sodininko rinkinys vaikams \u2013 smagus ir lavinantis \u017eaidimas, skatinantis dom\u0117jim\u0105si gamta, jud\u0117jim\u0105 ir k\u016brybi\u0161k\u0105 lauko veikl\u0105.\" \/>\n<meta name=\"robots\" content=\"index, follow, max-snippet:-1, max-image-preview:large, max-video-preview:-1\" \/>\n<link rel=\"canonical\" href=\"https:\/\/www.ludoturris.lt\/en\/product\/sodininko-rinkinys-vaikams\/\" \/>\n<meta property=\"og:locale\" content=\"en_GB\" \/>\n<meta property=\"og:type\" content=\"article\" \/>\n<meta property=\"og:title\" content=\"Sodininko rinkinys vaikams - Ludo Turris\" \/>\n<meta property=\"og:description\" content=\"Sodininko rinkinys vaikams \u2013 smagus ir lavinantis \u017eaidimas, skatinantis dom\u0117jim\u0105si gamta, jud\u0117jim\u0105 ir k\u016brybi\u0161k\u0105 lauko veikl\u0105.\" \/>\n<meta property=\"og:url\" content=\"https:\/\/www.ludoturris.lt\/en\/product\/sodininko-rinkinys-vaikams\/\" \/>\n<meta property=\"og:site_name\" content=\"Ludo Turris\" \/>\n<meta property=\"article:publisher\" content=\"https:\/\/www.facebook.com\/Ludo-Turris-621921974895920\/\" \/>\n<meta property=\"article:modified_time\" content=\"2026-02-06T13:28:21+00:00\" \/>\n<meta property=\"og:image\" content=\"https:\/\/www.ludoturris.lt\/wp-content\/uploads\/2026\/02\/D4716.png\" \/>\n\t<meta property=\"og:image:width\" content=\"1000\" \/>\n\t<meta property=\"og:image:height\" content=\"1000\" \/>\n\t<meta property=\"og:image:type\" content=\"image\/png\" \/>\n<meta name=\"twitter:card\" content=\"summary_large_image\" \/>\n<meta name=\"twitter:label1\" content=\"Estimated reading time\" \/>\n\t<meta name=\"twitter:data1\" content=\"1 minute\" \/>\n<script type=\"application\/ld+json\" class=\"yoast-schema-graph\">{\"@context\":\"https:\/\/schema.org\",\"@graph\":[{\"@type\":\"WebPage\",\"@id\":\"https:\/\/www.ludoturris.lt\/produktas\/sodininko-rinkinys-vaikams\/\",\"url\":\"https:\/\/www.ludoturris.lt\/produktas\/sodininko-rinkinys-vaikams\/\",\"name\":\"Sodininko rinkinys vaikams - Ludo Turris\",\"isPartOf\":{\"@id\":\"https:\/\/www.ludoturris.lt\/#website\"},\"datePublished\":\"2026-02-06T06:30:54+00:00\",\"dateModified\":\"2026-02-06T13:28:21+00:00\",\"description\":\"Sodininko rinkinys vaikams \u2013 smagus ir lavinantis \u017eaidimas, skatinantis dom\u0117jim\u0105si gamta, jud\u0117jim\u0105 ir k\u016brybi\u0161k\u0105 lauko veikl\u0105.\",\"breadcrumb\":{\"@id\":\"https:\/\/www.ludoturris.lt\/produktas\/sodininko-rinkinys-vaikams\/#breadcrumb\"},\"inLanguage\":\"en-GB\",\"potentialAction\":[{\"@type\":\"ReadAction\",\"target\":[\"https:\/\/www.ludoturris.lt\/produktas\/sodininko-rinkinys-vaikams\/\"]}]},{\"@type\":\"BreadcrumbList\",\"@id\":\"https:\/\/www.ludoturris.lt\/produktas\/sodininko-rinkinys-vaikams\/#breadcrumb\",\"itemListElement\":[{\"@type\":\"ListItem\",\"position\":1,\"name\":\"Home\",\"item\":\"https:\/\/www.ludoturris.lt\/\"},{\"@type\":\"ListItem\",\"position\":2,\"name\":\"Parduotuv\u0117\",\"item\":\"https:\/\/www.ludoturris.lt\/parduotuve\/\"},{\"@type\":\"ListItem\",\"position\":3,\"name\":\"Sodininko rinkinys vaikams\"}]},{\"@type\":\"WebSite\",\"@id\":\"https:\/\/www.ludoturris.lt\/#website\",\"url\":\"https:\/\/www.ludoturris.lt\/\",\"name\":\"Ludo Turris\",\"description\":\"K\u016brybi\u0161kum\u0105 ir fantazij\u0105 lavinan\u010dios kalad\u0117l\u0117s\",\"publisher\":{\"@id\":\"https:\/\/www.ludoturris.lt\/#organization\"},\"potentialAction\":[{\"@type\":\"SearchAction\",\"target\":{\"@type\":\"EntryPoint\",\"urlTemplate\":\"https:\/\/www.ludoturris.lt\/?s={search_term_string}\"},\"query-input\":\"required name=search_term_string\"}],\"inLanguage\":\"en-GB\"},{\"@type\":\"Organization\",\"@id\":\"https:\/\/www.ludoturris.lt\/#organization\",\"name\":\"Ludo Turris \u2013 Vakar\u0173 gama, UAB\",\"url\":\"https:\/\/www.ludoturris.lt\/\",\"logo\":{\"@type\":\"ImageObject\",\"inLanguage\":\"en-GB\",\"@id\":\"https:\/\/www.ludoturris.lt\/#\/schema\/logo\/image\/\",\"url\":\"https:\/\/www.ludoturris.lt\/wp-content\/uploads\/2020\/10\/logo@2x.png\",\"contentUrl\":\"https:\/\/www.ludoturris.lt\/wp-content\/uploads\/2020\/10\/logo@2x.png\",\"width\":300,\"height\":147,\"caption\":\"Ludo Turris \u2013 Vakar\u0173 gama, UAB\"},\"image\":{\"@id\":\"https:\/\/www.ludoturris.lt\/#\/schema\/logo\/image\/\"},\"sameAs\":[\"https:\/\/www.facebook.com\/Ludo-Turris-621921974895920\/\",\"https:\/\/www.youtube.com\/channel\/UCuBACq67N1NGC9LVudo4ngw\"]}]}<\/script>\n<!-- \/ Yoast SEO plugin. -->","yoast_head_json":{"title":"Sodininko rinkinys vaikams - Ludo Turris","description":"Sodininko rinkinys vaikams \u2013 smagus ir lavinantis \u017eaidimas, skatinantis dom\u0117jim\u0105si gamta, jud\u0117jim\u0105 ir k\u016brybi\u0161k\u0105 lauko veikl\u0105.","robots":{"index":"index","follow":"follow","max-snippet":"max-snippet:-1","max-image-preview":"max-image-preview:large","max-video-preview":"max-video-preview:-1"},"canonical":"https:\/\/www.ludoturris.lt\/en\/product\/sodininko-rinkinys-vaikams\/","og_locale":"en_GB","og_type":"article","og_title":"Sodininko rinkinys vaikams - Ludo Turris","og_description":"Sodininko rinkinys vaikams \u2013 smagus ir lavinantis \u017eaidimas, skatinantis dom\u0117jim\u0105si gamta, jud\u0117jim\u0105 ir k\u016brybi\u0161k\u0105 lauko veikl\u0105.","og_url":"https:\/\/www.ludoturris.lt\/en\/product\/sodininko-rinkinys-vaikams\/","og_site_name":"Ludo Turris","article_publisher":"https:\/\/www.facebook.com\/Ludo-Turris-621921974895920\/","article_modified_time":"2026-02-06T13:28:21+00:00","og_image":[{"width":1000,"height":1000,"url":"https:\/\/www.ludoturris.lt\/wp-content\/uploads\/2026\/02\/D4716.png","type":"image\/png"}],"twitter_card":"summary_large_image","twitter_misc":{"Estimated reading time":"1 minute"},"schema":{"@context":"https:\/\/schema.org","@graph":[{"@type":"WebPage","@id":"https:\/\/www.ludoturris.lt\/produktas\/sodininko-rinkinys-vaikams\/","url":"https:\/\/www.ludoturris.lt\/produktas\/sodininko-rinkinys-vaikams\/","name":"Sodininko rinkinys vaikams - Ludo Turris","isPartOf":{"@id":"https:\/\/www.ludoturris.lt\/#website"},"datePublished":"2026-02-06T06:30:54+00:00","dateModified":"2026-02-06T13:28:21+00:00","description":"Sodininko rinkinys vaikams \u2013 smagus ir lavinantis \u017eaidimas, skatinantis dom\u0117jim\u0105si gamta, jud\u0117jim\u0105 ir k\u016brybi\u0161k\u0105 lauko veikl\u0105.","breadcrumb":{"@id":"https:\/\/www.ludoturris.lt\/produktas\/sodininko-rinkinys-vaikams\/#breadcrumb"},"inLanguage":"en-GB","potentialAction":[{"@type":"ReadAction","target":["https:\/\/www.ludoturris.lt\/produktas\/sodininko-rinkinys-vaikams\/"]}]},{"@type":"BreadcrumbList","@id":"https:\/\/www.ludoturris.lt\/produktas\/sodininko-rinkinys-vaikams\/#breadcrumb","itemListElement":[{"@type":"ListItem","position":1,"name":"Home","item":"https:\/\/www.ludoturris.lt\/"},{"@type":"ListItem","position":2,"name":"Parduotuv\u0117","item":"https:\/\/www.ludoturris.lt\/parduotuve\/"},{"@type":"ListItem","position":3,"name":"Sodininko rinkinys vaikams"}]},{"@type":"WebSite","@id":"https:\/\/www.ludoturris.lt\/#website","url":"https:\/\/www.ludoturris.lt\/","name":"Ludo Turris","description":"K\u016brybi\u0161kum\u0105 ir fantazij\u0105 lavinan\u010dios kalad\u0117l\u0117s","publisher":{"@id":"https:\/\/www.ludoturris.lt\/#organization"},"potentialAction":[{"@type":"SearchAction","target":{"@type":"EntryPoint","urlTemplate":"https:\/\/www.ludoturris.lt\/?s={search_term_string}"},"query-input":"required name=search_term_string"}],"inLanguage":"en-GB"},{"@type":"Organization","@id":"https:\/\/www.ludoturris.lt\/#organization","name":"Ludo Turris \u2013 Vakar\u0173 gama, UAB","url":"https:\/\/www.ludoturris.lt\/","logo":{"@type":"ImageObject","inLanguage":"en-GB","@id":"https:\/\/www.ludoturris.lt\/#\/schema\/logo\/image\/","url":"https:\/\/www.ludoturris.lt\/wp-content\/uploads\/2020\/10\/logo@2x.png","contentUrl":"https:\/\/www.ludoturris.lt\/wp-content\/uploads\/2020\/10\/logo@2x.png","width":300,"height":147,"caption":"Ludo Turris \u2013 Vakar\u0173 gama, UAB"},"image":{"@id":"https:\/\/www.ludoturris.lt\/#\/schema\/logo\/image\/"},"sameAs":["https:\/\/www.facebook.com\/Ludo-Turris-621921974895920\/","https:\/\/www.youtube.com\/channel\/UCuBACq67N1NGC9LVudo4ngw"]}]}},"uagb_featured_image_src":{"full":["https:\/\/www.ludoturris.lt\/wp-content\/uploads\/2026\/02\/D4716.png",1000,1000,false],"thumbnail":["https:\/\/www.ludoturris.lt\/wp-content\/uploads\/2026\/02\/D4716-150x150.png",150,150,true],"medium":["https:\/\/www.ludoturris.lt\/wp-content\/uploads\/2026\/02\/D4716-300x300.png",300,300,true],"medium_large":["https:\/\/www.ludoturris.lt\/wp-content\/uploads\/2026\/02\/D4716-768x768.png",768,768,true],"large":["https:\/\/www.ludoturris.lt\/wp-content\/uploads\/2026\/02\/D4716.png",1000,1000,false],"1536x1536":["https:\/\/www.ludoturris.lt\/wp-content\/uploads\/2026\/02\/D4716.png",1000,1000,false],"2048x2048":["https:\/\/www.ludoturris.lt\/wp-content\/uploads\/2026\/02\/D4716.png",1000,1000,false],"trp-custom-language-flag":["https:\/\/www.ludoturris.lt\/wp-content\/uploads\/2026\/02\/D4716-12x12.png",12,12,true],"woocommerce_thumbnail":["https:\/\/www.ludoturris.lt\/wp-content\/uploads\/2026\/02\/D4716-300x300.png",300,300,true],"woocommerce_single":["https:\/\/www.ludoturris.lt\/wp-content\/uploads\/2026\/02\/D4716-600x600.png",600,600,true],"woocommerce_gallery_thumbnail":["https:\/\/www.ludoturris.lt\/wp-content\/uploads\/2026\/02\/D4716-100x100.png",100,100,true],"variation_swatches_image_size":["https:\/\/www.ludoturris.lt\/wp-content\/uploads\/2026\/02\/D4716-50x50.png",50,50,true],"variation_swatches_tooltip_size":["https:\/\/www.ludoturris.lt\/wp-content\/uploads\/2026\/02\/D4716-100x100.png",100,100,true],"dgwt-wcas-product-suggestion":["https:\/\/www.ludoturris.lt\/wp-content\/uploads\/2026\/02\/D4716-64x64.png",64,64,true]},"uagb_author_info":{"display_name":"LudoTurris","author_link":"https:\/\/www.ludoturris.lt\/en\/author\/"},"uagb_comment_info":0,"uagb_excerpt":"Rekomenduojamas am\u017eius: nuo 2 met\u0173. Smagus ir edukacinis \u017eaislas ma\u017eiesiems gamtos myl\u0117tojams. Rinkin\u012f sudaro 10 element\u0173: kastuv\u0117lis \u017eemei kasti, gr\u0117bliukas lysv\u0117m formuoti, laistytuvas k\u0105 tik pas\u0117toms s\u0117kloms laistyti, augal\u0173 pagaliukai, padedantys prisiminti, kur k\u0105 pas\u0117jote ir krep\u0161elis. Rinkinys yra labai vertingas \u017eaid\u017eiant, nes j\u012f galima naudoti net tikriems augalams sodintii. Vaikai gali sodinti, laistyti, kasti,&hellip;","_links":{"self":[{"href":"https:\/\/www.ludoturris.lt\/en\/wp-json\/wp\/v2\/product\/5440"}],"collection":[{"href":"https:\/\/www.ludoturris.lt\/en\/wp-json\/wp\/v2\/product"}],"about":[{"href":"https:\/\/www.ludoturris.lt\/en\/wp-json\/wp\/v2\/types\/product"}],"wp:featuredmedia":[{"embeddable":true,"href":"https:\/\/www.ludoturris.lt\/en\/wp-json\/wp\/v2\/media\/5441"}],"wp:attachment":[{"href":"https:\/\/www.ludoturris.lt\/en\/wp-json\/wp\/v2\/media?parent=5440"}],"wp:term":[{"taxonomy":"product_cat","embeddable":true,"href":"https:\/\/www.ludoturris.lt\/en\/wp-json\/wp\/v2\/product_cat?post=5440"},{"taxonomy":"product_tag","embeddable":true,"href":"https:\/\/www.ludoturris.lt\/en\/wp-json\/wp\/v2\/product_tag?post=5440"}],"curies":[{"name":"wp","href":"https:\/\/api.w.org\/{rel}","templated":true}]}}