{"id":5415,"date":"2026-02-05T12:17:20","date_gmt":"2026-02-05T14:17:20","guid":{"rendered":"https:\/\/www.ludoturris.lt\/?post_type=product&#038;p=5415"},"modified":"2026-02-06T11:11:53","modified_gmt":"2026-02-06T13:11:53","slug":"statybiniu-kaladeliu-rinkinys","status":"publish","type":"product","link":"https:\/\/www.ludoturris.lt\/en\/product\/statybiniu-kaladeliu-rinkinys\/","title":{"rendered":"Statybini\u0173 kalad\u0117li\u0173 rinkinys"},"content":{"rendered":"<p>Rekomenduojamas am\u017eius: nuo 2 met\u0173.  Rinkinys i\u0161 64vnt skirting\u0173 dyd\u017ei\u0173 ir spalv\u0173 kalad\u0117li\u0173 (oran\u017ein\u0117,\u017ealia,\u017eydra,kremin\u0117). \u0160iame rinkinyje yra 3 skirting\u0173 tip\u0173 kalad\u0117l\u0117s, matmenys 10x5x4cm ; 5x5x4cm ; 5x5x3,5cm tinkan\u010dios ma\u017eoms rankyt\u0117ms. Kalad\u0117l\u0117s gali b\u016bti naudojamos pilims, namams ar ma\u017eoms dirbtuv\u0117ms statyti. Tinkamos \u017eaisti tiek patalpose, tiek sm\u0117lio d\u0117\u017e\u0117je, kur jos taip pat veikia kaip smagios sm\u0117lio formel\u0117s. Daugyb\u0117 galimybi\u0173 skatina k\u016brybi\u0161kum\u0105, vaizduot\u0119 ir smulki\u0105j\u0105 motorik\u0105, suteikia vaikams daug valand\u0173 \u017eaidimo. \u017daisl\u0105 galima skalbti. Kilm\u0117s \u0161alis: Danija<\/p>","protected":false},"excerpt":{"rendered":"<p>Rekomenduojamas am\u017eius: nuo 2 met\u0173. Rinkinys i\u0161 64vnt skirting\u0173 dyd\u017ei\u0173 ir spalv\u0173 kalad\u0117li\u0173 (oran\u017ein\u0117,\u017ealia,\u017eydra,kremin\u0117). \u0160iame rinkinyje yra 3 skirting\u0173 tip\u0173 kalad\u0117l\u0117s, matmenys 10x5x4cm ; 5x5x4cm ; 5x5x3,5cm tinkan\u010dios ma\u017eoms rankyt\u0117ms. Kalad\u0117l\u0117s gali b\u016bti naudojamos pilims, namams ar ma\u017eoms dirbtuv\u0117ms statyti. Tinkamos \u017eaisti tiek patalpose, tiek sm\u0117lio d\u0117\u017e\u0117je, kur jos taip pat veikia kaip smagios sm\u0117lio &hellip;<\/p>\n<p class=\"read-more\"> <a class=\"\" href=\"https:\/\/www.ludoturris.lt\/en\/product\/statybiniu-kaladeliu-rinkinys\/\"> <span class=\"screen-reader-text\">Statybini\u0173 kalad\u0117li\u0173 rinkinys<\/span> Read More &raquo;<\/a><\/p>","protected":false},"featured_media":5416,"template":"","meta":{"_uag_custom_page_level_css":"","_themeisle_gutenberg_block_has_review":false},"product_cat":[95,69,94,93],"product_tag":[],"yoast_head":"<!-- This site is optimized with the Yoast SEO plugin v21.1 - https:\/\/yoast.com\/wordpress\/plugins\/seo\/ -->\n<title>Statybini\u0173 kalad\u0117li\u0173 rinkinys - Ludo Turris<\/title>\n<meta name=\"description\" content=\"Statybini\u0173 kalad\u0117li\u0173 rinkinys \u2013 k\u016brybi\u0161kas \u017eaislas vaikams, skatinantis vaizduot\u0119, smulki\u0105j\u0105 motorik\u0105 ir login\u012f m\u0105stym\u0105. \u017daid\u017eiamas lauke ir viduje.\" \/>\n<meta name=\"robots\" content=\"index, follow, max-snippet:-1, max-image-preview:large, max-video-preview:-1\" \/>\n<link rel=\"canonical\" href=\"https:\/\/www.ludoturris.lt\/en\/product\/statybiniu-kaladeliu-rinkinys\/\" \/>\n<meta property=\"og:locale\" content=\"en_GB\" \/>\n<meta property=\"og:type\" content=\"article\" \/>\n<meta property=\"og:title\" content=\"Statybini\u0173 kalad\u0117li\u0173 rinkinys - Ludo Turris\" \/>\n<meta property=\"og:description\" content=\"Statybini\u0173 kalad\u0117li\u0173 rinkinys \u2013 k\u016brybi\u0161kas \u017eaislas vaikams, skatinantis vaizduot\u0119, smulki\u0105j\u0105 motorik\u0105 ir login\u012f m\u0105stym\u0105. \u017daid\u017eiamas lauke ir viduje.\" \/>\n<meta property=\"og:url\" content=\"https:\/\/www.ludoturris.lt\/en\/product\/statybiniu-kaladeliu-rinkinys\/\" \/>\n<meta property=\"og:site_name\" content=\"Ludo Turris\" \/>\n<meta property=\"article:publisher\" content=\"https:\/\/www.facebook.com\/Ludo-Turris-621921974895920\/\" \/>\n<meta property=\"article:modified_time\" content=\"2026-02-06T13:11:53+00:00\" \/>\n<meta property=\"og:image\" content=\"https:\/\/www.ludoturris.lt\/wp-content\/uploads\/2026\/02\/D6984.png\" \/>\n\t<meta property=\"og:image:width\" content=\"1000\" \/>\n\t<meta property=\"og:image:height\" content=\"1000\" \/>\n\t<meta property=\"og:image:type\" content=\"image\/png\" \/>\n<meta name=\"twitter:card\" content=\"summary_large_image\" \/>\n<meta name=\"twitter:label1\" content=\"Estimated reading time\" \/>\n\t<meta name=\"twitter:data1\" content=\"1 minute\" \/>\n<script type=\"application\/ld+json\" class=\"yoast-schema-graph\">{\"@context\":\"https:\/\/schema.org\",\"@graph\":[{\"@type\":\"WebPage\",\"@id\":\"https:\/\/www.ludoturris.lt\/produktas\/statybiniu-kaladeliu-rinkinys\/\",\"url\":\"https:\/\/www.ludoturris.lt\/produktas\/statybiniu-kaladeliu-rinkinys\/\",\"name\":\"Statybini\u0173 kalad\u0117li\u0173 rinkinys - Ludo Turris\",\"isPartOf\":{\"@id\":\"https:\/\/www.ludoturris.lt\/#website\"},\"datePublished\":\"2026-02-05T14:17:20+00:00\",\"dateModified\":\"2026-02-06T13:11:53+00:00\",\"description\":\"Statybini\u0173 kalad\u0117li\u0173 rinkinys \u2013 k\u016brybi\u0161kas \u017eaislas vaikams, skatinantis vaizduot\u0119, smulki\u0105j\u0105 motorik\u0105 ir login\u012f m\u0105stym\u0105. \u017daid\u017eiamas lauke ir viduje.\",\"breadcrumb\":{\"@id\":\"https:\/\/www.ludoturris.lt\/produktas\/statybiniu-kaladeliu-rinkinys\/#breadcrumb\"},\"inLanguage\":\"en-GB\",\"potentialAction\":[{\"@type\":\"ReadAction\",\"target\":[\"https:\/\/www.ludoturris.lt\/produktas\/statybiniu-kaladeliu-rinkinys\/\"]}]},{\"@type\":\"BreadcrumbList\",\"@id\":\"https:\/\/www.ludoturris.lt\/produktas\/statybiniu-kaladeliu-rinkinys\/#breadcrumb\",\"itemListElement\":[{\"@type\":\"ListItem\",\"position\":1,\"name\":\"Home\",\"item\":\"https:\/\/www.ludoturris.lt\/\"},{\"@type\":\"ListItem\",\"position\":2,\"name\":\"Parduotuv\u0117\",\"item\":\"https:\/\/www.ludoturris.lt\/parduotuve\/\"},{\"@type\":\"ListItem\",\"position\":3,\"name\":\"Statybini\u0173 kalad\u0117li\u0173 rinkinys\"}]},{\"@type\":\"WebSite\",\"@id\":\"https:\/\/www.ludoturris.lt\/#website\",\"url\":\"https:\/\/www.ludoturris.lt\/\",\"name\":\"Ludo Turris\",\"description\":\"K\u016brybi\u0161kum\u0105 ir fantazij\u0105 lavinan\u010dios kalad\u0117l\u0117s\",\"publisher\":{\"@id\":\"https:\/\/www.ludoturris.lt\/#organization\"},\"potentialAction\":[{\"@type\":\"SearchAction\",\"target\":{\"@type\":\"EntryPoint\",\"urlTemplate\":\"https:\/\/www.ludoturris.lt\/?s={search_term_string}\"},\"query-input\":\"required name=search_term_string\"}],\"inLanguage\":\"en-GB\"},{\"@type\":\"Organization\",\"@id\":\"https:\/\/www.ludoturris.lt\/#organization\",\"name\":\"Ludo Turris \u2013 Vakar\u0173 gama, UAB\",\"url\":\"https:\/\/www.ludoturris.lt\/\",\"logo\":{\"@type\":\"ImageObject\",\"inLanguage\":\"en-GB\",\"@id\":\"https:\/\/www.ludoturris.lt\/#\/schema\/logo\/image\/\",\"url\":\"https:\/\/www.ludoturris.lt\/wp-content\/uploads\/2020\/10\/logo@2x.png\",\"contentUrl\":\"https:\/\/www.ludoturris.lt\/wp-content\/uploads\/2020\/10\/logo@2x.png\",\"width\":300,\"height\":147,\"caption\":\"Ludo Turris \u2013 Vakar\u0173 gama, UAB\"},\"image\":{\"@id\":\"https:\/\/www.ludoturris.lt\/#\/schema\/logo\/image\/\"},\"sameAs\":[\"https:\/\/www.facebook.com\/Ludo-Turris-621921974895920\/\",\"https:\/\/www.youtube.com\/channel\/UCuBACq67N1NGC9LVudo4ngw\"]}]}<\/script>\n<!-- \/ Yoast SEO plugin. -->","yoast_head_json":{"title":"Statybini\u0173 kalad\u0117li\u0173 rinkinys - Ludo Turris","description":"Statybini\u0173 kalad\u0117li\u0173 rinkinys \u2013 k\u016brybi\u0161kas \u017eaislas vaikams, skatinantis vaizduot\u0119, smulki\u0105j\u0105 motorik\u0105 ir login\u012f m\u0105stym\u0105. \u017daid\u017eiamas lauke ir viduje.","robots":{"index":"index","follow":"follow","max-snippet":"max-snippet:-1","max-image-preview":"max-image-preview:large","max-video-preview":"max-video-preview:-1"},"canonical":"https:\/\/www.ludoturris.lt\/en\/product\/statybiniu-kaladeliu-rinkinys\/","og_locale":"en_GB","og_type":"article","og_title":"Statybini\u0173 kalad\u0117li\u0173 rinkinys - Ludo Turris","og_description":"Statybini\u0173 kalad\u0117li\u0173 rinkinys \u2013 k\u016brybi\u0161kas \u017eaislas vaikams, skatinantis vaizduot\u0119, smulki\u0105j\u0105 motorik\u0105 ir login\u012f m\u0105stym\u0105. \u017daid\u017eiamas lauke ir viduje.","og_url":"https:\/\/www.ludoturris.lt\/en\/product\/statybiniu-kaladeliu-rinkinys\/","og_site_name":"Ludo Turris","article_publisher":"https:\/\/www.facebook.com\/Ludo-Turris-621921974895920\/","article_modified_time":"2026-02-06T13:11:53+00:00","og_image":[{"width":1000,"height":1000,"url":"https:\/\/www.ludoturris.lt\/wp-content\/uploads\/2026\/02\/D6984.png","type":"image\/png"}],"twitter_card":"summary_large_image","twitter_misc":{"Estimated reading time":"1 minute"},"schema":{"@context":"https:\/\/schema.org","@graph":[{"@type":"WebPage","@id":"https:\/\/www.ludoturris.lt\/produktas\/statybiniu-kaladeliu-rinkinys\/","url":"https:\/\/www.ludoturris.lt\/produktas\/statybiniu-kaladeliu-rinkinys\/","name":"Statybini\u0173 kalad\u0117li\u0173 rinkinys - Ludo Turris","isPartOf":{"@id":"https:\/\/www.ludoturris.lt\/#website"},"datePublished":"2026-02-05T14:17:20+00:00","dateModified":"2026-02-06T13:11:53+00:00","description":"Statybini\u0173 kalad\u0117li\u0173 rinkinys \u2013 k\u016brybi\u0161kas \u017eaislas vaikams, skatinantis vaizduot\u0119, smulki\u0105j\u0105 motorik\u0105 ir login\u012f m\u0105stym\u0105. \u017daid\u017eiamas lauke ir viduje.","breadcrumb":{"@id":"https:\/\/www.ludoturris.lt\/produktas\/statybiniu-kaladeliu-rinkinys\/#breadcrumb"},"inLanguage":"en-GB","potentialAction":[{"@type":"ReadAction","target":["https:\/\/www.ludoturris.lt\/produktas\/statybiniu-kaladeliu-rinkinys\/"]}]},{"@type":"BreadcrumbList","@id":"https:\/\/www.ludoturris.lt\/produktas\/statybiniu-kaladeliu-rinkinys\/#breadcrumb","itemListElement":[{"@type":"ListItem","position":1,"name":"Home","item":"https:\/\/www.ludoturris.lt\/"},{"@type":"ListItem","position":2,"name":"Parduotuv\u0117","item":"https:\/\/www.ludoturris.lt\/parduotuve\/"},{"@type":"ListItem","position":3,"name":"Statybini\u0173 kalad\u0117li\u0173 rinkinys"}]},{"@type":"WebSite","@id":"https:\/\/www.ludoturris.lt\/#website","url":"https:\/\/www.ludoturris.lt\/","name":"Ludo Turris","description":"K\u016brybi\u0161kum\u0105 ir fantazij\u0105 lavinan\u010dios kalad\u0117l\u0117s","publisher":{"@id":"https:\/\/www.ludoturris.lt\/#organization"},"potentialAction":[{"@type":"SearchAction","target":{"@type":"EntryPoint","urlTemplate":"https:\/\/www.ludoturris.lt\/?s={search_term_string}"},"query-input":"required name=search_term_string"}],"inLanguage":"en-GB"},{"@type":"Organization","@id":"https:\/\/www.ludoturris.lt\/#organization","name":"Ludo Turris \u2013 Vakar\u0173 gama, UAB","url":"https:\/\/www.ludoturris.lt\/","logo":{"@type":"ImageObject","inLanguage":"en-GB","@id":"https:\/\/www.ludoturris.lt\/#\/schema\/logo\/image\/","url":"https:\/\/www.ludoturris.lt\/wp-content\/uploads\/2020\/10\/logo@2x.png","contentUrl":"https:\/\/www.ludoturris.lt\/wp-content\/uploads\/2020\/10\/logo@2x.png","width":300,"height":147,"caption":"Ludo Turris \u2013 Vakar\u0173 gama, UAB"},"image":{"@id":"https:\/\/www.ludoturris.lt\/#\/schema\/logo\/image\/"},"sameAs":["https:\/\/www.facebook.com\/Ludo-Turris-621921974895920\/","https:\/\/www.youtube.com\/channel\/UCuBACq67N1NGC9LVudo4ngw"]}]}},"uagb_featured_image_src":{"full":["https:\/\/www.ludoturris.lt\/wp-content\/uploads\/2026\/02\/D6984.png",1000,1000,false],"thumbnail":["https:\/\/www.ludoturris.lt\/wp-content\/uploads\/2026\/02\/D6984-150x150.png",150,150,true],"medium":["https:\/\/www.ludoturris.lt\/wp-content\/uploads\/2026\/02\/D6984-300x300.png",300,300,true],"medium_large":["https:\/\/www.ludoturris.lt\/wp-content\/uploads\/2026\/02\/D6984-768x768.png",768,768,true],"large":["https:\/\/www.ludoturris.lt\/wp-content\/uploads\/2026\/02\/D6984.png",1000,1000,false],"1536x1536":["https:\/\/www.ludoturris.lt\/wp-content\/uploads\/2026\/02\/D6984.png",1000,1000,false],"2048x2048":["https:\/\/www.ludoturris.lt\/wp-content\/uploads\/2026\/02\/D6984.png",1000,1000,false],"trp-custom-language-flag":["https:\/\/www.ludoturris.lt\/wp-content\/uploads\/2026\/02\/D6984-12x12.png",12,12,true],"woocommerce_thumbnail":["https:\/\/www.ludoturris.lt\/wp-content\/uploads\/2026\/02\/D6984-300x300.png",300,300,true],"woocommerce_single":["https:\/\/www.ludoturris.lt\/wp-content\/uploads\/2026\/02\/D6984-600x600.png",600,600,true],"woocommerce_gallery_thumbnail":["https:\/\/www.ludoturris.lt\/wp-content\/uploads\/2026\/02\/D6984-100x100.png",100,100,true],"variation_swatches_image_size":["https:\/\/www.ludoturris.lt\/wp-content\/uploads\/2026\/02\/D6984-50x50.png",50,50,true],"variation_swatches_tooltip_size":["https:\/\/www.ludoturris.lt\/wp-content\/uploads\/2026\/02\/D6984-100x100.png",100,100,true],"dgwt-wcas-product-suggestion":["https:\/\/www.ludoturris.lt\/wp-content\/uploads\/2026\/02\/D6984-64x64.png",64,64,true]},"uagb_author_info":{"display_name":"LudoTurris","author_link":"https:\/\/www.ludoturris.lt\/en\/author\/"},"uagb_comment_info":0,"uagb_excerpt":"Rekomenduojamas am\u017eius: nuo 2 met\u0173. Rinkinys i\u0161 64vnt skirting\u0173 dyd\u017ei\u0173 ir spalv\u0173 kalad\u0117li\u0173 (oran\u017ein\u0117,\u017ealia,\u017eydra,kremin\u0117). \u0160iame rinkinyje yra 3 skirting\u0173 tip\u0173 kalad\u0117l\u0117s, matmenys 10x5x4cm ; 5x5x4cm ; 5x5x3,5cm tinkan\u010dios ma\u017eoms rankyt\u0117ms. Kalad\u0117l\u0117s gali b\u016bti naudojamos pilims, namams ar ma\u017eoms dirbtuv\u0117ms statyti. Tinkamos \u017eaisti tiek patalpose, tiek sm\u0117lio d\u0117\u017e\u0117je, kur jos taip pat veikia kaip smagios sm\u0117lio&hellip;","_links":{"self":[{"href":"https:\/\/www.ludoturris.lt\/en\/wp-json\/wp\/v2\/product\/5415"}],"collection":[{"href":"https:\/\/www.ludoturris.lt\/en\/wp-json\/wp\/v2\/product"}],"about":[{"href":"https:\/\/www.ludoturris.lt\/en\/wp-json\/wp\/v2\/types\/product"}],"wp:featuredmedia":[{"embeddable":true,"href":"https:\/\/www.ludoturris.lt\/en\/wp-json\/wp\/v2\/media\/5416"}],"wp:attachment":[{"href":"https:\/\/www.ludoturris.lt\/en\/wp-json\/wp\/v2\/media?parent=5415"}],"wp:term":[{"taxonomy":"product_cat","embeddable":true,"href":"https:\/\/www.ludoturris.lt\/en\/wp-json\/wp\/v2\/product_cat?post=5415"},{"taxonomy":"product_tag","embeddable":true,"href":"https:\/\/www.ludoturris.lt\/en\/wp-json\/wp\/v2\/product_tag?post=5415"}],"curies":[{"name":"wp","href":"https:\/\/api.w.org\/{rel}","templated":true}]}}