{"id":5307,"date":"2025-10-27T13:38:08","date_gmt":"2025-10-27T15:38:08","guid":{"rendered":"https:\/\/www.ludoturris.lt\/?post_type=product&#038;p=5307"},"modified":"2026-02-06T11:38:24","modified_gmt":"2026-02-06T13:38:24","slug":"futbolo-vartai-su-tinklu-2","status":"publish","type":"product","link":"https:\/\/www.ludoturris.lt\/en\/product\/futbolo-vartai-su-tinklu-2\/","title":{"rendered":"Futbolo vartai su tinklu"},"content":{"rendered":"<p>Rekomenduojamas am\u017eius: nuo 3 met\u0173. \u0160ie 180 x 120 cm \u201eMultiGarden\u201c  futbolo   vartai su tinklu \u2013 puikus pasirinkimas jauniems futbolininkams. Jie skirti naudoti tiek sporto sal\u0117je, tiek sode, tiek aik\u0161t\u0117je. Stabili ir saugi vart\u0173 konstrukcija, pritvirtinta prie \u017eem\u0117s kuoliukais, u\u017etikrina atsparum\u0105 galingiems sm\u016bgiams. Plieninis r\u0117mas ir patvarus tinklas garantuoja ilgalaik\u012f naudojim\u0105. Surinkimas labai paprastas, trunka vos 15 minu\u010di\u0173, o visos reikalingos tvirtinimo detal\u0117s yra komplekte. \u0160ie vartai puikus b\u016bdas aktyviai leisti laik\u0105 ir lavinti futbolo \u012fg\u016bd\u017eius.<\/p>","protected":false},"excerpt":{"rendered":"<p>Rekomenduojamas am\u017eius: nuo 3 met\u0173. \u0160ie 180 x 120 cm \u201eMultiGarden\u201c futbolo vartai su tinklu \u2013 puikus pasirinkimas jauniems futbolininkams. Jie skirti naudoti tiek sporto sal\u0117je, tiek sode, tiek aik\u0161t\u0117je. Stabili ir saugi vart\u0173 konstrukcija, pritvirtinta prie \u017eem\u0117s kuoliukais, u\u017etikrina atsparum\u0105 galingiems sm\u016bgiams. Plieninis r\u0117mas ir patvarus tinklas garantuoja ilgalaik\u012f naudojim\u0105. Surinkimas labai paprastas, trunka &hellip;<\/p>\n<p class=\"read-more\"> <a class=\"\" href=\"https:\/\/www.ludoturris.lt\/en\/product\/futbolo-vartai-su-tinklu-2\/\"> <span class=\"screen-reader-text\">Futbolo vartai su tinklu<\/span> Read More &raquo;<\/a><\/p>","protected":false},"featured_media":5309,"template":"","meta":{"_uag_custom_page_level_css":"","_themeisle_gutenberg_block_has_review":false},"product_cat":[95,69,93],"product_tag":[],"yoast_head":"<!-- This site is optimized with the Yoast SEO plugin v21.1 - https:\/\/yoast.com\/wordpress\/plugins\/seo\/ -->\n<title>Futbolo vartai su tinklu - Ludo Turris<\/title>\n<meta name=\"description\" content=\"Auk\u0161tos kokyb\u0117s futbolo vartai vaikams ir paaugliams \u2013 puikus pasirinkimas \u017eaidimams kieme ar treniruot\u0117ms. Lengvai surenkami, patvar\u016bs ir saug\u016bs naudoti.\" \/>\n<meta name=\"robots\" content=\"index, follow, max-snippet:-1, max-image-preview:large, max-video-preview:-1\" \/>\n<link rel=\"canonical\" href=\"https:\/\/www.ludoturris.lt\/en\/product\/futbolo-vartai-su-tinklu-2\/\" \/>\n<meta property=\"og:locale\" content=\"en_GB\" \/>\n<meta property=\"og:type\" content=\"article\" \/>\n<meta property=\"og:title\" content=\"Futbolo vartai su tinklu - Ludo Turris\" \/>\n<meta property=\"og:description\" content=\"Auk\u0161tos kokyb\u0117s futbolo vartai vaikams ir paaugliams \u2013 puikus pasirinkimas \u017eaidimams kieme ar treniruot\u0117ms. Lengvai surenkami, patvar\u016bs ir saug\u016bs naudoti.\" \/>\n<meta property=\"og:url\" content=\"https:\/\/www.ludoturris.lt\/en\/product\/futbolo-vartai-su-tinklu-2\/\" \/>\n<meta property=\"og:site_name\" content=\"Ludo Turris\" \/>\n<meta property=\"article:publisher\" content=\"https:\/\/www.facebook.com\/Ludo-Turris-621921974895920\/\" \/>\n<meta property=\"article:modified_time\" content=\"2026-02-06T13:38:24+00:00\" \/>\n<meta property=\"og:image\" content=\"https:\/\/www.ludoturris.lt\/wp-content\/uploads\/2025\/10\/DS8023-1.png\" \/>\n\t<meta property=\"og:image:width\" content=\"900\" \/>\n\t<meta property=\"og:image:height\" content=\"900\" \/>\n\t<meta property=\"og:image:type\" content=\"image\/png\" \/>\n<meta name=\"twitter:card\" content=\"summary_large_image\" \/>\n<meta name=\"twitter:label1\" content=\"Estimated reading time\" \/>\n\t<meta name=\"twitter:data1\" content=\"1 minute\" \/>\n<script type=\"application\/ld+json\" class=\"yoast-schema-graph\">{\"@context\":\"https:\/\/schema.org\",\"@graph\":[{\"@type\":\"WebPage\",\"@id\":\"https:\/\/www.ludoturris.lt\/produktas\/futbolo-vartai-su-tinklu-2\/\",\"url\":\"https:\/\/www.ludoturris.lt\/produktas\/futbolo-vartai-su-tinklu-2\/\",\"name\":\"Futbolo vartai su tinklu - Ludo Turris\",\"isPartOf\":{\"@id\":\"https:\/\/www.ludoturris.lt\/#website\"},\"datePublished\":\"2025-10-27T15:38:08+00:00\",\"dateModified\":\"2026-02-06T13:38:24+00:00\",\"description\":\"Auk\u0161tos kokyb\u0117s futbolo vartai vaikams ir paaugliams \u2013 puikus pasirinkimas \u017eaidimams kieme ar treniruot\u0117ms. Lengvai surenkami, patvar\u016bs ir saug\u016bs naudoti.\",\"breadcrumb\":{\"@id\":\"https:\/\/www.ludoturris.lt\/produktas\/futbolo-vartai-su-tinklu-2\/#breadcrumb\"},\"inLanguage\":\"en-GB\",\"potentialAction\":[{\"@type\":\"ReadAction\",\"target\":[\"https:\/\/www.ludoturris.lt\/produktas\/futbolo-vartai-su-tinklu-2\/\"]}]},{\"@type\":\"BreadcrumbList\",\"@id\":\"https:\/\/www.ludoturris.lt\/produktas\/futbolo-vartai-su-tinklu-2\/#breadcrumb\",\"itemListElement\":[{\"@type\":\"ListItem\",\"position\":1,\"name\":\"Home\",\"item\":\"https:\/\/www.ludoturris.lt\/\"},{\"@type\":\"ListItem\",\"position\":2,\"name\":\"Parduotuv\u0117\",\"item\":\"https:\/\/www.ludoturris.lt\/parduotuve\/\"},{\"@type\":\"ListItem\",\"position\":3,\"name\":\"Futbolo vartai su tinklu\"}]},{\"@type\":\"WebSite\",\"@id\":\"https:\/\/www.ludoturris.lt\/#website\",\"url\":\"https:\/\/www.ludoturris.lt\/\",\"name\":\"Ludo Turris\",\"description\":\"K\u016brybi\u0161kum\u0105 ir fantazij\u0105 lavinan\u010dios kalad\u0117l\u0117s\",\"publisher\":{\"@id\":\"https:\/\/www.ludoturris.lt\/#organization\"},\"potentialAction\":[{\"@type\":\"SearchAction\",\"target\":{\"@type\":\"EntryPoint\",\"urlTemplate\":\"https:\/\/www.ludoturris.lt\/?s={search_term_string}\"},\"query-input\":\"required name=search_term_string\"}],\"inLanguage\":\"en-GB\"},{\"@type\":\"Organization\",\"@id\":\"https:\/\/www.ludoturris.lt\/#organization\",\"name\":\"Ludo Turris \u2013 Vakar\u0173 gama, UAB\",\"url\":\"https:\/\/www.ludoturris.lt\/\",\"logo\":{\"@type\":\"ImageObject\",\"inLanguage\":\"en-GB\",\"@id\":\"https:\/\/www.ludoturris.lt\/#\/schema\/logo\/image\/\",\"url\":\"https:\/\/www.ludoturris.lt\/wp-content\/uploads\/2020\/10\/logo@2x.png\",\"contentUrl\":\"https:\/\/www.ludoturris.lt\/wp-content\/uploads\/2020\/10\/logo@2x.png\",\"width\":300,\"height\":147,\"caption\":\"Ludo Turris \u2013 Vakar\u0173 gama, UAB\"},\"image\":{\"@id\":\"https:\/\/www.ludoturris.lt\/#\/schema\/logo\/image\/\"},\"sameAs\":[\"https:\/\/www.facebook.com\/Ludo-Turris-621921974895920\/\",\"https:\/\/www.youtube.com\/channel\/UCuBACq67N1NGC9LVudo4ngw\"]}]}<\/script>\n<!-- \/ Yoast SEO plugin. -->","yoast_head_json":{"title":"Futbolo vartai su tinklu - Ludo Turris","description":"Auk\u0161tos kokyb\u0117s futbolo vartai vaikams ir paaugliams \u2013 puikus pasirinkimas \u017eaidimams kieme ar treniruot\u0117ms. Lengvai surenkami, patvar\u016bs ir saug\u016bs naudoti.","robots":{"index":"index","follow":"follow","max-snippet":"max-snippet:-1","max-image-preview":"max-image-preview:large","max-video-preview":"max-video-preview:-1"},"canonical":"https:\/\/www.ludoturris.lt\/en\/product\/futbolo-vartai-su-tinklu-2\/","og_locale":"en_GB","og_type":"article","og_title":"Futbolo vartai su tinklu - Ludo Turris","og_description":"Auk\u0161tos kokyb\u0117s futbolo vartai vaikams ir paaugliams \u2013 puikus pasirinkimas \u017eaidimams kieme ar treniruot\u0117ms. Lengvai surenkami, patvar\u016bs ir saug\u016bs naudoti.","og_url":"https:\/\/www.ludoturris.lt\/en\/product\/futbolo-vartai-su-tinklu-2\/","og_site_name":"Ludo Turris","article_publisher":"https:\/\/www.facebook.com\/Ludo-Turris-621921974895920\/","article_modified_time":"2026-02-06T13:38:24+00:00","og_image":[{"width":900,"height":900,"url":"https:\/\/www.ludoturris.lt\/wp-content\/uploads\/2025\/10\/DS8023-1.png","type":"image\/png"}],"twitter_card":"summary_large_image","twitter_misc":{"Estimated reading time":"1 minute"},"schema":{"@context":"https:\/\/schema.org","@graph":[{"@type":"WebPage","@id":"https:\/\/www.ludoturris.lt\/produktas\/futbolo-vartai-su-tinklu-2\/","url":"https:\/\/www.ludoturris.lt\/produktas\/futbolo-vartai-su-tinklu-2\/","name":"Futbolo vartai su tinklu - Ludo Turris","isPartOf":{"@id":"https:\/\/www.ludoturris.lt\/#website"},"datePublished":"2025-10-27T15:38:08+00:00","dateModified":"2026-02-06T13:38:24+00:00","description":"Auk\u0161tos kokyb\u0117s futbolo vartai vaikams ir paaugliams \u2013 puikus pasirinkimas \u017eaidimams kieme ar treniruot\u0117ms. Lengvai surenkami, patvar\u016bs ir saug\u016bs naudoti.","breadcrumb":{"@id":"https:\/\/www.ludoturris.lt\/produktas\/futbolo-vartai-su-tinklu-2\/#breadcrumb"},"inLanguage":"en-GB","potentialAction":[{"@type":"ReadAction","target":["https:\/\/www.ludoturris.lt\/produktas\/futbolo-vartai-su-tinklu-2\/"]}]},{"@type":"BreadcrumbList","@id":"https:\/\/www.ludoturris.lt\/produktas\/futbolo-vartai-su-tinklu-2\/#breadcrumb","itemListElement":[{"@type":"ListItem","position":1,"name":"Home","item":"https:\/\/www.ludoturris.lt\/"},{"@type":"ListItem","position":2,"name":"Parduotuv\u0117","item":"https:\/\/www.ludoturris.lt\/parduotuve\/"},{"@type":"ListItem","position":3,"name":"Futbolo vartai su tinklu"}]},{"@type":"WebSite","@id":"https:\/\/www.ludoturris.lt\/#website","url":"https:\/\/www.ludoturris.lt\/","name":"Ludo Turris","description":"K\u016brybi\u0161kum\u0105 ir fantazij\u0105 lavinan\u010dios kalad\u0117l\u0117s","publisher":{"@id":"https:\/\/www.ludoturris.lt\/#organization"},"potentialAction":[{"@type":"SearchAction","target":{"@type":"EntryPoint","urlTemplate":"https:\/\/www.ludoturris.lt\/?s={search_term_string}"},"query-input":"required name=search_term_string"}],"inLanguage":"en-GB"},{"@type":"Organization","@id":"https:\/\/www.ludoturris.lt\/#organization","name":"Ludo Turris \u2013 Vakar\u0173 gama, UAB","url":"https:\/\/www.ludoturris.lt\/","logo":{"@type":"ImageObject","inLanguage":"en-GB","@id":"https:\/\/www.ludoturris.lt\/#\/schema\/logo\/image\/","url":"https:\/\/www.ludoturris.lt\/wp-content\/uploads\/2020\/10\/logo@2x.png","contentUrl":"https:\/\/www.ludoturris.lt\/wp-content\/uploads\/2020\/10\/logo@2x.png","width":300,"height":147,"caption":"Ludo Turris \u2013 Vakar\u0173 gama, UAB"},"image":{"@id":"https:\/\/www.ludoturris.lt\/#\/schema\/logo\/image\/"},"sameAs":["https:\/\/www.facebook.com\/Ludo-Turris-621921974895920\/","https:\/\/www.youtube.com\/channel\/UCuBACq67N1NGC9LVudo4ngw"]}]}},"uagb_featured_image_src":{"full":["https:\/\/www.ludoturris.lt\/wp-content\/uploads\/2025\/10\/DS8023-1.png",900,900,false],"thumbnail":["https:\/\/www.ludoturris.lt\/wp-content\/uploads\/2025\/10\/DS8023-1-150x150.png",150,150,true],"medium":["https:\/\/www.ludoturris.lt\/wp-content\/uploads\/2025\/10\/DS8023-1-300x300.png",300,300,true],"medium_large":["https:\/\/www.ludoturris.lt\/wp-content\/uploads\/2025\/10\/DS8023-1-768x768.png",768,768,true],"large":["https:\/\/www.ludoturris.lt\/wp-content\/uploads\/2025\/10\/DS8023-1.png",900,900,false],"1536x1536":["https:\/\/www.ludoturris.lt\/wp-content\/uploads\/2025\/10\/DS8023-1.png",900,900,false],"2048x2048":["https:\/\/www.ludoturris.lt\/wp-content\/uploads\/2025\/10\/DS8023-1.png",900,900,false],"trp-custom-language-flag":["https:\/\/www.ludoturris.lt\/wp-content\/uploads\/2025\/10\/DS8023-1-12x12.png",12,12,true],"woocommerce_thumbnail":["https:\/\/www.ludoturris.lt\/wp-content\/uploads\/2025\/10\/DS8023-1-300x300.png",300,300,true],"woocommerce_single":["https:\/\/www.ludoturris.lt\/wp-content\/uploads\/2025\/10\/DS8023-1-600x600.png",600,600,true],"woocommerce_gallery_thumbnail":["https:\/\/www.ludoturris.lt\/wp-content\/uploads\/2025\/10\/DS8023-1-100x100.png",100,100,true],"variation_swatches_image_size":["https:\/\/www.ludoturris.lt\/wp-content\/uploads\/2025\/10\/DS8023-1-50x50.png",50,50,true],"variation_swatches_tooltip_size":["https:\/\/www.ludoturris.lt\/wp-content\/uploads\/2025\/10\/DS8023-1-100x100.png",100,100,true],"dgwt-wcas-product-suggestion":["https:\/\/www.ludoturris.lt\/wp-content\/uploads\/2025\/10\/DS8023-1.png",64,64,false]},"uagb_author_info":{"display_name":"LudoTurris","author_link":"https:\/\/www.ludoturris.lt\/en\/author\/"},"uagb_comment_info":0,"uagb_excerpt":"Rekomenduojamas am\u017eius: nuo 3 met\u0173. \u0160ie 180 x 120 cm \u201eMultiGarden\u201c futbolo vartai su tinklu \u2013 puikus pasirinkimas jauniems futbolininkams. Jie skirti naudoti tiek sporto sal\u0117je, tiek sode, tiek aik\u0161t\u0117je. Stabili ir saugi vart\u0173 konstrukcija, pritvirtinta prie \u017eem\u0117s kuoliukais, u\u017etikrina atsparum\u0105 galingiems sm\u016bgiams. Plieninis r\u0117mas ir patvarus tinklas garantuoja ilgalaik\u012f naudojim\u0105. Surinkimas labai paprastas, trunka&hellip;","_links":{"self":[{"href":"https:\/\/www.ludoturris.lt\/en\/wp-json\/wp\/v2\/product\/5307"}],"collection":[{"href":"https:\/\/www.ludoturris.lt\/en\/wp-json\/wp\/v2\/product"}],"about":[{"href":"https:\/\/www.ludoturris.lt\/en\/wp-json\/wp\/v2\/types\/product"}],"wp:featuredmedia":[{"embeddable":true,"href":"https:\/\/www.ludoturris.lt\/en\/wp-json\/wp\/v2\/media\/5309"}],"wp:attachment":[{"href":"https:\/\/www.ludoturris.lt\/en\/wp-json\/wp\/v2\/media?parent=5307"}],"wp:term":[{"taxonomy":"product_cat","embeddable":true,"href":"https:\/\/www.ludoturris.lt\/en\/wp-json\/wp\/v2\/product_cat?post=5307"},{"taxonomy":"product_tag","embeddable":true,"href":"https:\/\/www.ludoturris.lt\/en\/wp-json\/wp\/v2\/product_tag?post=5307"}],"curies":[{"name":"wp","href":"https:\/\/api.w.org\/{rel}","templated":true}]}}