{"id":5302,"date":"2025-10-26T14:05:06","date_gmt":"2025-10-26T16:05:06","guid":{"rendered":"https:\/\/www.ludoturris.lt\/?post_type=product&#038;p=5302"},"modified":"2026-02-10T07:29:07","modified_gmt":"2026-02-10T09:29:07","slug":"medinis-kavos-aparatas-vaikams","status":"publish","type":"product","link":"https:\/\/www.ludoturris.lt\/en\/product\/medinis-kavos-aparatas-vaikams\/","title":{"rendered":"Medinis kavos aparatas vaikams"},"content":{"rendered":"<p>Rekomenduojamas am\u017eius: nuo 3 met\u0173. Medinis kavos virimo aparatas yra du \u017eaislai viename. \u017daislas, kuris sujungia kavos aparato funkcijas su \u017eavinga parduotuve turin\u010dia lentynas. Pagamintas i\u0161 saugios, patvarios medienos be a\u0161tri\u0173 briaun\u0173. Rinkin\u012f sudaro net 26 dalys, \u012fskaitant puodelius, l\u0117k\u0161tutes, cukraus kubelius, portafiltr\u0105, kavos medines kapsules, saldainius ir kavos priedus. Ranken\u0117l\u0117s, kurios sukant skleid\u017eia garsus, suteikia \u017eaidimui realizmo ir d\u017eiaugsmo. Tai puikus \u017eaid\u017eiant lavinti vaizduot\u0119, mokytis bendravimo, jis puikiai tiks naudoti namuose dar\u017eelyje ar \u017eaidim\u0173 kambaryje.<\/p>","protected":false},"excerpt":{"rendered":"<p>Rekomenduojamas am\u017eius: nuo 3 met\u0173. Medinis kavos virimo aparatas yra du \u017eaislai viename. \u017daislas, kuris sujungia kavos aparato funkcijas su \u017eavinga parduotuve turin\u010dia lentynas. Pagamintas i\u0161 saugios, patvarios medienos be a\u0161tri\u0173 briaun\u0173. Rinkin\u012f sudaro net 26 dalys, \u012fskaitant puodelius, l\u0117k\u0161tutes, cukraus kubelius, portafiltr\u0105, kavos medines kapsules, saldainius ir kavos priedus. Ranken\u0117l\u0117s, kurios sukant skleid\u017eia garsus, &hellip;<\/p>\n<p class=\"read-more\"> <a class=\"\" href=\"https:\/\/www.ludoturris.lt\/en\/product\/medinis-kavos-aparatas-vaikams\/\"> <span class=\"screen-reader-text\">Medinis kavos aparatas vaikams<\/span> Read More &raquo;<\/a><\/p>","protected":false},"featured_media":5303,"template":"","meta":{"_uag_custom_page_level_css":"","_themeisle_gutenberg_block_has_review":false},"product_cat":[95,69,96],"product_tag":[],"yoast_head":"<!-- This site is optimized with the Yoast SEO plugin v21.1 - https:\/\/yoast.com\/wordpress\/plugins\/seo\/ -->\n<title>Medinis kavos aparatas vaikams - Ludo Turris<\/title>\n<meta name=\"description\" content=\"Medinis kavos aparatas vaikams \u2013 \u017eaismingas ir saugus \u017eaislas, skatinantis k\u016brybi\u0161kum\u0105 bei vaidybinius \u017eaidimus. Puikus papildymas vaiki\u0161kai virtuvei!\" \/>\n<meta name=\"robots\" content=\"index, follow, max-snippet:-1, max-image-preview:large, max-video-preview:-1\" \/>\n<link rel=\"canonical\" href=\"https:\/\/www.ludoturris.lt\/en\/product\/medinis-kavos-aparatas-vaikams\/\" \/>\n<meta property=\"og:locale\" content=\"en_GB\" \/>\n<meta property=\"og:type\" content=\"article\" \/>\n<meta property=\"og:title\" content=\"Medinis kavos aparatas vaikams - Ludo Turris\" \/>\n<meta property=\"og:description\" content=\"Medinis kavos aparatas vaikams \u2013 \u017eaismingas ir saugus \u017eaislas, skatinantis k\u016brybi\u0161kum\u0105 bei vaidybinius \u017eaidimus. Puikus papildymas vaiki\u0161kai virtuvei!\" \/>\n<meta property=\"og:url\" content=\"https:\/\/www.ludoturris.lt\/en\/product\/medinis-kavos-aparatas-vaikams\/\" \/>\n<meta property=\"og:site_name\" content=\"Ludo Turris\" \/>\n<meta property=\"article:publisher\" content=\"https:\/\/www.facebook.com\/Ludo-Turris-621921974895920\/\" \/>\n<meta property=\"article:modified_time\" content=\"2026-02-10T09:29:07+00:00\" \/>\n<meta property=\"og:image\" content=\"https:\/\/www.ludoturris.lt\/wp-content\/uploads\/2025\/10\/HM328245.png\" \/>\n\t<meta property=\"og:image:width\" content=\"900\" \/>\n\t<meta property=\"og:image:height\" content=\"900\" \/>\n\t<meta property=\"og:image:type\" content=\"image\/png\" \/>\n<meta name=\"twitter:card\" content=\"summary_large_image\" \/>\n<meta name=\"twitter:label1\" content=\"Estimated reading time\" \/>\n\t<meta name=\"twitter:data1\" content=\"1 minute\" \/>\n<script type=\"application\/ld+json\" class=\"yoast-schema-graph\">{\"@context\":\"https:\/\/schema.org\",\"@graph\":[{\"@type\":\"WebPage\",\"@id\":\"https:\/\/www.ludoturris.lt\/produktas\/medinis-kavos-aparatas-vaikams\/\",\"url\":\"https:\/\/www.ludoturris.lt\/produktas\/medinis-kavos-aparatas-vaikams\/\",\"name\":\"Medinis kavos aparatas vaikams - Ludo Turris\",\"isPartOf\":{\"@id\":\"https:\/\/www.ludoturris.lt\/#website\"},\"datePublished\":\"2025-10-26T16:05:06+00:00\",\"dateModified\":\"2026-02-10T09:29:07+00:00\",\"description\":\"Medinis kavos aparatas vaikams \u2013 \u017eaismingas ir saugus \u017eaislas, skatinantis k\u016brybi\u0161kum\u0105 bei vaidybinius \u017eaidimus. Puikus papildymas vaiki\u0161kai virtuvei!\",\"breadcrumb\":{\"@id\":\"https:\/\/www.ludoturris.lt\/produktas\/medinis-kavos-aparatas-vaikams\/#breadcrumb\"},\"inLanguage\":\"en-GB\",\"potentialAction\":[{\"@type\":\"ReadAction\",\"target\":[\"https:\/\/www.ludoturris.lt\/produktas\/medinis-kavos-aparatas-vaikams\/\"]}]},{\"@type\":\"BreadcrumbList\",\"@id\":\"https:\/\/www.ludoturris.lt\/produktas\/medinis-kavos-aparatas-vaikams\/#breadcrumb\",\"itemListElement\":[{\"@type\":\"ListItem\",\"position\":1,\"name\":\"Home\",\"item\":\"https:\/\/www.ludoturris.lt\/\"},{\"@type\":\"ListItem\",\"position\":2,\"name\":\"Parduotuv\u0117\",\"item\":\"https:\/\/www.ludoturris.lt\/parduotuve\/\"},{\"@type\":\"ListItem\",\"position\":3,\"name\":\"Medinis kavos aparatas vaikams\"}]},{\"@type\":\"WebSite\",\"@id\":\"https:\/\/www.ludoturris.lt\/#website\",\"url\":\"https:\/\/www.ludoturris.lt\/\",\"name\":\"Ludo Turris\",\"description\":\"K\u016brybi\u0161kum\u0105 ir fantazij\u0105 lavinan\u010dios kalad\u0117l\u0117s\",\"publisher\":{\"@id\":\"https:\/\/www.ludoturris.lt\/#organization\"},\"potentialAction\":[{\"@type\":\"SearchAction\",\"target\":{\"@type\":\"EntryPoint\",\"urlTemplate\":\"https:\/\/www.ludoturris.lt\/?s={search_term_string}\"},\"query-input\":\"required name=search_term_string\"}],\"inLanguage\":\"en-GB\"},{\"@type\":\"Organization\",\"@id\":\"https:\/\/www.ludoturris.lt\/#organization\",\"name\":\"Ludo Turris \u2013 Vakar\u0173 gama, UAB\",\"url\":\"https:\/\/www.ludoturris.lt\/\",\"logo\":{\"@type\":\"ImageObject\",\"inLanguage\":\"en-GB\",\"@id\":\"https:\/\/www.ludoturris.lt\/#\/schema\/logo\/image\/\",\"url\":\"https:\/\/www.ludoturris.lt\/wp-content\/uploads\/2020\/10\/logo@2x.png\",\"contentUrl\":\"https:\/\/www.ludoturris.lt\/wp-content\/uploads\/2020\/10\/logo@2x.png\",\"width\":300,\"height\":147,\"caption\":\"Ludo Turris \u2013 Vakar\u0173 gama, UAB\"},\"image\":{\"@id\":\"https:\/\/www.ludoturris.lt\/#\/schema\/logo\/image\/\"},\"sameAs\":[\"https:\/\/www.facebook.com\/Ludo-Turris-621921974895920\/\",\"https:\/\/www.youtube.com\/channel\/UCuBACq67N1NGC9LVudo4ngw\"]}]}<\/script>\n<!-- \/ Yoast SEO plugin. -->","yoast_head_json":{"title":"Medinis kavos aparatas vaikams - Ludo Turris","description":"Medinis kavos aparatas vaikams \u2013 \u017eaismingas ir saugus \u017eaislas, skatinantis k\u016brybi\u0161kum\u0105 bei vaidybinius \u017eaidimus. Puikus papildymas vaiki\u0161kai virtuvei!","robots":{"index":"index","follow":"follow","max-snippet":"max-snippet:-1","max-image-preview":"max-image-preview:large","max-video-preview":"max-video-preview:-1"},"canonical":"https:\/\/www.ludoturris.lt\/en\/product\/medinis-kavos-aparatas-vaikams\/","og_locale":"en_GB","og_type":"article","og_title":"Medinis kavos aparatas vaikams - Ludo Turris","og_description":"Medinis kavos aparatas vaikams \u2013 \u017eaismingas ir saugus \u017eaislas, skatinantis k\u016brybi\u0161kum\u0105 bei vaidybinius \u017eaidimus. Puikus papildymas vaiki\u0161kai virtuvei!","og_url":"https:\/\/www.ludoturris.lt\/en\/product\/medinis-kavos-aparatas-vaikams\/","og_site_name":"Ludo Turris","article_publisher":"https:\/\/www.facebook.com\/Ludo-Turris-621921974895920\/","article_modified_time":"2026-02-10T09:29:07+00:00","og_image":[{"width":900,"height":900,"url":"https:\/\/www.ludoturris.lt\/wp-content\/uploads\/2025\/10\/HM328245.png","type":"image\/png"}],"twitter_card":"summary_large_image","twitter_misc":{"Estimated reading time":"1 minute"},"schema":{"@context":"https:\/\/schema.org","@graph":[{"@type":"WebPage","@id":"https:\/\/www.ludoturris.lt\/produktas\/medinis-kavos-aparatas-vaikams\/","url":"https:\/\/www.ludoturris.lt\/produktas\/medinis-kavos-aparatas-vaikams\/","name":"Medinis kavos aparatas vaikams - Ludo Turris","isPartOf":{"@id":"https:\/\/www.ludoturris.lt\/#website"},"datePublished":"2025-10-26T16:05:06+00:00","dateModified":"2026-02-10T09:29:07+00:00","description":"Medinis kavos aparatas vaikams \u2013 \u017eaismingas ir saugus \u017eaislas, skatinantis k\u016brybi\u0161kum\u0105 bei vaidybinius \u017eaidimus. Puikus papildymas vaiki\u0161kai virtuvei!","breadcrumb":{"@id":"https:\/\/www.ludoturris.lt\/produktas\/medinis-kavos-aparatas-vaikams\/#breadcrumb"},"inLanguage":"en-GB","potentialAction":[{"@type":"ReadAction","target":["https:\/\/www.ludoturris.lt\/produktas\/medinis-kavos-aparatas-vaikams\/"]}]},{"@type":"BreadcrumbList","@id":"https:\/\/www.ludoturris.lt\/produktas\/medinis-kavos-aparatas-vaikams\/#breadcrumb","itemListElement":[{"@type":"ListItem","position":1,"name":"Home","item":"https:\/\/www.ludoturris.lt\/"},{"@type":"ListItem","position":2,"name":"Parduotuv\u0117","item":"https:\/\/www.ludoturris.lt\/parduotuve\/"},{"@type":"ListItem","position":3,"name":"Medinis kavos aparatas vaikams"}]},{"@type":"WebSite","@id":"https:\/\/www.ludoturris.lt\/#website","url":"https:\/\/www.ludoturris.lt\/","name":"Ludo Turris","description":"K\u016brybi\u0161kum\u0105 ir fantazij\u0105 lavinan\u010dios kalad\u0117l\u0117s","publisher":{"@id":"https:\/\/www.ludoturris.lt\/#organization"},"potentialAction":[{"@type":"SearchAction","target":{"@type":"EntryPoint","urlTemplate":"https:\/\/www.ludoturris.lt\/?s={search_term_string}"},"query-input":"required name=search_term_string"}],"inLanguage":"en-GB"},{"@type":"Organization","@id":"https:\/\/www.ludoturris.lt\/#organization","name":"Ludo Turris \u2013 Vakar\u0173 gama, UAB","url":"https:\/\/www.ludoturris.lt\/","logo":{"@type":"ImageObject","inLanguage":"en-GB","@id":"https:\/\/www.ludoturris.lt\/#\/schema\/logo\/image\/","url":"https:\/\/www.ludoturris.lt\/wp-content\/uploads\/2020\/10\/logo@2x.png","contentUrl":"https:\/\/www.ludoturris.lt\/wp-content\/uploads\/2020\/10\/logo@2x.png","width":300,"height":147,"caption":"Ludo Turris \u2013 Vakar\u0173 gama, UAB"},"image":{"@id":"https:\/\/www.ludoturris.lt\/#\/schema\/logo\/image\/"},"sameAs":["https:\/\/www.facebook.com\/Ludo-Turris-621921974895920\/","https:\/\/www.youtube.com\/channel\/UCuBACq67N1NGC9LVudo4ngw"]}]}},"uagb_featured_image_src":{"full":["https:\/\/www.ludoturris.lt\/wp-content\/uploads\/2025\/10\/HM328245.png",900,900,false],"thumbnail":["https:\/\/www.ludoturris.lt\/wp-content\/uploads\/2025\/10\/HM328245-150x150.png",150,150,true],"medium":["https:\/\/www.ludoturris.lt\/wp-content\/uploads\/2025\/10\/HM328245-300x300.png",300,300,true],"medium_large":["https:\/\/www.ludoturris.lt\/wp-content\/uploads\/2025\/10\/HM328245-768x768.png",768,768,true],"large":["https:\/\/www.ludoturris.lt\/wp-content\/uploads\/2025\/10\/HM328245.png",900,900,false],"1536x1536":["https:\/\/www.ludoturris.lt\/wp-content\/uploads\/2025\/10\/HM328245.png",900,900,false],"2048x2048":["https:\/\/www.ludoturris.lt\/wp-content\/uploads\/2025\/10\/HM328245.png",900,900,false],"trp-custom-language-flag":["https:\/\/www.ludoturris.lt\/wp-content\/uploads\/2025\/10\/HM328245-12x12.png",12,12,true],"woocommerce_thumbnail":["https:\/\/www.ludoturris.lt\/wp-content\/uploads\/2025\/10\/HM328245-300x300.png",300,300,true],"woocommerce_single":["https:\/\/www.ludoturris.lt\/wp-content\/uploads\/2025\/10\/HM328245-600x600.png",600,600,true],"woocommerce_gallery_thumbnail":["https:\/\/www.ludoturris.lt\/wp-content\/uploads\/2025\/10\/HM328245-100x100.png",100,100,true],"variation_swatches_image_size":["https:\/\/www.ludoturris.lt\/wp-content\/uploads\/2025\/10\/HM328245-50x50.png",50,50,true],"variation_swatches_tooltip_size":["https:\/\/www.ludoturris.lt\/wp-content\/uploads\/2025\/10\/HM328245-100x100.png",100,100,true],"dgwt-wcas-product-suggestion":["https:\/\/www.ludoturris.lt\/wp-content\/uploads\/2025\/10\/HM328245.png",64,64,false]},"uagb_author_info":{"display_name":"LudoTurris","author_link":"https:\/\/www.ludoturris.lt\/en\/author\/"},"uagb_comment_info":0,"uagb_excerpt":"Rekomenduojamas am\u017eius: nuo 3 met\u0173. Medinis kavos virimo aparatas yra du \u017eaislai viename. \u017daislas, kuris sujungia kavos aparato funkcijas su \u017eavinga parduotuve turin\u010dia lentynas. Pagamintas i\u0161 saugios, patvarios medienos be a\u0161tri\u0173 briaun\u0173. Rinkin\u012f sudaro net 26 dalys, \u012fskaitant puodelius, l\u0117k\u0161tutes, cukraus kubelius, portafiltr\u0105, kavos medines kapsules, saldainius ir kavos priedus. Ranken\u0117l\u0117s, kurios sukant skleid\u017eia garsus,&hellip;","_links":{"self":[{"href":"https:\/\/www.ludoturris.lt\/en\/wp-json\/wp\/v2\/product\/5302"}],"collection":[{"href":"https:\/\/www.ludoturris.lt\/en\/wp-json\/wp\/v2\/product"}],"about":[{"href":"https:\/\/www.ludoturris.lt\/en\/wp-json\/wp\/v2\/types\/product"}],"wp:featuredmedia":[{"embeddable":true,"href":"https:\/\/www.ludoturris.lt\/en\/wp-json\/wp\/v2\/media\/5303"}],"wp:attachment":[{"href":"https:\/\/www.ludoturris.lt\/en\/wp-json\/wp\/v2\/media?parent=5302"}],"wp:term":[{"taxonomy":"product_cat","embeddable":true,"href":"https:\/\/www.ludoturris.lt\/en\/wp-json\/wp\/v2\/product_cat?post=5302"},{"taxonomy":"product_tag","embeddable":true,"href":"https:\/\/www.ludoturris.lt\/en\/wp-json\/wp\/v2\/product_tag?post=5302"}],"curies":[{"name":"wp","href":"https:\/\/api.w.org\/{rel}","templated":true}]}}