{"id":5298,"date":"2025-10-26T13:37:32","date_gmt":"2025-10-26T15:37:32","guid":{"rendered":"https:\/\/www.ludoturris.lt\/?post_type=product&#038;p=5298"},"modified":"2026-02-10T07:21:31","modified_gmt":"2026-02-10T09:21:31","slug":"vaikiskas-klozeto-dangtis","status":"publish","type":"product","link":"https:\/\/www.ludoturris.lt\/en\/product\/vaikiskas-klozeto-dangtis\/","title":{"rendered":"Vaiki\u0161kas klozeto dangtis"},"content":{"rendered":"<p>\u0160i klozeto s\u0117dyn\u0117 galimos dvi spalvos yra puiki ma\u017eyliams nuo 12 m\u0117nesi\u0173 am\u017eiaus, besimokantiems savaranki\u0161kai naudotis klozetu. Ji pasi\u017eymi patvaria, lengvai valoma konstrukcija su mink\u0161ta pagalv\u0117le. Dangtis turi patogias rankenas ir neslystan\u010dius pamink\u0161tinimus, u\u017etikrinan\u010dius saugum\u0105 ir komfort\u0105. Universalus dydis 40,5x37cm tinka vis\u0173 tip\u0173 klozetams, o i\u0161traukiami elementai u\u017etikrina saug\u0173 prigludim\u0105. <\/p>","protected":false},"excerpt":{"rendered":"<p>\u0160i klozeto s\u0117dyn\u0117 yra puikus sprendimas ma\u017eyliams, besimokantiems savaranki\u0161kai naudotis klozetu. Ji pasi\u017eymi  patvaria, lengvai valoma konstrukcija ir mink\u0161ta pagalv\u0117le. Dangtis turi patogias rankenas ir neslystan\u010dius pamink\u0161tinimus, u\u017etikrinan\u010dius saugum\u0105 ir komfort\u0105. Universalus dydis tinka vis\u0173 tip\u0173 klozetams, o i\u0161traukiami elementai u\u017etikrina saug\u0173 prigludim\u0105. Be to, unikalus gaminio dizainas ir forma daro j\u012f patraukl\u0173 vaikams, skatindami savaranki\u0161kum\u0105. Plotis &#8211; 40,5cm ; Gylis &#8211; 37cm.<\/p>","protected":false},"featured_media":5301,"template":"","meta":{"_uag_custom_page_level_css":"","_themeisle_gutenberg_block_has_review":false},"product_cat":[95,69,94],"product_tag":[],"yoast_head":"<!-- This site is optimized with the Yoast SEO plugin v21.1 - https:\/\/yoast.com\/wordpress\/plugins\/seo\/ -->\n<title>Vaiki\u0161kas klozeto dangtis - Ludo Turris<\/title>\n<meta name=\"description\" content=\"Vaiki\u0161kas klozeto dangtis \u2013 patogus, saugus ir spalvingas sprendimas ma\u017eyliui. Padeda vaikui savaranki\u0161kai naudotis tualetu be baim\u0117s ir diskomforto.\" \/>\n<meta name=\"robots\" content=\"index, follow, max-snippet:-1, max-image-preview:large, max-video-preview:-1\" \/>\n<link rel=\"canonical\" href=\"https:\/\/www.ludoturris.lt\/en\/product\/vaikiskas-klozeto-dangtis\/\" \/>\n<meta property=\"og:locale\" content=\"en_GB\" \/>\n<meta property=\"og:type\" content=\"article\" \/>\n<meta property=\"og:title\" content=\"Vaiki\u0161kas klozeto dangtis - Ludo Turris\" \/>\n<meta property=\"og:description\" content=\"Vaiki\u0161kas klozeto dangtis \u2013 patogus, saugus ir spalvingas sprendimas ma\u017eyliui. Padeda vaikui savaranki\u0161kai naudotis tualetu be baim\u0117s ir diskomforto.\" \/>\n<meta property=\"og:url\" content=\"https:\/\/www.ludoturris.lt\/en\/product\/vaikiskas-klozeto-dangtis\/\" \/>\n<meta property=\"og:site_name\" content=\"Ludo Turris\" \/>\n<meta property=\"article:publisher\" content=\"https:\/\/www.facebook.com\/Ludo-Turris-621921974895920\/\" \/>\n<meta property=\"article:modified_time\" content=\"2026-02-10T09:21:31+00:00\" \/>\n<meta property=\"og:image\" content=\"https:\/\/www.ludoturris.lt\/wp-content\/uploads\/2025\/10\/PP104.png\" \/>\n\t<meta property=\"og:image:width\" content=\"900\" \/>\n\t<meta property=\"og:image:height\" content=\"900\" \/>\n\t<meta property=\"og:image:type\" content=\"image\/png\" \/>\n<meta name=\"twitter:card\" content=\"summary_large_image\" \/>\n<meta name=\"twitter:label1\" content=\"Estimated reading time\" \/>\n\t<meta name=\"twitter:data1\" content=\"1 minute\" \/>\n<script type=\"application\/ld+json\" class=\"yoast-schema-graph\">{\"@context\":\"https:\/\/schema.org\",\"@graph\":[{\"@type\":\"WebPage\",\"@id\":\"https:\/\/www.ludoturris.lt\/produktas\/vaikiskas-klozeto-dangtis\/\",\"url\":\"https:\/\/www.ludoturris.lt\/produktas\/vaikiskas-klozeto-dangtis\/\",\"name\":\"Vaiki\u0161kas klozeto dangtis - Ludo Turris\",\"isPartOf\":{\"@id\":\"https:\/\/www.ludoturris.lt\/#website\"},\"datePublished\":\"2025-10-26T15:37:32+00:00\",\"dateModified\":\"2026-02-10T09:21:31+00:00\",\"description\":\"Vaiki\u0161kas klozeto dangtis \u2013 patogus, saugus ir spalvingas sprendimas ma\u017eyliui. Padeda vaikui savaranki\u0161kai naudotis tualetu be baim\u0117s ir diskomforto.\",\"breadcrumb\":{\"@id\":\"https:\/\/www.ludoturris.lt\/produktas\/vaikiskas-klozeto-dangtis\/#breadcrumb\"},\"inLanguage\":\"en-GB\",\"potentialAction\":[{\"@type\":\"ReadAction\",\"target\":[\"https:\/\/www.ludoturris.lt\/produktas\/vaikiskas-klozeto-dangtis\/\"]}]},{\"@type\":\"BreadcrumbList\",\"@id\":\"https:\/\/www.ludoturris.lt\/produktas\/vaikiskas-klozeto-dangtis\/#breadcrumb\",\"itemListElement\":[{\"@type\":\"ListItem\",\"position\":1,\"name\":\"Home\",\"item\":\"https:\/\/www.ludoturris.lt\/\"},{\"@type\":\"ListItem\",\"position\":2,\"name\":\"Parduotuv\u0117\",\"item\":\"https:\/\/www.ludoturris.lt\/parduotuve\/\"},{\"@type\":\"ListItem\",\"position\":3,\"name\":\"Vaiki\u0161kas klozeto dangtis\"}]},{\"@type\":\"WebSite\",\"@id\":\"https:\/\/www.ludoturris.lt\/#website\",\"url\":\"https:\/\/www.ludoturris.lt\/\",\"name\":\"Ludo Turris\",\"description\":\"K\u016brybi\u0161kum\u0105 ir fantazij\u0105 lavinan\u010dios kalad\u0117l\u0117s\",\"publisher\":{\"@id\":\"https:\/\/www.ludoturris.lt\/#organization\"},\"potentialAction\":[{\"@type\":\"SearchAction\",\"target\":{\"@type\":\"EntryPoint\",\"urlTemplate\":\"https:\/\/www.ludoturris.lt\/?s={search_term_string}\"},\"query-input\":\"required name=search_term_string\"}],\"inLanguage\":\"en-GB\"},{\"@type\":\"Organization\",\"@id\":\"https:\/\/www.ludoturris.lt\/#organization\",\"name\":\"Ludo Turris \u2013 Vakar\u0173 gama, UAB\",\"url\":\"https:\/\/www.ludoturris.lt\/\",\"logo\":{\"@type\":\"ImageObject\",\"inLanguage\":\"en-GB\",\"@id\":\"https:\/\/www.ludoturris.lt\/#\/schema\/logo\/image\/\",\"url\":\"https:\/\/www.ludoturris.lt\/wp-content\/uploads\/2020\/10\/logo@2x.png\",\"contentUrl\":\"https:\/\/www.ludoturris.lt\/wp-content\/uploads\/2020\/10\/logo@2x.png\",\"width\":300,\"height\":147,\"caption\":\"Ludo Turris \u2013 Vakar\u0173 gama, UAB\"},\"image\":{\"@id\":\"https:\/\/www.ludoturris.lt\/#\/schema\/logo\/image\/\"},\"sameAs\":[\"https:\/\/www.facebook.com\/Ludo-Turris-621921974895920\/\",\"https:\/\/www.youtube.com\/channel\/UCuBACq67N1NGC9LVudo4ngw\"]}]}<\/script>\n<!-- \/ Yoast SEO plugin. -->","yoast_head_json":{"title":"Vaiki\u0161kas klozeto dangtis - Ludo Turris","description":"Vaiki\u0161kas klozeto dangtis \u2013 patogus, saugus ir spalvingas sprendimas ma\u017eyliui. Padeda vaikui savaranki\u0161kai naudotis tualetu be baim\u0117s ir diskomforto.","robots":{"index":"index","follow":"follow","max-snippet":"max-snippet:-1","max-image-preview":"max-image-preview:large","max-video-preview":"max-video-preview:-1"},"canonical":"https:\/\/www.ludoturris.lt\/en\/product\/vaikiskas-klozeto-dangtis\/","og_locale":"en_GB","og_type":"article","og_title":"Vaiki\u0161kas klozeto dangtis - Ludo Turris","og_description":"Vaiki\u0161kas klozeto dangtis \u2013 patogus, saugus ir spalvingas sprendimas ma\u017eyliui. Padeda vaikui savaranki\u0161kai naudotis tualetu be baim\u0117s ir diskomforto.","og_url":"https:\/\/www.ludoturris.lt\/en\/product\/vaikiskas-klozeto-dangtis\/","og_site_name":"Ludo Turris","article_publisher":"https:\/\/www.facebook.com\/Ludo-Turris-621921974895920\/","article_modified_time":"2026-02-10T09:21:31+00:00","og_image":[{"width":900,"height":900,"url":"https:\/\/www.ludoturris.lt\/wp-content\/uploads\/2025\/10\/PP104.png","type":"image\/png"}],"twitter_card":"summary_large_image","twitter_misc":{"Estimated reading time":"1 minute"},"schema":{"@context":"https:\/\/schema.org","@graph":[{"@type":"WebPage","@id":"https:\/\/www.ludoturris.lt\/produktas\/vaikiskas-klozeto-dangtis\/","url":"https:\/\/www.ludoturris.lt\/produktas\/vaikiskas-klozeto-dangtis\/","name":"Vaiki\u0161kas klozeto dangtis - Ludo Turris","isPartOf":{"@id":"https:\/\/www.ludoturris.lt\/#website"},"datePublished":"2025-10-26T15:37:32+00:00","dateModified":"2026-02-10T09:21:31+00:00","description":"Vaiki\u0161kas klozeto dangtis \u2013 patogus, saugus ir spalvingas sprendimas ma\u017eyliui. Padeda vaikui savaranki\u0161kai naudotis tualetu be baim\u0117s ir diskomforto.","breadcrumb":{"@id":"https:\/\/www.ludoturris.lt\/produktas\/vaikiskas-klozeto-dangtis\/#breadcrumb"},"inLanguage":"en-GB","potentialAction":[{"@type":"ReadAction","target":["https:\/\/www.ludoturris.lt\/produktas\/vaikiskas-klozeto-dangtis\/"]}]},{"@type":"BreadcrumbList","@id":"https:\/\/www.ludoturris.lt\/produktas\/vaikiskas-klozeto-dangtis\/#breadcrumb","itemListElement":[{"@type":"ListItem","position":1,"name":"Home","item":"https:\/\/www.ludoturris.lt\/"},{"@type":"ListItem","position":2,"name":"Parduotuv\u0117","item":"https:\/\/www.ludoturris.lt\/parduotuve\/"},{"@type":"ListItem","position":3,"name":"Vaiki\u0161kas klozeto dangtis"}]},{"@type":"WebSite","@id":"https:\/\/www.ludoturris.lt\/#website","url":"https:\/\/www.ludoturris.lt\/","name":"Ludo Turris","description":"K\u016brybi\u0161kum\u0105 ir fantazij\u0105 lavinan\u010dios kalad\u0117l\u0117s","publisher":{"@id":"https:\/\/www.ludoturris.lt\/#organization"},"potentialAction":[{"@type":"SearchAction","target":{"@type":"EntryPoint","urlTemplate":"https:\/\/www.ludoturris.lt\/?s={search_term_string}"},"query-input":"required name=search_term_string"}],"inLanguage":"en-GB"},{"@type":"Organization","@id":"https:\/\/www.ludoturris.lt\/#organization","name":"Ludo Turris \u2013 Vakar\u0173 gama, UAB","url":"https:\/\/www.ludoturris.lt\/","logo":{"@type":"ImageObject","inLanguage":"en-GB","@id":"https:\/\/www.ludoturris.lt\/#\/schema\/logo\/image\/","url":"https:\/\/www.ludoturris.lt\/wp-content\/uploads\/2020\/10\/logo@2x.png","contentUrl":"https:\/\/www.ludoturris.lt\/wp-content\/uploads\/2020\/10\/logo@2x.png","width":300,"height":147,"caption":"Ludo Turris \u2013 Vakar\u0173 gama, UAB"},"image":{"@id":"https:\/\/www.ludoturris.lt\/#\/schema\/logo\/image\/"},"sameAs":["https:\/\/www.facebook.com\/Ludo-Turris-621921974895920\/","https:\/\/www.youtube.com\/channel\/UCuBACq67N1NGC9LVudo4ngw"]}]}},"uagb_featured_image_src":{"full":["https:\/\/www.ludoturris.lt\/wp-content\/uploads\/2025\/10\/PP104.png",900,900,false],"thumbnail":["https:\/\/www.ludoturris.lt\/wp-content\/uploads\/2025\/10\/PP104-150x150.png",150,150,true],"medium":["https:\/\/www.ludoturris.lt\/wp-content\/uploads\/2025\/10\/PP104-300x300.png",300,300,true],"medium_large":["https:\/\/www.ludoturris.lt\/wp-content\/uploads\/2025\/10\/PP104-768x768.png",768,768,true],"large":["https:\/\/www.ludoturris.lt\/wp-content\/uploads\/2025\/10\/PP104.png",900,900,false],"1536x1536":["https:\/\/www.ludoturris.lt\/wp-content\/uploads\/2025\/10\/PP104.png",900,900,false],"2048x2048":["https:\/\/www.ludoturris.lt\/wp-content\/uploads\/2025\/10\/PP104.png",900,900,false],"trp-custom-language-flag":["https:\/\/www.ludoturris.lt\/wp-content\/uploads\/2025\/10\/PP104-12x12.png",12,12,true],"woocommerce_thumbnail":["https:\/\/www.ludoturris.lt\/wp-content\/uploads\/2025\/10\/PP104-300x300.png",300,300,true],"woocommerce_single":["https:\/\/www.ludoturris.lt\/wp-content\/uploads\/2025\/10\/PP104-600x600.png",600,600,true],"woocommerce_gallery_thumbnail":["https:\/\/www.ludoturris.lt\/wp-content\/uploads\/2025\/10\/PP104-100x100.png",100,100,true],"variation_swatches_image_size":["https:\/\/www.ludoturris.lt\/wp-content\/uploads\/2025\/10\/PP104-50x50.png",50,50,true],"variation_swatches_tooltip_size":["https:\/\/www.ludoturris.lt\/wp-content\/uploads\/2025\/10\/PP104-100x100.png",100,100,true],"dgwt-wcas-product-suggestion":["https:\/\/www.ludoturris.lt\/wp-content\/uploads\/2025\/10\/PP104.png",64,64,false]},"uagb_author_info":{"display_name":"LudoTurris","author_link":"https:\/\/www.ludoturris.lt\/en\/author\/"},"uagb_comment_info":0,"uagb_excerpt":"\u0160i klozeto s\u0117dyn\u0117 yra puikus sprendimas ma\u017eyliams, besimokantiems savaranki\u0161kai naudotis klozetu. Ji pasi\u017eymi patvaria, lengvai valoma konstrukcija ir mink\u0161ta pagalv\u0117le. Dangtis turi patogias rankenas ir neslystan\u010dius pamink\u0161tinimus, u\u017etikrinan\u010dius saugum\u0105 ir komfort\u0105. Universalus dydis tinka vis\u0173 tip\u0173 klozetams, o i\u0161traukiami elementai u\u017etikrina saug\u0173 prigludim\u0105. Be to, unikalus gaminio dizainas ir forma daro j\u012f patraukl\u0173 vaikams, skatindami&hellip;","_links":{"self":[{"href":"https:\/\/www.ludoturris.lt\/en\/wp-json\/wp\/v2\/product\/5298"}],"collection":[{"href":"https:\/\/www.ludoturris.lt\/en\/wp-json\/wp\/v2\/product"}],"about":[{"href":"https:\/\/www.ludoturris.lt\/en\/wp-json\/wp\/v2\/types\/product"}],"wp:featuredmedia":[{"embeddable":true,"href":"https:\/\/www.ludoturris.lt\/en\/wp-json\/wp\/v2\/media\/5301"}],"wp:attachment":[{"href":"https:\/\/www.ludoturris.lt\/en\/wp-json\/wp\/v2\/media?parent=5298"}],"wp:term":[{"taxonomy":"product_cat","embeddable":true,"href":"https:\/\/www.ludoturris.lt\/en\/wp-json\/wp\/v2\/product_cat?post=5298"},{"taxonomy":"product_tag","embeddable":true,"href":"https:\/\/www.ludoturris.lt\/en\/wp-json\/wp\/v2\/product_tag?post=5298"}],"curies":[{"name":"wp","href":"https:\/\/api.w.org\/{rel}","templated":true}]}}