{"id":5288,"date":"2025-10-26T12:54:27","date_gmt":"2025-10-26T14:54:27","guid":{"rendered":"https:\/\/www.ludoturris.lt\/?post_type=product&#038;p=5288"},"modified":"2026-02-10T06:18:07","modified_gmt":"2026-02-10T08:18:07","slug":"vaiku-baldu-komplektas-zirafa","status":"publish","type":"product","link":"https:\/\/www.ludoturris.lt\/en\/product\/vaiku-baldu-komplektas-zirafa\/","title":{"rendered":"Vaik\u0173 bald\u0173 komplektas &#8220;\u017dirafa&#8221;"},"content":{"rendered":"<p>Bald\u0173 komplekt\u0105 \u201c\u017dirafa\u201d sudaro stalas ir dvi k\u0117d\u0117s su \u017eirafos formos atlo\u0161ais.  Matmenys stalo 50x50x44cm, k\u0117d\u017ei\u0173 24x24x57cm. Jis idealiai tinka \u017eaisti, mokintis, poilsiui namuose, ar ikimokyklinio am\u017eiaus vaik\u0173 grup\u0117se. D\u0117l patvarios medienos ir MDF panaudojimo visas komplektas yra stabilus ir patvarus. Stalas turi plat\u0173 stalvir\u0161\u012f, kuriame yra daug vietos pie\u0161imui, kalad\u0117li\u0173 d\u0117jimui ir kitai k\u016brybinei veiklai. Suapvalinti kra\u0161tai padidina saugum\u0105, apsaugodami vaikus nuo atsitiktini\u0173 sm\u016bgi\u0173. Bald\u0173 auk\u0161tis pritaikytas prie ma\u017eiausio vaiko \u016bgio, o tai teigiamai veikia komfort\u0105 ir taisykling\u0105 s\u0117d\u0117jimo laikysen\u0105.<\/p>","protected":false},"excerpt":{"rendered":"<p>Bald\u0173 komplekt\u0105 \u201c\u017dirafa\u201d sudaro stalas ir dvi k\u0117d\u0117s su \u017eirafos formos atlo\u0161ais. Matmenys stalo 50x50x44cm, k\u0117d\u017ei\u0173 24x24x57cm. Jis idealiai tinka \u017eaisti, mokintis, poilsiui namuose, ar ikimokyklinio am\u017eiaus vaik\u0173 grup\u0117se. D\u0117l patvarios medienos ir MDF panaudojimo visas komplektas yra stabilus ir patvarus. Stalas turi plat\u0173 stalvir\u0161\u012f, kuriame yra daug vietos pie\u0161imui, kalad\u0117li\u0173 d\u0117jimui ir kitai k\u016brybinei &hellip;<\/p>\n<p class=\"read-more\"> <a class=\"\" href=\"https:\/\/www.ludoturris.lt\/en\/product\/vaiku-baldu-komplektas-zirafa\/\"> <span class=\"screen-reader-text\">Vaik\u0173 bald\u0173 komplektas &#8220;\u017dirafa&#8221;<\/span> Read More &raquo;<\/a><\/p>","protected":false},"featured_media":5289,"template":"","meta":{"_uag_custom_page_level_css":"","_themeisle_gutenberg_block_has_review":false},"product_cat":[95,92,69,96],"product_tag":[],"yoast_head":"<!-- This site is optimized with the Yoast SEO plugin v21.1 - https:\/\/yoast.com\/wordpress\/plugins\/seo\/ -->\n<title>Vaik\u0173 bald\u0173 komplektas &quot;\u017dirafa&quot; - Ludo Turris<\/title>\n<meta name=\"description\" content=\"Vaiki\u0161kas bald\u0173 komplektas \u201e\u017dirafa\u201c \u2013 stilingas, saugus ir funkcionalus pasirinkimas vaik\u0173 kambariui. Sukurkite jauki\u0105 ir \u017eaisming\u0105 erdv\u0119 savo ma\u017eyliui!\" \/>\n<meta name=\"robots\" content=\"index, follow, max-snippet:-1, max-image-preview:large, max-video-preview:-1\" \/>\n<link rel=\"canonical\" href=\"https:\/\/www.ludoturris.lt\/en\/product\/vaiku-baldu-komplektas-zirafa\/\" \/>\n<meta property=\"og:locale\" content=\"en_GB\" \/>\n<meta property=\"og:type\" content=\"article\" \/>\n<meta property=\"og:title\" content=\"Vaik\u0173 bald\u0173 komplektas &quot;\u017dirafa&quot; - Ludo Turris\" \/>\n<meta property=\"og:description\" content=\"Vaiki\u0161kas bald\u0173 komplektas \u201e\u017dirafa\u201c \u2013 stilingas, saugus ir funkcionalus pasirinkimas vaik\u0173 kambariui. Sukurkite jauki\u0105 ir \u017eaisming\u0105 erdv\u0119 savo ma\u017eyliui!\" \/>\n<meta property=\"og:url\" content=\"https:\/\/www.ludoturris.lt\/en\/product\/vaiku-baldu-komplektas-zirafa\/\" \/>\n<meta property=\"og:site_name\" content=\"Ludo Turris\" \/>\n<meta property=\"article:publisher\" content=\"https:\/\/www.facebook.com\/Ludo-Turris-621921974895920\/\" \/>\n<meta property=\"article:modified_time\" content=\"2026-02-10T08:18:07+00:00\" \/>\n<meta property=\"og:image\" content=\"https:\/\/www.ludoturris.lt\/wp-content\/uploads\/2025\/10\/6162-1.png\" \/>\n\t<meta property=\"og:image:width\" content=\"800\" \/>\n\t<meta property=\"og:image:height\" content=\"800\" \/>\n\t<meta property=\"og:image:type\" content=\"image\/png\" \/>\n<meta name=\"twitter:card\" content=\"summary_large_image\" \/>\n<meta name=\"twitter:label1\" content=\"Estimated reading time\" \/>\n\t<meta name=\"twitter:data1\" content=\"1 minute\" \/>\n<script type=\"application\/ld+json\" class=\"yoast-schema-graph\">{\"@context\":\"https:\/\/schema.org\",\"@graph\":[{\"@type\":\"WebPage\",\"@id\":\"https:\/\/www.ludoturris.lt\/produktas\/vaiku-baldu-komplektas-zirafa\/\",\"url\":\"https:\/\/www.ludoturris.lt\/produktas\/vaiku-baldu-komplektas-zirafa\/\",\"name\":\"Vaik\u0173 bald\u0173 komplektas \\\"\u017dirafa\\\" - Ludo Turris\",\"isPartOf\":{\"@id\":\"https:\/\/www.ludoturris.lt\/#website\"},\"datePublished\":\"2025-10-26T14:54:27+00:00\",\"dateModified\":\"2026-02-10T08:18:07+00:00\",\"description\":\"Vaiki\u0161kas bald\u0173 komplektas \u201e\u017dirafa\u201c \u2013 stilingas, saugus ir funkcionalus pasirinkimas vaik\u0173 kambariui. Sukurkite jauki\u0105 ir \u017eaisming\u0105 erdv\u0119 savo ma\u017eyliui!\",\"breadcrumb\":{\"@id\":\"https:\/\/www.ludoturris.lt\/produktas\/vaiku-baldu-komplektas-zirafa\/#breadcrumb\"},\"inLanguage\":\"en-GB\",\"potentialAction\":[{\"@type\":\"ReadAction\",\"target\":[\"https:\/\/www.ludoturris.lt\/produktas\/vaiku-baldu-komplektas-zirafa\/\"]}]},{\"@type\":\"BreadcrumbList\",\"@id\":\"https:\/\/www.ludoturris.lt\/produktas\/vaiku-baldu-komplektas-zirafa\/#breadcrumb\",\"itemListElement\":[{\"@type\":\"ListItem\",\"position\":1,\"name\":\"Home\",\"item\":\"https:\/\/www.ludoturris.lt\/\"},{\"@type\":\"ListItem\",\"position\":2,\"name\":\"Parduotuv\u0117\",\"item\":\"https:\/\/www.ludoturris.lt\/parduotuve\/\"},{\"@type\":\"ListItem\",\"position\":3,\"name\":\"Vaik\u0173 bald\u0173 komplektas &#8220;\u017dirafa&#8221;\"}]},{\"@type\":\"WebSite\",\"@id\":\"https:\/\/www.ludoturris.lt\/#website\",\"url\":\"https:\/\/www.ludoturris.lt\/\",\"name\":\"Ludo Turris\",\"description\":\"K\u016brybi\u0161kum\u0105 ir fantazij\u0105 lavinan\u010dios kalad\u0117l\u0117s\",\"publisher\":{\"@id\":\"https:\/\/www.ludoturris.lt\/#organization\"},\"potentialAction\":[{\"@type\":\"SearchAction\",\"target\":{\"@type\":\"EntryPoint\",\"urlTemplate\":\"https:\/\/www.ludoturris.lt\/?s={search_term_string}\"},\"query-input\":\"required name=search_term_string\"}],\"inLanguage\":\"en-GB\"},{\"@type\":\"Organization\",\"@id\":\"https:\/\/www.ludoturris.lt\/#organization\",\"name\":\"Ludo Turris \u2013 Vakar\u0173 gama, UAB\",\"url\":\"https:\/\/www.ludoturris.lt\/\",\"logo\":{\"@type\":\"ImageObject\",\"inLanguage\":\"en-GB\",\"@id\":\"https:\/\/www.ludoturris.lt\/#\/schema\/logo\/image\/\",\"url\":\"https:\/\/www.ludoturris.lt\/wp-content\/uploads\/2020\/10\/logo@2x.png\",\"contentUrl\":\"https:\/\/www.ludoturris.lt\/wp-content\/uploads\/2020\/10\/logo@2x.png\",\"width\":300,\"height\":147,\"caption\":\"Ludo Turris \u2013 Vakar\u0173 gama, UAB\"},\"image\":{\"@id\":\"https:\/\/www.ludoturris.lt\/#\/schema\/logo\/image\/\"},\"sameAs\":[\"https:\/\/www.facebook.com\/Ludo-Turris-621921974895920\/\",\"https:\/\/www.youtube.com\/channel\/UCuBACq67N1NGC9LVudo4ngw\"]}]}<\/script>\n<!-- \/ Yoast SEO plugin. -->","yoast_head_json":{"title":"Vaik\u0173 bald\u0173 komplektas \"\u017dirafa\" - Ludo Turris","description":"Vaiki\u0161kas bald\u0173 komplektas \u201e\u017dirafa\u201c \u2013 stilingas, saugus ir funkcionalus pasirinkimas vaik\u0173 kambariui. Sukurkite jauki\u0105 ir \u017eaisming\u0105 erdv\u0119 savo ma\u017eyliui!","robots":{"index":"index","follow":"follow","max-snippet":"max-snippet:-1","max-image-preview":"max-image-preview:large","max-video-preview":"max-video-preview:-1"},"canonical":"https:\/\/www.ludoturris.lt\/en\/product\/vaiku-baldu-komplektas-zirafa\/","og_locale":"en_GB","og_type":"article","og_title":"Vaik\u0173 bald\u0173 komplektas \"\u017dirafa\" - Ludo Turris","og_description":"Vaiki\u0161kas bald\u0173 komplektas \u201e\u017dirafa\u201c \u2013 stilingas, saugus ir funkcionalus pasirinkimas vaik\u0173 kambariui. Sukurkite jauki\u0105 ir \u017eaisming\u0105 erdv\u0119 savo ma\u017eyliui!","og_url":"https:\/\/www.ludoturris.lt\/en\/product\/vaiku-baldu-komplektas-zirafa\/","og_site_name":"Ludo Turris","article_publisher":"https:\/\/www.facebook.com\/Ludo-Turris-621921974895920\/","article_modified_time":"2026-02-10T08:18:07+00:00","og_image":[{"width":800,"height":800,"url":"https:\/\/www.ludoturris.lt\/wp-content\/uploads\/2025\/10\/6162-1.png","type":"image\/png"}],"twitter_card":"summary_large_image","twitter_misc":{"Estimated reading time":"1 minute"},"schema":{"@context":"https:\/\/schema.org","@graph":[{"@type":"WebPage","@id":"https:\/\/www.ludoturris.lt\/produktas\/vaiku-baldu-komplektas-zirafa\/","url":"https:\/\/www.ludoturris.lt\/produktas\/vaiku-baldu-komplektas-zirafa\/","name":"Vaik\u0173 bald\u0173 komplektas \"\u017dirafa\" - Ludo Turris","isPartOf":{"@id":"https:\/\/www.ludoturris.lt\/#website"},"datePublished":"2025-10-26T14:54:27+00:00","dateModified":"2026-02-10T08:18:07+00:00","description":"Vaiki\u0161kas bald\u0173 komplektas \u201e\u017dirafa\u201c \u2013 stilingas, saugus ir funkcionalus pasirinkimas vaik\u0173 kambariui. Sukurkite jauki\u0105 ir \u017eaisming\u0105 erdv\u0119 savo ma\u017eyliui!","breadcrumb":{"@id":"https:\/\/www.ludoturris.lt\/produktas\/vaiku-baldu-komplektas-zirafa\/#breadcrumb"},"inLanguage":"en-GB","potentialAction":[{"@type":"ReadAction","target":["https:\/\/www.ludoturris.lt\/produktas\/vaiku-baldu-komplektas-zirafa\/"]}]},{"@type":"BreadcrumbList","@id":"https:\/\/www.ludoturris.lt\/produktas\/vaiku-baldu-komplektas-zirafa\/#breadcrumb","itemListElement":[{"@type":"ListItem","position":1,"name":"Home","item":"https:\/\/www.ludoturris.lt\/"},{"@type":"ListItem","position":2,"name":"Parduotuv\u0117","item":"https:\/\/www.ludoturris.lt\/parduotuve\/"},{"@type":"ListItem","position":3,"name":"Vaik\u0173 bald\u0173 komplektas &#8220;\u017dirafa&#8221;"}]},{"@type":"WebSite","@id":"https:\/\/www.ludoturris.lt\/#website","url":"https:\/\/www.ludoturris.lt\/","name":"Ludo Turris","description":"K\u016brybi\u0161kum\u0105 ir fantazij\u0105 lavinan\u010dios kalad\u0117l\u0117s","publisher":{"@id":"https:\/\/www.ludoturris.lt\/#organization"},"potentialAction":[{"@type":"SearchAction","target":{"@type":"EntryPoint","urlTemplate":"https:\/\/www.ludoturris.lt\/?s={search_term_string}"},"query-input":"required name=search_term_string"}],"inLanguage":"en-GB"},{"@type":"Organization","@id":"https:\/\/www.ludoturris.lt\/#organization","name":"Ludo Turris \u2013 Vakar\u0173 gama, UAB","url":"https:\/\/www.ludoturris.lt\/","logo":{"@type":"ImageObject","inLanguage":"en-GB","@id":"https:\/\/www.ludoturris.lt\/#\/schema\/logo\/image\/","url":"https:\/\/www.ludoturris.lt\/wp-content\/uploads\/2020\/10\/logo@2x.png","contentUrl":"https:\/\/www.ludoturris.lt\/wp-content\/uploads\/2020\/10\/logo@2x.png","width":300,"height":147,"caption":"Ludo Turris \u2013 Vakar\u0173 gama, UAB"},"image":{"@id":"https:\/\/www.ludoturris.lt\/#\/schema\/logo\/image\/"},"sameAs":["https:\/\/www.facebook.com\/Ludo-Turris-621921974895920\/","https:\/\/www.youtube.com\/channel\/UCuBACq67N1NGC9LVudo4ngw"]}]}},"uagb_featured_image_src":{"full":["https:\/\/www.ludoturris.lt\/wp-content\/uploads\/2025\/10\/6162-1.png",800,800,false],"thumbnail":["https:\/\/www.ludoturris.lt\/wp-content\/uploads\/2025\/10\/6162-1-150x150.png",150,150,true],"medium":["https:\/\/www.ludoturris.lt\/wp-content\/uploads\/2025\/10\/6162-1-300x300.png",300,300,true],"medium_large":["https:\/\/www.ludoturris.lt\/wp-content\/uploads\/2025\/10\/6162-1-768x768.png",768,768,true],"large":["https:\/\/www.ludoturris.lt\/wp-content\/uploads\/2025\/10\/6162-1.png",800,800,false],"1536x1536":["https:\/\/www.ludoturris.lt\/wp-content\/uploads\/2025\/10\/6162-1.png",800,800,false],"2048x2048":["https:\/\/www.ludoturris.lt\/wp-content\/uploads\/2025\/10\/6162-1.png",800,800,false],"trp-custom-language-flag":["https:\/\/www.ludoturris.lt\/wp-content\/uploads\/2025\/10\/6162-1-12x12.png",12,12,true],"woocommerce_thumbnail":["https:\/\/www.ludoturris.lt\/wp-content\/uploads\/2025\/10\/6162-1-300x300.png",300,300,true],"woocommerce_single":["https:\/\/www.ludoturris.lt\/wp-content\/uploads\/2025\/10\/6162-1-600x600.png",600,600,true],"woocommerce_gallery_thumbnail":["https:\/\/www.ludoturris.lt\/wp-content\/uploads\/2025\/10\/6162-1-100x100.png",100,100,true],"variation_swatches_image_size":["https:\/\/www.ludoturris.lt\/wp-content\/uploads\/2025\/10\/6162-1-50x50.png",50,50,true],"variation_swatches_tooltip_size":["https:\/\/www.ludoturris.lt\/wp-content\/uploads\/2025\/10\/6162-1-100x100.png",100,100,true],"dgwt-wcas-product-suggestion":["https:\/\/www.ludoturris.lt\/wp-content\/uploads\/2025\/10\/6162-1.png",64,64,false]},"uagb_author_info":{"display_name":"LudoTurris","author_link":"https:\/\/www.ludoturris.lt\/en\/author\/"},"uagb_comment_info":0,"uagb_excerpt":"Bald\u0173 komplekt\u0105 \u201c\u017dirafa\u201d sudaro stalas ir dvi k\u0117d\u0117s su \u017eirafos formos atlo\u0161ais. Matmenys stalo 50x50x44cm, k\u0117d\u017ei\u0173 24x24x57cm. Jis idealiai tinka \u017eaisti, mokintis, poilsiui namuose, ar ikimokyklinio am\u017eiaus vaik\u0173 grup\u0117se. D\u0117l patvarios medienos ir MDF panaudojimo visas komplektas yra stabilus ir patvarus. Stalas turi plat\u0173 stalvir\u0161\u012f, kuriame yra daug vietos pie\u0161imui, kalad\u0117li\u0173 d\u0117jimui ir kitai k\u016brybinei&hellip;","_links":{"self":[{"href":"https:\/\/www.ludoturris.lt\/en\/wp-json\/wp\/v2\/product\/5288"}],"collection":[{"href":"https:\/\/www.ludoturris.lt\/en\/wp-json\/wp\/v2\/product"}],"about":[{"href":"https:\/\/www.ludoturris.lt\/en\/wp-json\/wp\/v2\/types\/product"}],"wp:featuredmedia":[{"embeddable":true,"href":"https:\/\/www.ludoturris.lt\/en\/wp-json\/wp\/v2\/media\/5289"}],"wp:attachment":[{"href":"https:\/\/www.ludoturris.lt\/en\/wp-json\/wp\/v2\/media?parent=5288"}],"wp:term":[{"taxonomy":"product_cat","embeddable":true,"href":"https:\/\/www.ludoturris.lt\/en\/wp-json\/wp\/v2\/product_cat?post=5288"},{"taxonomy":"product_tag","embeddable":true,"href":"https:\/\/www.ludoturris.lt\/en\/wp-json\/wp\/v2\/product_tag?post=5288"}],"curies":[{"name":"wp","href":"https:\/\/api.w.org\/{rel}","templated":true}]}}