{"id":5271,"date":"2025-10-03T10:30:08","date_gmt":"2025-10-03T12:30:08","guid":{"rendered":"https:\/\/www.ludoturris.lt\/?post_type=product&#038;p=5271"},"modified":"2026-02-08T08:17:15","modified_gmt":"2026-02-08T10:17:15","slug":"leliu-namelis-su-mediniu-baldu-komplektu-3-aukstai","status":"publish","type":"product","link":"https:\/\/www.ludoturris.lt\/en\/product\/leliu-namelis-su-mediniu-baldu-komplektu-3-aukstai\/","title":{"rendered":"L\u0117li\u0173 namelis su medini\u0173 bald\u0173 komplektu, 3 auk\u0161tai"},"content":{"rendered":"<p>Rekomenduojamas am\u017eius: nuo 3 met\u0173. Namas pasi\u017eymi saugia konstrukcija ir komplekte yra 10 spalving\u0173 bald\u0173 . Namas susideda i\u0161 trij\u0173 nepriklausom\u0173 auk\u0161t\u0173 ir \u0161e\u0161i\u0173 skirting\u0173 kambari\u0173 , primenan\u010di\u0173 tikrus namus. \u0160is \u017eaislas lavina vaik\u0173 vaizduot\u0119, k\u016brybi\u0161kum\u0105 ir rank\u0173 miklum\u0105. Tai puiki dovanos id\u0117ja vaikui. Nat\u016bralaus med\u017eio konstrukcija suteikia jaukumo ir ilgaam\u017ei\u0161kumo, tod\u0117l \u017eaislas d\u017eiugins ilg\u0105 laik\u0105. Kiekviena mergait\u0117 svajoja \u017eaisti su savo l\u0117l\u0117mis specialiai suprojektuotame name. Namelio matmenys 52,5x28x96cm. <\/p>","protected":false},"excerpt":{"rendered":"<p>Rekomenduojamas am\u017eius: nuo 3 met\u0173. Namas pasi\u017eymi saugia konstrukcija ir komplekte yra 10 spalving\u0173 bald\u0173 . Namas susideda i\u0161 trij\u0173 nepriklausom\u0173 auk\u0161t\u0173 ir \u0161e\u0161i\u0173 skirting\u0173 kambari\u0173 , primenan\u010di\u0173 tikrus namus. \u0160is \u017eaislas lavina vaik\u0173 vaizduot\u0119, k\u016brybi\u0161kum\u0105 ir rank\u0173 miklum\u0105. Tai puiki dovanos id\u0117ja vaikui. Nat\u016bralaus med\u017eio konstrukcija suteikia jaukumo ir ilgaam\u017ei\u0161kumo, tod\u0117l \u017eaislas d\u017eiugins ilg\u0105 &hellip;<\/p>\n<p class=\"read-more\"> <a class=\"\" href=\"https:\/\/www.ludoturris.lt\/en\/product\/leliu-namelis-su-mediniu-baldu-komplektu-3-aukstai\/\"> <span class=\"screen-reader-text\">L\u0117li\u0173 namelis su medini\u0173 bald\u0173 komplektu, 3 auk\u0161tai<\/span> Read More &raquo;<\/a><\/p>","protected":false},"featured_media":5277,"template":"","meta":{"_uag_custom_page_level_css":"","_themeisle_gutenberg_block_has_review":false},"product_cat":[95,92,69,96],"product_tag":[],"yoast_head":"<!-- This site is optimized with the Yoast SEO plugin v21.1 - https:\/\/yoast.com\/wordpress\/plugins\/seo\/ -->\n<title>L\u0117li\u0173 namelis su medini\u0173 bald\u0173 komplektu, 3 auk\u0161tai - Ludo Turris<\/title>\n<meta name=\"description\" content=\"L\u0117li\u0173 namelis su medini\u0173 bald\u0173 komplektu \u2013 3 auk\u0161t\u0173 \u017eaidim\u0173 erdv\u0117 vaikams. Lavina k\u016brybi\u0161kum\u0105, vaizduot\u0119 ir suteikia daug smagi\u0173 vaidmen\u0173 \u017eaidim\u0173.\" \/>\n<meta name=\"robots\" content=\"index, follow, max-snippet:-1, max-image-preview:large, max-video-preview:-1\" \/>\n<link rel=\"canonical\" href=\"https:\/\/www.ludoturris.lt\/en\/product\/leliu-namelis-su-mediniu-baldu-komplektu-3-aukstai\/\" \/>\n<meta property=\"og:locale\" content=\"en_GB\" \/>\n<meta property=\"og:type\" content=\"article\" \/>\n<meta property=\"og:title\" content=\"L\u0117li\u0173 namelis su medini\u0173 bald\u0173 komplektu, 3 auk\u0161tai - Ludo Turris\" \/>\n<meta property=\"og:description\" content=\"L\u0117li\u0173 namelis su medini\u0173 bald\u0173 komplektu \u2013 3 auk\u0161t\u0173 \u017eaidim\u0173 erdv\u0117 vaikams. Lavina k\u016brybi\u0161kum\u0105, vaizduot\u0119 ir suteikia daug smagi\u0173 vaidmen\u0173 \u017eaidim\u0173.\" \/>\n<meta property=\"og:url\" content=\"https:\/\/www.ludoturris.lt\/en\/product\/leliu-namelis-su-mediniu-baldu-komplektu-3-aukstai\/\" \/>\n<meta property=\"og:site_name\" content=\"Ludo Turris\" \/>\n<meta property=\"article:publisher\" content=\"https:\/\/www.facebook.com\/Ludo-Turris-621921974895920\/\" \/>\n<meta property=\"article:modified_time\" content=\"2026-02-08T10:17:15+00:00\" \/>\n<meta property=\"og:image\" content=\"https:\/\/www.ludoturris.lt\/wp-content\/uploads\/2025\/10\/8301-3.png\" \/>\n\t<meta property=\"og:image:width\" content=\"800\" \/>\n\t<meta property=\"og:image:height\" content=\"800\" \/>\n\t<meta property=\"og:image:type\" content=\"image\/png\" \/>\n<meta name=\"twitter:card\" content=\"summary_large_image\" \/>\n<meta name=\"twitter:label1\" content=\"Estimated reading time\" \/>\n\t<meta name=\"twitter:data1\" content=\"1 minute\" \/>\n<script type=\"application\/ld+json\" class=\"yoast-schema-graph\">{\"@context\":\"https:\/\/schema.org\",\"@graph\":[{\"@type\":\"WebPage\",\"@id\":\"https:\/\/www.ludoturris.lt\/produktas\/leliu-namelis-su-mediniu-baldu-komplektu-3-aukstai\/\",\"url\":\"https:\/\/www.ludoturris.lt\/produktas\/leliu-namelis-su-mediniu-baldu-komplektu-3-aukstai\/\",\"name\":\"L\u0117li\u0173 namelis su medini\u0173 bald\u0173 komplektu, 3 auk\u0161tai - Ludo Turris\",\"isPartOf\":{\"@id\":\"https:\/\/www.ludoturris.lt\/#website\"},\"datePublished\":\"2025-10-03T12:30:08+00:00\",\"dateModified\":\"2026-02-08T10:17:15+00:00\",\"description\":\"L\u0117li\u0173 namelis su medini\u0173 bald\u0173 komplektu \u2013 3 auk\u0161t\u0173 \u017eaidim\u0173 erdv\u0117 vaikams. Lavina k\u016brybi\u0161kum\u0105, vaizduot\u0119 ir suteikia daug smagi\u0173 vaidmen\u0173 \u017eaidim\u0173.\",\"breadcrumb\":{\"@id\":\"https:\/\/www.ludoturris.lt\/produktas\/leliu-namelis-su-mediniu-baldu-komplektu-3-aukstai\/#breadcrumb\"},\"inLanguage\":\"en-GB\",\"potentialAction\":[{\"@type\":\"ReadAction\",\"target\":[\"https:\/\/www.ludoturris.lt\/produktas\/leliu-namelis-su-mediniu-baldu-komplektu-3-aukstai\/\"]}]},{\"@type\":\"BreadcrumbList\",\"@id\":\"https:\/\/www.ludoturris.lt\/produktas\/leliu-namelis-su-mediniu-baldu-komplektu-3-aukstai\/#breadcrumb\",\"itemListElement\":[{\"@type\":\"ListItem\",\"position\":1,\"name\":\"Home\",\"item\":\"https:\/\/www.ludoturris.lt\/\"},{\"@type\":\"ListItem\",\"position\":2,\"name\":\"Parduotuv\u0117\",\"item\":\"https:\/\/www.ludoturris.lt\/parduotuve\/\"},{\"@type\":\"ListItem\",\"position\":3,\"name\":\"L\u0117li\u0173 namelis su medini\u0173 bald\u0173 komplektu, 3 auk\u0161tai\"}]},{\"@type\":\"WebSite\",\"@id\":\"https:\/\/www.ludoturris.lt\/#website\",\"url\":\"https:\/\/www.ludoturris.lt\/\",\"name\":\"Ludo Turris\",\"description\":\"K\u016brybi\u0161kum\u0105 ir fantazij\u0105 lavinan\u010dios kalad\u0117l\u0117s\",\"publisher\":{\"@id\":\"https:\/\/www.ludoturris.lt\/#organization\"},\"potentialAction\":[{\"@type\":\"SearchAction\",\"target\":{\"@type\":\"EntryPoint\",\"urlTemplate\":\"https:\/\/www.ludoturris.lt\/?s={search_term_string}\"},\"query-input\":\"required name=search_term_string\"}],\"inLanguage\":\"en-GB\"},{\"@type\":\"Organization\",\"@id\":\"https:\/\/www.ludoturris.lt\/#organization\",\"name\":\"Ludo Turris \u2013 Vakar\u0173 gama, UAB\",\"url\":\"https:\/\/www.ludoturris.lt\/\",\"logo\":{\"@type\":\"ImageObject\",\"inLanguage\":\"en-GB\",\"@id\":\"https:\/\/www.ludoturris.lt\/#\/schema\/logo\/image\/\",\"url\":\"https:\/\/www.ludoturris.lt\/wp-content\/uploads\/2020\/10\/logo@2x.png\",\"contentUrl\":\"https:\/\/www.ludoturris.lt\/wp-content\/uploads\/2020\/10\/logo@2x.png\",\"width\":300,\"height\":147,\"caption\":\"Ludo Turris \u2013 Vakar\u0173 gama, UAB\"},\"image\":{\"@id\":\"https:\/\/www.ludoturris.lt\/#\/schema\/logo\/image\/\"},\"sameAs\":[\"https:\/\/www.facebook.com\/Ludo-Turris-621921974895920\/\",\"https:\/\/www.youtube.com\/channel\/UCuBACq67N1NGC9LVudo4ngw\"]}]}<\/script>\n<!-- \/ Yoast SEO plugin. -->","yoast_head_json":{"title":"L\u0117li\u0173 namelis su medini\u0173 bald\u0173 komplektu, 3 auk\u0161tai - Ludo Turris","description":"L\u0117li\u0173 namelis su medini\u0173 bald\u0173 komplektu \u2013 3 auk\u0161t\u0173 \u017eaidim\u0173 erdv\u0117 vaikams. Lavina k\u016brybi\u0161kum\u0105, vaizduot\u0119 ir suteikia daug smagi\u0173 vaidmen\u0173 \u017eaidim\u0173.","robots":{"index":"index","follow":"follow","max-snippet":"max-snippet:-1","max-image-preview":"max-image-preview:large","max-video-preview":"max-video-preview:-1"},"canonical":"https:\/\/www.ludoturris.lt\/en\/product\/leliu-namelis-su-mediniu-baldu-komplektu-3-aukstai\/","og_locale":"en_GB","og_type":"article","og_title":"L\u0117li\u0173 namelis su medini\u0173 bald\u0173 komplektu, 3 auk\u0161tai - Ludo Turris","og_description":"L\u0117li\u0173 namelis su medini\u0173 bald\u0173 komplektu \u2013 3 auk\u0161t\u0173 \u017eaidim\u0173 erdv\u0117 vaikams. Lavina k\u016brybi\u0161kum\u0105, vaizduot\u0119 ir suteikia daug smagi\u0173 vaidmen\u0173 \u017eaidim\u0173.","og_url":"https:\/\/www.ludoturris.lt\/en\/product\/leliu-namelis-su-mediniu-baldu-komplektu-3-aukstai\/","og_site_name":"Ludo Turris","article_publisher":"https:\/\/www.facebook.com\/Ludo-Turris-621921974895920\/","article_modified_time":"2026-02-08T10:17:15+00:00","og_image":[{"width":800,"height":800,"url":"https:\/\/www.ludoturris.lt\/wp-content\/uploads\/2025\/10\/8301-3.png","type":"image\/png"}],"twitter_card":"summary_large_image","twitter_misc":{"Estimated reading time":"1 minute"},"schema":{"@context":"https:\/\/schema.org","@graph":[{"@type":"WebPage","@id":"https:\/\/www.ludoturris.lt\/produktas\/leliu-namelis-su-mediniu-baldu-komplektu-3-aukstai\/","url":"https:\/\/www.ludoturris.lt\/produktas\/leliu-namelis-su-mediniu-baldu-komplektu-3-aukstai\/","name":"L\u0117li\u0173 namelis su medini\u0173 bald\u0173 komplektu, 3 auk\u0161tai - Ludo Turris","isPartOf":{"@id":"https:\/\/www.ludoturris.lt\/#website"},"datePublished":"2025-10-03T12:30:08+00:00","dateModified":"2026-02-08T10:17:15+00:00","description":"L\u0117li\u0173 namelis su medini\u0173 bald\u0173 komplektu \u2013 3 auk\u0161t\u0173 \u017eaidim\u0173 erdv\u0117 vaikams. Lavina k\u016brybi\u0161kum\u0105, vaizduot\u0119 ir suteikia daug smagi\u0173 vaidmen\u0173 \u017eaidim\u0173.","breadcrumb":{"@id":"https:\/\/www.ludoturris.lt\/produktas\/leliu-namelis-su-mediniu-baldu-komplektu-3-aukstai\/#breadcrumb"},"inLanguage":"en-GB","potentialAction":[{"@type":"ReadAction","target":["https:\/\/www.ludoturris.lt\/produktas\/leliu-namelis-su-mediniu-baldu-komplektu-3-aukstai\/"]}]},{"@type":"BreadcrumbList","@id":"https:\/\/www.ludoturris.lt\/produktas\/leliu-namelis-su-mediniu-baldu-komplektu-3-aukstai\/#breadcrumb","itemListElement":[{"@type":"ListItem","position":1,"name":"Home","item":"https:\/\/www.ludoturris.lt\/"},{"@type":"ListItem","position":2,"name":"Parduotuv\u0117","item":"https:\/\/www.ludoturris.lt\/parduotuve\/"},{"@type":"ListItem","position":3,"name":"L\u0117li\u0173 namelis su medini\u0173 bald\u0173 komplektu, 3 auk\u0161tai"}]},{"@type":"WebSite","@id":"https:\/\/www.ludoturris.lt\/#website","url":"https:\/\/www.ludoturris.lt\/","name":"Ludo Turris","description":"K\u016brybi\u0161kum\u0105 ir fantazij\u0105 lavinan\u010dios kalad\u0117l\u0117s","publisher":{"@id":"https:\/\/www.ludoturris.lt\/#organization"},"potentialAction":[{"@type":"SearchAction","target":{"@type":"EntryPoint","urlTemplate":"https:\/\/www.ludoturris.lt\/?s={search_term_string}"},"query-input":"required name=search_term_string"}],"inLanguage":"en-GB"},{"@type":"Organization","@id":"https:\/\/www.ludoturris.lt\/#organization","name":"Ludo Turris \u2013 Vakar\u0173 gama, UAB","url":"https:\/\/www.ludoturris.lt\/","logo":{"@type":"ImageObject","inLanguage":"en-GB","@id":"https:\/\/www.ludoturris.lt\/#\/schema\/logo\/image\/","url":"https:\/\/www.ludoturris.lt\/wp-content\/uploads\/2020\/10\/logo@2x.png","contentUrl":"https:\/\/www.ludoturris.lt\/wp-content\/uploads\/2020\/10\/logo@2x.png","width":300,"height":147,"caption":"Ludo Turris \u2013 Vakar\u0173 gama, UAB"},"image":{"@id":"https:\/\/www.ludoturris.lt\/#\/schema\/logo\/image\/"},"sameAs":["https:\/\/www.facebook.com\/Ludo-Turris-621921974895920\/","https:\/\/www.youtube.com\/channel\/UCuBACq67N1NGC9LVudo4ngw"]}]}},"uagb_featured_image_src":{"full":["https:\/\/www.ludoturris.lt\/wp-content\/uploads\/2025\/10\/8301-3.png",800,800,false],"thumbnail":["https:\/\/www.ludoturris.lt\/wp-content\/uploads\/2025\/10\/8301-3-150x150.png",150,150,true],"medium":["https:\/\/www.ludoturris.lt\/wp-content\/uploads\/2025\/10\/8301-3-300x300.png",300,300,true],"medium_large":["https:\/\/www.ludoturris.lt\/wp-content\/uploads\/2025\/10\/8301-3-768x768.png",768,768,true],"large":["https:\/\/www.ludoturris.lt\/wp-content\/uploads\/2025\/10\/8301-3.png",800,800,false],"1536x1536":["https:\/\/www.ludoturris.lt\/wp-content\/uploads\/2025\/10\/8301-3.png",800,800,false],"2048x2048":["https:\/\/www.ludoturris.lt\/wp-content\/uploads\/2025\/10\/8301-3.png",800,800,false],"trp-custom-language-flag":["https:\/\/www.ludoturris.lt\/wp-content\/uploads\/2025\/10\/8301-3-12x12.png",12,12,true],"woocommerce_thumbnail":["https:\/\/www.ludoturris.lt\/wp-content\/uploads\/2025\/10\/8301-3-300x300.png",300,300,true],"woocommerce_single":["https:\/\/www.ludoturris.lt\/wp-content\/uploads\/2025\/10\/8301-3-600x600.png",600,600,true],"woocommerce_gallery_thumbnail":["https:\/\/www.ludoturris.lt\/wp-content\/uploads\/2025\/10\/8301-3-100x100.png",100,100,true],"variation_swatches_image_size":["https:\/\/www.ludoturris.lt\/wp-content\/uploads\/2025\/10\/8301-3-50x50.png",50,50,true],"variation_swatches_tooltip_size":["https:\/\/www.ludoturris.lt\/wp-content\/uploads\/2025\/10\/8301-3-100x100.png",100,100,true],"dgwt-wcas-product-suggestion":["https:\/\/www.ludoturris.lt\/wp-content\/uploads\/2025\/10\/8301-3.png",64,64,false]},"uagb_author_info":{"display_name":"LudoTurris","author_link":"https:\/\/www.ludoturris.lt\/en\/author\/"},"uagb_comment_info":0,"uagb_excerpt":"Rekomenduojamas am\u017eius: nuo 3 met\u0173. Namas pasi\u017eymi saugia konstrukcija ir komplekte yra 10 spalving\u0173 bald\u0173 . Namas susideda i\u0161 trij\u0173 nepriklausom\u0173 auk\u0161t\u0173 ir \u0161e\u0161i\u0173 skirting\u0173 kambari\u0173 , primenan\u010di\u0173 tikrus namus. \u0160is \u017eaislas lavina vaik\u0173 vaizduot\u0119, k\u016brybi\u0161kum\u0105 ir rank\u0173 miklum\u0105. Tai puiki dovanos id\u0117ja vaikui. Nat\u016bralaus med\u017eio konstrukcija suteikia jaukumo ir ilgaam\u017ei\u0161kumo, tod\u0117l \u017eaislas d\u017eiugins ilg\u0105&hellip;","_links":{"self":[{"href":"https:\/\/www.ludoturris.lt\/en\/wp-json\/wp\/v2\/product\/5271"}],"collection":[{"href":"https:\/\/www.ludoturris.lt\/en\/wp-json\/wp\/v2\/product"}],"about":[{"href":"https:\/\/www.ludoturris.lt\/en\/wp-json\/wp\/v2\/types\/product"}],"wp:featuredmedia":[{"embeddable":true,"href":"https:\/\/www.ludoturris.lt\/en\/wp-json\/wp\/v2\/media\/5277"}],"wp:attachment":[{"href":"https:\/\/www.ludoturris.lt\/en\/wp-json\/wp\/v2\/media?parent=5271"}],"wp:term":[{"taxonomy":"product_cat","embeddable":true,"href":"https:\/\/www.ludoturris.lt\/en\/wp-json\/wp\/v2\/product_cat?post=5271"},{"taxonomy":"product_tag","embeddable":true,"href":"https:\/\/www.ludoturris.lt\/en\/wp-json\/wp\/v2\/product_tag?post=5271"}],"curies":[{"name":"wp","href":"https:\/\/api.w.org\/{rel}","templated":true}]}}