{"id":5243,"date":"2025-09-28T05:15:34","date_gmt":"2025-09-28T07:15:34","guid":{"rendered":"https:\/\/www.ludoturris.lt\/?post_type=product&#038;p=5243"},"modified":"2026-02-08T08:09:51","modified_gmt":"2026-02-08T10:09:51","slug":"didelis-medinis-vaikiskas-prekystalis","status":"publish","type":"product","link":"https:\/\/www.ludoturris.lt\/en\/product\/didelis-medinis-vaikiskas-prekystalis\/","title":{"rendered":"Didelis medinis vaiki\u0161kas prekystalis"},"content":{"rendered":"<p>Rekomenduojamas am\u017eius: nuo 3 met\u0173. Medinis prekystalis vaikams yra k\u016brybingas, lavinamasis \u017eaislas kuris lavina vaizduot\u0119, socialinius \u012fg\u016bd\u017eius \u017eaismingai \u017eaid\u017eiant parduotuv\u0119. Pagamintas i\u0161 patvarios, saugiai da\u017eytos medienos, jis susideda i\u0161 20 detali\u0173, \u012fskaitant kasos aparat\u0105 su terminalu ir svarstykl\u0117mis, suteikia realisti\u0161kumo. Rinkin\u012f sudaro spalvingos dar\u017eov\u0117s, vaisiai ir maisto produktai, tokie kaip sultys, uogien\u0117s, pienas ir prieskoniai puikiai tinka mokytis pavadinim\u0173 ir spalv\u0173. Laikrodis ir kreidin\u0117 lenta papildo funkcionalum\u0105. Puikiai tinka naudoti namuose, dar\u017eelyje, \u017eaidim\u0173 kambaryje, skatina vaidmen\u0173 \u017eaidimus. Matmenys 45,0&#215;30,x93,5cm.<\/p>","protected":false},"excerpt":{"rendered":"<p>Rekomenduojamas am\u017eius: nuo 3 met\u0173. Medinis prekystalis vaikams yra k\u016brybingas, lavinamasis \u017eaislas kuris lavina vaizduot\u0119, socialinius \u012fg\u016bd\u017eius \u017eaismingai \u017eaid\u017eiant parduotuv\u0119. Pagamintas i\u0161 patvarios, saugiai da\u017eytos medienos, jis susideda i\u0161 20 detali\u0173, \u012fskaitant kasos aparat\u0105 su terminalu ir svarstykl\u0117mis, suteikia realisti\u0161kumo. Rinkin\u012f sudaro spalvingos dar\u017eov\u0117s, vaisiai ir maisto produktai, tokie kaip sultys, uogien\u0117s, pienas ir prieskoniai &hellip;<\/p>\n<p class=\"read-more\"> <a class=\"\" href=\"https:\/\/www.ludoturris.lt\/en\/product\/didelis-medinis-vaikiskas-prekystalis\/\"> <span class=\"screen-reader-text\">Didelis medinis vaiki\u0161kas prekystalis<\/span> Read More &raquo;<\/a><\/p>","protected":false},"featured_media":5244,"template":"","meta":{"_uag_custom_page_level_css":"","_themeisle_gutenberg_block_has_review":false},"product_cat":[95,92,69,96],"product_tag":[],"yoast_head":"<!-- This site is optimized with the Yoast SEO plugin v21.1 - https:\/\/yoast.com\/wordpress\/plugins\/seo\/ -->\n<title>Didelis medinis vaiki\u0161kas prekystalis - Ludo Turris<\/title>\n<meta name=\"description\" content=\"Didelis medinis vaiki\u0161kas prekystalis lavinamasis \u017eaislas k\u016brybi\u0161kiems parduotuv\u0117s \u017eaidimams. Skatina vaizduot\u0119, socialinius \u012fg\u016bd\u017eius ir vaidmen\u0173 \u017eaidim\u0105.\" \/>\n<meta name=\"robots\" content=\"index, follow, max-snippet:-1, max-image-preview:large, max-video-preview:-1\" \/>\n<link rel=\"canonical\" href=\"https:\/\/www.ludoturris.lt\/en\/product\/didelis-medinis-vaikiskas-prekystalis\/\" \/>\n<meta property=\"og:locale\" content=\"en_GB\" \/>\n<meta property=\"og:type\" content=\"article\" \/>\n<meta property=\"og:title\" content=\"Didelis medinis vaiki\u0161kas prekystalis - Ludo Turris\" \/>\n<meta property=\"og:description\" content=\"Didelis medinis vaiki\u0161kas prekystalis lavinamasis \u017eaislas k\u016brybi\u0161kiems parduotuv\u0117s \u017eaidimams. Skatina vaizduot\u0119, socialinius \u012fg\u016bd\u017eius ir vaidmen\u0173 \u017eaidim\u0105.\" \/>\n<meta property=\"og:url\" content=\"https:\/\/www.ludoturris.lt\/en\/product\/didelis-medinis-vaikiskas-prekystalis\/\" \/>\n<meta property=\"og:site_name\" content=\"Ludo Turris\" \/>\n<meta property=\"article:publisher\" content=\"https:\/\/www.facebook.com\/Ludo-Turris-621921974895920\/\" \/>\n<meta property=\"article:modified_time\" content=\"2026-02-08T10:09:51+00:00\" \/>\n<meta property=\"og:image\" content=\"https:\/\/www.ludoturris.lt\/wp-content\/uploads\/2025\/09\/HM328234-3.png\" \/>\n\t<meta property=\"og:image:width\" content=\"800\" \/>\n\t<meta property=\"og:image:height\" content=\"800\" \/>\n\t<meta property=\"og:image:type\" content=\"image\/png\" \/>\n<meta name=\"twitter:card\" content=\"summary_large_image\" \/>\n<meta name=\"twitter:label1\" content=\"Estimated reading time\" \/>\n\t<meta name=\"twitter:data1\" content=\"1 minute\" \/>\n<script type=\"application\/ld+json\" class=\"yoast-schema-graph\">{\"@context\":\"https:\/\/schema.org\",\"@graph\":[{\"@type\":\"WebPage\",\"@id\":\"https:\/\/www.ludoturris.lt\/produktas\/didelis-medinis-vaikiskas-prekystalis\/\",\"url\":\"https:\/\/www.ludoturris.lt\/produktas\/didelis-medinis-vaikiskas-prekystalis\/\",\"name\":\"Didelis medinis vaiki\u0161kas prekystalis - Ludo Turris\",\"isPartOf\":{\"@id\":\"https:\/\/www.ludoturris.lt\/#website\"},\"datePublished\":\"2025-09-28T07:15:34+00:00\",\"dateModified\":\"2026-02-08T10:09:51+00:00\",\"description\":\"Didelis medinis vaiki\u0161kas prekystalis lavinamasis \u017eaislas k\u016brybi\u0161kiems parduotuv\u0117s \u017eaidimams. Skatina vaizduot\u0119, socialinius \u012fg\u016bd\u017eius ir vaidmen\u0173 \u017eaidim\u0105.\",\"breadcrumb\":{\"@id\":\"https:\/\/www.ludoturris.lt\/produktas\/didelis-medinis-vaikiskas-prekystalis\/#breadcrumb\"},\"inLanguage\":\"en-GB\",\"potentialAction\":[{\"@type\":\"ReadAction\",\"target\":[\"https:\/\/www.ludoturris.lt\/produktas\/didelis-medinis-vaikiskas-prekystalis\/\"]}]},{\"@type\":\"BreadcrumbList\",\"@id\":\"https:\/\/www.ludoturris.lt\/produktas\/didelis-medinis-vaikiskas-prekystalis\/#breadcrumb\",\"itemListElement\":[{\"@type\":\"ListItem\",\"position\":1,\"name\":\"Home\",\"item\":\"https:\/\/www.ludoturris.lt\/\"},{\"@type\":\"ListItem\",\"position\":2,\"name\":\"Parduotuv\u0117\",\"item\":\"https:\/\/www.ludoturris.lt\/parduotuve\/\"},{\"@type\":\"ListItem\",\"position\":3,\"name\":\"Didelis medinis vaiki\u0161kas prekystalis\"}]},{\"@type\":\"WebSite\",\"@id\":\"https:\/\/www.ludoturris.lt\/#website\",\"url\":\"https:\/\/www.ludoturris.lt\/\",\"name\":\"Ludo Turris\",\"description\":\"K\u016brybi\u0161kum\u0105 ir fantazij\u0105 lavinan\u010dios kalad\u0117l\u0117s\",\"publisher\":{\"@id\":\"https:\/\/www.ludoturris.lt\/#organization\"},\"potentialAction\":[{\"@type\":\"SearchAction\",\"target\":{\"@type\":\"EntryPoint\",\"urlTemplate\":\"https:\/\/www.ludoturris.lt\/?s={search_term_string}\"},\"query-input\":\"required name=search_term_string\"}],\"inLanguage\":\"en-GB\"},{\"@type\":\"Organization\",\"@id\":\"https:\/\/www.ludoturris.lt\/#organization\",\"name\":\"Ludo Turris \u2013 Vakar\u0173 gama, UAB\",\"url\":\"https:\/\/www.ludoturris.lt\/\",\"logo\":{\"@type\":\"ImageObject\",\"inLanguage\":\"en-GB\",\"@id\":\"https:\/\/www.ludoturris.lt\/#\/schema\/logo\/image\/\",\"url\":\"https:\/\/www.ludoturris.lt\/wp-content\/uploads\/2020\/10\/logo@2x.png\",\"contentUrl\":\"https:\/\/www.ludoturris.lt\/wp-content\/uploads\/2020\/10\/logo@2x.png\",\"width\":300,\"height\":147,\"caption\":\"Ludo Turris \u2013 Vakar\u0173 gama, UAB\"},\"image\":{\"@id\":\"https:\/\/www.ludoturris.lt\/#\/schema\/logo\/image\/\"},\"sameAs\":[\"https:\/\/www.facebook.com\/Ludo-Turris-621921974895920\/\",\"https:\/\/www.youtube.com\/channel\/UCuBACq67N1NGC9LVudo4ngw\"]}]}<\/script>\n<!-- \/ Yoast SEO plugin. -->","yoast_head_json":{"title":"Didelis medinis vaiki\u0161kas prekystalis - Ludo Turris","description":"Didelis medinis vaiki\u0161kas prekystalis lavinamasis \u017eaislas k\u016brybi\u0161kiems parduotuv\u0117s \u017eaidimams. Skatina vaizduot\u0119, socialinius \u012fg\u016bd\u017eius ir vaidmen\u0173 \u017eaidim\u0105.","robots":{"index":"index","follow":"follow","max-snippet":"max-snippet:-1","max-image-preview":"max-image-preview:large","max-video-preview":"max-video-preview:-1"},"canonical":"https:\/\/www.ludoturris.lt\/en\/product\/didelis-medinis-vaikiskas-prekystalis\/","og_locale":"en_GB","og_type":"article","og_title":"Didelis medinis vaiki\u0161kas prekystalis - Ludo Turris","og_description":"Didelis medinis vaiki\u0161kas prekystalis lavinamasis \u017eaislas k\u016brybi\u0161kiems parduotuv\u0117s \u017eaidimams. Skatina vaizduot\u0119, socialinius \u012fg\u016bd\u017eius ir vaidmen\u0173 \u017eaidim\u0105.","og_url":"https:\/\/www.ludoturris.lt\/en\/product\/didelis-medinis-vaikiskas-prekystalis\/","og_site_name":"Ludo Turris","article_publisher":"https:\/\/www.facebook.com\/Ludo-Turris-621921974895920\/","article_modified_time":"2026-02-08T10:09:51+00:00","og_image":[{"width":800,"height":800,"url":"https:\/\/www.ludoturris.lt\/wp-content\/uploads\/2025\/09\/HM328234-3.png","type":"image\/png"}],"twitter_card":"summary_large_image","twitter_misc":{"Estimated reading time":"1 minute"},"schema":{"@context":"https:\/\/schema.org","@graph":[{"@type":"WebPage","@id":"https:\/\/www.ludoturris.lt\/produktas\/didelis-medinis-vaikiskas-prekystalis\/","url":"https:\/\/www.ludoturris.lt\/produktas\/didelis-medinis-vaikiskas-prekystalis\/","name":"Didelis medinis vaiki\u0161kas prekystalis - Ludo Turris","isPartOf":{"@id":"https:\/\/www.ludoturris.lt\/#website"},"datePublished":"2025-09-28T07:15:34+00:00","dateModified":"2026-02-08T10:09:51+00:00","description":"Didelis medinis vaiki\u0161kas prekystalis lavinamasis \u017eaislas k\u016brybi\u0161kiems parduotuv\u0117s \u017eaidimams. Skatina vaizduot\u0119, socialinius \u012fg\u016bd\u017eius ir vaidmen\u0173 \u017eaidim\u0105.","breadcrumb":{"@id":"https:\/\/www.ludoturris.lt\/produktas\/didelis-medinis-vaikiskas-prekystalis\/#breadcrumb"},"inLanguage":"en-GB","potentialAction":[{"@type":"ReadAction","target":["https:\/\/www.ludoturris.lt\/produktas\/didelis-medinis-vaikiskas-prekystalis\/"]}]},{"@type":"BreadcrumbList","@id":"https:\/\/www.ludoturris.lt\/produktas\/didelis-medinis-vaikiskas-prekystalis\/#breadcrumb","itemListElement":[{"@type":"ListItem","position":1,"name":"Home","item":"https:\/\/www.ludoturris.lt\/"},{"@type":"ListItem","position":2,"name":"Parduotuv\u0117","item":"https:\/\/www.ludoturris.lt\/parduotuve\/"},{"@type":"ListItem","position":3,"name":"Didelis medinis vaiki\u0161kas prekystalis"}]},{"@type":"WebSite","@id":"https:\/\/www.ludoturris.lt\/#website","url":"https:\/\/www.ludoturris.lt\/","name":"Ludo Turris","description":"K\u016brybi\u0161kum\u0105 ir fantazij\u0105 lavinan\u010dios kalad\u0117l\u0117s","publisher":{"@id":"https:\/\/www.ludoturris.lt\/#organization"},"potentialAction":[{"@type":"SearchAction","target":{"@type":"EntryPoint","urlTemplate":"https:\/\/www.ludoturris.lt\/?s={search_term_string}"},"query-input":"required name=search_term_string"}],"inLanguage":"en-GB"},{"@type":"Organization","@id":"https:\/\/www.ludoturris.lt\/#organization","name":"Ludo Turris \u2013 Vakar\u0173 gama, UAB","url":"https:\/\/www.ludoturris.lt\/","logo":{"@type":"ImageObject","inLanguage":"en-GB","@id":"https:\/\/www.ludoturris.lt\/#\/schema\/logo\/image\/","url":"https:\/\/www.ludoturris.lt\/wp-content\/uploads\/2020\/10\/logo@2x.png","contentUrl":"https:\/\/www.ludoturris.lt\/wp-content\/uploads\/2020\/10\/logo@2x.png","width":300,"height":147,"caption":"Ludo Turris \u2013 Vakar\u0173 gama, UAB"},"image":{"@id":"https:\/\/www.ludoturris.lt\/#\/schema\/logo\/image\/"},"sameAs":["https:\/\/www.facebook.com\/Ludo-Turris-621921974895920\/","https:\/\/www.youtube.com\/channel\/UCuBACq67N1NGC9LVudo4ngw"]}]}},"uagb_featured_image_src":{"full":["https:\/\/www.ludoturris.lt\/wp-content\/uploads\/2025\/09\/HM328234-3.png",800,800,false],"thumbnail":["https:\/\/www.ludoturris.lt\/wp-content\/uploads\/2025\/09\/HM328234-3-150x150.png",150,150,true],"medium":["https:\/\/www.ludoturris.lt\/wp-content\/uploads\/2025\/09\/HM328234-3-300x300.png",300,300,true],"medium_large":["https:\/\/www.ludoturris.lt\/wp-content\/uploads\/2025\/09\/HM328234-3-768x768.png",768,768,true],"large":["https:\/\/www.ludoturris.lt\/wp-content\/uploads\/2025\/09\/HM328234-3.png",800,800,false],"1536x1536":["https:\/\/www.ludoturris.lt\/wp-content\/uploads\/2025\/09\/HM328234-3.png",800,800,false],"2048x2048":["https:\/\/www.ludoturris.lt\/wp-content\/uploads\/2025\/09\/HM328234-3.png",800,800,false],"trp-custom-language-flag":["https:\/\/www.ludoturris.lt\/wp-content\/uploads\/2025\/09\/HM328234-3-12x12.png",12,12,true],"woocommerce_thumbnail":["https:\/\/www.ludoturris.lt\/wp-content\/uploads\/2025\/09\/HM328234-3-300x300.png",300,300,true],"woocommerce_single":["https:\/\/www.ludoturris.lt\/wp-content\/uploads\/2025\/09\/HM328234-3-600x600.png",600,600,true],"woocommerce_gallery_thumbnail":["https:\/\/www.ludoturris.lt\/wp-content\/uploads\/2025\/09\/HM328234-3-100x100.png",100,100,true],"variation_swatches_image_size":["https:\/\/www.ludoturris.lt\/wp-content\/uploads\/2025\/09\/HM328234-3-50x50.png",50,50,true],"variation_swatches_tooltip_size":["https:\/\/www.ludoturris.lt\/wp-content\/uploads\/2025\/09\/HM328234-3-100x100.png",100,100,true],"dgwt-wcas-product-suggestion":["https:\/\/www.ludoturris.lt\/wp-content\/uploads\/2025\/09\/HM328234-3.png",64,64,false]},"uagb_author_info":{"display_name":"LudoTurris","author_link":"https:\/\/www.ludoturris.lt\/en\/author\/"},"uagb_comment_info":0,"uagb_excerpt":"Rekomenduojamas am\u017eius: nuo 3 met\u0173. Medinis prekystalis vaikams yra k\u016brybingas, lavinamasis \u017eaislas kuris lavina vaizduot\u0119, socialinius \u012fg\u016bd\u017eius \u017eaismingai \u017eaid\u017eiant parduotuv\u0119. Pagamintas i\u0161 patvarios, saugiai da\u017eytos medienos, jis susideda i\u0161 20 detali\u0173, \u012fskaitant kasos aparat\u0105 su terminalu ir svarstykl\u0117mis, suteikia realisti\u0161kumo. Rinkin\u012f sudaro spalvingos dar\u017eov\u0117s, vaisiai ir maisto produktai, tokie kaip sultys, uogien\u0117s, pienas ir prieskoniai&hellip;","_links":{"self":[{"href":"https:\/\/www.ludoturris.lt\/en\/wp-json\/wp\/v2\/product\/5243"}],"collection":[{"href":"https:\/\/www.ludoturris.lt\/en\/wp-json\/wp\/v2\/product"}],"about":[{"href":"https:\/\/www.ludoturris.lt\/en\/wp-json\/wp\/v2\/types\/product"}],"wp:featuredmedia":[{"embeddable":true,"href":"https:\/\/www.ludoturris.lt\/en\/wp-json\/wp\/v2\/media\/5244"}],"wp:attachment":[{"href":"https:\/\/www.ludoturris.lt\/en\/wp-json\/wp\/v2\/media?parent=5243"}],"wp:term":[{"taxonomy":"product_cat","embeddable":true,"href":"https:\/\/www.ludoturris.lt\/en\/wp-json\/wp\/v2\/product_cat?post=5243"},{"taxonomy":"product_tag","embeddable":true,"href":"https:\/\/www.ludoturris.lt\/en\/wp-json\/wp\/v2\/product_tag?post=5243"}],"curies":[{"name":"wp","href":"https:\/\/api.w.org\/{rel}","templated":true}]}}