{"id":5239,"date":"2025-09-28T04:58:45","date_gmt":"2025-09-28T06:58:45","guid":{"rendered":"https:\/\/www.ludoturris.lt\/?post_type=product&#038;p=5239"},"modified":"2026-02-07T06:49:29","modified_gmt":"2026-02-07T08:49:29","slug":"medinis-stalo-futbolo-stalas","status":"publish","type":"product","link":"https:\/\/www.ludoturris.lt\/en\/product\/medinis-stalo-futbolo-stalas\/","title":{"rendered":"Medinis stalo futbolo stalas"},"content":{"rendered":"<p>Rekomenduojamas am\u017eius: nuo 3 met\u0173.  59&#215;32,5&#215;9,5cm dyd\u017eio \u017eaidimas yra dinami\u0161kas ir jame yra pakankamai vietos bent dviem \u017eaid\u0117jams. Stalo konstrukcija yra stabili ir patvari, u\u017etikrinanti ilgalaik\u012f \u017eaidim\u0105. Kiekviena lazda padengta gumine, neslystan\u010dia rankena, kuri pagerina \u017eaidimo kontrol\u0119. Paprasti rezultat\u0173 skaitikliai, esantys vir\u0161 vart\u0173, leid\u017eia realiuoju laiku steb\u0117ti rungtyni\u0173 rezultat\u0105. \u017daidimas lavina koordinacij\u0105, moko komandinio darbo, leid\u017eia greitai reaguoti ir lavinti strateginius \u012fg\u016bd\u017eius. Rinkin\u012f sudaro du kamuoliukai 2,8cm skersmens. Stalo matmenys: 69\u00d735,5x61cm.<\/p>","protected":false},"excerpt":{"rendered":"<p>Rekomenduojamas am\u017eius: nuo 3 met\u0173. 59&#215;32,5&#215;9,5cm dyd\u017eio \u017eaidimas yra dinami\u0161kas ir jame yra pakankamai vietos bent dviem \u017eaid\u0117jams. Stalo konstrukcija yra stabili ir patvari, u\u017etikrinanti ilgalaik\u012f \u017eaidim\u0105. Kiekviena lazda padengta gumine, neslystan\u010dia rankena, kuri pagerina \u017eaidimo kontrol\u0119. Paprasti rezultat\u0173 skaitikliai, esantys vir\u0161 vart\u0173, leid\u017eia realiuoju laiku steb\u0117ti rungtyni\u0173 rezultat\u0105. \u017daidimas lavina koordinacij\u0105, moko komandinio darbo, &hellip;<\/p>\n<p class=\"read-more\"> <a class=\"\" href=\"https:\/\/www.ludoturris.lt\/en\/product\/medinis-stalo-futbolo-stalas\/\"> <span class=\"screen-reader-text\">Medinis stalo futbolo stalas<\/span> Read More &raquo;<\/a><\/p>","protected":false},"featured_media":5242,"template":"","meta":{"_uag_custom_page_level_css":"","_themeisle_gutenberg_block_has_review":false},"product_cat":[95,69,96],"product_tag":[],"yoast_head":"<!-- This site is optimized with the Yoast SEO plugin v21.1 - https:\/\/yoast.com\/wordpress\/plugins\/seo\/ -->\n<title>Medinis stalo futbolo stalas - Ludo Turris<\/title>\n<meta name=\"description\" content=\"Medinis stalo futbolo stalas smagus \u017eaidimas vaikams ir suaugusiems. Kokybi\u0161kas \u017eaislas, puikiai tinkantis \u0161eimos pramogoms ar draug\u0173 var\u017eyboms.\" \/>\n<meta name=\"robots\" content=\"index, follow, max-snippet:-1, max-image-preview:large, max-video-preview:-1\" \/>\n<link rel=\"canonical\" href=\"https:\/\/www.ludoturris.lt\/en\/product\/medinis-stalo-futbolo-stalas\/\" \/>\n<meta property=\"og:locale\" content=\"en_GB\" \/>\n<meta property=\"og:type\" content=\"article\" \/>\n<meta property=\"og:title\" content=\"Medinis stalo futbolo stalas - Ludo Turris\" \/>\n<meta property=\"og:description\" content=\"Medinis stalo futbolo stalas smagus \u017eaidimas vaikams ir suaugusiems. Kokybi\u0161kas \u017eaislas, puikiai tinkantis \u0161eimos pramogoms ar draug\u0173 var\u017eyboms.\" \/>\n<meta property=\"og:url\" content=\"https:\/\/www.ludoturris.lt\/en\/product\/medinis-stalo-futbolo-stalas\/\" \/>\n<meta property=\"og:site_name\" content=\"Ludo Turris\" \/>\n<meta property=\"article:publisher\" content=\"https:\/\/www.facebook.com\/Ludo-Turris-621921974895920\/\" \/>\n<meta property=\"article:modified_time\" content=\"2026-02-07T08:49:29+00:00\" \/>\n<meta property=\"og:image\" content=\"https:\/\/www.ludoturris.lt\/wp-content\/uploads\/2025\/09\/HM237400-1-1.png\" \/>\n\t<meta property=\"og:image:width\" content=\"800\" \/>\n\t<meta property=\"og:image:height\" content=\"800\" \/>\n\t<meta property=\"og:image:type\" content=\"image\/png\" \/>\n<meta name=\"twitter:card\" content=\"summary_large_image\" \/>\n<meta name=\"twitter:label1\" content=\"Estimated reading time\" \/>\n\t<meta name=\"twitter:data1\" content=\"1 minute\" \/>\n<script type=\"application\/ld+json\" class=\"yoast-schema-graph\">{\"@context\":\"https:\/\/schema.org\",\"@graph\":[{\"@type\":\"WebPage\",\"@id\":\"https:\/\/www.ludoturris.lt\/produktas\/medinis-stalo-futbolo-stalas\/\",\"url\":\"https:\/\/www.ludoturris.lt\/produktas\/medinis-stalo-futbolo-stalas\/\",\"name\":\"Medinis stalo futbolo stalas - Ludo Turris\",\"isPartOf\":{\"@id\":\"https:\/\/www.ludoturris.lt\/#website\"},\"datePublished\":\"2025-09-28T06:58:45+00:00\",\"dateModified\":\"2026-02-07T08:49:29+00:00\",\"description\":\"Medinis stalo futbolo stalas smagus \u017eaidimas vaikams ir suaugusiems. Kokybi\u0161kas \u017eaislas, puikiai tinkantis \u0161eimos pramogoms ar draug\u0173 var\u017eyboms.\",\"breadcrumb\":{\"@id\":\"https:\/\/www.ludoturris.lt\/produktas\/medinis-stalo-futbolo-stalas\/#breadcrumb\"},\"inLanguage\":\"en-GB\",\"potentialAction\":[{\"@type\":\"ReadAction\",\"target\":[\"https:\/\/www.ludoturris.lt\/produktas\/medinis-stalo-futbolo-stalas\/\"]}]},{\"@type\":\"BreadcrumbList\",\"@id\":\"https:\/\/www.ludoturris.lt\/produktas\/medinis-stalo-futbolo-stalas\/#breadcrumb\",\"itemListElement\":[{\"@type\":\"ListItem\",\"position\":1,\"name\":\"Home\",\"item\":\"https:\/\/www.ludoturris.lt\/\"},{\"@type\":\"ListItem\",\"position\":2,\"name\":\"Parduotuv\u0117\",\"item\":\"https:\/\/www.ludoturris.lt\/parduotuve\/\"},{\"@type\":\"ListItem\",\"position\":3,\"name\":\"Medinis stalo futbolo stalas\"}]},{\"@type\":\"WebSite\",\"@id\":\"https:\/\/www.ludoturris.lt\/#website\",\"url\":\"https:\/\/www.ludoturris.lt\/\",\"name\":\"Ludo Turris\",\"description\":\"K\u016brybi\u0161kum\u0105 ir fantazij\u0105 lavinan\u010dios kalad\u0117l\u0117s\",\"publisher\":{\"@id\":\"https:\/\/www.ludoturris.lt\/#organization\"},\"potentialAction\":[{\"@type\":\"SearchAction\",\"target\":{\"@type\":\"EntryPoint\",\"urlTemplate\":\"https:\/\/www.ludoturris.lt\/?s={search_term_string}\"},\"query-input\":\"required name=search_term_string\"}],\"inLanguage\":\"en-GB\"},{\"@type\":\"Organization\",\"@id\":\"https:\/\/www.ludoturris.lt\/#organization\",\"name\":\"Ludo Turris \u2013 Vakar\u0173 gama, UAB\",\"url\":\"https:\/\/www.ludoturris.lt\/\",\"logo\":{\"@type\":\"ImageObject\",\"inLanguage\":\"en-GB\",\"@id\":\"https:\/\/www.ludoturris.lt\/#\/schema\/logo\/image\/\",\"url\":\"https:\/\/www.ludoturris.lt\/wp-content\/uploads\/2020\/10\/logo@2x.png\",\"contentUrl\":\"https:\/\/www.ludoturris.lt\/wp-content\/uploads\/2020\/10\/logo@2x.png\",\"width\":300,\"height\":147,\"caption\":\"Ludo Turris \u2013 Vakar\u0173 gama, UAB\"},\"image\":{\"@id\":\"https:\/\/www.ludoturris.lt\/#\/schema\/logo\/image\/\"},\"sameAs\":[\"https:\/\/www.facebook.com\/Ludo-Turris-621921974895920\/\",\"https:\/\/www.youtube.com\/channel\/UCuBACq67N1NGC9LVudo4ngw\"]}]}<\/script>\n<!-- \/ Yoast SEO plugin. -->","yoast_head_json":{"title":"Medinis stalo futbolo stalas - Ludo Turris","description":"Medinis stalo futbolo stalas smagus \u017eaidimas vaikams ir suaugusiems. Kokybi\u0161kas \u017eaislas, puikiai tinkantis \u0161eimos pramogoms ar draug\u0173 var\u017eyboms.","robots":{"index":"index","follow":"follow","max-snippet":"max-snippet:-1","max-image-preview":"max-image-preview:large","max-video-preview":"max-video-preview:-1"},"canonical":"https:\/\/www.ludoturris.lt\/en\/product\/medinis-stalo-futbolo-stalas\/","og_locale":"en_GB","og_type":"article","og_title":"Medinis stalo futbolo stalas - Ludo Turris","og_description":"Medinis stalo futbolo stalas smagus \u017eaidimas vaikams ir suaugusiems. Kokybi\u0161kas \u017eaislas, puikiai tinkantis \u0161eimos pramogoms ar draug\u0173 var\u017eyboms.","og_url":"https:\/\/www.ludoturris.lt\/en\/product\/medinis-stalo-futbolo-stalas\/","og_site_name":"Ludo Turris","article_publisher":"https:\/\/www.facebook.com\/Ludo-Turris-621921974895920\/","article_modified_time":"2026-02-07T08:49:29+00:00","og_image":[{"width":800,"height":800,"url":"https:\/\/www.ludoturris.lt\/wp-content\/uploads\/2025\/09\/HM237400-1-1.png","type":"image\/png"}],"twitter_card":"summary_large_image","twitter_misc":{"Estimated reading time":"1 minute"},"schema":{"@context":"https:\/\/schema.org","@graph":[{"@type":"WebPage","@id":"https:\/\/www.ludoturris.lt\/produktas\/medinis-stalo-futbolo-stalas\/","url":"https:\/\/www.ludoturris.lt\/produktas\/medinis-stalo-futbolo-stalas\/","name":"Medinis stalo futbolo stalas - Ludo Turris","isPartOf":{"@id":"https:\/\/www.ludoturris.lt\/#website"},"datePublished":"2025-09-28T06:58:45+00:00","dateModified":"2026-02-07T08:49:29+00:00","description":"Medinis stalo futbolo stalas smagus \u017eaidimas vaikams ir suaugusiems. Kokybi\u0161kas \u017eaislas, puikiai tinkantis \u0161eimos pramogoms ar draug\u0173 var\u017eyboms.","breadcrumb":{"@id":"https:\/\/www.ludoturris.lt\/produktas\/medinis-stalo-futbolo-stalas\/#breadcrumb"},"inLanguage":"en-GB","potentialAction":[{"@type":"ReadAction","target":["https:\/\/www.ludoturris.lt\/produktas\/medinis-stalo-futbolo-stalas\/"]}]},{"@type":"BreadcrumbList","@id":"https:\/\/www.ludoturris.lt\/produktas\/medinis-stalo-futbolo-stalas\/#breadcrumb","itemListElement":[{"@type":"ListItem","position":1,"name":"Home","item":"https:\/\/www.ludoturris.lt\/"},{"@type":"ListItem","position":2,"name":"Parduotuv\u0117","item":"https:\/\/www.ludoturris.lt\/parduotuve\/"},{"@type":"ListItem","position":3,"name":"Medinis stalo futbolo stalas"}]},{"@type":"WebSite","@id":"https:\/\/www.ludoturris.lt\/#website","url":"https:\/\/www.ludoturris.lt\/","name":"Ludo Turris","description":"K\u016brybi\u0161kum\u0105 ir fantazij\u0105 lavinan\u010dios kalad\u0117l\u0117s","publisher":{"@id":"https:\/\/www.ludoturris.lt\/#organization"},"potentialAction":[{"@type":"SearchAction","target":{"@type":"EntryPoint","urlTemplate":"https:\/\/www.ludoturris.lt\/?s={search_term_string}"},"query-input":"required name=search_term_string"}],"inLanguage":"en-GB"},{"@type":"Organization","@id":"https:\/\/www.ludoturris.lt\/#organization","name":"Ludo Turris \u2013 Vakar\u0173 gama, UAB","url":"https:\/\/www.ludoturris.lt\/","logo":{"@type":"ImageObject","inLanguage":"en-GB","@id":"https:\/\/www.ludoturris.lt\/#\/schema\/logo\/image\/","url":"https:\/\/www.ludoturris.lt\/wp-content\/uploads\/2020\/10\/logo@2x.png","contentUrl":"https:\/\/www.ludoturris.lt\/wp-content\/uploads\/2020\/10\/logo@2x.png","width":300,"height":147,"caption":"Ludo Turris \u2013 Vakar\u0173 gama, UAB"},"image":{"@id":"https:\/\/www.ludoturris.lt\/#\/schema\/logo\/image\/"},"sameAs":["https:\/\/www.facebook.com\/Ludo-Turris-621921974895920\/","https:\/\/www.youtube.com\/channel\/UCuBACq67N1NGC9LVudo4ngw"]}]}},"uagb_featured_image_src":{"full":["https:\/\/www.ludoturris.lt\/wp-content\/uploads\/2025\/09\/HM237400-1-1.png",800,800,false],"thumbnail":["https:\/\/www.ludoturris.lt\/wp-content\/uploads\/2025\/09\/HM237400-1-1-150x150.png",150,150,true],"medium":["https:\/\/www.ludoturris.lt\/wp-content\/uploads\/2025\/09\/HM237400-1-1-300x300.png",300,300,true],"medium_large":["https:\/\/www.ludoturris.lt\/wp-content\/uploads\/2025\/09\/HM237400-1-1-768x768.png",768,768,true],"large":["https:\/\/www.ludoturris.lt\/wp-content\/uploads\/2025\/09\/HM237400-1-1.png",800,800,false],"1536x1536":["https:\/\/www.ludoturris.lt\/wp-content\/uploads\/2025\/09\/HM237400-1-1.png",800,800,false],"2048x2048":["https:\/\/www.ludoturris.lt\/wp-content\/uploads\/2025\/09\/HM237400-1-1.png",800,800,false],"trp-custom-language-flag":["https:\/\/www.ludoturris.lt\/wp-content\/uploads\/2025\/09\/HM237400-1-1-12x12.png",12,12,true],"woocommerce_thumbnail":["https:\/\/www.ludoturris.lt\/wp-content\/uploads\/2025\/09\/HM237400-1-1-300x300.png",300,300,true],"woocommerce_single":["https:\/\/www.ludoturris.lt\/wp-content\/uploads\/2025\/09\/HM237400-1-1-600x600.png",600,600,true],"woocommerce_gallery_thumbnail":["https:\/\/www.ludoturris.lt\/wp-content\/uploads\/2025\/09\/HM237400-1-1-100x100.png",100,100,true],"variation_swatches_image_size":["https:\/\/www.ludoturris.lt\/wp-content\/uploads\/2025\/09\/HM237400-1-1-50x50.png",50,50,true],"variation_swatches_tooltip_size":["https:\/\/www.ludoturris.lt\/wp-content\/uploads\/2025\/09\/HM237400-1-1-100x100.png",100,100,true],"dgwt-wcas-product-suggestion":["https:\/\/www.ludoturris.lt\/wp-content\/uploads\/2025\/09\/HM237400-1-1.png",64,64,false]},"uagb_author_info":{"display_name":"LudoTurris","author_link":"https:\/\/www.ludoturris.lt\/en\/author\/"},"uagb_comment_info":0,"uagb_excerpt":"Rekomenduojamas am\u017eius: nuo 3 met\u0173. 59&#215;32,5&#215;9,5cm dyd\u017eio \u017eaidimas yra dinami\u0161kas ir jame yra pakankamai vietos bent dviem \u017eaid\u0117jams. Stalo konstrukcija yra stabili ir patvari, u\u017etikrinanti ilgalaik\u012f \u017eaidim\u0105. Kiekviena lazda padengta gumine, neslystan\u010dia rankena, kuri pagerina \u017eaidimo kontrol\u0119. Paprasti rezultat\u0173 skaitikliai, esantys vir\u0161 vart\u0173, leid\u017eia realiuoju laiku steb\u0117ti rungtyni\u0173 rezultat\u0105. \u017daidimas lavina koordinacij\u0105, moko komandinio darbo,&hellip;","_links":{"self":[{"href":"https:\/\/www.ludoturris.lt\/en\/wp-json\/wp\/v2\/product\/5239"}],"collection":[{"href":"https:\/\/www.ludoturris.lt\/en\/wp-json\/wp\/v2\/product"}],"about":[{"href":"https:\/\/www.ludoturris.lt\/en\/wp-json\/wp\/v2\/types\/product"}],"wp:featuredmedia":[{"embeddable":true,"href":"https:\/\/www.ludoturris.lt\/en\/wp-json\/wp\/v2\/media\/5242"}],"wp:attachment":[{"href":"https:\/\/www.ludoturris.lt\/en\/wp-json\/wp\/v2\/media?parent=5239"}],"wp:term":[{"taxonomy":"product_cat","embeddable":true,"href":"https:\/\/www.ludoturris.lt\/en\/wp-json\/wp\/v2\/product_cat?post=5239"},{"taxonomy":"product_tag","embeddable":true,"href":"https:\/\/www.ludoturris.lt\/en\/wp-json\/wp\/v2\/product_tag?post=5239"}],"curies":[{"name":"wp","href":"https:\/\/api.w.org\/{rel}","templated":true}]}}