{"id":5237,"date":"2025-09-27T11:30:39","date_gmt":"2025-09-27T13:30:39","guid":{"rendered":"https:\/\/www.ludoturris.lt\/?post_type=product&#038;p=5237"},"modified":"2026-02-10T09:22:26","modified_gmt":"2026-02-10T11:22:26","slug":"medinis-gydytojo-medicininis-krepsys-vaikams","status":"publish","type":"product","link":"https:\/\/www.ludoturris.lt\/en\/product\/medinis-gydytojo-medicininis-krepsys-vaikams\/","title":{"rendered":"Medinis gydytojo medicininis krep\u0161ys vaikams"},"content":{"rendered":"<p>\u0160is medinis medicinos rinkinys tinka vaikams nuo 3 met\u0173, norintiems tapti gydytoju ar odontologu. Rinkin\u012f sudaro 28 realisti\u0161kos detal\u0117s, \u012fskaitant stetoskop\u0105, \u0161virk\u0161t\u0105, termometr\u0105, akinius, dant\u0173 protez\u0105 su i\u0161imamais dantimis, dant\u0173 veidrod\u0117l\u012f, \u017eaislinius vaistus, asmens tapatyb\u0117s kortel\u0117, paciento kortel\u0117, kalendorius, tvarstis, \u0161epet\u0117lis ir \u017eaisliniai banknotai. Visos detal\u0117s pagamintos i\u0161 med\u017eio yra saugios vaikams Pridedamas patogus medicinos krep\u0161ys, kuris palengvina instrument\u0173 laikym\u0105, suteikia realisti\u0161kumo \u017eaid\u017eiant. \u0160is rininys skatina vaizduot\u0119, k\u016brybinius vaidmen\u0173 \u017eaidimus.<\/p>","protected":false},"excerpt":{"rendered":"<p>\u0160is medinis medicinos rinkinys tinka vaikams nuo 3 met\u0173, norintiems tapti gydytoju ar odontologu. Rinkin\u012f sudaro 28 realisti\u0161kos detal\u0117s, \u012fskaitant stetoskop\u0105, \u0161virk\u0161t\u0105, termometr\u0105, akinius, dant\u0173 protez\u0105 su i\u0161imamais dantimis, dant\u0173 veidrod\u0117l\u012f, \u017eaislinius vaistus, asmens tapatyb\u0117s kortel\u0117, paciento kortel\u0117, kalendorius, tvarstis, \u0161epet\u0117lis ir \u017eaisliniai banknotai. Visos detal\u0117s pagamintos i\u0161 med\u017eio yra saugios vaikams Pridedamas patogus medicinos &hellip;<\/p>\n<p class=\"read-more\"> <a class=\"\" href=\"https:\/\/www.ludoturris.lt\/en\/product\/medinis-gydytojo-medicininis-krepsys-vaikams\/\"> <span class=\"screen-reader-text\">Medinis gydytojo medicininis krep\u0161ys vaikams<\/span> Read More &raquo;<\/a><\/p>","protected":false},"featured_media":5238,"template":"","meta":{"_uag_custom_page_level_css":"","_themeisle_gutenberg_block_has_review":false},"product_cat":[69,96],"product_tag":[],"yoast_head":"<!-- This site is optimized with the Yoast SEO plugin v21.1 - https:\/\/yoast.com\/wordpress\/plugins\/seo\/ -->\n<title>Medinis gydytojo medicininis krep\u0161ys vaikams - Ludo Turris<\/title>\n<meta name=\"description\" content=\"Medinis gydytojo krep\u0161ys vaikams lavinamasis \u017eaislas ma\u017eiesiems gydytojams. Skatina k\u016brybi\u0161k\u0105 vaidyb\u0105, empatij\u0105 ir pa\u017eint\u012f su medicina.\" \/>\n<meta name=\"robots\" content=\"index, follow, max-snippet:-1, max-image-preview:large, max-video-preview:-1\" \/>\n<link rel=\"canonical\" href=\"https:\/\/www.ludoturris.lt\/en\/product\/medinis-gydytojo-medicininis-krepsys-vaikams\/\" \/>\n<meta property=\"og:locale\" content=\"en_GB\" \/>\n<meta property=\"og:type\" content=\"article\" \/>\n<meta property=\"og:title\" content=\"Medinis gydytojo medicininis krep\u0161ys vaikams - Ludo Turris\" \/>\n<meta property=\"og:description\" content=\"Medinis gydytojo krep\u0161ys vaikams lavinamasis \u017eaislas ma\u017eiesiems gydytojams. Skatina k\u016brybi\u0161k\u0105 vaidyb\u0105, empatij\u0105 ir pa\u017eint\u012f su medicina.\" \/>\n<meta property=\"og:url\" content=\"https:\/\/www.ludoturris.lt\/en\/product\/medinis-gydytojo-medicininis-krepsys-vaikams\/\" \/>\n<meta property=\"og:site_name\" content=\"Ludo Turris\" \/>\n<meta property=\"article:publisher\" content=\"https:\/\/www.facebook.com\/Ludo-Turris-621921974895920\/\" \/>\n<meta property=\"article:modified_time\" content=\"2026-02-10T11:22:26+00:00\" \/>\n<meta property=\"og:image\" content=\"https:\/\/www.ludoturris.lt\/wp-content\/uploads\/2025\/09\/HM328233.png\" \/>\n\t<meta property=\"og:image:width\" content=\"800\" \/>\n\t<meta property=\"og:image:height\" content=\"800\" \/>\n\t<meta property=\"og:image:type\" content=\"image\/png\" \/>\n<meta name=\"twitter:card\" content=\"summary_large_image\" \/>\n<meta name=\"twitter:label1\" content=\"Estimated reading time\" \/>\n\t<meta name=\"twitter:data1\" content=\"1 minute\" \/>\n<script type=\"application\/ld+json\" class=\"yoast-schema-graph\">{\"@context\":\"https:\/\/schema.org\",\"@graph\":[{\"@type\":\"WebPage\",\"@id\":\"https:\/\/www.ludoturris.lt\/produktas\/medinis-gydytojo-medicininis-krepsys-vaikams\/\",\"url\":\"https:\/\/www.ludoturris.lt\/produktas\/medinis-gydytojo-medicininis-krepsys-vaikams\/\",\"name\":\"Medinis gydytojo medicininis krep\u0161ys vaikams - Ludo Turris\",\"isPartOf\":{\"@id\":\"https:\/\/www.ludoturris.lt\/#website\"},\"datePublished\":\"2025-09-27T13:30:39+00:00\",\"dateModified\":\"2026-02-10T11:22:26+00:00\",\"description\":\"Medinis gydytojo krep\u0161ys vaikams lavinamasis \u017eaislas ma\u017eiesiems gydytojams. Skatina k\u016brybi\u0161k\u0105 vaidyb\u0105, empatij\u0105 ir pa\u017eint\u012f su medicina.\",\"breadcrumb\":{\"@id\":\"https:\/\/www.ludoturris.lt\/produktas\/medinis-gydytojo-medicininis-krepsys-vaikams\/#breadcrumb\"},\"inLanguage\":\"en-GB\",\"potentialAction\":[{\"@type\":\"ReadAction\",\"target\":[\"https:\/\/www.ludoturris.lt\/produktas\/medinis-gydytojo-medicininis-krepsys-vaikams\/\"]}]},{\"@type\":\"BreadcrumbList\",\"@id\":\"https:\/\/www.ludoturris.lt\/produktas\/medinis-gydytojo-medicininis-krepsys-vaikams\/#breadcrumb\",\"itemListElement\":[{\"@type\":\"ListItem\",\"position\":1,\"name\":\"Home\",\"item\":\"https:\/\/www.ludoturris.lt\/\"},{\"@type\":\"ListItem\",\"position\":2,\"name\":\"Parduotuv\u0117\",\"item\":\"https:\/\/www.ludoturris.lt\/parduotuve\/\"},{\"@type\":\"ListItem\",\"position\":3,\"name\":\"Medinis gydytojo medicininis krep\u0161ys vaikams\"}]},{\"@type\":\"WebSite\",\"@id\":\"https:\/\/www.ludoturris.lt\/#website\",\"url\":\"https:\/\/www.ludoturris.lt\/\",\"name\":\"Ludo Turris\",\"description\":\"K\u016brybi\u0161kum\u0105 ir fantazij\u0105 lavinan\u010dios kalad\u0117l\u0117s\",\"publisher\":{\"@id\":\"https:\/\/www.ludoturris.lt\/#organization\"},\"potentialAction\":[{\"@type\":\"SearchAction\",\"target\":{\"@type\":\"EntryPoint\",\"urlTemplate\":\"https:\/\/www.ludoturris.lt\/?s={search_term_string}\"},\"query-input\":\"required name=search_term_string\"}],\"inLanguage\":\"en-GB\"},{\"@type\":\"Organization\",\"@id\":\"https:\/\/www.ludoturris.lt\/#organization\",\"name\":\"Ludo Turris \u2013 Vakar\u0173 gama, UAB\",\"url\":\"https:\/\/www.ludoturris.lt\/\",\"logo\":{\"@type\":\"ImageObject\",\"inLanguage\":\"en-GB\",\"@id\":\"https:\/\/www.ludoturris.lt\/#\/schema\/logo\/image\/\",\"url\":\"https:\/\/www.ludoturris.lt\/wp-content\/uploads\/2020\/10\/logo@2x.png\",\"contentUrl\":\"https:\/\/www.ludoturris.lt\/wp-content\/uploads\/2020\/10\/logo@2x.png\",\"width\":300,\"height\":147,\"caption\":\"Ludo Turris \u2013 Vakar\u0173 gama, UAB\"},\"image\":{\"@id\":\"https:\/\/www.ludoturris.lt\/#\/schema\/logo\/image\/\"},\"sameAs\":[\"https:\/\/www.facebook.com\/Ludo-Turris-621921974895920\/\",\"https:\/\/www.youtube.com\/channel\/UCuBACq67N1NGC9LVudo4ngw\"]}]}<\/script>\n<!-- \/ Yoast SEO plugin. -->","yoast_head_json":{"title":"Medinis gydytojo medicininis krep\u0161ys vaikams - Ludo Turris","description":"Medinis gydytojo krep\u0161ys vaikams lavinamasis \u017eaislas ma\u017eiesiems gydytojams. Skatina k\u016brybi\u0161k\u0105 vaidyb\u0105, empatij\u0105 ir pa\u017eint\u012f su medicina.","robots":{"index":"index","follow":"follow","max-snippet":"max-snippet:-1","max-image-preview":"max-image-preview:large","max-video-preview":"max-video-preview:-1"},"canonical":"https:\/\/www.ludoturris.lt\/en\/product\/medinis-gydytojo-medicininis-krepsys-vaikams\/","og_locale":"en_GB","og_type":"article","og_title":"Medinis gydytojo medicininis krep\u0161ys vaikams - Ludo Turris","og_description":"Medinis gydytojo krep\u0161ys vaikams lavinamasis \u017eaislas ma\u017eiesiems gydytojams. Skatina k\u016brybi\u0161k\u0105 vaidyb\u0105, empatij\u0105 ir pa\u017eint\u012f su medicina.","og_url":"https:\/\/www.ludoturris.lt\/en\/product\/medinis-gydytojo-medicininis-krepsys-vaikams\/","og_site_name":"Ludo Turris","article_publisher":"https:\/\/www.facebook.com\/Ludo-Turris-621921974895920\/","article_modified_time":"2026-02-10T11:22:26+00:00","og_image":[{"width":800,"height":800,"url":"https:\/\/www.ludoturris.lt\/wp-content\/uploads\/2025\/09\/HM328233.png","type":"image\/png"}],"twitter_card":"summary_large_image","twitter_misc":{"Estimated reading time":"1 minute"},"schema":{"@context":"https:\/\/schema.org","@graph":[{"@type":"WebPage","@id":"https:\/\/www.ludoturris.lt\/produktas\/medinis-gydytojo-medicininis-krepsys-vaikams\/","url":"https:\/\/www.ludoturris.lt\/produktas\/medinis-gydytojo-medicininis-krepsys-vaikams\/","name":"Medinis gydytojo medicininis krep\u0161ys vaikams - Ludo Turris","isPartOf":{"@id":"https:\/\/www.ludoturris.lt\/#website"},"datePublished":"2025-09-27T13:30:39+00:00","dateModified":"2026-02-10T11:22:26+00:00","description":"Medinis gydytojo krep\u0161ys vaikams lavinamasis \u017eaislas ma\u017eiesiems gydytojams. Skatina k\u016brybi\u0161k\u0105 vaidyb\u0105, empatij\u0105 ir pa\u017eint\u012f su medicina.","breadcrumb":{"@id":"https:\/\/www.ludoturris.lt\/produktas\/medinis-gydytojo-medicininis-krepsys-vaikams\/#breadcrumb"},"inLanguage":"en-GB","potentialAction":[{"@type":"ReadAction","target":["https:\/\/www.ludoturris.lt\/produktas\/medinis-gydytojo-medicininis-krepsys-vaikams\/"]}]},{"@type":"BreadcrumbList","@id":"https:\/\/www.ludoturris.lt\/produktas\/medinis-gydytojo-medicininis-krepsys-vaikams\/#breadcrumb","itemListElement":[{"@type":"ListItem","position":1,"name":"Home","item":"https:\/\/www.ludoturris.lt\/"},{"@type":"ListItem","position":2,"name":"Parduotuv\u0117","item":"https:\/\/www.ludoturris.lt\/parduotuve\/"},{"@type":"ListItem","position":3,"name":"Medinis gydytojo medicininis krep\u0161ys vaikams"}]},{"@type":"WebSite","@id":"https:\/\/www.ludoturris.lt\/#website","url":"https:\/\/www.ludoturris.lt\/","name":"Ludo Turris","description":"K\u016brybi\u0161kum\u0105 ir fantazij\u0105 lavinan\u010dios kalad\u0117l\u0117s","publisher":{"@id":"https:\/\/www.ludoturris.lt\/#organization"},"potentialAction":[{"@type":"SearchAction","target":{"@type":"EntryPoint","urlTemplate":"https:\/\/www.ludoturris.lt\/?s={search_term_string}"},"query-input":"required name=search_term_string"}],"inLanguage":"en-GB"},{"@type":"Organization","@id":"https:\/\/www.ludoturris.lt\/#organization","name":"Ludo Turris \u2013 Vakar\u0173 gama, UAB","url":"https:\/\/www.ludoturris.lt\/","logo":{"@type":"ImageObject","inLanguage":"en-GB","@id":"https:\/\/www.ludoturris.lt\/#\/schema\/logo\/image\/","url":"https:\/\/www.ludoturris.lt\/wp-content\/uploads\/2020\/10\/logo@2x.png","contentUrl":"https:\/\/www.ludoturris.lt\/wp-content\/uploads\/2020\/10\/logo@2x.png","width":300,"height":147,"caption":"Ludo Turris \u2013 Vakar\u0173 gama, UAB"},"image":{"@id":"https:\/\/www.ludoturris.lt\/#\/schema\/logo\/image\/"},"sameAs":["https:\/\/www.facebook.com\/Ludo-Turris-621921974895920\/","https:\/\/www.youtube.com\/channel\/UCuBACq67N1NGC9LVudo4ngw"]}]}},"uagb_featured_image_src":{"full":["https:\/\/www.ludoturris.lt\/wp-content\/uploads\/2025\/09\/HM328233.png",800,800,false],"thumbnail":["https:\/\/www.ludoturris.lt\/wp-content\/uploads\/2025\/09\/HM328233-150x150.png",150,150,true],"medium":["https:\/\/www.ludoturris.lt\/wp-content\/uploads\/2025\/09\/HM328233-300x300.png",300,300,true],"medium_large":["https:\/\/www.ludoturris.lt\/wp-content\/uploads\/2025\/09\/HM328233-768x768.png",768,768,true],"large":["https:\/\/www.ludoturris.lt\/wp-content\/uploads\/2025\/09\/HM328233.png",800,800,false],"1536x1536":["https:\/\/www.ludoturris.lt\/wp-content\/uploads\/2025\/09\/HM328233.png",800,800,false],"2048x2048":["https:\/\/www.ludoturris.lt\/wp-content\/uploads\/2025\/09\/HM328233.png",800,800,false],"trp-custom-language-flag":["https:\/\/www.ludoturris.lt\/wp-content\/uploads\/2025\/09\/HM328233-12x12.png",12,12,true],"woocommerce_thumbnail":["https:\/\/www.ludoturris.lt\/wp-content\/uploads\/2025\/09\/HM328233-300x300.png",300,300,true],"woocommerce_single":["https:\/\/www.ludoturris.lt\/wp-content\/uploads\/2025\/09\/HM328233-600x600.png",600,600,true],"woocommerce_gallery_thumbnail":["https:\/\/www.ludoturris.lt\/wp-content\/uploads\/2025\/09\/HM328233-100x100.png",100,100,true],"variation_swatches_image_size":["https:\/\/www.ludoturris.lt\/wp-content\/uploads\/2025\/09\/HM328233-50x50.png",50,50,true],"variation_swatches_tooltip_size":["https:\/\/www.ludoturris.lt\/wp-content\/uploads\/2025\/09\/HM328233-100x100.png",100,100,true],"dgwt-wcas-product-suggestion":["https:\/\/www.ludoturris.lt\/wp-content\/uploads\/2025\/09\/HM328233.png",64,64,false]},"uagb_author_info":{"display_name":"LudoTurris","author_link":"https:\/\/www.ludoturris.lt\/en\/author\/"},"uagb_comment_info":0,"uagb_excerpt":"\u0160is medinis medicinos rinkinys tinka vaikams nuo 3 met\u0173, norintiems tapti gydytoju ar odontologu. Rinkin\u012f sudaro 28 realisti\u0161kos detal\u0117s, \u012fskaitant stetoskop\u0105, \u0161virk\u0161t\u0105, termometr\u0105, akinius, dant\u0173 protez\u0105 su i\u0161imamais dantimis, dant\u0173 veidrod\u0117l\u012f, \u017eaislinius vaistus, asmens tapatyb\u0117s kortel\u0117, paciento kortel\u0117, kalendorius, tvarstis, \u0161epet\u0117lis ir \u017eaisliniai banknotai. Visos detal\u0117s pagamintos i\u0161 med\u017eio yra saugios vaikams Pridedamas patogus medicinos&hellip;","_links":{"self":[{"href":"https:\/\/www.ludoturris.lt\/en\/wp-json\/wp\/v2\/product\/5237"}],"collection":[{"href":"https:\/\/www.ludoturris.lt\/en\/wp-json\/wp\/v2\/product"}],"about":[{"href":"https:\/\/www.ludoturris.lt\/en\/wp-json\/wp\/v2\/types\/product"}],"wp:featuredmedia":[{"embeddable":true,"href":"https:\/\/www.ludoturris.lt\/en\/wp-json\/wp\/v2\/media\/5238"}],"wp:attachment":[{"href":"https:\/\/www.ludoturris.lt\/en\/wp-json\/wp\/v2\/media?parent=5237"}],"wp:term":[{"taxonomy":"product_cat","embeddable":true,"href":"https:\/\/www.ludoturris.lt\/en\/wp-json\/wp\/v2\/product_cat?post=5237"},{"taxonomy":"product_tag","embeddable":true,"href":"https:\/\/www.ludoturris.lt\/en\/wp-json\/wp\/v2\/product_tag?post=5237"}],"curies":[{"name":"wp","href":"https:\/\/api.w.org\/{rel}","templated":true}]}}