{"id":5227,"date":"2025-09-27T10:47:48","date_gmt":"2025-09-27T12:47:48","guid":{"rendered":"https:\/\/www.ludoturris.lt\/?post_type=product&#038;p=5227"},"modified":"2026-02-10T07:26:47","modified_gmt":"2026-02-10T09:26:47","slug":"medinis-kasos-aparatas","status":"publish","type":"product","link":"https:\/\/www.ludoturris.lt\/en\/product\/medinis-kasos-aparatas\/","title":{"rendered":"Medinis kasos aparatas"},"content":{"rendered":"<p>Rekomenduojamas am\u017eius: nuo 3 met\u0173. Medinis kasos aparatas 22x17cm yra saugus \u017eaislas, u\u017eapvalintais kra\u0161tais ir patvaria konstrukcija. Pagamintas i\u0161 auk\u0161tos kokyb\u0117s medienos, kasos aparatas turi funkcin\u012f skaitytuv\u0105, korteli\u0173 skaitytuv\u0105, mok\u0117jimo terminal\u0105 ir atidaromu stal\u010diumi, jis leid\u017eia vaikams prisiimti pardav\u0117jo vaidmen\u012f ir valdyti savo parduotuv\u0119. Rinkin\u012f sudaro monetos, banknotai, mok\u0117jimo kortel\u0117 ir popieriaus ritin\u0117lis kvitams ra\u0161yti. \u0160is \u017eaislas lavina vaizduot\u0119, rank\u0173 miklum\u0105 ir skai\u010diavimo \u012fg\u016bd\u017eius, kartu si\u016blydamas daug pramog\u0173, tokios detal\u0117s kaip galimyb\u0117 \u201ebraukti\u201c kortel\u0119 per terminal\u0105 ir ranka ra\u0161yti kvitus daro \u017eaidim\u0105 ne\u012ftik\u0117tinai tikrovi\u0161k\u0105.<\/p>","protected":false},"excerpt":{"rendered":"<p>Rekomenduojamas am\u017eius: nuo 3 met\u0173. Medinis kasos aparatas 22x17cm yra saugus \u017eaislas, u\u017eapvalintais kra\u0161tais ir patvaria konstrukcija. Pagamintas i\u0161 auk\u0161tos kokyb\u0117s medienos, kasos aparatas turi funkcin\u012f skaitytuv\u0105, korteli\u0173 skaitytuv\u0105, mok\u0117jimo terminal\u0105 ir atidaromu stal\u010diumi, jis leid\u017eia vaikams prisiimti pardav\u0117jo vaidmen\u012f ir valdyti savo parduotuv\u0119. Rinkin\u012f sudaro monetos, banknotai, mok\u0117jimo kortel\u0117 ir popieriaus ritin\u0117lis kvitams ra\u0161yti. &hellip;<\/p>\n<p class=\"read-more\"> <a class=\"\" href=\"https:\/\/www.ludoturris.lt\/en\/product\/medinis-kasos-aparatas\/\"> <span class=\"screen-reader-text\">Medinis kasos aparatas<\/span> Read More &raquo;<\/a><\/p>","protected":false},"featured_media":5228,"template":"","meta":{"_uag_custom_page_level_css":"","_themeisle_gutenberg_block_has_review":false},"product_cat":[95,69,96],"product_tag":[],"yoast_head":"<!-- This site is optimized with the Yoast SEO plugin v21.1 - https:\/\/yoast.com\/wordpress\/plugins\/seo\/ -->\n<title>Medinis kasos aparatas - Ludo Turris<\/title>\n<meta name=\"description\" content=\"Medinis. ekologi\u0161kas ir tvirtas kasos aparatas vaikams lavinamasis \u017eaislas, skatinantis k\u016brybi\u0161k\u0105 vaidyb\u0105, mokantis skai\u010diuoti ir pa\u017einti pinigus.\" \/>\n<meta name=\"robots\" content=\"index, follow, max-snippet:-1, max-image-preview:large, max-video-preview:-1\" \/>\n<link rel=\"canonical\" href=\"https:\/\/www.ludoturris.lt\/en\/product\/medinis-kasos-aparatas\/\" \/>\n<meta property=\"og:locale\" content=\"en_GB\" \/>\n<meta property=\"og:type\" content=\"article\" \/>\n<meta property=\"og:title\" content=\"Medinis kasos aparatas - Ludo Turris\" \/>\n<meta property=\"og:description\" content=\"Medinis. ekologi\u0161kas ir tvirtas kasos aparatas vaikams lavinamasis \u017eaislas, skatinantis k\u016brybi\u0161k\u0105 vaidyb\u0105, mokantis skai\u010diuoti ir pa\u017einti pinigus.\" \/>\n<meta property=\"og:url\" content=\"https:\/\/www.ludoturris.lt\/en\/product\/medinis-kasos-aparatas\/\" \/>\n<meta property=\"og:site_name\" content=\"Ludo Turris\" \/>\n<meta property=\"article:publisher\" content=\"https:\/\/www.facebook.com\/Ludo-Turris-621921974895920\/\" \/>\n<meta property=\"article:modified_time\" content=\"2026-02-10T09:26:47+00:00\" \/>\n<meta property=\"og:image\" content=\"https:\/\/www.ludoturris.lt\/wp-content\/uploads\/2025\/09\/HM328241.png\" \/>\n\t<meta property=\"og:image:width\" content=\"800\" \/>\n\t<meta property=\"og:image:height\" content=\"800\" \/>\n\t<meta property=\"og:image:type\" content=\"image\/png\" \/>\n<meta name=\"twitter:card\" content=\"summary_large_image\" \/>\n<meta name=\"twitter:label1\" content=\"Estimated reading time\" \/>\n\t<meta name=\"twitter:data1\" content=\"1 minute\" \/>\n<script type=\"application\/ld+json\" class=\"yoast-schema-graph\">{\"@context\":\"https:\/\/schema.org\",\"@graph\":[{\"@type\":\"WebPage\",\"@id\":\"https:\/\/www.ludoturris.lt\/produktas\/medinis-kasos-aparatas\/\",\"url\":\"https:\/\/www.ludoturris.lt\/produktas\/medinis-kasos-aparatas\/\",\"name\":\"Medinis kasos aparatas - Ludo Turris\",\"isPartOf\":{\"@id\":\"https:\/\/www.ludoturris.lt\/#website\"},\"datePublished\":\"2025-09-27T12:47:48+00:00\",\"dateModified\":\"2026-02-10T09:26:47+00:00\",\"description\":\"Medinis. ekologi\u0161kas ir tvirtas kasos aparatas vaikams lavinamasis \u017eaislas, skatinantis k\u016brybi\u0161k\u0105 vaidyb\u0105, mokantis skai\u010diuoti ir pa\u017einti pinigus.\",\"breadcrumb\":{\"@id\":\"https:\/\/www.ludoturris.lt\/produktas\/medinis-kasos-aparatas\/#breadcrumb\"},\"inLanguage\":\"en-GB\",\"potentialAction\":[{\"@type\":\"ReadAction\",\"target\":[\"https:\/\/www.ludoturris.lt\/produktas\/medinis-kasos-aparatas\/\"]}]},{\"@type\":\"BreadcrumbList\",\"@id\":\"https:\/\/www.ludoturris.lt\/produktas\/medinis-kasos-aparatas\/#breadcrumb\",\"itemListElement\":[{\"@type\":\"ListItem\",\"position\":1,\"name\":\"Home\",\"item\":\"https:\/\/www.ludoturris.lt\/\"},{\"@type\":\"ListItem\",\"position\":2,\"name\":\"Parduotuv\u0117\",\"item\":\"https:\/\/www.ludoturris.lt\/parduotuve\/\"},{\"@type\":\"ListItem\",\"position\":3,\"name\":\"Medinis kasos aparatas\"}]},{\"@type\":\"WebSite\",\"@id\":\"https:\/\/www.ludoturris.lt\/#website\",\"url\":\"https:\/\/www.ludoturris.lt\/\",\"name\":\"Ludo Turris\",\"description\":\"K\u016brybi\u0161kum\u0105 ir fantazij\u0105 lavinan\u010dios kalad\u0117l\u0117s\",\"publisher\":{\"@id\":\"https:\/\/www.ludoturris.lt\/#organization\"},\"potentialAction\":[{\"@type\":\"SearchAction\",\"target\":{\"@type\":\"EntryPoint\",\"urlTemplate\":\"https:\/\/www.ludoturris.lt\/?s={search_term_string}\"},\"query-input\":\"required name=search_term_string\"}],\"inLanguage\":\"en-GB\"},{\"@type\":\"Organization\",\"@id\":\"https:\/\/www.ludoturris.lt\/#organization\",\"name\":\"Ludo Turris \u2013 Vakar\u0173 gama, UAB\",\"url\":\"https:\/\/www.ludoturris.lt\/\",\"logo\":{\"@type\":\"ImageObject\",\"inLanguage\":\"en-GB\",\"@id\":\"https:\/\/www.ludoturris.lt\/#\/schema\/logo\/image\/\",\"url\":\"https:\/\/www.ludoturris.lt\/wp-content\/uploads\/2020\/10\/logo@2x.png\",\"contentUrl\":\"https:\/\/www.ludoturris.lt\/wp-content\/uploads\/2020\/10\/logo@2x.png\",\"width\":300,\"height\":147,\"caption\":\"Ludo Turris \u2013 Vakar\u0173 gama, UAB\"},\"image\":{\"@id\":\"https:\/\/www.ludoturris.lt\/#\/schema\/logo\/image\/\"},\"sameAs\":[\"https:\/\/www.facebook.com\/Ludo-Turris-621921974895920\/\",\"https:\/\/www.youtube.com\/channel\/UCuBACq67N1NGC9LVudo4ngw\"]}]}<\/script>\n<!-- \/ Yoast SEO plugin. -->","yoast_head_json":{"title":"Medinis kasos aparatas - Ludo Turris","description":"Medinis. ekologi\u0161kas ir tvirtas kasos aparatas vaikams lavinamasis \u017eaislas, skatinantis k\u016brybi\u0161k\u0105 vaidyb\u0105, mokantis skai\u010diuoti ir pa\u017einti pinigus.","robots":{"index":"index","follow":"follow","max-snippet":"max-snippet:-1","max-image-preview":"max-image-preview:large","max-video-preview":"max-video-preview:-1"},"canonical":"https:\/\/www.ludoturris.lt\/en\/product\/medinis-kasos-aparatas\/","og_locale":"en_GB","og_type":"article","og_title":"Medinis kasos aparatas - Ludo Turris","og_description":"Medinis. ekologi\u0161kas ir tvirtas kasos aparatas vaikams lavinamasis \u017eaislas, skatinantis k\u016brybi\u0161k\u0105 vaidyb\u0105, mokantis skai\u010diuoti ir pa\u017einti pinigus.","og_url":"https:\/\/www.ludoturris.lt\/en\/product\/medinis-kasos-aparatas\/","og_site_name":"Ludo Turris","article_publisher":"https:\/\/www.facebook.com\/Ludo-Turris-621921974895920\/","article_modified_time":"2026-02-10T09:26:47+00:00","og_image":[{"width":800,"height":800,"url":"https:\/\/www.ludoturris.lt\/wp-content\/uploads\/2025\/09\/HM328241.png","type":"image\/png"}],"twitter_card":"summary_large_image","twitter_misc":{"Estimated reading time":"1 minute"},"schema":{"@context":"https:\/\/schema.org","@graph":[{"@type":"WebPage","@id":"https:\/\/www.ludoturris.lt\/produktas\/medinis-kasos-aparatas\/","url":"https:\/\/www.ludoturris.lt\/produktas\/medinis-kasos-aparatas\/","name":"Medinis kasos aparatas - Ludo Turris","isPartOf":{"@id":"https:\/\/www.ludoturris.lt\/#website"},"datePublished":"2025-09-27T12:47:48+00:00","dateModified":"2026-02-10T09:26:47+00:00","description":"Medinis. ekologi\u0161kas ir tvirtas kasos aparatas vaikams lavinamasis \u017eaislas, skatinantis k\u016brybi\u0161k\u0105 vaidyb\u0105, mokantis skai\u010diuoti ir pa\u017einti pinigus.","breadcrumb":{"@id":"https:\/\/www.ludoturris.lt\/produktas\/medinis-kasos-aparatas\/#breadcrumb"},"inLanguage":"en-GB","potentialAction":[{"@type":"ReadAction","target":["https:\/\/www.ludoturris.lt\/produktas\/medinis-kasos-aparatas\/"]}]},{"@type":"BreadcrumbList","@id":"https:\/\/www.ludoturris.lt\/produktas\/medinis-kasos-aparatas\/#breadcrumb","itemListElement":[{"@type":"ListItem","position":1,"name":"Home","item":"https:\/\/www.ludoturris.lt\/"},{"@type":"ListItem","position":2,"name":"Parduotuv\u0117","item":"https:\/\/www.ludoturris.lt\/parduotuve\/"},{"@type":"ListItem","position":3,"name":"Medinis kasos aparatas"}]},{"@type":"WebSite","@id":"https:\/\/www.ludoturris.lt\/#website","url":"https:\/\/www.ludoturris.lt\/","name":"Ludo Turris","description":"K\u016brybi\u0161kum\u0105 ir fantazij\u0105 lavinan\u010dios kalad\u0117l\u0117s","publisher":{"@id":"https:\/\/www.ludoturris.lt\/#organization"},"potentialAction":[{"@type":"SearchAction","target":{"@type":"EntryPoint","urlTemplate":"https:\/\/www.ludoturris.lt\/?s={search_term_string}"},"query-input":"required name=search_term_string"}],"inLanguage":"en-GB"},{"@type":"Organization","@id":"https:\/\/www.ludoturris.lt\/#organization","name":"Ludo Turris \u2013 Vakar\u0173 gama, UAB","url":"https:\/\/www.ludoturris.lt\/","logo":{"@type":"ImageObject","inLanguage":"en-GB","@id":"https:\/\/www.ludoturris.lt\/#\/schema\/logo\/image\/","url":"https:\/\/www.ludoturris.lt\/wp-content\/uploads\/2020\/10\/logo@2x.png","contentUrl":"https:\/\/www.ludoturris.lt\/wp-content\/uploads\/2020\/10\/logo@2x.png","width":300,"height":147,"caption":"Ludo Turris \u2013 Vakar\u0173 gama, UAB"},"image":{"@id":"https:\/\/www.ludoturris.lt\/#\/schema\/logo\/image\/"},"sameAs":["https:\/\/www.facebook.com\/Ludo-Turris-621921974895920\/","https:\/\/www.youtube.com\/channel\/UCuBACq67N1NGC9LVudo4ngw"]}]}},"uagb_featured_image_src":{"full":["https:\/\/www.ludoturris.lt\/wp-content\/uploads\/2025\/09\/HM328241.png",800,800,false],"thumbnail":["https:\/\/www.ludoturris.lt\/wp-content\/uploads\/2025\/09\/HM328241-150x150.png",150,150,true],"medium":["https:\/\/www.ludoturris.lt\/wp-content\/uploads\/2025\/09\/HM328241-300x300.png",300,300,true],"medium_large":["https:\/\/www.ludoturris.lt\/wp-content\/uploads\/2025\/09\/HM328241-768x768.png",768,768,true],"large":["https:\/\/www.ludoturris.lt\/wp-content\/uploads\/2025\/09\/HM328241.png",800,800,false],"1536x1536":["https:\/\/www.ludoturris.lt\/wp-content\/uploads\/2025\/09\/HM328241.png",800,800,false],"2048x2048":["https:\/\/www.ludoturris.lt\/wp-content\/uploads\/2025\/09\/HM328241.png",800,800,false],"trp-custom-language-flag":["https:\/\/www.ludoturris.lt\/wp-content\/uploads\/2025\/09\/HM328241-12x12.png",12,12,true],"woocommerce_thumbnail":["https:\/\/www.ludoturris.lt\/wp-content\/uploads\/2025\/09\/HM328241-300x300.png",300,300,true],"woocommerce_single":["https:\/\/www.ludoturris.lt\/wp-content\/uploads\/2025\/09\/HM328241-600x600.png",600,600,true],"woocommerce_gallery_thumbnail":["https:\/\/www.ludoturris.lt\/wp-content\/uploads\/2025\/09\/HM328241-100x100.png",100,100,true],"variation_swatches_image_size":["https:\/\/www.ludoturris.lt\/wp-content\/uploads\/2025\/09\/HM328241-50x50.png",50,50,true],"variation_swatches_tooltip_size":["https:\/\/www.ludoturris.lt\/wp-content\/uploads\/2025\/09\/HM328241-100x100.png",100,100,true],"dgwt-wcas-product-suggestion":["https:\/\/www.ludoturris.lt\/wp-content\/uploads\/2025\/09\/HM328241.png",64,64,false]},"uagb_author_info":{"display_name":"LudoTurris","author_link":"https:\/\/www.ludoturris.lt\/en\/author\/"},"uagb_comment_info":0,"uagb_excerpt":"Rekomenduojamas am\u017eius: nuo 3 met\u0173. Medinis kasos aparatas 22x17cm yra saugus \u017eaislas, u\u017eapvalintais kra\u0161tais ir patvaria konstrukcija. Pagamintas i\u0161 auk\u0161tos kokyb\u0117s medienos, kasos aparatas turi funkcin\u012f skaitytuv\u0105, korteli\u0173 skaitytuv\u0105, mok\u0117jimo terminal\u0105 ir atidaromu stal\u010diumi, jis leid\u017eia vaikams prisiimti pardav\u0117jo vaidmen\u012f ir valdyti savo parduotuv\u0119. Rinkin\u012f sudaro monetos, banknotai, mok\u0117jimo kortel\u0117 ir popieriaus ritin\u0117lis kvitams ra\u0161yti.&hellip;","_links":{"self":[{"href":"https:\/\/www.ludoturris.lt\/en\/wp-json\/wp\/v2\/product\/5227"}],"collection":[{"href":"https:\/\/www.ludoturris.lt\/en\/wp-json\/wp\/v2\/product"}],"about":[{"href":"https:\/\/www.ludoturris.lt\/en\/wp-json\/wp\/v2\/types\/product"}],"wp:featuredmedia":[{"embeddable":true,"href":"https:\/\/www.ludoturris.lt\/en\/wp-json\/wp\/v2\/media\/5228"}],"wp:attachment":[{"href":"https:\/\/www.ludoturris.lt\/en\/wp-json\/wp\/v2\/media?parent=5227"}],"wp:term":[{"taxonomy":"product_cat","embeddable":true,"href":"https:\/\/www.ludoturris.lt\/en\/wp-json\/wp\/v2\/product_cat?post=5227"},{"taxonomy":"product_tag","embeddable":true,"href":"https:\/\/www.ludoturris.lt\/en\/wp-json\/wp\/v2\/product_tag?post=5227"}],"curies":[{"name":"wp","href":"https:\/\/api.w.org\/{rel}","templated":true}]}}