{"id":5222,"date":"2025-09-19T09:43:14","date_gmt":"2025-09-19T11:43:14","guid":{"rendered":"https:\/\/www.ludoturris.lt\/?post_type=product&#038;p=5222"},"modified":"2026-02-06T11:18:11","modified_gmt":"2026-02-06T13:18:11","slug":"vezimelis-ledu-parduotuve-vaikams","status":"publish","type":"product","link":"https:\/\/www.ludoturris.lt\/en\/product\/vezimelis-ledu-parduotuve-vaikams\/","title":{"rendered":"Stumdomas ve\u017eim\u0117lis &#8211; led\u0173 parduotuv\u0117"},"content":{"rendered":"<p>Led\u0173 ve\u017eim\u0117lis kurio matmenys 41 X 23,5 X 44 cm yra puikus pasirinkimas vaikams nuo 3 met\u0173, kurie m\u0117gsta vaidmen\u0173 \u017eaidimus. Pagamintas i\u0161 patvarios medienos, jis yra ir patvarus, ir esteti\u0161kai patrauklus. Saugi konstrukcija neturi a\u0161tri\u0173 briaun\u0173 ir pavojing\u0173 komponent\u0173, tod\u0117l idealiai tinka ma\u017eiems vaikams. Rinkin\u012f sudaro 5 ledai ant pagaliuko, 3 k\u016bgeliai ir 3 skirtingi led\u0173 kau\u0161eliai su magnetine jungtimi. Taip pat pridedamas magnetinis \u0161auk\u0161telis ledams ant k\u016bgeli\u0173 d\u0117ti. Ry\u0161kios rinkinio spalvos pritraukia vaik\u0173 d\u0117mes\u012f, skatina j\u0173 vaizduot\u0119, k\u016brybi\u0161kum\u0105 ir rank\u0173 miklum\u0105.<\/p>","protected":false},"excerpt":{"rendered":"<p>Led\u0173 ve\u017eim\u0117lis kurio matmenys 41 X 23,5 X 44 cm yra puikus pasirinkimas vaikams nuo 3 met\u0173, kurie m\u0117gsta vaidmen\u0173 \u017eaidimus. Pagamintas i\u0161 patvarios medienos, jis yra ir patvarus, ir esteti\u0161kai patrauklus. Saugi konstrukcija neturi a\u0161tri\u0173 briaun\u0173 ir pavojing\u0173 komponent\u0173, tod\u0117l idealiai tinka ma\u017eiems vaikams. Rinkin\u012f sudaro 5 ledai ant pagaliuko, 3 k\u016bgeliai ir 3 &hellip;<\/p>\n<p class=\"read-more\"> <a class=\"\" href=\"https:\/\/www.ludoturris.lt\/en\/product\/vezimelis-ledu-parduotuve-vaikams\/\"> <span class=\"screen-reader-text\">Stumdomas ve\u017eim\u0117lis &#8211; led\u0173 parduotuv\u0117<\/span> Read More &raquo;<\/a><\/p>","protected":false},"featured_media":5223,"template":"","meta":{"_uag_custom_page_level_css":"","_themeisle_gutenberg_block_has_review":false},"product_cat":[95,69,96],"product_tag":[],"yoast_head":"<!-- This site is optimized with the Yoast SEO plugin v21.1 - https:\/\/yoast.com\/wordpress\/plugins\/seo\/ -->\n<title>Stumdomas ve\u017eim\u0117lis - led\u0173 parduotuv\u0117 - Ludo Turris<\/title>\n<meta name=\"description\" content=\"\u201eSpalvingas ve\u017eim\u0117lis \u2013 led\u0173 parduotuv\u0117 vaikams. Daug pried\u0173, smagus \u017eaidimas ir begalin\u0117s fantazijos galimyb\u0117s ma\u017eiesiems.\" \/>\n<meta name=\"robots\" content=\"index, follow, max-snippet:-1, max-image-preview:large, max-video-preview:-1\" \/>\n<link rel=\"canonical\" href=\"https:\/\/www.ludoturris.lt\/en\/product\/vezimelis-ledu-parduotuve-vaikams\/\" \/>\n<meta property=\"og:locale\" content=\"en_GB\" \/>\n<meta property=\"og:type\" content=\"article\" \/>\n<meta property=\"og:title\" content=\"Stumdomas ve\u017eim\u0117lis - led\u0173 parduotuv\u0117 - Ludo Turris\" \/>\n<meta property=\"og:description\" content=\"\u201eSpalvingas ve\u017eim\u0117lis \u2013 led\u0173 parduotuv\u0117 vaikams. Daug pried\u0173, smagus \u017eaidimas ir begalin\u0117s fantazijos galimyb\u0117s ma\u017eiesiems.\" \/>\n<meta property=\"og:url\" content=\"https:\/\/www.ludoturris.lt\/en\/product\/vezimelis-ledu-parduotuve-vaikams\/\" \/>\n<meta property=\"og:site_name\" content=\"Ludo Turris\" \/>\n<meta property=\"article:publisher\" content=\"https:\/\/www.facebook.com\/Ludo-Turris-621921974895920\/\" \/>\n<meta property=\"article:modified_time\" content=\"2026-02-06T13:18:11+00:00\" \/>\n<meta property=\"og:image\" content=\"https:\/\/www.ludoturris.lt\/wp-content\/uploads\/2025\/09\/TL89015.png\" \/>\n\t<meta property=\"og:image:width\" content=\"800\" \/>\n\t<meta property=\"og:image:height\" content=\"800\" \/>\n\t<meta property=\"og:image:type\" content=\"image\/png\" \/>\n<meta name=\"twitter:card\" content=\"summary_large_image\" \/>\n<meta name=\"twitter:label1\" content=\"Estimated reading time\" \/>\n\t<meta name=\"twitter:data1\" content=\"1 minute\" \/>\n<script type=\"application\/ld+json\" class=\"yoast-schema-graph\">{\"@context\":\"https:\/\/schema.org\",\"@graph\":[{\"@type\":\"WebPage\",\"@id\":\"https:\/\/www.ludoturris.lt\/produktas\/vezimelis-ledu-parduotuve-vaikams\/\",\"url\":\"https:\/\/www.ludoturris.lt\/produktas\/vezimelis-ledu-parduotuve-vaikams\/\",\"name\":\"Stumdomas ve\u017eim\u0117lis - led\u0173 parduotuv\u0117 - Ludo Turris\",\"isPartOf\":{\"@id\":\"https:\/\/www.ludoturris.lt\/#website\"},\"datePublished\":\"2025-09-19T11:43:14+00:00\",\"dateModified\":\"2026-02-06T13:18:11+00:00\",\"description\":\"\u201eSpalvingas ve\u017eim\u0117lis \u2013 led\u0173 parduotuv\u0117 vaikams. Daug pried\u0173, smagus \u017eaidimas ir begalin\u0117s fantazijos galimyb\u0117s ma\u017eiesiems.\",\"breadcrumb\":{\"@id\":\"https:\/\/www.ludoturris.lt\/produktas\/vezimelis-ledu-parduotuve-vaikams\/#breadcrumb\"},\"inLanguage\":\"en-GB\",\"potentialAction\":[{\"@type\":\"ReadAction\",\"target\":[\"https:\/\/www.ludoturris.lt\/produktas\/vezimelis-ledu-parduotuve-vaikams\/\"]}]},{\"@type\":\"BreadcrumbList\",\"@id\":\"https:\/\/www.ludoturris.lt\/produktas\/vezimelis-ledu-parduotuve-vaikams\/#breadcrumb\",\"itemListElement\":[{\"@type\":\"ListItem\",\"position\":1,\"name\":\"Home\",\"item\":\"https:\/\/www.ludoturris.lt\/\"},{\"@type\":\"ListItem\",\"position\":2,\"name\":\"Parduotuv\u0117\",\"item\":\"https:\/\/www.ludoturris.lt\/parduotuve\/\"},{\"@type\":\"ListItem\",\"position\":3,\"name\":\"Stumdomas ve\u017eim\u0117lis &#8211; led\u0173 parduotuv\u0117\"}]},{\"@type\":\"WebSite\",\"@id\":\"https:\/\/www.ludoturris.lt\/#website\",\"url\":\"https:\/\/www.ludoturris.lt\/\",\"name\":\"Ludo Turris\",\"description\":\"K\u016brybi\u0161kum\u0105 ir fantazij\u0105 lavinan\u010dios kalad\u0117l\u0117s\",\"publisher\":{\"@id\":\"https:\/\/www.ludoturris.lt\/#organization\"},\"potentialAction\":[{\"@type\":\"SearchAction\",\"target\":{\"@type\":\"EntryPoint\",\"urlTemplate\":\"https:\/\/www.ludoturris.lt\/?s={search_term_string}\"},\"query-input\":\"required name=search_term_string\"}],\"inLanguage\":\"en-GB\"},{\"@type\":\"Organization\",\"@id\":\"https:\/\/www.ludoturris.lt\/#organization\",\"name\":\"Ludo Turris \u2013 Vakar\u0173 gama, UAB\",\"url\":\"https:\/\/www.ludoturris.lt\/\",\"logo\":{\"@type\":\"ImageObject\",\"inLanguage\":\"en-GB\",\"@id\":\"https:\/\/www.ludoturris.lt\/#\/schema\/logo\/image\/\",\"url\":\"https:\/\/www.ludoturris.lt\/wp-content\/uploads\/2020\/10\/logo@2x.png\",\"contentUrl\":\"https:\/\/www.ludoturris.lt\/wp-content\/uploads\/2020\/10\/logo@2x.png\",\"width\":300,\"height\":147,\"caption\":\"Ludo Turris \u2013 Vakar\u0173 gama, UAB\"},\"image\":{\"@id\":\"https:\/\/www.ludoturris.lt\/#\/schema\/logo\/image\/\"},\"sameAs\":[\"https:\/\/www.facebook.com\/Ludo-Turris-621921974895920\/\",\"https:\/\/www.youtube.com\/channel\/UCuBACq67N1NGC9LVudo4ngw\"]}]}<\/script>\n<!-- \/ Yoast SEO plugin. -->","yoast_head_json":{"title":"Stumdomas ve\u017eim\u0117lis - led\u0173 parduotuv\u0117 - Ludo Turris","description":"\u201eSpalvingas ve\u017eim\u0117lis \u2013 led\u0173 parduotuv\u0117 vaikams. Daug pried\u0173, smagus \u017eaidimas ir begalin\u0117s fantazijos galimyb\u0117s ma\u017eiesiems.","robots":{"index":"index","follow":"follow","max-snippet":"max-snippet:-1","max-image-preview":"max-image-preview:large","max-video-preview":"max-video-preview:-1"},"canonical":"https:\/\/www.ludoturris.lt\/en\/product\/vezimelis-ledu-parduotuve-vaikams\/","og_locale":"en_GB","og_type":"article","og_title":"Stumdomas ve\u017eim\u0117lis - led\u0173 parduotuv\u0117 - Ludo Turris","og_description":"\u201eSpalvingas ve\u017eim\u0117lis \u2013 led\u0173 parduotuv\u0117 vaikams. Daug pried\u0173, smagus \u017eaidimas ir begalin\u0117s fantazijos galimyb\u0117s ma\u017eiesiems.","og_url":"https:\/\/www.ludoturris.lt\/en\/product\/vezimelis-ledu-parduotuve-vaikams\/","og_site_name":"Ludo Turris","article_publisher":"https:\/\/www.facebook.com\/Ludo-Turris-621921974895920\/","article_modified_time":"2026-02-06T13:18:11+00:00","og_image":[{"width":800,"height":800,"url":"https:\/\/www.ludoturris.lt\/wp-content\/uploads\/2025\/09\/TL89015.png","type":"image\/png"}],"twitter_card":"summary_large_image","twitter_misc":{"Estimated reading time":"1 minute"},"schema":{"@context":"https:\/\/schema.org","@graph":[{"@type":"WebPage","@id":"https:\/\/www.ludoturris.lt\/produktas\/vezimelis-ledu-parduotuve-vaikams\/","url":"https:\/\/www.ludoturris.lt\/produktas\/vezimelis-ledu-parduotuve-vaikams\/","name":"Stumdomas ve\u017eim\u0117lis - led\u0173 parduotuv\u0117 - Ludo Turris","isPartOf":{"@id":"https:\/\/www.ludoturris.lt\/#website"},"datePublished":"2025-09-19T11:43:14+00:00","dateModified":"2026-02-06T13:18:11+00:00","description":"\u201eSpalvingas ve\u017eim\u0117lis \u2013 led\u0173 parduotuv\u0117 vaikams. Daug pried\u0173, smagus \u017eaidimas ir begalin\u0117s fantazijos galimyb\u0117s ma\u017eiesiems.","breadcrumb":{"@id":"https:\/\/www.ludoturris.lt\/produktas\/vezimelis-ledu-parduotuve-vaikams\/#breadcrumb"},"inLanguage":"en-GB","potentialAction":[{"@type":"ReadAction","target":["https:\/\/www.ludoturris.lt\/produktas\/vezimelis-ledu-parduotuve-vaikams\/"]}]},{"@type":"BreadcrumbList","@id":"https:\/\/www.ludoturris.lt\/produktas\/vezimelis-ledu-parduotuve-vaikams\/#breadcrumb","itemListElement":[{"@type":"ListItem","position":1,"name":"Home","item":"https:\/\/www.ludoturris.lt\/"},{"@type":"ListItem","position":2,"name":"Parduotuv\u0117","item":"https:\/\/www.ludoturris.lt\/parduotuve\/"},{"@type":"ListItem","position":3,"name":"Stumdomas ve\u017eim\u0117lis &#8211; led\u0173 parduotuv\u0117"}]},{"@type":"WebSite","@id":"https:\/\/www.ludoturris.lt\/#website","url":"https:\/\/www.ludoturris.lt\/","name":"Ludo Turris","description":"K\u016brybi\u0161kum\u0105 ir fantazij\u0105 lavinan\u010dios kalad\u0117l\u0117s","publisher":{"@id":"https:\/\/www.ludoturris.lt\/#organization"},"potentialAction":[{"@type":"SearchAction","target":{"@type":"EntryPoint","urlTemplate":"https:\/\/www.ludoturris.lt\/?s={search_term_string}"},"query-input":"required name=search_term_string"}],"inLanguage":"en-GB"},{"@type":"Organization","@id":"https:\/\/www.ludoturris.lt\/#organization","name":"Ludo Turris \u2013 Vakar\u0173 gama, UAB","url":"https:\/\/www.ludoturris.lt\/","logo":{"@type":"ImageObject","inLanguage":"en-GB","@id":"https:\/\/www.ludoturris.lt\/#\/schema\/logo\/image\/","url":"https:\/\/www.ludoturris.lt\/wp-content\/uploads\/2020\/10\/logo@2x.png","contentUrl":"https:\/\/www.ludoturris.lt\/wp-content\/uploads\/2020\/10\/logo@2x.png","width":300,"height":147,"caption":"Ludo Turris \u2013 Vakar\u0173 gama, UAB"},"image":{"@id":"https:\/\/www.ludoturris.lt\/#\/schema\/logo\/image\/"},"sameAs":["https:\/\/www.facebook.com\/Ludo-Turris-621921974895920\/","https:\/\/www.youtube.com\/channel\/UCuBACq67N1NGC9LVudo4ngw"]}]}},"uagb_featured_image_src":{"full":["https:\/\/www.ludoturris.lt\/wp-content\/uploads\/2025\/09\/TL89015.png",800,800,false],"thumbnail":["https:\/\/www.ludoturris.lt\/wp-content\/uploads\/2025\/09\/TL89015-150x150.png",150,150,true],"medium":["https:\/\/www.ludoturris.lt\/wp-content\/uploads\/2025\/09\/TL89015-300x300.png",300,300,true],"medium_large":["https:\/\/www.ludoturris.lt\/wp-content\/uploads\/2025\/09\/TL89015-768x768.png",768,768,true],"large":["https:\/\/www.ludoturris.lt\/wp-content\/uploads\/2025\/09\/TL89015.png",800,800,false],"1536x1536":["https:\/\/www.ludoturris.lt\/wp-content\/uploads\/2025\/09\/TL89015.png",800,800,false],"2048x2048":["https:\/\/www.ludoturris.lt\/wp-content\/uploads\/2025\/09\/TL89015.png",800,800,false],"trp-custom-language-flag":["https:\/\/www.ludoturris.lt\/wp-content\/uploads\/2025\/09\/TL89015-12x12.png",12,12,true],"woocommerce_thumbnail":["https:\/\/www.ludoturris.lt\/wp-content\/uploads\/2025\/09\/TL89015-300x300.png",300,300,true],"woocommerce_single":["https:\/\/www.ludoturris.lt\/wp-content\/uploads\/2025\/09\/TL89015-600x600.png",600,600,true],"woocommerce_gallery_thumbnail":["https:\/\/www.ludoturris.lt\/wp-content\/uploads\/2025\/09\/TL89015-100x100.png",100,100,true],"variation_swatches_image_size":["https:\/\/www.ludoturris.lt\/wp-content\/uploads\/2025\/09\/TL89015-50x50.png",50,50,true],"variation_swatches_tooltip_size":["https:\/\/www.ludoturris.lt\/wp-content\/uploads\/2025\/09\/TL89015-100x100.png",100,100,true],"dgwt-wcas-product-suggestion":["https:\/\/www.ludoturris.lt\/wp-content\/uploads\/2025\/09\/TL89015.png",64,64,false]},"uagb_author_info":{"display_name":"LudoTurris","author_link":"https:\/\/www.ludoturris.lt\/en\/author\/"},"uagb_comment_info":0,"uagb_excerpt":"Led\u0173 ve\u017eim\u0117lis kurio matmenys 41 X 23,5 X 44 cm yra puikus pasirinkimas vaikams nuo 3 met\u0173, kurie m\u0117gsta vaidmen\u0173 \u017eaidimus. Pagamintas i\u0161 patvarios medienos, jis yra ir patvarus, ir esteti\u0161kai patrauklus. Saugi konstrukcija neturi a\u0161tri\u0173 briaun\u0173 ir pavojing\u0173 komponent\u0173, tod\u0117l idealiai tinka ma\u017eiems vaikams. Rinkin\u012f sudaro 5 ledai ant pagaliuko, 3 k\u016bgeliai ir 3&hellip;","_links":{"self":[{"href":"https:\/\/www.ludoturris.lt\/en\/wp-json\/wp\/v2\/product\/5222"}],"collection":[{"href":"https:\/\/www.ludoturris.lt\/en\/wp-json\/wp\/v2\/product"}],"about":[{"href":"https:\/\/www.ludoturris.lt\/en\/wp-json\/wp\/v2\/types\/product"}],"wp:featuredmedia":[{"embeddable":true,"href":"https:\/\/www.ludoturris.lt\/en\/wp-json\/wp\/v2\/media\/5223"}],"wp:attachment":[{"href":"https:\/\/www.ludoturris.lt\/en\/wp-json\/wp\/v2\/media?parent=5222"}],"wp:term":[{"taxonomy":"product_cat","embeddable":true,"href":"https:\/\/www.ludoturris.lt\/en\/wp-json\/wp\/v2\/product_cat?post=5222"},{"taxonomy":"product_tag","embeddable":true,"href":"https:\/\/www.ludoturris.lt\/en\/wp-json\/wp\/v2\/product_tag?post=5222"}],"curies":[{"name":"wp","href":"https:\/\/api.w.org\/{rel}","templated":true}]}}