{"id":5217,"date":"2025-09-19T09:10:39","date_gmt":"2025-09-19T11:10:39","guid":{"rendered":"https:\/\/www.ludoturris.lt\/?post_type=product&#038;p=5217"},"modified":"2026-02-07T08:30:45","modified_gmt":"2026-02-07T10:30:45","slug":"valymo-rinkinys-maziesiems","status":"publish","type":"product","link":"https:\/\/www.ludoturris.lt\/en\/product\/valymo-rinkinys-maziesiems\/","title":{"rendered":"Medinis valymo rinkinys vaikams"},"content":{"rendered":"<p>Rekomenduojamas am\u017eius: nuo 3 met\u0173. \u0160is valymo rinkinys matmenys 20x68cm puikiai tinka vaikams kuriems m\u0117gsta m\u0117gd\u017eioti suaugusiuosius ir mokosi tvarkytis \u017eaid\u017eiant. Rinkin\u012f sudaro 7 dalys, \u012fskaitant \u0161luot\u0105, \u0161luot\u0105, dulki\u0173 \u0161luost\u0119, \u0161luotel\u0119, audin\u012f, semtuv\u0117l\u012f ir tvirt\u0105 stov\u0105, kuriame susid\u0117ti visus priedus. Nat\u016brali medienos konstrukcija ir u\u017eapvalinti kra\u0161tai u\u017etikrina saugum\u0105 ir ilgaam\u017ei\u0161kum\u0105. Su tikrovi\u0161kais priedais vaikai lavina smulki\u0105j\u0105 motorik\u0105, mokosi savaranki\u0161kumo ir atsakomyb\u0117s. Gerai apgalvota konstrukcija ir mielas dizainas daro rinkin\u012f puikiu bet kokio interjero papildymu.<\/p>","protected":false},"excerpt":{"rendered":"<p>Rekomenduojamas am\u017eius: nuo 3 met\u0173. \u0160is valymo rinkinys matmenys 20x68cm puikiai tinka vaikams kuriems m\u0117gsta m\u0117gd\u017eioti suaugusiuosius ir mokosi tvarkytis \u017eaid\u017eiant. Rinkin\u012f sudaro 7 dalys, \u012fskaitant \u0161luot\u0105, \u0161luot\u0105, dulki\u0173 \u0161luost\u0119, \u0161luotel\u0119, audin\u012f, semtuv\u0117l\u012f ir tvirt\u0105 stov\u0105, kuriame susid\u0117ti visus priedus. Nat\u016brali medienos konstrukcija ir u\u017eapvalinti kra\u0161tai u\u017etikrina saugum\u0105 ir ilgaam\u017ei\u0161kum\u0105. Su tikrovi\u0161kais priedais vaikai lavina &hellip;<\/p>\n<p class=\"read-more\"> <a class=\"\" href=\"https:\/\/www.ludoturris.lt\/en\/product\/valymo-rinkinys-maziesiems\/\"> <span class=\"screen-reader-text\">Medinis valymo rinkinys vaikams<\/span> Read More &raquo;<\/a><\/p>","protected":false},"featured_media":5528,"template":"","meta":{"_uag_custom_page_level_css":"","_themeisle_gutenberg_block_has_review":false},"product_cat":[95,69,94,96],"product_tag":[],"yoast_head":"<!-- This site is optimized with the Yoast SEO plugin v21.1 - https:\/\/yoast.com\/wordpress\/plugins\/seo\/ -->\n<title>Medinis valymo rinkinys vaikams - Ludo Turris<\/title>\n<meta name=\"description\" content=\"Vaiki\u0161kas valymo rinkinys \u2013 smagus \u017eaidimas mokantis tvarkos. Komplekte \u0161luota, semtuv\u0117lis ir kiti priedai ma\u017eiesiems pagalbininkams.\" \/>\n<meta name=\"robots\" content=\"index, follow, max-snippet:-1, max-image-preview:large, max-video-preview:-1\" \/>\n<link rel=\"canonical\" href=\"https:\/\/www.ludoturris.lt\/en\/product\/valymo-rinkinys-maziesiems\/\" \/>\n<meta property=\"og:locale\" content=\"en_GB\" \/>\n<meta property=\"og:type\" content=\"article\" \/>\n<meta property=\"og:title\" content=\"Medinis valymo rinkinys vaikams - Ludo Turris\" \/>\n<meta property=\"og:description\" content=\"Vaiki\u0161kas valymo rinkinys \u2013 smagus \u017eaidimas mokantis tvarkos. Komplekte \u0161luota, semtuv\u0117lis ir kiti priedai ma\u017eiesiems pagalbininkams.\" \/>\n<meta property=\"og:url\" content=\"https:\/\/www.ludoturris.lt\/en\/product\/valymo-rinkinys-maziesiems\/\" \/>\n<meta property=\"og:site_name\" content=\"Ludo Turris\" \/>\n<meta property=\"article:publisher\" content=\"https:\/\/www.facebook.com\/Ludo-Turris-621921974895920\/\" \/>\n<meta property=\"article:modified_time\" content=\"2026-02-07T10:30:45+00:00\" \/>\n<meta property=\"og:image\" content=\"https:\/\/www.ludoturris.lt\/wp-content\/uploads\/2025\/09\/TL844009-2.png\" \/>\n\t<meta property=\"og:image:width\" content=\"1000\" \/>\n\t<meta property=\"og:image:height\" content=\"1000\" \/>\n\t<meta property=\"og:image:type\" content=\"image\/png\" \/>\n<meta name=\"twitter:card\" content=\"summary_large_image\" \/>\n<meta name=\"twitter:label1\" content=\"Estimated reading time\" \/>\n\t<meta name=\"twitter:data1\" content=\"1 minute\" \/>\n<script type=\"application\/ld+json\" class=\"yoast-schema-graph\">{\"@context\":\"https:\/\/schema.org\",\"@graph\":[{\"@type\":\"WebPage\",\"@id\":\"https:\/\/www.ludoturris.lt\/produktas\/valymo-rinkinys-maziesiems\/\",\"url\":\"https:\/\/www.ludoturris.lt\/produktas\/valymo-rinkinys-maziesiems\/\",\"name\":\"Medinis valymo rinkinys vaikams - Ludo Turris\",\"isPartOf\":{\"@id\":\"https:\/\/www.ludoturris.lt\/#website\"},\"datePublished\":\"2025-09-19T11:10:39+00:00\",\"dateModified\":\"2026-02-07T10:30:45+00:00\",\"description\":\"Vaiki\u0161kas valymo rinkinys \u2013 smagus \u017eaidimas mokantis tvarkos. Komplekte \u0161luota, semtuv\u0117lis ir kiti priedai ma\u017eiesiems pagalbininkams.\",\"breadcrumb\":{\"@id\":\"https:\/\/www.ludoturris.lt\/produktas\/valymo-rinkinys-maziesiems\/#breadcrumb\"},\"inLanguage\":\"en-GB\",\"potentialAction\":[{\"@type\":\"ReadAction\",\"target\":[\"https:\/\/www.ludoturris.lt\/produktas\/valymo-rinkinys-maziesiems\/\"]}]},{\"@type\":\"BreadcrumbList\",\"@id\":\"https:\/\/www.ludoturris.lt\/produktas\/valymo-rinkinys-maziesiems\/#breadcrumb\",\"itemListElement\":[{\"@type\":\"ListItem\",\"position\":1,\"name\":\"Home\",\"item\":\"https:\/\/www.ludoturris.lt\/\"},{\"@type\":\"ListItem\",\"position\":2,\"name\":\"Parduotuv\u0117\",\"item\":\"https:\/\/www.ludoturris.lt\/parduotuve\/\"},{\"@type\":\"ListItem\",\"position\":3,\"name\":\"Medinis valymo rinkinys vaikams\"}]},{\"@type\":\"WebSite\",\"@id\":\"https:\/\/www.ludoturris.lt\/#website\",\"url\":\"https:\/\/www.ludoturris.lt\/\",\"name\":\"Ludo Turris\",\"description\":\"K\u016brybi\u0161kum\u0105 ir fantazij\u0105 lavinan\u010dios kalad\u0117l\u0117s\",\"publisher\":{\"@id\":\"https:\/\/www.ludoturris.lt\/#organization\"},\"potentialAction\":[{\"@type\":\"SearchAction\",\"target\":{\"@type\":\"EntryPoint\",\"urlTemplate\":\"https:\/\/www.ludoturris.lt\/?s={search_term_string}\"},\"query-input\":\"required name=search_term_string\"}],\"inLanguage\":\"en-GB\"},{\"@type\":\"Organization\",\"@id\":\"https:\/\/www.ludoturris.lt\/#organization\",\"name\":\"Ludo Turris \u2013 Vakar\u0173 gama, UAB\",\"url\":\"https:\/\/www.ludoturris.lt\/\",\"logo\":{\"@type\":\"ImageObject\",\"inLanguage\":\"en-GB\",\"@id\":\"https:\/\/www.ludoturris.lt\/#\/schema\/logo\/image\/\",\"url\":\"https:\/\/www.ludoturris.lt\/wp-content\/uploads\/2020\/10\/logo@2x.png\",\"contentUrl\":\"https:\/\/www.ludoturris.lt\/wp-content\/uploads\/2020\/10\/logo@2x.png\",\"width\":300,\"height\":147,\"caption\":\"Ludo Turris \u2013 Vakar\u0173 gama, UAB\"},\"image\":{\"@id\":\"https:\/\/www.ludoturris.lt\/#\/schema\/logo\/image\/\"},\"sameAs\":[\"https:\/\/www.facebook.com\/Ludo-Turris-621921974895920\/\",\"https:\/\/www.youtube.com\/channel\/UCuBACq67N1NGC9LVudo4ngw\"]}]}<\/script>\n<!-- \/ Yoast SEO plugin. -->","yoast_head_json":{"title":"Medinis valymo rinkinys vaikams - Ludo Turris","description":"Vaiki\u0161kas valymo rinkinys \u2013 smagus \u017eaidimas mokantis tvarkos. Komplekte \u0161luota, semtuv\u0117lis ir kiti priedai ma\u017eiesiems pagalbininkams.","robots":{"index":"index","follow":"follow","max-snippet":"max-snippet:-1","max-image-preview":"max-image-preview:large","max-video-preview":"max-video-preview:-1"},"canonical":"https:\/\/www.ludoturris.lt\/en\/product\/valymo-rinkinys-maziesiems\/","og_locale":"en_GB","og_type":"article","og_title":"Medinis valymo rinkinys vaikams - Ludo Turris","og_description":"Vaiki\u0161kas valymo rinkinys \u2013 smagus \u017eaidimas mokantis tvarkos. Komplekte \u0161luota, semtuv\u0117lis ir kiti priedai ma\u017eiesiems pagalbininkams.","og_url":"https:\/\/www.ludoturris.lt\/en\/product\/valymo-rinkinys-maziesiems\/","og_site_name":"Ludo Turris","article_publisher":"https:\/\/www.facebook.com\/Ludo-Turris-621921974895920\/","article_modified_time":"2026-02-07T10:30:45+00:00","og_image":[{"width":1000,"height":1000,"url":"https:\/\/www.ludoturris.lt\/wp-content\/uploads\/2025\/09\/TL844009-2.png","type":"image\/png"}],"twitter_card":"summary_large_image","twitter_misc":{"Estimated reading time":"1 minute"},"schema":{"@context":"https:\/\/schema.org","@graph":[{"@type":"WebPage","@id":"https:\/\/www.ludoturris.lt\/produktas\/valymo-rinkinys-maziesiems\/","url":"https:\/\/www.ludoturris.lt\/produktas\/valymo-rinkinys-maziesiems\/","name":"Medinis valymo rinkinys vaikams - Ludo Turris","isPartOf":{"@id":"https:\/\/www.ludoturris.lt\/#website"},"datePublished":"2025-09-19T11:10:39+00:00","dateModified":"2026-02-07T10:30:45+00:00","description":"Vaiki\u0161kas valymo rinkinys \u2013 smagus \u017eaidimas mokantis tvarkos. Komplekte \u0161luota, semtuv\u0117lis ir kiti priedai ma\u017eiesiems pagalbininkams.","breadcrumb":{"@id":"https:\/\/www.ludoturris.lt\/produktas\/valymo-rinkinys-maziesiems\/#breadcrumb"},"inLanguage":"en-GB","potentialAction":[{"@type":"ReadAction","target":["https:\/\/www.ludoturris.lt\/produktas\/valymo-rinkinys-maziesiems\/"]}]},{"@type":"BreadcrumbList","@id":"https:\/\/www.ludoturris.lt\/produktas\/valymo-rinkinys-maziesiems\/#breadcrumb","itemListElement":[{"@type":"ListItem","position":1,"name":"Home","item":"https:\/\/www.ludoturris.lt\/"},{"@type":"ListItem","position":2,"name":"Parduotuv\u0117","item":"https:\/\/www.ludoturris.lt\/parduotuve\/"},{"@type":"ListItem","position":3,"name":"Medinis valymo rinkinys vaikams"}]},{"@type":"WebSite","@id":"https:\/\/www.ludoturris.lt\/#website","url":"https:\/\/www.ludoturris.lt\/","name":"Ludo Turris","description":"K\u016brybi\u0161kum\u0105 ir fantazij\u0105 lavinan\u010dios kalad\u0117l\u0117s","publisher":{"@id":"https:\/\/www.ludoturris.lt\/#organization"},"potentialAction":[{"@type":"SearchAction","target":{"@type":"EntryPoint","urlTemplate":"https:\/\/www.ludoturris.lt\/?s={search_term_string}"},"query-input":"required name=search_term_string"}],"inLanguage":"en-GB"},{"@type":"Organization","@id":"https:\/\/www.ludoturris.lt\/#organization","name":"Ludo Turris \u2013 Vakar\u0173 gama, UAB","url":"https:\/\/www.ludoturris.lt\/","logo":{"@type":"ImageObject","inLanguage":"en-GB","@id":"https:\/\/www.ludoturris.lt\/#\/schema\/logo\/image\/","url":"https:\/\/www.ludoturris.lt\/wp-content\/uploads\/2020\/10\/logo@2x.png","contentUrl":"https:\/\/www.ludoturris.lt\/wp-content\/uploads\/2020\/10\/logo@2x.png","width":300,"height":147,"caption":"Ludo Turris \u2013 Vakar\u0173 gama, UAB"},"image":{"@id":"https:\/\/www.ludoturris.lt\/#\/schema\/logo\/image\/"},"sameAs":["https:\/\/www.facebook.com\/Ludo-Turris-621921974895920\/","https:\/\/www.youtube.com\/channel\/UCuBACq67N1NGC9LVudo4ngw"]}]}},"uagb_featured_image_src":{"full":["https:\/\/www.ludoturris.lt\/wp-content\/uploads\/2025\/09\/TL844009-2.png",1000,1000,false],"thumbnail":["https:\/\/www.ludoturris.lt\/wp-content\/uploads\/2025\/09\/TL844009-2-150x150.png",150,150,true],"medium":["https:\/\/www.ludoturris.lt\/wp-content\/uploads\/2025\/09\/TL844009-2-300x300.png",300,300,true],"medium_large":["https:\/\/www.ludoturris.lt\/wp-content\/uploads\/2025\/09\/TL844009-2-768x768.png",768,768,true],"large":["https:\/\/www.ludoturris.lt\/wp-content\/uploads\/2025\/09\/TL844009-2.png",1000,1000,false],"1536x1536":["https:\/\/www.ludoturris.lt\/wp-content\/uploads\/2025\/09\/TL844009-2.png",1000,1000,false],"2048x2048":["https:\/\/www.ludoturris.lt\/wp-content\/uploads\/2025\/09\/TL844009-2.png",1000,1000,false],"trp-custom-language-flag":["https:\/\/www.ludoturris.lt\/wp-content\/uploads\/2025\/09\/TL844009-2-12x12.png",12,12,true],"woocommerce_thumbnail":["https:\/\/www.ludoturris.lt\/wp-content\/uploads\/2025\/09\/TL844009-2-300x300.png",300,300,true],"woocommerce_single":["https:\/\/www.ludoturris.lt\/wp-content\/uploads\/2025\/09\/TL844009-2-600x600.png",600,600,true],"woocommerce_gallery_thumbnail":["https:\/\/www.ludoturris.lt\/wp-content\/uploads\/2025\/09\/TL844009-2-100x100.png",100,100,true],"variation_swatches_image_size":["https:\/\/www.ludoturris.lt\/wp-content\/uploads\/2025\/09\/TL844009-2-50x50.png",50,50,true],"variation_swatches_tooltip_size":["https:\/\/www.ludoturris.lt\/wp-content\/uploads\/2025\/09\/TL844009-2-100x100.png",100,100,true],"dgwt-wcas-product-suggestion":["https:\/\/www.ludoturris.lt\/wp-content\/uploads\/2025\/09\/TL844009-2-64x64.png",64,64,true]},"uagb_author_info":{"display_name":"LudoTurris","author_link":"https:\/\/www.ludoturris.lt\/en\/author\/"},"uagb_comment_info":0,"uagb_excerpt":"Rekomenduojamas am\u017eius: nuo 3 met\u0173. \u0160is valymo rinkinys matmenys 20x68cm puikiai tinka vaikams kuriems m\u0117gsta m\u0117gd\u017eioti suaugusiuosius ir mokosi tvarkytis \u017eaid\u017eiant. Rinkin\u012f sudaro 7 dalys, \u012fskaitant \u0161luot\u0105, \u0161luot\u0105, dulki\u0173 \u0161luost\u0119, \u0161luotel\u0119, audin\u012f, semtuv\u0117l\u012f ir tvirt\u0105 stov\u0105, kuriame susid\u0117ti visus priedus. Nat\u016brali medienos konstrukcija ir u\u017eapvalinti kra\u0161tai u\u017etikrina saugum\u0105 ir ilgaam\u017ei\u0161kum\u0105. Su tikrovi\u0161kais priedais vaikai lavina&hellip;","_links":{"self":[{"href":"https:\/\/www.ludoturris.lt\/en\/wp-json\/wp\/v2\/product\/5217"}],"collection":[{"href":"https:\/\/www.ludoturris.lt\/en\/wp-json\/wp\/v2\/product"}],"about":[{"href":"https:\/\/www.ludoturris.lt\/en\/wp-json\/wp\/v2\/types\/product"}],"wp:featuredmedia":[{"embeddable":true,"href":"https:\/\/www.ludoturris.lt\/en\/wp-json\/wp\/v2\/media\/5528"}],"wp:attachment":[{"href":"https:\/\/www.ludoturris.lt\/en\/wp-json\/wp\/v2\/media?parent=5217"}],"wp:term":[{"taxonomy":"product_cat","embeddable":true,"href":"https:\/\/www.ludoturris.lt\/en\/wp-json\/wp\/v2\/product_cat?post=5217"},{"taxonomy":"product_tag","embeddable":true,"href":"https:\/\/www.ludoturris.lt\/en\/wp-json\/wp\/v2\/product_tag?post=5217"}],"curies":[{"name":"wp","href":"https:\/\/api.w.org\/{rel}","templated":true}]}}