{"id":5214,"date":"2025-09-19T08:48:41","date_gmt":"2025-09-19T10:48:41","guid":{"rendered":"https:\/\/www.ludoturris.lt\/?post_type=product&#038;p=5214"},"modified":"2026-02-10T07:07:41","modified_gmt":"2026-02-10T09:07:41","slug":"vaiku-spintele-5-stalciu-plastikine","status":"publish","type":"product","link":"https:\/\/www.ludoturris.lt\/en\/product\/vaiku-spintele-5-stalciu-plastikine\/","title":{"rendered":"Spintel\u0117 plastikin\u0117 vaikams"},"content":{"rendered":"<p>Lengvas, stabilus ir patvarus, idealiai tinka \u012fvairiems daiktams laikyti . Tai funkcionalus organizatorius vonios kambaryje, o vaiko kambaryje ar \u017eaidim\u0173 kambaryje \u2013 \u017eaislams, knygoms ir kitiems lobiams laikyti. Lentyn\u0105 sudaro penki spalvingi stal\u010diai, kuri\u0173 kiekvienas priekyje turi specialiai i\u0161lenkt\u0105 ranken\u0105, tod\u0117l juos lengva \u012fstumti ir i\u0161stumti. Stal\u010diai turi spynas, o kojel\u0117s turi ratukus, tod\u0117l j\u0105 lengva perkelti. Matmenys 31 x 32,5 x 84,5 cm.<\/p>","protected":false},"excerpt":{"rendered":"<p>Lengvas, stabilus ir patvarus, idealiai tinka \u012fvairiems daiktams laikyti . Tai funkcionalus organizatorius vonios kambaryje, o vaiko kambaryje ar \u017eaidim\u0173 kambaryje \u2013 \u017eaislams, knygoms ir kitiems lobiams laikyti. Lentyn\u0105 sudaro penki spalvingi stal\u010diai, kuri\u0173 kiekvienas priekyje turi specialiai i\u0161lenkt\u0105 ranken\u0105, tod\u0117l juos lengva \u012fstumti ir i\u0161stumti. Stal\u010diai turi spynas, o kojel\u0117s turi ratukus, tod\u0117l j\u0105 &hellip;<\/p>\n<p class=\"read-more\"> <a class=\"\" href=\"https:\/\/www.ludoturris.lt\/en\/product\/vaiku-spintele-5-stalciu-plastikine\/\"> <span class=\"screen-reader-text\">Spintel\u0117 plastikin\u0117 vaikams<\/span> Read More &raquo;<\/a><\/p>","protected":false},"featured_media":5562,"template":"","meta":{"_uag_custom_page_level_css":"","_themeisle_gutenberg_block_has_review":false},"product_cat":[95,92,69],"product_tag":[],"yoast_head":"<!-- This site is optimized with the Yoast SEO plugin v21.1 - https:\/\/yoast.com\/wordpress\/plugins\/seo\/ -->\n<title>Spintel\u0117 plastikin\u0117 vaikams - Ludo Turris<\/title>\n<meta name=\"description\" content=\"Patogi ir talpi 5 stal\u010di\u0173 plastikin\u0117 komoda prakti\u0161kas sprendimas drabu\u017eiams, \u017eaislams ar buities daiktams laikyti. Lengva, patvari ir paprasta pri\u017ei\u016br\u0117ti.\" \/>\n<meta name=\"robots\" content=\"index, follow, max-snippet:-1, max-image-preview:large, max-video-preview:-1\" \/>\n<link rel=\"canonical\" href=\"https:\/\/www.ludoturris.lt\/en\/product\/vaiku-spintele-5-stalciu-plastikine\/\" \/>\n<meta property=\"og:locale\" content=\"en_GB\" \/>\n<meta property=\"og:type\" content=\"article\" \/>\n<meta property=\"og:title\" content=\"Spintel\u0117 plastikin\u0117 vaikams - Ludo Turris\" \/>\n<meta property=\"og:description\" content=\"Patogi ir talpi 5 stal\u010di\u0173 plastikin\u0117 komoda prakti\u0161kas sprendimas drabu\u017eiams, \u017eaislams ar buities daiktams laikyti. Lengva, patvari ir paprasta pri\u017ei\u016br\u0117ti.\" \/>\n<meta property=\"og:url\" content=\"https:\/\/www.ludoturris.lt\/en\/product\/vaiku-spintele-5-stalciu-plastikine\/\" \/>\n<meta property=\"og:site_name\" content=\"Ludo Turris\" \/>\n<meta property=\"article:publisher\" content=\"https:\/\/www.facebook.com\/Ludo-Turris-621921974895920\/\" \/>\n<meta property=\"article:modified_time\" content=\"2026-02-10T09:07:41+00:00\" \/>\n<meta property=\"og:image\" content=\"https:\/\/www.ludoturris.lt\/wp-content\/uploads\/2025\/09\/pjj-3.png\" \/>\n\t<meta property=\"og:image:width\" content=\"1000\" \/>\n\t<meta property=\"og:image:height\" content=\"1000\" \/>\n\t<meta property=\"og:image:type\" content=\"image\/png\" \/>\n<meta name=\"twitter:card\" content=\"summary_large_image\" \/>\n<meta name=\"twitter:label1\" content=\"Estimated reading time\" \/>\n\t<meta name=\"twitter:data1\" content=\"1 minute\" \/>\n<script type=\"application\/ld+json\" class=\"yoast-schema-graph\">{\"@context\":\"https:\/\/schema.org\",\"@graph\":[{\"@type\":\"WebPage\",\"@id\":\"https:\/\/www.ludoturris.lt\/produktas\/vaiku-spintele-5-stalciu-plastikine\/\",\"url\":\"https:\/\/www.ludoturris.lt\/produktas\/vaiku-spintele-5-stalciu-plastikine\/\",\"name\":\"Spintel\u0117 plastikin\u0117 vaikams - Ludo Turris\",\"isPartOf\":{\"@id\":\"https:\/\/www.ludoturris.lt\/#website\"},\"datePublished\":\"2025-09-19T10:48:41+00:00\",\"dateModified\":\"2026-02-10T09:07:41+00:00\",\"description\":\"Patogi ir talpi 5 stal\u010di\u0173 plastikin\u0117 komoda prakti\u0161kas sprendimas drabu\u017eiams, \u017eaislams ar buities daiktams laikyti. Lengva, patvari ir paprasta pri\u017ei\u016br\u0117ti.\",\"breadcrumb\":{\"@id\":\"https:\/\/www.ludoturris.lt\/produktas\/vaiku-spintele-5-stalciu-plastikine\/#breadcrumb\"},\"inLanguage\":\"en-GB\",\"potentialAction\":[{\"@type\":\"ReadAction\",\"target\":[\"https:\/\/www.ludoturris.lt\/produktas\/vaiku-spintele-5-stalciu-plastikine\/\"]}]},{\"@type\":\"BreadcrumbList\",\"@id\":\"https:\/\/www.ludoturris.lt\/produktas\/vaiku-spintele-5-stalciu-plastikine\/#breadcrumb\",\"itemListElement\":[{\"@type\":\"ListItem\",\"position\":1,\"name\":\"Home\",\"item\":\"https:\/\/www.ludoturris.lt\/\"},{\"@type\":\"ListItem\",\"position\":2,\"name\":\"Parduotuv\u0117\",\"item\":\"https:\/\/www.ludoturris.lt\/parduotuve\/\"},{\"@type\":\"ListItem\",\"position\":3,\"name\":\"Spintel\u0117 plastikin\u0117 vaikams\"}]},{\"@type\":\"WebSite\",\"@id\":\"https:\/\/www.ludoturris.lt\/#website\",\"url\":\"https:\/\/www.ludoturris.lt\/\",\"name\":\"Ludo Turris\",\"description\":\"K\u016brybi\u0161kum\u0105 ir fantazij\u0105 lavinan\u010dios kalad\u0117l\u0117s\",\"publisher\":{\"@id\":\"https:\/\/www.ludoturris.lt\/#organization\"},\"potentialAction\":[{\"@type\":\"SearchAction\",\"target\":{\"@type\":\"EntryPoint\",\"urlTemplate\":\"https:\/\/www.ludoturris.lt\/?s={search_term_string}\"},\"query-input\":\"required name=search_term_string\"}],\"inLanguage\":\"en-GB\"},{\"@type\":\"Organization\",\"@id\":\"https:\/\/www.ludoturris.lt\/#organization\",\"name\":\"Ludo Turris \u2013 Vakar\u0173 gama, UAB\",\"url\":\"https:\/\/www.ludoturris.lt\/\",\"logo\":{\"@type\":\"ImageObject\",\"inLanguage\":\"en-GB\",\"@id\":\"https:\/\/www.ludoturris.lt\/#\/schema\/logo\/image\/\",\"url\":\"https:\/\/www.ludoturris.lt\/wp-content\/uploads\/2020\/10\/logo@2x.png\",\"contentUrl\":\"https:\/\/www.ludoturris.lt\/wp-content\/uploads\/2020\/10\/logo@2x.png\",\"width\":300,\"height\":147,\"caption\":\"Ludo Turris \u2013 Vakar\u0173 gama, UAB\"},\"image\":{\"@id\":\"https:\/\/www.ludoturris.lt\/#\/schema\/logo\/image\/\"},\"sameAs\":[\"https:\/\/www.facebook.com\/Ludo-Turris-621921974895920\/\",\"https:\/\/www.youtube.com\/channel\/UCuBACq67N1NGC9LVudo4ngw\"]}]}<\/script>\n<!-- \/ Yoast SEO plugin. -->","yoast_head_json":{"title":"Spintel\u0117 plastikin\u0117 vaikams - Ludo Turris","description":"Patogi ir talpi 5 stal\u010di\u0173 plastikin\u0117 komoda prakti\u0161kas sprendimas drabu\u017eiams, \u017eaislams ar buities daiktams laikyti. Lengva, patvari ir paprasta pri\u017ei\u016br\u0117ti.","robots":{"index":"index","follow":"follow","max-snippet":"max-snippet:-1","max-image-preview":"max-image-preview:large","max-video-preview":"max-video-preview:-1"},"canonical":"https:\/\/www.ludoturris.lt\/en\/product\/vaiku-spintele-5-stalciu-plastikine\/","og_locale":"en_GB","og_type":"article","og_title":"Spintel\u0117 plastikin\u0117 vaikams - Ludo Turris","og_description":"Patogi ir talpi 5 stal\u010di\u0173 plastikin\u0117 komoda prakti\u0161kas sprendimas drabu\u017eiams, \u017eaislams ar buities daiktams laikyti. Lengva, patvari ir paprasta pri\u017ei\u016br\u0117ti.","og_url":"https:\/\/www.ludoturris.lt\/en\/product\/vaiku-spintele-5-stalciu-plastikine\/","og_site_name":"Ludo Turris","article_publisher":"https:\/\/www.facebook.com\/Ludo-Turris-621921974895920\/","article_modified_time":"2026-02-10T09:07:41+00:00","og_image":[{"width":1000,"height":1000,"url":"https:\/\/www.ludoturris.lt\/wp-content\/uploads\/2025\/09\/pjj-3.png","type":"image\/png"}],"twitter_card":"summary_large_image","twitter_misc":{"Estimated reading time":"1 minute"},"schema":{"@context":"https:\/\/schema.org","@graph":[{"@type":"WebPage","@id":"https:\/\/www.ludoturris.lt\/produktas\/vaiku-spintele-5-stalciu-plastikine\/","url":"https:\/\/www.ludoturris.lt\/produktas\/vaiku-spintele-5-stalciu-plastikine\/","name":"Spintel\u0117 plastikin\u0117 vaikams - Ludo Turris","isPartOf":{"@id":"https:\/\/www.ludoturris.lt\/#website"},"datePublished":"2025-09-19T10:48:41+00:00","dateModified":"2026-02-10T09:07:41+00:00","description":"Patogi ir talpi 5 stal\u010di\u0173 plastikin\u0117 komoda prakti\u0161kas sprendimas drabu\u017eiams, \u017eaislams ar buities daiktams laikyti. Lengva, patvari ir paprasta pri\u017ei\u016br\u0117ti.","breadcrumb":{"@id":"https:\/\/www.ludoturris.lt\/produktas\/vaiku-spintele-5-stalciu-plastikine\/#breadcrumb"},"inLanguage":"en-GB","potentialAction":[{"@type":"ReadAction","target":["https:\/\/www.ludoturris.lt\/produktas\/vaiku-spintele-5-stalciu-plastikine\/"]}]},{"@type":"BreadcrumbList","@id":"https:\/\/www.ludoturris.lt\/produktas\/vaiku-spintele-5-stalciu-plastikine\/#breadcrumb","itemListElement":[{"@type":"ListItem","position":1,"name":"Home","item":"https:\/\/www.ludoturris.lt\/"},{"@type":"ListItem","position":2,"name":"Parduotuv\u0117","item":"https:\/\/www.ludoturris.lt\/parduotuve\/"},{"@type":"ListItem","position":3,"name":"Spintel\u0117 plastikin\u0117 vaikams"}]},{"@type":"WebSite","@id":"https:\/\/www.ludoturris.lt\/#website","url":"https:\/\/www.ludoturris.lt\/","name":"Ludo Turris","description":"K\u016brybi\u0161kum\u0105 ir fantazij\u0105 lavinan\u010dios kalad\u0117l\u0117s","publisher":{"@id":"https:\/\/www.ludoturris.lt\/#organization"},"potentialAction":[{"@type":"SearchAction","target":{"@type":"EntryPoint","urlTemplate":"https:\/\/www.ludoturris.lt\/?s={search_term_string}"},"query-input":"required name=search_term_string"}],"inLanguage":"en-GB"},{"@type":"Organization","@id":"https:\/\/www.ludoturris.lt\/#organization","name":"Ludo Turris \u2013 Vakar\u0173 gama, UAB","url":"https:\/\/www.ludoturris.lt\/","logo":{"@type":"ImageObject","inLanguage":"en-GB","@id":"https:\/\/www.ludoturris.lt\/#\/schema\/logo\/image\/","url":"https:\/\/www.ludoturris.lt\/wp-content\/uploads\/2020\/10\/logo@2x.png","contentUrl":"https:\/\/www.ludoturris.lt\/wp-content\/uploads\/2020\/10\/logo@2x.png","width":300,"height":147,"caption":"Ludo Turris \u2013 Vakar\u0173 gama, UAB"},"image":{"@id":"https:\/\/www.ludoturris.lt\/#\/schema\/logo\/image\/"},"sameAs":["https:\/\/www.facebook.com\/Ludo-Turris-621921974895920\/","https:\/\/www.youtube.com\/channel\/UCuBACq67N1NGC9LVudo4ngw"]}]}},"uagb_featured_image_src":{"full":["https:\/\/www.ludoturris.lt\/wp-content\/uploads\/2025\/09\/pjj-3.png",1000,1000,false],"thumbnail":["https:\/\/www.ludoturris.lt\/wp-content\/uploads\/2025\/09\/pjj-3-150x150.png",150,150,true],"medium":["https:\/\/www.ludoturris.lt\/wp-content\/uploads\/2025\/09\/pjj-3-300x300.png",300,300,true],"medium_large":["https:\/\/www.ludoturris.lt\/wp-content\/uploads\/2025\/09\/pjj-3-768x768.png",768,768,true],"large":["https:\/\/www.ludoturris.lt\/wp-content\/uploads\/2025\/09\/pjj-3.png",1000,1000,false],"1536x1536":["https:\/\/www.ludoturris.lt\/wp-content\/uploads\/2025\/09\/pjj-3.png",1000,1000,false],"2048x2048":["https:\/\/www.ludoturris.lt\/wp-content\/uploads\/2025\/09\/pjj-3.png",1000,1000,false],"trp-custom-language-flag":["https:\/\/www.ludoturris.lt\/wp-content\/uploads\/2025\/09\/pjj-3-12x12.png",12,12,true],"woocommerce_thumbnail":["https:\/\/www.ludoturris.lt\/wp-content\/uploads\/2025\/09\/pjj-3-300x300.png",300,300,true],"woocommerce_single":["https:\/\/www.ludoturris.lt\/wp-content\/uploads\/2025\/09\/pjj-3-600x600.png",600,600,true],"woocommerce_gallery_thumbnail":["https:\/\/www.ludoturris.lt\/wp-content\/uploads\/2025\/09\/pjj-3-100x100.png",100,100,true],"variation_swatches_image_size":["https:\/\/www.ludoturris.lt\/wp-content\/uploads\/2025\/09\/pjj-3-50x50.png",50,50,true],"variation_swatches_tooltip_size":["https:\/\/www.ludoturris.lt\/wp-content\/uploads\/2025\/09\/pjj-3-100x100.png",100,100,true],"dgwt-wcas-product-suggestion":["https:\/\/www.ludoturris.lt\/wp-content\/uploads\/2025\/09\/pjj-3-64x64.png",64,64,true]},"uagb_author_info":{"display_name":"LudoTurris","author_link":"https:\/\/www.ludoturris.lt\/en\/author\/"},"uagb_comment_info":0,"uagb_excerpt":"Lengvas, stabilus ir patvarus, idealiai tinka \u012fvairiems daiktams laikyti . Tai funkcionalus organizatorius vonios kambaryje, o vaiko kambaryje ar \u017eaidim\u0173 kambaryje \u2013 \u017eaislams, knygoms ir kitiems lobiams laikyti. Lentyn\u0105 sudaro penki spalvingi stal\u010diai, kuri\u0173 kiekvienas priekyje turi specialiai i\u0161lenkt\u0105 ranken\u0105, tod\u0117l juos lengva \u012fstumti ir i\u0161stumti. Stal\u010diai turi spynas, o kojel\u0117s turi ratukus, tod\u0117l j\u0105&hellip;","_links":{"self":[{"href":"https:\/\/www.ludoturris.lt\/en\/wp-json\/wp\/v2\/product\/5214"}],"collection":[{"href":"https:\/\/www.ludoturris.lt\/en\/wp-json\/wp\/v2\/product"}],"about":[{"href":"https:\/\/www.ludoturris.lt\/en\/wp-json\/wp\/v2\/types\/product"}],"wp:featuredmedia":[{"embeddable":true,"href":"https:\/\/www.ludoturris.lt\/en\/wp-json\/wp\/v2\/media\/5562"}],"wp:attachment":[{"href":"https:\/\/www.ludoturris.lt\/en\/wp-json\/wp\/v2\/media?parent=5214"}],"wp:term":[{"taxonomy":"product_cat","embeddable":true,"href":"https:\/\/www.ludoturris.lt\/en\/wp-json\/wp\/v2\/product_cat?post=5214"},{"taxonomy":"product_tag","embeddable":true,"href":"https:\/\/www.ludoturris.lt\/en\/wp-json\/wp\/v2\/product_tag?post=5214"}],"curies":[{"name":"wp","href":"https:\/\/api.w.org\/{rel}","templated":true}]}}