{"id":5184,"date":"2025-08-12T09:19:10","date_gmt":"2025-08-12T11:19:10","guid":{"rendered":"https:\/\/www.ludoturris.lt\/?post_type=product&#038;p=5184"},"modified":"2026-04-10T09:57:34","modified_gmt":"2026-04-10T11:57:34","slug":"medine-lauko-virtuvele-vaikams","status":"publish","type":"product","link":"https:\/\/www.ludoturris.lt\/en\/product\/medine-lauko-virtuvele-vaikams\/","title":{"rendered":"Medin\u0117 lauko virtuv\u0117l\u0117 vaikams"},"content":{"rendered":"<p>Rekomenduojamas am\u017eius: nuo 3 met\u0173. \u0160i virtuv\u0117 89x31x80,5cm. pagaminta i\u0161 egl\u0117s medienos  yra nuostabus \u017eaislas ma\u017eiesiems vir\u0117jams, lavinantis vaizduot\u0119 ir rankinius \u012fg\u016bd\u017eius. Pagaminta i\u0161 ekologi\u0161k\u0173 med\u017eiag\u0173, ji yra patvari ir esteti\u0161kai patraukli . \u012erengta realisti\u0161kais elementais, orkait\u0117, degikliai ir kriaukl\u0117, puodai ir net sodo \u012frankis, vaikai gali m\u0117gautis maisto gaminimu  visi\u0161kai saugiai. Puikiai tinka \u017eaisti tiek viduje, tiek lauke.  Virtuv\u0117l\u0117 taip pat turi ratukus ir ranken\u0105, kad b\u016bt\u0173 lengva j\u0105 perkelti.<\/p>","protected":false},"excerpt":{"rendered":"<p>Rekomenduojamas am\u017eius: nuo 3 met\u0173. \u0160i virtuv\u0117 89x31x80,5cm. pagaminta i\u0161 egl\u0117s medienos yra nuostabus \u017eaislas ma\u017eiesiems vir\u0117jams, lavinantis vaizduot\u0119 ir rankinius \u012fg\u016bd\u017eius. Pagaminta i\u0161 ekologi\u0161k\u0173 med\u017eiag\u0173, ji yra patvari ir esteti\u0161kai patraukli . \u012erengta realisti\u0161kais elementais, orkait\u0117, degikliai ir kriaukl\u0117, puodai ir net sodo \u012frankis, vaikai gali m\u0117gautis maisto gaminimu visi\u0161kai saugiai. Puikiai tinka \u017eaisti &hellip;<\/p>\n<p class=\"read-more\"> <a class=\"\" href=\"https:\/\/www.ludoturris.lt\/en\/product\/medine-lauko-virtuvele-vaikams\/\"> <span class=\"screen-reader-text\">Medin\u0117 lauko virtuv\u0117l\u0117 vaikams<\/span> Read More &raquo;<\/a><\/p>","protected":false},"featured_media":5185,"template":"","meta":{"_uag_custom_page_level_css":"","_themeisle_gutenberg_block_has_review":false},"product_cat":[92,69,93,96],"product_tag":[],"yoast_head":"<!-- This site is optimized with the Yoast SEO plugin v21.1 - https:\/\/yoast.com\/wordpress\/plugins\/seo\/ -->\n<title>Medin\u0117 lauko virtuv\u0117l\u0117 vaikams - Ludo Turris<\/title>\n<meta name=\"description\" content=\"Medin\u0117 lauko virtuv\u0117l\u0117 vaikams \u2013 tvirtas, saugus ir k\u016brybi\u0161k\u0105 \u017eaidim\u0105 skatinantis \u017eaislas kiemui. Puikiai tinka lavinti \u012fg\u016bd\u017eius ir praleisti laik\u0105 lauke.\" \/>\n<meta name=\"robots\" content=\"index, follow, max-snippet:-1, max-image-preview:large, max-video-preview:-1\" \/>\n<link rel=\"canonical\" href=\"https:\/\/www.ludoturris.lt\/en\/product\/medine-lauko-virtuvele-vaikams\/\" \/>\n<meta property=\"og:locale\" content=\"en_GB\" \/>\n<meta property=\"og:type\" content=\"article\" \/>\n<meta property=\"og:title\" content=\"Medin\u0117 lauko virtuv\u0117l\u0117 vaikams - Ludo Turris\" \/>\n<meta property=\"og:description\" content=\"Medin\u0117 lauko virtuv\u0117l\u0117 vaikams \u2013 tvirtas, saugus ir k\u016brybi\u0161k\u0105 \u017eaidim\u0105 skatinantis \u017eaislas kiemui. Puikiai tinka lavinti \u012fg\u016bd\u017eius ir praleisti laik\u0105 lauke.\" \/>\n<meta property=\"og:url\" content=\"https:\/\/www.ludoturris.lt\/en\/product\/medine-lauko-virtuvele-vaikams\/\" \/>\n<meta property=\"og:site_name\" content=\"Ludo Turris\" \/>\n<meta property=\"article:publisher\" content=\"https:\/\/www.facebook.com\/Ludo-Turris-621921974895920\/\" \/>\n<meta property=\"article:modified_time\" content=\"2026-04-10T11:57:34+00:00\" \/>\n<meta property=\"og:image\" content=\"https:\/\/www.ludoturris.lt\/wp-content\/uploads\/2025\/08\/TL814004.png\" \/>\n\t<meta property=\"og:image:width\" content=\"800\" \/>\n\t<meta property=\"og:image:height\" content=\"800\" \/>\n\t<meta property=\"og:image:type\" content=\"image\/png\" \/>\n<meta name=\"twitter:card\" content=\"summary_large_image\" \/>\n<meta name=\"twitter:label1\" content=\"Estimated reading time\" \/>\n\t<meta name=\"twitter:data1\" content=\"1 minute\" \/>\n<script type=\"application\/ld+json\" class=\"yoast-schema-graph\">{\"@context\":\"https:\/\/schema.org\",\"@graph\":[{\"@type\":\"WebPage\",\"@id\":\"https:\/\/www.ludoturris.lt\/produktas\/medine-lauko-virtuvele-vaikams\/\",\"url\":\"https:\/\/www.ludoturris.lt\/produktas\/medine-lauko-virtuvele-vaikams\/\",\"name\":\"Medin\u0117 lauko virtuv\u0117l\u0117 vaikams - Ludo Turris\",\"isPartOf\":{\"@id\":\"https:\/\/www.ludoturris.lt\/#website\"},\"datePublished\":\"2025-08-12T11:19:10+00:00\",\"dateModified\":\"2026-04-10T11:57:34+00:00\",\"description\":\"Medin\u0117 lauko virtuv\u0117l\u0117 vaikams \u2013 tvirtas, saugus ir k\u016brybi\u0161k\u0105 \u017eaidim\u0105 skatinantis \u017eaislas kiemui. Puikiai tinka lavinti \u012fg\u016bd\u017eius ir praleisti laik\u0105 lauke.\",\"breadcrumb\":{\"@id\":\"https:\/\/www.ludoturris.lt\/produktas\/medine-lauko-virtuvele-vaikams\/#breadcrumb\"},\"inLanguage\":\"en-GB\",\"potentialAction\":[{\"@type\":\"ReadAction\",\"target\":[\"https:\/\/www.ludoturris.lt\/produktas\/medine-lauko-virtuvele-vaikams\/\"]}]},{\"@type\":\"BreadcrumbList\",\"@id\":\"https:\/\/www.ludoturris.lt\/produktas\/medine-lauko-virtuvele-vaikams\/#breadcrumb\",\"itemListElement\":[{\"@type\":\"ListItem\",\"position\":1,\"name\":\"Home\",\"item\":\"https:\/\/www.ludoturris.lt\/\"},{\"@type\":\"ListItem\",\"position\":2,\"name\":\"Parduotuv\u0117\",\"item\":\"https:\/\/www.ludoturris.lt\/parduotuve\/\"},{\"@type\":\"ListItem\",\"position\":3,\"name\":\"Medin\u0117 lauko virtuv\u0117l\u0117 vaikams\"}]},{\"@type\":\"WebSite\",\"@id\":\"https:\/\/www.ludoturris.lt\/#website\",\"url\":\"https:\/\/www.ludoturris.lt\/\",\"name\":\"Ludo Turris\",\"description\":\"K\u016brybi\u0161kum\u0105 ir fantazij\u0105 lavinan\u010dios kalad\u0117l\u0117s\",\"publisher\":{\"@id\":\"https:\/\/www.ludoturris.lt\/#organization\"},\"potentialAction\":[{\"@type\":\"SearchAction\",\"target\":{\"@type\":\"EntryPoint\",\"urlTemplate\":\"https:\/\/www.ludoturris.lt\/?s={search_term_string}\"},\"query-input\":\"required name=search_term_string\"}],\"inLanguage\":\"en-GB\"},{\"@type\":\"Organization\",\"@id\":\"https:\/\/www.ludoturris.lt\/#organization\",\"name\":\"Ludo Turris \u2013 Vakar\u0173 gama, UAB\",\"url\":\"https:\/\/www.ludoturris.lt\/\",\"logo\":{\"@type\":\"ImageObject\",\"inLanguage\":\"en-GB\",\"@id\":\"https:\/\/www.ludoturris.lt\/#\/schema\/logo\/image\/\",\"url\":\"https:\/\/www.ludoturris.lt\/wp-content\/uploads\/2020\/10\/logo@2x.png\",\"contentUrl\":\"https:\/\/www.ludoturris.lt\/wp-content\/uploads\/2020\/10\/logo@2x.png\",\"width\":300,\"height\":147,\"caption\":\"Ludo Turris \u2013 Vakar\u0173 gama, UAB\"},\"image\":{\"@id\":\"https:\/\/www.ludoturris.lt\/#\/schema\/logo\/image\/\"},\"sameAs\":[\"https:\/\/www.facebook.com\/Ludo-Turris-621921974895920\/\",\"https:\/\/www.youtube.com\/channel\/UCuBACq67N1NGC9LVudo4ngw\"]}]}<\/script>\n<!-- \/ Yoast SEO plugin. -->","yoast_head_json":{"title":"Medin\u0117 lauko virtuv\u0117l\u0117 vaikams - Ludo Turris","description":"Medin\u0117 lauko virtuv\u0117l\u0117 vaikams \u2013 tvirtas, saugus ir k\u016brybi\u0161k\u0105 \u017eaidim\u0105 skatinantis \u017eaislas kiemui. Puikiai tinka lavinti \u012fg\u016bd\u017eius ir praleisti laik\u0105 lauke.","robots":{"index":"index","follow":"follow","max-snippet":"max-snippet:-1","max-image-preview":"max-image-preview:large","max-video-preview":"max-video-preview:-1"},"canonical":"https:\/\/www.ludoturris.lt\/en\/product\/medine-lauko-virtuvele-vaikams\/","og_locale":"en_GB","og_type":"article","og_title":"Medin\u0117 lauko virtuv\u0117l\u0117 vaikams - Ludo Turris","og_description":"Medin\u0117 lauko virtuv\u0117l\u0117 vaikams \u2013 tvirtas, saugus ir k\u016brybi\u0161k\u0105 \u017eaidim\u0105 skatinantis \u017eaislas kiemui. Puikiai tinka lavinti \u012fg\u016bd\u017eius ir praleisti laik\u0105 lauke.","og_url":"https:\/\/www.ludoturris.lt\/en\/product\/medine-lauko-virtuvele-vaikams\/","og_site_name":"Ludo Turris","article_publisher":"https:\/\/www.facebook.com\/Ludo-Turris-621921974895920\/","article_modified_time":"2026-04-10T11:57:34+00:00","og_image":[{"width":800,"height":800,"url":"https:\/\/www.ludoturris.lt\/wp-content\/uploads\/2025\/08\/TL814004.png","type":"image\/png"}],"twitter_card":"summary_large_image","twitter_misc":{"Estimated reading time":"1 minute"},"schema":{"@context":"https:\/\/schema.org","@graph":[{"@type":"WebPage","@id":"https:\/\/www.ludoturris.lt\/produktas\/medine-lauko-virtuvele-vaikams\/","url":"https:\/\/www.ludoturris.lt\/produktas\/medine-lauko-virtuvele-vaikams\/","name":"Medin\u0117 lauko virtuv\u0117l\u0117 vaikams - Ludo Turris","isPartOf":{"@id":"https:\/\/www.ludoturris.lt\/#website"},"datePublished":"2025-08-12T11:19:10+00:00","dateModified":"2026-04-10T11:57:34+00:00","description":"Medin\u0117 lauko virtuv\u0117l\u0117 vaikams \u2013 tvirtas, saugus ir k\u016brybi\u0161k\u0105 \u017eaidim\u0105 skatinantis \u017eaislas kiemui. Puikiai tinka lavinti \u012fg\u016bd\u017eius ir praleisti laik\u0105 lauke.","breadcrumb":{"@id":"https:\/\/www.ludoturris.lt\/produktas\/medine-lauko-virtuvele-vaikams\/#breadcrumb"},"inLanguage":"en-GB","potentialAction":[{"@type":"ReadAction","target":["https:\/\/www.ludoturris.lt\/produktas\/medine-lauko-virtuvele-vaikams\/"]}]},{"@type":"BreadcrumbList","@id":"https:\/\/www.ludoturris.lt\/produktas\/medine-lauko-virtuvele-vaikams\/#breadcrumb","itemListElement":[{"@type":"ListItem","position":1,"name":"Home","item":"https:\/\/www.ludoturris.lt\/"},{"@type":"ListItem","position":2,"name":"Parduotuv\u0117","item":"https:\/\/www.ludoturris.lt\/parduotuve\/"},{"@type":"ListItem","position":3,"name":"Medin\u0117 lauko virtuv\u0117l\u0117 vaikams"}]},{"@type":"WebSite","@id":"https:\/\/www.ludoturris.lt\/#website","url":"https:\/\/www.ludoturris.lt\/","name":"Ludo Turris","description":"K\u016brybi\u0161kum\u0105 ir fantazij\u0105 lavinan\u010dios kalad\u0117l\u0117s","publisher":{"@id":"https:\/\/www.ludoturris.lt\/#organization"},"potentialAction":[{"@type":"SearchAction","target":{"@type":"EntryPoint","urlTemplate":"https:\/\/www.ludoturris.lt\/?s={search_term_string}"},"query-input":"required name=search_term_string"}],"inLanguage":"en-GB"},{"@type":"Organization","@id":"https:\/\/www.ludoturris.lt\/#organization","name":"Ludo Turris \u2013 Vakar\u0173 gama, UAB","url":"https:\/\/www.ludoturris.lt\/","logo":{"@type":"ImageObject","inLanguage":"en-GB","@id":"https:\/\/www.ludoturris.lt\/#\/schema\/logo\/image\/","url":"https:\/\/www.ludoturris.lt\/wp-content\/uploads\/2020\/10\/logo@2x.png","contentUrl":"https:\/\/www.ludoturris.lt\/wp-content\/uploads\/2020\/10\/logo@2x.png","width":300,"height":147,"caption":"Ludo Turris \u2013 Vakar\u0173 gama, UAB"},"image":{"@id":"https:\/\/www.ludoturris.lt\/#\/schema\/logo\/image\/"},"sameAs":["https:\/\/www.facebook.com\/Ludo-Turris-621921974895920\/","https:\/\/www.youtube.com\/channel\/UCuBACq67N1NGC9LVudo4ngw"]}]}},"uagb_featured_image_src":{"full":["https:\/\/www.ludoturris.lt\/wp-content\/uploads\/2025\/08\/TL814004.png",800,800,false],"thumbnail":["https:\/\/www.ludoturris.lt\/wp-content\/uploads\/2025\/08\/TL814004-150x150.png",150,150,true],"medium":["https:\/\/www.ludoturris.lt\/wp-content\/uploads\/2025\/08\/TL814004-300x300.png",300,300,true],"medium_large":["https:\/\/www.ludoturris.lt\/wp-content\/uploads\/2025\/08\/TL814004-768x768.png",768,768,true],"large":["https:\/\/www.ludoturris.lt\/wp-content\/uploads\/2025\/08\/TL814004.png",800,800,false],"1536x1536":["https:\/\/www.ludoturris.lt\/wp-content\/uploads\/2025\/08\/TL814004.png",800,800,false],"2048x2048":["https:\/\/www.ludoturris.lt\/wp-content\/uploads\/2025\/08\/TL814004.png",800,800,false],"trp-custom-language-flag":["https:\/\/www.ludoturris.lt\/wp-content\/uploads\/2025\/08\/TL814004-12x12.png",12,12,true],"woocommerce_thumbnail":["https:\/\/www.ludoturris.lt\/wp-content\/uploads\/2025\/08\/TL814004-300x300.png",300,300,true],"woocommerce_single":["https:\/\/www.ludoturris.lt\/wp-content\/uploads\/2025\/08\/TL814004-600x600.png",600,600,true],"woocommerce_gallery_thumbnail":["https:\/\/www.ludoturris.lt\/wp-content\/uploads\/2025\/08\/TL814004-100x100.png",100,100,true],"variation_swatches_image_size":["https:\/\/www.ludoturris.lt\/wp-content\/uploads\/2025\/08\/TL814004-50x50.png",50,50,true],"variation_swatches_tooltip_size":["https:\/\/www.ludoturris.lt\/wp-content\/uploads\/2025\/08\/TL814004-100x100.png",100,100,true],"dgwt-wcas-product-suggestion":["https:\/\/www.ludoturris.lt\/wp-content\/uploads\/2025\/08\/TL814004.png",64,64,false]},"uagb_author_info":{"display_name":"LudoTurris","author_link":"https:\/\/www.ludoturris.lt\/en\/author\/"},"uagb_comment_info":0,"uagb_excerpt":"Rekomenduojamas am\u017eius: nuo 3 met\u0173. \u0160i virtuv\u0117 89x31x80,5cm. pagaminta i\u0161 egl\u0117s medienos yra nuostabus \u017eaislas ma\u017eiesiems vir\u0117jams, lavinantis vaizduot\u0119 ir rankinius \u012fg\u016bd\u017eius. Pagaminta i\u0161 ekologi\u0161k\u0173 med\u017eiag\u0173, ji yra patvari ir esteti\u0161kai patraukli . \u012erengta realisti\u0161kais elementais, orkait\u0117, degikliai ir kriaukl\u0117, puodai ir net sodo \u012frankis, vaikai gali m\u0117gautis maisto gaminimu visi\u0161kai saugiai. Puikiai tinka \u017eaisti&hellip;","_links":{"self":[{"href":"https:\/\/www.ludoturris.lt\/en\/wp-json\/wp\/v2\/product\/5184"}],"collection":[{"href":"https:\/\/www.ludoturris.lt\/en\/wp-json\/wp\/v2\/product"}],"about":[{"href":"https:\/\/www.ludoturris.lt\/en\/wp-json\/wp\/v2\/types\/product"}],"wp:featuredmedia":[{"embeddable":true,"href":"https:\/\/www.ludoturris.lt\/en\/wp-json\/wp\/v2\/media\/5185"}],"wp:attachment":[{"href":"https:\/\/www.ludoturris.lt\/en\/wp-json\/wp\/v2\/media?parent=5184"}],"wp:term":[{"taxonomy":"product_cat","embeddable":true,"href":"https:\/\/www.ludoturris.lt\/en\/wp-json\/wp\/v2\/product_cat?post=5184"},{"taxonomy":"product_tag","embeddable":true,"href":"https:\/\/www.ludoturris.lt\/en\/wp-json\/wp\/v2\/product_tag?post=5184"}],"curies":[{"name":"wp","href":"https:\/\/api.w.org\/{rel}","templated":true}]}}