{"id":5131,"date":"2025-08-01T14:28:47","date_gmt":"2025-08-01T16:28:47","guid":{"rendered":"https:\/\/www.ludoturris.lt\/?post_type=product&#038;p=5131"},"modified":"2026-02-10T13:21:02","modified_gmt":"2026-02-10T15:21:02","slug":"sidabriniai-abeceles-karoliukai","status":"publish","type":"product","link":"https:\/\/www.ludoturris.lt\/en\/product\/sidabriniai-abeceles-karoliukai\/","title":{"rendered":"Sidabriniai ab\u0117c\u0117l\u0117s karoliukai"},"content":{"rendered":"<p>Rekomenduojamas am\u017eius: nuo 5 met\u0173.  Rinkinyje yra 600 sidabrini\u0173 ab\u0117c\u0117l\u0117s karoliuk\u0173 ir 400 vidutini\u0173 karoliuk\u0173, 2x5m elastin\u0117s juostel\u0117s ir 2 adatos. I\u0161 1000 karoliuk\u0173 galite sukurti gra\u017eias apyrankes su vardais ar \u017einut\u0117mis. Suverkite karoliukus ant elastin\u0117s virvel\u0117s ir pasigaminkite gra\u017eias apyrankes. Spalv\u0173 pasirinkimas leid\u017eia jums \u012fvairiai juos derinti, juk k\u016brybai rib\u0173 n\u0117ra. Kilm\u0117s \u0161alis: K.L.R.<\/p>","protected":false},"excerpt":{"rendered":"<p>Rekomenduojamas am\u017eius: nuo 5 met\u0173. Rinkinyje yra 600 sidabrini\u0173 ab\u0117c\u0117l\u0117s karoliuk\u0173 ir 400 vidutini\u0173 karoliuk\u0173, 2x5m elastin\u0117s juostel\u0117s ir 2 adatos. I\u0161 1000 karoliuk\u0173 galite sukurti gra\u017eias apyrankes su vardais ar \u017einut\u0117mis. Suverkite karoliukus ant elastin\u0117s virvel\u0117s ir pasigaminkite gra\u017eias apyrankes. Spalv\u0173 pasirinkimas leid\u017eia jums \u012fvairiai juos derinti, juk k\u016brybai rib\u0173 n\u0117ra. Kilm\u0117s \u0161alis: K.L.R.<\/p>","protected":false},"featured_media":5132,"template":"","meta":{"_uag_custom_page_level_css":"","_themeisle_gutenberg_block_has_review":false},"product_cat":[69],"product_tag":[],"yoast_head":"<!-- This site is optimized with the Yoast SEO plugin v21.1 - https:\/\/yoast.com\/wordpress\/plugins\/seo\/ -->\n<title>Sidabriniai ab\u0117c\u0117l\u0117s karoliukai - Ludo Turris<\/title>\n<meta name=\"description\" content=\"Sidabriniai ab\u0117c\u0117l\u0117s karoliukai \u2013 stilingas ir lavinantis b\u016bdas kurti vardus, \u017eod\u017eius ar papuo\u0161alus. Puikiai tinka vaik\u0173 k\u016brybai ir raid\u017ei\u0173 pa\u017einimui!\" \/>\n<meta name=\"robots\" content=\"index, follow, max-snippet:-1, max-image-preview:large, max-video-preview:-1\" \/>\n<link rel=\"canonical\" href=\"https:\/\/www.ludoturris.lt\/en\/product\/sidabriniai-abeceles-karoliukai\/\" \/>\n<meta property=\"og:locale\" content=\"en_GB\" \/>\n<meta property=\"og:type\" content=\"article\" \/>\n<meta property=\"og:title\" content=\"Sidabriniai ab\u0117c\u0117l\u0117s karoliukai - Ludo Turris\" \/>\n<meta property=\"og:description\" content=\"Sidabriniai ab\u0117c\u0117l\u0117s karoliukai \u2013 stilingas ir lavinantis b\u016bdas kurti vardus, \u017eod\u017eius ar papuo\u0161alus. Puikiai tinka vaik\u0173 k\u016brybai ir raid\u017ei\u0173 pa\u017einimui!\" \/>\n<meta property=\"og:url\" content=\"https:\/\/www.ludoturris.lt\/en\/product\/sidabriniai-abeceles-karoliukai\/\" \/>\n<meta property=\"og:site_name\" content=\"Ludo Turris\" \/>\n<meta property=\"article:publisher\" content=\"https:\/\/www.facebook.com\/Ludo-Turris-621921974895920\/\" \/>\n<meta property=\"article:modified_time\" content=\"2026-02-10T15:21:02+00:00\" \/>\n<meta property=\"og:image\" content=\"https:\/\/www.ludoturris.lt\/wp-content\/uploads\/2025\/08\/DJ00030.png\" \/>\n\t<meta property=\"og:image:width\" content=\"1000\" \/>\n\t<meta property=\"og:image:height\" content=\"1000\" \/>\n\t<meta property=\"og:image:type\" content=\"image\/png\" \/>\n<meta name=\"twitter:card\" content=\"summary_large_image\" \/>\n<meta name=\"twitter:label1\" content=\"Estimated reading time\" \/>\n\t<meta name=\"twitter:data1\" content=\"1 minute\" \/>\n<script type=\"application\/ld+json\" class=\"yoast-schema-graph\">{\"@context\":\"https:\/\/schema.org\",\"@graph\":[{\"@type\":\"WebPage\",\"@id\":\"https:\/\/www.ludoturris.lt\/produktas\/sidabriniai-abeceles-karoliukai\/\",\"url\":\"https:\/\/www.ludoturris.lt\/produktas\/sidabriniai-abeceles-karoliukai\/\",\"name\":\"Sidabriniai ab\u0117c\u0117l\u0117s karoliukai - Ludo Turris\",\"isPartOf\":{\"@id\":\"https:\/\/www.ludoturris.lt\/#website\"},\"datePublished\":\"2025-08-01T16:28:47+00:00\",\"dateModified\":\"2026-02-10T15:21:02+00:00\",\"description\":\"Sidabriniai ab\u0117c\u0117l\u0117s karoliukai \u2013 stilingas ir lavinantis b\u016bdas kurti vardus, \u017eod\u017eius ar papuo\u0161alus. Puikiai tinka vaik\u0173 k\u016brybai ir raid\u017ei\u0173 pa\u017einimui!\",\"breadcrumb\":{\"@id\":\"https:\/\/www.ludoturris.lt\/produktas\/sidabriniai-abeceles-karoliukai\/#breadcrumb\"},\"inLanguage\":\"en-GB\",\"potentialAction\":[{\"@type\":\"ReadAction\",\"target\":[\"https:\/\/www.ludoturris.lt\/produktas\/sidabriniai-abeceles-karoliukai\/\"]}]},{\"@type\":\"BreadcrumbList\",\"@id\":\"https:\/\/www.ludoturris.lt\/produktas\/sidabriniai-abeceles-karoliukai\/#breadcrumb\",\"itemListElement\":[{\"@type\":\"ListItem\",\"position\":1,\"name\":\"Home\",\"item\":\"https:\/\/www.ludoturris.lt\/\"},{\"@type\":\"ListItem\",\"position\":2,\"name\":\"Parduotuv\u0117\",\"item\":\"https:\/\/www.ludoturris.lt\/parduotuve\/\"},{\"@type\":\"ListItem\",\"position\":3,\"name\":\"Sidabriniai ab\u0117c\u0117l\u0117s karoliukai\"}]},{\"@type\":\"WebSite\",\"@id\":\"https:\/\/www.ludoturris.lt\/#website\",\"url\":\"https:\/\/www.ludoturris.lt\/\",\"name\":\"Ludo Turris\",\"description\":\"K\u016brybi\u0161kum\u0105 ir fantazij\u0105 lavinan\u010dios kalad\u0117l\u0117s\",\"publisher\":{\"@id\":\"https:\/\/www.ludoturris.lt\/#organization\"},\"potentialAction\":[{\"@type\":\"SearchAction\",\"target\":{\"@type\":\"EntryPoint\",\"urlTemplate\":\"https:\/\/www.ludoturris.lt\/?s={search_term_string}\"},\"query-input\":\"required name=search_term_string\"}],\"inLanguage\":\"en-GB\"},{\"@type\":\"Organization\",\"@id\":\"https:\/\/www.ludoturris.lt\/#organization\",\"name\":\"Ludo Turris \u2013 Vakar\u0173 gama, UAB\",\"url\":\"https:\/\/www.ludoturris.lt\/\",\"logo\":{\"@type\":\"ImageObject\",\"inLanguage\":\"en-GB\",\"@id\":\"https:\/\/www.ludoturris.lt\/#\/schema\/logo\/image\/\",\"url\":\"https:\/\/www.ludoturris.lt\/wp-content\/uploads\/2020\/10\/logo@2x.png\",\"contentUrl\":\"https:\/\/www.ludoturris.lt\/wp-content\/uploads\/2020\/10\/logo@2x.png\",\"width\":300,\"height\":147,\"caption\":\"Ludo Turris \u2013 Vakar\u0173 gama, UAB\"},\"image\":{\"@id\":\"https:\/\/www.ludoturris.lt\/#\/schema\/logo\/image\/\"},\"sameAs\":[\"https:\/\/www.facebook.com\/Ludo-Turris-621921974895920\/\",\"https:\/\/www.youtube.com\/channel\/UCuBACq67N1NGC9LVudo4ngw\"]}]}<\/script>\n<!-- \/ Yoast SEO plugin. -->","yoast_head_json":{"title":"Sidabriniai ab\u0117c\u0117l\u0117s karoliukai - Ludo Turris","description":"Sidabriniai ab\u0117c\u0117l\u0117s karoliukai \u2013 stilingas ir lavinantis b\u016bdas kurti vardus, \u017eod\u017eius ar papuo\u0161alus. Puikiai tinka vaik\u0173 k\u016brybai ir raid\u017ei\u0173 pa\u017einimui!","robots":{"index":"index","follow":"follow","max-snippet":"max-snippet:-1","max-image-preview":"max-image-preview:large","max-video-preview":"max-video-preview:-1"},"canonical":"https:\/\/www.ludoturris.lt\/en\/product\/sidabriniai-abeceles-karoliukai\/","og_locale":"en_GB","og_type":"article","og_title":"Sidabriniai ab\u0117c\u0117l\u0117s karoliukai - Ludo Turris","og_description":"Sidabriniai ab\u0117c\u0117l\u0117s karoliukai \u2013 stilingas ir lavinantis b\u016bdas kurti vardus, \u017eod\u017eius ar papuo\u0161alus. Puikiai tinka vaik\u0173 k\u016brybai ir raid\u017ei\u0173 pa\u017einimui!","og_url":"https:\/\/www.ludoturris.lt\/en\/product\/sidabriniai-abeceles-karoliukai\/","og_site_name":"Ludo Turris","article_publisher":"https:\/\/www.facebook.com\/Ludo-Turris-621921974895920\/","article_modified_time":"2026-02-10T15:21:02+00:00","og_image":[{"width":1000,"height":1000,"url":"https:\/\/www.ludoturris.lt\/wp-content\/uploads\/2025\/08\/DJ00030.png","type":"image\/png"}],"twitter_card":"summary_large_image","twitter_misc":{"Estimated reading time":"1 minute"},"schema":{"@context":"https:\/\/schema.org","@graph":[{"@type":"WebPage","@id":"https:\/\/www.ludoturris.lt\/produktas\/sidabriniai-abeceles-karoliukai\/","url":"https:\/\/www.ludoturris.lt\/produktas\/sidabriniai-abeceles-karoliukai\/","name":"Sidabriniai ab\u0117c\u0117l\u0117s karoliukai - Ludo Turris","isPartOf":{"@id":"https:\/\/www.ludoturris.lt\/#website"},"datePublished":"2025-08-01T16:28:47+00:00","dateModified":"2026-02-10T15:21:02+00:00","description":"Sidabriniai ab\u0117c\u0117l\u0117s karoliukai \u2013 stilingas ir lavinantis b\u016bdas kurti vardus, \u017eod\u017eius ar papuo\u0161alus. Puikiai tinka vaik\u0173 k\u016brybai ir raid\u017ei\u0173 pa\u017einimui!","breadcrumb":{"@id":"https:\/\/www.ludoturris.lt\/produktas\/sidabriniai-abeceles-karoliukai\/#breadcrumb"},"inLanguage":"en-GB","potentialAction":[{"@type":"ReadAction","target":["https:\/\/www.ludoturris.lt\/produktas\/sidabriniai-abeceles-karoliukai\/"]}]},{"@type":"BreadcrumbList","@id":"https:\/\/www.ludoturris.lt\/produktas\/sidabriniai-abeceles-karoliukai\/#breadcrumb","itemListElement":[{"@type":"ListItem","position":1,"name":"Home","item":"https:\/\/www.ludoturris.lt\/"},{"@type":"ListItem","position":2,"name":"Parduotuv\u0117","item":"https:\/\/www.ludoturris.lt\/parduotuve\/"},{"@type":"ListItem","position":3,"name":"Sidabriniai ab\u0117c\u0117l\u0117s karoliukai"}]},{"@type":"WebSite","@id":"https:\/\/www.ludoturris.lt\/#website","url":"https:\/\/www.ludoturris.lt\/","name":"Ludo Turris","description":"K\u016brybi\u0161kum\u0105 ir fantazij\u0105 lavinan\u010dios kalad\u0117l\u0117s","publisher":{"@id":"https:\/\/www.ludoturris.lt\/#organization"},"potentialAction":[{"@type":"SearchAction","target":{"@type":"EntryPoint","urlTemplate":"https:\/\/www.ludoturris.lt\/?s={search_term_string}"},"query-input":"required name=search_term_string"}],"inLanguage":"en-GB"},{"@type":"Organization","@id":"https:\/\/www.ludoturris.lt\/#organization","name":"Ludo Turris \u2013 Vakar\u0173 gama, UAB","url":"https:\/\/www.ludoturris.lt\/","logo":{"@type":"ImageObject","inLanguage":"en-GB","@id":"https:\/\/www.ludoturris.lt\/#\/schema\/logo\/image\/","url":"https:\/\/www.ludoturris.lt\/wp-content\/uploads\/2020\/10\/logo@2x.png","contentUrl":"https:\/\/www.ludoturris.lt\/wp-content\/uploads\/2020\/10\/logo@2x.png","width":300,"height":147,"caption":"Ludo Turris \u2013 Vakar\u0173 gama, UAB"},"image":{"@id":"https:\/\/www.ludoturris.lt\/#\/schema\/logo\/image\/"},"sameAs":["https:\/\/www.facebook.com\/Ludo-Turris-621921974895920\/","https:\/\/www.youtube.com\/channel\/UCuBACq67N1NGC9LVudo4ngw"]}]}},"uagb_featured_image_src":{"full":["https:\/\/www.ludoturris.lt\/wp-content\/uploads\/2025\/08\/DJ00030.png",1000,1000,false],"thumbnail":["https:\/\/www.ludoturris.lt\/wp-content\/uploads\/2025\/08\/DJ00030-150x150.png",150,150,true],"medium":["https:\/\/www.ludoturris.lt\/wp-content\/uploads\/2025\/08\/DJ00030-300x300.png",300,300,true],"medium_large":["https:\/\/www.ludoturris.lt\/wp-content\/uploads\/2025\/08\/DJ00030-768x768.png",768,768,true],"large":["https:\/\/www.ludoturris.lt\/wp-content\/uploads\/2025\/08\/DJ00030.png",1000,1000,false],"1536x1536":["https:\/\/www.ludoturris.lt\/wp-content\/uploads\/2025\/08\/DJ00030.png",1000,1000,false],"2048x2048":["https:\/\/www.ludoturris.lt\/wp-content\/uploads\/2025\/08\/DJ00030.png",1000,1000,false],"trp-custom-language-flag":["https:\/\/www.ludoturris.lt\/wp-content\/uploads\/2025\/08\/DJ00030-12x12.png",12,12,true],"woocommerce_thumbnail":["https:\/\/www.ludoturris.lt\/wp-content\/uploads\/2025\/08\/DJ00030-300x300.png",300,300,true],"woocommerce_single":["https:\/\/www.ludoturris.lt\/wp-content\/uploads\/2025\/08\/DJ00030-600x600.png",600,600,true],"woocommerce_gallery_thumbnail":["https:\/\/www.ludoturris.lt\/wp-content\/uploads\/2025\/08\/DJ00030-100x100.png",100,100,true],"variation_swatches_image_size":["https:\/\/www.ludoturris.lt\/wp-content\/uploads\/2025\/08\/DJ00030-50x50.png",50,50,true],"variation_swatches_tooltip_size":["https:\/\/www.ludoturris.lt\/wp-content\/uploads\/2025\/08\/DJ00030-100x100.png",100,100,true],"dgwt-wcas-product-suggestion":["https:\/\/www.ludoturris.lt\/wp-content\/uploads\/2025\/08\/DJ00030.png",64,64,false]},"uagb_author_info":{"display_name":"LudoTurris","author_link":"https:\/\/www.ludoturris.lt\/en\/author\/"},"uagb_comment_info":0,"uagb_excerpt":"Rekomenduojamas am\u017eius: nuo 5 met\u0173. Rinkinyje yra 600 sidabrini\u0173 ab\u0117c\u0117l\u0117s karoliuk\u0173 ir 400 vidutini\u0173 karoliuk\u0173, 2x5m elastin\u0117s juostel\u0117s ir 2 adatos. I\u0161 1000 karoliuk\u0173 galite sukurti gra\u017eias apyrankes su vardais ar \u017einut\u0117mis. Suverkite karoliukus ant elastin\u0117s virvel\u0117s ir pasigaminkite gra\u017eias apyrankes. Spalv\u0173 pasirinkimas leid\u017eia jums \u012fvairiai juos derinti, juk k\u016brybai rib\u0173 n\u0117ra. Kilm\u0117s \u0161alis: K.L.R.","_links":{"self":[{"href":"https:\/\/www.ludoturris.lt\/en\/wp-json\/wp\/v2\/product\/5131"}],"collection":[{"href":"https:\/\/www.ludoturris.lt\/en\/wp-json\/wp\/v2\/product"}],"about":[{"href":"https:\/\/www.ludoturris.lt\/en\/wp-json\/wp\/v2\/types\/product"}],"wp:featuredmedia":[{"embeddable":true,"href":"https:\/\/www.ludoturris.lt\/en\/wp-json\/wp\/v2\/media\/5132"}],"wp:attachment":[{"href":"https:\/\/www.ludoturris.lt\/en\/wp-json\/wp\/v2\/media?parent=5131"}],"wp:term":[{"taxonomy":"product_cat","embeddable":true,"href":"https:\/\/www.ludoturris.lt\/en\/wp-json\/wp\/v2\/product_cat?post=5131"},{"taxonomy":"product_tag","embeddable":true,"href":"https:\/\/www.ludoturris.lt\/en\/wp-json\/wp\/v2\/product_tag?post=5131"}],"curies":[{"name":"wp","href":"https:\/\/api.w.org\/{rel}","templated":true}]}}