{"id":5123,"date":"2025-08-01T11:35:04","date_gmt":"2025-08-01T13:35:04","guid":{"rendered":"https:\/\/www.ludoturris.lt\/?post_type=product&#038;p=5123"},"modified":"2026-02-10T13:32:03","modified_gmt":"2026-02-10T15:32:03","slug":"magnetinis-zaidimas-tropine-zvejyba","status":"publish","type":"product","link":"https:\/\/www.ludoturris.lt\/en\/product\/magnetinis-zaidimas-tropine-zvejyba\/","title":{"rendered":"Magnetinis \u017eaidimas tropin\u0117 \u017evejyba"},"content":{"rendered":"<p>Rekomenduojamas am\u017eius: nuo 2 met\u0173.  Klasikinis \u017eaidimas apie \u017evejyb\u0105. \u017daidime rasite 12 medini\u0173 magnetini\u0173 \u017euveli\u0173, j\u016br\u0173 gyv\u016bnus ir dvi magnetines me\u0161keres! \u017dvejyba smagus lavinantis \u017eaidimas vaikams, skatinantis rank\u0173-aki\u0173 koordinacij\u0105, kantryb\u0119 ir koncentracij\u0105 smagiai leid\u017eiant laik\u0105. Pagaminta pagal Pranc\u016bzijos dizain\u0105 ir u\u017esakym\u0105. <\/p>","protected":false},"excerpt":{"rendered":"<p>Rekomenduojamas am\u017eius: nuo 2 met\u0173. Klasikinis \u017eaidimas apie \u017evejyb\u0105. \u017daidime rasite 12 medini\u0173 magnetini\u0173 \u017euveli\u0173, j\u016br\u0173 gyv\u016bnus ir dvi magnetines me\u0161keres! \u017dvejyba smagus lavinantis \u017eaidimas vaikams, skatinantis rank\u0173-aki\u0173 koordinacij\u0105, kantryb\u0119 ir koncentracij\u0105 smagiai leid\u017eiant laik\u0105. Pagaminta pagal Pranc\u016bzijos dizain\u0105 ir u\u017esakym\u0105.<\/p>","protected":false},"featured_media":5124,"template":"","meta":{"_uag_custom_page_level_css":"","_themeisle_gutenberg_block_has_review":false},"product_cat":[69,96],"product_tag":[],"yoast_head":"<!-- This site is optimized with the Yoast SEO plugin v21.1 - https:\/\/yoast.com\/wordpress\/plugins\/seo\/ -->\n<title>Magnetinis \u017eaidimas tropin\u0117 \u017evejyba - Ludo Turris<\/title>\n<meta name=\"description\" content=\"Magnetinis \u017eaidimas \u201eTropin\u0117 \u017evejyba\u201c \u2013 lavinantis ir linksmas u\u017esi\u0117mimas vaikams. Gaudyk spalvingas \u017euvytes magnetine me\u0161kere ir lavink koordinacij\u0105!\" \/>\n<meta name=\"robots\" content=\"index, follow, max-snippet:-1, max-image-preview:large, max-video-preview:-1\" \/>\n<link rel=\"canonical\" href=\"https:\/\/www.ludoturris.lt\/en\/product\/magnetinis-zaidimas-tropine-zvejyba\/\" \/>\n<meta property=\"og:locale\" content=\"en_GB\" \/>\n<meta property=\"og:type\" content=\"article\" \/>\n<meta property=\"og:title\" content=\"Magnetinis \u017eaidimas tropin\u0117 \u017evejyba - Ludo Turris\" \/>\n<meta property=\"og:description\" content=\"Magnetinis \u017eaidimas \u201eTropin\u0117 \u017evejyba\u201c \u2013 lavinantis ir linksmas u\u017esi\u0117mimas vaikams. Gaudyk spalvingas \u017euvytes magnetine me\u0161kere ir lavink koordinacij\u0105!\" \/>\n<meta property=\"og:url\" content=\"https:\/\/www.ludoturris.lt\/en\/product\/magnetinis-zaidimas-tropine-zvejyba\/\" \/>\n<meta property=\"og:site_name\" content=\"Ludo Turris\" \/>\n<meta property=\"article:publisher\" content=\"https:\/\/www.facebook.com\/Ludo-Turris-621921974895920\/\" \/>\n<meta property=\"article:modified_time\" content=\"2026-02-10T15:32:03+00:00\" \/>\n<meta property=\"og:image\" content=\"https:\/\/www.ludoturris.lt\/wp-content\/uploads\/2025\/08\/V-DJ01652.png\" \/>\n\t<meta property=\"og:image:width\" content=\"1000\" \/>\n\t<meta property=\"og:image:height\" content=\"1000\" \/>\n\t<meta property=\"og:image:type\" content=\"image\/png\" \/>\n<meta name=\"twitter:card\" content=\"summary_large_image\" \/>\n<meta name=\"twitter:label1\" content=\"Estimated reading time\" \/>\n\t<meta name=\"twitter:data1\" content=\"1 minute\" \/>\n<script type=\"application\/ld+json\" class=\"yoast-schema-graph\">{\"@context\":\"https:\/\/schema.org\",\"@graph\":[{\"@type\":\"WebPage\",\"@id\":\"https:\/\/www.ludoturris.lt\/produktas\/magnetinis-zaidimas-tropine-zvejyba\/\",\"url\":\"https:\/\/www.ludoturris.lt\/produktas\/magnetinis-zaidimas-tropine-zvejyba\/\",\"name\":\"Magnetinis \u017eaidimas tropin\u0117 \u017evejyba - Ludo Turris\",\"isPartOf\":{\"@id\":\"https:\/\/www.ludoturris.lt\/#website\"},\"datePublished\":\"2025-08-01T13:35:04+00:00\",\"dateModified\":\"2026-02-10T15:32:03+00:00\",\"description\":\"Magnetinis \u017eaidimas \u201eTropin\u0117 \u017evejyba\u201c \u2013 lavinantis ir linksmas u\u017esi\u0117mimas vaikams. Gaudyk spalvingas \u017euvytes magnetine me\u0161kere ir lavink koordinacij\u0105!\",\"breadcrumb\":{\"@id\":\"https:\/\/www.ludoturris.lt\/produktas\/magnetinis-zaidimas-tropine-zvejyba\/#breadcrumb\"},\"inLanguage\":\"en-GB\",\"potentialAction\":[{\"@type\":\"ReadAction\",\"target\":[\"https:\/\/www.ludoturris.lt\/produktas\/magnetinis-zaidimas-tropine-zvejyba\/\"]}]},{\"@type\":\"BreadcrumbList\",\"@id\":\"https:\/\/www.ludoturris.lt\/produktas\/magnetinis-zaidimas-tropine-zvejyba\/#breadcrumb\",\"itemListElement\":[{\"@type\":\"ListItem\",\"position\":1,\"name\":\"Home\",\"item\":\"https:\/\/www.ludoturris.lt\/\"},{\"@type\":\"ListItem\",\"position\":2,\"name\":\"Parduotuv\u0117\",\"item\":\"https:\/\/www.ludoturris.lt\/parduotuve\/\"},{\"@type\":\"ListItem\",\"position\":3,\"name\":\"Magnetinis \u017eaidimas tropin\u0117 \u017evejyba\"}]},{\"@type\":\"WebSite\",\"@id\":\"https:\/\/www.ludoturris.lt\/#website\",\"url\":\"https:\/\/www.ludoturris.lt\/\",\"name\":\"Ludo Turris\",\"description\":\"K\u016brybi\u0161kum\u0105 ir fantazij\u0105 lavinan\u010dios kalad\u0117l\u0117s\",\"publisher\":{\"@id\":\"https:\/\/www.ludoturris.lt\/#organization\"},\"potentialAction\":[{\"@type\":\"SearchAction\",\"target\":{\"@type\":\"EntryPoint\",\"urlTemplate\":\"https:\/\/www.ludoturris.lt\/?s={search_term_string}\"},\"query-input\":\"required name=search_term_string\"}],\"inLanguage\":\"en-GB\"},{\"@type\":\"Organization\",\"@id\":\"https:\/\/www.ludoturris.lt\/#organization\",\"name\":\"Ludo Turris \u2013 Vakar\u0173 gama, UAB\",\"url\":\"https:\/\/www.ludoturris.lt\/\",\"logo\":{\"@type\":\"ImageObject\",\"inLanguage\":\"en-GB\",\"@id\":\"https:\/\/www.ludoturris.lt\/#\/schema\/logo\/image\/\",\"url\":\"https:\/\/www.ludoturris.lt\/wp-content\/uploads\/2020\/10\/logo@2x.png\",\"contentUrl\":\"https:\/\/www.ludoturris.lt\/wp-content\/uploads\/2020\/10\/logo@2x.png\",\"width\":300,\"height\":147,\"caption\":\"Ludo Turris \u2013 Vakar\u0173 gama, UAB\"},\"image\":{\"@id\":\"https:\/\/www.ludoturris.lt\/#\/schema\/logo\/image\/\"},\"sameAs\":[\"https:\/\/www.facebook.com\/Ludo-Turris-621921974895920\/\",\"https:\/\/www.youtube.com\/channel\/UCuBACq67N1NGC9LVudo4ngw\"]}]}<\/script>\n<!-- \/ Yoast SEO plugin. -->","yoast_head_json":{"title":"Magnetinis \u017eaidimas tropin\u0117 \u017evejyba - Ludo Turris","description":"Magnetinis \u017eaidimas \u201eTropin\u0117 \u017evejyba\u201c \u2013 lavinantis ir linksmas u\u017esi\u0117mimas vaikams. Gaudyk spalvingas \u017euvytes magnetine me\u0161kere ir lavink koordinacij\u0105!","robots":{"index":"index","follow":"follow","max-snippet":"max-snippet:-1","max-image-preview":"max-image-preview:large","max-video-preview":"max-video-preview:-1"},"canonical":"https:\/\/www.ludoturris.lt\/en\/product\/magnetinis-zaidimas-tropine-zvejyba\/","og_locale":"en_GB","og_type":"article","og_title":"Magnetinis \u017eaidimas tropin\u0117 \u017evejyba - Ludo Turris","og_description":"Magnetinis \u017eaidimas \u201eTropin\u0117 \u017evejyba\u201c \u2013 lavinantis ir linksmas u\u017esi\u0117mimas vaikams. Gaudyk spalvingas \u017euvytes magnetine me\u0161kere ir lavink koordinacij\u0105!","og_url":"https:\/\/www.ludoturris.lt\/en\/product\/magnetinis-zaidimas-tropine-zvejyba\/","og_site_name":"Ludo Turris","article_publisher":"https:\/\/www.facebook.com\/Ludo-Turris-621921974895920\/","article_modified_time":"2026-02-10T15:32:03+00:00","og_image":[{"width":1000,"height":1000,"url":"https:\/\/www.ludoturris.lt\/wp-content\/uploads\/2025\/08\/V-DJ01652.png","type":"image\/png"}],"twitter_card":"summary_large_image","twitter_misc":{"Estimated reading time":"1 minute"},"schema":{"@context":"https:\/\/schema.org","@graph":[{"@type":"WebPage","@id":"https:\/\/www.ludoturris.lt\/produktas\/magnetinis-zaidimas-tropine-zvejyba\/","url":"https:\/\/www.ludoturris.lt\/produktas\/magnetinis-zaidimas-tropine-zvejyba\/","name":"Magnetinis \u017eaidimas tropin\u0117 \u017evejyba - Ludo Turris","isPartOf":{"@id":"https:\/\/www.ludoturris.lt\/#website"},"datePublished":"2025-08-01T13:35:04+00:00","dateModified":"2026-02-10T15:32:03+00:00","description":"Magnetinis \u017eaidimas \u201eTropin\u0117 \u017evejyba\u201c \u2013 lavinantis ir linksmas u\u017esi\u0117mimas vaikams. Gaudyk spalvingas \u017euvytes magnetine me\u0161kere ir lavink koordinacij\u0105!","breadcrumb":{"@id":"https:\/\/www.ludoturris.lt\/produktas\/magnetinis-zaidimas-tropine-zvejyba\/#breadcrumb"},"inLanguage":"en-GB","potentialAction":[{"@type":"ReadAction","target":["https:\/\/www.ludoturris.lt\/produktas\/magnetinis-zaidimas-tropine-zvejyba\/"]}]},{"@type":"BreadcrumbList","@id":"https:\/\/www.ludoturris.lt\/produktas\/magnetinis-zaidimas-tropine-zvejyba\/#breadcrumb","itemListElement":[{"@type":"ListItem","position":1,"name":"Home","item":"https:\/\/www.ludoturris.lt\/"},{"@type":"ListItem","position":2,"name":"Parduotuv\u0117","item":"https:\/\/www.ludoturris.lt\/parduotuve\/"},{"@type":"ListItem","position":3,"name":"Magnetinis \u017eaidimas tropin\u0117 \u017evejyba"}]},{"@type":"WebSite","@id":"https:\/\/www.ludoturris.lt\/#website","url":"https:\/\/www.ludoturris.lt\/","name":"Ludo Turris","description":"K\u016brybi\u0161kum\u0105 ir fantazij\u0105 lavinan\u010dios kalad\u0117l\u0117s","publisher":{"@id":"https:\/\/www.ludoturris.lt\/#organization"},"potentialAction":[{"@type":"SearchAction","target":{"@type":"EntryPoint","urlTemplate":"https:\/\/www.ludoturris.lt\/?s={search_term_string}"},"query-input":"required name=search_term_string"}],"inLanguage":"en-GB"},{"@type":"Organization","@id":"https:\/\/www.ludoturris.lt\/#organization","name":"Ludo Turris \u2013 Vakar\u0173 gama, UAB","url":"https:\/\/www.ludoturris.lt\/","logo":{"@type":"ImageObject","inLanguage":"en-GB","@id":"https:\/\/www.ludoturris.lt\/#\/schema\/logo\/image\/","url":"https:\/\/www.ludoturris.lt\/wp-content\/uploads\/2020\/10\/logo@2x.png","contentUrl":"https:\/\/www.ludoturris.lt\/wp-content\/uploads\/2020\/10\/logo@2x.png","width":300,"height":147,"caption":"Ludo Turris \u2013 Vakar\u0173 gama, UAB"},"image":{"@id":"https:\/\/www.ludoturris.lt\/#\/schema\/logo\/image\/"},"sameAs":["https:\/\/www.facebook.com\/Ludo-Turris-621921974895920\/","https:\/\/www.youtube.com\/channel\/UCuBACq67N1NGC9LVudo4ngw"]}]}},"uagb_featured_image_src":{"full":["https:\/\/www.ludoturris.lt\/wp-content\/uploads\/2025\/08\/V-DJ01652.png",1000,1000,false],"thumbnail":["https:\/\/www.ludoturris.lt\/wp-content\/uploads\/2025\/08\/V-DJ01652-150x150.png",150,150,true],"medium":["https:\/\/www.ludoturris.lt\/wp-content\/uploads\/2025\/08\/V-DJ01652-300x300.png",300,300,true],"medium_large":["https:\/\/www.ludoturris.lt\/wp-content\/uploads\/2025\/08\/V-DJ01652-768x768.png",768,768,true],"large":["https:\/\/www.ludoturris.lt\/wp-content\/uploads\/2025\/08\/V-DJ01652.png",1000,1000,false],"1536x1536":["https:\/\/www.ludoturris.lt\/wp-content\/uploads\/2025\/08\/V-DJ01652.png",1000,1000,false],"2048x2048":["https:\/\/www.ludoturris.lt\/wp-content\/uploads\/2025\/08\/V-DJ01652.png",1000,1000,false],"trp-custom-language-flag":["https:\/\/www.ludoturris.lt\/wp-content\/uploads\/2025\/08\/V-DJ01652-12x12.png",12,12,true],"woocommerce_thumbnail":["https:\/\/www.ludoturris.lt\/wp-content\/uploads\/2025\/08\/V-DJ01652-300x300.png",300,300,true],"woocommerce_single":["https:\/\/www.ludoturris.lt\/wp-content\/uploads\/2025\/08\/V-DJ01652-600x600.png",600,600,true],"woocommerce_gallery_thumbnail":["https:\/\/www.ludoturris.lt\/wp-content\/uploads\/2025\/08\/V-DJ01652-100x100.png",100,100,true],"variation_swatches_image_size":["https:\/\/www.ludoturris.lt\/wp-content\/uploads\/2025\/08\/V-DJ01652-50x50.png",50,50,true],"variation_swatches_tooltip_size":["https:\/\/www.ludoturris.lt\/wp-content\/uploads\/2025\/08\/V-DJ01652-100x100.png",100,100,true],"dgwt-wcas-product-suggestion":["https:\/\/www.ludoturris.lt\/wp-content\/uploads\/2025\/08\/V-DJ01652.png",64,64,false]},"uagb_author_info":{"display_name":"LudoTurris","author_link":"https:\/\/www.ludoturris.lt\/en\/author\/"},"uagb_comment_info":0,"uagb_excerpt":"Rekomenduojamas am\u017eius: nuo 2 met\u0173. Klasikinis \u017eaidimas apie \u017evejyb\u0105. \u017daidime rasite 12 medini\u0173 magnetini\u0173 \u017euveli\u0173, j\u016br\u0173 gyv\u016bnus ir dvi magnetines me\u0161keres! \u017dvejyba smagus lavinantis \u017eaidimas vaikams, skatinantis rank\u0173-aki\u0173 koordinacij\u0105, kantryb\u0119 ir koncentracij\u0105 smagiai leid\u017eiant laik\u0105. Pagaminta pagal Pranc\u016bzijos dizain\u0105 ir u\u017esakym\u0105.","_links":{"self":[{"href":"https:\/\/www.ludoturris.lt\/en\/wp-json\/wp\/v2\/product\/5123"}],"collection":[{"href":"https:\/\/www.ludoturris.lt\/en\/wp-json\/wp\/v2\/product"}],"about":[{"href":"https:\/\/www.ludoturris.lt\/en\/wp-json\/wp\/v2\/types\/product"}],"wp:featuredmedia":[{"embeddable":true,"href":"https:\/\/www.ludoturris.lt\/en\/wp-json\/wp\/v2\/media\/5124"}],"wp:attachment":[{"href":"https:\/\/www.ludoturris.lt\/en\/wp-json\/wp\/v2\/media?parent=5123"}],"wp:term":[{"taxonomy":"product_cat","embeddable":true,"href":"https:\/\/www.ludoturris.lt\/en\/wp-json\/wp\/v2\/product_cat?post=5123"},{"taxonomy":"product_tag","embeddable":true,"href":"https:\/\/www.ludoturris.lt\/en\/wp-json\/wp\/v2\/product_tag?post=5123"}],"curies":[{"name":"wp","href":"https:\/\/api.w.org\/{rel}","templated":true}]}}