{"id":5092,"date":"2025-08-01T06:13:09","date_gmt":"2025-08-01T08:13:09","guid":{"rendered":"https:\/\/www.ludoturris.lt\/?post_type=product&#038;p=5092"},"modified":"2026-02-11T05:14:15","modified_gmt":"2026-02-11T07:14:15","slug":"modelino-rinkinys-viskas-ko-reikia-pradziai","status":"publish","type":"product","link":"https:\/\/www.ludoturris.lt\/en\/product\/modelino-rinkinys-viskas-ko-reikia-pradziai\/","title":{"rendered":"Modelino rinkinys &#8211; Viskas ko reikia prad\u017eiai"},"content":{"rendered":"<p>Rekomenduojamas am\u017eius: nuo 2 met\u0173. Tai puikus pasirinkimas vaikams, norintiems i\u0161bandyti modelin\u0105 pirm\u0105 kart\u0105. Komplekte rasite \u012fvairias spalvas ir pagrindinius \u012frankius, reikalingus k\u016brybai, form\u0173 lipdymui ir fantazijos lavinimui. \u017daidimas skatina smulki\u0105j\u0105 motorik\u0105, k\u016brybi\u0161kum\u0105 ir kantryb\u0119, puikiai tinka nam\u0173 k\u016brybai ar edukaciniams u\u017esi\u0117mimams. Modelino rinkin\u012f rasite: 4 modelino mas\u0117s spalvos ir 15 plastikini\u0173 form\u0173 ir fig\u016br\u0117li\u0173. Pagaminta pagal Pranc\u016bzijos dizain\u0105 ir u\u017esakym\u0105. <\/p>","protected":false},"excerpt":{"rendered":"<p>Rekomenduojamas am\u017eius: nuo 2 met\u0173. Tai puikus pasirinkimas vaikams, norintiems i\u0161bandyti modelin\u0105 pirm\u0105 kart\u0105. Komplekte rasite \u012fvairias spalvas ir pagrindinius \u012frankius, reikalingus k\u016brybai, form\u0173 lipdymui ir fantazijos lavinimui. \u017daidimas skatina smulki\u0105j\u0105 motorik\u0105, k\u016brybi\u0161kum\u0105 ir kantryb\u0119, puikiai tinka nam\u0173 k\u016brybai ar edukaciniams u\u017esi\u0117mimams. Modelino rinkin\u012f rasite: 4 modelino mas\u0117s spalvos ir 15 plastikini\u0173 form\u0173 ir fig\u016br\u0117li\u0173. &hellip;<\/p>\n<p class=\"read-more\"> <a class=\"\" href=\"https:\/\/www.ludoturris.lt\/en\/product\/modelino-rinkinys-viskas-ko-reikia-pradziai\/\"> <span class=\"screen-reader-text\">Modelino rinkinys &#8211; Viskas ko reikia prad\u017eiai<\/span> Read More &raquo;<\/a><\/p>","protected":false},"featured_media":5093,"template":"","meta":{"_uag_custom_page_level_css":"","_themeisle_gutenberg_block_has_review":false},"product_cat":[69,94,93],"product_tag":[],"yoast_head":"<!-- This site is optimized with the Yoast SEO plugin v21.1 - https:\/\/yoast.com\/wordpress\/plugins\/seo\/ -->\n<title>Modelino rinkinys - Viskas ko reikia prad\u017eiai - Ludo Turris<\/title>\n<meta name=\"description\" content=\"Modelino rinkinys \u2013 k\u016brybi\u0161kas rinkinys lipdymui su visomis b\u016btinosiomis priemon\u0117mis. Tobulas pasirinkimas ma\u017e\u0173j\u0173 fantazijai ir \u012fg\u016bd\u017eiams lavinti!\" \/>\n<meta name=\"robots\" content=\"index, follow, max-snippet:-1, max-image-preview:large, max-video-preview:-1\" \/>\n<link rel=\"canonical\" href=\"https:\/\/www.ludoturris.lt\/en\/product\/modelino-rinkinys-viskas-ko-reikia-pradziai\/\" \/>\n<meta property=\"og:locale\" content=\"en_GB\" \/>\n<meta property=\"og:type\" content=\"article\" \/>\n<meta property=\"og:title\" content=\"Modelino rinkinys - Viskas ko reikia prad\u017eiai - Ludo Turris\" \/>\n<meta property=\"og:description\" content=\"Modelino rinkinys \u2013 k\u016brybi\u0161kas rinkinys lipdymui su visomis b\u016btinosiomis priemon\u0117mis. Tobulas pasirinkimas ma\u017e\u0173j\u0173 fantazijai ir \u012fg\u016bd\u017eiams lavinti!\" \/>\n<meta property=\"og:url\" content=\"https:\/\/www.ludoturris.lt\/en\/product\/modelino-rinkinys-viskas-ko-reikia-pradziai\/\" \/>\n<meta property=\"og:site_name\" content=\"Ludo Turris\" \/>\n<meta property=\"article:publisher\" content=\"https:\/\/www.facebook.com\/Ludo-Turris-621921974895920\/\" \/>\n<meta property=\"article:modified_time\" content=\"2026-02-11T07:14:15+00:00\" \/>\n<meta property=\"og:image\" content=\"https:\/\/www.ludoturris.lt\/wp-content\/uploads\/2025\/08\/V-DJ09020.png\" \/>\n\t<meta property=\"og:image:width\" content=\"1000\" \/>\n\t<meta property=\"og:image:height\" content=\"1000\" \/>\n\t<meta property=\"og:image:type\" content=\"image\/png\" \/>\n<meta name=\"twitter:card\" content=\"summary_large_image\" \/>\n<meta name=\"twitter:label1\" content=\"Estimated reading time\" \/>\n\t<meta name=\"twitter:data1\" content=\"1 minute\" \/>\n<script type=\"application\/ld+json\" class=\"yoast-schema-graph\">{\"@context\":\"https:\/\/schema.org\",\"@graph\":[{\"@type\":\"WebPage\",\"@id\":\"https:\/\/www.ludoturris.lt\/produktas\/modelino-rinkinys-viskas-ko-reikia-pradziai\/\",\"url\":\"https:\/\/www.ludoturris.lt\/produktas\/modelino-rinkinys-viskas-ko-reikia-pradziai\/\",\"name\":\"Modelino rinkinys - Viskas ko reikia prad\u017eiai - Ludo Turris\",\"isPartOf\":{\"@id\":\"https:\/\/www.ludoturris.lt\/#website\"},\"datePublished\":\"2025-08-01T08:13:09+00:00\",\"dateModified\":\"2026-02-11T07:14:15+00:00\",\"description\":\"Modelino rinkinys \u2013 k\u016brybi\u0161kas rinkinys lipdymui su visomis b\u016btinosiomis priemon\u0117mis. Tobulas pasirinkimas ma\u017e\u0173j\u0173 fantazijai ir \u012fg\u016bd\u017eiams lavinti!\",\"breadcrumb\":{\"@id\":\"https:\/\/www.ludoturris.lt\/produktas\/modelino-rinkinys-viskas-ko-reikia-pradziai\/#breadcrumb\"},\"inLanguage\":\"en-GB\",\"potentialAction\":[{\"@type\":\"ReadAction\",\"target\":[\"https:\/\/www.ludoturris.lt\/produktas\/modelino-rinkinys-viskas-ko-reikia-pradziai\/\"]}]},{\"@type\":\"BreadcrumbList\",\"@id\":\"https:\/\/www.ludoturris.lt\/produktas\/modelino-rinkinys-viskas-ko-reikia-pradziai\/#breadcrumb\",\"itemListElement\":[{\"@type\":\"ListItem\",\"position\":1,\"name\":\"Home\",\"item\":\"https:\/\/www.ludoturris.lt\/\"},{\"@type\":\"ListItem\",\"position\":2,\"name\":\"Parduotuv\u0117\",\"item\":\"https:\/\/www.ludoturris.lt\/parduotuve\/\"},{\"@type\":\"ListItem\",\"position\":3,\"name\":\"Modelino rinkinys &#8211; Viskas ko reikia prad\u017eiai\"}]},{\"@type\":\"WebSite\",\"@id\":\"https:\/\/www.ludoturris.lt\/#website\",\"url\":\"https:\/\/www.ludoturris.lt\/\",\"name\":\"Ludo Turris\",\"description\":\"K\u016brybi\u0161kum\u0105 ir fantazij\u0105 lavinan\u010dios kalad\u0117l\u0117s\",\"publisher\":{\"@id\":\"https:\/\/www.ludoturris.lt\/#organization\"},\"potentialAction\":[{\"@type\":\"SearchAction\",\"target\":{\"@type\":\"EntryPoint\",\"urlTemplate\":\"https:\/\/www.ludoturris.lt\/?s={search_term_string}\"},\"query-input\":\"required name=search_term_string\"}],\"inLanguage\":\"en-GB\"},{\"@type\":\"Organization\",\"@id\":\"https:\/\/www.ludoturris.lt\/#organization\",\"name\":\"Ludo Turris \u2013 Vakar\u0173 gama, UAB\",\"url\":\"https:\/\/www.ludoturris.lt\/\",\"logo\":{\"@type\":\"ImageObject\",\"inLanguage\":\"en-GB\",\"@id\":\"https:\/\/www.ludoturris.lt\/#\/schema\/logo\/image\/\",\"url\":\"https:\/\/www.ludoturris.lt\/wp-content\/uploads\/2020\/10\/logo@2x.png\",\"contentUrl\":\"https:\/\/www.ludoturris.lt\/wp-content\/uploads\/2020\/10\/logo@2x.png\",\"width\":300,\"height\":147,\"caption\":\"Ludo Turris \u2013 Vakar\u0173 gama, UAB\"},\"image\":{\"@id\":\"https:\/\/www.ludoturris.lt\/#\/schema\/logo\/image\/\"},\"sameAs\":[\"https:\/\/www.facebook.com\/Ludo-Turris-621921974895920\/\",\"https:\/\/www.youtube.com\/channel\/UCuBACq67N1NGC9LVudo4ngw\"]}]}<\/script>\n<!-- \/ Yoast SEO plugin. -->","yoast_head_json":{"title":"Modelino rinkinys - Viskas ko reikia prad\u017eiai - Ludo Turris","description":"Modelino rinkinys \u2013 k\u016brybi\u0161kas rinkinys lipdymui su visomis b\u016btinosiomis priemon\u0117mis. Tobulas pasirinkimas ma\u017e\u0173j\u0173 fantazijai ir \u012fg\u016bd\u017eiams lavinti!","robots":{"index":"index","follow":"follow","max-snippet":"max-snippet:-1","max-image-preview":"max-image-preview:large","max-video-preview":"max-video-preview:-1"},"canonical":"https:\/\/www.ludoturris.lt\/en\/product\/modelino-rinkinys-viskas-ko-reikia-pradziai\/","og_locale":"en_GB","og_type":"article","og_title":"Modelino rinkinys - Viskas ko reikia prad\u017eiai - Ludo Turris","og_description":"Modelino rinkinys \u2013 k\u016brybi\u0161kas rinkinys lipdymui su visomis b\u016btinosiomis priemon\u0117mis. Tobulas pasirinkimas ma\u017e\u0173j\u0173 fantazijai ir \u012fg\u016bd\u017eiams lavinti!","og_url":"https:\/\/www.ludoturris.lt\/en\/product\/modelino-rinkinys-viskas-ko-reikia-pradziai\/","og_site_name":"Ludo Turris","article_publisher":"https:\/\/www.facebook.com\/Ludo-Turris-621921974895920\/","article_modified_time":"2026-02-11T07:14:15+00:00","og_image":[{"width":1000,"height":1000,"url":"https:\/\/www.ludoturris.lt\/wp-content\/uploads\/2025\/08\/V-DJ09020.png","type":"image\/png"}],"twitter_card":"summary_large_image","twitter_misc":{"Estimated reading time":"1 minute"},"schema":{"@context":"https:\/\/schema.org","@graph":[{"@type":"WebPage","@id":"https:\/\/www.ludoturris.lt\/produktas\/modelino-rinkinys-viskas-ko-reikia-pradziai\/","url":"https:\/\/www.ludoturris.lt\/produktas\/modelino-rinkinys-viskas-ko-reikia-pradziai\/","name":"Modelino rinkinys - Viskas ko reikia prad\u017eiai - Ludo Turris","isPartOf":{"@id":"https:\/\/www.ludoturris.lt\/#website"},"datePublished":"2025-08-01T08:13:09+00:00","dateModified":"2026-02-11T07:14:15+00:00","description":"Modelino rinkinys \u2013 k\u016brybi\u0161kas rinkinys lipdymui su visomis b\u016btinosiomis priemon\u0117mis. Tobulas pasirinkimas ma\u017e\u0173j\u0173 fantazijai ir \u012fg\u016bd\u017eiams lavinti!","breadcrumb":{"@id":"https:\/\/www.ludoturris.lt\/produktas\/modelino-rinkinys-viskas-ko-reikia-pradziai\/#breadcrumb"},"inLanguage":"en-GB","potentialAction":[{"@type":"ReadAction","target":["https:\/\/www.ludoturris.lt\/produktas\/modelino-rinkinys-viskas-ko-reikia-pradziai\/"]}]},{"@type":"BreadcrumbList","@id":"https:\/\/www.ludoturris.lt\/produktas\/modelino-rinkinys-viskas-ko-reikia-pradziai\/#breadcrumb","itemListElement":[{"@type":"ListItem","position":1,"name":"Home","item":"https:\/\/www.ludoturris.lt\/"},{"@type":"ListItem","position":2,"name":"Parduotuv\u0117","item":"https:\/\/www.ludoturris.lt\/parduotuve\/"},{"@type":"ListItem","position":3,"name":"Modelino rinkinys &#8211; Viskas ko reikia prad\u017eiai"}]},{"@type":"WebSite","@id":"https:\/\/www.ludoturris.lt\/#website","url":"https:\/\/www.ludoturris.lt\/","name":"Ludo Turris","description":"K\u016brybi\u0161kum\u0105 ir fantazij\u0105 lavinan\u010dios kalad\u0117l\u0117s","publisher":{"@id":"https:\/\/www.ludoturris.lt\/#organization"},"potentialAction":[{"@type":"SearchAction","target":{"@type":"EntryPoint","urlTemplate":"https:\/\/www.ludoturris.lt\/?s={search_term_string}"},"query-input":"required name=search_term_string"}],"inLanguage":"en-GB"},{"@type":"Organization","@id":"https:\/\/www.ludoturris.lt\/#organization","name":"Ludo Turris \u2013 Vakar\u0173 gama, UAB","url":"https:\/\/www.ludoturris.lt\/","logo":{"@type":"ImageObject","inLanguage":"en-GB","@id":"https:\/\/www.ludoturris.lt\/#\/schema\/logo\/image\/","url":"https:\/\/www.ludoturris.lt\/wp-content\/uploads\/2020\/10\/logo@2x.png","contentUrl":"https:\/\/www.ludoturris.lt\/wp-content\/uploads\/2020\/10\/logo@2x.png","width":300,"height":147,"caption":"Ludo Turris \u2013 Vakar\u0173 gama, UAB"},"image":{"@id":"https:\/\/www.ludoturris.lt\/#\/schema\/logo\/image\/"},"sameAs":["https:\/\/www.facebook.com\/Ludo-Turris-621921974895920\/","https:\/\/www.youtube.com\/channel\/UCuBACq67N1NGC9LVudo4ngw"]}]}},"uagb_featured_image_src":{"full":["https:\/\/www.ludoturris.lt\/wp-content\/uploads\/2025\/08\/V-DJ09020.png",1000,1000,false],"thumbnail":["https:\/\/www.ludoturris.lt\/wp-content\/uploads\/2025\/08\/V-DJ09020-150x150.png",150,150,true],"medium":["https:\/\/www.ludoturris.lt\/wp-content\/uploads\/2025\/08\/V-DJ09020-300x300.png",300,300,true],"medium_large":["https:\/\/www.ludoturris.lt\/wp-content\/uploads\/2025\/08\/V-DJ09020-768x768.png",768,768,true],"large":["https:\/\/www.ludoturris.lt\/wp-content\/uploads\/2025\/08\/V-DJ09020.png",1000,1000,false],"1536x1536":["https:\/\/www.ludoturris.lt\/wp-content\/uploads\/2025\/08\/V-DJ09020.png",1000,1000,false],"2048x2048":["https:\/\/www.ludoturris.lt\/wp-content\/uploads\/2025\/08\/V-DJ09020.png",1000,1000,false],"trp-custom-language-flag":["https:\/\/www.ludoturris.lt\/wp-content\/uploads\/2025\/08\/V-DJ09020-12x12.png",12,12,true],"woocommerce_thumbnail":["https:\/\/www.ludoturris.lt\/wp-content\/uploads\/2025\/08\/V-DJ09020-300x300.png",300,300,true],"woocommerce_single":["https:\/\/www.ludoturris.lt\/wp-content\/uploads\/2025\/08\/V-DJ09020-600x600.png",600,600,true],"woocommerce_gallery_thumbnail":["https:\/\/www.ludoturris.lt\/wp-content\/uploads\/2025\/08\/V-DJ09020-100x100.png",100,100,true],"variation_swatches_image_size":["https:\/\/www.ludoturris.lt\/wp-content\/uploads\/2025\/08\/V-DJ09020-50x50.png",50,50,true],"variation_swatches_tooltip_size":["https:\/\/www.ludoturris.lt\/wp-content\/uploads\/2025\/08\/V-DJ09020-100x100.png",100,100,true],"dgwt-wcas-product-suggestion":["https:\/\/www.ludoturris.lt\/wp-content\/uploads\/2025\/08\/V-DJ09020.png",64,64,false]},"uagb_author_info":{"display_name":"LudoTurris","author_link":"https:\/\/www.ludoturris.lt\/en\/author\/"},"uagb_comment_info":0,"uagb_excerpt":"Rekomenduojamas am\u017eius: nuo 2 met\u0173. Tai puikus pasirinkimas vaikams, norintiems i\u0161bandyti modelin\u0105 pirm\u0105 kart\u0105. Komplekte rasite \u012fvairias spalvas ir pagrindinius \u012frankius, reikalingus k\u016brybai, form\u0173 lipdymui ir fantazijos lavinimui. \u017daidimas skatina smulki\u0105j\u0105 motorik\u0105, k\u016brybi\u0161kum\u0105 ir kantryb\u0119, puikiai tinka nam\u0173 k\u016brybai ar edukaciniams u\u017esi\u0117mimams. Modelino rinkin\u012f rasite: 4 modelino mas\u0117s spalvos ir 15 plastikini\u0173 form\u0173 ir fig\u016br\u0117li\u0173.&hellip;","_links":{"self":[{"href":"https:\/\/www.ludoturris.lt\/en\/wp-json\/wp\/v2\/product\/5092"}],"collection":[{"href":"https:\/\/www.ludoturris.lt\/en\/wp-json\/wp\/v2\/product"}],"about":[{"href":"https:\/\/www.ludoturris.lt\/en\/wp-json\/wp\/v2\/types\/product"}],"wp:featuredmedia":[{"embeddable":true,"href":"https:\/\/www.ludoturris.lt\/en\/wp-json\/wp\/v2\/media\/5093"}],"wp:attachment":[{"href":"https:\/\/www.ludoturris.lt\/en\/wp-json\/wp\/v2\/media?parent=5092"}],"wp:term":[{"taxonomy":"product_cat","embeddable":true,"href":"https:\/\/www.ludoturris.lt\/en\/wp-json\/wp\/v2\/product_cat?post=5092"},{"taxonomy":"product_tag","embeddable":true,"href":"https:\/\/www.ludoturris.lt\/en\/wp-json\/wp\/v2\/product_tag?post=5092"}],"curies":[{"name":"wp","href":"https:\/\/api.w.org\/{rel}","templated":true}]}}