{"id":5085,"date":"2025-08-01T05:45:51","date_gmt":"2025-08-01T07:45:51","guid":{"rendered":"https:\/\/www.ludoturris.lt\/?post_type=product&#038;p=5085"},"modified":"2026-02-11T05:07:54","modified_gmt":"2026-02-11T07:07:54","slug":"dinaminio-smelio-rinkinys","status":"publish","type":"product","link":"https:\/\/www.ludoturris.lt\/en\/product\/dinaminio-smelio-rinkinys\/","title":{"rendered":"Dinaminio sm\u0117lio rinkinys"},"content":{"rendered":"<p>Rekomenduojamas am\u017eius: nuo 3 met\u0173. Rinkinyje yra 4 formel\u0117s, 4x200g spalvoto sm\u0117lio (ro\u017einis, m\u0117lynas, \u017ealias violetinis). Dinamin\u012f sm\u0117l\u012f lengva formuoti ir minkyti. Galite lengvai sukuti formas ir konstrukcijas. Nesud\u017ei\u016bsta ir nesukiet\u0117ja net pakartotinai naudojant ilgesn\u012f laik\u0105. Nor\u0117dami i\u0161saugoti produkto savybes venkite kontakto su vandeniu. Nenaudokite sm\u0117lio vietose, kur yra daug dr\u0117gm\u0117s. Jei sm\u0117lis kontaktavo su vandeniu ar kitomis dr\u0117gnomis med\u017eiagomis, i\u0161meskite t\u0105 u\u017eter\u0161to sm\u0117lio dal\u012f, kitaip galima sugadint vis\u0105 sm\u0117l\u012f. Kilm\u0117s \u0161alis: Lenkija<\/p>","protected":false},"excerpt":{"rendered":"<p>Rekomenduojamas am\u017eius: nuo 3 met\u0173. Rinkinyje yra 4 formel\u0117s, 4x200g spalvoto sm\u0117lio (ro\u017einis, m\u0117lynas, \u017ealias violetinis). Dinamin\u012f sm\u0117l\u012f lengva formuoti ir minkyti. Galite lengvai sukuti formas ir konstrukcijas. Nesud\u017ei\u016bsta ir nesukiet\u0117ja net pakartotinai naudojant ilgesn\u012f laik\u0105. Nor\u0117dami i\u0161saugoti produkto savybes venkite kontakto su vandeniu. Nenaudokite sm\u0117lio vietose, kur yra daug dr\u0117gm\u0117s. Jei sm\u0117lis kontaktavo su &hellip;<\/p>\n<p class=\"read-more\"> <a class=\"\" href=\"https:\/\/www.ludoturris.lt\/en\/product\/dinaminio-smelio-rinkinys\/\"> <span class=\"screen-reader-text\">Dinaminio sm\u0117lio rinkinys<\/span> Read More &raquo;<\/a><\/p>","protected":false},"featured_media":5086,"template":"","meta":{"_uag_custom_page_level_css":"","_themeisle_gutenberg_block_has_review":false},"product_cat":[69],"product_tag":[],"yoast_head":"<!-- This site is optimized with the Yoast SEO plugin v21.1 - https:\/\/yoast.com\/wordpress\/plugins\/seo\/ -->\n<title>Dinaminio sm\u0117lio rinkinys - Ludo Turris<\/title>\n<meta name=\"description\" content=\"Dinaminio sm\u0117lio rinkinys ypatingai mink\u0161tas ir lengvai formuojamas sm\u0117lis, skirtas k\u016brybi\u0161kam \u017eaidimui namuose ar dar\u017eelyje. Lavina smulki\u0105j\u0105 motorik\u0105.\" \/>\n<meta name=\"robots\" content=\"index, follow, max-snippet:-1, max-image-preview:large, max-video-preview:-1\" \/>\n<link rel=\"canonical\" href=\"https:\/\/www.ludoturris.lt\/en\/product\/dinaminio-smelio-rinkinys\/\" \/>\n<meta property=\"og:locale\" content=\"en_GB\" \/>\n<meta property=\"og:type\" content=\"article\" \/>\n<meta property=\"og:title\" content=\"Dinaminio sm\u0117lio rinkinys - Ludo Turris\" \/>\n<meta property=\"og:description\" content=\"Dinaminio sm\u0117lio rinkinys ypatingai mink\u0161tas ir lengvai formuojamas sm\u0117lis, skirtas k\u016brybi\u0161kam \u017eaidimui namuose ar dar\u017eelyje. Lavina smulki\u0105j\u0105 motorik\u0105.\" \/>\n<meta property=\"og:url\" content=\"https:\/\/www.ludoturris.lt\/en\/product\/dinaminio-smelio-rinkinys\/\" \/>\n<meta property=\"og:site_name\" content=\"Ludo Turris\" \/>\n<meta property=\"article:publisher\" content=\"https:\/\/www.facebook.com\/Ludo-Turris-621921974895920\/\" \/>\n<meta property=\"article:modified_time\" content=\"2026-02-11T07:07:54+00:00\" \/>\n<meta property=\"og:image\" content=\"https:\/\/www.ludoturris.lt\/wp-content\/uploads\/2025\/08\/V-TU3552.png\" \/>\n\t<meta property=\"og:image:width\" content=\"1000\" \/>\n\t<meta property=\"og:image:height\" content=\"1000\" \/>\n\t<meta property=\"og:image:type\" content=\"image\/png\" \/>\n<meta name=\"twitter:card\" content=\"summary_large_image\" \/>\n<meta name=\"twitter:label1\" content=\"Estimated reading time\" \/>\n\t<meta name=\"twitter:data1\" content=\"1 minute\" \/>\n<script type=\"application\/ld+json\" class=\"yoast-schema-graph\">{\"@context\":\"https:\/\/schema.org\",\"@graph\":[{\"@type\":\"WebPage\",\"@id\":\"https:\/\/www.ludoturris.lt\/produktas\/dinaminio-smelio-rinkinys\/\",\"url\":\"https:\/\/www.ludoturris.lt\/produktas\/dinaminio-smelio-rinkinys\/\",\"name\":\"Dinaminio sm\u0117lio rinkinys - Ludo Turris\",\"isPartOf\":{\"@id\":\"https:\/\/www.ludoturris.lt\/#website\"},\"datePublished\":\"2025-08-01T07:45:51+00:00\",\"dateModified\":\"2026-02-11T07:07:54+00:00\",\"description\":\"Dinaminio sm\u0117lio rinkinys ypatingai mink\u0161tas ir lengvai formuojamas sm\u0117lis, skirtas k\u016brybi\u0161kam \u017eaidimui namuose ar dar\u017eelyje. Lavina smulki\u0105j\u0105 motorik\u0105.\",\"breadcrumb\":{\"@id\":\"https:\/\/www.ludoturris.lt\/produktas\/dinaminio-smelio-rinkinys\/#breadcrumb\"},\"inLanguage\":\"en-GB\",\"potentialAction\":[{\"@type\":\"ReadAction\",\"target\":[\"https:\/\/www.ludoturris.lt\/produktas\/dinaminio-smelio-rinkinys\/\"]}]},{\"@type\":\"BreadcrumbList\",\"@id\":\"https:\/\/www.ludoturris.lt\/produktas\/dinaminio-smelio-rinkinys\/#breadcrumb\",\"itemListElement\":[{\"@type\":\"ListItem\",\"position\":1,\"name\":\"Home\",\"item\":\"https:\/\/www.ludoturris.lt\/\"},{\"@type\":\"ListItem\",\"position\":2,\"name\":\"Parduotuv\u0117\",\"item\":\"https:\/\/www.ludoturris.lt\/parduotuve\/\"},{\"@type\":\"ListItem\",\"position\":3,\"name\":\"Dinaminio sm\u0117lio rinkinys\"}]},{\"@type\":\"WebSite\",\"@id\":\"https:\/\/www.ludoturris.lt\/#website\",\"url\":\"https:\/\/www.ludoturris.lt\/\",\"name\":\"Ludo Turris\",\"description\":\"K\u016brybi\u0161kum\u0105 ir fantazij\u0105 lavinan\u010dios kalad\u0117l\u0117s\",\"publisher\":{\"@id\":\"https:\/\/www.ludoturris.lt\/#organization\"},\"potentialAction\":[{\"@type\":\"SearchAction\",\"target\":{\"@type\":\"EntryPoint\",\"urlTemplate\":\"https:\/\/www.ludoturris.lt\/?s={search_term_string}\"},\"query-input\":\"required name=search_term_string\"}],\"inLanguage\":\"en-GB\"},{\"@type\":\"Organization\",\"@id\":\"https:\/\/www.ludoturris.lt\/#organization\",\"name\":\"Ludo Turris \u2013 Vakar\u0173 gama, UAB\",\"url\":\"https:\/\/www.ludoturris.lt\/\",\"logo\":{\"@type\":\"ImageObject\",\"inLanguage\":\"en-GB\",\"@id\":\"https:\/\/www.ludoturris.lt\/#\/schema\/logo\/image\/\",\"url\":\"https:\/\/www.ludoturris.lt\/wp-content\/uploads\/2020\/10\/logo@2x.png\",\"contentUrl\":\"https:\/\/www.ludoturris.lt\/wp-content\/uploads\/2020\/10\/logo@2x.png\",\"width\":300,\"height\":147,\"caption\":\"Ludo Turris \u2013 Vakar\u0173 gama, UAB\"},\"image\":{\"@id\":\"https:\/\/www.ludoturris.lt\/#\/schema\/logo\/image\/\"},\"sameAs\":[\"https:\/\/www.facebook.com\/Ludo-Turris-621921974895920\/\",\"https:\/\/www.youtube.com\/channel\/UCuBACq67N1NGC9LVudo4ngw\"]}]}<\/script>\n<!-- \/ Yoast SEO plugin. -->","yoast_head_json":{"title":"Dinaminio sm\u0117lio rinkinys - Ludo Turris","description":"Dinaminio sm\u0117lio rinkinys ypatingai mink\u0161tas ir lengvai formuojamas sm\u0117lis, skirtas k\u016brybi\u0161kam \u017eaidimui namuose ar dar\u017eelyje. Lavina smulki\u0105j\u0105 motorik\u0105.","robots":{"index":"index","follow":"follow","max-snippet":"max-snippet:-1","max-image-preview":"max-image-preview:large","max-video-preview":"max-video-preview:-1"},"canonical":"https:\/\/www.ludoturris.lt\/en\/product\/dinaminio-smelio-rinkinys\/","og_locale":"en_GB","og_type":"article","og_title":"Dinaminio sm\u0117lio rinkinys - Ludo Turris","og_description":"Dinaminio sm\u0117lio rinkinys ypatingai mink\u0161tas ir lengvai formuojamas sm\u0117lis, skirtas k\u016brybi\u0161kam \u017eaidimui namuose ar dar\u017eelyje. Lavina smulki\u0105j\u0105 motorik\u0105.","og_url":"https:\/\/www.ludoturris.lt\/en\/product\/dinaminio-smelio-rinkinys\/","og_site_name":"Ludo Turris","article_publisher":"https:\/\/www.facebook.com\/Ludo-Turris-621921974895920\/","article_modified_time":"2026-02-11T07:07:54+00:00","og_image":[{"width":1000,"height":1000,"url":"https:\/\/www.ludoturris.lt\/wp-content\/uploads\/2025\/08\/V-TU3552.png","type":"image\/png"}],"twitter_card":"summary_large_image","twitter_misc":{"Estimated reading time":"1 minute"},"schema":{"@context":"https:\/\/schema.org","@graph":[{"@type":"WebPage","@id":"https:\/\/www.ludoturris.lt\/produktas\/dinaminio-smelio-rinkinys\/","url":"https:\/\/www.ludoturris.lt\/produktas\/dinaminio-smelio-rinkinys\/","name":"Dinaminio sm\u0117lio rinkinys - Ludo Turris","isPartOf":{"@id":"https:\/\/www.ludoturris.lt\/#website"},"datePublished":"2025-08-01T07:45:51+00:00","dateModified":"2026-02-11T07:07:54+00:00","description":"Dinaminio sm\u0117lio rinkinys ypatingai mink\u0161tas ir lengvai formuojamas sm\u0117lis, skirtas k\u016brybi\u0161kam \u017eaidimui namuose ar dar\u017eelyje. Lavina smulki\u0105j\u0105 motorik\u0105.","breadcrumb":{"@id":"https:\/\/www.ludoturris.lt\/produktas\/dinaminio-smelio-rinkinys\/#breadcrumb"},"inLanguage":"en-GB","potentialAction":[{"@type":"ReadAction","target":["https:\/\/www.ludoturris.lt\/produktas\/dinaminio-smelio-rinkinys\/"]}]},{"@type":"BreadcrumbList","@id":"https:\/\/www.ludoturris.lt\/produktas\/dinaminio-smelio-rinkinys\/#breadcrumb","itemListElement":[{"@type":"ListItem","position":1,"name":"Home","item":"https:\/\/www.ludoturris.lt\/"},{"@type":"ListItem","position":2,"name":"Parduotuv\u0117","item":"https:\/\/www.ludoturris.lt\/parduotuve\/"},{"@type":"ListItem","position":3,"name":"Dinaminio sm\u0117lio rinkinys"}]},{"@type":"WebSite","@id":"https:\/\/www.ludoturris.lt\/#website","url":"https:\/\/www.ludoturris.lt\/","name":"Ludo Turris","description":"K\u016brybi\u0161kum\u0105 ir fantazij\u0105 lavinan\u010dios kalad\u0117l\u0117s","publisher":{"@id":"https:\/\/www.ludoturris.lt\/#organization"},"potentialAction":[{"@type":"SearchAction","target":{"@type":"EntryPoint","urlTemplate":"https:\/\/www.ludoturris.lt\/?s={search_term_string}"},"query-input":"required name=search_term_string"}],"inLanguage":"en-GB"},{"@type":"Organization","@id":"https:\/\/www.ludoturris.lt\/#organization","name":"Ludo Turris \u2013 Vakar\u0173 gama, UAB","url":"https:\/\/www.ludoturris.lt\/","logo":{"@type":"ImageObject","inLanguage":"en-GB","@id":"https:\/\/www.ludoturris.lt\/#\/schema\/logo\/image\/","url":"https:\/\/www.ludoturris.lt\/wp-content\/uploads\/2020\/10\/logo@2x.png","contentUrl":"https:\/\/www.ludoturris.lt\/wp-content\/uploads\/2020\/10\/logo@2x.png","width":300,"height":147,"caption":"Ludo Turris \u2013 Vakar\u0173 gama, UAB"},"image":{"@id":"https:\/\/www.ludoturris.lt\/#\/schema\/logo\/image\/"},"sameAs":["https:\/\/www.facebook.com\/Ludo-Turris-621921974895920\/","https:\/\/www.youtube.com\/channel\/UCuBACq67N1NGC9LVudo4ngw"]}]}},"uagb_featured_image_src":{"full":["https:\/\/www.ludoturris.lt\/wp-content\/uploads\/2025\/08\/V-TU3552.png",1000,1000,false],"thumbnail":["https:\/\/www.ludoturris.lt\/wp-content\/uploads\/2025\/08\/V-TU3552-150x150.png",150,150,true],"medium":["https:\/\/www.ludoturris.lt\/wp-content\/uploads\/2025\/08\/V-TU3552-300x300.png",300,300,true],"medium_large":["https:\/\/www.ludoturris.lt\/wp-content\/uploads\/2025\/08\/V-TU3552-768x768.png",768,768,true],"large":["https:\/\/www.ludoturris.lt\/wp-content\/uploads\/2025\/08\/V-TU3552.png",1000,1000,false],"1536x1536":["https:\/\/www.ludoturris.lt\/wp-content\/uploads\/2025\/08\/V-TU3552.png",1000,1000,false],"2048x2048":["https:\/\/www.ludoturris.lt\/wp-content\/uploads\/2025\/08\/V-TU3552.png",1000,1000,false],"trp-custom-language-flag":["https:\/\/www.ludoturris.lt\/wp-content\/uploads\/2025\/08\/V-TU3552-12x12.png",12,12,true],"woocommerce_thumbnail":["https:\/\/www.ludoturris.lt\/wp-content\/uploads\/2025\/08\/V-TU3552-300x300.png",300,300,true],"woocommerce_single":["https:\/\/www.ludoturris.lt\/wp-content\/uploads\/2025\/08\/V-TU3552-600x600.png",600,600,true],"woocommerce_gallery_thumbnail":["https:\/\/www.ludoturris.lt\/wp-content\/uploads\/2025\/08\/V-TU3552-100x100.png",100,100,true],"variation_swatches_image_size":["https:\/\/www.ludoturris.lt\/wp-content\/uploads\/2025\/08\/V-TU3552-50x50.png",50,50,true],"variation_swatches_tooltip_size":["https:\/\/www.ludoturris.lt\/wp-content\/uploads\/2025\/08\/V-TU3552-100x100.png",100,100,true],"dgwt-wcas-product-suggestion":["https:\/\/www.ludoturris.lt\/wp-content\/uploads\/2025\/08\/V-TU3552.png",64,64,false]},"uagb_author_info":{"display_name":"LudoTurris","author_link":"https:\/\/www.ludoturris.lt\/en\/author\/"},"uagb_comment_info":0,"uagb_excerpt":"Rekomenduojamas am\u017eius: nuo 3 met\u0173. Rinkinyje yra 4 formel\u0117s, 4x200g spalvoto sm\u0117lio (ro\u017einis, m\u0117lynas, \u017ealias violetinis). Dinamin\u012f sm\u0117l\u012f lengva formuoti ir minkyti. Galite lengvai sukuti formas ir konstrukcijas. Nesud\u017ei\u016bsta ir nesukiet\u0117ja net pakartotinai naudojant ilgesn\u012f laik\u0105. Nor\u0117dami i\u0161saugoti produkto savybes venkite kontakto su vandeniu. Nenaudokite sm\u0117lio vietose, kur yra daug dr\u0117gm\u0117s. Jei sm\u0117lis kontaktavo su&hellip;","_links":{"self":[{"href":"https:\/\/www.ludoturris.lt\/en\/wp-json\/wp\/v2\/product\/5085"}],"collection":[{"href":"https:\/\/www.ludoturris.lt\/en\/wp-json\/wp\/v2\/product"}],"about":[{"href":"https:\/\/www.ludoturris.lt\/en\/wp-json\/wp\/v2\/types\/product"}],"wp:featuredmedia":[{"embeddable":true,"href":"https:\/\/www.ludoturris.lt\/en\/wp-json\/wp\/v2\/media\/5086"}],"wp:attachment":[{"href":"https:\/\/www.ludoturris.lt\/en\/wp-json\/wp\/v2\/media?parent=5085"}],"wp:term":[{"taxonomy":"product_cat","embeddable":true,"href":"https:\/\/www.ludoturris.lt\/en\/wp-json\/wp\/v2\/product_cat?post=5085"},{"taxonomy":"product_tag","embeddable":true,"href":"https:\/\/www.ludoturris.lt\/en\/wp-json\/wp\/v2\/product_tag?post=5085"}],"curies":[{"name":"wp","href":"https:\/\/api.w.org\/{rel}","templated":true}]}}