{"id":5080,"date":"2025-07-29T04:30:42","date_gmt":"2025-07-29T06:30:42","guid":{"rendered":"https:\/\/www.ludoturris.lt\/?post_type=product&#038;p=5080"},"modified":"2026-02-10T06:32:38","modified_gmt":"2026-02-10T08:32:38","slug":"kudikio-maitinimo-kedute-paaukstinimas","status":"publish","type":"product","link":"https:\/\/www.ludoturris.lt\/en\/product\/kudikio-maitinimo-kedute-paaukstinimas\/","title":{"rendered":"K\u016bdikio maitinimo k\u0117dut\u0117 &#8211; paauk\u0161tinimas"},"content":{"rendered":"<p>Rekomenduojamas am\u017eius: nuo 6-36m\u0117nesi\u0173. Maitinimo k\u0117dut\u0117 gali b\u016bti sm\u0117lio, ro\u017ein\u0117s, \u017ealios ir pilkos spalvos. J\u0105 galima naudoti dviem b\u016bdais: kaip auk\u0161t\u0105 k\u0117dut\u0119 arba kaip prie k\u0117dut\u0117s pritvirtint\u0105 s\u0117dyn\u0119. Sprendim\u0105 \u012fvertins kiekvieni t\u0117vai, \u0161eimos kelioni\u0173 metu. K\u0117dut\u0117s konstrukcija yra stabili, o metalin\u0117s kojel\u0117s padengtos neslystan\u010diomis kojel\u0117mis, kurios neleid\u017eia slysti ir saugo grindis nuo \u012fbr\u0117\u017eim\u0173. K\u0117dut\u0117 turi 5 ta\u0161k\u0173 saugos dir\u017eus ir fiksavimo mechanizm\u0105. Did\u017eiausia apkrova yra 20kg. Matmenys: auk\u0161tis 89cm, plotis 62cm, ilgis 71cm.<\/p>","protected":false},"excerpt":{"rendered":"<p>Rekomenduojamas am\u017eius: nuo 6-36m\u0117nesi\u0173. Maitinimo k\u0117dut\u0117 gali b\u016bti sm\u0117lio, ro\u017ein\u0117s, \u017ealios ir pilkos spalvos. J\u0105 galima naudoti dviem b\u016bdais: kaip auk\u0161t\u0105 k\u0117dut\u0119 arba kaip prie k\u0117dut\u0117s pritvirtint\u0105 s\u0117dyn\u0119. Sprendim\u0105 \u012fvertins kiekvieni t\u0117vai, \u0161eimos kelioni\u0173 metu. K\u0117dut\u0117s konstrukcija yra stabili, o metalin\u0117s kojel\u0117s padengtos neslystan\u010diomis kojel\u0117mis, kurios neleid\u017eia slysti ir saugo grindis nuo \u012fbr\u0117\u017eim\u0173. K\u0117dut\u0117 turi &hellip;<\/p>\n<p class=\"read-more\"> <a class=\"\" href=\"https:\/\/www.ludoturris.lt\/en\/product\/kudikio-maitinimo-kedute-paaukstinimas\/\"> <span class=\"screen-reader-text\">K\u016bdikio maitinimo k\u0117dut\u0117 &#8211; paauk\u0161tinimas<\/span> Read More &raquo;<\/a><\/p>","protected":false},"featured_media":5081,"template":"","meta":{"_uag_custom_page_level_css":"","_themeisle_gutenberg_block_has_review":false},"product_cat":[92,69,94],"product_tag":[],"yoast_head":"<!-- This site is optimized with the Yoast SEO plugin v21.1 - https:\/\/yoast.com\/wordpress\/plugins\/seo\/ -->\n<title>K\u016bdikio maitinimo k\u0117dut\u0117 - paauk\u0161tinimas - Ludo Turris<\/title>\n<meta name=\"description\" content=\"K\u016bdikio maitinimo k\u0117dut\u0117 \u2013 paauk\u0161tinimas: kompakti\u0161kas, saugus ir patogus sprendimas maitinti ma\u017eyl\u012f prie bet kokio stalo. Idealu namams ir kelion\u0117ms!\" \/>\n<meta name=\"robots\" content=\"index, follow, max-snippet:-1, max-image-preview:large, max-video-preview:-1\" \/>\n<link rel=\"canonical\" href=\"https:\/\/www.ludoturris.lt\/en\/product\/kudikio-maitinimo-kedute-paaukstinimas\/\" \/>\n<meta property=\"og:locale\" content=\"en_GB\" \/>\n<meta property=\"og:type\" content=\"article\" \/>\n<meta property=\"og:title\" content=\"K\u016bdikio maitinimo k\u0117dut\u0117 - paauk\u0161tinimas - Ludo Turris\" \/>\n<meta property=\"og:description\" content=\"K\u016bdikio maitinimo k\u0117dut\u0117 \u2013 paauk\u0161tinimas: kompakti\u0161kas, saugus ir patogus sprendimas maitinti ma\u017eyl\u012f prie bet kokio stalo. Idealu namams ir kelion\u0117ms!\" \/>\n<meta property=\"og:url\" content=\"https:\/\/www.ludoturris.lt\/en\/product\/kudikio-maitinimo-kedute-paaukstinimas\/\" \/>\n<meta property=\"og:site_name\" content=\"Ludo Turris\" \/>\n<meta property=\"article:publisher\" content=\"https:\/\/www.facebook.com\/Ludo-Turris-621921974895920\/\" \/>\n<meta property=\"article:modified_time\" content=\"2026-02-10T08:32:38+00:00\" \/>\n<meta property=\"og:image\" content=\"https:\/\/www.ludoturris.lt\/wp-content\/uploads\/2025\/07\/E-HC508.png\" \/>\n\t<meta property=\"og:image:width\" content=\"1000\" \/>\n\t<meta property=\"og:image:height\" content=\"1000\" \/>\n\t<meta property=\"og:image:type\" content=\"image\/png\" \/>\n<meta name=\"twitter:card\" content=\"summary_large_image\" \/>\n<meta name=\"twitter:label1\" content=\"Estimated reading time\" \/>\n\t<meta name=\"twitter:data1\" content=\"1 minute\" \/>\n<script type=\"application\/ld+json\" class=\"yoast-schema-graph\">{\"@context\":\"https:\/\/schema.org\",\"@graph\":[{\"@type\":\"WebPage\",\"@id\":\"https:\/\/www.ludoturris.lt\/produktas\/kudikio-maitinimo-kedute-paaukstinimas\/\",\"url\":\"https:\/\/www.ludoturris.lt\/produktas\/kudikio-maitinimo-kedute-paaukstinimas\/\",\"name\":\"K\u016bdikio maitinimo k\u0117dut\u0117 - paauk\u0161tinimas - Ludo Turris\",\"isPartOf\":{\"@id\":\"https:\/\/www.ludoturris.lt\/#website\"},\"datePublished\":\"2025-07-29T06:30:42+00:00\",\"dateModified\":\"2026-02-10T08:32:38+00:00\",\"description\":\"K\u016bdikio maitinimo k\u0117dut\u0117 \u2013 paauk\u0161tinimas: kompakti\u0161kas, saugus ir patogus sprendimas maitinti ma\u017eyl\u012f prie bet kokio stalo. Idealu namams ir kelion\u0117ms!\",\"breadcrumb\":{\"@id\":\"https:\/\/www.ludoturris.lt\/produktas\/kudikio-maitinimo-kedute-paaukstinimas\/#breadcrumb\"},\"inLanguage\":\"en-GB\",\"potentialAction\":[{\"@type\":\"ReadAction\",\"target\":[\"https:\/\/www.ludoturris.lt\/produktas\/kudikio-maitinimo-kedute-paaukstinimas\/\"]}]},{\"@type\":\"BreadcrumbList\",\"@id\":\"https:\/\/www.ludoturris.lt\/produktas\/kudikio-maitinimo-kedute-paaukstinimas\/#breadcrumb\",\"itemListElement\":[{\"@type\":\"ListItem\",\"position\":1,\"name\":\"Home\",\"item\":\"https:\/\/www.ludoturris.lt\/\"},{\"@type\":\"ListItem\",\"position\":2,\"name\":\"Parduotuv\u0117\",\"item\":\"https:\/\/www.ludoturris.lt\/parduotuve\/\"},{\"@type\":\"ListItem\",\"position\":3,\"name\":\"K\u016bdikio maitinimo k\u0117dut\u0117 &#8211; paauk\u0161tinimas\"}]},{\"@type\":\"WebSite\",\"@id\":\"https:\/\/www.ludoturris.lt\/#website\",\"url\":\"https:\/\/www.ludoturris.lt\/\",\"name\":\"Ludo Turris\",\"description\":\"K\u016brybi\u0161kum\u0105 ir fantazij\u0105 lavinan\u010dios kalad\u0117l\u0117s\",\"publisher\":{\"@id\":\"https:\/\/www.ludoturris.lt\/#organization\"},\"potentialAction\":[{\"@type\":\"SearchAction\",\"target\":{\"@type\":\"EntryPoint\",\"urlTemplate\":\"https:\/\/www.ludoturris.lt\/?s={search_term_string}\"},\"query-input\":\"required name=search_term_string\"}],\"inLanguage\":\"en-GB\"},{\"@type\":\"Organization\",\"@id\":\"https:\/\/www.ludoturris.lt\/#organization\",\"name\":\"Ludo Turris \u2013 Vakar\u0173 gama, UAB\",\"url\":\"https:\/\/www.ludoturris.lt\/\",\"logo\":{\"@type\":\"ImageObject\",\"inLanguage\":\"en-GB\",\"@id\":\"https:\/\/www.ludoturris.lt\/#\/schema\/logo\/image\/\",\"url\":\"https:\/\/www.ludoturris.lt\/wp-content\/uploads\/2020\/10\/logo@2x.png\",\"contentUrl\":\"https:\/\/www.ludoturris.lt\/wp-content\/uploads\/2020\/10\/logo@2x.png\",\"width\":300,\"height\":147,\"caption\":\"Ludo Turris \u2013 Vakar\u0173 gama, UAB\"},\"image\":{\"@id\":\"https:\/\/www.ludoturris.lt\/#\/schema\/logo\/image\/\"},\"sameAs\":[\"https:\/\/www.facebook.com\/Ludo-Turris-621921974895920\/\",\"https:\/\/www.youtube.com\/channel\/UCuBACq67N1NGC9LVudo4ngw\"]}]}<\/script>\n<!-- \/ Yoast SEO plugin. -->","yoast_head_json":{"title":"K\u016bdikio maitinimo k\u0117dut\u0117 - paauk\u0161tinimas - Ludo Turris","description":"K\u016bdikio maitinimo k\u0117dut\u0117 \u2013 paauk\u0161tinimas: kompakti\u0161kas, saugus ir patogus sprendimas maitinti ma\u017eyl\u012f prie bet kokio stalo. Idealu namams ir kelion\u0117ms!","robots":{"index":"index","follow":"follow","max-snippet":"max-snippet:-1","max-image-preview":"max-image-preview:large","max-video-preview":"max-video-preview:-1"},"canonical":"https:\/\/www.ludoturris.lt\/en\/product\/kudikio-maitinimo-kedute-paaukstinimas\/","og_locale":"en_GB","og_type":"article","og_title":"K\u016bdikio maitinimo k\u0117dut\u0117 - paauk\u0161tinimas - Ludo Turris","og_description":"K\u016bdikio maitinimo k\u0117dut\u0117 \u2013 paauk\u0161tinimas: kompakti\u0161kas, saugus ir patogus sprendimas maitinti ma\u017eyl\u012f prie bet kokio stalo. Idealu namams ir kelion\u0117ms!","og_url":"https:\/\/www.ludoturris.lt\/en\/product\/kudikio-maitinimo-kedute-paaukstinimas\/","og_site_name":"Ludo Turris","article_publisher":"https:\/\/www.facebook.com\/Ludo-Turris-621921974895920\/","article_modified_time":"2026-02-10T08:32:38+00:00","og_image":[{"width":1000,"height":1000,"url":"https:\/\/www.ludoturris.lt\/wp-content\/uploads\/2025\/07\/E-HC508.png","type":"image\/png"}],"twitter_card":"summary_large_image","twitter_misc":{"Estimated reading time":"1 minute"},"schema":{"@context":"https:\/\/schema.org","@graph":[{"@type":"WebPage","@id":"https:\/\/www.ludoturris.lt\/produktas\/kudikio-maitinimo-kedute-paaukstinimas\/","url":"https:\/\/www.ludoturris.lt\/produktas\/kudikio-maitinimo-kedute-paaukstinimas\/","name":"K\u016bdikio maitinimo k\u0117dut\u0117 - paauk\u0161tinimas - Ludo Turris","isPartOf":{"@id":"https:\/\/www.ludoturris.lt\/#website"},"datePublished":"2025-07-29T06:30:42+00:00","dateModified":"2026-02-10T08:32:38+00:00","description":"K\u016bdikio maitinimo k\u0117dut\u0117 \u2013 paauk\u0161tinimas: kompakti\u0161kas, saugus ir patogus sprendimas maitinti ma\u017eyl\u012f prie bet kokio stalo. Idealu namams ir kelion\u0117ms!","breadcrumb":{"@id":"https:\/\/www.ludoturris.lt\/produktas\/kudikio-maitinimo-kedute-paaukstinimas\/#breadcrumb"},"inLanguage":"en-GB","potentialAction":[{"@type":"ReadAction","target":["https:\/\/www.ludoturris.lt\/produktas\/kudikio-maitinimo-kedute-paaukstinimas\/"]}]},{"@type":"BreadcrumbList","@id":"https:\/\/www.ludoturris.lt\/produktas\/kudikio-maitinimo-kedute-paaukstinimas\/#breadcrumb","itemListElement":[{"@type":"ListItem","position":1,"name":"Home","item":"https:\/\/www.ludoturris.lt\/"},{"@type":"ListItem","position":2,"name":"Parduotuv\u0117","item":"https:\/\/www.ludoturris.lt\/parduotuve\/"},{"@type":"ListItem","position":3,"name":"K\u016bdikio maitinimo k\u0117dut\u0117 &#8211; paauk\u0161tinimas"}]},{"@type":"WebSite","@id":"https:\/\/www.ludoturris.lt\/#website","url":"https:\/\/www.ludoturris.lt\/","name":"Ludo Turris","description":"K\u016brybi\u0161kum\u0105 ir fantazij\u0105 lavinan\u010dios kalad\u0117l\u0117s","publisher":{"@id":"https:\/\/www.ludoturris.lt\/#organization"},"potentialAction":[{"@type":"SearchAction","target":{"@type":"EntryPoint","urlTemplate":"https:\/\/www.ludoturris.lt\/?s={search_term_string}"},"query-input":"required name=search_term_string"}],"inLanguage":"en-GB"},{"@type":"Organization","@id":"https:\/\/www.ludoturris.lt\/#organization","name":"Ludo Turris \u2013 Vakar\u0173 gama, UAB","url":"https:\/\/www.ludoturris.lt\/","logo":{"@type":"ImageObject","inLanguage":"en-GB","@id":"https:\/\/www.ludoturris.lt\/#\/schema\/logo\/image\/","url":"https:\/\/www.ludoturris.lt\/wp-content\/uploads\/2020\/10\/logo@2x.png","contentUrl":"https:\/\/www.ludoturris.lt\/wp-content\/uploads\/2020\/10\/logo@2x.png","width":300,"height":147,"caption":"Ludo Turris \u2013 Vakar\u0173 gama, UAB"},"image":{"@id":"https:\/\/www.ludoturris.lt\/#\/schema\/logo\/image\/"},"sameAs":["https:\/\/www.facebook.com\/Ludo-Turris-621921974895920\/","https:\/\/www.youtube.com\/channel\/UCuBACq67N1NGC9LVudo4ngw"]}]}},"uagb_featured_image_src":{"full":["https:\/\/www.ludoturris.lt\/wp-content\/uploads\/2025\/07\/E-HC508.png",1000,1000,false],"thumbnail":["https:\/\/www.ludoturris.lt\/wp-content\/uploads\/2025\/07\/E-HC508-150x150.png",150,150,true],"medium":["https:\/\/www.ludoturris.lt\/wp-content\/uploads\/2025\/07\/E-HC508-300x300.png",300,300,true],"medium_large":["https:\/\/www.ludoturris.lt\/wp-content\/uploads\/2025\/07\/E-HC508-768x768.png",768,768,true],"large":["https:\/\/www.ludoturris.lt\/wp-content\/uploads\/2025\/07\/E-HC508.png",1000,1000,false],"1536x1536":["https:\/\/www.ludoturris.lt\/wp-content\/uploads\/2025\/07\/E-HC508.png",1000,1000,false],"2048x2048":["https:\/\/www.ludoturris.lt\/wp-content\/uploads\/2025\/07\/E-HC508.png",1000,1000,false],"trp-custom-language-flag":["https:\/\/www.ludoturris.lt\/wp-content\/uploads\/2025\/07\/E-HC508-12x12.png",12,12,true],"woocommerce_thumbnail":["https:\/\/www.ludoturris.lt\/wp-content\/uploads\/2025\/07\/E-HC508-300x300.png",300,300,true],"woocommerce_single":["https:\/\/www.ludoturris.lt\/wp-content\/uploads\/2025\/07\/E-HC508-600x600.png",600,600,true],"woocommerce_gallery_thumbnail":["https:\/\/www.ludoturris.lt\/wp-content\/uploads\/2025\/07\/E-HC508-100x100.png",100,100,true],"variation_swatches_image_size":["https:\/\/www.ludoturris.lt\/wp-content\/uploads\/2025\/07\/E-HC508-50x50.png",50,50,true],"variation_swatches_tooltip_size":["https:\/\/www.ludoturris.lt\/wp-content\/uploads\/2025\/07\/E-HC508-100x100.png",100,100,true],"dgwt-wcas-product-suggestion":["https:\/\/www.ludoturris.lt\/wp-content\/uploads\/2025\/07\/E-HC508.png",64,64,false]},"uagb_author_info":{"display_name":"LudoTurris","author_link":"https:\/\/www.ludoturris.lt\/en\/author\/"},"uagb_comment_info":0,"uagb_excerpt":"Rekomenduojamas am\u017eius: nuo 6-36m\u0117nesi\u0173. Maitinimo k\u0117dut\u0117 gali b\u016bti sm\u0117lio, ro\u017ein\u0117s, \u017ealios ir pilkos spalvos. J\u0105 galima naudoti dviem b\u016bdais: kaip auk\u0161t\u0105 k\u0117dut\u0119 arba kaip prie k\u0117dut\u0117s pritvirtint\u0105 s\u0117dyn\u0119. Sprendim\u0105 \u012fvertins kiekvieni t\u0117vai, \u0161eimos kelioni\u0173 metu. K\u0117dut\u0117s konstrukcija yra stabili, o metalin\u0117s kojel\u0117s padengtos neslystan\u010diomis kojel\u0117mis, kurios neleid\u017eia slysti ir saugo grindis nuo \u012fbr\u0117\u017eim\u0173. K\u0117dut\u0117 turi&hellip;","_links":{"self":[{"href":"https:\/\/www.ludoturris.lt\/en\/wp-json\/wp\/v2\/product\/5080"}],"collection":[{"href":"https:\/\/www.ludoturris.lt\/en\/wp-json\/wp\/v2\/product"}],"about":[{"href":"https:\/\/www.ludoturris.lt\/en\/wp-json\/wp\/v2\/types\/product"}],"wp:featuredmedia":[{"embeddable":true,"href":"https:\/\/www.ludoturris.lt\/en\/wp-json\/wp\/v2\/media\/5081"}],"wp:attachment":[{"href":"https:\/\/www.ludoturris.lt\/en\/wp-json\/wp\/v2\/media?parent=5080"}],"wp:term":[{"taxonomy":"product_cat","embeddable":true,"href":"https:\/\/www.ludoturris.lt\/en\/wp-json\/wp\/v2\/product_cat?post=5080"},{"taxonomy":"product_tag","embeddable":true,"href":"https:\/\/www.ludoturris.lt\/en\/wp-json\/wp\/v2\/product_tag?post=5080"}],"curies":[{"name":"wp","href":"https:\/\/api.w.org\/{rel}","templated":true}]}}