{"id":5066,"date":"2025-07-23T10:16:12","date_gmt":"2025-07-23T12:16:12","guid":{"rendered":"https:\/\/www.ludoturris.lt\/?post_type=product&#038;p=5066"},"modified":"2026-02-08T08:19:35","modified_gmt":"2026-02-08T10:19:35","slug":"didelis-medinis-leliu-namelis-su-baldais","status":"publish","type":"product","link":"https:\/\/www.ludoturris.lt\/en\/product\/didelis-medinis-leliu-namelis-su-baldais\/","title":{"rendered":"Medinis didelis l\u0117li\u0173 namas su baldais"},"content":{"rendered":"<p>\u0160is didelis l\u0117li\u0173 namelis su mediniais baldais tinka vaikams nuo 3 met\u0173 am\u017eiaus. Konstrukcija yra saugi ir tinkamo auk\u0161\u010dio Barb\u0117s l\u0117l\u0117ms. Rinkin\u012f sudaro 9 baldai ir 3 nepriklausomi lygiai su i\u0161 viso 5 kambariais, primena tikrus namus. \u0160is \u017eaislas skirtas lavinti vaik\u0173 vaizduot\u0119, k\u016brybi\u0161kum\u0105 ir rank\u0173 miklum\u0105. Spalv\u0173 schema parinkta taip, kad namelis puikiai atrodyt\u0173 ne tik vaiko kambaryje, bet ir svetain\u0117je. L\u0117li\u0173 namelis skatina k\u016brybi\u0161k\u0105 m\u0105stym\u0105, kantryb\u0119 ir smulki\u0105j\u0105 motorik\u0105, leid\u017eia vaikams savaranki\u0161kai ar kartu su draugais pasinerti \u012f ilgus, prasmingus \u017eaidimus. Matmenys 61x30x106cm.<\/p>","protected":false},"excerpt":{"rendered":"<p>\u0160is didelis l\u0117li\u0173 namelis su mediniais baldais tinka vaikams nuo 3 met\u0173 am\u017eiaus. Konstrukcija yra saugi ir tinkamo auk\u0161\u010dio Barb\u0117s l\u0117l\u0117ms. Rinkin\u012f sudaro 9 baldai ir 3 nepriklausomi lygiai su i\u0161 viso 5 kambariais, primena tikrus namus. \u0160is \u017eaislas skirtas lavinti vaik\u0173 vaizduot\u0119, k\u016brybi\u0161kum\u0105 ir rank\u0173 miklum\u0105. Spalv\u0173 schema parinkta taip, kad namelis puikiai atrodyt\u0173 &hellip;<\/p>\n<p class=\"read-more\"> <a class=\"\" href=\"https:\/\/www.ludoturris.lt\/en\/product\/didelis-medinis-leliu-namelis-su-baldais\/\"> <span class=\"screen-reader-text\">Medinis didelis l\u0117li\u0173 namas su baldais<\/span> Read More &raquo;<\/a><\/p>","protected":false},"featured_media":5075,"template":"","meta":{"_uag_custom_page_level_css":"","_themeisle_gutenberg_block_has_review":false},"product_cat":[92,69,96],"product_tag":[],"yoast_head":"<!-- This site is optimized with the Yoast SEO plugin v21.1 - https:\/\/yoast.com\/wordpress\/plugins\/seo\/ -->\n<title>Medinis didelis l\u0117li\u0173 namas su baldais - Ludo Turris<\/title>\n<meta name=\"description\" content=\"Didelis medinis l\u0117li\u0173 namelis su baldais \u2013 erdvus, tvirtas ir kruop\u0161\u010diai detalizuotas namelis k\u016brybi\u0161kiems \u017eaidimams. Komplekte \u2013 baldai ir aksesuarai!\" \/>\n<meta name=\"robots\" content=\"index, follow, max-snippet:-1, max-image-preview:large, max-video-preview:-1\" \/>\n<link rel=\"canonical\" href=\"https:\/\/www.ludoturris.lt\/en\/product\/didelis-medinis-leliu-namelis-su-baldais\/\" \/>\n<meta property=\"og:locale\" content=\"en_GB\" \/>\n<meta property=\"og:type\" content=\"article\" \/>\n<meta property=\"og:title\" content=\"Medinis didelis l\u0117li\u0173 namas su baldais - Ludo Turris\" \/>\n<meta property=\"og:description\" content=\"Didelis medinis l\u0117li\u0173 namelis su baldais \u2013 erdvus, tvirtas ir kruop\u0161\u010diai detalizuotas namelis k\u016brybi\u0161kiems \u017eaidimams. Komplekte \u2013 baldai ir aksesuarai!\" \/>\n<meta property=\"og:url\" content=\"https:\/\/www.ludoturris.lt\/en\/product\/didelis-medinis-leliu-namelis-su-baldais\/\" \/>\n<meta property=\"og:site_name\" content=\"Ludo Turris\" \/>\n<meta property=\"article:publisher\" content=\"https:\/\/www.facebook.com\/Ludo-Turris-621921974895920\/\" \/>\n<meta property=\"article:modified_time\" content=\"2026-02-08T10:19:35+00:00\" \/>\n<meta property=\"og:image\" content=\"https:\/\/www.ludoturris.lt\/wp-content\/uploads\/2025\/07\/E-D8112-3.png\" \/>\n\t<meta property=\"og:image:width\" content=\"1000\" \/>\n\t<meta property=\"og:image:height\" content=\"1000\" \/>\n\t<meta property=\"og:image:type\" content=\"image\/png\" \/>\n<meta name=\"twitter:card\" content=\"summary_large_image\" \/>\n<meta name=\"twitter:label1\" content=\"Estimated reading time\" \/>\n\t<meta name=\"twitter:data1\" content=\"1 minute\" \/>\n<script type=\"application\/ld+json\" class=\"yoast-schema-graph\">{\"@context\":\"https:\/\/schema.org\",\"@graph\":[{\"@type\":\"WebPage\",\"@id\":\"https:\/\/www.ludoturris.lt\/produktas\/didelis-medinis-leliu-namelis-su-baldais\/\",\"url\":\"https:\/\/www.ludoturris.lt\/produktas\/didelis-medinis-leliu-namelis-su-baldais\/\",\"name\":\"Medinis didelis l\u0117li\u0173 namas su baldais - Ludo Turris\",\"isPartOf\":{\"@id\":\"https:\/\/www.ludoturris.lt\/#website\"},\"datePublished\":\"2025-07-23T12:16:12+00:00\",\"dateModified\":\"2026-02-08T10:19:35+00:00\",\"description\":\"Didelis medinis l\u0117li\u0173 namelis su baldais \u2013 erdvus, tvirtas ir kruop\u0161\u010diai detalizuotas namelis k\u016brybi\u0161kiems \u017eaidimams. Komplekte \u2013 baldai ir aksesuarai!\",\"breadcrumb\":{\"@id\":\"https:\/\/www.ludoturris.lt\/produktas\/didelis-medinis-leliu-namelis-su-baldais\/#breadcrumb\"},\"inLanguage\":\"en-GB\",\"potentialAction\":[{\"@type\":\"ReadAction\",\"target\":[\"https:\/\/www.ludoturris.lt\/produktas\/didelis-medinis-leliu-namelis-su-baldais\/\"]}]},{\"@type\":\"BreadcrumbList\",\"@id\":\"https:\/\/www.ludoturris.lt\/produktas\/didelis-medinis-leliu-namelis-su-baldais\/#breadcrumb\",\"itemListElement\":[{\"@type\":\"ListItem\",\"position\":1,\"name\":\"Home\",\"item\":\"https:\/\/www.ludoturris.lt\/\"},{\"@type\":\"ListItem\",\"position\":2,\"name\":\"Parduotuv\u0117\",\"item\":\"https:\/\/www.ludoturris.lt\/parduotuve\/\"},{\"@type\":\"ListItem\",\"position\":3,\"name\":\"Medinis didelis l\u0117li\u0173 namas su baldais\"}]},{\"@type\":\"WebSite\",\"@id\":\"https:\/\/www.ludoturris.lt\/#website\",\"url\":\"https:\/\/www.ludoturris.lt\/\",\"name\":\"Ludo Turris\",\"description\":\"K\u016brybi\u0161kum\u0105 ir fantazij\u0105 lavinan\u010dios kalad\u0117l\u0117s\",\"publisher\":{\"@id\":\"https:\/\/www.ludoturris.lt\/#organization\"},\"potentialAction\":[{\"@type\":\"SearchAction\",\"target\":{\"@type\":\"EntryPoint\",\"urlTemplate\":\"https:\/\/www.ludoturris.lt\/?s={search_term_string}\"},\"query-input\":\"required name=search_term_string\"}],\"inLanguage\":\"en-GB\"},{\"@type\":\"Organization\",\"@id\":\"https:\/\/www.ludoturris.lt\/#organization\",\"name\":\"Ludo Turris \u2013 Vakar\u0173 gama, UAB\",\"url\":\"https:\/\/www.ludoturris.lt\/\",\"logo\":{\"@type\":\"ImageObject\",\"inLanguage\":\"en-GB\",\"@id\":\"https:\/\/www.ludoturris.lt\/#\/schema\/logo\/image\/\",\"url\":\"https:\/\/www.ludoturris.lt\/wp-content\/uploads\/2020\/10\/logo@2x.png\",\"contentUrl\":\"https:\/\/www.ludoturris.lt\/wp-content\/uploads\/2020\/10\/logo@2x.png\",\"width\":300,\"height\":147,\"caption\":\"Ludo Turris \u2013 Vakar\u0173 gama, UAB\"},\"image\":{\"@id\":\"https:\/\/www.ludoturris.lt\/#\/schema\/logo\/image\/\"},\"sameAs\":[\"https:\/\/www.facebook.com\/Ludo-Turris-621921974895920\/\",\"https:\/\/www.youtube.com\/channel\/UCuBACq67N1NGC9LVudo4ngw\"]}]}<\/script>\n<!-- \/ Yoast SEO plugin. -->","yoast_head_json":{"title":"Medinis didelis l\u0117li\u0173 namas su baldais - Ludo Turris","description":"Didelis medinis l\u0117li\u0173 namelis su baldais \u2013 erdvus, tvirtas ir kruop\u0161\u010diai detalizuotas namelis k\u016brybi\u0161kiems \u017eaidimams. Komplekte \u2013 baldai ir aksesuarai!","robots":{"index":"index","follow":"follow","max-snippet":"max-snippet:-1","max-image-preview":"max-image-preview:large","max-video-preview":"max-video-preview:-1"},"canonical":"https:\/\/www.ludoturris.lt\/en\/product\/didelis-medinis-leliu-namelis-su-baldais\/","og_locale":"en_GB","og_type":"article","og_title":"Medinis didelis l\u0117li\u0173 namas su baldais - Ludo Turris","og_description":"Didelis medinis l\u0117li\u0173 namelis su baldais \u2013 erdvus, tvirtas ir kruop\u0161\u010diai detalizuotas namelis k\u016brybi\u0161kiems \u017eaidimams. Komplekte \u2013 baldai ir aksesuarai!","og_url":"https:\/\/www.ludoturris.lt\/en\/product\/didelis-medinis-leliu-namelis-su-baldais\/","og_site_name":"Ludo Turris","article_publisher":"https:\/\/www.facebook.com\/Ludo-Turris-621921974895920\/","article_modified_time":"2026-02-08T10:19:35+00:00","og_image":[{"width":1000,"height":1000,"url":"https:\/\/www.ludoturris.lt\/wp-content\/uploads\/2025\/07\/E-D8112-3.png","type":"image\/png"}],"twitter_card":"summary_large_image","twitter_misc":{"Estimated reading time":"1 minute"},"schema":{"@context":"https:\/\/schema.org","@graph":[{"@type":"WebPage","@id":"https:\/\/www.ludoturris.lt\/produktas\/didelis-medinis-leliu-namelis-su-baldais\/","url":"https:\/\/www.ludoturris.lt\/produktas\/didelis-medinis-leliu-namelis-su-baldais\/","name":"Medinis didelis l\u0117li\u0173 namas su baldais - Ludo Turris","isPartOf":{"@id":"https:\/\/www.ludoturris.lt\/#website"},"datePublished":"2025-07-23T12:16:12+00:00","dateModified":"2026-02-08T10:19:35+00:00","description":"Didelis medinis l\u0117li\u0173 namelis su baldais \u2013 erdvus, tvirtas ir kruop\u0161\u010diai detalizuotas namelis k\u016brybi\u0161kiems \u017eaidimams. Komplekte \u2013 baldai ir aksesuarai!","breadcrumb":{"@id":"https:\/\/www.ludoturris.lt\/produktas\/didelis-medinis-leliu-namelis-su-baldais\/#breadcrumb"},"inLanguage":"en-GB","potentialAction":[{"@type":"ReadAction","target":["https:\/\/www.ludoturris.lt\/produktas\/didelis-medinis-leliu-namelis-su-baldais\/"]}]},{"@type":"BreadcrumbList","@id":"https:\/\/www.ludoturris.lt\/produktas\/didelis-medinis-leliu-namelis-su-baldais\/#breadcrumb","itemListElement":[{"@type":"ListItem","position":1,"name":"Home","item":"https:\/\/www.ludoturris.lt\/"},{"@type":"ListItem","position":2,"name":"Parduotuv\u0117","item":"https:\/\/www.ludoturris.lt\/parduotuve\/"},{"@type":"ListItem","position":3,"name":"Medinis didelis l\u0117li\u0173 namas su baldais"}]},{"@type":"WebSite","@id":"https:\/\/www.ludoturris.lt\/#website","url":"https:\/\/www.ludoturris.lt\/","name":"Ludo Turris","description":"K\u016brybi\u0161kum\u0105 ir fantazij\u0105 lavinan\u010dios kalad\u0117l\u0117s","publisher":{"@id":"https:\/\/www.ludoturris.lt\/#organization"},"potentialAction":[{"@type":"SearchAction","target":{"@type":"EntryPoint","urlTemplate":"https:\/\/www.ludoturris.lt\/?s={search_term_string}"},"query-input":"required name=search_term_string"}],"inLanguage":"en-GB"},{"@type":"Organization","@id":"https:\/\/www.ludoturris.lt\/#organization","name":"Ludo Turris \u2013 Vakar\u0173 gama, UAB","url":"https:\/\/www.ludoturris.lt\/","logo":{"@type":"ImageObject","inLanguage":"en-GB","@id":"https:\/\/www.ludoturris.lt\/#\/schema\/logo\/image\/","url":"https:\/\/www.ludoturris.lt\/wp-content\/uploads\/2020\/10\/logo@2x.png","contentUrl":"https:\/\/www.ludoturris.lt\/wp-content\/uploads\/2020\/10\/logo@2x.png","width":300,"height":147,"caption":"Ludo Turris \u2013 Vakar\u0173 gama, UAB"},"image":{"@id":"https:\/\/www.ludoturris.lt\/#\/schema\/logo\/image\/"},"sameAs":["https:\/\/www.facebook.com\/Ludo-Turris-621921974895920\/","https:\/\/www.youtube.com\/channel\/UCuBACq67N1NGC9LVudo4ngw"]}]}},"uagb_featured_image_src":{"full":["https:\/\/www.ludoturris.lt\/wp-content\/uploads\/2025\/07\/E-D8112-3.png",1000,1000,false],"thumbnail":["https:\/\/www.ludoturris.lt\/wp-content\/uploads\/2025\/07\/E-D8112-3-150x150.png",150,150,true],"medium":["https:\/\/www.ludoturris.lt\/wp-content\/uploads\/2025\/07\/E-D8112-3-300x300.png",300,300,true],"medium_large":["https:\/\/www.ludoturris.lt\/wp-content\/uploads\/2025\/07\/E-D8112-3-768x768.png",768,768,true],"large":["https:\/\/www.ludoturris.lt\/wp-content\/uploads\/2025\/07\/E-D8112-3.png",1000,1000,false],"1536x1536":["https:\/\/www.ludoturris.lt\/wp-content\/uploads\/2025\/07\/E-D8112-3.png",1000,1000,false],"2048x2048":["https:\/\/www.ludoturris.lt\/wp-content\/uploads\/2025\/07\/E-D8112-3.png",1000,1000,false],"trp-custom-language-flag":["https:\/\/www.ludoturris.lt\/wp-content\/uploads\/2025\/07\/E-D8112-3-12x12.png",12,12,true],"woocommerce_thumbnail":["https:\/\/www.ludoturris.lt\/wp-content\/uploads\/2025\/07\/E-D8112-3-300x300.png",300,300,true],"woocommerce_single":["https:\/\/www.ludoturris.lt\/wp-content\/uploads\/2025\/07\/E-D8112-3-600x600.png",600,600,true],"woocommerce_gallery_thumbnail":["https:\/\/www.ludoturris.lt\/wp-content\/uploads\/2025\/07\/E-D8112-3-100x100.png",100,100,true],"variation_swatches_image_size":["https:\/\/www.ludoturris.lt\/wp-content\/uploads\/2025\/07\/E-D8112-3-50x50.png",50,50,true],"variation_swatches_tooltip_size":["https:\/\/www.ludoturris.lt\/wp-content\/uploads\/2025\/07\/E-D8112-3-100x100.png",100,100,true],"dgwt-wcas-product-suggestion":["https:\/\/www.ludoturris.lt\/wp-content\/uploads\/2025\/07\/E-D8112-3.png",64,64,false]},"uagb_author_info":{"display_name":"LudoTurris","author_link":"https:\/\/www.ludoturris.lt\/en\/author\/"},"uagb_comment_info":0,"uagb_excerpt":"\u0160is didelis l\u0117li\u0173 namelis su mediniais baldais tinka vaikams nuo 3 met\u0173 am\u017eiaus. Konstrukcija yra saugi ir tinkamo auk\u0161\u010dio Barb\u0117s l\u0117l\u0117ms. Rinkin\u012f sudaro 9 baldai ir 3 nepriklausomi lygiai su i\u0161 viso 5 kambariais, primena tikrus namus. \u0160is \u017eaislas skirtas lavinti vaik\u0173 vaizduot\u0119, k\u016brybi\u0161kum\u0105 ir rank\u0173 miklum\u0105. Spalv\u0173 schema parinkta taip, kad namelis puikiai atrodyt\u0173&hellip;","_links":{"self":[{"href":"https:\/\/www.ludoturris.lt\/en\/wp-json\/wp\/v2\/product\/5066"}],"collection":[{"href":"https:\/\/www.ludoturris.lt\/en\/wp-json\/wp\/v2\/product"}],"about":[{"href":"https:\/\/www.ludoturris.lt\/en\/wp-json\/wp\/v2\/types\/product"}],"wp:featuredmedia":[{"embeddable":true,"href":"https:\/\/www.ludoturris.lt\/en\/wp-json\/wp\/v2\/media\/5075"}],"wp:attachment":[{"href":"https:\/\/www.ludoturris.lt\/en\/wp-json\/wp\/v2\/media?parent=5066"}],"wp:term":[{"taxonomy":"product_cat","embeddable":true,"href":"https:\/\/www.ludoturris.lt\/en\/wp-json\/wp\/v2\/product_cat?post=5066"},{"taxonomy":"product_tag","embeddable":true,"href":"https:\/\/www.ludoturris.lt\/en\/wp-json\/wp\/v2\/product_tag?post=5066"}],"curies":[{"name":"wp","href":"https:\/\/api.w.org\/{rel}","templated":true}]}}