{"id":5011,"date":"2025-07-17T07:33:01","date_gmt":"2025-07-17T09:33:01","guid":{"rendered":"https:\/\/www.ludoturris.lt\/?post_type=product&#038;p=5011"},"modified":"2026-02-03T05:27:15","modified_gmt":"2026-02-03T07:27:15","slug":"plastikine-basestore-dezute-su-dangteliu-85l","status":"publish","type":"product","link":"https:\/\/www.ludoturris.lt\/en\/product\/plastikine-basestore-dezute-su-dangteliu-85l\/","title":{"rendered":"Plastikin\u0117 BaseStore d\u0117\u017eut\u0117 su dangteliu 8,5l"},"content":{"rendered":"","protected":false},"excerpt":{"rendered":"<p>skaidrios d\u0117\u017eut\u0117s puikus ir tvirtas pasirinkimas \u012fvairiems daikt\u0173 saugojimo poreikiams. \u0160ios d\u0117\u017eut\u0117s lyginant su standartin\u0117mis skaidriomis d\u0117\u017eut\u0117mis turi sustiprintus matinius kampus bei matin\u012f dangtelio apvad\u0105, kas daro jas daug tvirtesnes ir svarbiausia daug ma\u017eiau besibrai\u017ean\u010dias!<\/p>","protected":false},"featured_media":5013,"template":"","meta":{"_uag_custom_page_level_css":"","_themeisle_gutenberg_block_has_review":false},"product_cat":[71,33],"product_tag":[],"yoast_head":"<!-- This site is optimized with the Yoast SEO plugin v21.1 - https:\/\/yoast.com\/wordpress\/plugins\/seo\/ -->\n<title>Plastikin\u0117 BaseStore d\u0117\u017eut\u0117 su dangteliu 8,5l - Ludo Turris<\/title>\n<meta name=\"description\" content=\"BaseStore \u0161ios skaidrios d\u0117\u017eut\u0117s su dangteliais ir spaustukais puikus ir tvirtas pasirinkimas \u012fvairiems daikt\u0173 saugojimo poreikiams.\" \/>\n<meta name=\"robots\" content=\"index, follow, max-snippet:-1, max-image-preview:large, max-video-preview:-1\" \/>\n<link rel=\"canonical\" href=\"https:\/\/www.ludoturris.lt\/en\/product\/plastikine-basestore-dezute-su-dangteliu-85l\/\" \/>\n<meta property=\"og:locale\" content=\"en_GB\" \/>\n<meta property=\"og:type\" content=\"article\" \/>\n<meta property=\"og:title\" content=\"Plastikin\u0117 BaseStore d\u0117\u017eut\u0117 su dangteliu 8,5l - Ludo Turris\" \/>\n<meta property=\"og:description\" content=\"BaseStore \u0161ios skaidrios d\u0117\u017eut\u0117s su dangteliais ir spaustukais puikus ir tvirtas pasirinkimas \u012fvairiems daikt\u0173 saugojimo poreikiams.\" \/>\n<meta property=\"og:url\" content=\"https:\/\/www.ludoturris.lt\/en\/product\/plastikine-basestore-dezute-su-dangteliu-85l\/\" \/>\n<meta property=\"og:site_name\" content=\"Ludo Turris\" \/>\n<meta property=\"article:publisher\" content=\"https:\/\/www.facebook.com\/Ludo-Turris-621921974895920\/\" \/>\n<meta property=\"article:modified_time\" content=\"2026-02-03T07:27:15+00:00\" \/>\n<meta property=\"og:image\" content=\"https:\/\/www.ludoturris.lt\/wp-content\/uploads\/2025\/07\/B.S.2512-1.png\" \/>\n\t<meta property=\"og:image:width\" content=\"1200\" \/>\n\t<meta property=\"og:image:height\" content=\"1000\" \/>\n\t<meta property=\"og:image:type\" content=\"image\/png\" \/>\n<meta name=\"twitter:card\" content=\"summary_large_image\" \/>\n<script type=\"application\/ld+json\" class=\"yoast-schema-graph\">{\"@context\":\"https:\/\/schema.org\",\"@graph\":[{\"@type\":\"WebPage\",\"@id\":\"https:\/\/www.ludoturris.lt\/produktas\/plastikine-basestore-dezute-su-dangteliu-85l\/\",\"url\":\"https:\/\/www.ludoturris.lt\/produktas\/plastikine-basestore-dezute-su-dangteliu-85l\/\",\"name\":\"Plastikin\u0117 BaseStore d\u0117\u017eut\u0117 su dangteliu 8,5l - Ludo Turris\",\"isPartOf\":{\"@id\":\"https:\/\/www.ludoturris.lt\/#website\"},\"datePublished\":\"2025-07-17T09:33:01+00:00\",\"dateModified\":\"2026-02-03T07:27:15+00:00\",\"description\":\"BaseStore \u0161ios skaidrios d\u0117\u017eut\u0117s su dangteliais ir spaustukais puikus ir tvirtas pasirinkimas \u012fvairiems daikt\u0173 saugojimo poreikiams.\",\"breadcrumb\":{\"@id\":\"https:\/\/www.ludoturris.lt\/produktas\/plastikine-basestore-dezute-su-dangteliu-85l\/#breadcrumb\"},\"inLanguage\":\"en-GB\",\"potentialAction\":[{\"@type\":\"ReadAction\",\"target\":[\"https:\/\/www.ludoturris.lt\/produktas\/plastikine-basestore-dezute-su-dangteliu-85l\/\"]}]},{\"@type\":\"BreadcrumbList\",\"@id\":\"https:\/\/www.ludoturris.lt\/produktas\/plastikine-basestore-dezute-su-dangteliu-85l\/#breadcrumb\",\"itemListElement\":[{\"@type\":\"ListItem\",\"position\":1,\"name\":\"Home\",\"item\":\"https:\/\/www.ludoturris.lt\/\"},{\"@type\":\"ListItem\",\"position\":2,\"name\":\"Parduotuv\u0117\",\"item\":\"https:\/\/www.ludoturris.lt\/parduotuve\/\"},{\"@type\":\"ListItem\",\"position\":3,\"name\":\"Plastikin\u0117 BaseStore d\u0117\u017eut\u0117 su dangteliu 8,5l\"}]},{\"@type\":\"WebSite\",\"@id\":\"https:\/\/www.ludoturris.lt\/#website\",\"url\":\"https:\/\/www.ludoturris.lt\/\",\"name\":\"Ludo Turris\",\"description\":\"K\u016brybi\u0161kum\u0105 ir fantazij\u0105 lavinan\u010dios kalad\u0117l\u0117s\",\"publisher\":{\"@id\":\"https:\/\/www.ludoturris.lt\/#organization\"},\"potentialAction\":[{\"@type\":\"SearchAction\",\"target\":{\"@type\":\"EntryPoint\",\"urlTemplate\":\"https:\/\/www.ludoturris.lt\/?s={search_term_string}\"},\"query-input\":\"required name=search_term_string\"}],\"inLanguage\":\"en-GB\"},{\"@type\":\"Organization\",\"@id\":\"https:\/\/www.ludoturris.lt\/#organization\",\"name\":\"Ludo Turris \u2013 Vakar\u0173 gama, UAB\",\"url\":\"https:\/\/www.ludoturris.lt\/\",\"logo\":{\"@type\":\"ImageObject\",\"inLanguage\":\"en-GB\",\"@id\":\"https:\/\/www.ludoturris.lt\/#\/schema\/logo\/image\/\",\"url\":\"https:\/\/www.ludoturris.lt\/wp-content\/uploads\/2020\/10\/logo@2x.png\",\"contentUrl\":\"https:\/\/www.ludoturris.lt\/wp-content\/uploads\/2020\/10\/logo@2x.png\",\"width\":300,\"height\":147,\"caption\":\"Ludo Turris \u2013 Vakar\u0173 gama, UAB\"},\"image\":{\"@id\":\"https:\/\/www.ludoturris.lt\/#\/schema\/logo\/image\/\"},\"sameAs\":[\"https:\/\/www.facebook.com\/Ludo-Turris-621921974895920\/\",\"https:\/\/www.youtube.com\/channel\/UCuBACq67N1NGC9LVudo4ngw\"]}]}<\/script>\n<!-- \/ Yoast SEO plugin. -->","yoast_head_json":{"title":"Plastikin\u0117 BaseStore d\u0117\u017eut\u0117 su dangteliu 8,5l - Ludo Turris","description":"BaseStore \u0161ios skaidrios d\u0117\u017eut\u0117s su dangteliais ir spaustukais puikus ir tvirtas pasirinkimas \u012fvairiems daikt\u0173 saugojimo poreikiams.","robots":{"index":"index","follow":"follow","max-snippet":"max-snippet:-1","max-image-preview":"max-image-preview:large","max-video-preview":"max-video-preview:-1"},"canonical":"https:\/\/www.ludoturris.lt\/en\/product\/plastikine-basestore-dezute-su-dangteliu-85l\/","og_locale":"en_GB","og_type":"article","og_title":"Plastikin\u0117 BaseStore d\u0117\u017eut\u0117 su dangteliu 8,5l - Ludo Turris","og_description":"BaseStore \u0161ios skaidrios d\u0117\u017eut\u0117s su dangteliais ir spaustukais puikus ir tvirtas pasirinkimas \u012fvairiems daikt\u0173 saugojimo poreikiams.","og_url":"https:\/\/www.ludoturris.lt\/en\/product\/plastikine-basestore-dezute-su-dangteliu-85l\/","og_site_name":"Ludo Turris","article_publisher":"https:\/\/www.facebook.com\/Ludo-Turris-621921974895920\/","article_modified_time":"2026-02-03T07:27:15+00:00","og_image":[{"width":1200,"height":1000,"url":"https:\/\/www.ludoturris.lt\/wp-content\/uploads\/2025\/07\/B.S.2512-1.png","type":"image\/png"}],"twitter_card":"summary_large_image","schema":{"@context":"https:\/\/schema.org","@graph":[{"@type":"WebPage","@id":"https:\/\/www.ludoturris.lt\/produktas\/plastikine-basestore-dezute-su-dangteliu-85l\/","url":"https:\/\/www.ludoturris.lt\/produktas\/plastikine-basestore-dezute-su-dangteliu-85l\/","name":"Plastikin\u0117 BaseStore d\u0117\u017eut\u0117 su dangteliu 8,5l - Ludo Turris","isPartOf":{"@id":"https:\/\/www.ludoturris.lt\/#website"},"datePublished":"2025-07-17T09:33:01+00:00","dateModified":"2026-02-03T07:27:15+00:00","description":"BaseStore \u0161ios skaidrios d\u0117\u017eut\u0117s su dangteliais ir spaustukais puikus ir tvirtas pasirinkimas \u012fvairiems daikt\u0173 saugojimo poreikiams.","breadcrumb":{"@id":"https:\/\/www.ludoturris.lt\/produktas\/plastikine-basestore-dezute-su-dangteliu-85l\/#breadcrumb"},"inLanguage":"en-GB","potentialAction":[{"@type":"ReadAction","target":["https:\/\/www.ludoturris.lt\/produktas\/plastikine-basestore-dezute-su-dangteliu-85l\/"]}]},{"@type":"BreadcrumbList","@id":"https:\/\/www.ludoturris.lt\/produktas\/plastikine-basestore-dezute-su-dangteliu-85l\/#breadcrumb","itemListElement":[{"@type":"ListItem","position":1,"name":"Home","item":"https:\/\/www.ludoturris.lt\/"},{"@type":"ListItem","position":2,"name":"Parduotuv\u0117","item":"https:\/\/www.ludoturris.lt\/parduotuve\/"},{"@type":"ListItem","position":3,"name":"Plastikin\u0117 BaseStore d\u0117\u017eut\u0117 su dangteliu 8,5l"}]},{"@type":"WebSite","@id":"https:\/\/www.ludoturris.lt\/#website","url":"https:\/\/www.ludoturris.lt\/","name":"Ludo Turris","description":"K\u016brybi\u0161kum\u0105 ir fantazij\u0105 lavinan\u010dios kalad\u0117l\u0117s","publisher":{"@id":"https:\/\/www.ludoturris.lt\/#organization"},"potentialAction":[{"@type":"SearchAction","target":{"@type":"EntryPoint","urlTemplate":"https:\/\/www.ludoturris.lt\/?s={search_term_string}"},"query-input":"required name=search_term_string"}],"inLanguage":"en-GB"},{"@type":"Organization","@id":"https:\/\/www.ludoturris.lt\/#organization","name":"Ludo Turris \u2013 Vakar\u0173 gama, UAB","url":"https:\/\/www.ludoturris.lt\/","logo":{"@type":"ImageObject","inLanguage":"en-GB","@id":"https:\/\/www.ludoturris.lt\/#\/schema\/logo\/image\/","url":"https:\/\/www.ludoturris.lt\/wp-content\/uploads\/2020\/10\/logo@2x.png","contentUrl":"https:\/\/www.ludoturris.lt\/wp-content\/uploads\/2020\/10\/logo@2x.png","width":300,"height":147,"caption":"Ludo Turris \u2013 Vakar\u0173 gama, UAB"},"image":{"@id":"https:\/\/www.ludoturris.lt\/#\/schema\/logo\/image\/"},"sameAs":["https:\/\/www.facebook.com\/Ludo-Turris-621921974895920\/","https:\/\/www.youtube.com\/channel\/UCuBACq67N1NGC9LVudo4ngw"]}]}},"uagb_featured_image_src":{"full":["https:\/\/www.ludoturris.lt\/wp-content\/uploads\/2025\/07\/B.S.2512-1.png",1200,1000,false],"thumbnail":["https:\/\/www.ludoturris.lt\/wp-content\/uploads\/2025\/07\/B.S.2512-1-150x150.png",150,150,true],"medium":["https:\/\/www.ludoturris.lt\/wp-content\/uploads\/2025\/07\/B.S.2512-1-300x250.png",300,250,true],"medium_large":["https:\/\/www.ludoturris.lt\/wp-content\/uploads\/2025\/07\/B.S.2512-1-768x640.png",768,640,true],"large":["https:\/\/www.ludoturris.lt\/wp-content\/uploads\/2025\/07\/B.S.2512-1-1024x853.png",1024,853,true],"1536x1536":["https:\/\/www.ludoturris.lt\/wp-content\/uploads\/2025\/07\/B.S.2512-1.png",1200,1000,false],"2048x2048":["https:\/\/www.ludoturris.lt\/wp-content\/uploads\/2025\/07\/B.S.2512-1.png",1200,1000,false],"trp-custom-language-flag":["https:\/\/www.ludoturris.lt\/wp-content\/uploads\/2025\/07\/B.S.2512-1-14x12.png",14,12,true],"woocommerce_thumbnail":["https:\/\/www.ludoturris.lt\/wp-content\/uploads\/2025\/07\/B.S.2512-1-300x300.png",300,300,true],"woocommerce_single":["https:\/\/www.ludoturris.lt\/wp-content\/uploads\/2025\/07\/B.S.2512-1-600x500.png",600,500,true],"woocommerce_gallery_thumbnail":["https:\/\/www.ludoturris.lt\/wp-content\/uploads\/2025\/07\/B.S.2512-1-100x100.png",100,100,true],"variation_swatches_image_size":["https:\/\/www.ludoturris.lt\/wp-content\/uploads\/2025\/07\/B.S.2512-1-50x50.png",50,50,true],"variation_swatches_tooltip_size":["https:\/\/www.ludoturris.lt\/wp-content\/uploads\/2025\/07\/B.S.2512-1-100x100.png",100,100,true],"dgwt-wcas-product-suggestion":["https:\/\/www.ludoturris.lt\/wp-content\/uploads\/2025\/07\/B.S.2512-1.png",64,53,false]},"uagb_author_info":{"display_name":"LudoTurris","author_link":"https:\/\/www.ludoturris.lt\/en\/author\/"},"uagb_comment_info":0,"uagb_excerpt":"skaidrios d\u0117\u017eut\u0117s puikus ir tvirtas pasirinkimas \u012fvairiems daikt\u0173 saugojimo poreikiams. \u0160ios d\u0117\u017eut\u0117s lyginant su standartin\u0117mis skaidriomis d\u0117\u017eut\u0117mis turi sustiprintus matinius kampus bei matin\u012f dangtelio apvad\u0105, kas daro jas daug tvirtesnes ir svarbiausia daug ma\u017eiau besibrai\u017ean\u010dias!","_links":{"self":[{"href":"https:\/\/www.ludoturris.lt\/en\/wp-json\/wp\/v2\/product\/5011"}],"collection":[{"href":"https:\/\/www.ludoturris.lt\/en\/wp-json\/wp\/v2\/product"}],"about":[{"href":"https:\/\/www.ludoturris.lt\/en\/wp-json\/wp\/v2\/types\/product"}],"wp:featuredmedia":[{"embeddable":true,"href":"https:\/\/www.ludoturris.lt\/en\/wp-json\/wp\/v2\/media\/5013"}],"wp:attachment":[{"href":"https:\/\/www.ludoturris.lt\/en\/wp-json\/wp\/v2\/media?parent=5011"}],"wp:term":[{"taxonomy":"product_cat","embeddable":true,"href":"https:\/\/www.ludoturris.lt\/en\/wp-json\/wp\/v2\/product_cat?post=5011"},{"taxonomy":"product_tag","embeddable":true,"href":"https:\/\/www.ludoturris.lt\/en\/wp-json\/wp\/v2\/product_tag?post=5011"}],"curies":[{"name":"wp","href":"https:\/\/api.w.org\/{rel}","templated":true}]}}