{"id":4988,"date":"2025-04-23T13:52:00","date_gmt":"2025-04-23T15:52:00","guid":{"rendered":"https:\/\/www.ludoturris.lt\/?post_type=product&#038;p=4988"},"modified":"2026-02-11T06:13:44","modified_gmt":"2026-02-11T08:13:44","slug":"muilo-burbulu-kanistras","status":"publish","type":"product","link":"https:\/\/www.ludoturris.lt\/en\/product\/muilo-burbulu-kanistras\/","title":{"rendered":"Muilo burbul\u0173 kanistras"},"content":{"rendered":"<p>Rekomenduojamas nuo 3 met\u0173 am\u017eiaus. Kanistre yra 2500 ml paruo\u0161to naudoti muiluoto vandens. Juos galite naudoti p\u016btimo lazdoms, muilo burbul\u0173 \u017eaidimams ir net muilo burbul\u0173 ma\u0161inoms. Vanduo su muilo burbuliukais turi ypa\u010d ilg\u0105 galiojimo laik\u0105 ir yra saugiai laikomas u\u017esukamoje talpykloje. Idealiai tinka namams, renginiams, vaik\u0173 gimtadieniai, bernvakariai, vasaros festivaliai ir vestuv\u0117s. Kilm\u0117s \u0161alis: Vokietija<\/p>","protected":false},"excerpt":{"rendered":"<p>Rekomenduojamas nuo 3 met\u0173 am\u017eiaus. Kanistre yra 2500 ml paruo\u0161to naudoti muiluoto vandens. Juos galite naudoti p\u016btimo lazdoms, muilo burbul\u0173 \u017eaidimams ir net muilo burbul\u0173 ma\u0161inoms. Vanduo su muilo burbuliukais turi ypa\u010d ilg\u0105 galiojimo laik\u0105 ir yra saugiai laikomas u\u017esukamoje talpykloje. Idealiai tinka namams, renginiams, vaik\u0173 gimtadieniai, bernvakariai, vasaros festivaliai ir vestuv\u0117s. Kilm\u0117s \u0161alis: Vokietija<\/p>","protected":false},"featured_media":4989,"template":"","meta":{"_uag_custom_page_level_css":"","_themeisle_gutenberg_block_has_review":false},"product_cat":[69,93],"product_tag":[],"yoast_head":"<!-- This site is optimized with the Yoast SEO plugin v21.1 - https:\/\/yoast.com\/wordpress\/plugins\/seo\/ -->\n<title>Muilo burbul\u0173 kanistras - Ludo Turris<\/title>\n<meta name=\"description\" content=\"Muilo burbul\u0173 kanistras \u2013 didel\u0117s talpos skystis burbulams. Tinka burbul\u0173 ma\u0161inoms, lazdel\u0117ms ar \u017eaislams. Ilgam u\u017eteks linksmybi\u0173!\" \/>\n<meta name=\"robots\" content=\"index, follow, max-snippet:-1, max-image-preview:large, max-video-preview:-1\" \/>\n<link rel=\"canonical\" href=\"https:\/\/www.ludoturris.lt\/en\/product\/muilo-burbulu-kanistras\/\" \/>\n<meta property=\"og:locale\" content=\"en_GB\" \/>\n<meta property=\"og:type\" content=\"article\" \/>\n<meta property=\"og:title\" content=\"Muilo burbul\u0173 kanistras - Ludo Turris\" \/>\n<meta property=\"og:description\" content=\"Muilo burbul\u0173 kanistras \u2013 didel\u0117s talpos skystis burbulams. Tinka burbul\u0173 ma\u0161inoms, lazdel\u0117ms ar \u017eaislams. Ilgam u\u017eteks linksmybi\u0173!\" \/>\n<meta property=\"og:url\" content=\"https:\/\/www.ludoturris.lt\/en\/product\/muilo-burbulu-kanistras\/\" \/>\n<meta property=\"og:site_name\" content=\"Ludo Turris\" \/>\n<meta property=\"article:publisher\" content=\"https:\/\/www.facebook.com\/Ludo-Turris-621921974895920\/\" \/>\n<meta property=\"article:modified_time\" content=\"2026-02-11T08:13:44+00:00\" \/>\n<meta property=\"og:image\" content=\"https:\/\/www.ludoturris.lt\/wp-content\/uploads\/2025\/04\/60657.png\" \/>\n\t<meta property=\"og:image:width\" content=\"1000\" \/>\n\t<meta property=\"og:image:height\" content=\"1000\" \/>\n\t<meta property=\"og:image:type\" content=\"image\/png\" \/>\n<meta name=\"twitter:card\" content=\"summary_large_image\" \/>\n<meta name=\"twitter:label1\" content=\"Estimated reading time\" \/>\n\t<meta name=\"twitter:data1\" content=\"1 minute\" \/>\n<script type=\"application\/ld+json\" class=\"yoast-schema-graph\">{\"@context\":\"https:\/\/schema.org\",\"@graph\":[{\"@type\":\"WebPage\",\"@id\":\"https:\/\/www.ludoturris.lt\/produktas\/muilo-burbulu-kanistras\/\",\"url\":\"https:\/\/www.ludoturris.lt\/produktas\/muilo-burbulu-kanistras\/\",\"name\":\"Muilo burbul\u0173 kanistras - Ludo Turris\",\"isPartOf\":{\"@id\":\"https:\/\/www.ludoturris.lt\/#website\"},\"datePublished\":\"2025-04-23T15:52:00+00:00\",\"dateModified\":\"2026-02-11T08:13:44+00:00\",\"description\":\"Muilo burbul\u0173 kanistras \u2013 didel\u0117s talpos skystis burbulams. Tinka burbul\u0173 ma\u0161inoms, lazdel\u0117ms ar \u017eaislams. Ilgam u\u017eteks linksmybi\u0173!\",\"breadcrumb\":{\"@id\":\"https:\/\/www.ludoturris.lt\/produktas\/muilo-burbulu-kanistras\/#breadcrumb\"},\"inLanguage\":\"en-GB\",\"potentialAction\":[{\"@type\":\"ReadAction\",\"target\":[\"https:\/\/www.ludoturris.lt\/produktas\/muilo-burbulu-kanistras\/\"]}]},{\"@type\":\"BreadcrumbList\",\"@id\":\"https:\/\/www.ludoturris.lt\/produktas\/muilo-burbulu-kanistras\/#breadcrumb\",\"itemListElement\":[{\"@type\":\"ListItem\",\"position\":1,\"name\":\"Home\",\"item\":\"https:\/\/www.ludoturris.lt\/\"},{\"@type\":\"ListItem\",\"position\":2,\"name\":\"Parduotuv\u0117\",\"item\":\"https:\/\/www.ludoturris.lt\/parduotuve\/\"},{\"@type\":\"ListItem\",\"position\":3,\"name\":\"Muilo burbul\u0173 kanistras\"}]},{\"@type\":\"WebSite\",\"@id\":\"https:\/\/www.ludoturris.lt\/#website\",\"url\":\"https:\/\/www.ludoturris.lt\/\",\"name\":\"Ludo Turris\",\"description\":\"K\u016brybi\u0161kum\u0105 ir fantazij\u0105 lavinan\u010dios kalad\u0117l\u0117s\",\"publisher\":{\"@id\":\"https:\/\/www.ludoturris.lt\/#organization\"},\"potentialAction\":[{\"@type\":\"SearchAction\",\"target\":{\"@type\":\"EntryPoint\",\"urlTemplate\":\"https:\/\/www.ludoturris.lt\/?s={search_term_string}\"},\"query-input\":\"required name=search_term_string\"}],\"inLanguage\":\"en-GB\"},{\"@type\":\"Organization\",\"@id\":\"https:\/\/www.ludoturris.lt\/#organization\",\"name\":\"Ludo Turris \u2013 Vakar\u0173 gama, UAB\",\"url\":\"https:\/\/www.ludoturris.lt\/\",\"logo\":{\"@type\":\"ImageObject\",\"inLanguage\":\"en-GB\",\"@id\":\"https:\/\/www.ludoturris.lt\/#\/schema\/logo\/image\/\",\"url\":\"https:\/\/www.ludoturris.lt\/wp-content\/uploads\/2020\/10\/logo@2x.png\",\"contentUrl\":\"https:\/\/www.ludoturris.lt\/wp-content\/uploads\/2020\/10\/logo@2x.png\",\"width\":300,\"height\":147,\"caption\":\"Ludo Turris \u2013 Vakar\u0173 gama, UAB\"},\"image\":{\"@id\":\"https:\/\/www.ludoturris.lt\/#\/schema\/logo\/image\/\"},\"sameAs\":[\"https:\/\/www.facebook.com\/Ludo-Turris-621921974895920\/\",\"https:\/\/www.youtube.com\/channel\/UCuBACq67N1NGC9LVudo4ngw\"]}]}<\/script>\n<!-- \/ Yoast SEO plugin. -->","yoast_head_json":{"title":"Muilo burbul\u0173 kanistras - Ludo Turris","description":"Muilo burbul\u0173 kanistras \u2013 didel\u0117s talpos skystis burbulams. Tinka burbul\u0173 ma\u0161inoms, lazdel\u0117ms ar \u017eaislams. Ilgam u\u017eteks linksmybi\u0173!","robots":{"index":"index","follow":"follow","max-snippet":"max-snippet:-1","max-image-preview":"max-image-preview:large","max-video-preview":"max-video-preview:-1"},"canonical":"https:\/\/www.ludoturris.lt\/en\/product\/muilo-burbulu-kanistras\/","og_locale":"en_GB","og_type":"article","og_title":"Muilo burbul\u0173 kanistras - Ludo Turris","og_description":"Muilo burbul\u0173 kanistras \u2013 didel\u0117s talpos skystis burbulams. Tinka burbul\u0173 ma\u0161inoms, lazdel\u0117ms ar \u017eaislams. Ilgam u\u017eteks linksmybi\u0173!","og_url":"https:\/\/www.ludoturris.lt\/en\/product\/muilo-burbulu-kanistras\/","og_site_name":"Ludo Turris","article_publisher":"https:\/\/www.facebook.com\/Ludo-Turris-621921974895920\/","article_modified_time":"2026-02-11T08:13:44+00:00","og_image":[{"width":1000,"height":1000,"url":"https:\/\/www.ludoturris.lt\/wp-content\/uploads\/2025\/04\/60657.png","type":"image\/png"}],"twitter_card":"summary_large_image","twitter_misc":{"Estimated reading time":"1 minute"},"schema":{"@context":"https:\/\/schema.org","@graph":[{"@type":"WebPage","@id":"https:\/\/www.ludoturris.lt\/produktas\/muilo-burbulu-kanistras\/","url":"https:\/\/www.ludoturris.lt\/produktas\/muilo-burbulu-kanistras\/","name":"Muilo burbul\u0173 kanistras - Ludo Turris","isPartOf":{"@id":"https:\/\/www.ludoturris.lt\/#website"},"datePublished":"2025-04-23T15:52:00+00:00","dateModified":"2026-02-11T08:13:44+00:00","description":"Muilo burbul\u0173 kanistras \u2013 didel\u0117s talpos skystis burbulams. Tinka burbul\u0173 ma\u0161inoms, lazdel\u0117ms ar \u017eaislams. Ilgam u\u017eteks linksmybi\u0173!","breadcrumb":{"@id":"https:\/\/www.ludoturris.lt\/produktas\/muilo-burbulu-kanistras\/#breadcrumb"},"inLanguage":"en-GB","potentialAction":[{"@type":"ReadAction","target":["https:\/\/www.ludoturris.lt\/produktas\/muilo-burbulu-kanistras\/"]}]},{"@type":"BreadcrumbList","@id":"https:\/\/www.ludoturris.lt\/produktas\/muilo-burbulu-kanistras\/#breadcrumb","itemListElement":[{"@type":"ListItem","position":1,"name":"Home","item":"https:\/\/www.ludoturris.lt\/"},{"@type":"ListItem","position":2,"name":"Parduotuv\u0117","item":"https:\/\/www.ludoturris.lt\/parduotuve\/"},{"@type":"ListItem","position":3,"name":"Muilo burbul\u0173 kanistras"}]},{"@type":"WebSite","@id":"https:\/\/www.ludoturris.lt\/#website","url":"https:\/\/www.ludoturris.lt\/","name":"Ludo Turris","description":"K\u016brybi\u0161kum\u0105 ir fantazij\u0105 lavinan\u010dios kalad\u0117l\u0117s","publisher":{"@id":"https:\/\/www.ludoturris.lt\/#organization"},"potentialAction":[{"@type":"SearchAction","target":{"@type":"EntryPoint","urlTemplate":"https:\/\/www.ludoturris.lt\/?s={search_term_string}"},"query-input":"required name=search_term_string"}],"inLanguage":"en-GB"},{"@type":"Organization","@id":"https:\/\/www.ludoturris.lt\/#organization","name":"Ludo Turris \u2013 Vakar\u0173 gama, UAB","url":"https:\/\/www.ludoturris.lt\/","logo":{"@type":"ImageObject","inLanguage":"en-GB","@id":"https:\/\/www.ludoturris.lt\/#\/schema\/logo\/image\/","url":"https:\/\/www.ludoturris.lt\/wp-content\/uploads\/2020\/10\/logo@2x.png","contentUrl":"https:\/\/www.ludoturris.lt\/wp-content\/uploads\/2020\/10\/logo@2x.png","width":300,"height":147,"caption":"Ludo Turris \u2013 Vakar\u0173 gama, UAB"},"image":{"@id":"https:\/\/www.ludoturris.lt\/#\/schema\/logo\/image\/"},"sameAs":["https:\/\/www.facebook.com\/Ludo-Turris-621921974895920\/","https:\/\/www.youtube.com\/channel\/UCuBACq67N1NGC9LVudo4ngw"]}]}},"uagb_featured_image_src":{"full":["https:\/\/www.ludoturris.lt\/wp-content\/uploads\/2025\/04\/60657.png",1000,1000,false],"thumbnail":["https:\/\/www.ludoturris.lt\/wp-content\/uploads\/2025\/04\/60657-150x150.png",150,150,true],"medium":["https:\/\/www.ludoturris.lt\/wp-content\/uploads\/2025\/04\/60657-300x300.png",300,300,true],"medium_large":["https:\/\/www.ludoturris.lt\/wp-content\/uploads\/2025\/04\/60657-768x768.png",768,768,true],"large":["https:\/\/www.ludoturris.lt\/wp-content\/uploads\/2025\/04\/60657.png",1000,1000,false],"1536x1536":["https:\/\/www.ludoturris.lt\/wp-content\/uploads\/2025\/04\/60657.png",1000,1000,false],"2048x2048":["https:\/\/www.ludoturris.lt\/wp-content\/uploads\/2025\/04\/60657.png",1000,1000,false],"trp-custom-language-flag":["https:\/\/www.ludoturris.lt\/wp-content\/uploads\/2025\/04\/60657-12x12.png",12,12,true],"woocommerce_thumbnail":["https:\/\/www.ludoturris.lt\/wp-content\/uploads\/2025\/04\/60657-300x300.png",300,300,true],"woocommerce_single":["https:\/\/www.ludoturris.lt\/wp-content\/uploads\/2025\/04\/60657-600x600.png",600,600,true],"woocommerce_gallery_thumbnail":["https:\/\/www.ludoturris.lt\/wp-content\/uploads\/2025\/04\/60657-100x100.png",100,100,true],"variation_swatches_image_size":["https:\/\/www.ludoturris.lt\/wp-content\/uploads\/2025\/04\/60657-50x50.png",50,50,true],"variation_swatches_tooltip_size":["https:\/\/www.ludoturris.lt\/wp-content\/uploads\/2025\/04\/60657-100x100.png",100,100,true],"dgwt-wcas-product-suggestion":["https:\/\/www.ludoturris.lt\/wp-content\/uploads\/2025\/04\/60657.png",64,64,false]},"uagb_author_info":{"display_name":"LudoTurris","author_link":"https:\/\/www.ludoturris.lt\/en\/author\/"},"uagb_comment_info":0,"uagb_excerpt":"Rekomenduojamas nuo 3 met\u0173 am\u017eiaus. Kanistre yra 2500 ml paruo\u0161to naudoti muiluoto vandens. Juos galite naudoti p\u016btimo lazdoms, muilo burbul\u0173 \u017eaidimams ir net muilo burbul\u0173 ma\u0161inoms. Vanduo su muilo burbuliukais turi ypa\u010d ilg\u0105 galiojimo laik\u0105 ir yra saugiai laikomas u\u017esukamoje talpykloje. Idealiai tinka namams, renginiams, vaik\u0173 gimtadieniai, bernvakariai, vasaros festivaliai ir vestuv\u0117s. Kilm\u0117s \u0161alis: Vokietija","_links":{"self":[{"href":"https:\/\/www.ludoturris.lt\/en\/wp-json\/wp\/v2\/product\/4988"}],"collection":[{"href":"https:\/\/www.ludoturris.lt\/en\/wp-json\/wp\/v2\/product"}],"about":[{"href":"https:\/\/www.ludoturris.lt\/en\/wp-json\/wp\/v2\/types\/product"}],"wp:featuredmedia":[{"embeddable":true,"href":"https:\/\/www.ludoturris.lt\/en\/wp-json\/wp\/v2\/media\/4989"}],"wp:attachment":[{"href":"https:\/\/www.ludoturris.lt\/en\/wp-json\/wp\/v2\/media?parent=4988"}],"wp:term":[{"taxonomy":"product_cat","embeddable":true,"href":"https:\/\/www.ludoturris.lt\/en\/wp-json\/wp\/v2\/product_cat?post=4988"},{"taxonomy":"product_tag","embeddable":true,"href":"https:\/\/www.ludoturris.lt\/en\/wp-json\/wp\/v2\/product_tag?post=4988"}],"curies":[{"name":"wp","href":"https:\/\/api.w.org\/{rel}","templated":true}]}}