{"id":4986,"date":"2025-04-23T13:46:44","date_gmt":"2025-04-23T15:46:44","guid":{"rendered":"https:\/\/www.ludoturris.lt\/?post_type=product&#038;p=4986"},"modified":"2026-02-11T06:11:47","modified_gmt":"2026-02-11T08:11:47","slug":"burbulu-leidimo-lazdeles","status":"publish","type":"product","link":"https:\/\/www.ludoturris.lt\/en\/product\/burbulu-leidimo-lazdeles\/","title":{"rendered":"Burbul\u0173 leidimo lazdel\u0117s"},"content":{"rendered":"<p>Rekomenduojamas am\u017eius: nuo 3 met\u0173. Rinkinyje yra 48cm skersmens ir 4,5cm auk\u0161\u010dio pripu\u010diamas kubilas. Komplekte yra 1000ml burbuliuk\u0173 skys\u010dio ilgalaikiam linksmumui. Yra keturios spalvingos burbul\u0173 lazdel\u0117s, kuri\u0173 ilgis 18cm. Idealiai tinka veiklai lauke ir vaik\u0173 gimtadieni\u0173 vakar\u0117liams, sodui ar papl\u016bdimiui. Daug ger\u0173 emocij\u0173 ir daugyb\u0119 burbul\u0173 paleid\u017eiantis \u017eaislas. Kilm\u0117s \u0161alis: Vokietija<\/p>","protected":false},"excerpt":{"rendered":"<p>Rekomenduojamas am\u017eius: nuo 3 met\u0173. Rinkinyje yra 48cm skersmens ir 4,5cm auk\u0161\u010dio pripu\u010diamas kubilas. Komplekte yra 1000ml burbuliuk\u0173 skys\u010dio ilgalaikiam linksmumui. Yra keturios spalvingos burbul\u0173 lazdel\u0117s, kuri\u0173 ilgis 18cm. Idealiai tinka veiklai lauke ir vaik\u0173 gimtadieni\u0173 vakar\u0117liams, sodui ar papl\u016bdimiui. Daug ger\u0173 emocij\u0173 ir daugyb\u0119 burbul\u0173 paleid\u017eiantis \u017eaislas. Kilm\u0117s \u0161alis: Vokietija<\/p>","protected":false},"featured_media":4987,"template":"","meta":{"_uag_custom_page_level_css":"","_themeisle_gutenberg_block_has_review":false},"product_cat":[69,93],"product_tag":[],"yoast_head":"<!-- This site is optimized with the Yoast SEO plugin v21.1 - https:\/\/yoast.com\/wordpress\/plugins\/seo\/ -->\n<title>Burbul\u0173 leidimo lazdel\u0117s - Ludo Turris<\/title>\n<meta name=\"description\" content=\"Burbul\u0173 leidimo lazdel\u0117s \u2013 paprastas ir smagus b\u016bdas kurti muilo burbul\u0173 \u0161ou! Tinka vaikams, \u0161vent\u0117ms, gimtadieniams ir \u017eaidimams lauke.\" \/>\n<meta name=\"robots\" content=\"index, follow, max-snippet:-1, max-image-preview:large, max-video-preview:-1\" \/>\n<link rel=\"canonical\" href=\"https:\/\/www.ludoturris.lt\/en\/product\/burbulu-leidimo-lazdeles\/\" \/>\n<meta property=\"og:locale\" content=\"en_GB\" \/>\n<meta property=\"og:type\" content=\"article\" \/>\n<meta property=\"og:title\" content=\"Burbul\u0173 leidimo lazdel\u0117s - Ludo Turris\" \/>\n<meta property=\"og:description\" content=\"Burbul\u0173 leidimo lazdel\u0117s \u2013 paprastas ir smagus b\u016bdas kurti muilo burbul\u0173 \u0161ou! Tinka vaikams, \u0161vent\u0117ms, gimtadieniams ir \u017eaidimams lauke.\" \/>\n<meta property=\"og:url\" content=\"https:\/\/www.ludoturris.lt\/en\/product\/burbulu-leidimo-lazdeles\/\" \/>\n<meta property=\"og:site_name\" content=\"Ludo Turris\" \/>\n<meta property=\"article:publisher\" content=\"https:\/\/www.facebook.com\/Ludo-Turris-621921974895920\/\" \/>\n<meta property=\"article:modified_time\" content=\"2026-02-11T08:11:47+00:00\" \/>\n<meta property=\"og:image\" content=\"https:\/\/www.ludoturris.lt\/wp-content\/uploads\/2025\/04\/60646.png\" \/>\n\t<meta property=\"og:image:width\" content=\"1000\" \/>\n\t<meta property=\"og:image:height\" content=\"1000\" \/>\n\t<meta property=\"og:image:type\" content=\"image\/png\" \/>\n<meta name=\"twitter:card\" content=\"summary_large_image\" \/>\n<meta name=\"twitter:label1\" content=\"Estimated reading time\" \/>\n\t<meta name=\"twitter:data1\" content=\"1 minute\" \/>\n<script type=\"application\/ld+json\" class=\"yoast-schema-graph\">{\"@context\":\"https:\/\/schema.org\",\"@graph\":[{\"@type\":\"WebPage\",\"@id\":\"https:\/\/www.ludoturris.lt\/produktas\/burbulu-leidimo-lazdeles\/\",\"url\":\"https:\/\/www.ludoturris.lt\/produktas\/burbulu-leidimo-lazdeles\/\",\"name\":\"Burbul\u0173 leidimo lazdel\u0117s - Ludo Turris\",\"isPartOf\":{\"@id\":\"https:\/\/www.ludoturris.lt\/#website\"},\"datePublished\":\"2025-04-23T15:46:44+00:00\",\"dateModified\":\"2026-02-11T08:11:47+00:00\",\"description\":\"Burbul\u0173 leidimo lazdel\u0117s \u2013 paprastas ir smagus b\u016bdas kurti muilo burbul\u0173 \u0161ou! Tinka vaikams, \u0161vent\u0117ms, gimtadieniams ir \u017eaidimams lauke.\",\"breadcrumb\":{\"@id\":\"https:\/\/www.ludoturris.lt\/produktas\/burbulu-leidimo-lazdeles\/#breadcrumb\"},\"inLanguage\":\"en-GB\",\"potentialAction\":[{\"@type\":\"ReadAction\",\"target\":[\"https:\/\/www.ludoturris.lt\/produktas\/burbulu-leidimo-lazdeles\/\"]}]},{\"@type\":\"BreadcrumbList\",\"@id\":\"https:\/\/www.ludoturris.lt\/produktas\/burbulu-leidimo-lazdeles\/#breadcrumb\",\"itemListElement\":[{\"@type\":\"ListItem\",\"position\":1,\"name\":\"Home\",\"item\":\"https:\/\/www.ludoturris.lt\/\"},{\"@type\":\"ListItem\",\"position\":2,\"name\":\"Parduotuv\u0117\",\"item\":\"https:\/\/www.ludoturris.lt\/parduotuve\/\"},{\"@type\":\"ListItem\",\"position\":3,\"name\":\"Burbul\u0173 leidimo lazdel\u0117s\"}]},{\"@type\":\"WebSite\",\"@id\":\"https:\/\/www.ludoturris.lt\/#website\",\"url\":\"https:\/\/www.ludoturris.lt\/\",\"name\":\"Ludo Turris\",\"description\":\"K\u016brybi\u0161kum\u0105 ir fantazij\u0105 lavinan\u010dios kalad\u0117l\u0117s\",\"publisher\":{\"@id\":\"https:\/\/www.ludoturris.lt\/#organization\"},\"potentialAction\":[{\"@type\":\"SearchAction\",\"target\":{\"@type\":\"EntryPoint\",\"urlTemplate\":\"https:\/\/www.ludoturris.lt\/?s={search_term_string}\"},\"query-input\":\"required name=search_term_string\"}],\"inLanguage\":\"en-GB\"},{\"@type\":\"Organization\",\"@id\":\"https:\/\/www.ludoturris.lt\/#organization\",\"name\":\"Ludo Turris \u2013 Vakar\u0173 gama, UAB\",\"url\":\"https:\/\/www.ludoturris.lt\/\",\"logo\":{\"@type\":\"ImageObject\",\"inLanguage\":\"en-GB\",\"@id\":\"https:\/\/www.ludoturris.lt\/#\/schema\/logo\/image\/\",\"url\":\"https:\/\/www.ludoturris.lt\/wp-content\/uploads\/2020\/10\/logo@2x.png\",\"contentUrl\":\"https:\/\/www.ludoturris.lt\/wp-content\/uploads\/2020\/10\/logo@2x.png\",\"width\":300,\"height\":147,\"caption\":\"Ludo Turris \u2013 Vakar\u0173 gama, UAB\"},\"image\":{\"@id\":\"https:\/\/www.ludoturris.lt\/#\/schema\/logo\/image\/\"},\"sameAs\":[\"https:\/\/www.facebook.com\/Ludo-Turris-621921974895920\/\",\"https:\/\/www.youtube.com\/channel\/UCuBACq67N1NGC9LVudo4ngw\"]}]}<\/script>\n<!-- \/ Yoast SEO plugin. -->","yoast_head_json":{"title":"Burbul\u0173 leidimo lazdel\u0117s - Ludo Turris","description":"Burbul\u0173 leidimo lazdel\u0117s \u2013 paprastas ir smagus b\u016bdas kurti muilo burbul\u0173 \u0161ou! Tinka vaikams, \u0161vent\u0117ms, gimtadieniams ir \u017eaidimams lauke.","robots":{"index":"index","follow":"follow","max-snippet":"max-snippet:-1","max-image-preview":"max-image-preview:large","max-video-preview":"max-video-preview:-1"},"canonical":"https:\/\/www.ludoturris.lt\/en\/product\/burbulu-leidimo-lazdeles\/","og_locale":"en_GB","og_type":"article","og_title":"Burbul\u0173 leidimo lazdel\u0117s - Ludo Turris","og_description":"Burbul\u0173 leidimo lazdel\u0117s \u2013 paprastas ir smagus b\u016bdas kurti muilo burbul\u0173 \u0161ou! Tinka vaikams, \u0161vent\u0117ms, gimtadieniams ir \u017eaidimams lauke.","og_url":"https:\/\/www.ludoturris.lt\/en\/product\/burbulu-leidimo-lazdeles\/","og_site_name":"Ludo Turris","article_publisher":"https:\/\/www.facebook.com\/Ludo-Turris-621921974895920\/","article_modified_time":"2026-02-11T08:11:47+00:00","og_image":[{"width":1000,"height":1000,"url":"https:\/\/www.ludoturris.lt\/wp-content\/uploads\/2025\/04\/60646.png","type":"image\/png"}],"twitter_card":"summary_large_image","twitter_misc":{"Estimated reading time":"1 minute"},"schema":{"@context":"https:\/\/schema.org","@graph":[{"@type":"WebPage","@id":"https:\/\/www.ludoturris.lt\/produktas\/burbulu-leidimo-lazdeles\/","url":"https:\/\/www.ludoturris.lt\/produktas\/burbulu-leidimo-lazdeles\/","name":"Burbul\u0173 leidimo lazdel\u0117s - Ludo Turris","isPartOf":{"@id":"https:\/\/www.ludoturris.lt\/#website"},"datePublished":"2025-04-23T15:46:44+00:00","dateModified":"2026-02-11T08:11:47+00:00","description":"Burbul\u0173 leidimo lazdel\u0117s \u2013 paprastas ir smagus b\u016bdas kurti muilo burbul\u0173 \u0161ou! Tinka vaikams, \u0161vent\u0117ms, gimtadieniams ir \u017eaidimams lauke.","breadcrumb":{"@id":"https:\/\/www.ludoturris.lt\/produktas\/burbulu-leidimo-lazdeles\/#breadcrumb"},"inLanguage":"en-GB","potentialAction":[{"@type":"ReadAction","target":["https:\/\/www.ludoturris.lt\/produktas\/burbulu-leidimo-lazdeles\/"]}]},{"@type":"BreadcrumbList","@id":"https:\/\/www.ludoturris.lt\/produktas\/burbulu-leidimo-lazdeles\/#breadcrumb","itemListElement":[{"@type":"ListItem","position":1,"name":"Home","item":"https:\/\/www.ludoturris.lt\/"},{"@type":"ListItem","position":2,"name":"Parduotuv\u0117","item":"https:\/\/www.ludoturris.lt\/parduotuve\/"},{"@type":"ListItem","position":3,"name":"Burbul\u0173 leidimo lazdel\u0117s"}]},{"@type":"WebSite","@id":"https:\/\/www.ludoturris.lt\/#website","url":"https:\/\/www.ludoturris.lt\/","name":"Ludo Turris","description":"K\u016brybi\u0161kum\u0105 ir fantazij\u0105 lavinan\u010dios kalad\u0117l\u0117s","publisher":{"@id":"https:\/\/www.ludoturris.lt\/#organization"},"potentialAction":[{"@type":"SearchAction","target":{"@type":"EntryPoint","urlTemplate":"https:\/\/www.ludoturris.lt\/?s={search_term_string}"},"query-input":"required name=search_term_string"}],"inLanguage":"en-GB"},{"@type":"Organization","@id":"https:\/\/www.ludoturris.lt\/#organization","name":"Ludo Turris \u2013 Vakar\u0173 gama, UAB","url":"https:\/\/www.ludoturris.lt\/","logo":{"@type":"ImageObject","inLanguage":"en-GB","@id":"https:\/\/www.ludoturris.lt\/#\/schema\/logo\/image\/","url":"https:\/\/www.ludoturris.lt\/wp-content\/uploads\/2020\/10\/logo@2x.png","contentUrl":"https:\/\/www.ludoturris.lt\/wp-content\/uploads\/2020\/10\/logo@2x.png","width":300,"height":147,"caption":"Ludo Turris \u2013 Vakar\u0173 gama, UAB"},"image":{"@id":"https:\/\/www.ludoturris.lt\/#\/schema\/logo\/image\/"},"sameAs":["https:\/\/www.facebook.com\/Ludo-Turris-621921974895920\/","https:\/\/www.youtube.com\/channel\/UCuBACq67N1NGC9LVudo4ngw"]}]}},"uagb_featured_image_src":{"full":["https:\/\/www.ludoturris.lt\/wp-content\/uploads\/2025\/04\/60646.png",1000,1000,false],"thumbnail":["https:\/\/www.ludoturris.lt\/wp-content\/uploads\/2025\/04\/60646-150x150.png",150,150,true],"medium":["https:\/\/www.ludoturris.lt\/wp-content\/uploads\/2025\/04\/60646-300x300.png",300,300,true],"medium_large":["https:\/\/www.ludoturris.lt\/wp-content\/uploads\/2025\/04\/60646-768x768.png",768,768,true],"large":["https:\/\/www.ludoturris.lt\/wp-content\/uploads\/2025\/04\/60646.png",1000,1000,false],"1536x1536":["https:\/\/www.ludoturris.lt\/wp-content\/uploads\/2025\/04\/60646.png",1000,1000,false],"2048x2048":["https:\/\/www.ludoturris.lt\/wp-content\/uploads\/2025\/04\/60646.png",1000,1000,false],"trp-custom-language-flag":["https:\/\/www.ludoturris.lt\/wp-content\/uploads\/2025\/04\/60646-12x12.png",12,12,true],"woocommerce_thumbnail":["https:\/\/www.ludoturris.lt\/wp-content\/uploads\/2025\/04\/60646-300x300.png",300,300,true],"woocommerce_single":["https:\/\/www.ludoturris.lt\/wp-content\/uploads\/2025\/04\/60646-600x600.png",600,600,true],"woocommerce_gallery_thumbnail":["https:\/\/www.ludoturris.lt\/wp-content\/uploads\/2025\/04\/60646-100x100.png",100,100,true],"variation_swatches_image_size":["https:\/\/www.ludoturris.lt\/wp-content\/uploads\/2025\/04\/60646-50x50.png",50,50,true],"variation_swatches_tooltip_size":["https:\/\/www.ludoturris.lt\/wp-content\/uploads\/2025\/04\/60646-100x100.png",100,100,true],"dgwt-wcas-product-suggestion":["https:\/\/www.ludoturris.lt\/wp-content\/uploads\/2025\/04\/60646.png",64,64,false]},"uagb_author_info":{"display_name":"LudoTurris","author_link":"https:\/\/www.ludoturris.lt\/en\/author\/"},"uagb_comment_info":0,"uagb_excerpt":"Rekomenduojamas am\u017eius: nuo 3 met\u0173. Rinkinyje yra 48cm skersmens ir 4,5cm auk\u0161\u010dio pripu\u010diamas kubilas. Komplekte yra 1000ml burbuliuk\u0173 skys\u010dio ilgalaikiam linksmumui. Yra keturios spalvingos burbul\u0173 lazdel\u0117s, kuri\u0173 ilgis 18cm. Idealiai tinka veiklai lauke ir vaik\u0173 gimtadieni\u0173 vakar\u0117liams, sodui ar papl\u016bdimiui. Daug ger\u0173 emocij\u0173 ir daugyb\u0119 burbul\u0173 paleid\u017eiantis \u017eaislas. Kilm\u0117s \u0161alis: Vokietija","_links":{"self":[{"href":"https:\/\/www.ludoturris.lt\/en\/wp-json\/wp\/v2\/product\/4986"}],"collection":[{"href":"https:\/\/www.ludoturris.lt\/en\/wp-json\/wp\/v2\/product"}],"about":[{"href":"https:\/\/www.ludoturris.lt\/en\/wp-json\/wp\/v2\/types\/product"}],"wp:featuredmedia":[{"embeddable":true,"href":"https:\/\/www.ludoturris.lt\/en\/wp-json\/wp\/v2\/media\/4987"}],"wp:attachment":[{"href":"https:\/\/www.ludoturris.lt\/en\/wp-json\/wp\/v2\/media?parent=4986"}],"wp:term":[{"taxonomy":"product_cat","embeddable":true,"href":"https:\/\/www.ludoturris.lt\/en\/wp-json\/wp\/v2\/product_cat?post=4986"},{"taxonomy":"product_tag","embeddable":true,"href":"https:\/\/www.ludoturris.lt\/en\/wp-json\/wp\/v2\/product_tag?post=4986"}],"curies":[{"name":"wp","href":"https:\/\/api.w.org\/{rel}","templated":true}]}}