{"id":4969,"date":"2025-04-23T13:12:33","date_gmt":"2025-04-23T15:12:33","guid":{"rendered":"https:\/\/www.ludoturris.lt\/?post_type=product&#038;p=4969"},"modified":"2026-02-07T08:23:35","modified_gmt":"2026-02-07T10:23:35","slug":"sodo-paviljono-renginiu-palapine","status":"publish","type":"product","link":"https:\/\/www.ludoturris.lt\/en\/product\/sodo-paviljono-renginiu-palapine\/","title":{"rendered":"Sodo paviljono rengini\u0173 palapin\u0117"},"content":{"rendered":"<p>Sodo palapin\u0117s kurios plotis 3,5m ir 2,3m auk\u0161tis yra puikus pasirinkimas \u012fvairiems vaik\u0173 ir suaugusi\u0173j\u0173 renginiams ir vakar\u0117liams. Pasi\u017eymi lengva, stabilia konstrukcija su galimybe tvirtinti prie \u017eem\u0117s. Papildomas privalumas komplekte yra krep\u0161ys kuris lengvina ne\u0161iojim\u0105 ir saugojim\u0105. Palapin\u0117 yra aptakios formos ir atviros, erdvios konstrukcijos, kuri u\u017etikrina didel\u0119 oro cirkuliacij\u0105. Palapin\u0117 atspari oro s\u0105lygoms, nes naudojamas poliesterio dangtis ir stiklo pluo\u0161to r\u0117mas.<\/p>","protected":false},"excerpt":{"rendered":"<p>Sodo palapin\u0117s kurios plotis 3,5m ir 2,3m auk\u0161tis yra puikus pasirinkimas \u012fvairiems vaik\u0173 ir suaugusi\u0173j\u0173 renginiams ir vakar\u0117liams. Pasi\u017eymi lengva, stabilia konstrukcija su galimybe tvirtinti prie \u017eem\u0117s. Papildomas privalumas komplekte yra krep\u0161ys kuris lengvina ne\u0161iojim\u0105 ir saugojim\u0105. Palapin\u0117 yra aptakios formos ir atviros, erdvios konstrukcijos, kuri u\u017etikrina didel\u0119 oro cirkuliacij\u0105. Palapin\u0117 atspari oro s\u0105lygoms, nes &hellip;<\/p>\n<p class=\"read-more\"> <a class=\"\" href=\"https:\/\/www.ludoturris.lt\/en\/product\/sodo-paviljono-renginiu-palapine\/\"> <span class=\"screen-reader-text\">Sodo paviljono rengini\u0173 palapin\u0117<\/span> Read More &raquo;<\/a><\/p>","protected":false},"featured_media":5527,"template":"","meta":{"_uag_custom_page_level_css":"","_themeisle_gutenberg_block_has_review":false},"product_cat":[69,94,93],"product_tag":[],"yoast_head":"<!-- This site is optimized with the Yoast SEO plugin v21.1 - https:\/\/yoast.com\/wordpress\/plugins\/seo\/ -->\n<title>Sodo paviljono rengini\u0173 palapin\u0117 - Ludo Turris<\/title>\n<meta name=\"description\" content=\"Sodo paviljono rengini\u0173 palapin\u0117 puikus pasirinkimas \u0161vent\u0117ms, vestuv\u0117ms, poilsiui kieme. Stabili konstrukcija patogus surinkimas apsauga nuo saul\u0117s lietaus\" \/>\n<meta name=\"robots\" content=\"index, follow, max-snippet:-1, max-image-preview:large, max-video-preview:-1\" \/>\n<link rel=\"canonical\" href=\"https:\/\/www.ludoturris.lt\/en\/product\/sodo-paviljono-renginiu-palapine\/\" \/>\n<meta property=\"og:locale\" content=\"en_GB\" \/>\n<meta property=\"og:type\" content=\"article\" \/>\n<meta property=\"og:title\" content=\"Sodo paviljono rengini\u0173 palapin\u0117 - Ludo Turris\" \/>\n<meta property=\"og:description\" content=\"Sodo paviljono rengini\u0173 palapin\u0117 puikus pasirinkimas \u0161vent\u0117ms, vestuv\u0117ms, poilsiui kieme. Stabili konstrukcija patogus surinkimas apsauga nuo saul\u0117s lietaus\" \/>\n<meta property=\"og:url\" content=\"https:\/\/www.ludoturris.lt\/en\/product\/sodo-paviljono-renginiu-palapine\/\" \/>\n<meta property=\"og:site_name\" content=\"Ludo Turris\" \/>\n<meta property=\"article:publisher\" content=\"https:\/\/www.facebook.com\/Ludo-Turris-621921974895920\/\" \/>\n<meta property=\"article:modified_time\" content=\"2026-02-07T10:23:35+00:00\" \/>\n<meta property=\"og:image\" content=\"https:\/\/www.ludoturris.lt\/wp-content\/uploads\/2025\/04\/E-ST001-1-1.png\" \/>\n\t<meta property=\"og:image:width\" content=\"1000\" \/>\n\t<meta property=\"og:image:height\" content=\"1000\" \/>\n\t<meta property=\"og:image:type\" content=\"image\/png\" \/>\n<meta name=\"twitter:card\" content=\"summary_large_image\" \/>\n<meta name=\"twitter:label1\" content=\"Estimated reading time\" \/>\n\t<meta name=\"twitter:data1\" content=\"1 minute\" \/>\n<script type=\"application\/ld+json\" class=\"yoast-schema-graph\">{\"@context\":\"https:\/\/schema.org\",\"@graph\":[{\"@type\":\"WebPage\",\"@id\":\"https:\/\/www.ludoturris.lt\/produktas\/sodo-paviljono-renginiu-palapine\/\",\"url\":\"https:\/\/www.ludoturris.lt\/produktas\/sodo-paviljono-renginiu-palapine\/\",\"name\":\"Sodo paviljono rengini\u0173 palapin\u0117 - Ludo Turris\",\"isPartOf\":{\"@id\":\"https:\/\/www.ludoturris.lt\/#website\"},\"datePublished\":\"2025-04-23T15:12:33+00:00\",\"dateModified\":\"2026-02-07T10:23:35+00:00\",\"description\":\"Sodo paviljono rengini\u0173 palapin\u0117 puikus pasirinkimas \u0161vent\u0117ms, vestuv\u0117ms, poilsiui kieme. Stabili konstrukcija patogus surinkimas apsauga nuo saul\u0117s lietaus\",\"breadcrumb\":{\"@id\":\"https:\/\/www.ludoturris.lt\/produktas\/sodo-paviljono-renginiu-palapine\/#breadcrumb\"},\"inLanguage\":\"en-GB\",\"potentialAction\":[{\"@type\":\"ReadAction\",\"target\":[\"https:\/\/www.ludoturris.lt\/produktas\/sodo-paviljono-renginiu-palapine\/\"]}]},{\"@type\":\"BreadcrumbList\",\"@id\":\"https:\/\/www.ludoturris.lt\/produktas\/sodo-paviljono-renginiu-palapine\/#breadcrumb\",\"itemListElement\":[{\"@type\":\"ListItem\",\"position\":1,\"name\":\"Home\",\"item\":\"https:\/\/www.ludoturris.lt\/\"},{\"@type\":\"ListItem\",\"position\":2,\"name\":\"Parduotuv\u0117\",\"item\":\"https:\/\/www.ludoturris.lt\/parduotuve\/\"},{\"@type\":\"ListItem\",\"position\":3,\"name\":\"Sodo paviljono rengini\u0173 palapin\u0117\"}]},{\"@type\":\"WebSite\",\"@id\":\"https:\/\/www.ludoturris.lt\/#website\",\"url\":\"https:\/\/www.ludoturris.lt\/\",\"name\":\"Ludo Turris\",\"description\":\"K\u016brybi\u0161kum\u0105 ir fantazij\u0105 lavinan\u010dios kalad\u0117l\u0117s\",\"publisher\":{\"@id\":\"https:\/\/www.ludoturris.lt\/#organization\"},\"potentialAction\":[{\"@type\":\"SearchAction\",\"target\":{\"@type\":\"EntryPoint\",\"urlTemplate\":\"https:\/\/www.ludoturris.lt\/?s={search_term_string}\"},\"query-input\":\"required name=search_term_string\"}],\"inLanguage\":\"en-GB\"},{\"@type\":\"Organization\",\"@id\":\"https:\/\/www.ludoturris.lt\/#organization\",\"name\":\"Ludo Turris \u2013 Vakar\u0173 gama, UAB\",\"url\":\"https:\/\/www.ludoturris.lt\/\",\"logo\":{\"@type\":\"ImageObject\",\"inLanguage\":\"en-GB\",\"@id\":\"https:\/\/www.ludoturris.lt\/#\/schema\/logo\/image\/\",\"url\":\"https:\/\/www.ludoturris.lt\/wp-content\/uploads\/2020\/10\/logo@2x.png\",\"contentUrl\":\"https:\/\/www.ludoturris.lt\/wp-content\/uploads\/2020\/10\/logo@2x.png\",\"width\":300,\"height\":147,\"caption\":\"Ludo Turris \u2013 Vakar\u0173 gama, UAB\"},\"image\":{\"@id\":\"https:\/\/www.ludoturris.lt\/#\/schema\/logo\/image\/\"},\"sameAs\":[\"https:\/\/www.facebook.com\/Ludo-Turris-621921974895920\/\",\"https:\/\/www.youtube.com\/channel\/UCuBACq67N1NGC9LVudo4ngw\"]}]}<\/script>\n<!-- \/ Yoast SEO plugin. -->","yoast_head_json":{"title":"Sodo paviljono rengini\u0173 palapin\u0117 - Ludo Turris","description":"Sodo paviljono rengini\u0173 palapin\u0117 puikus pasirinkimas \u0161vent\u0117ms, vestuv\u0117ms, poilsiui kieme. Stabili konstrukcija patogus surinkimas apsauga nuo saul\u0117s lietaus","robots":{"index":"index","follow":"follow","max-snippet":"max-snippet:-1","max-image-preview":"max-image-preview:large","max-video-preview":"max-video-preview:-1"},"canonical":"https:\/\/www.ludoturris.lt\/en\/product\/sodo-paviljono-renginiu-palapine\/","og_locale":"en_GB","og_type":"article","og_title":"Sodo paviljono rengini\u0173 palapin\u0117 - Ludo Turris","og_description":"Sodo paviljono rengini\u0173 palapin\u0117 puikus pasirinkimas \u0161vent\u0117ms, vestuv\u0117ms, poilsiui kieme. Stabili konstrukcija patogus surinkimas apsauga nuo saul\u0117s lietaus","og_url":"https:\/\/www.ludoturris.lt\/en\/product\/sodo-paviljono-renginiu-palapine\/","og_site_name":"Ludo Turris","article_publisher":"https:\/\/www.facebook.com\/Ludo-Turris-621921974895920\/","article_modified_time":"2026-02-07T10:23:35+00:00","og_image":[{"width":1000,"height":1000,"url":"https:\/\/www.ludoturris.lt\/wp-content\/uploads\/2025\/04\/E-ST001-1-1.png","type":"image\/png"}],"twitter_card":"summary_large_image","twitter_misc":{"Estimated reading time":"1 minute"},"schema":{"@context":"https:\/\/schema.org","@graph":[{"@type":"WebPage","@id":"https:\/\/www.ludoturris.lt\/produktas\/sodo-paviljono-renginiu-palapine\/","url":"https:\/\/www.ludoturris.lt\/produktas\/sodo-paviljono-renginiu-palapine\/","name":"Sodo paviljono rengini\u0173 palapin\u0117 - Ludo Turris","isPartOf":{"@id":"https:\/\/www.ludoturris.lt\/#website"},"datePublished":"2025-04-23T15:12:33+00:00","dateModified":"2026-02-07T10:23:35+00:00","description":"Sodo paviljono rengini\u0173 palapin\u0117 puikus pasirinkimas \u0161vent\u0117ms, vestuv\u0117ms, poilsiui kieme. Stabili konstrukcija patogus surinkimas apsauga nuo saul\u0117s lietaus","breadcrumb":{"@id":"https:\/\/www.ludoturris.lt\/produktas\/sodo-paviljono-renginiu-palapine\/#breadcrumb"},"inLanguage":"en-GB","potentialAction":[{"@type":"ReadAction","target":["https:\/\/www.ludoturris.lt\/produktas\/sodo-paviljono-renginiu-palapine\/"]}]},{"@type":"BreadcrumbList","@id":"https:\/\/www.ludoturris.lt\/produktas\/sodo-paviljono-renginiu-palapine\/#breadcrumb","itemListElement":[{"@type":"ListItem","position":1,"name":"Home","item":"https:\/\/www.ludoturris.lt\/"},{"@type":"ListItem","position":2,"name":"Parduotuv\u0117","item":"https:\/\/www.ludoturris.lt\/parduotuve\/"},{"@type":"ListItem","position":3,"name":"Sodo paviljono rengini\u0173 palapin\u0117"}]},{"@type":"WebSite","@id":"https:\/\/www.ludoturris.lt\/#website","url":"https:\/\/www.ludoturris.lt\/","name":"Ludo Turris","description":"K\u016brybi\u0161kum\u0105 ir fantazij\u0105 lavinan\u010dios kalad\u0117l\u0117s","publisher":{"@id":"https:\/\/www.ludoturris.lt\/#organization"},"potentialAction":[{"@type":"SearchAction","target":{"@type":"EntryPoint","urlTemplate":"https:\/\/www.ludoturris.lt\/?s={search_term_string}"},"query-input":"required name=search_term_string"}],"inLanguage":"en-GB"},{"@type":"Organization","@id":"https:\/\/www.ludoturris.lt\/#organization","name":"Ludo Turris \u2013 Vakar\u0173 gama, UAB","url":"https:\/\/www.ludoturris.lt\/","logo":{"@type":"ImageObject","inLanguage":"en-GB","@id":"https:\/\/www.ludoturris.lt\/#\/schema\/logo\/image\/","url":"https:\/\/www.ludoturris.lt\/wp-content\/uploads\/2020\/10\/logo@2x.png","contentUrl":"https:\/\/www.ludoturris.lt\/wp-content\/uploads\/2020\/10\/logo@2x.png","width":300,"height":147,"caption":"Ludo Turris \u2013 Vakar\u0173 gama, UAB"},"image":{"@id":"https:\/\/www.ludoturris.lt\/#\/schema\/logo\/image\/"},"sameAs":["https:\/\/www.facebook.com\/Ludo-Turris-621921974895920\/","https:\/\/www.youtube.com\/channel\/UCuBACq67N1NGC9LVudo4ngw"]}]}},"uagb_featured_image_src":{"full":["https:\/\/www.ludoturris.lt\/wp-content\/uploads\/2025\/04\/E-ST001-1-1.png",1000,1000,false],"thumbnail":["https:\/\/www.ludoturris.lt\/wp-content\/uploads\/2025\/04\/E-ST001-1-1-150x150.png",150,150,true],"medium":["https:\/\/www.ludoturris.lt\/wp-content\/uploads\/2025\/04\/E-ST001-1-1-300x300.png",300,300,true],"medium_large":["https:\/\/www.ludoturris.lt\/wp-content\/uploads\/2025\/04\/E-ST001-1-1-768x768.png",768,768,true],"large":["https:\/\/www.ludoturris.lt\/wp-content\/uploads\/2025\/04\/E-ST001-1-1.png",1000,1000,false],"1536x1536":["https:\/\/www.ludoturris.lt\/wp-content\/uploads\/2025\/04\/E-ST001-1-1.png",1000,1000,false],"2048x2048":["https:\/\/www.ludoturris.lt\/wp-content\/uploads\/2025\/04\/E-ST001-1-1.png",1000,1000,false],"trp-custom-language-flag":["https:\/\/www.ludoturris.lt\/wp-content\/uploads\/2025\/04\/E-ST001-1-1-12x12.png",12,12,true],"woocommerce_thumbnail":["https:\/\/www.ludoturris.lt\/wp-content\/uploads\/2025\/04\/E-ST001-1-1-300x300.png",300,300,true],"woocommerce_single":["https:\/\/www.ludoturris.lt\/wp-content\/uploads\/2025\/04\/E-ST001-1-1-600x600.png",600,600,true],"woocommerce_gallery_thumbnail":["https:\/\/www.ludoturris.lt\/wp-content\/uploads\/2025\/04\/E-ST001-1-1-100x100.png",100,100,true],"variation_swatches_image_size":["https:\/\/www.ludoturris.lt\/wp-content\/uploads\/2025\/04\/E-ST001-1-1-50x50.png",50,50,true],"variation_swatches_tooltip_size":["https:\/\/www.ludoturris.lt\/wp-content\/uploads\/2025\/04\/E-ST001-1-1-100x100.png",100,100,true],"dgwt-wcas-product-suggestion":["https:\/\/www.ludoturris.lt\/wp-content\/uploads\/2025\/04\/E-ST001-1-1-64x64.png",64,64,true]},"uagb_author_info":{"display_name":"LudoTurris","author_link":"https:\/\/www.ludoturris.lt\/en\/author\/"},"uagb_comment_info":0,"uagb_excerpt":"Sodo palapin\u0117s kurios plotis 3,5m ir 2,3m auk\u0161tis yra puikus pasirinkimas \u012fvairiems vaik\u0173 ir suaugusi\u0173j\u0173 renginiams ir vakar\u0117liams. Pasi\u017eymi lengva, stabilia konstrukcija su galimybe tvirtinti prie \u017eem\u0117s. Papildomas privalumas komplekte yra krep\u0161ys kuris lengvina ne\u0161iojim\u0105 ir saugojim\u0105. Palapin\u0117 yra aptakios formos ir atviros, erdvios konstrukcijos, kuri u\u017etikrina didel\u0119 oro cirkuliacij\u0105. Palapin\u0117 atspari oro s\u0105lygoms, nes&hellip;","_links":{"self":[{"href":"https:\/\/www.ludoturris.lt\/en\/wp-json\/wp\/v2\/product\/4969"}],"collection":[{"href":"https:\/\/www.ludoturris.lt\/en\/wp-json\/wp\/v2\/product"}],"about":[{"href":"https:\/\/www.ludoturris.lt\/en\/wp-json\/wp\/v2\/types\/product"}],"wp:featuredmedia":[{"embeddable":true,"href":"https:\/\/www.ludoturris.lt\/en\/wp-json\/wp\/v2\/media\/5527"}],"wp:attachment":[{"href":"https:\/\/www.ludoturris.lt\/en\/wp-json\/wp\/v2\/media?parent=4969"}],"wp:term":[{"taxonomy":"product_cat","embeddable":true,"href":"https:\/\/www.ludoturris.lt\/en\/wp-json\/wp\/v2\/product_cat?post=4969"},{"taxonomy":"product_tag","embeddable":true,"href":"https:\/\/www.ludoturris.lt\/en\/wp-json\/wp\/v2\/product_tag?post=4969"}],"curies":[{"name":"wp","href":"https:\/\/api.w.org\/{rel}","templated":true}]}}