{"id":4946,"date":"2025-04-22T16:40:37","date_gmt":"2025-04-22T18:40:37","guid":{"rendered":"https:\/\/www.ludoturris.lt\/?post_type=product&#038;p=4946"},"modified":"2026-02-11T05:37:06","modified_gmt":"2026-02-11T07:37:06","slug":"vaikiskas-apvalus-baseinas","status":"publish","type":"product","link":"https:\/\/www.ludoturris.lt\/en\/product\/vaikiskas-apvalus-baseinas\/","title":{"rendered":"Vaiki\u0161kas apvalus baseinas"},"content":{"rendered":"<p>Naudoti tik su suaugusi\u0173 prie\u017ei\u016bra.  Pripu\u010diamas apvalus baseinas puikiai tiks vasaros linksmyb\u0117ms ir gaiv\u0173 v\u0117sinim\u0105 kar\u0161tomis vasaros dienomis. Jis pagamintas i\u0161  auk\u0161tos kokyb\u0117s vinilo, tod\u0117l j\u012f galima naudoti daugel\u012f sezon\u0173. Baseinas turi 3 atskirai pumpuojamas kameras. Med\u017eiaga PVC &#8211; storis 0,25mm, vandens lygio auk\u0161tis 36cm. Talpa: 808 litrai Matmenys 188x46cm. <\/p>","protected":false},"excerpt":{"rendered":"<p>Naudoti tik su suaugusi\u0173 prie\u017ei\u016bra. Pripu\u010diamas apvalus baseinas puikiai tiks vasaros linksmyb\u0117ms ir gaiv\u0173 v\u0117sinim\u0105 kar\u0161tomis vasaros dienomis. Jis pagamintas i\u0161 auk\u0161tos kokyb\u0117s vinilo, tod\u0117l j\u012f galima naudoti daugel\u012f sezon\u0173. Baseinas turi 3 atskirai pumpuojamas kameras. Med\u017eiaga PVC &#8211; storis 0,25mm, vandens lygio auk\u0161tis 36cm. Talpa: 808 litrai Matmenys 188x46cm.<\/p>","protected":false},"featured_media":4947,"template":"","meta":{"_uag_custom_page_level_css":"","_themeisle_gutenberg_block_has_review":false},"product_cat":[69,93],"product_tag":[],"yoast_head":"<!-- This site is optimized with the Yoast SEO plugin v21.1 - https:\/\/yoast.com\/wordpress\/plugins\/seo\/ -->\n<title>Vaiki\u0161kas apvalus baseinas - Ludo Turris<\/title>\n<meta name=\"description\" content=\"Vaiki\u0161kas apvalus baseinas \u2013 puikus pasirinkimas kar\u0161toms vasaros dienoms! Lengvai pastatomas, saugus ir smagus ma\u017eiesiems vandens myl\u0117tojams.\" \/>\n<meta name=\"robots\" content=\"index, follow, max-snippet:-1, max-image-preview:large, max-video-preview:-1\" \/>\n<link rel=\"canonical\" href=\"https:\/\/www.ludoturris.lt\/en\/product\/vaikiskas-apvalus-baseinas\/\" \/>\n<meta property=\"og:locale\" content=\"en_GB\" \/>\n<meta property=\"og:type\" content=\"article\" \/>\n<meta property=\"og:title\" content=\"Vaiki\u0161kas apvalus baseinas - Ludo Turris\" \/>\n<meta property=\"og:description\" content=\"Vaiki\u0161kas apvalus baseinas \u2013 puikus pasirinkimas kar\u0161toms vasaros dienoms! Lengvai pastatomas, saugus ir smagus ma\u017eiesiems vandens myl\u0117tojams.\" \/>\n<meta property=\"og:url\" content=\"https:\/\/www.ludoturris.lt\/en\/product\/vaikiskas-apvalus-baseinas\/\" \/>\n<meta property=\"og:site_name\" content=\"Ludo Turris\" \/>\n<meta property=\"article:publisher\" content=\"https:\/\/www.facebook.com\/Ludo-Turris-621921974895920\/\" \/>\n<meta property=\"article:modified_time\" content=\"2026-02-11T07:37:06+00:00\" \/>\n<meta property=\"og:image\" content=\"https:\/\/www.ludoturris.lt\/wp-content\/uploads\/2025\/04\/58431.png\" \/>\n\t<meta property=\"og:image:width\" content=\"1000\" \/>\n\t<meta property=\"og:image:height\" content=\"1000\" \/>\n\t<meta property=\"og:image:type\" content=\"image\/png\" \/>\n<meta name=\"twitter:card\" content=\"summary_large_image\" \/>\n<meta name=\"twitter:label1\" content=\"Estimated reading time\" \/>\n\t<meta name=\"twitter:data1\" content=\"1 minute\" \/>\n<script type=\"application\/ld+json\" class=\"yoast-schema-graph\">{\"@context\":\"https:\/\/schema.org\",\"@graph\":[{\"@type\":\"WebPage\",\"@id\":\"https:\/\/www.ludoturris.lt\/produktas\/vaikiskas-apvalus-baseinas\/\",\"url\":\"https:\/\/www.ludoturris.lt\/produktas\/vaikiskas-apvalus-baseinas\/\",\"name\":\"Vaiki\u0161kas apvalus baseinas - Ludo Turris\",\"isPartOf\":{\"@id\":\"https:\/\/www.ludoturris.lt\/#website\"},\"datePublished\":\"2025-04-22T18:40:37+00:00\",\"dateModified\":\"2026-02-11T07:37:06+00:00\",\"description\":\"Vaiki\u0161kas apvalus baseinas \u2013 puikus pasirinkimas kar\u0161toms vasaros dienoms! Lengvai pastatomas, saugus ir smagus ma\u017eiesiems vandens myl\u0117tojams.\",\"breadcrumb\":{\"@id\":\"https:\/\/www.ludoturris.lt\/produktas\/vaikiskas-apvalus-baseinas\/#breadcrumb\"},\"inLanguage\":\"en-GB\",\"potentialAction\":[{\"@type\":\"ReadAction\",\"target\":[\"https:\/\/www.ludoturris.lt\/produktas\/vaikiskas-apvalus-baseinas\/\"]}]},{\"@type\":\"BreadcrumbList\",\"@id\":\"https:\/\/www.ludoturris.lt\/produktas\/vaikiskas-apvalus-baseinas\/#breadcrumb\",\"itemListElement\":[{\"@type\":\"ListItem\",\"position\":1,\"name\":\"Home\",\"item\":\"https:\/\/www.ludoturris.lt\/\"},{\"@type\":\"ListItem\",\"position\":2,\"name\":\"Parduotuv\u0117\",\"item\":\"https:\/\/www.ludoturris.lt\/parduotuve\/\"},{\"@type\":\"ListItem\",\"position\":3,\"name\":\"Vaiki\u0161kas apvalus baseinas\"}]},{\"@type\":\"WebSite\",\"@id\":\"https:\/\/www.ludoturris.lt\/#website\",\"url\":\"https:\/\/www.ludoturris.lt\/\",\"name\":\"Ludo Turris\",\"description\":\"K\u016brybi\u0161kum\u0105 ir fantazij\u0105 lavinan\u010dios kalad\u0117l\u0117s\",\"publisher\":{\"@id\":\"https:\/\/www.ludoturris.lt\/#organization\"},\"potentialAction\":[{\"@type\":\"SearchAction\",\"target\":{\"@type\":\"EntryPoint\",\"urlTemplate\":\"https:\/\/www.ludoturris.lt\/?s={search_term_string}\"},\"query-input\":\"required name=search_term_string\"}],\"inLanguage\":\"en-GB\"},{\"@type\":\"Organization\",\"@id\":\"https:\/\/www.ludoturris.lt\/#organization\",\"name\":\"Ludo Turris \u2013 Vakar\u0173 gama, UAB\",\"url\":\"https:\/\/www.ludoturris.lt\/\",\"logo\":{\"@type\":\"ImageObject\",\"inLanguage\":\"en-GB\",\"@id\":\"https:\/\/www.ludoturris.lt\/#\/schema\/logo\/image\/\",\"url\":\"https:\/\/www.ludoturris.lt\/wp-content\/uploads\/2020\/10\/logo@2x.png\",\"contentUrl\":\"https:\/\/www.ludoturris.lt\/wp-content\/uploads\/2020\/10\/logo@2x.png\",\"width\":300,\"height\":147,\"caption\":\"Ludo Turris \u2013 Vakar\u0173 gama, UAB\"},\"image\":{\"@id\":\"https:\/\/www.ludoturris.lt\/#\/schema\/logo\/image\/\"},\"sameAs\":[\"https:\/\/www.facebook.com\/Ludo-Turris-621921974895920\/\",\"https:\/\/www.youtube.com\/channel\/UCuBACq67N1NGC9LVudo4ngw\"]}]}<\/script>\n<!-- \/ Yoast SEO plugin. -->","yoast_head_json":{"title":"Vaiki\u0161kas apvalus baseinas - Ludo Turris","description":"Vaiki\u0161kas apvalus baseinas \u2013 puikus pasirinkimas kar\u0161toms vasaros dienoms! Lengvai pastatomas, saugus ir smagus ma\u017eiesiems vandens myl\u0117tojams.","robots":{"index":"index","follow":"follow","max-snippet":"max-snippet:-1","max-image-preview":"max-image-preview:large","max-video-preview":"max-video-preview:-1"},"canonical":"https:\/\/www.ludoturris.lt\/en\/product\/vaikiskas-apvalus-baseinas\/","og_locale":"en_GB","og_type":"article","og_title":"Vaiki\u0161kas apvalus baseinas - Ludo Turris","og_description":"Vaiki\u0161kas apvalus baseinas \u2013 puikus pasirinkimas kar\u0161toms vasaros dienoms! Lengvai pastatomas, saugus ir smagus ma\u017eiesiems vandens myl\u0117tojams.","og_url":"https:\/\/www.ludoturris.lt\/en\/product\/vaikiskas-apvalus-baseinas\/","og_site_name":"Ludo Turris","article_publisher":"https:\/\/www.facebook.com\/Ludo-Turris-621921974895920\/","article_modified_time":"2026-02-11T07:37:06+00:00","og_image":[{"width":1000,"height":1000,"url":"https:\/\/www.ludoturris.lt\/wp-content\/uploads\/2025\/04\/58431.png","type":"image\/png"}],"twitter_card":"summary_large_image","twitter_misc":{"Estimated reading time":"1 minute"},"schema":{"@context":"https:\/\/schema.org","@graph":[{"@type":"WebPage","@id":"https:\/\/www.ludoturris.lt\/produktas\/vaikiskas-apvalus-baseinas\/","url":"https:\/\/www.ludoturris.lt\/produktas\/vaikiskas-apvalus-baseinas\/","name":"Vaiki\u0161kas apvalus baseinas - Ludo Turris","isPartOf":{"@id":"https:\/\/www.ludoturris.lt\/#website"},"datePublished":"2025-04-22T18:40:37+00:00","dateModified":"2026-02-11T07:37:06+00:00","description":"Vaiki\u0161kas apvalus baseinas \u2013 puikus pasirinkimas kar\u0161toms vasaros dienoms! Lengvai pastatomas, saugus ir smagus ma\u017eiesiems vandens myl\u0117tojams.","breadcrumb":{"@id":"https:\/\/www.ludoturris.lt\/produktas\/vaikiskas-apvalus-baseinas\/#breadcrumb"},"inLanguage":"en-GB","potentialAction":[{"@type":"ReadAction","target":["https:\/\/www.ludoturris.lt\/produktas\/vaikiskas-apvalus-baseinas\/"]}]},{"@type":"BreadcrumbList","@id":"https:\/\/www.ludoturris.lt\/produktas\/vaikiskas-apvalus-baseinas\/#breadcrumb","itemListElement":[{"@type":"ListItem","position":1,"name":"Home","item":"https:\/\/www.ludoturris.lt\/"},{"@type":"ListItem","position":2,"name":"Parduotuv\u0117","item":"https:\/\/www.ludoturris.lt\/parduotuve\/"},{"@type":"ListItem","position":3,"name":"Vaiki\u0161kas apvalus baseinas"}]},{"@type":"WebSite","@id":"https:\/\/www.ludoturris.lt\/#website","url":"https:\/\/www.ludoturris.lt\/","name":"Ludo Turris","description":"K\u016brybi\u0161kum\u0105 ir fantazij\u0105 lavinan\u010dios kalad\u0117l\u0117s","publisher":{"@id":"https:\/\/www.ludoturris.lt\/#organization"},"potentialAction":[{"@type":"SearchAction","target":{"@type":"EntryPoint","urlTemplate":"https:\/\/www.ludoturris.lt\/?s={search_term_string}"},"query-input":"required name=search_term_string"}],"inLanguage":"en-GB"},{"@type":"Organization","@id":"https:\/\/www.ludoturris.lt\/#organization","name":"Ludo Turris \u2013 Vakar\u0173 gama, UAB","url":"https:\/\/www.ludoturris.lt\/","logo":{"@type":"ImageObject","inLanguage":"en-GB","@id":"https:\/\/www.ludoturris.lt\/#\/schema\/logo\/image\/","url":"https:\/\/www.ludoturris.lt\/wp-content\/uploads\/2020\/10\/logo@2x.png","contentUrl":"https:\/\/www.ludoturris.lt\/wp-content\/uploads\/2020\/10\/logo@2x.png","width":300,"height":147,"caption":"Ludo Turris \u2013 Vakar\u0173 gama, UAB"},"image":{"@id":"https:\/\/www.ludoturris.lt\/#\/schema\/logo\/image\/"},"sameAs":["https:\/\/www.facebook.com\/Ludo-Turris-621921974895920\/","https:\/\/www.youtube.com\/channel\/UCuBACq67N1NGC9LVudo4ngw"]}]}},"uagb_featured_image_src":{"full":["https:\/\/www.ludoturris.lt\/wp-content\/uploads\/2025\/04\/58431.png",1000,1000,false],"thumbnail":["https:\/\/www.ludoturris.lt\/wp-content\/uploads\/2025\/04\/58431-150x150.png",150,150,true],"medium":["https:\/\/www.ludoturris.lt\/wp-content\/uploads\/2025\/04\/58431-300x300.png",300,300,true],"medium_large":["https:\/\/www.ludoturris.lt\/wp-content\/uploads\/2025\/04\/58431-768x768.png",768,768,true],"large":["https:\/\/www.ludoturris.lt\/wp-content\/uploads\/2025\/04\/58431.png",1000,1000,false],"1536x1536":["https:\/\/www.ludoturris.lt\/wp-content\/uploads\/2025\/04\/58431.png",1000,1000,false],"2048x2048":["https:\/\/www.ludoturris.lt\/wp-content\/uploads\/2025\/04\/58431.png",1000,1000,false],"trp-custom-language-flag":["https:\/\/www.ludoturris.lt\/wp-content\/uploads\/2025\/04\/58431-12x12.png",12,12,true],"woocommerce_thumbnail":["https:\/\/www.ludoturris.lt\/wp-content\/uploads\/2025\/04\/58431-300x300.png",300,300,true],"woocommerce_single":["https:\/\/www.ludoturris.lt\/wp-content\/uploads\/2025\/04\/58431-600x600.png",600,600,true],"woocommerce_gallery_thumbnail":["https:\/\/www.ludoturris.lt\/wp-content\/uploads\/2025\/04\/58431-100x100.png",100,100,true],"variation_swatches_image_size":["https:\/\/www.ludoturris.lt\/wp-content\/uploads\/2025\/04\/58431-50x50.png",50,50,true],"variation_swatches_tooltip_size":["https:\/\/www.ludoturris.lt\/wp-content\/uploads\/2025\/04\/58431-100x100.png",100,100,true],"dgwt-wcas-product-suggestion":["https:\/\/www.ludoturris.lt\/wp-content\/uploads\/2025\/04\/58431.png",64,64,false]},"uagb_author_info":{"display_name":"LudoTurris","author_link":"https:\/\/www.ludoturris.lt\/en\/author\/"},"uagb_comment_info":0,"uagb_excerpt":"Naudoti tik su suaugusi\u0173 prie\u017ei\u016bra. Pripu\u010diamas apvalus baseinas puikiai tiks vasaros linksmyb\u0117ms ir gaiv\u0173 v\u0117sinim\u0105 kar\u0161tomis vasaros dienomis. Jis pagamintas i\u0161 auk\u0161tos kokyb\u0117s vinilo, tod\u0117l j\u012f galima naudoti daugel\u012f sezon\u0173. Baseinas turi 3 atskirai pumpuojamas kameras. Med\u017eiaga PVC &#8211; storis 0,25mm, vandens lygio auk\u0161tis 36cm. Talpa: 808 litrai Matmenys 188x46cm.","_links":{"self":[{"href":"https:\/\/www.ludoturris.lt\/en\/wp-json\/wp\/v2\/product\/4946"}],"collection":[{"href":"https:\/\/www.ludoturris.lt\/en\/wp-json\/wp\/v2\/product"}],"about":[{"href":"https:\/\/www.ludoturris.lt\/en\/wp-json\/wp\/v2\/types\/product"}],"wp:featuredmedia":[{"embeddable":true,"href":"https:\/\/www.ludoturris.lt\/en\/wp-json\/wp\/v2\/media\/4947"}],"wp:attachment":[{"href":"https:\/\/www.ludoturris.lt\/en\/wp-json\/wp\/v2\/media?parent=4946"}],"wp:term":[{"taxonomy":"product_cat","embeddable":true,"href":"https:\/\/www.ludoturris.lt\/en\/wp-json\/wp\/v2\/product_cat?post=4946"},{"taxonomy":"product_tag","embeddable":true,"href":"https:\/\/www.ludoturris.lt\/en\/wp-json\/wp\/v2\/product_tag?post=4946"}],"curies":[{"name":"wp","href":"https:\/\/api.w.org\/{rel}","templated":true}]}}