{"id":4920,"date":"2025-04-19T15:16:22","date_gmt":"2025-04-19T17:16:22","guid":{"rendered":"https:\/\/www.ludoturris.lt\/?post_type=product&#038;p=4920"},"modified":"2026-02-07T07:03:02","modified_gmt":"2026-02-07T09:03:02","slug":"supynes-linksmasis-krokodilas","status":"publish","type":"product","link":"https:\/\/www.ludoturris.lt\/en\/product\/supynes-linksmasis-krokodilas\/","title":{"rendered":"Sodo supyn\u0117 &#8220;gandralizdis&#8221;"},"content":{"rendered":"<p>Rekomenduojamas am\u017eius: nuo 3 met\u0173.  Metalinis supyni\u0173 karkasas padengtas mink\u0161tu porolonu, kuris u\u017etikrina saugum\u0105 \u017eaid\u017eiant. Didel\u0117 100 cm skersmens s\u0117dyn\u0117 pagaminta i\u0161 tvirtos &#8220;tinklin\u0117s&#8221; med\u017eiagos, pro kuri\u0105 matome kas yra apa\u010dioje. Supyn\u0117s tvirtinamos 10 mm storio virv\u0117mis vienu arba dviem ta\u0161kais. Virveli\u0173 ilgis reguliuojamas, tod\u0117l galite lengvai reguliuoti j\u0173 auk\u0161t\u012f. Maksimali apkrova yra 100 kg. Supyni\u0173 gamybai panaudota med\u017eiaga u\u017etikrina j\u0173 atsparum\u0105 oro s\u0105lygoms. Supyn\u0117s skatina aktyv\u0173 jud\u0117jim\u0105, pusiausvyr\u0105 ir d\u017eiaugsm\u0105 gryname ore.<\/p>","protected":false},"excerpt":{"rendered":"<p>Rekomenduojamas am\u017eius: nuo 3 met\u0173. Metalinis supyni\u0173 karkasas padengtas mink\u0161tu porolonu, kuris u\u017etikrina saugum\u0105 \u017eaid\u017eiant. Didel\u0117 100 cm skersmens s\u0117dyn\u0117 pagaminta i\u0161 tvirtos &#8220;tinklin\u0117s&#8221; med\u017eiagos, pro kuri\u0105 matome kas yra apa\u010dioje. Supyn\u0117s tvirtinamos 10 mm storio virv\u0117mis vienu arba dviem ta\u0161kais. Virveli\u0173 ilgis reguliuojamas, tod\u0117l galite lengvai reguliuoti j\u0173 auk\u0161t\u012f. Maksimali apkrova yra 100 kg. &hellip;<\/p>\n<p class=\"read-more\"> <a class=\"\" href=\"https:\/\/www.ludoturris.lt\/en\/product\/supynes-linksmasis-krokodilas\/\"> <span class=\"screen-reader-text\">Sodo supyn\u0117 &#8220;gandralizdis&#8221;<\/span> Read More &raquo;<\/a><\/p>","protected":false},"featured_media":5512,"template":"","meta":{"_uag_custom_page_level_css":"","_themeisle_gutenberg_block_has_review":false},"product_cat":[69,93],"product_tag":[],"yoast_head":"<!-- This site is optimized with the Yoast SEO plugin v21.1 - https:\/\/yoast.com\/wordpress\/plugins\/seo\/ -->\n<title>Sodo supyn\u0117 &quot;gandralizdis&quot; - Ludo Turris<\/title>\n<meta name=\"description\" content=\"Supyn\u0117s skatina vaiko pusiausvyr\u0105, koordinacij\u0105 ir aktyv\u0173 \u017eaidim\u0105 \u2013smagu ir naudinga viename, kvie\u010dianti suptis kartu ir m\u0117gautis aktyviu laiku gryname ore.\" \/>\n<meta name=\"robots\" content=\"index, follow, max-snippet:-1, max-image-preview:large, max-video-preview:-1\" \/>\n<link rel=\"canonical\" href=\"https:\/\/www.ludoturris.lt\/en\/product\/supynes-linksmasis-krokodilas\/\" \/>\n<meta property=\"og:locale\" content=\"en_GB\" \/>\n<meta property=\"og:type\" content=\"article\" \/>\n<meta property=\"og:title\" content=\"Sodo supyn\u0117 &quot;gandralizdis&quot; - Ludo Turris\" \/>\n<meta property=\"og:description\" content=\"Supyn\u0117s skatina vaiko pusiausvyr\u0105, koordinacij\u0105 ir aktyv\u0173 \u017eaidim\u0105 \u2013smagu ir naudinga viename, kvie\u010dianti suptis kartu ir m\u0117gautis aktyviu laiku gryname ore.\" \/>\n<meta property=\"og:url\" content=\"https:\/\/www.ludoturris.lt\/en\/product\/supynes-linksmasis-krokodilas\/\" \/>\n<meta property=\"og:site_name\" content=\"Ludo Turris\" \/>\n<meta property=\"article:publisher\" content=\"https:\/\/www.facebook.com\/Ludo-Turris-621921974895920\/\" \/>\n<meta property=\"article:modified_time\" content=\"2026-02-07T09:03:02+00:00\" \/>\n<meta property=\"og:image\" content=\"https:\/\/www.ludoturris.lt\/wp-content\/uploads\/2025\/04\/mir6001-1.png\" \/>\n\t<meta property=\"og:image:width\" content=\"1000\" \/>\n\t<meta property=\"og:image:height\" content=\"1000\" \/>\n\t<meta property=\"og:image:type\" content=\"image\/png\" \/>\n<meta name=\"twitter:card\" content=\"summary_large_image\" \/>\n<meta name=\"twitter:label1\" content=\"Estimated reading time\" \/>\n\t<meta name=\"twitter:data1\" content=\"1 minute\" \/>\n<script type=\"application\/ld+json\" class=\"yoast-schema-graph\">{\"@context\":\"https:\/\/schema.org\",\"@graph\":[{\"@type\":\"WebPage\",\"@id\":\"https:\/\/www.ludoturris.lt\/produktas\/supynes-linksmasis-krokodilas\/\",\"url\":\"https:\/\/www.ludoturris.lt\/produktas\/supynes-linksmasis-krokodilas\/\",\"name\":\"Sodo supyn\u0117 \\\"gandralizdis\\\" - Ludo Turris\",\"isPartOf\":{\"@id\":\"https:\/\/www.ludoturris.lt\/#website\"},\"datePublished\":\"2025-04-19T17:16:22+00:00\",\"dateModified\":\"2026-02-07T09:03:02+00:00\",\"description\":\"Supyn\u0117s skatina vaiko pusiausvyr\u0105, koordinacij\u0105 ir aktyv\u0173 \u017eaidim\u0105 \u2013smagu ir naudinga viename, kvie\u010dianti suptis kartu ir m\u0117gautis aktyviu laiku gryname ore.\",\"breadcrumb\":{\"@id\":\"https:\/\/www.ludoturris.lt\/produktas\/supynes-linksmasis-krokodilas\/#breadcrumb\"},\"inLanguage\":\"en-GB\",\"potentialAction\":[{\"@type\":\"ReadAction\",\"target\":[\"https:\/\/www.ludoturris.lt\/produktas\/supynes-linksmasis-krokodilas\/\"]}]},{\"@type\":\"BreadcrumbList\",\"@id\":\"https:\/\/www.ludoturris.lt\/produktas\/supynes-linksmasis-krokodilas\/#breadcrumb\",\"itemListElement\":[{\"@type\":\"ListItem\",\"position\":1,\"name\":\"Home\",\"item\":\"https:\/\/www.ludoturris.lt\/\"},{\"@type\":\"ListItem\",\"position\":2,\"name\":\"Parduotuv\u0117\",\"item\":\"https:\/\/www.ludoturris.lt\/parduotuve\/\"},{\"@type\":\"ListItem\",\"position\":3,\"name\":\"Sodo supyn\u0117 &#8220;gandralizdis&#8221;\"}]},{\"@type\":\"WebSite\",\"@id\":\"https:\/\/www.ludoturris.lt\/#website\",\"url\":\"https:\/\/www.ludoturris.lt\/\",\"name\":\"Ludo Turris\",\"description\":\"K\u016brybi\u0161kum\u0105 ir fantazij\u0105 lavinan\u010dios kalad\u0117l\u0117s\",\"publisher\":{\"@id\":\"https:\/\/www.ludoturris.lt\/#organization\"},\"potentialAction\":[{\"@type\":\"SearchAction\",\"target\":{\"@type\":\"EntryPoint\",\"urlTemplate\":\"https:\/\/www.ludoturris.lt\/?s={search_term_string}\"},\"query-input\":\"required name=search_term_string\"}],\"inLanguage\":\"en-GB\"},{\"@type\":\"Organization\",\"@id\":\"https:\/\/www.ludoturris.lt\/#organization\",\"name\":\"Ludo Turris \u2013 Vakar\u0173 gama, UAB\",\"url\":\"https:\/\/www.ludoturris.lt\/\",\"logo\":{\"@type\":\"ImageObject\",\"inLanguage\":\"en-GB\",\"@id\":\"https:\/\/www.ludoturris.lt\/#\/schema\/logo\/image\/\",\"url\":\"https:\/\/www.ludoturris.lt\/wp-content\/uploads\/2020\/10\/logo@2x.png\",\"contentUrl\":\"https:\/\/www.ludoturris.lt\/wp-content\/uploads\/2020\/10\/logo@2x.png\",\"width\":300,\"height\":147,\"caption\":\"Ludo Turris \u2013 Vakar\u0173 gama, UAB\"},\"image\":{\"@id\":\"https:\/\/www.ludoturris.lt\/#\/schema\/logo\/image\/\"},\"sameAs\":[\"https:\/\/www.facebook.com\/Ludo-Turris-621921974895920\/\",\"https:\/\/www.youtube.com\/channel\/UCuBACq67N1NGC9LVudo4ngw\"]}]}<\/script>\n<!-- \/ Yoast SEO plugin. -->","yoast_head_json":{"title":"Sodo supyn\u0117 \"gandralizdis\" - Ludo Turris","description":"Supyn\u0117s skatina vaiko pusiausvyr\u0105, koordinacij\u0105 ir aktyv\u0173 \u017eaidim\u0105 \u2013smagu ir naudinga viename, kvie\u010dianti suptis kartu ir m\u0117gautis aktyviu laiku gryname ore.","robots":{"index":"index","follow":"follow","max-snippet":"max-snippet:-1","max-image-preview":"max-image-preview:large","max-video-preview":"max-video-preview:-1"},"canonical":"https:\/\/www.ludoturris.lt\/en\/product\/supynes-linksmasis-krokodilas\/","og_locale":"en_GB","og_type":"article","og_title":"Sodo supyn\u0117 \"gandralizdis\" - Ludo Turris","og_description":"Supyn\u0117s skatina vaiko pusiausvyr\u0105, koordinacij\u0105 ir aktyv\u0173 \u017eaidim\u0105 \u2013smagu ir naudinga viename, kvie\u010dianti suptis kartu ir m\u0117gautis aktyviu laiku gryname ore.","og_url":"https:\/\/www.ludoturris.lt\/en\/product\/supynes-linksmasis-krokodilas\/","og_site_name":"Ludo Turris","article_publisher":"https:\/\/www.facebook.com\/Ludo-Turris-621921974895920\/","article_modified_time":"2026-02-07T09:03:02+00:00","og_image":[{"width":1000,"height":1000,"url":"https:\/\/www.ludoturris.lt\/wp-content\/uploads\/2025\/04\/mir6001-1.png","type":"image\/png"}],"twitter_card":"summary_large_image","twitter_misc":{"Estimated reading time":"1 minute"},"schema":{"@context":"https:\/\/schema.org","@graph":[{"@type":"WebPage","@id":"https:\/\/www.ludoturris.lt\/produktas\/supynes-linksmasis-krokodilas\/","url":"https:\/\/www.ludoturris.lt\/produktas\/supynes-linksmasis-krokodilas\/","name":"Sodo supyn\u0117 \"gandralizdis\" - Ludo Turris","isPartOf":{"@id":"https:\/\/www.ludoturris.lt\/#website"},"datePublished":"2025-04-19T17:16:22+00:00","dateModified":"2026-02-07T09:03:02+00:00","description":"Supyn\u0117s skatina vaiko pusiausvyr\u0105, koordinacij\u0105 ir aktyv\u0173 \u017eaidim\u0105 \u2013smagu ir naudinga viename, kvie\u010dianti suptis kartu ir m\u0117gautis aktyviu laiku gryname ore.","breadcrumb":{"@id":"https:\/\/www.ludoturris.lt\/produktas\/supynes-linksmasis-krokodilas\/#breadcrumb"},"inLanguage":"en-GB","potentialAction":[{"@type":"ReadAction","target":["https:\/\/www.ludoturris.lt\/produktas\/supynes-linksmasis-krokodilas\/"]}]},{"@type":"BreadcrumbList","@id":"https:\/\/www.ludoturris.lt\/produktas\/supynes-linksmasis-krokodilas\/#breadcrumb","itemListElement":[{"@type":"ListItem","position":1,"name":"Home","item":"https:\/\/www.ludoturris.lt\/"},{"@type":"ListItem","position":2,"name":"Parduotuv\u0117","item":"https:\/\/www.ludoturris.lt\/parduotuve\/"},{"@type":"ListItem","position":3,"name":"Sodo supyn\u0117 &#8220;gandralizdis&#8221;"}]},{"@type":"WebSite","@id":"https:\/\/www.ludoturris.lt\/#website","url":"https:\/\/www.ludoturris.lt\/","name":"Ludo Turris","description":"K\u016brybi\u0161kum\u0105 ir fantazij\u0105 lavinan\u010dios kalad\u0117l\u0117s","publisher":{"@id":"https:\/\/www.ludoturris.lt\/#organization"},"potentialAction":[{"@type":"SearchAction","target":{"@type":"EntryPoint","urlTemplate":"https:\/\/www.ludoturris.lt\/?s={search_term_string}"},"query-input":"required name=search_term_string"}],"inLanguage":"en-GB"},{"@type":"Organization","@id":"https:\/\/www.ludoturris.lt\/#organization","name":"Ludo Turris \u2013 Vakar\u0173 gama, UAB","url":"https:\/\/www.ludoturris.lt\/","logo":{"@type":"ImageObject","inLanguage":"en-GB","@id":"https:\/\/www.ludoturris.lt\/#\/schema\/logo\/image\/","url":"https:\/\/www.ludoturris.lt\/wp-content\/uploads\/2020\/10\/logo@2x.png","contentUrl":"https:\/\/www.ludoturris.lt\/wp-content\/uploads\/2020\/10\/logo@2x.png","width":300,"height":147,"caption":"Ludo Turris \u2013 Vakar\u0173 gama, UAB"},"image":{"@id":"https:\/\/www.ludoturris.lt\/#\/schema\/logo\/image\/"},"sameAs":["https:\/\/www.facebook.com\/Ludo-Turris-621921974895920\/","https:\/\/www.youtube.com\/channel\/UCuBACq67N1NGC9LVudo4ngw"]}]}},"uagb_featured_image_src":{"full":["https:\/\/www.ludoturris.lt\/wp-content\/uploads\/2025\/04\/mir6001-1.png",1000,1000,false],"thumbnail":["https:\/\/www.ludoturris.lt\/wp-content\/uploads\/2025\/04\/mir6001-1-150x150.png",150,150,true],"medium":["https:\/\/www.ludoturris.lt\/wp-content\/uploads\/2025\/04\/mir6001-1-300x300.png",300,300,true],"medium_large":["https:\/\/www.ludoturris.lt\/wp-content\/uploads\/2025\/04\/mir6001-1-768x768.png",768,768,true],"large":["https:\/\/www.ludoturris.lt\/wp-content\/uploads\/2025\/04\/mir6001-1.png",1000,1000,false],"1536x1536":["https:\/\/www.ludoturris.lt\/wp-content\/uploads\/2025\/04\/mir6001-1.png",1000,1000,false],"2048x2048":["https:\/\/www.ludoturris.lt\/wp-content\/uploads\/2025\/04\/mir6001-1.png",1000,1000,false],"trp-custom-language-flag":["https:\/\/www.ludoturris.lt\/wp-content\/uploads\/2025\/04\/mir6001-1-12x12.png",12,12,true],"woocommerce_thumbnail":["https:\/\/www.ludoturris.lt\/wp-content\/uploads\/2025\/04\/mir6001-1-300x300.png",300,300,true],"woocommerce_single":["https:\/\/www.ludoturris.lt\/wp-content\/uploads\/2025\/04\/mir6001-1-600x600.png",600,600,true],"woocommerce_gallery_thumbnail":["https:\/\/www.ludoturris.lt\/wp-content\/uploads\/2025\/04\/mir6001-1-100x100.png",100,100,true],"variation_swatches_image_size":["https:\/\/www.ludoturris.lt\/wp-content\/uploads\/2025\/04\/mir6001-1-50x50.png",50,50,true],"variation_swatches_tooltip_size":["https:\/\/www.ludoturris.lt\/wp-content\/uploads\/2025\/04\/mir6001-1-100x100.png",100,100,true],"dgwt-wcas-product-suggestion":["https:\/\/www.ludoturris.lt\/wp-content\/uploads\/2025\/04\/mir6001-1-64x64.png",64,64,true]},"uagb_author_info":{"display_name":"LudoTurris","author_link":"https:\/\/www.ludoturris.lt\/en\/author\/"},"uagb_comment_info":0,"uagb_excerpt":"Rekomenduojamas am\u017eius: nuo 3 met\u0173. Metalinis supyni\u0173 karkasas padengtas mink\u0161tu porolonu, kuris u\u017etikrina saugum\u0105 \u017eaid\u017eiant. Didel\u0117 100 cm skersmens s\u0117dyn\u0117 pagaminta i\u0161 tvirtos &#8220;tinklin\u0117s&#8221; med\u017eiagos, pro kuri\u0105 matome kas yra apa\u010dioje. Supyn\u0117s tvirtinamos 10 mm storio virv\u0117mis vienu arba dviem ta\u0161kais. Virveli\u0173 ilgis reguliuojamas, tod\u0117l galite lengvai reguliuoti j\u0173 auk\u0161t\u012f. Maksimali apkrova yra 100 kg.&hellip;","_links":{"self":[{"href":"https:\/\/www.ludoturris.lt\/en\/wp-json\/wp\/v2\/product\/4920"}],"collection":[{"href":"https:\/\/www.ludoturris.lt\/en\/wp-json\/wp\/v2\/product"}],"about":[{"href":"https:\/\/www.ludoturris.lt\/en\/wp-json\/wp\/v2\/types\/product"}],"wp:featuredmedia":[{"embeddable":true,"href":"https:\/\/www.ludoturris.lt\/en\/wp-json\/wp\/v2\/media\/5512"}],"wp:attachment":[{"href":"https:\/\/www.ludoturris.lt\/en\/wp-json\/wp\/v2\/media?parent=4920"}],"wp:term":[{"taxonomy":"product_cat","embeddable":true,"href":"https:\/\/www.ludoturris.lt\/en\/wp-json\/wp\/v2\/product_cat?post=4920"},{"taxonomy":"product_tag","embeddable":true,"href":"https:\/\/www.ludoturris.lt\/en\/wp-json\/wp\/v2\/product_tag?post=4920"}],"curies":[{"name":"wp","href":"https:\/\/api.w.org\/{rel}","templated":true}]}}