{"id":4915,"date":"2025-04-19T11:21:45","date_gmt":"2025-04-19T13:21:45","guid":{"rendered":"https:\/\/www.ludoturris.lt\/?post_type=product&#038;p=4915"},"modified":"2026-02-05T11:52:43","modified_gmt":"2026-02-05T13:52:43","slug":"dideli-statybiniai-blokai-laukui","status":"publish","type":"product","link":"https:\/\/www.ludoturris.lt\/en\/product\/dideli-statybiniai-blokai-laukui\/","title":{"rendered":"Dideli statybiniai blokai"},"content":{"rendered":"<p>Dideli statybiniai blokai chaki \u017ealios ir rausvos plyt\u0173 spalvos. Blokai rinkinyje yra dviej\u0173 skirting\u0173 dyd\u017ei\u0173 ir su vidiniu sutvirtinimu, kad vaikas gal\u0117t\u0173 lipti ant baigtos konstrukcijos. Matmenys 30x15x15cm ir 15x15x15cm. K\u016brybinis \u017eaidimas pagal dyd\u012f labiau tikt\u0173 \u017eaisti lauke. Lavina vaiko vaizduot\u0119, motorik\u0105, fizinius geb\u0117jimus ir kt. Susideda i\u0161 18 dideli\u0173 kalad\u017ei\u0173 ir 8 ma\u017e\u0173. Galima plauti indaplov\u0117je, sud\u0117tyje n\u0117ra toksin\u0173. <strong>Rekomenduojama nuo 2 met\u0173 am\u017eiaus.<\/strong><\/p>","protected":false},"excerpt":{"rendered":"<p>Dideli statybiniai blokai chaki \u017ealios ir rausvos plyt\u0173 spalvos. Blokai rinkinyje yra dviej\u0173 skirting\u0173 dyd\u017ei\u0173 ir su vidiniu sutvirtinimu, kad vaikas gal\u0117t\u0173 lipti ant baigtos konstrukcijos. Matmenys 30x15x15cm ir 15x15x15cm. K\u016brybinis \u017eaidimas pagal dyd\u012f labiau tikt\u0173 \u017eaisti lauke. Lavina vaiko vaizduot\u0119, motorik\u0105, fizinius geb\u0117jimus ir kt. Susideda i\u0161 18 dideli\u0173 kalad\u017ei\u0173 ir 8 ma\u017e\u0173. Galima &hellip;<\/p>\n<p class=\"read-more\"> <a class=\"\" href=\"https:\/\/www.ludoturris.lt\/en\/product\/dideli-statybiniai-blokai-laukui\/\"> <span class=\"screen-reader-text\">Dideli statybiniai blokai<\/span> Read More &raquo;<\/a><\/p>","protected":false},"featured_media":4917,"template":"","meta":{"_uag_custom_page_level_css":"","_themeisle_gutenberg_block_has_review":false},"product_cat":[69,94,93],"product_tag":[],"yoast_head":"<!-- This site is optimized with the Yoast SEO plugin v21.1 - https:\/\/yoast.com\/wordpress\/plugins\/seo\/ -->\n<title>Dideli statybiniai blokai - Ludo Turris<\/title>\n<meta name=\"description\" content=\"Dideli statybiniai blokai vaikams \u2013 linksmas, lavinantis ir saugus b\u016bdas kurti \u012fvairias formas, pilis ar bok\u0161tus \u017eaid\u017eiant namuose ar lauke.\" \/>\n<meta name=\"robots\" content=\"index, follow, max-snippet:-1, max-image-preview:large, max-video-preview:-1\" \/>\n<link rel=\"canonical\" href=\"https:\/\/www.ludoturris.lt\/en\/product\/dideli-statybiniai-blokai-laukui\/\" \/>\n<meta property=\"og:locale\" content=\"en_GB\" \/>\n<meta property=\"og:type\" content=\"article\" \/>\n<meta property=\"og:title\" content=\"Dideli statybiniai blokai - Ludo Turris\" \/>\n<meta property=\"og:description\" content=\"Dideli statybiniai blokai vaikams \u2013 linksmas, lavinantis ir saugus b\u016bdas kurti \u012fvairias formas, pilis ar bok\u0161tus \u017eaid\u017eiant namuose ar lauke.\" \/>\n<meta property=\"og:url\" content=\"https:\/\/www.ludoturris.lt\/en\/product\/dideli-statybiniai-blokai-laukui\/\" \/>\n<meta property=\"og:site_name\" content=\"Ludo Turris\" \/>\n<meta property=\"article:publisher\" content=\"https:\/\/www.facebook.com\/Ludo-Turris-621921974895920\/\" \/>\n<meta property=\"article:modified_time\" content=\"2026-02-05T13:52:43+00:00\" \/>\n<meta property=\"og:image\" content=\"https:\/\/www.ludoturris.lt\/wp-content\/uploads\/2025\/04\/D6994.png\" \/>\n\t<meta property=\"og:image:width\" content=\"1000\" \/>\n\t<meta property=\"og:image:height\" content=\"1000\" \/>\n\t<meta property=\"og:image:type\" content=\"image\/png\" \/>\n<meta name=\"twitter:card\" content=\"summary_large_image\" \/>\n<meta name=\"twitter:label1\" content=\"Estimated reading time\" \/>\n\t<meta name=\"twitter:data1\" content=\"1 minute\" \/>\n<script type=\"application\/ld+json\" class=\"yoast-schema-graph\">{\"@context\":\"https:\/\/schema.org\",\"@graph\":[{\"@type\":\"WebPage\",\"@id\":\"https:\/\/www.ludoturris.lt\/produktas\/dideli-statybiniai-blokai-laukui\/\",\"url\":\"https:\/\/www.ludoturris.lt\/produktas\/dideli-statybiniai-blokai-laukui\/\",\"name\":\"Dideli statybiniai blokai - Ludo Turris\",\"isPartOf\":{\"@id\":\"https:\/\/www.ludoturris.lt\/#website\"},\"datePublished\":\"2025-04-19T13:21:45+00:00\",\"dateModified\":\"2026-02-05T13:52:43+00:00\",\"description\":\"Dideli statybiniai blokai vaikams \u2013 linksmas, lavinantis ir saugus b\u016bdas kurti \u012fvairias formas, pilis ar bok\u0161tus \u017eaid\u017eiant namuose ar lauke.\",\"breadcrumb\":{\"@id\":\"https:\/\/www.ludoturris.lt\/produktas\/dideli-statybiniai-blokai-laukui\/#breadcrumb\"},\"inLanguage\":\"en-GB\",\"potentialAction\":[{\"@type\":\"ReadAction\",\"target\":[\"https:\/\/www.ludoturris.lt\/produktas\/dideli-statybiniai-blokai-laukui\/\"]}]},{\"@type\":\"BreadcrumbList\",\"@id\":\"https:\/\/www.ludoturris.lt\/produktas\/dideli-statybiniai-blokai-laukui\/#breadcrumb\",\"itemListElement\":[{\"@type\":\"ListItem\",\"position\":1,\"name\":\"Home\",\"item\":\"https:\/\/www.ludoturris.lt\/\"},{\"@type\":\"ListItem\",\"position\":2,\"name\":\"Parduotuv\u0117\",\"item\":\"https:\/\/www.ludoturris.lt\/parduotuve\/\"},{\"@type\":\"ListItem\",\"position\":3,\"name\":\"Dideli statybiniai blokai\"}]},{\"@type\":\"WebSite\",\"@id\":\"https:\/\/www.ludoturris.lt\/#website\",\"url\":\"https:\/\/www.ludoturris.lt\/\",\"name\":\"Ludo Turris\",\"description\":\"K\u016brybi\u0161kum\u0105 ir fantazij\u0105 lavinan\u010dios kalad\u0117l\u0117s\",\"publisher\":{\"@id\":\"https:\/\/www.ludoturris.lt\/#organization\"},\"potentialAction\":[{\"@type\":\"SearchAction\",\"target\":{\"@type\":\"EntryPoint\",\"urlTemplate\":\"https:\/\/www.ludoturris.lt\/?s={search_term_string}\"},\"query-input\":\"required name=search_term_string\"}],\"inLanguage\":\"en-GB\"},{\"@type\":\"Organization\",\"@id\":\"https:\/\/www.ludoturris.lt\/#organization\",\"name\":\"Ludo Turris \u2013 Vakar\u0173 gama, UAB\",\"url\":\"https:\/\/www.ludoturris.lt\/\",\"logo\":{\"@type\":\"ImageObject\",\"inLanguage\":\"en-GB\",\"@id\":\"https:\/\/www.ludoturris.lt\/#\/schema\/logo\/image\/\",\"url\":\"https:\/\/www.ludoturris.lt\/wp-content\/uploads\/2020\/10\/logo@2x.png\",\"contentUrl\":\"https:\/\/www.ludoturris.lt\/wp-content\/uploads\/2020\/10\/logo@2x.png\",\"width\":300,\"height\":147,\"caption\":\"Ludo Turris \u2013 Vakar\u0173 gama, UAB\"},\"image\":{\"@id\":\"https:\/\/www.ludoturris.lt\/#\/schema\/logo\/image\/\"},\"sameAs\":[\"https:\/\/www.facebook.com\/Ludo-Turris-621921974895920\/\",\"https:\/\/www.youtube.com\/channel\/UCuBACq67N1NGC9LVudo4ngw\"]}]}<\/script>\n<!-- \/ Yoast SEO plugin. -->","yoast_head_json":{"title":"Dideli statybiniai blokai - Ludo Turris","description":"Dideli statybiniai blokai vaikams \u2013 linksmas, lavinantis ir saugus b\u016bdas kurti \u012fvairias formas, pilis ar bok\u0161tus \u017eaid\u017eiant namuose ar lauke.","robots":{"index":"index","follow":"follow","max-snippet":"max-snippet:-1","max-image-preview":"max-image-preview:large","max-video-preview":"max-video-preview:-1"},"canonical":"https:\/\/www.ludoturris.lt\/en\/product\/dideli-statybiniai-blokai-laukui\/","og_locale":"en_GB","og_type":"article","og_title":"Dideli statybiniai blokai - Ludo Turris","og_description":"Dideli statybiniai blokai vaikams \u2013 linksmas, lavinantis ir saugus b\u016bdas kurti \u012fvairias formas, pilis ar bok\u0161tus \u017eaid\u017eiant namuose ar lauke.","og_url":"https:\/\/www.ludoturris.lt\/en\/product\/dideli-statybiniai-blokai-laukui\/","og_site_name":"Ludo Turris","article_publisher":"https:\/\/www.facebook.com\/Ludo-Turris-621921974895920\/","article_modified_time":"2026-02-05T13:52:43+00:00","og_image":[{"width":1000,"height":1000,"url":"https:\/\/www.ludoturris.lt\/wp-content\/uploads\/2025\/04\/D6994.png","type":"image\/png"}],"twitter_card":"summary_large_image","twitter_misc":{"Estimated reading time":"1 minute"},"schema":{"@context":"https:\/\/schema.org","@graph":[{"@type":"WebPage","@id":"https:\/\/www.ludoturris.lt\/produktas\/dideli-statybiniai-blokai-laukui\/","url":"https:\/\/www.ludoturris.lt\/produktas\/dideli-statybiniai-blokai-laukui\/","name":"Dideli statybiniai blokai - Ludo Turris","isPartOf":{"@id":"https:\/\/www.ludoturris.lt\/#website"},"datePublished":"2025-04-19T13:21:45+00:00","dateModified":"2026-02-05T13:52:43+00:00","description":"Dideli statybiniai blokai vaikams \u2013 linksmas, lavinantis ir saugus b\u016bdas kurti \u012fvairias formas, pilis ar bok\u0161tus \u017eaid\u017eiant namuose ar lauke.","breadcrumb":{"@id":"https:\/\/www.ludoturris.lt\/produktas\/dideli-statybiniai-blokai-laukui\/#breadcrumb"},"inLanguage":"en-GB","potentialAction":[{"@type":"ReadAction","target":["https:\/\/www.ludoturris.lt\/produktas\/dideli-statybiniai-blokai-laukui\/"]}]},{"@type":"BreadcrumbList","@id":"https:\/\/www.ludoturris.lt\/produktas\/dideli-statybiniai-blokai-laukui\/#breadcrumb","itemListElement":[{"@type":"ListItem","position":1,"name":"Home","item":"https:\/\/www.ludoturris.lt\/"},{"@type":"ListItem","position":2,"name":"Parduotuv\u0117","item":"https:\/\/www.ludoturris.lt\/parduotuve\/"},{"@type":"ListItem","position":3,"name":"Dideli statybiniai blokai"}]},{"@type":"WebSite","@id":"https:\/\/www.ludoturris.lt\/#website","url":"https:\/\/www.ludoturris.lt\/","name":"Ludo Turris","description":"K\u016brybi\u0161kum\u0105 ir fantazij\u0105 lavinan\u010dios kalad\u0117l\u0117s","publisher":{"@id":"https:\/\/www.ludoturris.lt\/#organization"},"potentialAction":[{"@type":"SearchAction","target":{"@type":"EntryPoint","urlTemplate":"https:\/\/www.ludoturris.lt\/?s={search_term_string}"},"query-input":"required name=search_term_string"}],"inLanguage":"en-GB"},{"@type":"Organization","@id":"https:\/\/www.ludoturris.lt\/#organization","name":"Ludo Turris \u2013 Vakar\u0173 gama, UAB","url":"https:\/\/www.ludoturris.lt\/","logo":{"@type":"ImageObject","inLanguage":"en-GB","@id":"https:\/\/www.ludoturris.lt\/#\/schema\/logo\/image\/","url":"https:\/\/www.ludoturris.lt\/wp-content\/uploads\/2020\/10\/logo@2x.png","contentUrl":"https:\/\/www.ludoturris.lt\/wp-content\/uploads\/2020\/10\/logo@2x.png","width":300,"height":147,"caption":"Ludo Turris \u2013 Vakar\u0173 gama, UAB"},"image":{"@id":"https:\/\/www.ludoturris.lt\/#\/schema\/logo\/image\/"},"sameAs":["https:\/\/www.facebook.com\/Ludo-Turris-621921974895920\/","https:\/\/www.youtube.com\/channel\/UCuBACq67N1NGC9LVudo4ngw"]}]}},"uagb_featured_image_src":{"full":["https:\/\/www.ludoturris.lt\/wp-content\/uploads\/2025\/04\/D6994.png",1000,1000,false],"thumbnail":["https:\/\/www.ludoturris.lt\/wp-content\/uploads\/2025\/04\/D6994-150x150.png",150,150,true],"medium":["https:\/\/www.ludoturris.lt\/wp-content\/uploads\/2025\/04\/D6994-300x300.png",300,300,true],"medium_large":["https:\/\/www.ludoturris.lt\/wp-content\/uploads\/2025\/04\/D6994-768x768.png",768,768,true],"large":["https:\/\/www.ludoturris.lt\/wp-content\/uploads\/2025\/04\/D6994.png",1000,1000,false],"1536x1536":["https:\/\/www.ludoturris.lt\/wp-content\/uploads\/2025\/04\/D6994.png",1000,1000,false],"2048x2048":["https:\/\/www.ludoturris.lt\/wp-content\/uploads\/2025\/04\/D6994.png",1000,1000,false],"trp-custom-language-flag":["https:\/\/www.ludoturris.lt\/wp-content\/uploads\/2025\/04\/D6994-12x12.png",12,12,true],"woocommerce_thumbnail":["https:\/\/www.ludoturris.lt\/wp-content\/uploads\/2025\/04\/D6994-300x300.png",300,300,true],"woocommerce_single":["https:\/\/www.ludoturris.lt\/wp-content\/uploads\/2025\/04\/D6994-600x600.png",600,600,true],"woocommerce_gallery_thumbnail":["https:\/\/www.ludoturris.lt\/wp-content\/uploads\/2025\/04\/D6994-100x100.png",100,100,true],"variation_swatches_image_size":["https:\/\/www.ludoturris.lt\/wp-content\/uploads\/2025\/04\/D6994-50x50.png",50,50,true],"variation_swatches_tooltip_size":["https:\/\/www.ludoturris.lt\/wp-content\/uploads\/2025\/04\/D6994-100x100.png",100,100,true],"dgwt-wcas-product-suggestion":["https:\/\/www.ludoturris.lt\/wp-content\/uploads\/2025\/04\/D6994.png",64,64,false]},"uagb_author_info":{"display_name":"LudoTurris","author_link":"https:\/\/www.ludoturris.lt\/en\/author\/"},"uagb_comment_info":0,"uagb_excerpt":"Dideli statybiniai blokai chaki \u017ealios ir rausvos plyt\u0173 spalvos. Blokai rinkinyje yra dviej\u0173 skirting\u0173 dyd\u017ei\u0173 ir su vidiniu sutvirtinimu, kad vaikas gal\u0117t\u0173 lipti ant baigtos konstrukcijos. Matmenys 30x15x15cm ir 15x15x15cm. K\u016brybinis \u017eaidimas pagal dyd\u012f labiau tikt\u0173 \u017eaisti lauke. Lavina vaiko vaizduot\u0119, motorik\u0105, fizinius geb\u0117jimus ir kt. Susideda i\u0161 18 dideli\u0173 kalad\u017ei\u0173 ir 8 ma\u017e\u0173. Galima&hellip;","_links":{"self":[{"href":"https:\/\/www.ludoturris.lt\/en\/wp-json\/wp\/v2\/product\/4915"}],"collection":[{"href":"https:\/\/www.ludoturris.lt\/en\/wp-json\/wp\/v2\/product"}],"about":[{"href":"https:\/\/www.ludoturris.lt\/en\/wp-json\/wp\/v2\/types\/product"}],"wp:featuredmedia":[{"embeddable":true,"href":"https:\/\/www.ludoturris.lt\/en\/wp-json\/wp\/v2\/media\/4917"}],"wp:attachment":[{"href":"https:\/\/www.ludoturris.lt\/en\/wp-json\/wp\/v2\/media?parent=4915"}],"wp:term":[{"taxonomy":"product_cat","embeddable":true,"href":"https:\/\/www.ludoturris.lt\/en\/wp-json\/wp\/v2\/product_cat?post=4915"},{"taxonomy":"product_tag","embeddable":true,"href":"https:\/\/www.ludoturris.lt\/en\/wp-json\/wp\/v2\/product_tag?post=4915"}],"curies":[{"name":"wp","href":"https:\/\/api.w.org\/{rel}","templated":true}]}}