{"id":4897,"date":"2025-04-16T08:38:42","date_gmt":"2025-04-16T10:38:42","guid":{"rendered":"https:\/\/www.ludoturris.lt\/?post_type=product&#038;p=4897"},"modified":"2026-02-06T11:25:52","modified_gmt":"2026-02-06T13:25:52","slug":"karutis-su-dvejais-ratais","status":"publish","type":"product","link":"https:\/\/www.ludoturris.lt\/en\/product\/karutis-su-dvejais-ratais\/","title":{"rendered":"Karutis su dvejais ratais"},"content":{"rendered":"<p>Rekomenduojamas am\u017eius: nuo 2 met\u0173. Tvirtas, tylus ir stabilus nevirstantis karutis su 2 guminiais ratais ilgis 72cm. Karutis gali ve\u017eti iki 50 kg. Tvirtas ir patvarus karu\u010dio komplektas, suteikiantis daug galimybi\u0173 pad\u0117ti atlikti praktines u\u017eduotis sode, pavyzd\u017eiui, ve\u017eti lapus, dirv\u0105 ar dar\u017eo atliekas. Puiki galimyb\u0117 vaikui \u017eaisti ir u\u017esiimti fizine veikla, kartu stiprinant pusiausvyr\u0105 ir koordinacij\u0105. Kilm\u0117s \u0161alis: Danija<\/p>","protected":false},"excerpt":{"rendered":"<p>Rekomenduojamas am\u017eius: nuo 2 met\u0173. Tvirtas, tylus ir stabilus nevirstantis karutis su 2 guminiais ratais ilgis 72cm. Karutis gali ve\u017eti iki 50 kg. Tvirtas ir patvarus karu\u010dio komplektas, suteikiantis daug galimybi\u0173 pad\u0117ti atlikti praktines u\u017eduotis sode, pavyzd\u017eiui, ve\u017eti lapus, dirv\u0105 ar dar\u017eo atliekas. Puiki galimyb\u0117 vaikui \u017eaisti ir u\u017esiimti fizine veikla, kartu stiprinant pusiausvyr\u0105 ir &hellip;<\/p>\n<p class=\"read-more\"> <a class=\"\" href=\"https:\/\/www.ludoturris.lt\/en\/product\/karutis-su-dvejais-ratais\/\"> <span class=\"screen-reader-text\">Karutis su dvejais ratais<\/span> Read More &raquo;<\/a><\/p>","protected":false},"featured_media":4898,"template":"","meta":{"_uag_custom_page_level_css":"","_themeisle_gutenberg_block_has_review":false},"product_cat":[69,94,93],"product_tag":[],"yoast_head":"<!-- This site is optimized with the Yoast SEO plugin v21.1 - https:\/\/yoast.com\/wordpress\/plugins\/seo\/ -->\n<title>Karutis su dvejais ratais - Ludo Turris<\/title>\n<meta name=\"description\" content=\"Vaiki\u0161kas tvirtas karutis su dviem ratais \u2013 stabilus, lengvas ir saugus naudoti ma\u017eiesiems. Puikiai tinka \u017eaidimams sode ar sm\u0117lio d\u0117\u017e\u0117je ar papl\u016bdimyje.\" \/>\n<meta name=\"robots\" content=\"index, follow, max-snippet:-1, max-image-preview:large, max-video-preview:-1\" \/>\n<link rel=\"canonical\" href=\"https:\/\/www.ludoturris.lt\/en\/product\/karutis-su-dvejais-ratais\/\" \/>\n<meta property=\"og:locale\" content=\"en_GB\" \/>\n<meta property=\"og:type\" content=\"article\" \/>\n<meta property=\"og:title\" content=\"Karutis su dvejais ratais - Ludo Turris\" \/>\n<meta property=\"og:description\" content=\"Vaiki\u0161kas tvirtas karutis su dviem ratais \u2013 stabilus, lengvas ir saugus naudoti ma\u017eiesiems. Puikiai tinka \u017eaidimams sode ar sm\u0117lio d\u0117\u017e\u0117je ar papl\u016bdimyje.\" \/>\n<meta property=\"og:url\" content=\"https:\/\/www.ludoturris.lt\/en\/product\/karutis-su-dvejais-ratais\/\" \/>\n<meta property=\"og:site_name\" content=\"Ludo Turris\" \/>\n<meta property=\"article:publisher\" content=\"https:\/\/www.facebook.com\/Ludo-Turris-621921974895920\/\" \/>\n<meta property=\"article:modified_time\" content=\"2026-02-06T13:25:52+00:00\" \/>\n<meta property=\"og:image\" content=\"https:\/\/www.ludoturris.lt\/wp-content\/uploads\/2025\/04\/4721.png\" \/>\n\t<meta property=\"og:image:width\" content=\"1000\" \/>\n\t<meta property=\"og:image:height\" content=\"1000\" \/>\n\t<meta property=\"og:image:type\" content=\"image\/png\" \/>\n<meta name=\"twitter:card\" content=\"summary_large_image\" \/>\n<meta name=\"twitter:label1\" content=\"Estimated reading time\" \/>\n\t<meta name=\"twitter:data1\" content=\"1 minute\" \/>\n<script type=\"application\/ld+json\" class=\"yoast-schema-graph\">{\"@context\":\"https:\/\/schema.org\",\"@graph\":[{\"@type\":\"WebPage\",\"@id\":\"https:\/\/www.ludoturris.lt\/produktas\/karutis-su-dvejais-ratais\/\",\"url\":\"https:\/\/www.ludoturris.lt\/produktas\/karutis-su-dvejais-ratais\/\",\"name\":\"Karutis su dvejais ratais - Ludo Turris\",\"isPartOf\":{\"@id\":\"https:\/\/www.ludoturris.lt\/#website\"},\"datePublished\":\"2025-04-16T10:38:42+00:00\",\"dateModified\":\"2026-02-06T13:25:52+00:00\",\"description\":\"Vaiki\u0161kas tvirtas karutis su dviem ratais \u2013 stabilus, lengvas ir saugus naudoti ma\u017eiesiems. Puikiai tinka \u017eaidimams sode ar sm\u0117lio d\u0117\u017e\u0117je ar papl\u016bdimyje.\",\"breadcrumb\":{\"@id\":\"https:\/\/www.ludoturris.lt\/produktas\/karutis-su-dvejais-ratais\/#breadcrumb\"},\"inLanguage\":\"en-GB\",\"potentialAction\":[{\"@type\":\"ReadAction\",\"target\":[\"https:\/\/www.ludoturris.lt\/produktas\/karutis-su-dvejais-ratais\/\"]}]},{\"@type\":\"BreadcrumbList\",\"@id\":\"https:\/\/www.ludoturris.lt\/produktas\/karutis-su-dvejais-ratais\/#breadcrumb\",\"itemListElement\":[{\"@type\":\"ListItem\",\"position\":1,\"name\":\"Home\",\"item\":\"https:\/\/www.ludoturris.lt\/\"},{\"@type\":\"ListItem\",\"position\":2,\"name\":\"Parduotuv\u0117\",\"item\":\"https:\/\/www.ludoturris.lt\/parduotuve\/\"},{\"@type\":\"ListItem\",\"position\":3,\"name\":\"Karutis su dvejais ratais\"}]},{\"@type\":\"WebSite\",\"@id\":\"https:\/\/www.ludoturris.lt\/#website\",\"url\":\"https:\/\/www.ludoturris.lt\/\",\"name\":\"Ludo Turris\",\"description\":\"K\u016brybi\u0161kum\u0105 ir fantazij\u0105 lavinan\u010dios kalad\u0117l\u0117s\",\"publisher\":{\"@id\":\"https:\/\/www.ludoturris.lt\/#organization\"},\"potentialAction\":[{\"@type\":\"SearchAction\",\"target\":{\"@type\":\"EntryPoint\",\"urlTemplate\":\"https:\/\/www.ludoturris.lt\/?s={search_term_string}\"},\"query-input\":\"required name=search_term_string\"}],\"inLanguage\":\"en-GB\"},{\"@type\":\"Organization\",\"@id\":\"https:\/\/www.ludoturris.lt\/#organization\",\"name\":\"Ludo Turris \u2013 Vakar\u0173 gama, UAB\",\"url\":\"https:\/\/www.ludoturris.lt\/\",\"logo\":{\"@type\":\"ImageObject\",\"inLanguage\":\"en-GB\",\"@id\":\"https:\/\/www.ludoturris.lt\/#\/schema\/logo\/image\/\",\"url\":\"https:\/\/www.ludoturris.lt\/wp-content\/uploads\/2020\/10\/logo@2x.png\",\"contentUrl\":\"https:\/\/www.ludoturris.lt\/wp-content\/uploads\/2020\/10\/logo@2x.png\",\"width\":300,\"height\":147,\"caption\":\"Ludo Turris \u2013 Vakar\u0173 gama, UAB\"},\"image\":{\"@id\":\"https:\/\/www.ludoturris.lt\/#\/schema\/logo\/image\/\"},\"sameAs\":[\"https:\/\/www.facebook.com\/Ludo-Turris-621921974895920\/\",\"https:\/\/www.youtube.com\/channel\/UCuBACq67N1NGC9LVudo4ngw\"]}]}<\/script>\n<!-- \/ Yoast SEO plugin. -->","yoast_head_json":{"title":"Karutis su dvejais ratais - Ludo Turris","description":"Vaiki\u0161kas tvirtas karutis su dviem ratais \u2013 stabilus, lengvas ir saugus naudoti ma\u017eiesiems. Puikiai tinka \u017eaidimams sode ar sm\u0117lio d\u0117\u017e\u0117je ar papl\u016bdimyje.","robots":{"index":"index","follow":"follow","max-snippet":"max-snippet:-1","max-image-preview":"max-image-preview:large","max-video-preview":"max-video-preview:-1"},"canonical":"https:\/\/www.ludoturris.lt\/en\/product\/karutis-su-dvejais-ratais\/","og_locale":"en_GB","og_type":"article","og_title":"Karutis su dvejais ratais - Ludo Turris","og_description":"Vaiki\u0161kas tvirtas karutis su dviem ratais \u2013 stabilus, lengvas ir saugus naudoti ma\u017eiesiems. Puikiai tinka \u017eaidimams sode ar sm\u0117lio d\u0117\u017e\u0117je ar papl\u016bdimyje.","og_url":"https:\/\/www.ludoturris.lt\/en\/product\/karutis-su-dvejais-ratais\/","og_site_name":"Ludo Turris","article_publisher":"https:\/\/www.facebook.com\/Ludo-Turris-621921974895920\/","article_modified_time":"2026-02-06T13:25:52+00:00","og_image":[{"width":1000,"height":1000,"url":"https:\/\/www.ludoturris.lt\/wp-content\/uploads\/2025\/04\/4721.png","type":"image\/png"}],"twitter_card":"summary_large_image","twitter_misc":{"Estimated reading time":"1 minute"},"schema":{"@context":"https:\/\/schema.org","@graph":[{"@type":"WebPage","@id":"https:\/\/www.ludoturris.lt\/produktas\/karutis-su-dvejais-ratais\/","url":"https:\/\/www.ludoturris.lt\/produktas\/karutis-su-dvejais-ratais\/","name":"Karutis su dvejais ratais - Ludo Turris","isPartOf":{"@id":"https:\/\/www.ludoturris.lt\/#website"},"datePublished":"2025-04-16T10:38:42+00:00","dateModified":"2026-02-06T13:25:52+00:00","description":"Vaiki\u0161kas tvirtas karutis su dviem ratais \u2013 stabilus, lengvas ir saugus naudoti ma\u017eiesiems. Puikiai tinka \u017eaidimams sode ar sm\u0117lio d\u0117\u017e\u0117je ar papl\u016bdimyje.","breadcrumb":{"@id":"https:\/\/www.ludoturris.lt\/produktas\/karutis-su-dvejais-ratais\/#breadcrumb"},"inLanguage":"en-GB","potentialAction":[{"@type":"ReadAction","target":["https:\/\/www.ludoturris.lt\/produktas\/karutis-su-dvejais-ratais\/"]}]},{"@type":"BreadcrumbList","@id":"https:\/\/www.ludoturris.lt\/produktas\/karutis-su-dvejais-ratais\/#breadcrumb","itemListElement":[{"@type":"ListItem","position":1,"name":"Home","item":"https:\/\/www.ludoturris.lt\/"},{"@type":"ListItem","position":2,"name":"Parduotuv\u0117","item":"https:\/\/www.ludoturris.lt\/parduotuve\/"},{"@type":"ListItem","position":3,"name":"Karutis su dvejais ratais"}]},{"@type":"WebSite","@id":"https:\/\/www.ludoturris.lt\/#website","url":"https:\/\/www.ludoturris.lt\/","name":"Ludo Turris","description":"K\u016brybi\u0161kum\u0105 ir fantazij\u0105 lavinan\u010dios kalad\u0117l\u0117s","publisher":{"@id":"https:\/\/www.ludoturris.lt\/#organization"},"potentialAction":[{"@type":"SearchAction","target":{"@type":"EntryPoint","urlTemplate":"https:\/\/www.ludoturris.lt\/?s={search_term_string}"},"query-input":"required name=search_term_string"}],"inLanguage":"en-GB"},{"@type":"Organization","@id":"https:\/\/www.ludoturris.lt\/#organization","name":"Ludo Turris \u2013 Vakar\u0173 gama, UAB","url":"https:\/\/www.ludoturris.lt\/","logo":{"@type":"ImageObject","inLanguage":"en-GB","@id":"https:\/\/www.ludoturris.lt\/#\/schema\/logo\/image\/","url":"https:\/\/www.ludoturris.lt\/wp-content\/uploads\/2020\/10\/logo@2x.png","contentUrl":"https:\/\/www.ludoturris.lt\/wp-content\/uploads\/2020\/10\/logo@2x.png","width":300,"height":147,"caption":"Ludo Turris \u2013 Vakar\u0173 gama, UAB"},"image":{"@id":"https:\/\/www.ludoturris.lt\/#\/schema\/logo\/image\/"},"sameAs":["https:\/\/www.facebook.com\/Ludo-Turris-621921974895920\/","https:\/\/www.youtube.com\/channel\/UCuBACq67N1NGC9LVudo4ngw"]}]}},"uagb_featured_image_src":{"full":["https:\/\/www.ludoturris.lt\/wp-content\/uploads\/2025\/04\/4721.png",1000,1000,false],"thumbnail":["https:\/\/www.ludoturris.lt\/wp-content\/uploads\/2025\/04\/4721-150x150.png",150,150,true],"medium":["https:\/\/www.ludoturris.lt\/wp-content\/uploads\/2025\/04\/4721-300x300.png",300,300,true],"medium_large":["https:\/\/www.ludoturris.lt\/wp-content\/uploads\/2025\/04\/4721-768x768.png",768,768,true],"large":["https:\/\/www.ludoturris.lt\/wp-content\/uploads\/2025\/04\/4721.png",1000,1000,false],"1536x1536":["https:\/\/www.ludoturris.lt\/wp-content\/uploads\/2025\/04\/4721.png",1000,1000,false],"2048x2048":["https:\/\/www.ludoturris.lt\/wp-content\/uploads\/2025\/04\/4721.png",1000,1000,false],"trp-custom-language-flag":["https:\/\/www.ludoturris.lt\/wp-content\/uploads\/2025\/04\/4721-12x12.png",12,12,true],"woocommerce_thumbnail":["https:\/\/www.ludoturris.lt\/wp-content\/uploads\/2025\/04\/4721-300x300.png",300,300,true],"woocommerce_single":["https:\/\/www.ludoturris.lt\/wp-content\/uploads\/2025\/04\/4721-600x600.png",600,600,true],"woocommerce_gallery_thumbnail":["https:\/\/www.ludoturris.lt\/wp-content\/uploads\/2025\/04\/4721-100x100.png",100,100,true],"variation_swatches_image_size":["https:\/\/www.ludoturris.lt\/wp-content\/uploads\/2025\/04\/4721-50x50.png",50,50,true],"variation_swatches_tooltip_size":["https:\/\/www.ludoturris.lt\/wp-content\/uploads\/2025\/04\/4721-100x100.png",100,100,true],"dgwt-wcas-product-suggestion":["https:\/\/www.ludoturris.lt\/wp-content\/uploads\/2025\/04\/4721.png",64,64,false]},"uagb_author_info":{"display_name":"LudoTurris","author_link":"https:\/\/www.ludoturris.lt\/en\/author\/"},"uagb_comment_info":0,"uagb_excerpt":"Rekomenduojamas am\u017eius: nuo 2 met\u0173. Tvirtas, tylus ir stabilus nevirstantis karutis su 2 guminiais ratais ilgis 72cm. Karutis gali ve\u017eti iki 50 kg. Tvirtas ir patvarus karu\u010dio komplektas, suteikiantis daug galimybi\u0173 pad\u0117ti atlikti praktines u\u017eduotis sode, pavyzd\u017eiui, ve\u017eti lapus, dirv\u0105 ar dar\u017eo atliekas. Puiki galimyb\u0117 vaikui \u017eaisti ir u\u017esiimti fizine veikla, kartu stiprinant pusiausvyr\u0105 ir&hellip;","_links":{"self":[{"href":"https:\/\/www.ludoturris.lt\/en\/wp-json\/wp\/v2\/product\/4897"}],"collection":[{"href":"https:\/\/www.ludoturris.lt\/en\/wp-json\/wp\/v2\/product"}],"about":[{"href":"https:\/\/www.ludoturris.lt\/en\/wp-json\/wp\/v2\/types\/product"}],"wp:featuredmedia":[{"embeddable":true,"href":"https:\/\/www.ludoturris.lt\/en\/wp-json\/wp\/v2\/media\/4898"}],"wp:attachment":[{"href":"https:\/\/www.ludoturris.lt\/en\/wp-json\/wp\/v2\/media?parent=4897"}],"wp:term":[{"taxonomy":"product_cat","embeddable":true,"href":"https:\/\/www.ludoturris.lt\/en\/wp-json\/wp\/v2\/product_cat?post=4897"},{"taxonomy":"product_tag","embeddable":true,"href":"https:\/\/www.ludoturris.lt\/en\/wp-json\/wp\/v2\/product_tag?post=4897"}],"curies":[{"name":"wp","href":"https:\/\/api.w.org\/{rel}","templated":true}]}}