{"id":4893,"date":"2025-04-16T07:45:25","date_gmt":"2025-04-16T09:45:25","guid":{"rendered":"https:\/\/www.ludoturris.lt\/?post_type=product&#038;p=4893"},"modified":"2026-02-06T11:24:01","modified_gmt":"2026-02-06T13:24:01","slug":"priekabele-vaikams-traukiama","status":"publish","type":"product","link":"https:\/\/www.ludoturris.lt\/en\/product\/priekabele-vaikams-traukiama\/","title":{"rendered":"Priekab\u0117l\u0117 vaikams traukiama"},"content":{"rendered":"<p>Rekomenduojamas am\u017eius: nuo 2 met\u0173. Traukiama priekab\u0117l\u0117 tai tvarus \u017eaislas 54cm ilgio, pagaminta i\u0161 perdirbto plastiko. Traukiama priekab\u0117l\u0117 turi tylius guminius ratus, kurie u\u017etikrina ger\u0105 sukibim\u0105 su \u012fvairiais pavir\u0161iais tiek lauke, sode, tiek ir patalpoje. Ilga rankena yra ergonomi\u0161kai sukurta ma\u017eoms rankoms ir u\u017etikrina optimal\u0173 priekabos valdym\u0105. Ji puikiai tinka lavinant vaik\u0173 pusiausvyr\u0105 ir motorinius \u012fg\u016bd\u017eius \u017eaidiant. Kilm\u0117s \u0161alis: Danija<\/p>","protected":false},"excerpt":{"rendered":"<p>Rekomenduojamas am\u017eius: nuo 2 met\u0173. Traukiama priekab\u0117l\u0117 tai tvarus \u017eaislas 54cm ilgio, pagaminta i\u0161 perdirbto plastiko. Traukiama priekab\u0117l\u0117 turi tylius guminius ratus, kurie u\u017etikrina ger\u0105 sukibim\u0105 su \u012fvairiais pavir\u0161iais tiek lauke, sode, tiek ir patalpoje. Ilga rankena yra ergonomi\u0161kai sukurta ma\u017eoms rankoms ir u\u017etikrina optimal\u0173 priekabos valdym\u0105. Ji puikiai tinka lavinant vaik\u0173 pusiausvyr\u0105 ir motorinius &hellip;<\/p>\n<p class=\"read-more\"> <a class=\"\" href=\"https:\/\/www.ludoturris.lt\/en\/product\/priekabele-vaikams-traukiama\/\"> <span class=\"screen-reader-text\">Priekab\u0117l\u0117 vaikams traukiama<\/span> Read More &raquo;<\/a><\/p>","protected":false},"featured_media":4895,"template":"","meta":{"_uag_custom_page_level_css":"","_themeisle_gutenberg_block_has_review":false},"product_cat":[95,69,94,93],"product_tag":[],"yoast_head":"<!-- This site is optimized with the Yoast SEO plugin v21.1 - https:\/\/yoast.com\/wordpress\/plugins\/seo\/ -->\n<title>Priekab\u0117l\u0117 vaikams traukiama - Ludo Turris<\/title>\n<meta name=\"description\" content=\"Traukiama priekab\u0117l\u0117 vaikams \u2013 smagioms kelion\u0117ms ir \u017eaidimams lauke. Patogi rankena, talpus vidus, idealiai tinka \u017eaislams ar sm\u0117lio \u017eaidimams ve\u017eti.\" \/>\n<meta name=\"robots\" content=\"index, follow, max-snippet:-1, max-image-preview:large, max-video-preview:-1\" \/>\n<link rel=\"canonical\" href=\"https:\/\/www.ludoturris.lt\/en\/product\/priekabele-vaikams-traukiama\/\" \/>\n<meta property=\"og:locale\" content=\"en_GB\" \/>\n<meta property=\"og:type\" content=\"article\" \/>\n<meta property=\"og:title\" content=\"Priekab\u0117l\u0117 vaikams traukiama - Ludo Turris\" \/>\n<meta property=\"og:description\" content=\"Traukiama priekab\u0117l\u0117 vaikams \u2013 smagioms kelion\u0117ms ir \u017eaidimams lauke. Patogi rankena, talpus vidus, idealiai tinka \u017eaislams ar sm\u0117lio \u017eaidimams ve\u017eti.\" \/>\n<meta property=\"og:url\" content=\"https:\/\/www.ludoturris.lt\/en\/product\/priekabele-vaikams-traukiama\/\" \/>\n<meta property=\"og:site_name\" content=\"Ludo Turris\" \/>\n<meta property=\"article:publisher\" content=\"https:\/\/www.facebook.com\/Ludo-Turris-621921974895920\/\" \/>\n<meta property=\"article:modified_time\" content=\"2026-02-06T13:24:01+00:00\" \/>\n<meta property=\"og:image\" content=\"https:\/\/www.ludoturris.lt\/wp-content\/uploads\/2025\/04\/4931.png\" \/>\n\t<meta property=\"og:image:width\" content=\"1000\" \/>\n\t<meta property=\"og:image:height\" content=\"1000\" \/>\n\t<meta property=\"og:image:type\" content=\"image\/png\" \/>\n<meta name=\"twitter:card\" content=\"summary_large_image\" \/>\n<meta name=\"twitter:label1\" content=\"Estimated reading time\" \/>\n\t<meta name=\"twitter:data1\" content=\"1 minute\" \/>\n<script type=\"application\/ld+json\" class=\"yoast-schema-graph\">{\"@context\":\"https:\/\/schema.org\",\"@graph\":[{\"@type\":\"WebPage\",\"@id\":\"https:\/\/www.ludoturris.lt\/produktas\/priekabele-vaikams-traukiama\/\",\"url\":\"https:\/\/www.ludoturris.lt\/produktas\/priekabele-vaikams-traukiama\/\",\"name\":\"Priekab\u0117l\u0117 vaikams traukiama - Ludo Turris\",\"isPartOf\":{\"@id\":\"https:\/\/www.ludoturris.lt\/#website\"},\"datePublished\":\"2025-04-16T09:45:25+00:00\",\"dateModified\":\"2026-02-06T13:24:01+00:00\",\"description\":\"Traukiama priekab\u0117l\u0117 vaikams \u2013 smagioms kelion\u0117ms ir \u017eaidimams lauke. Patogi rankena, talpus vidus, idealiai tinka \u017eaislams ar sm\u0117lio \u017eaidimams ve\u017eti.\",\"breadcrumb\":{\"@id\":\"https:\/\/www.ludoturris.lt\/produktas\/priekabele-vaikams-traukiama\/#breadcrumb\"},\"inLanguage\":\"en-GB\",\"potentialAction\":[{\"@type\":\"ReadAction\",\"target\":[\"https:\/\/www.ludoturris.lt\/produktas\/priekabele-vaikams-traukiama\/\"]}]},{\"@type\":\"BreadcrumbList\",\"@id\":\"https:\/\/www.ludoturris.lt\/produktas\/priekabele-vaikams-traukiama\/#breadcrumb\",\"itemListElement\":[{\"@type\":\"ListItem\",\"position\":1,\"name\":\"Home\",\"item\":\"https:\/\/www.ludoturris.lt\/\"},{\"@type\":\"ListItem\",\"position\":2,\"name\":\"Parduotuv\u0117\",\"item\":\"https:\/\/www.ludoturris.lt\/parduotuve\/\"},{\"@type\":\"ListItem\",\"position\":3,\"name\":\"Priekab\u0117l\u0117 vaikams traukiama\"}]},{\"@type\":\"WebSite\",\"@id\":\"https:\/\/www.ludoturris.lt\/#website\",\"url\":\"https:\/\/www.ludoturris.lt\/\",\"name\":\"Ludo Turris\",\"description\":\"K\u016brybi\u0161kum\u0105 ir fantazij\u0105 lavinan\u010dios kalad\u0117l\u0117s\",\"publisher\":{\"@id\":\"https:\/\/www.ludoturris.lt\/#organization\"},\"potentialAction\":[{\"@type\":\"SearchAction\",\"target\":{\"@type\":\"EntryPoint\",\"urlTemplate\":\"https:\/\/www.ludoturris.lt\/?s={search_term_string}\"},\"query-input\":\"required name=search_term_string\"}],\"inLanguage\":\"en-GB\"},{\"@type\":\"Organization\",\"@id\":\"https:\/\/www.ludoturris.lt\/#organization\",\"name\":\"Ludo Turris \u2013 Vakar\u0173 gama, UAB\",\"url\":\"https:\/\/www.ludoturris.lt\/\",\"logo\":{\"@type\":\"ImageObject\",\"inLanguage\":\"en-GB\",\"@id\":\"https:\/\/www.ludoturris.lt\/#\/schema\/logo\/image\/\",\"url\":\"https:\/\/www.ludoturris.lt\/wp-content\/uploads\/2020\/10\/logo@2x.png\",\"contentUrl\":\"https:\/\/www.ludoturris.lt\/wp-content\/uploads\/2020\/10\/logo@2x.png\",\"width\":300,\"height\":147,\"caption\":\"Ludo Turris \u2013 Vakar\u0173 gama, UAB\"},\"image\":{\"@id\":\"https:\/\/www.ludoturris.lt\/#\/schema\/logo\/image\/\"},\"sameAs\":[\"https:\/\/www.facebook.com\/Ludo-Turris-621921974895920\/\",\"https:\/\/www.youtube.com\/channel\/UCuBACq67N1NGC9LVudo4ngw\"]}]}<\/script>\n<!-- \/ Yoast SEO plugin. -->","yoast_head_json":{"title":"Priekab\u0117l\u0117 vaikams traukiama - Ludo Turris","description":"Traukiama priekab\u0117l\u0117 vaikams \u2013 smagioms kelion\u0117ms ir \u017eaidimams lauke. Patogi rankena, talpus vidus, idealiai tinka \u017eaislams ar sm\u0117lio \u017eaidimams ve\u017eti.","robots":{"index":"index","follow":"follow","max-snippet":"max-snippet:-1","max-image-preview":"max-image-preview:large","max-video-preview":"max-video-preview:-1"},"canonical":"https:\/\/www.ludoturris.lt\/en\/product\/priekabele-vaikams-traukiama\/","og_locale":"en_GB","og_type":"article","og_title":"Priekab\u0117l\u0117 vaikams traukiama - Ludo Turris","og_description":"Traukiama priekab\u0117l\u0117 vaikams \u2013 smagioms kelion\u0117ms ir \u017eaidimams lauke. Patogi rankena, talpus vidus, idealiai tinka \u017eaislams ar sm\u0117lio \u017eaidimams ve\u017eti.","og_url":"https:\/\/www.ludoturris.lt\/en\/product\/priekabele-vaikams-traukiama\/","og_site_name":"Ludo Turris","article_publisher":"https:\/\/www.facebook.com\/Ludo-Turris-621921974895920\/","article_modified_time":"2026-02-06T13:24:01+00:00","og_image":[{"width":1000,"height":1000,"url":"https:\/\/www.ludoturris.lt\/wp-content\/uploads\/2025\/04\/4931.png","type":"image\/png"}],"twitter_card":"summary_large_image","twitter_misc":{"Estimated reading time":"1 minute"},"schema":{"@context":"https:\/\/schema.org","@graph":[{"@type":"WebPage","@id":"https:\/\/www.ludoturris.lt\/produktas\/priekabele-vaikams-traukiama\/","url":"https:\/\/www.ludoturris.lt\/produktas\/priekabele-vaikams-traukiama\/","name":"Priekab\u0117l\u0117 vaikams traukiama - Ludo Turris","isPartOf":{"@id":"https:\/\/www.ludoturris.lt\/#website"},"datePublished":"2025-04-16T09:45:25+00:00","dateModified":"2026-02-06T13:24:01+00:00","description":"Traukiama priekab\u0117l\u0117 vaikams \u2013 smagioms kelion\u0117ms ir \u017eaidimams lauke. Patogi rankena, talpus vidus, idealiai tinka \u017eaislams ar sm\u0117lio \u017eaidimams ve\u017eti.","breadcrumb":{"@id":"https:\/\/www.ludoturris.lt\/produktas\/priekabele-vaikams-traukiama\/#breadcrumb"},"inLanguage":"en-GB","potentialAction":[{"@type":"ReadAction","target":["https:\/\/www.ludoturris.lt\/produktas\/priekabele-vaikams-traukiama\/"]}]},{"@type":"BreadcrumbList","@id":"https:\/\/www.ludoturris.lt\/produktas\/priekabele-vaikams-traukiama\/#breadcrumb","itemListElement":[{"@type":"ListItem","position":1,"name":"Home","item":"https:\/\/www.ludoturris.lt\/"},{"@type":"ListItem","position":2,"name":"Parduotuv\u0117","item":"https:\/\/www.ludoturris.lt\/parduotuve\/"},{"@type":"ListItem","position":3,"name":"Priekab\u0117l\u0117 vaikams traukiama"}]},{"@type":"WebSite","@id":"https:\/\/www.ludoturris.lt\/#website","url":"https:\/\/www.ludoturris.lt\/","name":"Ludo Turris","description":"K\u016brybi\u0161kum\u0105 ir fantazij\u0105 lavinan\u010dios kalad\u0117l\u0117s","publisher":{"@id":"https:\/\/www.ludoturris.lt\/#organization"},"potentialAction":[{"@type":"SearchAction","target":{"@type":"EntryPoint","urlTemplate":"https:\/\/www.ludoturris.lt\/?s={search_term_string}"},"query-input":"required name=search_term_string"}],"inLanguage":"en-GB"},{"@type":"Organization","@id":"https:\/\/www.ludoturris.lt\/#organization","name":"Ludo Turris \u2013 Vakar\u0173 gama, UAB","url":"https:\/\/www.ludoturris.lt\/","logo":{"@type":"ImageObject","inLanguage":"en-GB","@id":"https:\/\/www.ludoturris.lt\/#\/schema\/logo\/image\/","url":"https:\/\/www.ludoturris.lt\/wp-content\/uploads\/2020\/10\/logo@2x.png","contentUrl":"https:\/\/www.ludoturris.lt\/wp-content\/uploads\/2020\/10\/logo@2x.png","width":300,"height":147,"caption":"Ludo Turris \u2013 Vakar\u0173 gama, UAB"},"image":{"@id":"https:\/\/www.ludoturris.lt\/#\/schema\/logo\/image\/"},"sameAs":["https:\/\/www.facebook.com\/Ludo-Turris-621921974895920\/","https:\/\/www.youtube.com\/channel\/UCuBACq67N1NGC9LVudo4ngw"]}]}},"uagb_featured_image_src":{"full":["https:\/\/www.ludoturris.lt\/wp-content\/uploads\/2025\/04\/4931.png",1000,1000,false],"thumbnail":["https:\/\/www.ludoturris.lt\/wp-content\/uploads\/2025\/04\/4931-150x150.png",150,150,true],"medium":["https:\/\/www.ludoturris.lt\/wp-content\/uploads\/2025\/04\/4931-300x300.png",300,300,true],"medium_large":["https:\/\/www.ludoturris.lt\/wp-content\/uploads\/2025\/04\/4931-768x768.png",768,768,true],"large":["https:\/\/www.ludoturris.lt\/wp-content\/uploads\/2025\/04\/4931.png",1000,1000,false],"1536x1536":["https:\/\/www.ludoturris.lt\/wp-content\/uploads\/2025\/04\/4931.png",1000,1000,false],"2048x2048":["https:\/\/www.ludoturris.lt\/wp-content\/uploads\/2025\/04\/4931.png",1000,1000,false],"trp-custom-language-flag":["https:\/\/www.ludoturris.lt\/wp-content\/uploads\/2025\/04\/4931-12x12.png",12,12,true],"woocommerce_thumbnail":["https:\/\/www.ludoturris.lt\/wp-content\/uploads\/2025\/04\/4931-300x300.png",300,300,true],"woocommerce_single":["https:\/\/www.ludoturris.lt\/wp-content\/uploads\/2025\/04\/4931-600x600.png",600,600,true],"woocommerce_gallery_thumbnail":["https:\/\/www.ludoturris.lt\/wp-content\/uploads\/2025\/04\/4931-100x100.png",100,100,true],"variation_swatches_image_size":["https:\/\/www.ludoturris.lt\/wp-content\/uploads\/2025\/04\/4931-50x50.png",50,50,true],"variation_swatches_tooltip_size":["https:\/\/www.ludoturris.lt\/wp-content\/uploads\/2025\/04\/4931-100x100.png",100,100,true],"dgwt-wcas-product-suggestion":["https:\/\/www.ludoturris.lt\/wp-content\/uploads\/2025\/04\/4931.png",64,64,false]},"uagb_author_info":{"display_name":"LudoTurris","author_link":"https:\/\/www.ludoturris.lt\/en\/author\/"},"uagb_comment_info":0,"uagb_excerpt":"Rekomenduojamas am\u017eius: nuo 2 met\u0173. Traukiama priekab\u0117l\u0117 tai tvarus \u017eaislas 54cm ilgio, pagaminta i\u0161 perdirbto plastiko. Traukiama priekab\u0117l\u0117 turi tylius guminius ratus, kurie u\u017etikrina ger\u0105 sukibim\u0105 su \u012fvairiais pavir\u0161iais tiek lauke, sode, tiek ir patalpoje. Ilga rankena yra ergonomi\u0161kai sukurta ma\u017eoms rankoms ir u\u017etikrina optimal\u0173 priekabos valdym\u0105. Ji puikiai tinka lavinant vaik\u0173 pusiausvyr\u0105 ir motorinius&hellip;","_links":{"self":[{"href":"https:\/\/www.ludoturris.lt\/en\/wp-json\/wp\/v2\/product\/4893"}],"collection":[{"href":"https:\/\/www.ludoturris.lt\/en\/wp-json\/wp\/v2\/product"}],"about":[{"href":"https:\/\/www.ludoturris.lt\/en\/wp-json\/wp\/v2\/types\/product"}],"wp:featuredmedia":[{"embeddable":true,"href":"https:\/\/www.ludoturris.lt\/en\/wp-json\/wp\/v2\/media\/4895"}],"wp:attachment":[{"href":"https:\/\/www.ludoturris.lt\/en\/wp-json\/wp\/v2\/media?parent=4893"}],"wp:term":[{"taxonomy":"product_cat","embeddable":true,"href":"https:\/\/www.ludoturris.lt\/en\/wp-json\/wp\/v2\/product_cat?post=4893"},{"taxonomy":"product_tag","embeddable":true,"href":"https:\/\/www.ludoturris.lt\/en\/wp-json\/wp\/v2\/product_tag?post=4893"}],"curies":[{"name":"wp","href":"https:\/\/api.w.org\/{rel}","templated":true}]}}