{"id":4887,"date":"2025-04-16T05:44:32","date_gmt":"2025-04-16T07:44:32","guid":{"rendered":"https:\/\/www.ludoturris.lt\/?post_type=product&#038;p=4887"},"modified":"2026-02-10T07:06:01","modified_gmt":"2026-02-10T09:06:01","slug":"apsauginiai-barjerai-vartai-vaikams","status":"publish","type":"product","link":"https:\/\/www.ludoturris.lt\/en\/product\/apsauginiai-barjerai-vartai-vaikams\/","title":{"rendered":"Apsauginiai barjerai-vartai vaikams"},"content":{"rendered":"<p>Galite rinktis juodos ar baltos spalvos apsauginius vartus. Puikiai tinka veiksmingai blokuojant vaik\u0173 ir gyv\u016bn\u0173 prieig\u0105 prie laipt\u0173<br \/>\nir \u012f\u0117jim\u0173. Plotis reguliuojamas nuo 74cm pailginamas iki 130cm papildom\u0173 skersini\u0173 d\u0117ka. Tvirtas metalinis karkasas su mediniais atidaromais vartais  u\u017etikrina ilgaam\u017ei\u0161kum\u0105 ir estetin\u0119 i\u0161vaizd\u0105. Dar didesniam patogumui vartai turi dvipus\u012f atidarym\u0105 ir automatin\u012f u\u017edarym\u0105. Vart\u0173 auk\u0161tis yra 78cm.<\/p>","protected":false},"excerpt":{"rendered":"<p>Galite rinktis juodos ar baltos spalvos apsauginius vartus. Puikiai tinka veiksmingai blokuojant vaik\u0173 ir gyv\u016bn\u0173 prieig\u0105 prie laipt\u0173 ir \u012f\u0117jim\u0173. Plotis reguliuojamas nuo 74cm pailginamas iki 130cm papildom\u0173 skersini\u0173 d\u0117ka. Tvirtas metalinis karkasas su mediniais atidaromais vartais u\u017etikrina ilgaam\u017ei\u0161kum\u0105 ir estetin\u0119 i\u0161vaizd\u0105. Dar didesniam patogumui vartai turi dvipus\u012f atidarym\u0105 ir automatin\u012f u\u017edarym\u0105. Vart\u0173 auk\u0161tis yra &hellip;<\/p>\n<p class=\"read-more\"> <a class=\"\" href=\"https:\/\/www.ludoturris.lt\/en\/product\/apsauginiai-barjerai-vartai-vaikams\/\"> <span class=\"screen-reader-text\">Apsauginiai barjerai-vartai vaikams<\/span> Read More &raquo;<\/a><\/p>","protected":false},"featured_media":5564,"template":"","meta":{"_uag_custom_page_level_css":"","_themeisle_gutenberg_block_has_review":false},"product_cat":[92,69],"product_tag":[],"yoast_head":"<!-- This site is optimized with the Yoast SEO plugin v21.1 - https:\/\/yoast.com\/wordpress\/plugins\/seo\/ -->\n<title>Apsauginiai barjerai-vartai vaikams - Ludo Turris<\/title>\n<meta name=\"description\" content=\"Tvirti, saug\u016bs apsauginis barjeras-vartai. Naudojami vaikams kaip apsauga nuo laipt\u0173, dur\u0173 ir kit\u0173 pavojing\u0173 viet\u0173. Lengvas montavimas, reguliuojamas plotis\" \/>\n<meta name=\"robots\" content=\"index, follow, max-snippet:-1, max-image-preview:large, max-video-preview:-1\" \/>\n<link rel=\"canonical\" href=\"https:\/\/www.ludoturris.lt\/en\/product\/apsauginiai-barjerai-vartai-vaikams\/\" \/>\n<meta property=\"og:locale\" content=\"en_GB\" \/>\n<meta property=\"og:type\" content=\"article\" \/>\n<meta property=\"og:title\" content=\"Apsauginiai barjerai-vartai vaikams - Ludo Turris\" \/>\n<meta property=\"og:description\" content=\"Tvirti, saug\u016bs apsauginis barjeras-vartai. Naudojami vaikams kaip apsauga nuo laipt\u0173, dur\u0173 ir kit\u0173 pavojing\u0173 viet\u0173. Lengvas montavimas, reguliuojamas plotis\" \/>\n<meta property=\"og:url\" content=\"https:\/\/www.ludoturris.lt\/en\/product\/apsauginiai-barjerai-vartai-vaikams\/\" \/>\n<meta property=\"og:site_name\" content=\"Ludo Turris\" \/>\n<meta property=\"article:publisher\" content=\"https:\/\/www.facebook.com\/Ludo-Turris-621921974895920\/\" \/>\n<meta property=\"article:modified_time\" content=\"2026-02-10T09:06:01+00:00\" \/>\n<meta property=\"og:image\" content=\"https:\/\/www.ludoturris.lt\/wp-content\/uploads\/2025\/04\/apsaug1.png\" \/>\n\t<meta property=\"og:image:width\" content=\"1000\" \/>\n\t<meta property=\"og:image:height\" content=\"1000\" \/>\n\t<meta property=\"og:image:type\" content=\"image\/png\" \/>\n<meta name=\"twitter:card\" content=\"summary_large_image\" \/>\n<meta name=\"twitter:label1\" content=\"Estimated reading time\" \/>\n\t<meta name=\"twitter:data1\" content=\"1 minute\" \/>\n<script type=\"application\/ld+json\" class=\"yoast-schema-graph\">{\"@context\":\"https:\/\/schema.org\",\"@graph\":[{\"@type\":\"WebPage\",\"@id\":\"https:\/\/www.ludoturris.lt\/produktas\/apsauginiai-barjerai-vartai-vaikams\/\",\"url\":\"https:\/\/www.ludoturris.lt\/produktas\/apsauginiai-barjerai-vartai-vaikams\/\",\"name\":\"Apsauginiai barjerai-vartai vaikams - Ludo Turris\",\"isPartOf\":{\"@id\":\"https:\/\/www.ludoturris.lt\/#website\"},\"datePublished\":\"2025-04-16T07:44:32+00:00\",\"dateModified\":\"2026-02-10T09:06:01+00:00\",\"description\":\"Tvirti, saug\u016bs apsauginis barjeras-vartai. Naudojami vaikams kaip apsauga nuo laipt\u0173, dur\u0173 ir kit\u0173 pavojing\u0173 viet\u0173. Lengvas montavimas, reguliuojamas plotis\",\"breadcrumb\":{\"@id\":\"https:\/\/www.ludoturris.lt\/produktas\/apsauginiai-barjerai-vartai-vaikams\/#breadcrumb\"},\"inLanguage\":\"en-GB\",\"potentialAction\":[{\"@type\":\"ReadAction\",\"target\":[\"https:\/\/www.ludoturris.lt\/produktas\/apsauginiai-barjerai-vartai-vaikams\/\"]}]},{\"@type\":\"BreadcrumbList\",\"@id\":\"https:\/\/www.ludoturris.lt\/produktas\/apsauginiai-barjerai-vartai-vaikams\/#breadcrumb\",\"itemListElement\":[{\"@type\":\"ListItem\",\"position\":1,\"name\":\"Home\",\"item\":\"https:\/\/www.ludoturris.lt\/\"},{\"@type\":\"ListItem\",\"position\":2,\"name\":\"Parduotuv\u0117\",\"item\":\"https:\/\/www.ludoturris.lt\/parduotuve\/\"},{\"@type\":\"ListItem\",\"position\":3,\"name\":\"Apsauginiai barjerai-vartai vaikams\"}]},{\"@type\":\"WebSite\",\"@id\":\"https:\/\/www.ludoturris.lt\/#website\",\"url\":\"https:\/\/www.ludoturris.lt\/\",\"name\":\"Ludo Turris\",\"description\":\"K\u016brybi\u0161kum\u0105 ir fantazij\u0105 lavinan\u010dios kalad\u0117l\u0117s\",\"publisher\":{\"@id\":\"https:\/\/www.ludoturris.lt\/#organization\"},\"potentialAction\":[{\"@type\":\"SearchAction\",\"target\":{\"@type\":\"EntryPoint\",\"urlTemplate\":\"https:\/\/www.ludoturris.lt\/?s={search_term_string}\"},\"query-input\":\"required name=search_term_string\"}],\"inLanguage\":\"en-GB\"},{\"@type\":\"Organization\",\"@id\":\"https:\/\/www.ludoturris.lt\/#organization\",\"name\":\"Ludo Turris \u2013 Vakar\u0173 gama, UAB\",\"url\":\"https:\/\/www.ludoturris.lt\/\",\"logo\":{\"@type\":\"ImageObject\",\"inLanguage\":\"en-GB\",\"@id\":\"https:\/\/www.ludoturris.lt\/#\/schema\/logo\/image\/\",\"url\":\"https:\/\/www.ludoturris.lt\/wp-content\/uploads\/2020\/10\/logo@2x.png\",\"contentUrl\":\"https:\/\/www.ludoturris.lt\/wp-content\/uploads\/2020\/10\/logo@2x.png\",\"width\":300,\"height\":147,\"caption\":\"Ludo Turris \u2013 Vakar\u0173 gama, UAB\"},\"image\":{\"@id\":\"https:\/\/www.ludoturris.lt\/#\/schema\/logo\/image\/\"},\"sameAs\":[\"https:\/\/www.facebook.com\/Ludo-Turris-621921974895920\/\",\"https:\/\/www.youtube.com\/channel\/UCuBACq67N1NGC9LVudo4ngw\"]}]}<\/script>\n<!-- \/ Yoast SEO plugin. -->","yoast_head_json":{"title":"Apsauginiai barjerai-vartai vaikams - Ludo Turris","description":"Tvirti, saug\u016bs apsauginis barjeras-vartai. Naudojami vaikams kaip apsauga nuo laipt\u0173, dur\u0173 ir kit\u0173 pavojing\u0173 viet\u0173. Lengvas montavimas, reguliuojamas plotis","robots":{"index":"index","follow":"follow","max-snippet":"max-snippet:-1","max-image-preview":"max-image-preview:large","max-video-preview":"max-video-preview:-1"},"canonical":"https:\/\/www.ludoturris.lt\/en\/product\/apsauginiai-barjerai-vartai-vaikams\/","og_locale":"en_GB","og_type":"article","og_title":"Apsauginiai barjerai-vartai vaikams - Ludo Turris","og_description":"Tvirti, saug\u016bs apsauginis barjeras-vartai. Naudojami vaikams kaip apsauga nuo laipt\u0173, dur\u0173 ir kit\u0173 pavojing\u0173 viet\u0173. Lengvas montavimas, reguliuojamas plotis","og_url":"https:\/\/www.ludoturris.lt\/en\/product\/apsauginiai-barjerai-vartai-vaikams\/","og_site_name":"Ludo Turris","article_publisher":"https:\/\/www.facebook.com\/Ludo-Turris-621921974895920\/","article_modified_time":"2026-02-10T09:06:01+00:00","og_image":[{"width":1000,"height":1000,"url":"https:\/\/www.ludoturris.lt\/wp-content\/uploads\/2025\/04\/apsaug1.png","type":"image\/png"}],"twitter_card":"summary_large_image","twitter_misc":{"Estimated reading time":"1 minute"},"schema":{"@context":"https:\/\/schema.org","@graph":[{"@type":"WebPage","@id":"https:\/\/www.ludoturris.lt\/produktas\/apsauginiai-barjerai-vartai-vaikams\/","url":"https:\/\/www.ludoturris.lt\/produktas\/apsauginiai-barjerai-vartai-vaikams\/","name":"Apsauginiai barjerai-vartai vaikams - Ludo Turris","isPartOf":{"@id":"https:\/\/www.ludoturris.lt\/#website"},"datePublished":"2025-04-16T07:44:32+00:00","dateModified":"2026-02-10T09:06:01+00:00","description":"Tvirti, saug\u016bs apsauginis barjeras-vartai. Naudojami vaikams kaip apsauga nuo laipt\u0173, dur\u0173 ir kit\u0173 pavojing\u0173 viet\u0173. Lengvas montavimas, reguliuojamas plotis","breadcrumb":{"@id":"https:\/\/www.ludoturris.lt\/produktas\/apsauginiai-barjerai-vartai-vaikams\/#breadcrumb"},"inLanguage":"en-GB","potentialAction":[{"@type":"ReadAction","target":["https:\/\/www.ludoturris.lt\/produktas\/apsauginiai-barjerai-vartai-vaikams\/"]}]},{"@type":"BreadcrumbList","@id":"https:\/\/www.ludoturris.lt\/produktas\/apsauginiai-barjerai-vartai-vaikams\/#breadcrumb","itemListElement":[{"@type":"ListItem","position":1,"name":"Home","item":"https:\/\/www.ludoturris.lt\/"},{"@type":"ListItem","position":2,"name":"Parduotuv\u0117","item":"https:\/\/www.ludoturris.lt\/parduotuve\/"},{"@type":"ListItem","position":3,"name":"Apsauginiai barjerai-vartai vaikams"}]},{"@type":"WebSite","@id":"https:\/\/www.ludoturris.lt\/#website","url":"https:\/\/www.ludoturris.lt\/","name":"Ludo Turris","description":"K\u016brybi\u0161kum\u0105 ir fantazij\u0105 lavinan\u010dios kalad\u0117l\u0117s","publisher":{"@id":"https:\/\/www.ludoturris.lt\/#organization"},"potentialAction":[{"@type":"SearchAction","target":{"@type":"EntryPoint","urlTemplate":"https:\/\/www.ludoturris.lt\/?s={search_term_string}"},"query-input":"required name=search_term_string"}],"inLanguage":"en-GB"},{"@type":"Organization","@id":"https:\/\/www.ludoturris.lt\/#organization","name":"Ludo Turris \u2013 Vakar\u0173 gama, UAB","url":"https:\/\/www.ludoturris.lt\/","logo":{"@type":"ImageObject","inLanguage":"en-GB","@id":"https:\/\/www.ludoturris.lt\/#\/schema\/logo\/image\/","url":"https:\/\/www.ludoturris.lt\/wp-content\/uploads\/2020\/10\/logo@2x.png","contentUrl":"https:\/\/www.ludoturris.lt\/wp-content\/uploads\/2020\/10\/logo@2x.png","width":300,"height":147,"caption":"Ludo Turris \u2013 Vakar\u0173 gama, UAB"},"image":{"@id":"https:\/\/www.ludoturris.lt\/#\/schema\/logo\/image\/"},"sameAs":["https:\/\/www.facebook.com\/Ludo-Turris-621921974895920\/","https:\/\/www.youtube.com\/channel\/UCuBACq67N1NGC9LVudo4ngw"]}]}},"uagb_featured_image_src":{"full":["https:\/\/www.ludoturris.lt\/wp-content\/uploads\/2025\/04\/apsaug1.png",1000,1000,false],"thumbnail":["https:\/\/www.ludoturris.lt\/wp-content\/uploads\/2025\/04\/apsaug1-150x150.png",150,150,true],"medium":["https:\/\/www.ludoturris.lt\/wp-content\/uploads\/2025\/04\/apsaug1-300x300.png",300,300,true],"medium_large":["https:\/\/www.ludoturris.lt\/wp-content\/uploads\/2025\/04\/apsaug1-768x768.png",768,768,true],"large":["https:\/\/www.ludoturris.lt\/wp-content\/uploads\/2025\/04\/apsaug1.png",1000,1000,false],"1536x1536":["https:\/\/www.ludoturris.lt\/wp-content\/uploads\/2025\/04\/apsaug1.png",1000,1000,false],"2048x2048":["https:\/\/www.ludoturris.lt\/wp-content\/uploads\/2025\/04\/apsaug1.png",1000,1000,false],"trp-custom-language-flag":["https:\/\/www.ludoturris.lt\/wp-content\/uploads\/2025\/04\/apsaug1-12x12.png",12,12,true],"woocommerce_thumbnail":["https:\/\/www.ludoturris.lt\/wp-content\/uploads\/2025\/04\/apsaug1-300x300.png",300,300,true],"woocommerce_single":["https:\/\/www.ludoturris.lt\/wp-content\/uploads\/2025\/04\/apsaug1-600x600.png",600,600,true],"woocommerce_gallery_thumbnail":["https:\/\/www.ludoturris.lt\/wp-content\/uploads\/2025\/04\/apsaug1-100x100.png",100,100,true],"variation_swatches_image_size":["https:\/\/www.ludoturris.lt\/wp-content\/uploads\/2025\/04\/apsaug1-50x50.png",50,50,true],"variation_swatches_tooltip_size":["https:\/\/www.ludoturris.lt\/wp-content\/uploads\/2025\/04\/apsaug1-100x100.png",100,100,true],"dgwt-wcas-product-suggestion":["https:\/\/www.ludoturris.lt\/wp-content\/uploads\/2025\/04\/apsaug1-64x64.png",64,64,true]},"uagb_author_info":{"display_name":"LudoTurris","author_link":"https:\/\/www.ludoturris.lt\/en\/author\/"},"uagb_comment_info":0,"uagb_excerpt":"Galite rinktis juodos ar baltos spalvos apsauginius vartus. Puikiai tinka veiksmingai blokuojant vaik\u0173 ir gyv\u016bn\u0173 prieig\u0105 prie laipt\u0173 ir \u012f\u0117jim\u0173. Plotis reguliuojamas nuo 74cm pailginamas iki 130cm papildom\u0173 skersini\u0173 d\u0117ka. Tvirtas metalinis karkasas su mediniais atidaromais vartais u\u017etikrina ilgaam\u017ei\u0161kum\u0105 ir estetin\u0119 i\u0161vaizd\u0105. Dar didesniam patogumui vartai turi dvipus\u012f atidarym\u0105 ir automatin\u012f u\u017edarym\u0105. Vart\u0173 auk\u0161tis yra&hellip;","_links":{"self":[{"href":"https:\/\/www.ludoturris.lt\/en\/wp-json\/wp\/v2\/product\/4887"}],"collection":[{"href":"https:\/\/www.ludoturris.lt\/en\/wp-json\/wp\/v2\/product"}],"about":[{"href":"https:\/\/www.ludoturris.lt\/en\/wp-json\/wp\/v2\/types\/product"}],"wp:featuredmedia":[{"embeddable":true,"href":"https:\/\/www.ludoturris.lt\/en\/wp-json\/wp\/v2\/media\/5564"}],"wp:attachment":[{"href":"https:\/\/www.ludoturris.lt\/en\/wp-json\/wp\/v2\/media?parent=4887"}],"wp:term":[{"taxonomy":"product_cat","embeddable":true,"href":"https:\/\/www.ludoturris.lt\/en\/wp-json\/wp\/v2\/product_cat?post=4887"},{"taxonomy":"product_tag","embeddable":true,"href":"https:\/\/www.ludoturris.lt\/en\/wp-json\/wp\/v2\/product_tag?post=4887"}],"curies":[{"name":"wp","href":"https:\/\/api.w.org\/{rel}","templated":true}]}}