{"id":4866,"date":"2025-04-11T15:02:03","date_gmt":"2025-04-11T17:02:03","guid":{"rendered":"https:\/\/www.ludoturris.lt\/?post_type=product&#038;p=4866"},"modified":"2026-02-06T11:27:20","modified_gmt":"2026-02-06T13:27:20","slug":"didelis-vaikiskas-greblys","status":"publish","type":"product","link":"https:\/\/www.ludoturris.lt\/en\/product\/didelis-vaikiskas-greblys\/","title":{"rendered":"Didelis vaiki\u0161kas gr\u0117blys"},"content":{"rendered":"<p>Rekomenduojamas am\u017eius: nuo 2 met\u0173 ir vyresniems. Itin didelis vaiki\u0161kas gr\u0117blys 64cm puikiai tinka sm\u0117liui, lapams, nupjautai \u017eolei gr\u0117bti ir pirmajam sodo darbui. Tvirta, lengvai pri\u017ei\u016brima plastikin\u0117 med\u017eiaga, u\u017etikrinanti ilgalaikes pramogas ir nepriekai\u0161ting\u0105 kokyb\u0119. Vaiki\u0161kas gr\u0117blys \u017eaismingu b\u016bdu lavina motorik\u0105 ir tuo pa\u010diu suteikia pirmin\u012f supratim\u0105 apie sodininkyst\u0119 ir gamt\u0105. Kilm\u0117s \u0161alis: Vokietija<\/p>","protected":false},"excerpt":{"rendered":"<p>Rekomenduojamas am\u017eius: nuo 2 met\u0173 ir vyresniems. Itin didelis vaiki\u0161kas gr\u0117blys 64cm puikiai tinka sm\u0117liui, lapams, nupjautai \u017eolei gr\u0117bti ir pirmajam sodo darbui. Tvirta, lengvai pri\u017ei\u016brima plastikin\u0117 med\u017eiaga, u\u017etikrinanti ilgalaikes pramogas ir nepriekai\u0161ting\u0105 kokyb\u0119. Vaiki\u0161kas gr\u0117blys \u017eaismingu b\u016bdu lavina motorik\u0105 ir tuo pa\u010diu suteikia pirmin\u012f supratim\u0105 apie sodininkyst\u0119 ir gamt\u0105. Kilm\u0117s \u0161alis: Vokietija<\/p>","protected":false},"featured_media":4868,"template":"","meta":{"_uag_custom_page_level_css":"","_themeisle_gutenberg_block_has_review":false},"product_cat":[69,94,93],"product_tag":[],"yoast_head":"<!-- This site is optimized with the Yoast SEO plugin v21.1 - https:\/\/yoast.com\/wordpress\/plugins\/seo\/ -->\n<title>Didelis vaiki\u0161kas gr\u0117blys - Ludo Turris<\/title>\n<meta name=\"description\" content=\"Didelis vaiki\u0161kas gr\u0117blys \u2013 tvirtas, spalvingas ir saugus vaikams. Puikiai tinka \u017eaidimams lauke ar pagalbai sodo darbuose.\" \/>\n<meta name=\"robots\" content=\"index, follow, max-snippet:-1, max-image-preview:large, max-video-preview:-1\" \/>\n<link rel=\"canonical\" href=\"https:\/\/www.ludoturris.lt\/en\/product\/didelis-vaikiskas-greblys\/\" \/>\n<meta property=\"og:locale\" content=\"en_GB\" \/>\n<meta property=\"og:type\" content=\"article\" \/>\n<meta property=\"og:title\" content=\"Didelis vaiki\u0161kas gr\u0117blys - Ludo Turris\" \/>\n<meta property=\"og:description\" content=\"Didelis vaiki\u0161kas gr\u0117blys \u2013 tvirtas, spalvingas ir saugus vaikams. Puikiai tinka \u017eaidimams lauke ar pagalbai sodo darbuose.\" \/>\n<meta property=\"og:url\" content=\"https:\/\/www.ludoturris.lt\/en\/product\/didelis-vaikiskas-greblys\/\" \/>\n<meta property=\"og:site_name\" content=\"Ludo Turris\" \/>\n<meta property=\"article:publisher\" content=\"https:\/\/www.facebook.com\/Ludo-Turris-621921974895920\/\" \/>\n<meta property=\"article:modified_time\" content=\"2026-02-06T13:27:20+00:00\" \/>\n<meta property=\"og:image\" content=\"https:\/\/www.ludoturris.lt\/wp-content\/uploads\/2025\/04\/60158.png\" \/>\n\t<meta property=\"og:image:width\" content=\"1000\" \/>\n\t<meta property=\"og:image:height\" content=\"750\" \/>\n\t<meta property=\"og:image:type\" content=\"image\/png\" \/>\n<meta name=\"twitter:card\" content=\"summary_large_image\" \/>\n<meta name=\"twitter:label1\" content=\"Estimated reading time\" \/>\n\t<meta name=\"twitter:data1\" content=\"1 minute\" \/>\n<script type=\"application\/ld+json\" class=\"yoast-schema-graph\">{\"@context\":\"https:\/\/schema.org\",\"@graph\":[{\"@type\":\"WebPage\",\"@id\":\"https:\/\/www.ludoturris.lt\/produktas\/didelis-vaikiskas-greblys\/\",\"url\":\"https:\/\/www.ludoturris.lt\/produktas\/didelis-vaikiskas-greblys\/\",\"name\":\"Didelis vaiki\u0161kas gr\u0117blys - Ludo Turris\",\"isPartOf\":{\"@id\":\"https:\/\/www.ludoturris.lt\/#website\"},\"datePublished\":\"2025-04-11T17:02:03+00:00\",\"dateModified\":\"2026-02-06T13:27:20+00:00\",\"description\":\"Didelis vaiki\u0161kas gr\u0117blys \u2013 tvirtas, spalvingas ir saugus vaikams. Puikiai tinka \u017eaidimams lauke ar pagalbai sodo darbuose.\",\"breadcrumb\":{\"@id\":\"https:\/\/www.ludoturris.lt\/produktas\/didelis-vaikiskas-greblys\/#breadcrumb\"},\"inLanguage\":\"en-GB\",\"potentialAction\":[{\"@type\":\"ReadAction\",\"target\":[\"https:\/\/www.ludoturris.lt\/produktas\/didelis-vaikiskas-greblys\/\"]}]},{\"@type\":\"BreadcrumbList\",\"@id\":\"https:\/\/www.ludoturris.lt\/produktas\/didelis-vaikiskas-greblys\/#breadcrumb\",\"itemListElement\":[{\"@type\":\"ListItem\",\"position\":1,\"name\":\"Home\",\"item\":\"https:\/\/www.ludoturris.lt\/\"},{\"@type\":\"ListItem\",\"position\":2,\"name\":\"Parduotuv\u0117\",\"item\":\"https:\/\/www.ludoturris.lt\/parduotuve\/\"},{\"@type\":\"ListItem\",\"position\":3,\"name\":\"Didelis vaiki\u0161kas gr\u0117blys\"}]},{\"@type\":\"WebSite\",\"@id\":\"https:\/\/www.ludoturris.lt\/#website\",\"url\":\"https:\/\/www.ludoturris.lt\/\",\"name\":\"Ludo Turris\",\"description\":\"K\u016brybi\u0161kum\u0105 ir fantazij\u0105 lavinan\u010dios kalad\u0117l\u0117s\",\"publisher\":{\"@id\":\"https:\/\/www.ludoturris.lt\/#organization\"},\"potentialAction\":[{\"@type\":\"SearchAction\",\"target\":{\"@type\":\"EntryPoint\",\"urlTemplate\":\"https:\/\/www.ludoturris.lt\/?s={search_term_string}\"},\"query-input\":\"required name=search_term_string\"}],\"inLanguage\":\"en-GB\"},{\"@type\":\"Organization\",\"@id\":\"https:\/\/www.ludoturris.lt\/#organization\",\"name\":\"Ludo Turris \u2013 Vakar\u0173 gama, UAB\",\"url\":\"https:\/\/www.ludoturris.lt\/\",\"logo\":{\"@type\":\"ImageObject\",\"inLanguage\":\"en-GB\",\"@id\":\"https:\/\/www.ludoturris.lt\/#\/schema\/logo\/image\/\",\"url\":\"https:\/\/www.ludoturris.lt\/wp-content\/uploads\/2020\/10\/logo@2x.png\",\"contentUrl\":\"https:\/\/www.ludoturris.lt\/wp-content\/uploads\/2020\/10\/logo@2x.png\",\"width\":300,\"height\":147,\"caption\":\"Ludo Turris \u2013 Vakar\u0173 gama, UAB\"},\"image\":{\"@id\":\"https:\/\/www.ludoturris.lt\/#\/schema\/logo\/image\/\"},\"sameAs\":[\"https:\/\/www.facebook.com\/Ludo-Turris-621921974895920\/\",\"https:\/\/www.youtube.com\/channel\/UCuBACq67N1NGC9LVudo4ngw\"]}]}<\/script>\n<!-- \/ Yoast SEO plugin. -->","yoast_head_json":{"title":"Didelis vaiki\u0161kas gr\u0117blys - Ludo Turris","description":"Didelis vaiki\u0161kas gr\u0117blys \u2013 tvirtas, spalvingas ir saugus vaikams. Puikiai tinka \u017eaidimams lauke ar pagalbai sodo darbuose.","robots":{"index":"index","follow":"follow","max-snippet":"max-snippet:-1","max-image-preview":"max-image-preview:large","max-video-preview":"max-video-preview:-1"},"canonical":"https:\/\/www.ludoturris.lt\/en\/product\/didelis-vaikiskas-greblys\/","og_locale":"en_GB","og_type":"article","og_title":"Didelis vaiki\u0161kas gr\u0117blys - Ludo Turris","og_description":"Didelis vaiki\u0161kas gr\u0117blys \u2013 tvirtas, spalvingas ir saugus vaikams. Puikiai tinka \u017eaidimams lauke ar pagalbai sodo darbuose.","og_url":"https:\/\/www.ludoturris.lt\/en\/product\/didelis-vaikiskas-greblys\/","og_site_name":"Ludo Turris","article_publisher":"https:\/\/www.facebook.com\/Ludo-Turris-621921974895920\/","article_modified_time":"2026-02-06T13:27:20+00:00","og_image":[{"width":1000,"height":750,"url":"https:\/\/www.ludoturris.lt\/wp-content\/uploads\/2025\/04\/60158.png","type":"image\/png"}],"twitter_card":"summary_large_image","twitter_misc":{"Estimated reading time":"1 minute"},"schema":{"@context":"https:\/\/schema.org","@graph":[{"@type":"WebPage","@id":"https:\/\/www.ludoturris.lt\/produktas\/didelis-vaikiskas-greblys\/","url":"https:\/\/www.ludoturris.lt\/produktas\/didelis-vaikiskas-greblys\/","name":"Didelis vaiki\u0161kas gr\u0117blys - Ludo Turris","isPartOf":{"@id":"https:\/\/www.ludoturris.lt\/#website"},"datePublished":"2025-04-11T17:02:03+00:00","dateModified":"2026-02-06T13:27:20+00:00","description":"Didelis vaiki\u0161kas gr\u0117blys \u2013 tvirtas, spalvingas ir saugus vaikams. Puikiai tinka \u017eaidimams lauke ar pagalbai sodo darbuose.","breadcrumb":{"@id":"https:\/\/www.ludoturris.lt\/produktas\/didelis-vaikiskas-greblys\/#breadcrumb"},"inLanguage":"en-GB","potentialAction":[{"@type":"ReadAction","target":["https:\/\/www.ludoturris.lt\/produktas\/didelis-vaikiskas-greblys\/"]}]},{"@type":"BreadcrumbList","@id":"https:\/\/www.ludoturris.lt\/produktas\/didelis-vaikiskas-greblys\/#breadcrumb","itemListElement":[{"@type":"ListItem","position":1,"name":"Home","item":"https:\/\/www.ludoturris.lt\/"},{"@type":"ListItem","position":2,"name":"Parduotuv\u0117","item":"https:\/\/www.ludoturris.lt\/parduotuve\/"},{"@type":"ListItem","position":3,"name":"Didelis vaiki\u0161kas gr\u0117blys"}]},{"@type":"WebSite","@id":"https:\/\/www.ludoturris.lt\/#website","url":"https:\/\/www.ludoturris.lt\/","name":"Ludo Turris","description":"K\u016brybi\u0161kum\u0105 ir fantazij\u0105 lavinan\u010dios kalad\u0117l\u0117s","publisher":{"@id":"https:\/\/www.ludoturris.lt\/#organization"},"potentialAction":[{"@type":"SearchAction","target":{"@type":"EntryPoint","urlTemplate":"https:\/\/www.ludoturris.lt\/?s={search_term_string}"},"query-input":"required name=search_term_string"}],"inLanguage":"en-GB"},{"@type":"Organization","@id":"https:\/\/www.ludoturris.lt\/#organization","name":"Ludo Turris \u2013 Vakar\u0173 gama, UAB","url":"https:\/\/www.ludoturris.lt\/","logo":{"@type":"ImageObject","inLanguage":"en-GB","@id":"https:\/\/www.ludoturris.lt\/#\/schema\/logo\/image\/","url":"https:\/\/www.ludoturris.lt\/wp-content\/uploads\/2020\/10\/logo@2x.png","contentUrl":"https:\/\/www.ludoturris.lt\/wp-content\/uploads\/2020\/10\/logo@2x.png","width":300,"height":147,"caption":"Ludo Turris \u2013 Vakar\u0173 gama, UAB"},"image":{"@id":"https:\/\/www.ludoturris.lt\/#\/schema\/logo\/image\/"},"sameAs":["https:\/\/www.facebook.com\/Ludo-Turris-621921974895920\/","https:\/\/www.youtube.com\/channel\/UCuBACq67N1NGC9LVudo4ngw"]}]}},"uagb_featured_image_src":{"full":["https:\/\/www.ludoturris.lt\/wp-content\/uploads\/2025\/04\/60158.png",1000,750,false],"thumbnail":["https:\/\/www.ludoturris.lt\/wp-content\/uploads\/2025\/04\/60158-150x150.png",150,150,true],"medium":["https:\/\/www.ludoturris.lt\/wp-content\/uploads\/2025\/04\/60158-300x225.png",300,225,true],"medium_large":["https:\/\/www.ludoturris.lt\/wp-content\/uploads\/2025\/04\/60158-768x576.png",768,576,true],"large":["https:\/\/www.ludoturris.lt\/wp-content\/uploads\/2025\/04\/60158.png",1000,750,false],"1536x1536":["https:\/\/www.ludoturris.lt\/wp-content\/uploads\/2025\/04\/60158.png",1000,750,false],"2048x2048":["https:\/\/www.ludoturris.lt\/wp-content\/uploads\/2025\/04\/60158.png",1000,750,false],"trp-custom-language-flag":["https:\/\/www.ludoturris.lt\/wp-content\/uploads\/2025\/04\/60158-16x12.png",16,12,true],"woocommerce_thumbnail":["https:\/\/www.ludoturris.lt\/wp-content\/uploads\/2025\/04\/60158-300x300.png",300,300,true],"woocommerce_single":["https:\/\/www.ludoturris.lt\/wp-content\/uploads\/2025\/04\/60158-600x450.png",600,450,true],"woocommerce_gallery_thumbnail":["https:\/\/www.ludoturris.lt\/wp-content\/uploads\/2025\/04\/60158-100x100.png",100,100,true],"variation_swatches_image_size":["https:\/\/www.ludoturris.lt\/wp-content\/uploads\/2025\/04\/60158-50x50.png",50,50,true],"variation_swatches_tooltip_size":["https:\/\/www.ludoturris.lt\/wp-content\/uploads\/2025\/04\/60158-100x100.png",100,100,true],"dgwt-wcas-product-suggestion":["https:\/\/www.ludoturris.lt\/wp-content\/uploads\/2025\/04\/60158.png",64,48,false]},"uagb_author_info":{"display_name":"LudoTurris","author_link":"https:\/\/www.ludoturris.lt\/en\/author\/"},"uagb_comment_info":0,"uagb_excerpt":"Rekomenduojamas am\u017eius: nuo 2 met\u0173 ir vyresniems. Itin didelis vaiki\u0161kas gr\u0117blys 64cm puikiai tinka sm\u0117liui, lapams, nupjautai \u017eolei gr\u0117bti ir pirmajam sodo darbui. Tvirta, lengvai pri\u017ei\u016brima plastikin\u0117 med\u017eiaga, u\u017etikrinanti ilgalaikes pramogas ir nepriekai\u0161ting\u0105 kokyb\u0119. Vaiki\u0161kas gr\u0117blys \u017eaismingu b\u016bdu lavina motorik\u0105 ir tuo pa\u010diu suteikia pirmin\u012f supratim\u0105 apie sodininkyst\u0119 ir gamt\u0105. Kilm\u0117s \u0161alis: Vokietija","_links":{"self":[{"href":"https:\/\/www.ludoturris.lt\/en\/wp-json\/wp\/v2\/product\/4866"}],"collection":[{"href":"https:\/\/www.ludoturris.lt\/en\/wp-json\/wp\/v2\/product"}],"about":[{"href":"https:\/\/www.ludoturris.lt\/en\/wp-json\/wp\/v2\/types\/product"}],"wp:featuredmedia":[{"embeddable":true,"href":"https:\/\/www.ludoturris.lt\/en\/wp-json\/wp\/v2\/media\/4868"}],"wp:attachment":[{"href":"https:\/\/www.ludoturris.lt\/en\/wp-json\/wp\/v2\/media?parent=4866"}],"wp:term":[{"taxonomy":"product_cat","embeddable":true,"href":"https:\/\/www.ludoturris.lt\/en\/wp-json\/wp\/v2\/product_cat?post=4866"},{"taxonomy":"product_tag","embeddable":true,"href":"https:\/\/www.ludoturris.lt\/en\/wp-json\/wp\/v2\/product_tag?post=4866"}],"curies":[{"name":"wp","href":"https:\/\/api.w.org\/{rel}","templated":true}]}}