{"id":4863,"date":"2025-04-11T14:55:06","date_gmt":"2025-04-11T16:55:06","guid":{"rendered":"https:\/\/www.ludoturris.lt\/?post_type=product&#038;p=4863"},"modified":"2026-02-06T11:26:56","modified_gmt":"2026-02-06T13:26:56","slug":"didelis-vaikiskas-kastuvas","status":"publish","type":"product","link":"https:\/\/www.ludoturris.lt\/en\/product\/didelis-vaikiskas-kastuvas\/","title":{"rendered":"Didelis vaiki\u0161kas kastuvas"},"content":{"rendered":"<p>Rekomenduojamas am\u017eius: nuo 2 met\u0173 ir vyresniems. Itin didelis sm\u0117lio kastuvas 63cm ilgio. Smailia forma, skirta lengvai kasti sm\u0117l\u012f ir \u017eem\u0119. Tvirta, lengvai pri\u017ei\u016brima plastikin\u0117 med\u017eiaga, ergonomi\u0161kas dizainas, puikiai tinka vaik\u0173 rankoms. Idealiai tinka sm\u0117lio d\u0117\u017eei, papl\u016bdimiui ir pirmiesiems sodo darbams. Auk\u0161tos kokyb\u0117s poj\u016btis garantuotas. Kilm\u0117s \u0161alis: Vokietija.<\/p>","protected":false},"excerpt":{"rendered":"<p>Rekomenduojamas am\u017eius: nuo 2 met\u0173 ir vyresniems. Itin didelis sm\u0117lio kastuvas 63cm ilgio. Smailia forma, skirta lengvai kasti sm\u0117l\u012f ir \u017eem\u0119. Tvirta, lengvai pri\u017ei\u016brima plastikin\u0117 med\u017eiaga, ergonomi\u0161kas dizainas, puikiai tinka vaik\u0173 rankoms. Idealiai tinka sm\u0117lio d\u0117\u017eei, papl\u016bdimiui ir pirmiesiems sodo darbams. Auk\u0161tos kokyb\u0117s poj\u016btis garantuotas. Kilm\u0117s \u0161alis: Vokietija.<\/p>","protected":false},"featured_media":4864,"template":"","meta":{"_uag_custom_page_level_css":"","_themeisle_gutenberg_block_has_review":false},"product_cat":[69,94,93],"product_tag":[],"yoast_head":"<!-- This site is optimized with the Yoast SEO plugin v21.1 - https:\/\/yoast.com\/wordpress\/plugins\/seo\/ -->\n<title>Didelis vaiki\u0161kas kastuvas - Ludo Turris<\/title>\n<meta name=\"description\" content=\"Didelis vaiki\u0161kas kastuvas sm\u0117liui, sniegui ar sodo darbams \u2013 patvarus plastikas, ergonomi\u0161ka rankena ir ry\u0161kios spalvos ma\u017eiesiems.\" \/>\n<meta name=\"robots\" content=\"index, follow, max-snippet:-1, max-image-preview:large, max-video-preview:-1\" \/>\n<link rel=\"canonical\" href=\"https:\/\/www.ludoturris.lt\/en\/product\/didelis-vaikiskas-kastuvas\/\" \/>\n<meta property=\"og:locale\" content=\"en_GB\" \/>\n<meta property=\"og:type\" content=\"article\" \/>\n<meta property=\"og:title\" content=\"Didelis vaiki\u0161kas kastuvas - Ludo Turris\" \/>\n<meta property=\"og:description\" content=\"Didelis vaiki\u0161kas kastuvas sm\u0117liui, sniegui ar sodo darbams \u2013 patvarus plastikas, ergonomi\u0161ka rankena ir ry\u0161kios spalvos ma\u017eiesiems.\" \/>\n<meta property=\"og:url\" content=\"https:\/\/www.ludoturris.lt\/en\/product\/didelis-vaikiskas-kastuvas\/\" \/>\n<meta property=\"og:site_name\" content=\"Ludo Turris\" \/>\n<meta property=\"article:publisher\" content=\"https:\/\/www.facebook.com\/Ludo-Turris-621921974895920\/\" \/>\n<meta property=\"article:modified_time\" content=\"2026-02-06T13:26:56+00:00\" \/>\n<meta property=\"og:image\" content=\"https:\/\/www.ludoturris.lt\/wp-content\/uploads\/2025\/04\/60157.png\" \/>\n\t<meta property=\"og:image:width\" content=\"1000\" \/>\n\t<meta property=\"og:image:height\" content=\"750\" \/>\n\t<meta property=\"og:image:type\" content=\"image\/png\" \/>\n<meta name=\"twitter:card\" content=\"summary_large_image\" \/>\n<meta name=\"twitter:label1\" content=\"Estimated reading time\" \/>\n\t<meta name=\"twitter:data1\" content=\"1 minute\" \/>\n<script type=\"application\/ld+json\" class=\"yoast-schema-graph\">{\"@context\":\"https:\/\/schema.org\",\"@graph\":[{\"@type\":\"WebPage\",\"@id\":\"https:\/\/www.ludoturris.lt\/produktas\/didelis-vaikiskas-kastuvas\/\",\"url\":\"https:\/\/www.ludoturris.lt\/produktas\/didelis-vaikiskas-kastuvas\/\",\"name\":\"Didelis vaiki\u0161kas kastuvas - Ludo Turris\",\"isPartOf\":{\"@id\":\"https:\/\/www.ludoturris.lt\/#website\"},\"datePublished\":\"2025-04-11T16:55:06+00:00\",\"dateModified\":\"2026-02-06T13:26:56+00:00\",\"description\":\"Didelis vaiki\u0161kas kastuvas sm\u0117liui, sniegui ar sodo darbams \u2013 patvarus plastikas, ergonomi\u0161ka rankena ir ry\u0161kios spalvos ma\u017eiesiems.\",\"breadcrumb\":{\"@id\":\"https:\/\/www.ludoturris.lt\/produktas\/didelis-vaikiskas-kastuvas\/#breadcrumb\"},\"inLanguage\":\"en-GB\",\"potentialAction\":[{\"@type\":\"ReadAction\",\"target\":[\"https:\/\/www.ludoturris.lt\/produktas\/didelis-vaikiskas-kastuvas\/\"]}]},{\"@type\":\"BreadcrumbList\",\"@id\":\"https:\/\/www.ludoturris.lt\/produktas\/didelis-vaikiskas-kastuvas\/#breadcrumb\",\"itemListElement\":[{\"@type\":\"ListItem\",\"position\":1,\"name\":\"Home\",\"item\":\"https:\/\/www.ludoturris.lt\/\"},{\"@type\":\"ListItem\",\"position\":2,\"name\":\"Parduotuv\u0117\",\"item\":\"https:\/\/www.ludoturris.lt\/parduotuve\/\"},{\"@type\":\"ListItem\",\"position\":3,\"name\":\"Didelis vaiki\u0161kas kastuvas\"}]},{\"@type\":\"WebSite\",\"@id\":\"https:\/\/www.ludoturris.lt\/#website\",\"url\":\"https:\/\/www.ludoturris.lt\/\",\"name\":\"Ludo Turris\",\"description\":\"K\u016brybi\u0161kum\u0105 ir fantazij\u0105 lavinan\u010dios kalad\u0117l\u0117s\",\"publisher\":{\"@id\":\"https:\/\/www.ludoturris.lt\/#organization\"},\"potentialAction\":[{\"@type\":\"SearchAction\",\"target\":{\"@type\":\"EntryPoint\",\"urlTemplate\":\"https:\/\/www.ludoturris.lt\/?s={search_term_string}\"},\"query-input\":\"required name=search_term_string\"}],\"inLanguage\":\"en-GB\"},{\"@type\":\"Organization\",\"@id\":\"https:\/\/www.ludoturris.lt\/#organization\",\"name\":\"Ludo Turris \u2013 Vakar\u0173 gama, UAB\",\"url\":\"https:\/\/www.ludoturris.lt\/\",\"logo\":{\"@type\":\"ImageObject\",\"inLanguage\":\"en-GB\",\"@id\":\"https:\/\/www.ludoturris.lt\/#\/schema\/logo\/image\/\",\"url\":\"https:\/\/www.ludoturris.lt\/wp-content\/uploads\/2020\/10\/logo@2x.png\",\"contentUrl\":\"https:\/\/www.ludoturris.lt\/wp-content\/uploads\/2020\/10\/logo@2x.png\",\"width\":300,\"height\":147,\"caption\":\"Ludo Turris \u2013 Vakar\u0173 gama, UAB\"},\"image\":{\"@id\":\"https:\/\/www.ludoturris.lt\/#\/schema\/logo\/image\/\"},\"sameAs\":[\"https:\/\/www.facebook.com\/Ludo-Turris-621921974895920\/\",\"https:\/\/www.youtube.com\/channel\/UCuBACq67N1NGC9LVudo4ngw\"]}]}<\/script>\n<!-- \/ Yoast SEO plugin. -->","yoast_head_json":{"title":"Didelis vaiki\u0161kas kastuvas - Ludo Turris","description":"Didelis vaiki\u0161kas kastuvas sm\u0117liui, sniegui ar sodo darbams \u2013 patvarus plastikas, ergonomi\u0161ka rankena ir ry\u0161kios spalvos ma\u017eiesiems.","robots":{"index":"index","follow":"follow","max-snippet":"max-snippet:-1","max-image-preview":"max-image-preview:large","max-video-preview":"max-video-preview:-1"},"canonical":"https:\/\/www.ludoturris.lt\/en\/product\/didelis-vaikiskas-kastuvas\/","og_locale":"en_GB","og_type":"article","og_title":"Didelis vaiki\u0161kas kastuvas - Ludo Turris","og_description":"Didelis vaiki\u0161kas kastuvas sm\u0117liui, sniegui ar sodo darbams \u2013 patvarus plastikas, ergonomi\u0161ka rankena ir ry\u0161kios spalvos ma\u017eiesiems.","og_url":"https:\/\/www.ludoturris.lt\/en\/product\/didelis-vaikiskas-kastuvas\/","og_site_name":"Ludo Turris","article_publisher":"https:\/\/www.facebook.com\/Ludo-Turris-621921974895920\/","article_modified_time":"2026-02-06T13:26:56+00:00","og_image":[{"width":1000,"height":750,"url":"https:\/\/www.ludoturris.lt\/wp-content\/uploads\/2025\/04\/60157.png","type":"image\/png"}],"twitter_card":"summary_large_image","twitter_misc":{"Estimated reading time":"1 minute"},"schema":{"@context":"https:\/\/schema.org","@graph":[{"@type":"WebPage","@id":"https:\/\/www.ludoturris.lt\/produktas\/didelis-vaikiskas-kastuvas\/","url":"https:\/\/www.ludoturris.lt\/produktas\/didelis-vaikiskas-kastuvas\/","name":"Didelis vaiki\u0161kas kastuvas - Ludo Turris","isPartOf":{"@id":"https:\/\/www.ludoturris.lt\/#website"},"datePublished":"2025-04-11T16:55:06+00:00","dateModified":"2026-02-06T13:26:56+00:00","description":"Didelis vaiki\u0161kas kastuvas sm\u0117liui, sniegui ar sodo darbams \u2013 patvarus plastikas, ergonomi\u0161ka rankena ir ry\u0161kios spalvos ma\u017eiesiems.","breadcrumb":{"@id":"https:\/\/www.ludoturris.lt\/produktas\/didelis-vaikiskas-kastuvas\/#breadcrumb"},"inLanguage":"en-GB","potentialAction":[{"@type":"ReadAction","target":["https:\/\/www.ludoturris.lt\/produktas\/didelis-vaikiskas-kastuvas\/"]}]},{"@type":"BreadcrumbList","@id":"https:\/\/www.ludoturris.lt\/produktas\/didelis-vaikiskas-kastuvas\/#breadcrumb","itemListElement":[{"@type":"ListItem","position":1,"name":"Home","item":"https:\/\/www.ludoturris.lt\/"},{"@type":"ListItem","position":2,"name":"Parduotuv\u0117","item":"https:\/\/www.ludoturris.lt\/parduotuve\/"},{"@type":"ListItem","position":3,"name":"Didelis vaiki\u0161kas kastuvas"}]},{"@type":"WebSite","@id":"https:\/\/www.ludoturris.lt\/#website","url":"https:\/\/www.ludoturris.lt\/","name":"Ludo Turris","description":"K\u016brybi\u0161kum\u0105 ir fantazij\u0105 lavinan\u010dios kalad\u0117l\u0117s","publisher":{"@id":"https:\/\/www.ludoturris.lt\/#organization"},"potentialAction":[{"@type":"SearchAction","target":{"@type":"EntryPoint","urlTemplate":"https:\/\/www.ludoturris.lt\/?s={search_term_string}"},"query-input":"required name=search_term_string"}],"inLanguage":"en-GB"},{"@type":"Organization","@id":"https:\/\/www.ludoturris.lt\/#organization","name":"Ludo Turris \u2013 Vakar\u0173 gama, UAB","url":"https:\/\/www.ludoturris.lt\/","logo":{"@type":"ImageObject","inLanguage":"en-GB","@id":"https:\/\/www.ludoturris.lt\/#\/schema\/logo\/image\/","url":"https:\/\/www.ludoturris.lt\/wp-content\/uploads\/2020\/10\/logo@2x.png","contentUrl":"https:\/\/www.ludoturris.lt\/wp-content\/uploads\/2020\/10\/logo@2x.png","width":300,"height":147,"caption":"Ludo Turris \u2013 Vakar\u0173 gama, UAB"},"image":{"@id":"https:\/\/www.ludoturris.lt\/#\/schema\/logo\/image\/"},"sameAs":["https:\/\/www.facebook.com\/Ludo-Turris-621921974895920\/","https:\/\/www.youtube.com\/channel\/UCuBACq67N1NGC9LVudo4ngw"]}]}},"uagb_featured_image_src":{"full":["https:\/\/www.ludoturris.lt\/wp-content\/uploads\/2025\/04\/60157.png",1000,750,false],"thumbnail":["https:\/\/www.ludoturris.lt\/wp-content\/uploads\/2025\/04\/60157-150x150.png",150,150,true],"medium":["https:\/\/www.ludoturris.lt\/wp-content\/uploads\/2025\/04\/60157-300x225.png",300,225,true],"medium_large":["https:\/\/www.ludoturris.lt\/wp-content\/uploads\/2025\/04\/60157-768x576.png",768,576,true],"large":["https:\/\/www.ludoturris.lt\/wp-content\/uploads\/2025\/04\/60157.png",1000,750,false],"1536x1536":["https:\/\/www.ludoturris.lt\/wp-content\/uploads\/2025\/04\/60157.png",1000,750,false],"2048x2048":["https:\/\/www.ludoturris.lt\/wp-content\/uploads\/2025\/04\/60157.png",1000,750,false],"trp-custom-language-flag":["https:\/\/www.ludoturris.lt\/wp-content\/uploads\/2025\/04\/60157-16x12.png",16,12,true],"woocommerce_thumbnail":["https:\/\/www.ludoturris.lt\/wp-content\/uploads\/2025\/04\/60157-300x300.png",300,300,true],"woocommerce_single":["https:\/\/www.ludoturris.lt\/wp-content\/uploads\/2025\/04\/60157-600x450.png",600,450,true],"woocommerce_gallery_thumbnail":["https:\/\/www.ludoturris.lt\/wp-content\/uploads\/2025\/04\/60157-100x100.png",100,100,true],"variation_swatches_image_size":["https:\/\/www.ludoturris.lt\/wp-content\/uploads\/2025\/04\/60157-50x50.png",50,50,true],"variation_swatches_tooltip_size":["https:\/\/www.ludoturris.lt\/wp-content\/uploads\/2025\/04\/60157-100x100.png",100,100,true],"dgwt-wcas-product-suggestion":["https:\/\/www.ludoturris.lt\/wp-content\/uploads\/2025\/04\/60157.png",64,48,false]},"uagb_author_info":{"display_name":"LudoTurris","author_link":"https:\/\/www.ludoturris.lt\/en\/author\/"},"uagb_comment_info":0,"uagb_excerpt":"Rekomenduojamas am\u017eius: nuo 2 met\u0173 ir vyresniems. Itin didelis sm\u0117lio kastuvas 63cm ilgio. Smailia forma, skirta lengvai kasti sm\u0117l\u012f ir \u017eem\u0119. Tvirta, lengvai pri\u017ei\u016brima plastikin\u0117 med\u017eiaga, ergonomi\u0161kas dizainas, puikiai tinka vaik\u0173 rankoms. Idealiai tinka sm\u0117lio d\u0117\u017eei, papl\u016bdimiui ir pirmiesiems sodo darbams. Auk\u0161tos kokyb\u0117s poj\u016btis garantuotas. Kilm\u0117s \u0161alis: Vokietija.","_links":{"self":[{"href":"https:\/\/www.ludoturris.lt\/en\/wp-json\/wp\/v2\/product\/4863"}],"collection":[{"href":"https:\/\/www.ludoturris.lt\/en\/wp-json\/wp\/v2\/product"}],"about":[{"href":"https:\/\/www.ludoturris.lt\/en\/wp-json\/wp\/v2\/types\/product"}],"wp:featuredmedia":[{"embeddable":true,"href":"https:\/\/www.ludoturris.lt\/en\/wp-json\/wp\/v2\/media\/4864"}],"wp:attachment":[{"href":"https:\/\/www.ludoturris.lt\/en\/wp-json\/wp\/v2\/media?parent=4863"}],"wp:term":[{"taxonomy":"product_cat","embeddable":true,"href":"https:\/\/www.ludoturris.lt\/en\/wp-json\/wp\/v2\/product_cat?post=4863"},{"taxonomy":"product_tag","embeddable":true,"href":"https:\/\/www.ludoturris.lt\/en\/wp-json\/wp\/v2\/product_tag?post=4863"}],"curies":[{"name":"wp","href":"https:\/\/api.w.org\/{rel}","templated":true}]}}