{"id":4834,"date":"2025-04-09T14:37:58","date_gmt":"2025-04-09T16:37:58","guid":{"rendered":"https:\/\/www.ludoturris.lt\/?post_type=product&#038;p=4834"},"modified":"2026-02-06T11:46:06","modified_gmt":"2026-02-06T13:46:06","slug":"guminiai-sensoriniai-kamuoliukai","status":"publish","type":"product","link":"https:\/\/www.ludoturris.lt\/en\/product\/guminiai-sensoriniai-kamuoliukai\/","title":{"rendered":"Guminiai sensoriniai kamuoliukai"},"content":{"rendered":"<p>Rekomenduojamas am\u017eius: nuo 18 m\u0117nesi\u0173. 8 spalving\u0173 skirting\u0173 form\u0173 ir i\u0161siki\u0161im\u0173 kamuoliuk\u0173 rinkinys stimuliuoja k\u016bdikio prisilietim\u0105 ir stimuliuoja jutimo bei pa\u017einimo receptorius. \u017daidimas su kamuoliais atpalaiduoja vaiko raumenis, moko valdyti judesius. Be to, rutuliai gali b\u016bti naudojami kaip dantukai dant\u0173 dygimo metu.<\/p>","protected":false},"excerpt":{"rendered":"<p>Rekomenduojamas am\u017eius: nuo 18 m\u0117nesi\u0173. 8 spalving\u0173 skirting\u0173 form\u0173 ir i\u0161siki\u0161im\u0173 kamuoliuk\u0173 rinkinys stimuliuoja k\u016bdikio prisilietim\u0105 ir stimuliuoja jutimo bei pa\u017einimo receptorius. \u017daidimas su kamuoliais atpalaiduoja vaiko raumenis, moko valdyti judesius. Be to, rutuliai gali b\u016bti naudojami kaip dantukai dant\u0173 dygimo metu.<\/p>","protected":false},"featured_media":4837,"template":"","meta":{"_uag_custom_page_level_css":"","_themeisle_gutenberg_block_has_review":false},"product_cat":[69,94],"product_tag":[],"yoast_head":"<!-- This site is optimized with the Yoast SEO plugin v21.1 - https:\/\/yoast.com\/wordpress\/plugins\/seo\/ -->\n<title>Guminiai sensoriniai kamuoliukai - Ludo Turris<\/title>\n<meta name=\"description\" content=\"Sensorini\u0173 kamuoliuk\u0173 rinkinys 8 vnt \u2013 mink\u0161ti, spalvingi, skirting\u0173 tekst\u016br\u0173. Puikiai tinka ma\u017eyliams tyrin\u0117ti ir lavinti poj\u016b\u010dius.\" \/>\n<meta name=\"robots\" content=\"index, follow, max-snippet:-1, max-image-preview:large, max-video-preview:-1\" \/>\n<link rel=\"canonical\" href=\"https:\/\/www.ludoturris.lt\/en\/product\/guminiai-sensoriniai-kamuoliukai\/\" \/>\n<meta property=\"og:locale\" content=\"en_GB\" \/>\n<meta property=\"og:type\" content=\"article\" \/>\n<meta property=\"og:title\" content=\"Guminiai sensoriniai kamuoliukai - Ludo Turris\" \/>\n<meta property=\"og:description\" content=\"Sensorini\u0173 kamuoliuk\u0173 rinkinys 8 vnt \u2013 mink\u0161ti, spalvingi, skirting\u0173 tekst\u016br\u0173. Puikiai tinka ma\u017eyliams tyrin\u0117ti ir lavinti poj\u016b\u010dius.\" \/>\n<meta property=\"og:url\" content=\"https:\/\/www.ludoturris.lt\/en\/product\/guminiai-sensoriniai-kamuoliukai\/\" \/>\n<meta property=\"og:site_name\" content=\"Ludo Turris\" \/>\n<meta property=\"article:publisher\" content=\"https:\/\/www.facebook.com\/Ludo-Turris-621921974895920\/\" \/>\n<meta property=\"article:modified_time\" content=\"2026-02-06T13:46:06+00:00\" \/>\n<meta property=\"og:image\" content=\"https:\/\/www.ludoturris.lt\/wp-content\/uploads\/2025\/04\/HE0235-1.png\" \/>\n\t<meta property=\"og:image:width\" content=\"537\" \/>\n\t<meta property=\"og:image:height\" content=\"537\" \/>\n\t<meta property=\"og:image:type\" content=\"image\/png\" \/>\n<meta name=\"twitter:card\" content=\"summary_large_image\" \/>\n<meta name=\"twitter:label1\" content=\"Estimated reading time\" \/>\n\t<meta name=\"twitter:data1\" content=\"1 minute\" \/>\n<script type=\"application\/ld+json\" class=\"yoast-schema-graph\">{\"@context\":\"https:\/\/schema.org\",\"@graph\":[{\"@type\":\"WebPage\",\"@id\":\"https:\/\/www.ludoturris.lt\/produktas\/guminiai-sensoriniai-kamuoliukai\/\",\"url\":\"https:\/\/www.ludoturris.lt\/produktas\/guminiai-sensoriniai-kamuoliukai\/\",\"name\":\"Guminiai sensoriniai kamuoliukai - Ludo Turris\",\"isPartOf\":{\"@id\":\"https:\/\/www.ludoturris.lt\/#website\"},\"datePublished\":\"2025-04-09T16:37:58+00:00\",\"dateModified\":\"2026-02-06T13:46:06+00:00\",\"description\":\"Sensorini\u0173 kamuoliuk\u0173 rinkinys 8 vnt \u2013 mink\u0161ti, spalvingi, skirting\u0173 tekst\u016br\u0173. Puikiai tinka ma\u017eyliams tyrin\u0117ti ir lavinti poj\u016b\u010dius.\",\"breadcrumb\":{\"@id\":\"https:\/\/www.ludoturris.lt\/produktas\/guminiai-sensoriniai-kamuoliukai\/#breadcrumb\"},\"inLanguage\":\"en-GB\",\"potentialAction\":[{\"@type\":\"ReadAction\",\"target\":[\"https:\/\/www.ludoturris.lt\/produktas\/guminiai-sensoriniai-kamuoliukai\/\"]}]},{\"@type\":\"BreadcrumbList\",\"@id\":\"https:\/\/www.ludoturris.lt\/produktas\/guminiai-sensoriniai-kamuoliukai\/#breadcrumb\",\"itemListElement\":[{\"@type\":\"ListItem\",\"position\":1,\"name\":\"Home\",\"item\":\"https:\/\/www.ludoturris.lt\/\"},{\"@type\":\"ListItem\",\"position\":2,\"name\":\"Parduotuv\u0117\",\"item\":\"https:\/\/www.ludoturris.lt\/parduotuve\/\"},{\"@type\":\"ListItem\",\"position\":3,\"name\":\"Guminiai sensoriniai kamuoliukai\"}]},{\"@type\":\"WebSite\",\"@id\":\"https:\/\/www.ludoturris.lt\/#website\",\"url\":\"https:\/\/www.ludoturris.lt\/\",\"name\":\"Ludo Turris\",\"description\":\"K\u016brybi\u0161kum\u0105 ir fantazij\u0105 lavinan\u010dios kalad\u0117l\u0117s\",\"publisher\":{\"@id\":\"https:\/\/www.ludoturris.lt\/#organization\"},\"potentialAction\":[{\"@type\":\"SearchAction\",\"target\":{\"@type\":\"EntryPoint\",\"urlTemplate\":\"https:\/\/www.ludoturris.lt\/?s={search_term_string}\"},\"query-input\":\"required name=search_term_string\"}],\"inLanguage\":\"en-GB\"},{\"@type\":\"Organization\",\"@id\":\"https:\/\/www.ludoturris.lt\/#organization\",\"name\":\"Ludo Turris \u2013 Vakar\u0173 gama, UAB\",\"url\":\"https:\/\/www.ludoturris.lt\/\",\"logo\":{\"@type\":\"ImageObject\",\"inLanguage\":\"en-GB\",\"@id\":\"https:\/\/www.ludoturris.lt\/#\/schema\/logo\/image\/\",\"url\":\"https:\/\/www.ludoturris.lt\/wp-content\/uploads\/2020\/10\/logo@2x.png\",\"contentUrl\":\"https:\/\/www.ludoturris.lt\/wp-content\/uploads\/2020\/10\/logo@2x.png\",\"width\":300,\"height\":147,\"caption\":\"Ludo Turris \u2013 Vakar\u0173 gama, UAB\"},\"image\":{\"@id\":\"https:\/\/www.ludoturris.lt\/#\/schema\/logo\/image\/\"},\"sameAs\":[\"https:\/\/www.facebook.com\/Ludo-Turris-621921974895920\/\",\"https:\/\/www.youtube.com\/channel\/UCuBACq67N1NGC9LVudo4ngw\"]}]}<\/script>\n<!-- \/ Yoast SEO plugin. -->","yoast_head_json":{"title":"Guminiai sensoriniai kamuoliukai - Ludo Turris","description":"Sensorini\u0173 kamuoliuk\u0173 rinkinys 8 vnt \u2013 mink\u0161ti, spalvingi, skirting\u0173 tekst\u016br\u0173. Puikiai tinka ma\u017eyliams tyrin\u0117ti ir lavinti poj\u016b\u010dius.","robots":{"index":"index","follow":"follow","max-snippet":"max-snippet:-1","max-image-preview":"max-image-preview:large","max-video-preview":"max-video-preview:-1"},"canonical":"https:\/\/www.ludoturris.lt\/en\/product\/guminiai-sensoriniai-kamuoliukai\/","og_locale":"en_GB","og_type":"article","og_title":"Guminiai sensoriniai kamuoliukai - Ludo Turris","og_description":"Sensorini\u0173 kamuoliuk\u0173 rinkinys 8 vnt \u2013 mink\u0161ti, spalvingi, skirting\u0173 tekst\u016br\u0173. Puikiai tinka ma\u017eyliams tyrin\u0117ti ir lavinti poj\u016b\u010dius.","og_url":"https:\/\/www.ludoturris.lt\/en\/product\/guminiai-sensoriniai-kamuoliukai\/","og_site_name":"Ludo Turris","article_publisher":"https:\/\/www.facebook.com\/Ludo-Turris-621921974895920\/","article_modified_time":"2026-02-06T13:46:06+00:00","og_image":[{"width":537,"height":537,"url":"https:\/\/www.ludoturris.lt\/wp-content\/uploads\/2025\/04\/HE0235-1.png","type":"image\/png"}],"twitter_card":"summary_large_image","twitter_misc":{"Estimated reading time":"1 minute"},"schema":{"@context":"https:\/\/schema.org","@graph":[{"@type":"WebPage","@id":"https:\/\/www.ludoturris.lt\/produktas\/guminiai-sensoriniai-kamuoliukai\/","url":"https:\/\/www.ludoturris.lt\/produktas\/guminiai-sensoriniai-kamuoliukai\/","name":"Guminiai sensoriniai kamuoliukai - Ludo Turris","isPartOf":{"@id":"https:\/\/www.ludoturris.lt\/#website"},"datePublished":"2025-04-09T16:37:58+00:00","dateModified":"2026-02-06T13:46:06+00:00","description":"Sensorini\u0173 kamuoliuk\u0173 rinkinys 8 vnt \u2013 mink\u0161ti, spalvingi, skirting\u0173 tekst\u016br\u0173. Puikiai tinka ma\u017eyliams tyrin\u0117ti ir lavinti poj\u016b\u010dius.","breadcrumb":{"@id":"https:\/\/www.ludoturris.lt\/produktas\/guminiai-sensoriniai-kamuoliukai\/#breadcrumb"},"inLanguage":"en-GB","potentialAction":[{"@type":"ReadAction","target":["https:\/\/www.ludoturris.lt\/produktas\/guminiai-sensoriniai-kamuoliukai\/"]}]},{"@type":"BreadcrumbList","@id":"https:\/\/www.ludoturris.lt\/produktas\/guminiai-sensoriniai-kamuoliukai\/#breadcrumb","itemListElement":[{"@type":"ListItem","position":1,"name":"Home","item":"https:\/\/www.ludoturris.lt\/"},{"@type":"ListItem","position":2,"name":"Parduotuv\u0117","item":"https:\/\/www.ludoturris.lt\/parduotuve\/"},{"@type":"ListItem","position":3,"name":"Guminiai sensoriniai kamuoliukai"}]},{"@type":"WebSite","@id":"https:\/\/www.ludoturris.lt\/#website","url":"https:\/\/www.ludoturris.lt\/","name":"Ludo Turris","description":"K\u016brybi\u0161kum\u0105 ir fantazij\u0105 lavinan\u010dios kalad\u0117l\u0117s","publisher":{"@id":"https:\/\/www.ludoturris.lt\/#organization"},"potentialAction":[{"@type":"SearchAction","target":{"@type":"EntryPoint","urlTemplate":"https:\/\/www.ludoturris.lt\/?s={search_term_string}"},"query-input":"required name=search_term_string"}],"inLanguage":"en-GB"},{"@type":"Organization","@id":"https:\/\/www.ludoturris.lt\/#organization","name":"Ludo Turris \u2013 Vakar\u0173 gama, UAB","url":"https:\/\/www.ludoturris.lt\/","logo":{"@type":"ImageObject","inLanguage":"en-GB","@id":"https:\/\/www.ludoturris.lt\/#\/schema\/logo\/image\/","url":"https:\/\/www.ludoturris.lt\/wp-content\/uploads\/2020\/10\/logo@2x.png","contentUrl":"https:\/\/www.ludoturris.lt\/wp-content\/uploads\/2020\/10\/logo@2x.png","width":300,"height":147,"caption":"Ludo Turris \u2013 Vakar\u0173 gama, UAB"},"image":{"@id":"https:\/\/www.ludoturris.lt\/#\/schema\/logo\/image\/"},"sameAs":["https:\/\/www.facebook.com\/Ludo-Turris-621921974895920\/","https:\/\/www.youtube.com\/channel\/UCuBACq67N1NGC9LVudo4ngw"]}]}},"uagb_featured_image_src":{"full":["https:\/\/www.ludoturris.lt\/wp-content\/uploads\/2025\/04\/HE0235-1.png",537,537,false],"thumbnail":["https:\/\/www.ludoturris.lt\/wp-content\/uploads\/2025\/04\/HE0235-1-150x150.png",150,150,true],"medium":["https:\/\/www.ludoturris.lt\/wp-content\/uploads\/2025\/04\/HE0235-1-300x300.png",300,300,true],"medium_large":["https:\/\/www.ludoturris.lt\/wp-content\/uploads\/2025\/04\/HE0235-1.png",537,537,false],"large":["https:\/\/www.ludoturris.lt\/wp-content\/uploads\/2025\/04\/HE0235-1.png",537,537,false],"1536x1536":["https:\/\/www.ludoturris.lt\/wp-content\/uploads\/2025\/04\/HE0235-1.png",537,537,false],"2048x2048":["https:\/\/www.ludoturris.lt\/wp-content\/uploads\/2025\/04\/HE0235-1.png",537,537,false],"trp-custom-language-flag":["https:\/\/www.ludoturris.lt\/wp-content\/uploads\/2025\/04\/HE0235-1-12x12.png",12,12,true],"woocommerce_thumbnail":["https:\/\/www.ludoturris.lt\/wp-content\/uploads\/2025\/04\/HE0235-1-300x300.png",300,300,true],"woocommerce_single":["https:\/\/www.ludoturris.lt\/wp-content\/uploads\/2025\/04\/HE0235-1.png",537,537,false],"woocommerce_gallery_thumbnail":["https:\/\/www.ludoturris.lt\/wp-content\/uploads\/2025\/04\/HE0235-1-100x100.png",100,100,true],"variation_swatches_image_size":["https:\/\/www.ludoturris.lt\/wp-content\/uploads\/2025\/04\/HE0235-1-50x50.png",50,50,true],"variation_swatches_tooltip_size":["https:\/\/www.ludoturris.lt\/wp-content\/uploads\/2025\/04\/HE0235-1-100x100.png",100,100,true],"dgwt-wcas-product-suggestion":["https:\/\/www.ludoturris.lt\/wp-content\/uploads\/2025\/04\/HE0235-1.png",64,64,false]},"uagb_author_info":{"display_name":"LudoTurris","author_link":"https:\/\/www.ludoturris.lt\/en\/author\/"},"uagb_comment_info":0,"uagb_excerpt":"Rekomenduojamas am\u017eius: nuo 18 m\u0117nesi\u0173. 8 spalving\u0173 skirting\u0173 form\u0173 ir i\u0161siki\u0161im\u0173 kamuoliuk\u0173 rinkinys stimuliuoja k\u016bdikio prisilietim\u0105 ir stimuliuoja jutimo bei pa\u017einimo receptorius. \u017daidimas su kamuoliais atpalaiduoja vaiko raumenis, moko valdyti judesius. Be to, rutuliai gali b\u016bti naudojami kaip dantukai dant\u0173 dygimo metu.","_links":{"self":[{"href":"https:\/\/www.ludoturris.lt\/en\/wp-json\/wp\/v2\/product\/4834"}],"collection":[{"href":"https:\/\/www.ludoturris.lt\/en\/wp-json\/wp\/v2\/product"}],"about":[{"href":"https:\/\/www.ludoturris.lt\/en\/wp-json\/wp\/v2\/types\/product"}],"wp:featuredmedia":[{"embeddable":true,"href":"https:\/\/www.ludoturris.lt\/en\/wp-json\/wp\/v2\/media\/4837"}],"wp:attachment":[{"href":"https:\/\/www.ludoturris.lt\/en\/wp-json\/wp\/v2\/media?parent=4834"}],"wp:term":[{"taxonomy":"product_cat","embeddable":true,"href":"https:\/\/www.ludoturris.lt\/en\/wp-json\/wp\/v2\/product_cat?post=4834"},{"taxonomy":"product_tag","embeddable":true,"href":"https:\/\/www.ludoturris.lt\/en\/wp-json\/wp\/v2\/product_tag?post=4834"}],"curies":[{"name":"wp","href":"https:\/\/api.w.org\/{rel}","templated":true}]}}